{"id":201,"date":"2022-04-22T15:15:38","date_gmt":"2022-04-22T15:15:38","guid":{"rendered":"https:\/\/binary-option.co\/vn\/?page_id=201"},"modified":"2023-01-14T19:02:34","modified_gmt":"2023-01-14T19:02:34","slug":"danh-gia-raceoption","status":"publish","type":"page","link":"https:\/\/binary-option.co\/vn\/danh-gia-raceoption\/","title":{"rendered":"\u0110\u00e1nh gi\u00e1 Raceoption"},"content":{"rendered":"\n<div class=\"wp-block-columns is-layout-flex wp-container-core-columns-layout-1 wp-block-columns-is-layout-flex\">\n<div class=\"wp-block-column is-layout-flow wp-block-column-is-layout-flow\" style=\"flex-basis:33.33%\">\n<figure class=\"wp-block-image size-large\"><a href=\"https:\/\/binary-option.co\/go\/raceoption.com\" target=\"_blank\" rel=\"noopener\"><img decoding=\"async\" src=\"https:\/\/binary-option.co\/wp-content\/uploads\/2021\/06\/raceoption-logo.png\" alt=\"\" class=\"wp-image-661\"\/><\/a><\/figure>\n<\/div>\n\n\n\n<div class=\"wp-block-column is-layout-flow wp-block-column-is-layout-flow\" style=\"flex-basis:66.66%\">\n<p><strong>X\u1ebfp h\u1ea1ng:<\/strong> <div itemprop=\"reviewRating\" itemscope itemtype=\"http:\/\/schema.org\/Rating\" class=\"usr\"><meta itemprop=\"worstRating\" content=\"0\" \/><meta itemprop=\"ratingValue\" content=\"3\" \/><meta itemprop=\"bestRating\" content=\"5\" \/><img decoding=\"async\" class=\"usr\" src=\"https:\/\/binary-option.co\/vn\/wp-content\/plugins\/universal-star-rating\/includes\/image.php?img=06.png&amp;px=14&amp;max=5&amp;rat=3\" alt=\"3 out of 5 stars\" style=\"height: 14px !important;\" \/><\/div><\/p>\n\n\n\n<ul id=\"block-d261cd4a-bdfd-48bd-9184-e55f9deee217\"><li>Thanh to\u00e1n l\u00ean \u0111\u1ebfn 90% (S\u1ed1 ti\u1ec1n \u0111\u01b0\u1ee3c ghi c\u00f3 v\u00e0o t\u00e0i kho\u1ea3n trong tr\u01b0\u1eddng h\u1ee3p \u0111\u1ea7u t\u01b0 th\u00e0nh c\u00f4ng)<\/li><li>T\u00e0i kho\u1ea3n Demo mi\u1ec5n ph\u00ed<\/li><li>\u0110\u1eb7t c\u1ecdc t\u1ed1i thi\u1ec3u $ 250<\/li><\/ul>\n\n\n\n<p class=\"has-text-align-center\"><a class=\"maxbutton-2 maxbutton\" target=\"_blank\" rel=\"nofollow noopener\" href=\"https:\/\/binary-option.co\/go\/raceoption.com\"><span class='mb-text'>Gh\u00e9 th\u0103m nh\u00e0 m\u00f4i gi\u1edbi<\/span><\/a><\/p>\n\n\n\n<p class=\"has-text-align-center\">C\u1ea3nh b\u00e1o r\u1ee7i ro chung: v\u1ed1n c\u1ee7a b\u1ea1n \u0111ang g\u1eb7p r\u1ee7i ro<\/p>\n<\/div>\n<\/div>\n\n\n\n<p>Raceoption \u0111ang b\u1eaft \u0111\u1ea7u tr\u1edf n\u00ean ph\u1ed5 bi\u1ebfn m\u1ea1nh m\u1ebd trong ng\u00e0nh t\u00f9y ch\u1ecdn nh\u1ecb ph\u00e2n v\u00e0 CFD.&nbsp;V\u1edbi ph\u1ea7n th\u01b0\u1edfng thu\u1eadn l\u1ee3i n\u00e0y v\u00e0 3 lo\u1ea1i t\u00f9y ch\u1ecdn nh\u1ecb ph\u00e2n c\u00f3 s\u1eb5n, nh\u00e0 m\u00f4i gi\u1edbi n\u00e0y \u0111ang thu h\u00fat ng\u00e0y c\u00e0ng nhi\u1ec1u nh\u00e0 giao d\u1ecbch.&nbsp;Tuy nhi\u00ean, b\u1ea1n n\u00ean bi\u1ebft m\u1ed9t s\u1ed1 chi ti\u1ebft v\u00e0 ch\u1ee9c n\u0103ng c\u1ee7a nh\u00e0 m\u00f4i gi\u1edbi n\u00e0y.&nbsp;Trong b\u00e0i vi\u1ebft n\u00e0y, ch\u00fang t\u00f4i s\u1ebd gi\u1edbi thi\u1ec7u cho c\u00e1c b\u1ea1n v\u1ec1&nbsp;<strong>t\u1ea5t c\u1ea3 c\u00e1c th\u00f4ng tin b\u1ea1n n\u00ean bi\u1ebft tr\u01b0\u1edbc khi m\u1edf t\u00e0i kho\u1ea3n v\u1edbi nh\u00e0 m\u00f4i gi\u1edbi n\u00e0y<\/strong>&nbsp;.<\/p>\n\n\n\n<figure class=\"wp-block-image\"><a href=\"https:\/\/binary-option.co\/go\/raceoption.com\" target=\"_blank\" rel=\"noreferrer noopener\"><img decoding=\"async\" src=\"https:\/\/binary-option.co\/wp-content\/uploads\/2021\/06\/Raceoption-1024x816.png\" alt=\"\" class=\"wp-image-657\"\/><\/a><\/figure>\n\n\n\n<h2 class=\"wp-block-heading\">T\u1ed5ng quan v\u1ec1 RaceOption<\/h2>\n\n\n\n<p><strong>Raceoption l\u00e0 m\u1ed9t nh\u00e0 m\u00f4i gi\u1edbi h\u1ee3p \u0111\u1ed3ng quy\u1ec1n ch\u1ecdn nh\u1ecb ph\u00e2n v\u00e0 CFD m\u1edbi<\/strong>&nbsp;.&nbsp;Nh\u00e0 m\u00f4i gi\u1edbi tr\u1ef1c tuy\u1ebfn n\u00e0y \u0111\u00e3 \u0111\u0103ng k\u00fd v\u00e0 c\u00f3 tr\u1ee5 s\u1edf t\u1ea1i Qu\u1ea7n \u0111\u1ea3o Marshall.&nbsp;H\u1ecd ho\u1ea1t \u0111\u1ed9ng d\u01b0\u1edbi t\u00ean Makerun Corp. l\u00e0 m\u1ed9t c\u00f4ng ty c\u00f3 v\u0103n ph\u00f2ng \u0111\u0103ng k\u00fd t\u1ea1i Trust Company Complex, Ajeltake Road, Ajeltake Island, Majuro.&nbsp;N\u00f3 l\u00e0 m\u1ed9t nh\u00e0 m\u00f4i gi\u1edbi quy\u1ec1n ch\u1ecdn nh\u1ecb ph\u00e2n v\u00e0 CFD n\u01b0\u1edbc ngo\u00e0i kh\u00f4ng b\u1ecb qu\u1ea3n l\u00fd b\u1edfi c\u00e1c c\u01a1 quan qu\u1ea3n l\u00fd m\u1ea1nh m\u1ebd nh\u01b0 CySEC ho\u1eb7c FCA.<\/p>\n\n\n\n<h2 class=\"wp-block-heading\">N\u1ec1n t\u1ea3ng giao d\u1ecbch Raceoption<\/h2>\n\n\n\n<p>N\u1ec1n t\u1ea3ng giao d\u1ecbch RaceOption c\u1ed5 \u0111i\u1ec3n v\u00e0 c\u00f3 nhi\u1ec1u \u0111i\u1ec3m t\u01b0\u01a1ng \u0111\u1ed3ng v\u1edbi c\u00e1c nh\u00e0 m\u00f4i gi\u1edbi kh\u00e1c.&nbsp;N\u1ec1n t\u1ea3ng c\u1ee7a h\u1ecd kh\u00f4ng th\u1ef1c s\u1ef1 ph\u00e2n bi\u1ec7t n\u00f3 v\u1edbi c\u00e1c \u0111\u1ed1i th\u1ee7 c\u1ea1nh tranh.&nbsp;Tuy nhi\u00ean,&nbsp;<strong>nh\u00e0 m\u00f4i gi\u1edbi n\u00e0y cho ph\u00e9p b\u1ea1n giao d\u1ecbch c\u00e1c t\u00f9y ch\u1ecdn nh\u1ecb ph\u00e2n, ngo\u1ea1i h\u1ed1i v\u00e0 CFD<\/strong>&nbsp;v\u1edbi n\u1ec1n t\u1ea3ng v\u00e0 ch\u1ee9c n\u0103ng r\u1ea5t ph\u00f9 h\u1ee3p cho c\u00e1c nh\u00e0 giao d\u1ecbch m\u1edbi l\u00e0m quen c\u0169ng nh\u01b0 cho c\u00e1c nh\u00e0 giao d\u1ecbch c\u00f3 nhi\u1ec1u kinh nghi\u1ec7m h\u01a1n trong giao d\u1ecbch tr\u1ef1c tuy\u1ebfn.<\/p>\n\n\n\n<figure class=\"wp-block-image\"><a href=\"https:\/\/binary-option.co\/go\/raceoption.com\" target=\"_blank\" rel=\"noreferrer noopener\"><img decoding=\"async\" src=\"https:\/\/binary-option.co\/wp-content\/uploads\/2021\/06\/Raceoption-trading-platform-1024x529.png\" alt=\"\" class=\"wp-image-658\"\/><\/a><\/figure>\n\n\n\n<p><strong>N\u1ec1n t\u1ea3ng giao d\u1ecbch r\u1ea5t t\u1ed1i gi\u1ea3n, r\u00f5 r\u00e0ng v\u00e0 tr\u1ef1c quan<\/strong>&nbsp;v\u00e0 n\u00f3 t\u1eadp trung v\u00e0o nh\u1eefng y\u1ebfu t\u1ed1 c\u1ea7n thi\u1ebft.&nbsp;Kh\u00f4ng c\u00f3 t\u00f9y ch\u1ecdn v\u00e0 ti\u1ec7n \u00edch b\u1ed5 sung n\u00e0o c\u00f3 th\u1ec3 g\u00e2y nh\u1ea7m l\u1eabn ho\u1eb7c l\u00e0m gi\u00e1n \u0111o\u1ea1n tr\u1ea3i nghi\u1ec7m giao d\u1ecbch c\u1ee7a b\u1ea1n.<\/p>\n\n\n\n<p>B\u1ea1n s\u1ebd t\u00ecm th\u1ea5y \u1edf b\u00ean tr\u00e1i m\u00e0n h\u00ecnh danh s\u00e1ch t\u00e0i s\u1ea3n, bi\u1ec3u \u0111\u1ed3 \/ m\u00e0n h\u00ecnh giao d\u1ecbch v\u00e0 \u0111\u01b0\u1ee3c \u0111\u1eb7t \u1edf gi\u1eefa m\u00e0n h\u00ecnh v\u00e0 b\u00ean ph\u1ea3i l\u00e0 khu v\u1ef1c \u0111\u1eb7t l\u1ec7nh.&nbsp;\u0110\u1ec3 giao d\u1ecbch, b\u1ea1n ch\u1ec9 c\u1ea7n nh\u1eadp s\u1ed1 ti\u1ec1n giao d\u1ecbch, ch\u1ecdn th\u1eddi h\u1ea1n v\u00e0 nh\u1ea5p v\u00e0o n\u00fat G\u1ecdi ho\u1eb7c n\u00fat \u0110\u1eb7t.<\/p>\n\n\n\n<p>B\u1ea1n c\u0169ng s\u1ebd t\u00ecm th\u1ea5y m\u1ed9t s\u1ed1 ch\u1ee9c n\u0103ng b\u1ed5 sung \u1edf \u0111\u00f3, nh\u01b0 ch\u1ee9c n\u0103ng b\u00e1n h\u00e0ng ngay l\u1eadp t\u1ee9c.&nbsp;c\u00e1c t\u00ednh n\u0103ng n\u00e0y cung c\u1ea5p cho b\u1ea1n t\u00f9y ch\u1ecdn \u0111\u1ec3 th\u00eam th\u1eddi gian cho c\u00e1c giao d\u1ecbch \u0111ang ch\u1edd x\u1eed l\u00fd (v\u1edbi m\u1ed9t kho\u1ea3n ph\u00ed b\u1ed5 sung) ho\u1eb7c b\u00e1n tr\u01b0\u1edbc th\u1eddi gian h\u1ebft h\u1ea1n \u0111\u1ec3 thu l\u1ee3i nhu\u1eadn ho\u1eb7c gi\u1ea3m l\u1ed7 c\u1ee7a b\u1ea1n.<\/p>\n\n\n\n<p>N\u1ec1n t\u1ea3ng giao d\u1ecbch c\u1ee7a RaceOption qu\u00e1 \u0111\u01a1n gi\u1ea3n c\u00f3 th\u1ec3 \u0111\u01b0\u1ee3c coi l\u00e0 m\u1ed9t nh\u01b0\u1ee3c \u0111i\u1ec3m \u0111\u1ed1i v\u1edbi m\u1ed9t s\u1ed1 nh\u00e0 giao d\u1ecbch.&nbsp;Th\u1ef1c s\u1ef1 c\u00f3 r\u1ea5t \u00edt l\u1ef1a ch\u1ecdn khi n\u00f3i \u0111\u1ebfn bi\u1ec3u \u0111\u1ed3 v\u00e0 n\u00f3 kh\u00f4ng c\u00f3 c\u00e1c c\u00f4ng c\u1ee5 v\u00e0 ch\u1ec9 b\u00e1o m\u00e0 h\u1ea7u h\u1ebft c\u00e1c nh\u00e0 m\u00f4i gi\u1edbi cung c\u1ea5p.&nbsp;\u0110i\u1ec1u \u0111\u00f3 n\u00f3i r\u1eb1ng, m\u1ed9t s\u1ed1 nh\u00e0 giao d\u1ecbch kh\u00f4ng th\u1ea5y b\u1ea5t k\u1ef3 t\u1ea7m quan tr\u1ecdng n\u00e0o v\u00e0 s\u1eed d\u1ee5ng c\u00e1c c\u00f4ng c\u1ee5 quy\u1ebfn r\u0169 kh\u00e1c nh\u01b0 nh\u1eefng c\u00f4ng c\u1ee5 \u0111\u01b0\u1ee3c cung c\u1ea5p b\u1edfi c\u00e1c n\u1ec1n t\u1ea3ng giao d\u1ecbch ph\u1ed5 bi\u1ebfn nh\u01b0 n\u1ec1n t\u1ea3ng MetaTrader 4 do MetaQuotes Software ph\u00e1t tri\u1ec3n.<\/p>\n\n\n\n<p>B\u1ea1n c\u00f3 th\u1ec3&nbsp;<strong>Giao d\u1ecbch 3 lo\u1ea1i t\u00f9y ch\u1ecdn nh\u1ecb ph\u00e2n t\u1ea1i RaceOption;&nbsp;T\u00f9y ch\u1ecdn Turbo, t\u00f9y ch\u1ecdn ng\u1eafn h\u1ea1n v\u00e0 t\u00f9y ch\u1ecdn d\u00e0i h\u1ea1n<\/strong>&nbsp;.&nbsp;Quy\u1ec1n ch\u1ecdn Turbos l\u00e0 h\u1ee3p \u0111\u1ed3ng quy\u1ec1n ch\u1ecdn nh\u1ecb ph\u00e2n v\u1edbi th\u1eddi gian h\u1ebft h\u1ea1n r\u1ea5t ng\u1eafn, t\u1eeb 30 \u0111\u1ebfn 120 gi\u00e2y.&nbsp;H\u1ee3p \u0111\u1ed3ng quy\u1ec1n ch\u1ecdn ng\u1eafn h\u1ea1n l\u00e0 h\u1ee3p \u0111\u1ed3ng h\u1ebft h\u1ea1n cho c\u00e1c phi\u00ean giao d\u1ecbch trong ng\u00e0y v\u00e0 h\u1ee3p \u0111\u1ed3ng d\u00e0i h\u1ea1n l\u00e0 h\u1ee3p \u0111\u1ed3ng quy\u1ec1n ch\u1ecdn c\u00f3 th\u1eddi h\u1ea1n trong trung v\u00e0 d\u00e0i h\u1ea1n.<\/p>\n\n\n\n<h2 class=\"wp-block-heading\">T\u00e0i kho\u1ea3n Demo Raceoption<\/h2>\n\n\n\n<p>\u0110\u00e2y l\u00e0 m\u1ed9t trong nh\u1eefng \u0111i\u1ec3m ti\u00eau c\u1ef1c nh\u1ea5t c\u1ee7a nh\u00e0 m\u00f4i gi\u1edbi n\u00e0y,&nbsp;<strong>T\u00e0i kho\u1ea3n demo ch\u1ec9 d\u00e0nh cho c\u00e1c nh\u00e0 giao d\u1ecbch \u0111\u00e3 \u0111\u1eb7t c\u1ecdc<\/strong>&nbsp;.&nbsp;\u0110\u1ed1i v\u1edbi ch\u00fang t\u00f4i, \u0111\u00e2y l\u00e0 m\u1ed9t \u0111i\u1ec3m ti\u00eau c\u1ef1c v\u00ec kh\u00f4ng gi\u1ed1ng nh\u01b0 c\u00e1c nh\u00e0 m\u00f4i gi\u1edbi kh\u00e1c, c\u00e1c nh\u00e0 giao d\u1ecbch tr\u00ean RaceOption kh\u00f4ng c\u00f3 c\u01a1 h\u1ed9i d\u00f9ng th\u1eed n\u1ec1n t\u1ea3ng tr\u01b0\u1edbc khi \u0111\u1eb7t c\u1ecdc.&nbsp;Ch\u00fang t\u00f4i hy v\u1ecdng nh\u00e0 m\u00f4i gi\u1edbi n\u00e0y s\u1ebd t\u00ednh \u0111\u1ebfn chi ti\u1ebft n\u00e0y v\u00e0 kh\u00f4ng cung c\u1ea5p t\u00e0i kho\u1ea3n demo ti\u1ec1n g\u1eedi trong t\u01b0\u01a1ng lai.<\/p>\n\n\n\n<h2 class=\"wp-block-heading\">N\u1ed9i dung c\u00f3 s\u1eb5n<\/h2>\n\n\n\n<p>Danh s\u00e1ch t\u00e0i s\u1ea3n \u0111\u01b0\u1ee3c giao d\u1ecbch kh\u00e1 \u0111\u1ea7y \u0111\u1ee7, b\u1ea1n c\u00f3 th\u1ec3 giao d\u1ecbch c\u1ed5 phi\u1ebfu, h\u00e0ng h\u00f3a, ch\u1ec9 s\u1ed1 t\u1eeb kh\u1eafp n\u01a1i tr\u00ean th\u1ebf gi\u1edbi v\u00e0 c\u00e1c c\u1eb7p ti\u1ec1n t\u1ec7 ngo\u1ea1i h\u1ed1i th\u00f4ng qua Binary Option v\u00e0 CFD.&nbsp;B\u1ea1n c\u0169ng c\u00f3 t\u00f9y ch\u1ecdn giao d\u1ecbch ti\u1ec1n \u0111i\u1ec7n t\u1eed, ch\u1eb3ng h\u1ea1n nh\u01b0 Bitcoin, Litecoin v\u00e0 Ethereum c\u0169ng nh\u01b0 c\u00e1c lo\u1ea1i ti\u1ec1n \u0111i\u1ec7n t\u1eed kh\u00e1c \u00edt ph\u1ed5 bi\u1ebfn h\u01a1n.&nbsp;Danh s\u00e1ch c\u00e1c t\u00e0i s\u1ea3n c\u00f3 s\u1eb5n \u1edf \u0111\u00e2y r\u1ed9ng h\u01a1n n\u1ebfu b\u1ea1n giao d\u1ecbch qua CFD so v\u1edbi c\u00e1c t\u00f9y ch\u1ecdn nh\u1ecb ph\u00e2n.<\/p>\n\n\n\n<h2 class=\"wp-block-heading\">G\u1eedi v\u00e0 r\u00fat ti\u1ec1n tr\u00ean Raceoption<\/h2>\n\n\n\n<p>Tr\u00ean Raceoption, b\u1ea1n c\u00f3 th\u1ec3 d\u1ec5 d\u00e0ng&nbsp;<strong>g\u1eedi v\u00e0 r\u00fat ti\u1ec1n c\u1ee7a m\u00ecnh th\u00f4ng qua nhi\u1ec1u ph\u01b0\u01a1ng th\u1ee9c thanh to\u00e1n<\/strong>&nbsp;nh\u01b0 th\u1ebb t\u00edn d\u1ee5ng, chuy\u1ec3n kho\u1ea3n ng\u00e2n h\u00e0ng, m\u1ed9t tr\u00f2 ch\u01a1i l\u1edbn c\u1ee7a v\u00ed \u0111i\u1ec7n t\u1eed c\u0169ng nh\u01b0 b\u1eb1ng ti\u1ec1n \u0111i\u1ec7n t\u1eed.&nbsp;Trang web cho ph\u00e9p b\u1ea1n g\u1eedi v\u00e0 r\u00fat ti\u1ec1n nhanh ch\u00f3ng b\u1eb1ng BTC, ETH, LTC v\u00e0 nhi\u1ec1u lo\u1ea1i ti\u1ec1n \u0111i\u1ec7n t\u1eed ph\u1ed5 bi\u1ebfn kh\u00e1c.&nbsp;<strong>G\u1eedi v\u00e0 r\u00fat ti\u1ec1n r\u1ea5t nhanh<\/strong>&nbsp;, ngo\u1ea1i tr\u1eeb chuy\u1ec3n kho\u1ea3n ng\u00e2n h\u00e0ng c\u1ed5 \u0111i\u1ec3n v\u00ec qu\u00e1 tr\u00ecnh x\u1eed l\u00fd chuy\u1ec3n kho\u1ea3n c\u00f3 th\u1ec3 m\u1ea5t \u0111\u1ebfn m\u1ed9t tu\u1ea7n, t\u00f9y thu\u1ed9c v\u00e0o ng\u00e2n h\u00e0ng c\u1ee7a b\u1ea1n v\u00e0 c\u00e1c t\u1ed5 ch\u1ee9c trung gian c\u1ee7a h\u1ecd.<\/p>\n\n\n\n<figure class=\"wp-block-image\"><a href=\"https:\/\/binary-option.co\/go\/raceoption.com\" target=\"_blank\" rel=\"noreferrer noopener\"><img decoding=\"async\" src=\"https:\/\/binary-option.co\/wp-content\/uploads\/2021\/06\/Raceoption-Funding-withdrawal-methods-1024x556.png\" alt=\"\" class=\"wp-image-660\"\/><\/a><\/figure>\n\n\n\n<p><strong>Kho\u1ea3n ti\u1ec1n g\u1eedi t\u1ed1i thi\u1ec3u c\u1ee7a Raceoption l\u00e0 250 \u0111\u00f4 la<\/strong>&nbsp;v\u00e0 s\u1ed1 ti\u1ec1n r\u00fat t\u1ed1i thi\u1ec3u ch\u1ec9 l\u00e0 50 \u0111\u00f4 la m\u00e0 kh\u00f4ng c\u00f3 ph\u00ed.&nbsp;\u0110\u1ec3 giao d\u1ecbch v\u1edbi nh\u00e0 m\u00f4i gi\u1edbi n\u00e0y, v\u00ed \u0111i\u1ec7n t\u1eed v\u00e0&nbsp;<strong>thanh to\u00e1n ti\u1ec1n \u0111i\u1ec7n t\u1eed l\u00e0 nh\u1eefng ph\u01b0\u01a1ng th\u1ee9c thanh to\u00e1n nhanh nh\u1ea5t<\/strong>&nbsp;\u0111\u1ec3 b\u1ea1n g\u1eedi v\u00e0 r\u00fat ti\u1ec1n.&nbsp;V\u1edbi nh\u1eefng ph\u01b0\u01a1ng ph\u00e1p n\u00e0y, b\u1ea1n c\u00f3 th\u1ec3 nh\u1eadn \u0111\u01b0\u1ee3c ti\u1ec1n v\u00e0o t\u00e0i kho\u1ea3n c\u1ee7a m\u00ecnh ngay trong ng\u00e0y b\u1ea1n y\u00eau c\u1ea7u thanh to\u00e1n.<\/p>\n\n\n\n<h2 class=\"wp-block-heading\">Ch\u00fa \u00fd \u0111\u1ebfn c\u00e1c \u0111i\u1ec1u ki\u1ec7n doanh thu quan tr\u1ecdng<\/h2>\n\n\n\n<p>M\u1ed9t trong nh\u1eefng h\u1ea1n ch\u1ebf l\u1edbn nh\u1ea5t c\u1ee7a nh\u00e0 m\u00f4i gi\u1edbi n\u00e0y l\u00e0 kh\u00f4ng th\u1ec3 r\u00fat thu nh\u1eadp c\u1ee7a b\u1ea1n m\u00e0 kh\u00f4ng giao d\u1ecbch m\u1ed9t s\u1ed1 ti\u1ec1n c\u1ee5 th\u1ec3 theo y\u00eau c\u1ea7u c\u1ee7a n\u1ec1n t\u1ea3ng.&nbsp;Tr\u01b0\u1edbc khi m\u1edf t\u00e0i kho\u1ea3n, b\u1ea1n n\u00ean l\u01b0u \u00fd r\u1eb1ng RaceOption y\u00eau c\u1ea7u m\u1ed9t doanh thu nh\u1ea5t \u0111\u1ecbnh tr\u01b0\u1edbc khi b\u1ea1n c\u00f3 th\u1ec3 r\u00fat ti\u1ec1n c\u1ee7a m\u00ecnh v\u00e0 \u0111i\u1ec1u n\u00e0y, ngay c\u1ea3 khi b\u1ea1n s\u1eed d\u1ee5ng ti\u1ec1n th\u01b0\u1edfng ho\u1eb7c giao d\u1ecbch kh\u00f4ng c\u00f3 ti\u1ec1n th\u01b0\u1edfng.&nbsp;<strong>\u0110\u1ec3 c\u00f3 th\u1ec3 r\u00fat ti\u1ec1n, tr\u01b0\u1edbc ti\u00ean b\u1ea1n ph\u1ea3i giao d\u1ecbch s\u1ed1 ti\u1ec1n b\u1eb1ng ho\u1eb7c l\u1edbn h\u01a1n 100% s\u1ed1 ti\u1ec1n k\u00fd qu\u1ef9.&nbsp;<\/strong>N\u1ebfu b\u1ea1n giao d\u1ecbch m\u00e0 kh\u00f4ng c\u00f3 ti\u1ec1n th\u01b0\u1edfng, b\u1ea1n s\u1ebd nh\u1eadn \u0111\u01b0\u1ee3c 300% doanh thu n\u1ebfu b\u1ea1n \u0111\u00e3 ch\u1ea5p nh\u1eadn ti\u1ec1n th\u01b0\u1edfng ti\u1ec1n g\u1eedi.&nbsp;Ch\u00fang t\u00f4i khuy\u00ean b\u1ea1n n\u00ean \u0111\u1ecdc k\u1ef9 c\u00e1c \u0111i\u1ec1u ki\u1ec7n s\u1eed d\u1ee5ng c\u1ee7a ch\u00fang \u0111\u1ec3 tr\u00e1nh b\u1ea5t k\u1ef3 s\u1ef1 nh\u1ea7m l\u1eabn ho\u1eb7c th\u1ea5t v\u1ecdng n\u00e0o.<\/p>\n\n\n\n<h2 class=\"wp-block-heading\">K\u1ebft lu\u1eadn \u0111\u00e1nh gi\u00e1 Raceoption<\/h2>\n\n\n\n<p><strong>Raceoption l\u00e0 m\u1ed9t nh\u00e0 m\u00f4i gi\u1edbi nghi\u00eam t\u00fac v\u00e0 kh\u00f4ng ph\u1ea3i l\u00e0 l\u1eeba \u0111\u1ea3o nh\u01b0ng c\u00f3 m\u1ed9t s\u1ed1 nh\u01b0\u1ee3c \u0111i\u1ec3m<\/strong>&nbsp;c\u00f3 th\u1ec3 kh\u00f4ng ph\u00f9 h\u1ee3p v\u1edbi m\u1ed9t s\u1ed1 nh\u00e0 giao d\u1ecbch.&nbsp;Kh\u00f4ng th\u1ec3 m\u1edf t\u00e0i kho\u1ea3n demo mi\u1ec5n ph\u00ed m\u00e0 kh\u00f4ng c\u1ea7n k\u00fd qu\u1ef9 v\u00e0 \u0111i\u1ec1u ki\u1ec7n doanh thu \u00e1p \u0111\u1eb7t l\u00e0 nh\u1eefng nh\u01b0\u1ee3c \u0111i\u1ec3m ch\u00ednh c\u00f3 th\u1ec3 khi\u1ebfn h\u1ea7u h\u1ebft c\u00e1c nh\u00e0 giao d\u1ecbch kh\u00f4ng th\u1ec3 giao d\u1ecbch v\u1edbi nh\u00e0 m\u00f4i gi\u1edbi n\u00e0y.&nbsp;Tr\u00e1nh nh\u00e0 m\u00f4i gi\u1edbi n\u00e0y n\u1ebfu b\u1ea1n kh\u00f4ng th\u00edch nh\u1eefng \u0111i\u1ec1u ki\u1ec7n n\u00e0y v\u00e0 \u0111\u1ecdc c\u00e1c b\u00e0i \u0111\u00e1nh gi\u00e1 nh\u00e0 m\u00f4i gi\u1edbi kh\u00e1c c\u1ee7a ch\u00fang t\u00f4i.&nbsp;C\u00f3 nhi\u1ec1u nh\u00e0 m\u00f4i gi\u1edbi quy\u1ec1n ch\u1ecdn nh\u1ecb ph\u00e2n kh\u00e1c cho ph\u00e9p b\u1ea1n m\u1edf t\u00e0i kho\u1ea3n demo mi\u1ec5n ph\u00ed m\u00e0 kh\u00f4ng c\u1ea7n \u0111\u1eb7t c\u1ecdc v\u00e0 \u0111i\u1ec1u \u0111\u00f3 kh\u00f4ng \u00e1p \u0111\u1eb7t h\u1ea1n ch\u1ebf v\u1ec1 vi\u1ec7c r\u00fat ti\u1ec1n.<\/p>\n\n\n\n<p class=\"has-text-align-center\"><a class=\"maxbutton-2 maxbutton\" target=\"_blank\" rel=\"nofollow noopener\" href=\"https:\/\/binary-option.co\/go\/raceoption.com\"><span class='mb-text'>Gh\u00e9 th\u0103m nh\u00e0 m\u00f4i gi\u1edbi<\/span><\/a><\/p>\n","protected":false},"excerpt":{"rendered":"<p>X\u1ebfp h\u1ea1ng: Thanh to\u00e1n l\u00ean \u0111\u1ebfn 90% (S\u1ed1 ti\u1ec1n \u0111\u01b0\u1ee3c ghi c\u00f3 v\u00e0o t\u00e0i kho\u1ea3n trong tr\u01b0\u1eddng h\u1ee3p \u0111\u1ea7u t\u01b0 th\u00e0nh c\u00f4ng) T\u00e0i kho\u1ea3n Demo mi\u1ec5n ph\u00ed \u0110\u1eb7t c\u1ecdc t\u1ed1i thi\u1ec3u $ 250 C\u1ea3nh b\u00e1o r\u1ee7i ro chung: v\u1ed1n c\u1ee7a b\u1ea1n \u0111ang g\u1eb7p r\u1ee7i ro Raceoption \u0111ang b\u1eaft \u0111\u1ea7u tr\u1edf n\u00ean ph\u1ed5 bi\u1ebfn m\u1ea1nh m\u1ebd [&hellip;]<\/p>\n","protected":false},"author":1,"featured_media":0,"parent":0,"menu_order":0,"comment_status":"closed","ping_status":"closed","template":"","meta":{"footnotes":""},"yoast_head":"<!-- This site is optimized with the Yoast SEO plugin v21.9.1 - https:\/\/yoast.com\/wordpress\/plugins\/seo\/ -->\n<title>\u0110\u00e1nh gi\u00e1 Raceoption 2023: M\u1ecdi th\u1ee9 b\u1ea1n c\u1ea7n bi\u1ebft v\u1ec1 nh\u00e0 m\u00f4i gi\u1edbi n\u00e0y<\/title>\n<meta name=\"robots\" content=\"index, follow, max-snippet:-1, max-image-preview:large, max-video-preview:-1\" \/>\n<link rel=\"canonical\" href=\"https:\/\/binary-option.co\/vn\/danh-gia-raceoption\/\" \/>\n<meta property=\"og:locale\" content=\"vi_VN\" \/>\n<meta property=\"og:type\" content=\"article\" \/>\n<meta property=\"og:title\" content=\"\u0110\u00e1nh gi\u00e1 Raceoption 2023: M\u1ecdi th\u1ee9 b\u1ea1n c\u1ea7n bi\u1ebft v\u1ec1 nh\u00e0 m\u00f4i gi\u1edbi n\u00e0y\" \/>\n<meta property=\"og:description\" content=\"X\u1ebfp h\u1ea1ng: Thanh to\u00e1n l\u00ean \u0111\u1ebfn 90% (S\u1ed1 ti\u1ec1n \u0111\u01b0\u1ee3c ghi c\u00f3 v\u00e0o t\u00e0i kho\u1ea3n trong tr\u01b0\u1eddng h\u1ee3p \u0111\u1ea7u t\u01b0 th\u00e0nh c\u00f4ng) T\u00e0i kho\u1ea3n Demo mi\u1ec5n ph\u00ed \u0110\u1eb7t c\u1ecdc t\u1ed1i thi\u1ec3u $ 250 C\u1ea3nh b\u00e1o r\u1ee7i ro chung: v\u1ed1n c\u1ee7a b\u1ea1n \u0111ang g\u1eb7p r\u1ee7i ro Raceoption \u0111ang b\u1eaft \u0111\u1ea7u tr\u1edf n\u00ean ph\u1ed5 bi\u1ebfn m\u1ea1nh m\u1ebd [&hellip;]\" \/>\n<meta property=\"og:url\" content=\"https:\/\/binary-option.co\/vn\/danh-gia-raceoption\/\" \/>\n<meta property=\"og:site_name\" content=\"quyenchonnhiphan.net\" \/>\n<meta property=\"article:modified_time\" content=\"2023-01-14T19:02:34+00:00\" \/>\n<meta property=\"og:image\" content=\"https:\/\/binary-option.co\/wp-content\/uploads\/2021\/06\/raceoption-logo.png\" \/>\n<meta name=\"twitter:card\" content=\"summary_large_image\" \/>\n<meta name=\"twitter:label1\" content=\"\u01af\u1edbc t\u00ednh th\u1eddi gian \u0111\u1ecdc\" \/>\n\t<meta name=\"twitter:data1\" content=\"7 ph\u00fat\" \/>\n<script type=\"application\/ld+json\" class=\"yoast-schema-graph\">{\"@context\":\"https:\/\/schema.org\",\"@graph\":[{\"@type\":\"WebPage\",\"@id\":\"https:\/\/binary-option.co\/vn\/danh-gia-raceoption\/\",\"url\":\"https:\/\/binary-option.co\/vn\/danh-gia-raceoption\/\",\"name\":\"\u0110\u00e1nh gi\u00e1 Raceoption 2023: M\u1ecdi th\u1ee9 b\u1ea1n c\u1ea7n bi\u1ebft v\u1ec1 nh\u00e0 m\u00f4i gi\u1edbi n\u00e0y\",\"isPartOf\":{\"@id\":\"https:\/\/binary-option.co\/vn\/#website\"},\"datePublished\":\"2022-04-22T15:15:38+00:00\",\"dateModified\":\"2023-01-14T19:02:34+00:00\",\"breadcrumb\":{\"@id\":\"https:\/\/binary-option.co\/vn\/danh-gia-raceoption\/#breadcrumb\"},\"inLanguage\":\"vi\",\"potentialAction\":[{\"@type\":\"ReadAction\",\"target\":[\"https:\/\/binary-option.co\/vn\/danh-gia-raceoption\/\"]}]},{\"@type\":\"BreadcrumbList\",\"@id\":\"https:\/\/binary-option.co\/vn\/danh-gia-raceoption\/#breadcrumb\",\"itemListElement\":[{\"@type\":\"ListItem\",\"position\":1,\"name\":\"Home\",\"item\":\"https:\/\/binary-option.co\/vn\/\"},{\"@type\":\"ListItem\",\"position\":2,\"name\":\"\u0110\u00e1nh gi\u00e1 Raceoption\"}]},{\"@type\":\"WebSite\",\"@id\":\"https:\/\/binary-option.co\/vn\/#website\",\"url\":\"https:\/\/binary-option.co\/vn\/\",\"name\":\"quyenchonnhiphan.net\",\"description\":\"T\u1ea5t c\u1ea3 nh\u1eefng g\u00ec b\u1ea1n c\u1ea7n bi\u1ebft v\u1ec1 Giao d\u1ecbch Quy\u1ec1n ch\u1ecdn Nh\u1ecb ph\u00e2n t\u1ea1i Vi\u1ec7t Nam\",\"publisher\":{\"@id\":\"https:\/\/binary-option.co\/vn\/#organization\"},\"potentialAction\":[{\"@type\":\"SearchAction\",\"target\":{\"@type\":\"EntryPoint\",\"urlTemplate\":\"https:\/\/binary-option.co\/vn\/?s={search_term_string}\"},\"query-input\":\"required name=search_term_string\"}],\"inLanguage\":\"vi\"},{\"@type\":\"Organization\",\"@id\":\"https:\/\/binary-option.co\/vn\/#organization\",\"name\":\"quyenchonnhiphan.net\",\"url\":\"https:\/\/binary-option.co\/vn\/\",\"logo\":{\"@type\":\"ImageObject\",\"inLanguage\":\"vi\",\"@id\":\"https:\/\/binary-option.co\/vn\/#\/schema\/logo\/image\/\",\"url\":\"https:\/\/binary-option.co\/vn\/wp-content\/uploads\/sites\/5\/2020\/12\/binary-option.co_.png\",\"contentUrl\":\"https:\/\/binary-option.co\/vn\/wp-content\/uploads\/sites\/5\/2020\/12\/binary-option.co_.png\",\"width\":398,\"height\":66,\"caption\":\"quyenchonnhiphan.net\"},\"image\":{\"@id\":\"https:\/\/binary-option.co\/vn\/#\/schema\/logo\/image\/\"}}]}<\/script>\n<!-- \/ Yoast SEO plugin. -->","yoast_head_json":{"title":"\u0110\u00e1nh gi\u00e1 Raceoption 2023: M\u1ecdi th\u1ee9 b\u1ea1n c\u1ea7n bi\u1ebft v\u1ec1 nh\u00e0 m\u00f4i gi\u1edbi n\u00e0y","robots":{"index":"index","follow":"follow","max-snippet":"max-snippet:-1","max-image-preview":"max-image-preview:large","max-video-preview":"max-video-preview:-1"},"canonical":"https:\/\/binary-option.co\/vn\/danh-gia-raceoption\/","og_locale":"vi_VN","og_type":"article","og_title":"\u0110\u00e1nh gi\u00e1 Raceoption 2023: M\u1ecdi th\u1ee9 b\u1ea1n c\u1ea7n bi\u1ebft v\u1ec1 nh\u00e0 m\u00f4i gi\u1edbi n\u00e0y","og_description":"X\u1ebfp h\u1ea1ng: Thanh to\u00e1n l\u00ean \u0111\u1ebfn 90% (S\u1ed1 ti\u1ec1n \u0111\u01b0\u1ee3c ghi c\u00f3 v\u00e0o t\u00e0i kho\u1ea3n trong tr\u01b0\u1eddng h\u1ee3p \u0111\u1ea7u t\u01b0 th\u00e0nh c\u00f4ng) T\u00e0i kho\u1ea3n Demo mi\u1ec5n ph\u00ed \u0110\u1eb7t c\u1ecdc t\u1ed1i thi\u1ec3u $ 250 C\u1ea3nh b\u00e1o r\u1ee7i ro chung: v\u1ed1n c\u1ee7a b\u1ea1n \u0111ang g\u1eb7p r\u1ee7i ro Raceoption \u0111ang b\u1eaft \u0111\u1ea7u tr\u1edf n\u00ean ph\u1ed5 bi\u1ebfn m\u1ea1nh m\u1ebd [&hellip;]","og_url":"https:\/\/binary-option.co\/vn\/danh-gia-raceoption\/","og_site_name":"quyenchonnhiphan.net","article_modified_time":"2023-01-14T19:02:34+00:00","og_image":[{"url":"https:\/\/binary-option.co\/wp-content\/uploads\/2021\/06\/raceoption-logo.png"}],"twitter_card":"summary_large_image","twitter_misc":{"\u01af\u1edbc t\u00ednh th\u1eddi gian \u0111\u1ecdc":"7 ph\u00fat"},"schema":{"@context":"https:\/\/schema.org","@graph":[{"@type":"WebPage","@id":"https:\/\/binary-option.co\/vn\/danh-gia-raceoption\/","url":"https:\/\/binary-option.co\/vn\/danh-gia-raceoption\/","name":"\u0110\u00e1nh gi\u00e1 Raceoption 2023: M\u1ecdi th\u1ee9 b\u1ea1n c\u1ea7n bi\u1ebft v\u1ec1 nh\u00e0 m\u00f4i gi\u1edbi n\u00e0y","isPartOf":{"@id":"https:\/\/binary-option.co\/vn\/#website"},"datePublished":"2022-04-22T15:15:38+00:00","dateModified":"2023-01-14T19:02:34+00:00","breadcrumb":{"@id":"https:\/\/binary-option.co\/vn\/danh-gia-raceoption\/#breadcrumb"},"inLanguage":"vi","potentialAction":[{"@type":"ReadAction","target":["https:\/\/binary-option.co\/vn\/danh-gia-raceoption\/"]}]},{"@type":"BreadcrumbList","@id":"https:\/\/binary-option.co\/vn\/danh-gia-raceoption\/#breadcrumb","itemListElement":[{"@type":"ListItem","position":1,"name":"Home","item":"https:\/\/binary-option.co\/vn\/"},{"@type":"ListItem","position":2,"name":"\u0110\u00e1nh gi\u00e1 Raceoption"}]},{"@type":"WebSite","@id":"https:\/\/binary-option.co\/vn\/#website","url":"https:\/\/binary-option.co\/vn\/","name":"quyenchonnhiphan.net","description":"T\u1ea5t c\u1ea3 nh\u1eefng g\u00ec b\u1ea1n c\u1ea7n bi\u1ebft v\u1ec1 Giao d\u1ecbch Quy\u1ec1n ch\u1ecdn Nh\u1ecb ph\u00e2n t\u1ea1i Vi\u1ec7t Nam","publisher":{"@id":"https:\/\/binary-option.co\/vn\/#organization"},"potentialAction":[{"@type":"SearchAction","target":{"@type":"EntryPoint","urlTemplate":"https:\/\/binary-option.co\/vn\/?s={search_term_string}"},"query-input":"required name=search_term_string"}],"inLanguage":"vi"},{"@type":"Organization","@id":"https:\/\/binary-option.co\/vn\/#organization","name":"quyenchonnhiphan.net","url":"https:\/\/binary-option.co\/vn\/","logo":{"@type":"ImageObject","inLanguage":"vi","@id":"https:\/\/binary-option.co\/vn\/#\/schema\/logo\/image\/","url":"https:\/\/binary-option.co\/vn\/wp-content\/uploads\/sites\/5\/2020\/12\/binary-option.co_.png","contentUrl":"https:\/\/binary-option.co\/vn\/wp-content\/uploads\/sites\/5\/2020\/12\/binary-option.co_.png","width":398,"height":66,"caption":"quyenchonnhiphan.net"},"image":{"@id":"https:\/\/binary-option.co\/vn\/#\/schema\/logo\/image\/"}}]}},"_links":{"self":[{"href":"https:\/\/binary-option.co\/vn\/wp-json\/wp\/v2\/pages\/201"}],"collection":[{"href":"https:\/\/binary-option.co\/vn\/wp-json\/wp\/v2\/pages"}],"about":[{"href":"https:\/\/binary-option.co\/vn\/wp-json\/wp\/v2\/types\/page"}],"author":[{"embeddable":true,"href":"https:\/\/binary-option.co\/vn\/wp-json\/wp\/v2\/users\/1"}],"replies":[{"embeddable":true,"href":"https:\/\/binary-option.co\/vn\/wp-json\/wp\/v2\/comments?post=201"}],"version-history":[{"count":1,"href":"https:\/\/binary-option.co\/vn\/wp-json\/wp\/v2\/pages\/201\/revisions"}],"predecessor-version":[{"id":202,"href":"https:\/\/binary-option.co\/vn\/wp-json\/wp\/v2\/pages\/201\/revisions\/202"}],"wp:attachment":[{"href":"https:\/\/binary-option.co\/vn\/wp-json\/wp\/v2\/media?parent=201"}],"curies":[{"name":"wp","href":"https:\/\/api.w.org\/{rel}","templated":true}]}}