{"id":194,"date":"2022-04-22T14:40:21","date_gmt":"2022-04-22T14:40:21","guid":{"rendered":"https:\/\/binary-option.co\/vn\/?page_id=194"},"modified":"2023-01-14T19:01:39","modified_gmt":"2023-01-14T19:01:39","slug":"danh-gia-quotex","status":"publish","type":"page","link":"https:\/\/binary-option.co\/vn\/danh-gia-quotex\/","title":{"rendered":"\u0110\u00e1nh gi\u00e1 Quotex"},"content":{"rendered":"\n<div class=\"wp-block-columns is-layout-flex wp-container-core-columns-layout-1 wp-block-columns-is-layout-flex\">\n<div class=\"wp-block-column is-layout-flow wp-block-column-is-layout-flow\" style=\"flex-basis:33.33%\">\n<figure class=\"wp-block-image size-large is-resized\"><a href=\"https:\/\/binary-option.co\/go\/quotex.io\" target=\"_blank\" rel=\"noopener\"><img decoding=\"async\" src=\"https:\/\/binary-option.co\/wp-content\/uploads\/2021\/05\/quotex-io.png\" alt=\"\" class=\"wp-image-509\" width=\"202\" height=\"200\"\/><\/a><\/figure>\n<\/div>\n\n\n\n<div class=\"wp-block-column is-layout-flow wp-block-column-is-layout-flow\" style=\"flex-basis:66.66%\">\n<p><strong>X\u1ebfp h\u1ea1ng:<\/strong> <div itemprop=\"reviewRating\" itemscope itemtype=\"http:\/\/schema.org\/Rating\" class=\"usr\"><meta itemprop=\"worstRating\" content=\"0\" \/><meta itemprop=\"ratingValue\" content=\"5\" \/><meta itemprop=\"bestRating\" content=\"5\" \/><img decoding=\"async\" class=\"usr\" src=\"https:\/\/binary-option.co\/vn\/wp-content\/plugins\/universal-star-rating\/includes\/image.php?img=06.png&amp;px=14&amp;max=5&amp;rat=5\" alt=\"5 out of 5 stars\" style=\"height: 14px !important;\" \/><\/div><\/p>\n\n\n\n<ul id=\"block-48994b58-cb5d-4105-94aa-8811d40674ea\"><li>Thanh to\u00e1n l\u00ean \u0111\u1ebfn 98% (S\u1ed1 ti\u1ec1n \u0111\u01b0\u1ee3c ghi c\u00f3 v\u00e0o t\u00e0i kho\u1ea3n trong tr\u01b0\u1eddng h\u1ee3p \u0111\u1ea7u t\u01b0 th\u00e0nh c\u00f4ng)<\/li><li>T\u00e0i kho\u1ea3n Demo Mi\u1ec5n ph\u00ed Kh\u00f4ng c\u1ea7n \u0110\u1eb7t c\u1ecdc<\/li><li>IFMRRC \u0111\u01b0\u1ee3c \u0111i\u1ec1u ch\u1ec9nh<\/li><li>Ti\u1ec1n th\u01b0\u1edfng l\u00ean \u0111\u1ebfn 50%<\/li><li>$ 10 t\u1ed1i thi\u1ec3u.&nbsp;G\u1eedi ti\u1ec1n<\/li><\/ul>\n\n\n\n<p class=\"has-text-align-center\"><a class=\"maxbutton-2 maxbutton\" target=\"_blank\" rel=\"nofollow noopener\" href=\"https:\/\/binary-option.co\/go\/quotex.io\"><span class='mb-text'>Gh\u00e9 th\u0103m nh\u00e0 m\u00f4i gi\u1edbi<\/span><\/a><\/p>\n\n\n\n<p class=\"has-text-align-center\">C\u1ea3nh b\u00e1o r\u1ee7i ro chung: v\u1ed1n c\u1ee7a b\u1ea1n \u0111ang g\u1eb7p r\u1ee7i ro<\/p>\n<\/div>\n<\/div>\n\n\n\n<p>Trong b\u00e0i vi\u1ebft n\u00e0y, ch\u00fang t\u00f4i s\u1ebd ph\u00e2n t\u00edch chi ti\u1ebft v\u1ec1 n\u1ec1n t\u1ea3ng giao d\u1ecbch tr\u1ef1c tuy\u1ebfn Quotex l\u00e0 m\u1ed9t nh\u00e0 m\u00f4i gi\u1edbi m\u1edbi tr\u00ean th\u1ecb tr\u01b0\u1eddng v\u1edbi m\u1ee9c \u0111\u1ed9 ph\u1ed5 bi\u1ebfn ng\u00e0y c\u00e0ng t\u0103ng.&nbsp;N\u00f3 c\u00f3 ph\u1ea3i l\u00e0 m\u1ed9t nh\u00e0 m\u00f4i gi\u1edbi an to\u00e0n v\u00e0 \u0111\u00e1ng tin c\u1eady kh\u00f4ng?&nbsp;c\u00e1c c\u00f4ng c\u1ee5 v\u00e0 \u0111\u1eb7c \u0111i\u1ec3m c\u1ee7a n\u1ec1n t\u1ea3ng giao d\u1ecbch n\u00e0y l\u00e0 g\u00ec?&nbsp;Ch\u00fang t\u00f4i s\u1ebd tr\u1ea3 l\u1eddi t\u1ea5t c\u1ea3 nh\u1eefng c\u00e2u h\u1ecfi n\u00e0y v\u00e0 cung c\u1ea5p cho b\u1ea1n \u00fd ki\u1ebfn \u200b\u200bc\u1ee7a ch\u00fang t\u00f4i v\u1ec1 nh\u00e0 m\u00f4i gi\u1edbi n\u00e0y.<\/p>\n\n\n\n<figure class=\"wp-block-image\"><a href=\"https:\/\/binary-option.co\/go\/quotex.io\" target=\"_blank\" rel=\"noreferrer noopener\"><img decoding=\"async\" src=\"https:\/\/binary-option.co\/wp-content\/uploads\/2021\/06\/Quotex-review-1024x575.png\" alt=\"\" class=\"wp-image-615\"\/><\/a><figcaption>Trang web ch\u00ednh th\u1ee9c c\u1ee7a Quotex<\/figcaption><\/figure>\n\n\n\n<h2 class=\"wp-block-heading\">T\u1ed5ng quan v\u1ec1 Quotex<\/h2>\n\n\n\n<p>Quotex.io l\u00e0 m\u1ed9t nh\u00e0 m\u00f4i gi\u1edbi t\u01b0\u01a1ng \u0111\u1ed1i m\u1edbi \u0111\u00e3 nhanh ch\u00f3ng kh\u1eb3ng \u0111\u1ecbnh m\u00ecnh l\u00e0 m\u1ed9t trong nh\u1eefng ng\u01b0\u1eddi \u0111i \u0111\u1ea7u trong l\u0129nh v\u1ef1c quy\u1ec1n ch\u1ecdn k\u1ef9 thu\u1eadt s\u1ed1, n\u00f3 ho\u1ea1t \u0111\u1ed9ng d\u01b0\u1edbi t\u00ean Awesomo Limited, m\u1ed9t&nbsp;<strong>nh\u00e0 m\u00f4i gi\u1edbi \u0111\u01b0\u1ee3c IFMRRC quy \u0111\u1ecbnh<\/strong>&nbsp;v\u00e0 b\u1eaft \u0111\u1ea7u ho\u1ea1t \u0111\u1ed9ng c\u1ee7a h\u1ecd v\u00e0o n\u0103m 2019. Ch\u00ednh m\u1ee5c ti\u00eau c\u1ee7a nh\u00e0 m\u00f4i gi\u1edbi Quotex.io l\u00e0 l\u00e0m cho giao d\u1ecbch tr\u1ef1c tuy\u1ebfn d\u1ec5 d\u00e0ng nh\u1ea5t c\u00f3 th\u1ec3.&nbsp;\u0110\u00e2y l\u00e0 m\u1ed9t n\u1ec1n t\u1ea3ng giao d\u1ecbch hi\u1ec7n \u0111\u1ea1i, minh b\u1ea1ch, tr\u1ef1c quan v\u00e0 \u0111\u00e3 t\u1eebng \u0111o\u1ea1t gi\u1ea3i th\u01b0\u1edfng \u0111\u01b0\u1ee3c c\u00e1c chuy\u00ean gia trong ng\u00e0nh c\u00f4ng nh\u1eadn v\u00e0 \u0111\u01b0\u1ee3c ph\u00e1t tri\u1ec3n b\u1edfi c\u00e1c nh\u00e0 ph\u00e1t tri\u1ec3n v\u1edbi h\u01a1n 10 n\u0103m kinh nghi\u1ec7m.<\/p>\n\n\n\n<h2 class=\"wp-block-heading\">C\u00f4ng c\u1ee5 giao d\u1ecbch Quotex<\/h2>\n\n\n\n<p>Nh\u00e0 m\u00f4i gi\u1edbi n\u00e0y cung c\u1ea5p h\u01a1n 400 c\u00f4ng c\u1ee5 giao d\u1ecbch cho ph\u00e9p ng\u01b0\u1eddi m\u1edbi b\u1eaft \u0111\u1ea7u v\u00e0 nh\u00e0 giao d\u1ecbch chuy\u00ean nghi\u1ec7p tr\u00ean to\u00e0n th\u1ebf gi\u1edbi ki\u1ebfm ti\u1ec1n tr\u00ean c\u00e1c th\u1ecb tr\u01b0\u1eddng t\u00e0i ch\u00ednh nh\u01b0&nbsp;<strong>Forex, C\u1ed5 phi\u1ebfu, Ch\u1ec9 s\u1ed1, Kim lo\u1ea1i, D\u1ea7u v\u00e0 Kh\u00ed c\u0169ng nh\u01b0 giao d\u1ecbch ti\u1ec1n \u0111i\u1ec7n t\u1eed<\/strong>&nbsp;.&nbsp;Do \u0111\u00f3, b\u1ea1n c\u00f3 th\u1ec3 ki\u1ebfm t\u1edbi 98% s\u1ed1 ti\u1ec1n \u0111\u1ea7u t\u01b0 c\u1ee7a m\u00ecnh v\u00e0o nhi\u1ec1u lo\u1ea1i t\u00e0i s\u1ea3n.<\/p>\n\n\n\n<p>C\u00e1c t\u00f9y ch\u1ecdn k\u1ef9 thu\u1eadt s\u1ed1 do nh\u00e0 m\u00f4i gi\u1edbi n\u00e0y cung c\u1ea5p cho ph\u00e9p b\u1ea1n \u0111\u1ea7u c\u01a1 trong kho\u1ea3ng th\u1eddi gian t\u1eeb 1 ph\u00fat \u0111\u1ebfn 4 gi\u1edd v\u1edbi l\u1ee3i nhu\u1eadn \u0111\u1ea7u t\u01b0 l\u00ean \u0111\u1ebfn 98% s\u1ed1 ti\u1ec1n \u0111\u1ea7u t\u01b0 c\u1ee7a b\u1ea1n.&nbsp;S\u1ed1 ti\u1ec1n \u0111\u1ea7u t\u01b0 t\u1ed1i thi\u1ec3u ch\u1ec9 l\u00e0 $ 1. \u0110i\u1ec1u n\u00e0y s\u1ebd ph\u00f9 h\u1ee3p v\u1edbi \u0111\u1ea1i \u0111a s\u1ed1 c\u00e1c nh\u00e0 giao d\u1ecbch.<\/p>\n\n\n\n<h2 class=\"wp-block-heading\">N\u1ec1n t\u1ea3ng giao d\u1ecbch Quotex.io<\/h2>\n\n\n\n<p>N\u1ec1n t\u1ea3ng giao d\u1ecbch quy\u1ec1n ch\u1ecdn k\u1ef9 thu\u1eadt s\u1ed1 Quotex cho ph\u00e9p b\u1ea1n giao d\u1ecbch v\u00f4 s\u1ed1 t\u00e0i s\u1ea3n c\u01a1 b\u1ea3n.&nbsp;Thu\u1eadt ng\u1eef quy\u1ec1n ch\u1ecdn k\u1ef9 thu\u1eadt s\u1ed1 \u0111\u1ec1 c\u1eadp \u0111\u1ebfn quy\u1ec1n ch\u1ecdn nh\u1ecb ph\u00e2n L\u00ean \/ Xu\u1ed1ng, l\u00e0 c\u00e1c giao d\u1ecbch d\u1ef1a tr\u00ean chuy\u1ec3n \u0111\u1ed9ng gi\u00e1 l\u00ean v\u00e0 xu\u1ed1ng v\u1edbi l\u1ee3i nhu\u1eadn \u0111\u01b0\u1ee3c x\u00e1c \u0111\u1ecbnh tr\u01b0\u1edbc cho m\u1ed7i kho\u1ea3n \u0111\u1ea7u t\u01b0 \u0111\u00fang.<\/p>\n\n\n\n<figure class=\"wp-block-image\"><a href=\"https:\/\/binary-option.co\/go\/quotex.io\" target=\"_blank\" rel=\"noreferrer noopener\"><img decoding=\"async\" src=\"https:\/\/binary-option.co\/wp-content\/uploads\/2021\/06\/Quotex-trading-platform-1024x521.png\" alt=\"\" class=\"wp-image-612\"\/><\/a><\/figure>\n\n\n\n<p>\u0110\u1ec3 giao d\u1ecbch tr\u00ean Quotex.io, b\u1ea1n&nbsp;<strong>kh\u00f4ng c\u1ea7n ph\u1ea3i t\u1ea3i xu\u1ed1ng b\u1ea5t k\u1ef3 ph\u1ea7n m\u1ec1m<\/strong>&nbsp;ho\u1eb7c \u1ee9ng d\u1ee5ng n\u00e0o, n\u1ec1n t\u1ea3ng giao d\u1ecbch n\u00e0y ho\u00e0n to\u00e0n d\u1ef1a tr\u00ean tr\u00ecnh duy\u1ec7t web.&nbsp;Do \u0111\u00f3, b\u1ea1n c\u00f3 th\u1ec3 truy c\u1eadp n\u00f3 t\u1eeb b\u1ea5t k\u1ef3 thi\u1ebft b\u1ecb n\u00e0o c\u00f3 tr\u00ecnh duy\u1ec7t web nh\u01b0 m\u00e1y t\u00ednh, \u0111i\u1ec7n tho\u1ea1i th\u00f4ng minh ho\u1eb7c m\u00e1y t\u00ednh b\u1ea3ng.<\/p>\n\n\n\n<div class=\"wp-block-image\"><figure class=\"alignright size-large is-resized\"><a href=\"https:\/\/binary-option.co\/go\/quotex.io\" target=\"_blank\" rel=\"noopener\"><img fetchpriority=\"high\" decoding=\"async\" src=\"https:\/\/binary-option.co\/wp-content\/uploads\/2021\/06\/Quotex-trading-signal.png\" alt=\"\" class=\"wp-image-620\" width=\"192\" height=\"265\"\/><\/a><\/figure><\/div>\n\n\n\n<p>N\u1ec1n t\u1ea3ng Quotex r\u1ea5t \u0111\u01a1n gi\u1ea3n v\u00e0 r\u1ea5t tr\u1ef1c quan, c\u00f3 c\u00e1c t\u00f9y ch\u1ecdn bi\u1ec3u \u0111\u1ed3 kh\u00e1c nhau v\u00e0 nhi\u1ec1u ch\u1ec9 b\u00e1o c\u00f3 s\u1eb5n.&nbsp;B\u1ea1n c\u00f3 th\u1ec3 s\u1eed d\u1ee5ng h\u01a1n&nbsp;<strong>9 ch\u1ec9 b\u00e1o xu h\u01b0\u1edbng<\/strong>&nbsp;nh\u01b0&nbsp;<strong>Bollinger Bands<\/strong>&nbsp;v\u00e0&nbsp;<strong>Ichimoku Cloud<\/strong>&nbsp;c\u0169ng nh\u01b0 kh\u00f4ng \u00edt h\u01a1n&nbsp;<strong>15 ch\u1ec9 b\u00e1o dao \u0111\u1ed9ng<\/strong>&nbsp;nh\u01b0&nbsp;<strong>MACD<\/strong>&nbsp;v\u00e0&nbsp;<strong>RSI<\/strong>&nbsp;.<\/p>\n\n\n\n<p>C\u00e1c t\u00f9y ch\u1ecdn bi\u1ec3u \u0111\u1ed3 \u0111\u01b0\u1ee3c \u0111\u1eb7t \u1edf b\u00ean ph\u1ea3i bi\u1ec3u \u0111\u1ed3 tr\u00ean m\u00e0n h\u00ecnh c\u1ee7a b\u1ea1n.&nbsp;N\u1ec1n t\u1ea3ng n\u00e0y c\u0169ng cung c\u1ea5p quy\u1ec1n truy c\u1eadp v\u00e0o tin t\u1ee9c th\u1ecb tr\u01b0\u1eddng v\u00e0 t\u00edn hi\u1ec7u giao d\u1ecbch.<\/p>\n\n\n\n<h2 class=\"wp-block-heading\">Ki\u1ec3u t\u00e0i kho\u1ea3n<\/h2>\n\n\n\n<p>Nh\u00e0 m\u00f4i gi\u1edbi n\u00e0y cung c\u1ea5p quy\u1ec1n truy c\u1eadp v\u00e0o&nbsp;<strong>t\u00e0i kho\u1ea3n demo mi\u1ec5n ph\u00ed tr\u1ecb gi\u00e1 10.000 \u0111\u00f4 la<\/strong>&nbsp;, b\u1ea1n c\u00f3 th\u1ec3 n\u1ea1p ti\u1ec1n mi\u1ec5n ph\u00ed b\u1ea5t k\u1ef3 l\u00fac n\u00e0o \u0111\u1ec3 th\u1ef1c h\u00e0nh giao d\u1ecbch v\u00e0 kh\u00e1m ph\u00e1 t\u1ea5t c\u1ea3 c\u00e1c ch\u1ee9c n\u0103ng c\u1ee7a n\u1ec1n t\u1ea3ng c\u0169ng nh\u01b0 \u0111\u1ec3&nbsp;<strong>ki\u1ec3m tra c\u00e1c chi\u1ebfn l\u01b0\u1ee3c giao d\u1ecbch c\u1ee7a b\u1ea1n m\u00e0 kh\u00f4ng c\u00f3 r\u1ee7i ro m\u1ea5t m\u00e1t li\u00ean quan<\/strong>&nbsp;.&nbsp;.<\/p>\n\n\n\n<figure class=\"wp-block-image\"><a href=\"https:\/\/binary-option.co\/go\/quotex.io\" target=\"_blank\" rel=\"noreferrer noopener\"><img decoding=\"async\" src=\"https:\/\/binary-option.co\/wp-content\/uploads\/2021\/06\/Quotex-Demo-account-1024x517.png\" alt=\"\" class=\"wp-image-618\"\/><\/a><\/figure>\n\n\n\n<p>Sau \u0111\u00f3, khi b\u1ea1n c\u1ea3m th\u1ea5y s\u1eb5n s\u00e0ng b\u1eaft tay v\u00e0o kinh doanh, b\u1ea1n c\u00f3 th\u1ec3 chuy\u1ec3n sang ch\u1ebf \u0111\u1ed9 giao d\u1ecbch th\u1ef1c c\u00f3 th\u1ec3 truy c\u1eadp v\u1edbi&nbsp;<strong>kho\u1ea3n ti\u1ec1n g\u1eedi ch\u1ec9 l\u00e0 10 \u0111\u00f4 la<\/strong>&nbsp;v\u00e0 s\u1ebd cho ph\u00e9p b\u1ea1n giao d\u1ecbch b\u1eb1ng ti\u1ec1n th\u1eadt.<\/p>\n\n\n\n<figure class=\"wp-block-image size-large is-resized\"><a href=\"https:\/\/binary-option.co\/go\/quotex.io\" target=\"_blank\" rel=\"noopener\"><img decoding=\"async\" src=\"https:\/\/binary-option.co\/wp-content\/uploads\/2021\/06\/quotex-account-type-1-1024x964.png\" alt=\"\" class=\"wp-image-614\" width=\"523\" height=\"492\"\/><\/a><\/figure>\n\n\n\n<h2 class=\"wp-block-heading\">G\u1eedi v\u00e0 R\u00fat ti\u1ec1n<\/h2>\n\n\n\n<p>Quotex c\u00f3 m\u1ed9t s\u1ed1 l\u01b0\u1ee3ng l\u1edbn c\u00e1c ph\u01b0\u01a1ng th\u1ee9c g\u1eedi v\u00e0 r\u00fat ti\u1ec1n c\u1ee7a b\u1ea1n.&nbsp;B\u1ea1n c\u00f3 th\u1ec3 thanh to\u00e1n v\u00e0 r\u00fat ti\u1ec1n b\u1eb1ng&nbsp;<strong>Th\u1ebb Visa v\u00e0 MasterCard<\/strong>&nbsp;, V\u00ed \u0111i\u1ec7n t\u1eed nh\u01b0&nbsp;<strong>Neteller<\/strong>&nbsp;,&nbsp;<strong>Skrill<\/strong>&nbsp;,&nbsp;<strong>WebMoney<\/strong>&nbsp;,&nbsp;<strong>QIWI Mobile Payments<\/strong>&nbsp;c\u0169ng nh\u01b0 v\u1edbi&nbsp;<strong>Ti\u1ec1n \u0111i\u1ec7n t\u1eed<\/strong>&nbsp;.<\/p>\n\n\n\n<p><strong>G\u1eedi v\u00e0 r\u00fat ti\u1ec1n nhanh ch\u00f3ng<\/strong>&nbsp;v\u00e0 \u0111\u01b0\u1ee3c th\u1ef1c hi\u1ec7n v\u1edbi c\u00f9ng m\u1ed9t ngu\u1ed3n c\u1ee7a kho\u1ea3n ti\u1ec1n g\u1eedi \u0111\u1ea7u ti\u00ean, ngo\u1ea1i tr\u1eeb n\u1ebfu ngu\u1ed3n c\u1ee7a ph\u01b0\u01a1ng ti\u1ec7n thanh to\u00e1n th\u1ee9 hai \u0111\u00e3 \u0111\u01b0\u1ee3c x\u00e1c minh.&nbsp;Quotex kh\u00f4ng t\u00ednh ph\u00ed r\u00fat ti\u1ec1n ho\u1eb7c ph\u00ed g\u1eedi ti\u1ec1n.&nbsp;Tuy nhi\u00ean, m\u1ed9t s\u1ed1 ph\u01b0\u01a1ng th\u1ee9c thanh to\u00e1n c\u00f3 th\u1ec3 ph\u00e1t sinh ph\u00ed kh\u00f4ng do ch\u00ednh n\u1ec1n t\u1ea3ng t\u00ednh ph\u00ed m\u00e0 do nh\u00e0 cung c\u1ea5p thanh to\u00e1n.<\/p>\n\n\n\n<p>Xin l\u01b0u \u00fd r\u1eb1ng m\u1ed9t s\u1ed1 ph\u01b0\u01a1ng th\u1ee9c thanh to\u00e1n kh\u00f4ng kh\u1ea3 d\u1ee5ng t\u00f9y thu\u1ed9c v\u00e0o qu\u1ed1c gia c\u01b0 tr\u00fa c\u1ee7a b\u1ea1n, nh\u01b0ng thanh to\u00e1n b\u1eb1ng ti\u1ec1n \u0111i\u1ec7n t\u1eed \u0111\u01b0\u1ee3c ch\u1ea5p nh\u1eadn \u1edf t\u1ea5t c\u1ea3 c\u00e1c qu\u1ed1c gia.<\/p>\n\n\n\n<h2 class=\"wp-block-heading\">T\u1eb7ng kem<\/h2>\n\n\n\n<figure class=\"wp-block-image\"><a href=\"https:\/\/binary-option.co\/go\/quotex.io\" target=\"_blank\" rel=\"noreferrer noopener\"><img decoding=\"async\" src=\"https:\/\/binary-option.co\/wp-content\/uploads\/2021\/06\/Quotex-bonus-1024x109.png\" alt=\"\" class=\"wp-image-616\"\/><\/a><\/figure>\n\n\n\n<p>Nh\u00e0 m\u00f4i gi\u1edbi n\u00e0y&nbsp;<strong>cung c\u1ea5p ti\u1ec1n th\u01b0\u1edfng t\u1eeb 30% \u0111\u1ebfn 50%<\/strong>&nbsp;sau t\u1ed5ng s\u1ed1 ti\u1ec1n g\u1eedi \u0111\u1ea7u ti\u00ean c\u1ee7a b\u1ea1n.&nbsp;Ti\u1ec1n th\u01b0\u1edfng ch\u1ec9 \u0111\u01b0\u1ee3c cung c\u1ea5p \u1edf l\u1ea7n g\u1eedi ti\u1ec1n \u0111\u1ea7u ti\u00ean v\u00e0 kh\u00f4ng th\u1ec3 nh\u1eadn th\u00eam ti\u1ec1n th\u01b0\u1edfng.<\/p>\n\n\n\n<h2 class=\"wp-block-heading\">K\u1ebft lu\u1eadn \u0111\u00e1nh gi\u00e1 tr\u00edch d\u1eabn:<\/h2>\n\n\n\n<p>M\u1eb7c d\u00f9 nh\u00e0 m\u00f4i gi\u1edbi n\u00e0y l\u00e0 m\u1edbi trong ng\u00e0nh, nh\u01b0ng&nbsp;<strong>Quotex l\u00e0 m\u1ed9t nh\u00e0 m\u00f4i gi\u1edbi \u0111\u00e1ng tin c\u1eady v\u00e0 \u0111\u00e1ng tin c\u1eady<\/strong>&nbsp;cho ph\u00e9p b\u1ea1n t\u1ef1 tin giao d\u1ecbch v\u00f4 s\u1ed1 t\u00e0i s\u1ea3n th\u00f4ng qua c\u00e1c t\u00f9y ch\u1ecdn k\u1ef9 thu\u1eadt s\u1ed1.&nbsp;\u0110\u00e2y l\u00e0 m\u1ed9t n\u1ec1n t\u1ea3ng giao d\u1ecbch minh b\u1ea1ch, tr\u1ef1c quan v\u00e0 hi\u1ec7n \u0111\u1ea1i cho ph\u00e9p t\u1ea5t c\u1ea3 c\u00e1c lo\u1ea1i nh\u00e0 giao d\u1ecbch truy c\u1eadp v\u00e0o h\u01a1n 400 t\u00e0i s\u1ea3n kh\u00e1c nhau.&nbsp;Mang \u0111\u1ebfn cho b\u1ea1n nh\u1eefng \u0111i\u1ec1u ki\u1ec7n t\u1ed1t nh\u1ea5t \u0111\u1ec3 giao d\u1ecbch quy\u1ec1n ch\u1ecdn k\u1ef9 thu\u1eadt s\u1ed1.&nbsp;V\u00ec v\u1eady, \u0111\u1eebng ng\u1ea7n ng\u1ea1i m\u1edf m\u1ed9t t\u00e0i kho\u1ea3n demo tr\u00ean Quotex.io \u0111\u1ec3 d\u00f9ng th\u1eed v\u00e0 xem t\u1ea1i sao nh\u00e0 m\u00f4i gi\u1edbi n\u00e0y x\u1ee9ng \u0111\u00e1ng \u0111\u01b0\u1ee3c c\u00f4ng nh\u1eadn l\u00e0 m\u1ed9t trong nh\u1eefng ng\u01b0\u1eddi d\u1eabn \u0111\u1ea7u trong ng\u00e0nh.<\/p>\n\n\n\n<p class=\"has-text-align-center\"><a class=\"maxbutton-2 maxbutton\" target=\"_blank\" rel=\"nofollow noopener\" href=\"https:\/\/binary-option.co\/go\/quotex.io\"><span class='mb-text'>Gh\u00e9 th\u0103m nh\u00e0 m\u00f4i gi\u1edbi<\/span><\/a><\/p>\n","protected":false},"excerpt":{"rendered":"<p>X\u1ebfp h\u1ea1ng: Thanh to\u00e1n l\u00ean \u0111\u1ebfn 98% (S\u1ed1 ti\u1ec1n \u0111\u01b0\u1ee3c ghi c\u00f3 v\u00e0o t\u00e0i kho\u1ea3n trong tr\u01b0\u1eddng h\u1ee3p \u0111\u1ea7u t\u01b0 th\u00e0nh c\u00f4ng) T\u00e0i kho\u1ea3n Demo Mi\u1ec5n ph\u00ed Kh\u00f4ng c\u1ea7n \u0110\u1eb7t c\u1ecdc IFMRRC \u0111\u01b0\u1ee3c \u0111i\u1ec1u ch\u1ec9nh Ti\u1ec1n th\u01b0\u1edfng l\u00ean \u0111\u1ebfn 50% $ 10 t\u1ed1i thi\u1ec3u.&nbsp;G\u1eedi ti\u1ec1n C\u1ea3nh b\u00e1o r\u1ee7i ro chung: v\u1ed1n c\u1ee7a b\u1ea1n \u0111ang g\u1eb7p [&hellip;]<\/p>\n","protected":false},"author":1,"featured_media":0,"parent":0,"menu_order":0,"comment_status":"closed","ping_status":"closed","template":"","meta":{"footnotes":""},"yoast_head":"<!-- This site is optimized with the Yoast SEO plugin v21.9.1 - https:\/\/yoast.com\/wordpress\/plugins\/seo\/ -->\n<title>\u0110\u00e1nh gi\u00e1 Quotex 2023 : N\u00f3 c\u00f3 th\u1ef1c s\u1ef1 l\u00e0 m\u1ed9t nh\u00e0 m\u00f4i gi\u1edbi \u0111\u00e1ng tin c\u1eady?<\/title>\n<meta name=\"robots\" content=\"index, follow, max-snippet:-1, max-image-preview:large, max-video-preview:-1\" \/>\n<link rel=\"canonical\" href=\"https:\/\/binary-option.co\/vn\/danh-gia-quotex\/\" \/>\n<meta property=\"og:locale\" content=\"vi_VN\" \/>\n<meta property=\"og:type\" content=\"article\" \/>\n<meta property=\"og:title\" content=\"\u0110\u00e1nh gi\u00e1 Quotex 2023 : N\u00f3 c\u00f3 th\u1ef1c s\u1ef1 l\u00e0 m\u1ed9t nh\u00e0 m\u00f4i gi\u1edbi \u0111\u00e1ng tin c\u1eady?\" \/>\n<meta property=\"og:description\" content=\"X\u1ebfp h\u1ea1ng: Thanh to\u00e1n l\u00ean \u0111\u1ebfn 98% (S\u1ed1 ti\u1ec1n \u0111\u01b0\u1ee3c ghi c\u00f3 v\u00e0o t\u00e0i kho\u1ea3n trong tr\u01b0\u1eddng h\u1ee3p \u0111\u1ea7u t\u01b0 th\u00e0nh c\u00f4ng) T\u00e0i kho\u1ea3n Demo Mi\u1ec5n ph\u00ed Kh\u00f4ng c\u1ea7n \u0110\u1eb7t c\u1ecdc IFMRRC \u0111\u01b0\u1ee3c \u0111i\u1ec1u ch\u1ec9nh Ti\u1ec1n th\u01b0\u1edfng l\u00ean \u0111\u1ebfn 50% $ 10 t\u1ed1i thi\u1ec3u.&nbsp;G\u1eedi ti\u1ec1n C\u1ea3nh b\u00e1o r\u1ee7i ro chung: v\u1ed1n c\u1ee7a b\u1ea1n \u0111ang g\u1eb7p [&hellip;]\" \/>\n<meta property=\"og:url\" content=\"https:\/\/binary-option.co\/vn\/danh-gia-quotex\/\" \/>\n<meta property=\"og:site_name\" content=\"quyenchonnhiphan.net\" \/>\n<meta property=\"article:modified_time\" content=\"2023-01-14T19:01:39+00:00\" \/>\n<meta property=\"og:image\" content=\"https:\/\/binary-option.co\/wp-content\/uploads\/2021\/05\/quotex-io.png\" \/>\n<meta name=\"twitter:card\" content=\"summary_large_image\" \/>\n<meta name=\"twitter:label1\" content=\"\u01af\u1edbc t\u00ednh th\u1eddi gian \u0111\u1ecdc\" \/>\n\t<meta name=\"twitter:data1\" content=\"7 ph\u00fat\" \/>\n<script type=\"application\/ld+json\" class=\"yoast-schema-graph\">{\"@context\":\"https:\/\/schema.org\",\"@graph\":[{\"@type\":\"WebPage\",\"@id\":\"https:\/\/binary-option.co\/vn\/danh-gia-quotex\/\",\"url\":\"https:\/\/binary-option.co\/vn\/danh-gia-quotex\/\",\"name\":\"\u0110\u00e1nh gi\u00e1 Quotex 2023 : N\u00f3 c\u00f3 th\u1ef1c s\u1ef1 l\u00e0 m\u1ed9t nh\u00e0 m\u00f4i gi\u1edbi \u0111\u00e1ng tin c\u1eady?\",\"isPartOf\":{\"@id\":\"https:\/\/binary-option.co\/vn\/#website\"},\"datePublished\":\"2022-04-22T14:40:21+00:00\",\"dateModified\":\"2023-01-14T19:01:39+00:00\",\"breadcrumb\":{\"@id\":\"https:\/\/binary-option.co\/vn\/danh-gia-quotex\/#breadcrumb\"},\"inLanguage\":\"vi\",\"potentialAction\":[{\"@type\":\"ReadAction\",\"target\":[\"https:\/\/binary-option.co\/vn\/danh-gia-quotex\/\"]}]},{\"@type\":\"BreadcrumbList\",\"@id\":\"https:\/\/binary-option.co\/vn\/danh-gia-quotex\/#breadcrumb\",\"itemListElement\":[{\"@type\":\"ListItem\",\"position\":1,\"name\":\"Home\",\"item\":\"https:\/\/binary-option.co\/vn\/\"},{\"@type\":\"ListItem\",\"position\":2,\"name\":\"\u0110\u00e1nh gi\u00e1 Quotex\"}]},{\"@type\":\"WebSite\",\"@id\":\"https:\/\/binary-option.co\/vn\/#website\",\"url\":\"https:\/\/binary-option.co\/vn\/\",\"name\":\"quyenchonnhiphan.net\",\"description\":\"T\u1ea5t c\u1ea3 nh\u1eefng g\u00ec b\u1ea1n c\u1ea7n bi\u1ebft v\u1ec1 Giao d\u1ecbch Quy\u1ec1n ch\u1ecdn Nh\u1ecb ph\u00e2n t\u1ea1i Vi\u1ec7t Nam\",\"publisher\":{\"@id\":\"https:\/\/binary-option.co\/vn\/#organization\"},\"potentialAction\":[{\"@type\":\"SearchAction\",\"target\":{\"@type\":\"EntryPoint\",\"urlTemplate\":\"https:\/\/binary-option.co\/vn\/?s={search_term_string}\"},\"query-input\":\"required name=search_term_string\"}],\"inLanguage\":\"vi\"},{\"@type\":\"Organization\",\"@id\":\"https:\/\/binary-option.co\/vn\/#organization\",\"name\":\"quyenchonnhiphan.net\",\"url\":\"https:\/\/binary-option.co\/vn\/\",\"logo\":{\"@type\":\"ImageObject\",\"inLanguage\":\"vi\",\"@id\":\"https:\/\/binary-option.co\/vn\/#\/schema\/logo\/image\/\",\"url\":\"https:\/\/binary-option.co\/vn\/wp-content\/uploads\/sites\/5\/2020\/12\/binary-option.co_.png\",\"contentUrl\":\"https:\/\/binary-option.co\/vn\/wp-content\/uploads\/sites\/5\/2020\/12\/binary-option.co_.png\",\"width\":398,\"height\":66,\"caption\":\"quyenchonnhiphan.net\"},\"image\":{\"@id\":\"https:\/\/binary-option.co\/vn\/#\/schema\/logo\/image\/\"}}]}<\/script>\n<!-- \/ Yoast SEO plugin. -->","yoast_head_json":{"title":"\u0110\u00e1nh gi\u00e1 Quotex 2023 : N\u00f3 c\u00f3 th\u1ef1c s\u1ef1 l\u00e0 m\u1ed9t nh\u00e0 m\u00f4i gi\u1edbi \u0111\u00e1ng tin c\u1eady?","robots":{"index":"index","follow":"follow","max-snippet":"max-snippet:-1","max-image-preview":"max-image-preview:large","max-video-preview":"max-video-preview:-1"},"canonical":"https:\/\/binary-option.co\/vn\/danh-gia-quotex\/","og_locale":"vi_VN","og_type":"article","og_title":"\u0110\u00e1nh gi\u00e1 Quotex 2023 : N\u00f3 c\u00f3 th\u1ef1c s\u1ef1 l\u00e0 m\u1ed9t nh\u00e0 m\u00f4i gi\u1edbi \u0111\u00e1ng tin c\u1eady?","og_description":"X\u1ebfp h\u1ea1ng: Thanh to\u00e1n l\u00ean \u0111\u1ebfn 98% (S\u1ed1 ti\u1ec1n \u0111\u01b0\u1ee3c ghi c\u00f3 v\u00e0o t\u00e0i kho\u1ea3n trong tr\u01b0\u1eddng h\u1ee3p \u0111\u1ea7u t\u01b0 th\u00e0nh c\u00f4ng) T\u00e0i kho\u1ea3n Demo Mi\u1ec5n ph\u00ed Kh\u00f4ng c\u1ea7n \u0110\u1eb7t c\u1ecdc IFMRRC \u0111\u01b0\u1ee3c \u0111i\u1ec1u ch\u1ec9nh Ti\u1ec1n th\u01b0\u1edfng l\u00ean \u0111\u1ebfn 50% $ 10 t\u1ed1i thi\u1ec3u.&nbsp;G\u1eedi ti\u1ec1n C\u1ea3nh b\u00e1o r\u1ee7i ro chung: v\u1ed1n c\u1ee7a b\u1ea1n \u0111ang g\u1eb7p [&hellip;]","og_url":"https:\/\/binary-option.co\/vn\/danh-gia-quotex\/","og_site_name":"quyenchonnhiphan.net","article_modified_time":"2023-01-14T19:01:39+00:00","og_image":[{"url":"https:\/\/binary-option.co\/wp-content\/uploads\/2021\/05\/quotex-io.png"}],"twitter_card":"summary_large_image","twitter_misc":{"\u01af\u1edbc t\u00ednh th\u1eddi gian \u0111\u1ecdc":"7 ph\u00fat"},"schema":{"@context":"https:\/\/schema.org","@graph":[{"@type":"WebPage","@id":"https:\/\/binary-option.co\/vn\/danh-gia-quotex\/","url":"https:\/\/binary-option.co\/vn\/danh-gia-quotex\/","name":"\u0110\u00e1nh gi\u00e1 Quotex 2023 : N\u00f3 c\u00f3 th\u1ef1c s\u1ef1 l\u00e0 m\u1ed9t nh\u00e0 m\u00f4i gi\u1edbi \u0111\u00e1ng tin c\u1eady?","isPartOf":{"@id":"https:\/\/binary-option.co\/vn\/#website"},"datePublished":"2022-04-22T14:40:21+00:00","dateModified":"2023-01-14T19:01:39+00:00","breadcrumb":{"@id":"https:\/\/binary-option.co\/vn\/danh-gia-quotex\/#breadcrumb"},"inLanguage":"vi","potentialAction":[{"@type":"ReadAction","target":["https:\/\/binary-option.co\/vn\/danh-gia-quotex\/"]}]},{"@type":"BreadcrumbList","@id":"https:\/\/binary-option.co\/vn\/danh-gia-quotex\/#breadcrumb","itemListElement":[{"@type":"ListItem","position":1,"name":"Home","item":"https:\/\/binary-option.co\/vn\/"},{"@type":"ListItem","position":2,"name":"\u0110\u00e1nh gi\u00e1 Quotex"}]},{"@type":"WebSite","@id":"https:\/\/binary-option.co\/vn\/#website","url":"https:\/\/binary-option.co\/vn\/","name":"quyenchonnhiphan.net","description":"T\u1ea5t c\u1ea3 nh\u1eefng g\u00ec b\u1ea1n c\u1ea7n bi\u1ebft v\u1ec1 Giao d\u1ecbch Quy\u1ec1n ch\u1ecdn Nh\u1ecb ph\u00e2n t\u1ea1i Vi\u1ec7t Nam","publisher":{"@id":"https:\/\/binary-option.co\/vn\/#organization"},"potentialAction":[{"@type":"SearchAction","target":{"@type":"EntryPoint","urlTemplate":"https:\/\/binary-option.co\/vn\/?s={search_term_string}"},"query-input":"required name=search_term_string"}],"inLanguage":"vi"},{"@type":"Organization","@id":"https:\/\/binary-option.co\/vn\/#organization","name":"quyenchonnhiphan.net","url":"https:\/\/binary-option.co\/vn\/","logo":{"@type":"ImageObject","inLanguage":"vi","@id":"https:\/\/binary-option.co\/vn\/#\/schema\/logo\/image\/","url":"https:\/\/binary-option.co\/vn\/wp-content\/uploads\/sites\/5\/2020\/12\/binary-option.co_.png","contentUrl":"https:\/\/binary-option.co\/vn\/wp-content\/uploads\/sites\/5\/2020\/12\/binary-option.co_.png","width":398,"height":66,"caption":"quyenchonnhiphan.net"},"image":{"@id":"https:\/\/binary-option.co\/vn\/#\/schema\/logo\/image\/"}}]}},"_links":{"self":[{"href":"https:\/\/binary-option.co\/vn\/wp-json\/wp\/v2\/pages\/194"}],"collection":[{"href":"https:\/\/binary-option.co\/vn\/wp-json\/wp\/v2\/pages"}],"about":[{"href":"https:\/\/binary-option.co\/vn\/wp-json\/wp\/v2\/types\/page"}],"author":[{"embeddable":true,"href":"https:\/\/binary-option.co\/vn\/wp-json\/wp\/v2\/users\/1"}],"replies":[{"embeddable":true,"href":"https:\/\/binary-option.co\/vn\/wp-json\/wp\/v2\/comments?post=194"}],"version-history":[{"count":2,"href":"https:\/\/binary-option.co\/vn\/wp-json\/wp\/v2\/pages\/194\/revisions"}],"predecessor-version":[{"id":251,"href":"https:\/\/binary-option.co\/vn\/wp-json\/wp\/v2\/pages\/194\/revisions\/251"}],"wp:attachment":[{"href":"https:\/\/binary-option.co\/vn\/wp-json\/wp\/v2\/media?parent=194"}],"curies":[{"name":"wp","href":"https:\/\/api.w.org\/{rel}","templated":true}]}}