{"id":13,"date":"2020-09-20T13:55:12","date_gmt":"2020-09-20T13:55:12","guid":{"rendered":"http:\/\/quyenchonnhiphan.net\/?page_id=13"},"modified":"2021-05-24T14:56:18","modified_gmt":"2021-05-24T14:56:18","slug":"demo","status":"publish","type":"page","link":"https:\/\/binary-option.co\/vn\/demo\/","title":{"rendered":"T\u00e0i kho\u1ea3n demo quy\u1ec1n ch\u1ecdn nh\u1ecb ph\u00e2n"},"content":{"rendered":"\n<p>Nhi\u1ec1u ng\u01b0\u1eddi m\u00f4i gi\u1edbi cung c\u1ea5p t\u00e0i Kho\u1ea3n Demo. V\u00e0i m\u00f4i gi\u1edbi cung c\u1ea5p mi\u1ec5n Ph\u00ed Nh\u1ecb ph\u00e2n l\u1ef1a Ch\u1ecdn t\u00e0i Kho\u1ea3n Demo. M\u1ed9t b\u1ea3n demo mi\u1ec5n ph\u00ed t\u00e0i kho\u1ea3n l\u00e0 m\u1ed9t th\u1ef1c h\u00e0nh giao d\u1ecbch t\u00e0i kho\u1ea3n m\u00e0 m\u1ed9t nh\u00e0 m\u00f4i gi\u1edbi cung m\u00e0 kh\u00f4ng c\u1ea7n ti\u1ec1n. Ch\u1ec9 c\u1ea7n \u0111\u0103ng k\u00fd cho m\u1ed9t t\u00e0i kho\u1ea3n \u1edf nh\u00e0 m\u00f4i gi\u1edbi v\u00e0 y\u00eau c\u1ea7u c\u1ee7a b\u1ea1n demo t\u1eeb d\u1ecbch v\u1ee5 kh\u00e1ch h\u00e0ng.<\/p>\n\n\n\n<p>Mi\u1ec5n ph\u00ed tr\u00ecnh di\u1ec5n n\u00f3i chung l\u00e0 kh\u00f4ng c\u00f3 gi\u1edbi h\u1ea1n trong \u0111i\u1ec1u ki\u1ec7n c\u1ee7a bao nhi\u00eau h\u00e0nh ti\u1ec1n b\u1ea1n c\u00f3 th\u1ec3 qu\u1ef9 t\u00e0i kho\u1ea3n v\u1edbi v\u00e0 th\u1eddi gian c\u1ee7a c\u00e1c t\u00e0i kho\u1ea3n. Ch\u00fang t\u00f4i \u0111\u00e3 cung c\u1ea5p m\u1ed9t danh s\u00e1ch c\u1ee7a c\u00e1c m\u00f4i gi\u1edbi \u0111\u1ea7u v\u1edbi b\u1ea3n demo mi\u1ec5n ph\u00ed t\u00e0i kho\u1ea3n theo t\u00e0i tr\u1ee3 v\u00e0 gi\u1edbi h\u1ea1n th\u1eddi gian.<\/p>\n\n\n\n\n<table id=\"tablepress-4\" class=\"tablepress tablepress-id-4 tablepress-responsive tablepress-responsive-stack-phone\">\n<thead>\n<tr class=\"row-1\">\n\t<th class=\"column-1\">S\u00e0n BO<\/th><th class=\"column-2\">Thanh to\u00e1n<\/th><th class=\"column-3\">S\u1ed1 ti\u1ec1n g\u1eedi t\u1ed1i thi\u1ec3u<\/th><th class=\"column-4\">T\u0103\u0323ng kem<\/th><th class=\"column-5\">X\u1ebfp h\u1ea1ng<\/th><th class=\"column-6\">Bi\u1ec3u t\u00ecnh mi\u1ec5n ph\u00ed<\/th><th class=\"column-7\">Trang m\u1ea1ng<\/th>\n<\/tr>\n<\/thead>\n<tbody>\n<tr class=\"row-2\">\n\t<td class=\"column-1\"><a href=\"https:\/\/binary-option.co\/go\/quotex.io\"><img decoding=\"async\" src=\"https:\/\/binary-option.co\/wp-content\/uploads\/2021\/05\/Quotex.io-.png\" alt=\"\" width=\"160\" height=\"40\" class=\"alignnone size-full wp-image-468\" \/><\/a><\/td><td class=\"column-2\">98% thanh to\u00e1n<\/td><td class=\"column-3\">10$ ti\u1ec1n g\u1eedi t\u1ed1i thi\u1ec3u<\/td><td class=\"column-4\">50% T\u0103\u0323ng kem (M\u00e3 khuy\u1ebfn m\u1ea1i: binary-option)<\/td><td class=\"column-5\"><div itemprop=\"reviewRating\" itemscope itemtype=\"http:\/\/schema.org\/Rating\" class=\"usr\"><meta itemprop=\"worstRating\" content=\"0\" \/><meta itemprop=\"ratingValue\" content=\"5\" \/><meta itemprop=\"bestRating\" content=\"5\" \/><img decoding=\"async\" class=\"usr\" src=\"https:\/\/binary-option.co\/vn\/wp-content\/plugins\/universal-star-rating\/includes\/image.php?img=06.png&amp;px=14&amp;max=5&amp;rat=5\" alt=\"5 out of 5 stars\" style=\"height: 14px !important;\" \/><\/div><\/td><td class=\"column-6\"><a href=\"https:\/\/binary-option.co\/go\/quotex.io\/demo\" rel=\"noopener\" target=\"_blank\">M\u1edf t\u00e0i kho\u1ea3n demo mi\u1ec5n ph\u00ed<\/a><\/td><td class=\"column-7\"><style type='text\/css'>.maxbutton-1.maxbutton{position:relative;text-decoration:none;display:inline-block;vertical-align:middle;width:77px;height:33px;border:2px solid #5eb740;border-radius:4px 4px 4px 4px;background-color:#5eb740;box-shadow:0px 0px 2px 1px #333333}.maxbutton-1.maxbutton:hover{border-color:#5fc143;background-color:#5fc143;box-shadow:0px 0px 2px 1px #333333}.maxbutton-1.maxbutton .mb-text{color:#ffffff;font-family:Arial;font-size:15px;text-align:center;font-style:normal;font-weight:bold;line-height:1em;box-sizing:border-box;display:block;background-color:unset;padding:7px 0px 0px 0px}.maxbutton-1.maxbutton:hover .mb-text{color:#ffffff}@media only screen and (min-width:77px) and (max-width:200px){.maxbutton-1.maxbutton .mb-text{font-weight:normal}}<\/style><a class=\"maxbutton-1 maxbutton\" href=\"https:\/\/binary-option.co\/go\/quotex.io\"><span class='mb-text'>\u00bb \u0110\u0103ng k\u00fd<\/span><\/a><\/td>\n<\/tr>\n<tr class=\"row-3\">\n\t<td class=\"column-1\"><a href=\"https:\/\/binary-option.co\/go\/pocketoption.com\"><img decoding=\"async\" src=\"https:\/\/binary-option.co\/wp-content\/uploads\/2020\/08\/Pocket-Option.png\" alt=\"\" width=\"160\" height=\"40\" class=\"alignnone size-full wp-image-132\" \/><\/a><\/td><td class=\"column-2\">92% thanh to\u00e1n<\/td><td class=\"column-3\">50$ ti\u1ec1n g\u1eedi t\u1ed1i thi\u1ec3u<\/td><td class=\"column-4\">50% T\u0103\u0323ng kem<\/td><td class=\"column-5\"><div itemprop=\"reviewRating\" itemscope itemtype=\"http:\/\/schema.org\/Rating\" class=\"usr\"><meta itemprop=\"worstRating\" content=\"0\" \/><meta itemprop=\"ratingValue\" content=\"5\" \/><meta itemprop=\"bestRating\" content=\"5\" \/><img decoding=\"async\" class=\"usr\" src=\"https:\/\/binary-option.co\/vn\/wp-content\/plugins\/universal-star-rating\/includes\/image.php?img=06.png&amp;px=14&amp;max=5&amp;rat=5\" alt=\"5 out of 5 stars\" style=\"height: 14px !important;\" \/><\/div><\/td><td class=\"column-6\"><a href=\"https:\/\/binary-option.co\/go\/pocketoption.com\/demo\" rel=\"noopener\" target=\"_blank\">M\u1edf t\u00e0i kho\u1ea3n demo mi\u1ec5n ph\u00ed<\/a><\/td><td class=\"column-7\"><a class=\"maxbutton-1 maxbutton\" href=\"https:\/\/binary-option.co\/go\/pocketoption.com\"><span class='mb-text'>\u00bb \u0110\u0103ng k\u00fd<\/span><\/a><\/td>\n<\/tr>\n<tr class=\"row-4\">\n\t<td class=\"column-1\"><a href=\"https:\/\/binary-option.co\/go\/iqcent.com\"><img decoding=\"async\" src=\"https:\/\/binary-option.co\/wp-content\/uploads\/2022\/11\/IQCent-Logo.png\" alt=\"\" width=\"160\" height=\"50\" class=\"alignnone size-full wp-image-142\" \/><\/a><\/td><td class=\"column-2\">95% thanh to\u00e1n<\/td><td class=\"column-3\">20$ ti\u1ec1n g\u1eedi t\u1ed1i thi\u1ec3u<\/td><td class=\"column-4\">200% T\u0103\u0323ng kem (M\u00e3 khuy\u1ebfn m\u1ea1i: CRAZY200)<\/td><td class=\"column-5\"><div itemprop=\"reviewRating\" itemscope itemtype=\"http:\/\/schema.org\/Rating\" class=\"usr\"><meta itemprop=\"worstRating\" content=\"0\" \/><meta itemprop=\"ratingValue\" content=\"5\" \/><meta itemprop=\"bestRating\" content=\"5\" \/><img decoding=\"async\" class=\"usr\" src=\"https:\/\/binary-option.co\/vn\/wp-content\/plugins\/universal-star-rating\/includes\/image.php?img=06.png&amp;px=14&amp;max=5&amp;rat=5\" alt=\"5 out of 5 stars\" style=\"height: 14px !important;\" \/><\/div><\/td><td class=\"column-6\"><a href=\"https:\/\/binary-option.co\/go\/iqcent.com\" rel=\"noopener\" target=\"_blank\">M\u1edf t\u00e0i kho\u1ea3n demo mi\u1ec5n ph\u00ed<\/a><\/td><td class=\"column-7\"><a class=\"maxbutton-1 maxbutton\" href=\"https:\/\/binary-option.co\/go\/iqoption.com\"><span class='mb-text'>\u00bb \u0110\u0103ng k\u00fd<\/span><\/a><\/td>\n<\/tr>\n<tr class=\"row-5\">\n\t<td class=\"column-1\"><a href=\"https:\/\/binary-option.co\/go\/iqoption.com\"><img loading=\"lazy\" decoding=\"async\" src=\"https:\/\/binary-option.co\/wp-content\/uploads\/2020\/08\/IQ-Option-1-1.png\" alt=\"\" width=\"160\" height=\"50\" class=\"alignnone size-full wp-image-142\" \/><\/a><\/td><td class=\"column-2\">91% thanh to\u00e1n<\/td><td class=\"column-3\">10$ ti\u1ec1n g\u1eedi t\u1ed1i thi\u1ec3u<\/td><td class=\"column-4\">Kh\u00f4ng c\u00f3 ti\u1ec1n th\u01b0\u1edfng<\/td><td class=\"column-5\"><div itemprop=\"reviewRating\" itemscope itemtype=\"http:\/\/schema.org\/Rating\" class=\"usr\"><meta itemprop=\"worstRating\" content=\"0\" \/><meta itemprop=\"ratingValue\" content=\"5\" \/><meta itemprop=\"bestRating\" content=\"5\" \/><img decoding=\"async\" class=\"usr\" src=\"https:\/\/binary-option.co\/vn\/wp-content\/plugins\/universal-star-rating\/includes\/image.php?img=06.png&amp;px=14&amp;max=5&amp;rat=5\" alt=\"5 out of 5 stars\" style=\"height: 14px !important;\" \/><\/div><\/td><td class=\"column-6\"><a href=\"https:\/\/binary-option.co\/go\/iqoption.com\/demo\" rel=\"noopener\" target=\"_blank\">M\u1edf t\u00e0i kho\u1ea3n demo mi\u1ec5n ph\u00ed<\/a><\/td><td class=\"column-7\"><a class=\"maxbutton-1 maxbutton\" href=\"https:\/\/binary-option.co\/go\/iqoption.com\"><span class='mb-text'>\u00bb \u0110\u0103ng k\u00fd<\/span><\/a><\/td>\n<\/tr>\n<tr class=\"row-6\">\n\t<td class=\"column-1\"><a href=\"https:\/\/binary-option.co\/go\/raceoption.com\"><img loading=\"lazy\" decoding=\"async\" src=\"https:\/\/binary-option.co\/wp-content\/uploads\/2021\/05\/Raceoption.png\" alt=\"\" width=\"160\" height=\"40\" class=\"alignnone size-full wp-image-441\" \/><\/a><\/td><td class=\"column-2\">95% thanh to\u00e1n<\/td><td class=\"column-3\">250$ ti\u1ec1n g\u1eedi t\u1ed1i thi\u1ec3u<\/td><td class=\"column-4\">100% T\u0103\u0323ng kem<\/td><td class=\"column-5\"><div itemprop=\"reviewRating\" itemscope itemtype=\"http:\/\/schema.org\/Rating\" class=\"usr\"><meta itemprop=\"worstRating\" content=\"0\" \/><meta itemprop=\"ratingValue\" content=\"5\" \/><meta itemprop=\"bestRating\" content=\"5\" \/><img decoding=\"async\" class=\"usr\" src=\"https:\/\/binary-option.co\/vn\/wp-content\/plugins\/universal-star-rating\/includes\/image.php?img=06.png&amp;px=14&amp;max=5&amp;rat=5\" alt=\"5 out of 5 stars\" style=\"height: 14px !important;\" \/><\/div><\/td><td class=\"column-6\"><a href=\"https:\/\/binary-option.co\/go\/raceoption.com\/demo\" rel=\"noopener\" target=\"_blank\">M\u1edf t\u00e0i kho\u1ea3n demo mi\u1ec5n ph\u00ed<\/a><\/td><td class=\"column-7\"><a class=\"maxbutton-1 maxbutton\" href=\"https:\/\/binary-option.co\/go\/raceoption.com\"><span class='mb-text'>\u00bb \u0110\u0103ng k\u00fd<\/span><\/a><\/td>\n<\/tr>\n<tr class=\"row-7\">\n\t<td class=\"column-1\"><a href=\"https:\/\/binary-option.co\/go\/binarycent.com\"><img loading=\"lazy\" decoding=\"async\" src=\"https:\/\/binary-option.co\/wp-content\/uploads\/2021\/05\/Binarycent.png\" alt=\"\" width=\"160\" height=\"40\" class=\"alignnone size-full wp-image-82\" \/><\/a><\/td><td class=\"column-2\">95% thanh to\u00e1n<\/td><td class=\"column-3\">250$ ti\u1ec1n g\u1eedi t\u1ed1i thi\u1ec3u<\/td><td class=\"column-4\">Kh\u00f4ng c\u00f3 ti\u1ec1n th\u01b0\u1edfng<\/td><td class=\"column-5\"><div itemprop=\"reviewRating\" itemscope itemtype=\"http:\/\/schema.org\/Rating\" class=\"usr\"><meta itemprop=\"worstRating\" content=\"0\" \/><meta itemprop=\"ratingValue\" content=\"5\" \/><meta itemprop=\"bestRating\" content=\"5\" \/><img decoding=\"async\" class=\"usr\" src=\"https:\/\/binary-option.co\/vn\/wp-content\/plugins\/universal-star-rating\/includes\/image.php?img=06.png&amp;px=14&amp;max=5&amp;rat=5\" alt=\"5 out of 5 stars\" style=\"height: 14px !important;\" \/><\/div><\/td><td class=\"column-6\"><a href=\"https:\/\/binary-option.co\/go\/binarycent.com\" rel=\"noopener\" target=\"_blank\">M\u1edf t\u00e0i kho\u1ea3n demo mi\u1ec5n ph\u00ed<\/a><\/td><td class=\"column-7\"><a class=\"maxbutton-1 maxbutton\" href=\"https:\/\/binary-option.co\/go\/binarycent.com\"><span class='mb-text'>\u00bb \u0110\u0103ng k\u00fd<\/span><\/a><\/td>\n<\/tr>\n<tr class=\"row-8\">\n\t<td colspan=\"7\" class=\"column-1\"><center>Thanh to\u00e1n = S\u1ed1 ti\u1ec1n t\u1ed1i \u0111a \u0111\u01b0\u1ee3c ghi c\u00f3 v\u00e0o t\u00e0i kho\u1ea3n trong tr\u01b0\u1eddng h\u1ee3p \u0111\u1ea7u t\u01b0 th\u00e0nh c\u00f4ng<\/center><\/td>\n<\/tr>\n<\/tbody>\n<\/table>\n<!-- #tablepress-4 from cache -->\n\n\n\n<h2 class=\"wp-block-heading\">T\u00e0i kho\u1ea3n demo kh\u00f4ng c\u00f3 ti\u1ec1n<\/h2>\n\n\n\n<p>Kh\u00f4ng ph\u1ea3i t\u1ea5t c\u1ea3 c\u00e1c m\u00f4i gi\u1edbi cung c\u1ea5p t\u00e0i kho\u1ea3n demo v\u00e0 m\u1ed9t s\u1ed1 \u0111\u00f3 kh\u00f4ng y\u00eau c\u1ea7u anh l\u00e0m m\u1ed9t kho\u1ea3n ti\u1ec1n tr\u01b0\u1edbc khi c\u00f3 th\u1ec3 truy c\u1eadp v\u00e0o th\u01b0\u01a1ng m\u1ea1i v\u1ec1 c\u00e1c t\u00e0i kho\u1ea3n th\u1ef1c h\u00e0nh. Tin t\u1ed1t l\u00e0, n\u1ebfu b\u1ea1n \u0111ang t\u00ecm ki\u1ebfm m\u1ed9t th\u1ef1c t\u1ebf nh\u1ecb ph\u00e2n l\u1ef1a ch\u1ecdn t\u00e0i kho\u1ea3n demo kh\u00f4ng c\u00f3 ti\u1ec1n g\u1eedi c\u1ea7n c\u00f3 m\u1ed9t n\u1ec1n t\u1ea3ng m\u00e0 cung c\u1ea5p n\u00e0y. C\u00f3 m\u1ed9t c\u00e1i nh\u00ecn v\u00e0o b\u1ea3ng tr\u00ean danh s\u00e1ch c\u1ee7a c\u00e1c m\u00f4i gi\u1edbi t\u1ed1t nh\u1ea5t cung c\u1ea5p t\u00e0i kho\u1ea3n m\u00e0 kh\u00f4ng c\u1ea7n \u0111\u1ec3 \u0111\u1eb7t c\u1ecdc tr\u01b0\u1edbc. N\u1ebfu kh\u00f4ng b\u1ea5m v\u00e0o \u0111\u00e2y \u0111\u1ec3 m\u1edf t\u00e0i kho\u1ea3n c\u1ee7a b\u1ea1n m\u00e0 kh\u00f4ng g\u1eedi v\u00e0o m\u1ed9t trong ch\u00fang t\u00f4i m\u00f4i gi\u1edbi y\u00eau th\u00edch.<\/p>\n\n\n\n<h2 class=\"wp-block-heading\">T\u00e2m L\u00fd c\u1ee7a Demo kinh Doanh<\/h2>\n\n\n\n<p>C\u00f3 2 r\u1ea5t nhi\u1ec1u \u00fd ki\u1ebfn kh\u00e1c nhau trong ng\u00e0nh c\u00f4ng nghi\u1ec7p v\u1ec1 vi\u1ec7c kinh doanh s\u1eed d\u1ee5ng m\u1ed9t kho\u1ea3n demo th\u1ef1c t\u1ebf gi\u00fap hay \u0111au kinh doanh c\u1ee7a b\u1ea1n. M\u1ed9t s\u1ed1 ng\u01b0\u1eddi cho r\u1eb1ng k\u1ec3 t\u1eeb khi b\u1ea1n kh\u00f4ng m\u1ea1o hi\u1ec3m ti\u1ec1n c\u1ee7a m\u00ecnh \u0111i\u1ec1u n\u00e0y \u1ea3nh h\u01b0\u1edfng \u0111\u1ebfn kinh doanh c\u1ee7a b\u1ea1n, v\u00e0 b\u1ea1n s\u1ebd \u0111\u01b0\u1ee3c s\u1eb5n s\u00e0ng ch\u1ea5p nh\u1eadn r\u1ee7i ro h\u01a1n so v\u1edbi b\u00ecnh th\u01b0\u1eddng. K\u1ec3 t\u1eeb \u0111i\u1ec3m l\u00e0 \u0111\u1ec3 c\u1ea3i thi\u1ec7n v\u00e0 t\u00ecm hi\u1ec3u \u0111i\u1ec1u n\u00e0y kh\u00f4ng gi\u00fap b\u1ea1n c\u1ea3i thi\u1ec7n nh\u01b0 l\u00e0 anh kh\u00f4ng th\u1ef1c s\u1ef1 th\u1ef1c h\u00e0nh kinh doanh c\u00e1c b\u1ea1n c\u00e1ch giao d\u1ecbch tr\u1ef1c ti\u1ebfp. C\u00e1c l\u1eadp lu\u1eadn \u0111\u00f3 l\u00e0 b\u1ea3n demo t\u00e0i kho\u1ea3n l\u00e0 c\u00e1ch ho\u00e0n h\u1ea3o \u0111\u1ec3 th\u1eed t\u00ednh n\u0103ng m\u1edbi ho\u1eb7c t\u00e0i s\u1ea3n nh\u01b0ng quan tr\u1ecdng h\u01a1n l\u00e0 chi\u1ebfn l\u01b0\u1ee3c kh\u00e1c nhau v\u00e0 phong c\u00e1ch kinh doanh. B\u1ea5t k\u1ef3 chi\u1ebfn l\u01b0\u1ee3c kinh doanh c\u1ea7n c\u00f3 th\u1eddi gian \u0111\u1ec3 t\u00ecm hi\u1ec3u v\u00e0 ho\u00e0n h\u1ea3o v\u00e0 th\u1ef1c h\u00e0nh giao d\u1ecbch v\u1edbi m\u1ed9t tr\u1ef1c demo l\u00e0 c\u00e1ch t\u1ed1t nh\u1ea5t \u0111\u1ec3 l\u00e0m \u0111i\u1ec1u n\u00e0y. C\u00e1 nh\u00e2n t\u00f4i th\u00edch c\u1ed1 g\u1eafng nh\u1eefng \u0111i\u1ec1u m\u1edbi v\u1edbi t\u00e0i kho\u1ea3n c\u1ee7a t\u00f4i v\u00e0 h\u00f4m nay t\u00f4i l\u00e0 m\u1ed9t ng\u01b0\u1eddi t\u1ed1t h\u01a1n nhi\u1ec1u giao d\u1ecbch cho n\u00f3. M\u1edf m\u1ed9t t\u00e0i kho\u1ea3n mi\u1ec5n ph\u00ed demo b\u00e2y gi\u1edd v\u00e0 c\u00f3 \u0111\u01b0\u1ee3c $50,000 trong c\u00e1c kho\u1ea3n t\u00edn d\u1ee5ng \u0111\u1ec3 t\u00ecm hi\u1ec3u.<\/p>\n","protected":false},"excerpt":{"rendered":"<p>Nhi\u1ec1u ng\u01b0\u1eddi m\u00f4i gi\u1edbi cung c\u1ea5p t\u00e0i Kho\u1ea3n Demo. V\u00e0i m\u00f4i gi\u1edbi cung c\u1ea5p mi\u1ec5n Ph\u00ed Nh\u1ecb ph\u00e2n l\u1ef1a Ch\u1ecdn t\u00e0i Kho\u1ea3n Demo. M\u1ed9t b\u1ea3n demo mi\u1ec5n ph\u00ed t\u00e0i kho\u1ea3n l\u00e0 m\u1ed9t th\u1ef1c h\u00e0nh giao d\u1ecbch t\u00e0i kho\u1ea3n m\u00e0 m\u1ed9t nh\u00e0 m\u00f4i gi\u1edbi cung m\u00e0 kh\u00f4ng c\u1ea7n ti\u1ec1n. Ch\u1ec9 c\u1ea7n \u0111\u0103ng k\u00fd cho m\u1ed9t t\u00e0i [&hellip;]<\/p>\n","protected":false},"author":1,"featured_media":0,"parent":0,"menu_order":0,"comment_status":"closed","ping_status":"closed","template":"","meta":{"footnotes":""},"yoast_head":"<!-- This site is optimized with the Yoast SEO plugin v21.9.1 - https:\/\/yoast.com\/wordpress\/plugins\/seo\/ -->\n<title>T\u00e0i kho\u1ea3n demo quy\u1ec1n ch\u1ecdn nh\u1ecb ph\u00e2n - quyenchonnhiphan.net<\/title>\n<meta name=\"robots\" content=\"index, follow, max-snippet:-1, max-image-preview:large, max-video-preview:-1\" \/>\n<link rel=\"canonical\" href=\"https:\/\/binary-option.co\/vn\/demo\/\" \/>\n<meta property=\"og:locale\" content=\"vi_VN\" \/>\n<meta property=\"og:type\" content=\"article\" \/>\n<meta property=\"og:title\" content=\"T\u00e0i kho\u1ea3n demo quy\u1ec1n ch\u1ecdn nh\u1ecb ph\u00e2n - quyenchonnhiphan.net\" \/>\n<meta property=\"og:description\" content=\"Nhi\u1ec1u ng\u01b0\u1eddi m\u00f4i gi\u1edbi cung c\u1ea5p t\u00e0i Kho\u1ea3n Demo. V\u00e0i m\u00f4i gi\u1edbi cung c\u1ea5p mi\u1ec5n Ph\u00ed Nh\u1ecb ph\u00e2n l\u1ef1a Ch\u1ecdn t\u00e0i Kho\u1ea3n Demo. M\u1ed9t b\u1ea3n demo mi\u1ec5n ph\u00ed t\u00e0i kho\u1ea3n l\u00e0 m\u1ed9t th\u1ef1c h\u00e0nh giao d\u1ecbch t\u00e0i kho\u1ea3n m\u00e0 m\u1ed9t nh\u00e0 m\u00f4i gi\u1edbi cung m\u00e0 kh\u00f4ng c\u1ea7n ti\u1ec1n. Ch\u1ec9 c\u1ea7n \u0111\u0103ng k\u00fd cho m\u1ed9t t\u00e0i [&hellip;]\" \/>\n<meta property=\"og:url\" content=\"https:\/\/binary-option.co\/vn\/demo\/\" \/>\n<meta property=\"og:site_name\" content=\"quyenchonnhiphan.net\" \/>\n<meta property=\"article:modified_time\" content=\"2021-05-24T14:56:18+00:00\" \/>\n<meta name=\"twitter:card\" content=\"summary_large_image\" \/>\n<meta name=\"twitter:label1\" content=\"\u01af\u1edbc t\u00ednh th\u1eddi gian \u0111\u1ecdc\" \/>\n\t<meta name=\"twitter:data1\" content=\"3 ph\u00fat\" \/>\n<script type=\"application\/ld+json\" class=\"yoast-schema-graph\">{\"@context\":\"https:\/\/schema.org\",\"@graph\":[{\"@type\":\"WebPage\",\"@id\":\"https:\/\/binary-option.co\/vn\/demo\/\",\"url\":\"https:\/\/binary-option.co\/vn\/demo\/\",\"name\":\"T\u00e0i kho\u1ea3n demo quy\u1ec1n ch\u1ecdn nh\u1ecb ph\u00e2n - quyenchonnhiphan.net\",\"isPartOf\":{\"@id\":\"https:\/\/binary-option.co\/vn\/#website\"},\"datePublished\":\"2020-09-20T13:55:12+00:00\",\"dateModified\":\"2021-05-24T14:56:18+00:00\",\"breadcrumb\":{\"@id\":\"https:\/\/binary-option.co\/vn\/demo\/#breadcrumb\"},\"inLanguage\":\"vi\",\"potentialAction\":[{\"@type\":\"ReadAction\",\"target\":[\"https:\/\/binary-option.co\/vn\/demo\/\"]}]},{\"@type\":\"BreadcrumbList\",\"@id\":\"https:\/\/binary-option.co\/vn\/demo\/#breadcrumb\",\"itemListElement\":[{\"@type\":\"ListItem\",\"position\":1,\"name\":\"Home\",\"item\":\"https:\/\/binary-option.co\/vn\/\"},{\"@type\":\"ListItem\",\"position\":2,\"name\":\"T\u00e0i kho\u1ea3n demo quy\u1ec1n ch\u1ecdn nh\u1ecb ph\u00e2n\"}]},{\"@type\":\"WebSite\",\"@id\":\"https:\/\/binary-option.co\/vn\/#website\",\"url\":\"https:\/\/binary-option.co\/vn\/\",\"name\":\"quyenchonnhiphan.net\",\"description\":\"T\u1ea5t c\u1ea3 nh\u1eefng g\u00ec b\u1ea1n c\u1ea7n bi\u1ebft v\u1ec1 Giao d\u1ecbch Quy\u1ec1n ch\u1ecdn Nh\u1ecb ph\u00e2n t\u1ea1i Vi\u1ec7t Nam\",\"publisher\":{\"@id\":\"https:\/\/binary-option.co\/vn\/#organization\"},\"potentialAction\":[{\"@type\":\"SearchAction\",\"target\":{\"@type\":\"EntryPoint\",\"urlTemplate\":\"https:\/\/binary-option.co\/vn\/?s={search_term_string}\"},\"query-input\":\"required name=search_term_string\"}],\"inLanguage\":\"vi\"},{\"@type\":\"Organization\",\"@id\":\"https:\/\/binary-option.co\/vn\/#organization\",\"name\":\"quyenchonnhiphan.net\",\"url\":\"https:\/\/binary-option.co\/vn\/\",\"logo\":{\"@type\":\"ImageObject\",\"inLanguage\":\"vi\",\"@id\":\"https:\/\/binary-option.co\/vn\/#\/schema\/logo\/image\/\",\"url\":\"https:\/\/binary-option.co\/vn\/wp-content\/uploads\/sites\/5\/2020\/12\/binary-option.co_.png\",\"contentUrl\":\"https:\/\/binary-option.co\/vn\/wp-content\/uploads\/sites\/5\/2020\/12\/binary-option.co_.png\",\"width\":398,\"height\":66,\"caption\":\"quyenchonnhiphan.net\"},\"image\":{\"@id\":\"https:\/\/binary-option.co\/vn\/#\/schema\/logo\/image\/\"}}]}<\/script>\n<!-- \/ Yoast SEO plugin. -->","yoast_head_json":{"title":"T\u00e0i kho\u1ea3n demo quy\u1ec1n ch\u1ecdn nh\u1ecb ph\u00e2n - quyenchonnhiphan.net","robots":{"index":"index","follow":"follow","max-snippet":"max-snippet:-1","max-image-preview":"max-image-preview:large","max-video-preview":"max-video-preview:-1"},"canonical":"https:\/\/binary-option.co\/vn\/demo\/","og_locale":"vi_VN","og_type":"article","og_title":"T\u00e0i kho\u1ea3n demo quy\u1ec1n ch\u1ecdn nh\u1ecb ph\u00e2n - quyenchonnhiphan.net","og_description":"Nhi\u1ec1u ng\u01b0\u1eddi m\u00f4i gi\u1edbi cung c\u1ea5p t\u00e0i Kho\u1ea3n Demo. V\u00e0i m\u00f4i gi\u1edbi cung c\u1ea5p mi\u1ec5n Ph\u00ed Nh\u1ecb ph\u00e2n l\u1ef1a Ch\u1ecdn t\u00e0i Kho\u1ea3n Demo. M\u1ed9t b\u1ea3n demo mi\u1ec5n ph\u00ed t\u00e0i kho\u1ea3n l\u00e0 m\u1ed9t th\u1ef1c h\u00e0nh giao d\u1ecbch t\u00e0i kho\u1ea3n m\u00e0 m\u1ed9t nh\u00e0 m\u00f4i gi\u1edbi cung m\u00e0 kh\u00f4ng c\u1ea7n ti\u1ec1n. Ch\u1ec9 c\u1ea7n \u0111\u0103ng k\u00fd cho m\u1ed9t t\u00e0i [&hellip;]","og_url":"https:\/\/binary-option.co\/vn\/demo\/","og_site_name":"quyenchonnhiphan.net","article_modified_time":"2021-05-24T14:56:18+00:00","twitter_card":"summary_large_image","twitter_misc":{"\u01af\u1edbc t\u00ednh th\u1eddi gian \u0111\u1ecdc":"3 ph\u00fat"},"schema":{"@context":"https:\/\/schema.org","@graph":[{"@type":"WebPage","@id":"https:\/\/binary-option.co\/vn\/demo\/","url":"https:\/\/binary-option.co\/vn\/demo\/","name":"T\u00e0i kho\u1ea3n demo quy\u1ec1n ch\u1ecdn nh\u1ecb ph\u00e2n - quyenchonnhiphan.net","isPartOf":{"@id":"https:\/\/binary-option.co\/vn\/#website"},"datePublished":"2020-09-20T13:55:12+00:00","dateModified":"2021-05-24T14:56:18+00:00","breadcrumb":{"@id":"https:\/\/binary-option.co\/vn\/demo\/#breadcrumb"},"inLanguage":"vi","potentialAction":[{"@type":"ReadAction","target":["https:\/\/binary-option.co\/vn\/demo\/"]}]},{"@type":"BreadcrumbList","@id":"https:\/\/binary-option.co\/vn\/demo\/#breadcrumb","itemListElement":[{"@type":"ListItem","position":1,"name":"Home","item":"https:\/\/binary-option.co\/vn\/"},{"@type":"ListItem","position":2,"name":"T\u00e0i kho\u1ea3n demo quy\u1ec1n ch\u1ecdn nh\u1ecb ph\u00e2n"}]},{"@type":"WebSite","@id":"https:\/\/binary-option.co\/vn\/#website","url":"https:\/\/binary-option.co\/vn\/","name":"quyenchonnhiphan.net","description":"T\u1ea5t c\u1ea3 nh\u1eefng g\u00ec b\u1ea1n c\u1ea7n bi\u1ebft v\u1ec1 Giao d\u1ecbch Quy\u1ec1n ch\u1ecdn Nh\u1ecb ph\u00e2n t\u1ea1i Vi\u1ec7t Nam","publisher":{"@id":"https:\/\/binary-option.co\/vn\/#organization"},"potentialAction":[{"@type":"SearchAction","target":{"@type":"EntryPoint","urlTemplate":"https:\/\/binary-option.co\/vn\/?s={search_term_string}"},"query-input":"required name=search_term_string"}],"inLanguage":"vi"},{"@type":"Organization","@id":"https:\/\/binary-option.co\/vn\/#organization","name":"quyenchonnhiphan.net","url":"https:\/\/binary-option.co\/vn\/","logo":{"@type":"ImageObject","inLanguage":"vi","@id":"https:\/\/binary-option.co\/vn\/#\/schema\/logo\/image\/","url":"https:\/\/binary-option.co\/vn\/wp-content\/uploads\/sites\/5\/2020\/12\/binary-option.co_.png","contentUrl":"https:\/\/binary-option.co\/vn\/wp-content\/uploads\/sites\/5\/2020\/12\/binary-option.co_.png","width":398,"height":66,"caption":"quyenchonnhiphan.net"},"image":{"@id":"https:\/\/binary-option.co\/vn\/#\/schema\/logo\/image\/"}}]}},"_links":{"self":[{"href":"https:\/\/binary-option.co\/vn\/wp-json\/wp\/v2\/pages\/13"}],"collection":[{"href":"https:\/\/binary-option.co\/vn\/wp-json\/wp\/v2\/pages"}],"about":[{"href":"https:\/\/binary-option.co\/vn\/wp-json\/wp\/v2\/types\/page"}],"author":[{"embeddable":true,"href":"https:\/\/binary-option.co\/vn\/wp-json\/wp\/v2\/users\/1"}],"replies":[{"embeddable":true,"href":"https:\/\/binary-option.co\/vn\/wp-json\/wp\/v2\/comments?post=13"}],"version-history":[{"count":6,"href":"https:\/\/binary-option.co\/vn\/wp-json\/wp\/v2\/pages\/13\/revisions"}],"predecessor-version":[{"id":137,"href":"https:\/\/binary-option.co\/vn\/wp-json\/wp\/v2\/pages\/13\/revisions\/137"}],"wp:attachment":[{"href":"https:\/\/binary-option.co\/vn\/wp-json\/wp\/v2\/media?parent=13"}],"curies":[{"name":"wp","href":"https:\/\/api.w.org\/{rel}","templated":true}]}}