{"id":8,"date":"2020-09-21T15:55:42","date_gmt":"2020-09-21T15:55:42","guid":{"rendered":"http:\/\/ikiliopsiyon.info\/?page_id=8"},"modified":"2021-05-24T14:33:53","modified_gmt":"2021-05-24T14:33:53","slug":"ikili-opsiyon-demo","status":"publish","type":"page","link":"https:\/\/binary-option.co\/tr\/ikili-opsiyon-demo\/","title":{"rendered":"\u00dccretsiz ikili opsiyon demo hesab\u0131"},"content":{"rendered":"\n<p>Bir\u00e7ok ikili opsiyon siteleri demo hesaplar\u0131 sunar. Birka\u00e7 broker \u00fccretsiz bir ikili opsiyon demo hesab\u0131 sunmaktad\u0131r. \u00dccretsiz bir demo hesab\u0131, bir siteleri para yat\u0131rmak zorunda kalmadan sa\u011flad\u0131\u011f\u0131 bir al\u0131\u015ft\u0131rma i\u015flem hesab\u0131d\u0131r. Komisyoncuda \u00fccretsiz bir hesap a\u00e7\u0131n ve m\u00fc\u015fteri hizmetlerinden demo talep edin.<\/p>\n\n\n\n<p>\u00dccretsiz demolarda genellikle hesaba ne kadar uygulama paras\u0131 yat\u0131rabilece\u011finiz ve hesab\u0131n s\u00fcresi a\u00e7\u0131s\u0131ndan k\u0131s\u0131tlamalar vard\u0131r. Finansman ve zaman limitlerine g\u00f6re \u00fccretsiz demo hesaplar\u0131 olan en iyi brokerlerin bir listesini sunduk.<\/p>\n\n\n\n\n<table id=\"tablepress-4\" class=\"tablepress tablepress-id-4 tablepress-responsive tablepress-responsive-stack-phone\">\n<thead>\n<tr class=\"row-1\">\n\t<th class=\"column-1\">Siteleri<\/th><th class=\"column-2\">\u00d6deme<br \/>\n<\/th><th class=\"column-3\">Min. Depozito<\/th><th class=\"column-4\">Bonus<\/th><th class=\"column-5\">Rating<\/th><th class=\"column-6\">\u00dccretsiz demo<\/th><th class=\"column-7\">\u0130nternet sitesi<\/th>\n<\/tr>\n<\/thead>\n<tbody>\n<tr class=\"row-2\">\n\t<td class=\"column-1\"><a href=\"https:\/\/binary-option.co\/go\/quotex.io\"><img decoding=\"async\" src=\"https:\/\/binary-option.co\/wp-content\/uploads\/2021\/05\/Quotex.io-.png\" alt=\"\" width=\"160\" height=\"40\" class=\"alignnone size-full wp-image-468\" \/><\/a><\/td><td class=\"column-2\">98% \u00d6deme<\/td><td class=\"column-3\">10$ Min. Depozito<\/td><td class=\"column-4\">50% bonus (promosyon kodu: binary-option)<\/td><td class=\"column-5\"><div itemprop=\"reviewRating\" itemscope itemtype=\"http:\/\/schema.org\/Rating\" class=\"usr\"><meta itemprop=\"worstRating\" content=\"0\" \/><meta itemprop=\"ratingValue\" content=\"5\" \/><meta itemprop=\"bestRating\" content=\"5\" \/><img decoding=\"async\" class=\"usr\" src=\"https:\/\/binary-option.co\/tr\/wp-content\/plugins\/universal-star-rating\/includes\/image.php?img=06.png&amp;px=15&amp;max=5&amp;rat=5\" alt=\"5 out of 5 stars\" style=\"height: 15px !important;\" \/><\/div><\/td><td class=\"column-6\"><a href=\"https:\/\/binary-option.co\/go\/quotex.io\/demo\" rel=\"noopener\" target=\"_blank\">\u00dccretsiz bir demo hesab\u0131 a\u00e7\u0131n<\/a><\/td><td class=\"column-7\"><style type='text\/css'>.maxbutton-1.maxbutton.maxbutton-table{position:relative;text-decoration:none;display:inline-block;vertical-align:middle;width:70px;height:33px;border:2px solid #5eb740;border-radius:4px 4px 4px 4px;background-color:#5eb740;box-shadow:0px 0px 2px 1px #333333}.maxbutton-1.maxbutton.maxbutton-table:hover{border-color:#5fc143;background-color:#5fc143;box-shadow:0px 0px 2px 1px #333333}.maxbutton-1.maxbutton.maxbutton-table .mb-text{color:#ffffff;font-family:Arial;font-size:15px;text-align:center;font-style:normal;font-weight:normal;line-height:1em;box-sizing:border-box;display:block;background-color:unset;padding:7px 0px 0px 0px}.maxbutton-1.maxbutton.maxbutton-table:hover .mb-text{color:#ffffff}<\/style><a class=\"maxbutton-1 maxbutton maxbutton-table\" rel=\"nofollow noopener\" href=\"https:\/\/binary-option.co\/go\/quotex.io\"><span class='mb-text'>\u00bb G\u00f6rmek<\/span><\/a><\/td>\n<\/tr>\n<tr class=\"row-3\">\n\t<td class=\"column-1\"><a href=\"https:\/\/binary-option.co\/go\/pocketoption.com\"><img decoding=\"async\" src=\"https:\/\/binary-option.co\/wp-content\/uploads\/2020\/08\/Pocket-Option.png\" alt=\"\" width=\"160\" height=\"40\" class=\"alignnone size-full wp-image-132\" \/><\/a><\/td><td class=\"column-2\">92% \u00d6deme<\/td><td class=\"column-3\">50$ Min. Depozito<\/td><td class=\"column-4\">50% bonus<\/td><td class=\"column-5\"><div itemprop=\"reviewRating\" itemscope itemtype=\"http:\/\/schema.org\/Rating\" class=\"usr\"><meta itemprop=\"worstRating\" content=\"0\" \/><meta itemprop=\"ratingValue\" content=\"5\" \/><meta itemprop=\"bestRating\" content=\"5\" \/><img decoding=\"async\" class=\"usr\" src=\"https:\/\/binary-option.co\/tr\/wp-content\/plugins\/universal-star-rating\/includes\/image.php?img=06.png&amp;px=15&amp;max=5&amp;rat=5\" alt=\"5 out of 5 stars\" style=\"height: 15px !important;\" \/><\/div><\/td><td class=\"column-6\"><a href=\"https:\/\/binary-option.co\/go\/pocketoption.com\/demo\" rel=\"noopener\" target=\"_blank\">\u00dccretsiz bir demo hesab\u0131 a\u00e7\u0131n<\/a><\/td><td class=\"column-7\"><a class=\"maxbutton-1 maxbutton maxbutton-table\" rel=\"nofollow noopener\" href=\"https:\/\/binary-option.co\/go\/pocketoption.com\"><span class='mb-text'>\u00bb G\u00f6rmek<\/span><\/a><\/td>\n<\/tr>\n<tr class=\"row-4\">\n\t<td class=\"column-1\"><a href=\"https:\/\/binary-option.co\/go\/iqcent.com\"><img decoding=\"async\" src=\"https:\/\/binary-option.co\/wp-content\/uploads\/2022\/11\/IQCent-Logo.png\" alt=\"\" width=\"160\" height=\"50\" class=\"alignnone size-full wp-image-142\" \/><\/a><\/td><td class=\"column-2\">95% \u00d6deme<\/td><td class=\"column-3\">20$ Min. Depozito<\/td><td class=\"column-4\">200% bonus (promosyon kodu: CRAZY200)<\/td><td class=\"column-5\"><div itemprop=\"reviewRating\" itemscope itemtype=\"http:\/\/schema.org\/Rating\" class=\"usr\"><meta itemprop=\"worstRating\" content=\"0\" \/><meta itemprop=\"ratingValue\" content=\"5\" \/><meta itemprop=\"bestRating\" content=\"5\" \/><img decoding=\"async\" class=\"usr\" src=\"https:\/\/binary-option.co\/tr\/wp-content\/plugins\/universal-star-rating\/includes\/image.php?img=06.png&amp;px=15&amp;max=5&amp;rat=5\" alt=\"5 out of 5 stars\" style=\"height: 15px !important;\" \/><\/div><\/td><td class=\"column-6\"><a href=\"https:\/\/binary-option.co\/go\/iqcent.com\" rel=\"noopener\" target=\"_blank\">\u00dccretsiz bir demo hesab\u0131 a\u00e7\u0131n<\/a><\/td><td class=\"column-7\"><a class=\"maxbutton-1 maxbutton maxbutton-table\" rel=\"nofollow noopener\" href=\"https:\/\/binary-option.co\/go\/iqcent.com\"><span class='mb-text'>\u00bb G\u00f6rmek<\/span><\/a><\/td>\n<\/tr>\n<tr class=\"row-5\">\n\t<td class=\"column-1\"><a href=\"https:\/\/binary-option.co\/tr\/go\/iqoption.com\"><img loading=\"lazy\" decoding=\"async\" src=\"https:\/\/binary-option.co\/wp-content\/uploads\/2020\/08\/IQ-Option-1-1.png\" alt=\"\" width=\"160\" height=\"50\" class=\"alignnone size-full wp-image-142\" \/><\/a><\/td><td class=\"column-2\">91% \u00d6deme<\/td><td class=\"column-3\">10$ Min. Depozito<\/td><td class=\"column-4\">No bonus<\/td><td class=\"column-5\"><div itemprop=\"reviewRating\" itemscope itemtype=\"http:\/\/schema.org\/Rating\" class=\"usr\"><meta itemprop=\"worstRating\" content=\"0\" \/><meta itemprop=\"ratingValue\" content=\"5\" \/><meta itemprop=\"bestRating\" content=\"5\" \/><img decoding=\"async\" class=\"usr\" src=\"https:\/\/binary-option.co\/tr\/wp-content\/plugins\/universal-star-rating\/includes\/image.php?img=06.png&amp;px=15&amp;max=5&amp;rat=5\" alt=\"5 out of 5 stars\" style=\"height: 15px !important;\" \/><\/div><\/td><td class=\"column-6\"><a href=\"https:\/\/binary-option.co\/go\/iqoption.com\/demo\" rel=\"noopener\" target=\"_blank\">\u00dccretsiz bir demo hesab\u0131 a\u00e7\u0131n<\/a><\/td><td class=\"column-7\"><a class=\"maxbutton-1 maxbutton maxbutton-table\" rel=\"nofollow noopener\" href=\"https:\/\/binary-option.co\/tr\/go\/iqoption.com\"><span class='mb-text'>\u00bb G\u00f6rmek<\/span><\/a><\/td>\n<\/tr>\n<tr class=\"row-6\">\n\t<td class=\"column-1\"><a href=\"https:\/\/binary-option.co\/go\/raceoption.com\"><img loading=\"lazy\" decoding=\"async\" src=\"https:\/\/binary-option.co\/wp-content\/uploads\/2021\/05\/Raceoption.png\" alt=\"\" width=\"160\" height=\"40\" class=\"alignnone size-full wp-image-441\" \/><\/a><\/td><td class=\"column-2\">95% \u00d6deme<\/td><td class=\"column-3\">250$ Min. Depozito<\/td><td class=\"column-4\">200% bonus<\/td><td class=\"column-5\"><div itemprop=\"reviewRating\" itemscope itemtype=\"http:\/\/schema.org\/Rating\" class=\"usr\"><meta itemprop=\"worstRating\" content=\"0\" \/><meta itemprop=\"ratingValue\" content=\"5\" \/><meta itemprop=\"bestRating\" content=\"5\" \/><img decoding=\"async\" class=\"usr\" src=\"https:\/\/binary-option.co\/tr\/wp-content\/plugins\/universal-star-rating\/includes\/image.php?img=06.png&amp;px=15&amp;max=5&amp;rat=5\" alt=\"5 out of 5 stars\" style=\"height: 15px !important;\" \/><\/div><\/td><td class=\"column-6\"><a href=\"https:\/\/binary-option.co\/go\/raceoption.com\/demo\" rel=\"noopener\" target=\"_blank\">\u00dccretsiz bir demo hesab\u0131 a\u00e7\u0131n<\/a><\/td><td class=\"column-7\"><a class=\"maxbutton-1 maxbutton maxbutton-table\" rel=\"nofollow noopener\" href=\"https:\/\/binary-option.co\/go\/raceoption.com\"><span class='mb-text'>\u00bb G\u00f6rmek<\/span><\/a><\/td>\n<\/tr>\n<tr class=\"row-7\">\n\t<td class=\"column-1\"><a href=\"https:\/\/binary-option.co\/go\/binarycent.com\"><img loading=\"lazy\" decoding=\"async\" src=\"https:\/\/binary-option.co\/wp-content\/uploads\/2021\/05\/Binarycent.png\" alt=\"\" width=\"160\" height=\"40\" class=\"alignnone size-full wp-image-82\" \/><\/a><\/td><td class=\"column-2\">95% \u00d6deme<\/td><td class=\"column-3\">250$ Min. Depozito<\/td><td class=\"column-4\">200% bonus<\/td><td class=\"column-5\"><div itemprop=\"reviewRating\" itemscope itemtype=\"http:\/\/schema.org\/Rating\" class=\"usr\"><meta itemprop=\"worstRating\" content=\"0\" \/><meta itemprop=\"ratingValue\" content=\"5\" \/><meta itemprop=\"bestRating\" content=\"5\" \/><img decoding=\"async\" class=\"usr\" src=\"https:\/\/binary-option.co\/tr\/wp-content\/plugins\/universal-star-rating\/includes\/image.php?img=06.png&amp;px=15&amp;max=5&amp;rat=5\" alt=\"5 out of 5 stars\" style=\"height: 15px !important;\" \/><\/div><\/td><td class=\"column-6\"><a href=\"http:\/\/binary-option.co\/go\/binarycent.com\" rel=\"noopener\" target=\"_blank\">\u00dccretsiz bir demo hesab\u0131 a\u00e7\u0131n<\/a><\/td><td class=\"column-7\"><a class=\"maxbutton-1 maxbutton maxbutton-table\" rel=\"nofollow noopener\" href=\"https:\/\/binary-option.co\/go\/binarycent.com\"><span class='mb-text'>\u00bb G\u00f6rmek<\/span><\/a><\/td>\n<\/tr>\n<tr class=\"row-8\">\n\t<td colspan=\"7\" class=\"column-1\"><center>\u00d6deme = Ba\u015far\u0131l\u0131 bir yat\u0131r\u0131m durumunda hesaba yat\u0131r\u0131lan maksimum tutar<\/center><\/td>\n<\/tr>\n<\/tbody>\n<\/table>\n<!-- #tablepress-4 from cache -->\n\n\n\n<h2 class=\"wp-block-heading\">Depozito olmadan demo hesab\u0131<\/h2>\n\n\n\n<p>T\u00fcm brokerlar demo hesaplar sunmaz ve baz\u0131lar\u0131 al\u0131\u015ft\u0131rma hesab\u0131nda i\u015flem yapmaya eri\u015febilmeniz i\u00e7in para yat\u0131rman\u0131z\u0131 gerektirir. \u0130yi haber \u015fu ki, ger\u00e7ek bir \u00fccretsiz ikili opsiyon demo hesab\u0131 ar\u0131yorsan\u0131z, para yat\u0131rmaya gerek yok, bunu sunan baz\u0131 harika platformlar var. \u0130lk \u00f6nce para yat\u0131rmaya gerek kalmadan demo hesaplar sunan en iyi brokerlerin listesi i\u00e7in yukar\u0131daki tabloya bir g\u00f6z at\u0131n. Aksi takdirde, favori brokerlerimizden birine para yat\u0131rmadan hesab\u0131n\u0131z\u0131 a\u00e7mak i\u00e7in buray\u0131 t\u0131klay\u0131n.<\/p>\n\n\n\n<h2 class=\"wp-block-heading\">Demo Ticaret Psikolojisi<\/h2>\n\n\n\n<p>Sekt\u00f6rde, bir demo hesab\u0131 kullanarak yap\u0131lan al\u0131m sat\u0131m i\u015flemlerinin ticaretinize yard\u0131mc\u0131 olup olmad\u0131\u011f\u0131 veya zarar verip vermeyece\u011fi konusunda 2 \u00e7ok farkl\u0131 g\u00f6r\u00fc\u015f vard\u0131r. Baz\u0131 insanlar, kendi paran\u0131z\u0131 riske atmad\u0131\u011f\u0131n\u0131z i\u00e7in bunun ticaret tarz\u0131n\u0131z\u0131 etkiledi\u011fini ve normalden daha fazla risk almaya istekli olaca\u011f\u0131n\u0131z\u0131 iddia ediyor. \u00d6nemli olan \u015fey geli\u015ftirmek ve \u00f6\u011frenmek oldu\u011fundan, ger\u00e7ek anlamda ticaret yapt\u0131\u011f\u0131n\u0131z \u015fekilde ticaret yapmad\u0131\u011f\u0131n\u0131z i\u00e7in, bu geli\u015fmenize yard\u0131mc\u0131 olmaz. Di\u011fer arg\u00fcman ise, demo hesaplar\u0131n\u0131n yeni \u00f6zellikleri veya varl\u0131klar\u0131 denemenin m\u00fckemmel bir yolu oldu\u011fu, ancak daha da \u00f6nemlisi farkl\u0131 stratejiler ve ticaret stilleri oldu\u011fudur. Herhangi bir ticaret stratejisi \u00f6\u011frenmek ve m\u00fckemmelle\u015ftirmek i\u00e7in zaman al\u0131r ve canl\u0131 bir demo ile ticaret yapmak bunu yapman\u0131n en iyi yoludur. Ki\u015fisel olarak hesaplar\u0131mla yeni \u015feyler denemeyi seviyorum ve bug\u00fcn bunun i\u00e7in \u00e7ok daha iyi bir canl\u0131 yat\u0131r\u0131mc\u0131y\u0131m. \u015eimdi \u00fccretsiz bir demo hesab\u0131 a\u00e7\u0131n ve \u00f6\u011frenmek i\u00e7in 50.000 $ kredi kazan\u0131n.<\/p>\n","protected":false},"excerpt":{"rendered":"<p>Bir\u00e7ok ikili opsiyon siteleri demo hesaplar\u0131 sunar. Birka\u00e7 broker \u00fccretsiz bir ikili opsiyon demo hesab\u0131 sunmaktad\u0131r. \u00dccretsiz bir demo hesab\u0131, bir siteleri para yat\u0131rmak zorunda kalmadan sa\u011flad\u0131\u011f\u0131 bir al\u0131\u015ft\u0131rma i\u015flem hesab\u0131d\u0131r. Komisyoncuda \u00fccretsiz bir hesap a\u00e7\u0131n ve m\u00fc\u015fteri hizmetlerinden demo talep edin. \u00dccretsiz demolarda genellikle hesaba ne kadar uygulama paras\u0131 yat\u0131rabilece\u011finiz ve hesab\u0131n s\u00fcresi a\u00e7\u0131s\u0131ndan [&hellip;]<\/p>\n","protected":false},"author":1,"featured_media":0,"parent":0,"menu_order":0,"comment_status":"closed","ping_status":"closed","template":"","meta":{"footnotes":""},"yoast_head":"<!-- This site is optimized with the Yoast SEO plugin v21.9.1 - https:\/\/yoast.com\/wordpress\/plugins\/seo\/ -->\n<title>\u00dccretsiz ikili opsiyon demo hesab\u0131 - ikiliopsiyon.info<\/title>\n<meta name=\"robots\" content=\"index, follow, max-snippet:-1, max-image-preview:large, max-video-preview:-1\" \/>\n<link rel=\"canonical\" href=\"https:\/\/binary-option.co\/tr\/ikili-opsiyon-demo\/\" \/>\n<meta property=\"og:locale\" content=\"tr_TR\" \/>\n<meta property=\"og:type\" content=\"article\" \/>\n<meta property=\"og:title\" content=\"\u00dccretsiz ikili opsiyon demo hesab\u0131 - ikiliopsiyon.info\" \/>\n<meta property=\"og:description\" content=\"Bir\u00e7ok ikili opsiyon siteleri demo hesaplar\u0131 sunar. Birka\u00e7 broker \u00fccretsiz bir ikili opsiyon demo hesab\u0131 sunmaktad\u0131r. \u00dccretsiz bir demo hesab\u0131, bir siteleri para yat\u0131rmak zorunda kalmadan sa\u011flad\u0131\u011f\u0131 bir al\u0131\u015ft\u0131rma i\u015flem hesab\u0131d\u0131r. Komisyoncuda \u00fccretsiz bir hesap a\u00e7\u0131n ve m\u00fc\u015fteri hizmetlerinden demo talep edin. \u00dccretsiz demolarda genellikle hesaba ne kadar uygulama paras\u0131 yat\u0131rabilece\u011finiz ve hesab\u0131n s\u00fcresi a\u00e7\u0131s\u0131ndan [&hellip;]\" \/>\n<meta property=\"og:url\" content=\"https:\/\/binary-option.co\/tr\/ikili-opsiyon-demo\/\" \/>\n<meta property=\"og:site_name\" content=\"ikiliopsiyon.info\" \/>\n<meta property=\"article:modified_time\" content=\"2021-05-24T14:33:53+00:00\" \/>\n<meta name=\"twitter:card\" content=\"summary_large_image\" \/>\n<meta name=\"twitter:label1\" content=\"Tahmini okuma s\u00fcresi\" \/>\n\t<meta name=\"twitter:data1\" content=\"2 dakika\" \/>\n<script type=\"application\/ld+json\" class=\"yoast-schema-graph\">{\"@context\":\"https:\/\/schema.org\",\"@graph\":[{\"@type\":\"WebPage\",\"@id\":\"https:\/\/binary-option.co\/tr\/ikili-opsiyon-demo\/\",\"url\":\"https:\/\/binary-option.co\/tr\/ikili-opsiyon-demo\/\",\"name\":\"\u00dccretsiz ikili opsiyon demo hesab\u0131 - ikiliopsiyon.info\",\"isPartOf\":{\"@id\":\"https:\/\/binary-option.co\/tr\/#website\"},\"datePublished\":\"2020-09-21T15:55:42+00:00\",\"dateModified\":\"2021-05-24T14:33:53+00:00\",\"breadcrumb\":{\"@id\":\"https:\/\/binary-option.co\/tr\/ikili-opsiyon-demo\/#breadcrumb\"},\"inLanguage\":\"tr\",\"potentialAction\":[{\"@type\":\"ReadAction\",\"target\":[\"https:\/\/binary-option.co\/tr\/ikili-opsiyon-demo\/\"]}]},{\"@type\":\"BreadcrumbList\",\"@id\":\"https:\/\/binary-option.co\/tr\/ikili-opsiyon-demo\/#breadcrumb\",\"itemListElement\":[{\"@type\":\"ListItem\",\"position\":1,\"name\":\"Home\",\"item\":\"https:\/\/binary-option.co\/tr\/\"},{\"@type\":\"ListItem\",\"position\":2,\"name\":\"\u00dccretsiz ikili opsiyon demo hesab\u0131\"}]},{\"@type\":\"WebSite\",\"@id\":\"https:\/\/binary-option.co\/tr\/#website\",\"url\":\"https:\/\/binary-option.co\/tr\/\",\"name\":\"ikiliopsiyon.info\",\"description\":\"T\u00fcrk\u00e7e \u0130kili Opsiyon Rehberi\",\"publisher\":{\"@id\":\"https:\/\/binary-option.co\/tr\/#organization\"},\"potentialAction\":[{\"@type\":\"SearchAction\",\"target\":{\"@type\":\"EntryPoint\",\"urlTemplate\":\"https:\/\/binary-option.co\/tr\/?s={search_term_string}\"},\"query-input\":\"required name=search_term_string\"}],\"inLanguage\":\"tr\"},{\"@type\":\"Organization\",\"@id\":\"https:\/\/binary-option.co\/tr\/#organization\",\"name\":\"ikiliopsiyon.info\",\"url\":\"https:\/\/binary-option.co\/tr\/\",\"logo\":{\"@type\":\"ImageObject\",\"inLanguage\":\"tr\",\"@id\":\"https:\/\/binary-option.co\/tr\/#\/schema\/logo\/image\/\",\"url\":\"https:\/\/binary-option.co\/tr\/wp-content\/uploads\/sites\/7\/2020\/09\/Ikiliopsiyon.info_.png\",\"contentUrl\":\"https:\/\/binary-option.co\/tr\/wp-content\/uploads\/sites\/7\/2020\/09\/Ikiliopsiyon.info_.png\",\"width\":412,\"height\":56,\"caption\":\"ikiliopsiyon.info\"},\"image\":{\"@id\":\"https:\/\/binary-option.co\/tr\/#\/schema\/logo\/image\/\"}}]}<\/script>\n<!-- \/ Yoast SEO plugin. -->","yoast_head_json":{"title":"\u00dccretsiz ikili opsiyon demo hesab\u0131 - ikiliopsiyon.info","robots":{"index":"index","follow":"follow","max-snippet":"max-snippet:-1","max-image-preview":"max-image-preview:large","max-video-preview":"max-video-preview:-1"},"canonical":"https:\/\/binary-option.co\/tr\/ikili-opsiyon-demo\/","og_locale":"tr_TR","og_type":"article","og_title":"\u00dccretsiz ikili opsiyon demo hesab\u0131 - ikiliopsiyon.info","og_description":"Bir\u00e7ok ikili opsiyon siteleri demo hesaplar\u0131 sunar. Birka\u00e7 broker \u00fccretsiz bir ikili opsiyon demo hesab\u0131 sunmaktad\u0131r. \u00dccretsiz bir demo hesab\u0131, bir siteleri para yat\u0131rmak zorunda kalmadan sa\u011flad\u0131\u011f\u0131 bir al\u0131\u015ft\u0131rma i\u015flem hesab\u0131d\u0131r. Komisyoncuda \u00fccretsiz bir hesap a\u00e7\u0131n ve m\u00fc\u015fteri hizmetlerinden demo talep edin. \u00dccretsiz demolarda genellikle hesaba ne kadar uygulama paras\u0131 yat\u0131rabilece\u011finiz ve hesab\u0131n s\u00fcresi a\u00e7\u0131s\u0131ndan [&hellip;]","og_url":"https:\/\/binary-option.co\/tr\/ikili-opsiyon-demo\/","og_site_name":"ikiliopsiyon.info","article_modified_time":"2021-05-24T14:33:53+00:00","twitter_card":"summary_large_image","twitter_misc":{"Tahmini okuma s\u00fcresi":"2 dakika"},"schema":{"@context":"https:\/\/schema.org","@graph":[{"@type":"WebPage","@id":"https:\/\/binary-option.co\/tr\/ikili-opsiyon-demo\/","url":"https:\/\/binary-option.co\/tr\/ikili-opsiyon-demo\/","name":"\u00dccretsiz ikili opsiyon demo hesab\u0131 - ikiliopsiyon.info","isPartOf":{"@id":"https:\/\/binary-option.co\/tr\/#website"},"datePublished":"2020-09-21T15:55:42+00:00","dateModified":"2021-05-24T14:33:53+00:00","breadcrumb":{"@id":"https:\/\/binary-option.co\/tr\/ikili-opsiyon-demo\/#breadcrumb"},"inLanguage":"tr","potentialAction":[{"@type":"ReadAction","target":["https:\/\/binary-option.co\/tr\/ikili-opsiyon-demo\/"]}]},{"@type":"BreadcrumbList","@id":"https:\/\/binary-option.co\/tr\/ikili-opsiyon-demo\/#breadcrumb","itemListElement":[{"@type":"ListItem","position":1,"name":"Home","item":"https:\/\/binary-option.co\/tr\/"},{"@type":"ListItem","position":2,"name":"\u00dccretsiz ikili opsiyon demo hesab\u0131"}]},{"@type":"WebSite","@id":"https:\/\/binary-option.co\/tr\/#website","url":"https:\/\/binary-option.co\/tr\/","name":"ikiliopsiyon.info","description":"T\u00fcrk\u00e7e \u0130kili Opsiyon Rehberi","publisher":{"@id":"https:\/\/binary-option.co\/tr\/#organization"},"potentialAction":[{"@type":"SearchAction","target":{"@type":"EntryPoint","urlTemplate":"https:\/\/binary-option.co\/tr\/?s={search_term_string}"},"query-input":"required name=search_term_string"}],"inLanguage":"tr"},{"@type":"Organization","@id":"https:\/\/binary-option.co\/tr\/#organization","name":"ikiliopsiyon.info","url":"https:\/\/binary-option.co\/tr\/","logo":{"@type":"ImageObject","inLanguage":"tr","@id":"https:\/\/binary-option.co\/tr\/#\/schema\/logo\/image\/","url":"https:\/\/binary-option.co\/tr\/wp-content\/uploads\/sites\/7\/2020\/09\/Ikiliopsiyon.info_.png","contentUrl":"https:\/\/binary-option.co\/tr\/wp-content\/uploads\/sites\/7\/2020\/09\/Ikiliopsiyon.info_.png","width":412,"height":56,"caption":"ikiliopsiyon.info"},"image":{"@id":"https:\/\/binary-option.co\/tr\/#\/schema\/logo\/image\/"}}]}},"_links":{"self":[{"href":"https:\/\/binary-option.co\/tr\/wp-json\/wp\/v2\/pages\/8"}],"collection":[{"href":"https:\/\/binary-option.co\/tr\/wp-json\/wp\/v2\/pages"}],"about":[{"href":"https:\/\/binary-option.co\/tr\/wp-json\/wp\/v2\/types\/page"}],"author":[{"embeddable":true,"href":"https:\/\/binary-option.co\/tr\/wp-json\/wp\/v2\/users\/1"}],"replies":[{"embeddable":true,"href":"https:\/\/binary-option.co\/tr\/wp-json\/wp\/v2\/comments?post=8"}],"version-history":[{"count":4,"href":"https:\/\/binary-option.co\/tr\/wp-json\/wp\/v2\/pages\/8\/revisions"}],"predecessor-version":[{"id":108,"href":"https:\/\/binary-option.co\/tr\/wp-json\/wp\/v2\/pages\/8\/revisions\/108"}],"wp:attachment":[{"href":"https:\/\/binary-option.co\/tr\/wp-json\/wp\/v2\/media?parent=8"}],"curies":[{"name":"wp","href":"https:\/\/api.w.org\/{rel}","templated":true}]}}