{"id":196,"date":"2022-04-19T15:56:45","date_gmt":"2022-04-19T15:56:45","guid":{"rendered":"https:\/\/binary-option.co\/tr\/?page_id=196"},"modified":"2023-01-14T18:58:44","modified_gmt":"2023-01-14T18:58:44","slug":"binary-com-guvenilir-mi","status":"publish","type":"page","link":"https:\/\/binary-option.co\/tr\/binary-com-guvenilir-mi\/","title":{"rendered":"Binary.com g\u00fcvenilir mi"},"content":{"rendered":"\n<div class=\"wp-block-columns is-layout-flex wp-container-core-columns-layout-1 wp-block-columns-is-layout-flex\">\n<div class=\"wp-block-column is-layout-flow wp-block-column-is-layout-flow\" style=\"flex-basis:33.33%\">\n<figure class=\"wp-block-image size-large\"><a href=\"https:\/\/binary-option.co\/go\/binary.com\"><img decoding=\"async\" src=\"https:\/\/binary-option.co\/wp-content\/uploads\/2021\/05\/binary.com-logo.png\" alt=\"\" class=\"wp-image-501\"\/><\/a><\/figure>\n<\/div>\n\n\n\n<div class=\"wp-block-column is-layout-flow wp-block-column-is-layout-flow\" style=\"flex-basis:66.66%\">\n<p><strong>De\u011ferlendirme:<\/strong><\/p>\n\n\n\n<ul id=\"block-48994b58-cb5d-4105-94aa-8811d40674ea\"><li>%110&#8217;a Kadar \u00d6deme (Ba\u015far\u0131l\u0131 yat\u0131r\u0131m durumunda tutar hesaba yans\u0131t\u0131l\u0131r)<\/li><li>\u00dccretsiz Depozitosuz Demo Hesab\u0131<\/li><li>D\u00fczenlenmi\u015f MFSA, Labuan FSA, VFSC<\/li><li>%50&#8217;ye varan bonus<\/li><li>5 dk.&nbsp;Depozito<\/li><\/ul>\n\n\n\n<p class=\"has-text-align-center\"><a class=\"maxbutton-2 maxbutton\" target=\"_blank\" rel=\"nofollow noopener\" href=\"https:\/\/binary-option.co\/go\/binary.com\"><span class='mb-text'>Broker&#039;\u0131 ziyaret edin<\/span><\/a><\/p>\n\n\n\n<p class=\"has-text-align-center\">Genel risk uyar\u0131s\u0131: sermayeniz risk alt\u0131nda<\/p>\n<\/div>\n<\/div>\n\n\n\n<p>Binary.com ikili opsiyon piyasas\u0131ndaki en eski brokerlerden biridir.&nbsp;1999&#8217;da kuruldu, ikili opsiyon ticaretinin yan\u0131 s\u0131ra CFD&#8217;ler, forex ve Sentetik Endeksler gibi di\u011fer bir\u00e7ok finansal t\u00fcrev \u00fcr\u00fcn ticareti i\u00e7in \u00e7evrimi\u00e7i bir ticaret platformudur.&nbsp;Binary.com, Binary.com olmadan \u00f6nce BetOnMarkets.com olarak ba\u015flad\u0131 ve \u015fu anda \u00e7evrimi\u00e7i ticaret i\u00e7in en pop\u00fcler brokerlerden biri.<\/p>\n\n\n\n<figure class=\"wp-block-image\"><a href=\"https:\/\/binary-option.co\/go\/binary.com\" target=\"_blank\" rel=\"noreferrer noopener\"><img decoding=\"async\" src=\"https:\/\/binary-option.co\/wp-content\/uploads\/2021\/10\/binary.com-review-1024x689.png\" alt=\"\" class=\"wp-image-1126\"\/><\/a><\/figure>\n\n\n\n<p>Binary.com Malta, Malezya, Paraguay ve Birle\u015fik Arap Emirlikleri&#8217;nde ofisleri bulunan ve \u00e7o\u011fu \u00fclkeden t\u00fcccarlara hizmet veren \u00e7evrimi\u00e7i bir arac\u0131 kurumdur.<br>Bu brokerin \u015fu anda d\u00fcnya \u00e7ap\u0131nda en az 1.000.000 kullan\u0131c\u0131s\u0131 var ve bug\u00fcn ikili opsiyon ticareti i\u00e7in en pop\u00fcler brokerlerden biri.<\/p>\n\n\n\n<p>Bu komisyoncunun bu avantajlar\u0131 ve dezavantajlar\u0131 nelerdir?&nbsp;Binary.com bir doland\u0131r\u0131c\u0131 m\u0131 yoksa ciddi ve g\u00fcvenilir bir komisyoncu mu?<br>Bu Binary.com incelemesinde, bu komisyoncunun teklifini ayr\u0131nt\u0131l\u0131 olarak analiz edece\u011fiz ve size bu komisyoncu hakk\u0131nda kesinlikle bilmeniz gereken her \u015feyi ayr\u0131nt\u0131l\u0131 olarak anlataca\u011f\u0131z.<\/p>\n\n\n\n<h2 class=\"wp-block-heading\">Binary.com Ticaret Platformlar\u0131<\/h2>\n\n\n\n<figure class=\"wp-block-image\"><a href=\"https:\/\/binary-option.co\/go\/binary.com\" target=\"_blank\" rel=\"noreferrer noopener\"><img decoding=\"async\" src=\"https:\/\/binary-option.co\/wp-content\/uploads\/2021\/10\/binary.com-trading-platform-971x1024.png\" alt=\"\" class=\"wp-image-1124\"\/><\/a><\/figure>\n\n\n\n<h3 class=\"wp-block-heading\">MetaTrader 5<\/h3>\n\n\n\n<p>Binary.com, \u00e7evrimi\u00e7i ticaret end\u00fcstrisinde k\u00fcresel bir standart olarak kabul edilen g\u00fc\u00e7l\u00fc bir \u00e7ok varl\u0131kl\u0131 platform olan MT5 ticaret platformu ile forex ve CFD&#8217;lerde Ticaret yapman\u0131z\u0131 sa\u011flar.<\/p>\n\n\n\n<h3 class=\"wp-block-heading\">Binary WebTrader<\/h3>\n\n\n\n<p>Binary.com taraf\u0131ndan sa\u011flanan bu al\u0131m sat\u0131m platformu, varl\u0131klar\u0131n\u0131z\u0131n hareketlerini izlemenize ve geli\u015fmi\u015f bir ikili opsiyon al\u0131m sat\u0131m aray\u00fcz\u00fc arac\u0131l\u0131\u011f\u0131yla favori pazarlar\u0131n\u0131zda al\u0131m sat\u0131m yapman\u0131za olanak tan\u0131r.<\/p>\n\n\n\n<h3 class=\"wp-block-heading\">Ak\u0131ll\u0131 T\u00fcccar<\/h3>\n\n\n\n<p>SmartTrader ticaret platformu, basit ve kullan\u0131m\u0131 kolay bir platformdur.&nbsp;Broker taraf\u0131ndan sa\u011flanan SmartTrader platformu arac\u0131l\u0131\u011f\u0131yla, d\u00fcnya \u00e7ap\u0131ndaki finansal piyasalarda ikili opsiyon ticareti yapabilirsiniz.<\/p>\n\n\n\n<h3 class=\"wp-block-heading\">Binary bot<\/h3>\n\n\n\n<p>Kendi \u00f6zel ticaret robotunuzu olu\u015fturman\u0131za olanak tan\u0131yan basit bir s\u00fcr\u00fckle ve b\u0131rak arac\u0131d\u0131r.&nbsp;Broker taraf\u0131ndan sa\u011flanan bu platform, sezgisel bir aray\u00fczden ticaret stratejilerinizi kolayca olu\u015fturman\u0131za ve otomatikle\u015ftirmenize olanak tan\u0131r.<\/p>\n\n\n\n<h2 class=\"wp-block-heading\">Ticaret T\u00fcrleri<\/h2>\n\n\n\n<p>Binary.com, onu ana ak\u0131m ikili opsiyon komisyoncusundan ay\u0131r\u0131r ve \u00e7ok \u00e7e\u015fitli ikili opsiyon s\u00f6zle\u015fmeleri sunar.&nbsp;\u00d6rne\u011fin, t\u00fcccarlar ticaret yapabilir: y\u00fcksek \/ d\u00fc\u015f\u00fck Se\u00e7enek, Y\u00fcksek \/ Alt Se\u00e7enek, Dokunma \/ Dokunma Yok Se\u00e7ene\u011fi, Giri\u015f \/ \u00c7\u0131k\u0131\u015f Se\u00e7ene\u011fi ve Tik i\u015flemleri.<\/p>\n\n\n\n<p>Bu komisyoncu ayr\u0131ca Metatrader (MT5) platformu arac\u0131l\u0131\u011f\u0131yla kullan\u0131labilen CFD&#8217;ler sunar.&nbsp;Bu ayn\u0131 zamanda Forex d\u00f6viz \u00e7iftleri ve hisse senetleri ve emtialar \u00fczerindeki farkl\u0131 CFD s\u00f6zle\u015fmeleri gibi kald\u0131ra\u00e7 etkisi olan varl\u0131klarla i\u015flem yapman\u0131za da olanak tan\u0131r.<\/p>\n\n\n\n<h2 class=\"wp-block-heading\">\u0130kili opsiyon \u00f6deme oranlar\u0131<\/h2>\n\n\n\n<p>Binary.com&#8217;da ikili opsiyon ticareti yaparken, her do\u011fru ticaret i\u00e7in yat\u0131r\u0131m getirisi, s\u00f6zle\u015fmenin t\u00fcr\u00fcne ve sunulan varl\u0131klara ba\u011fl\u0131 olarak %60 ila %110 aras\u0131nda de\u011fi\u015fir.&nbsp;\u0130\u015flem platformunun sa\u011f taraf\u0131nda g\u00f6r\u00fcnt\u00fclenen i\u015flem yapmak istedi\u011finiz varl\u0131\u011f\u0131n \u00f6deme oranlar\u0131n\u0131 kontrol edebilirsiniz.<\/p>\n\n\n\n<p>Yat\u0131r\u0131m getirisi oran\u0131 dikkate al\u0131nd\u0131\u011f\u0131nda, piyasa dalgalanmalar\u0131 ve belirli varl\u0131klar \u00fczerinde y\u00fcksek oynakl\u0131k d\u00f6nemleri gibi farkl\u0131 parametrelere ba\u011fl\u0131 olarak de\u011fi\u015febilir.<\/p>\n\n\n\n<h2 class=\"wp-block-heading\">Finansal ara\u00e7lar<\/h2>\n\n\n\n<ul><li>\u0130kili Opsiyonlar<\/li><li>Arkana bak<\/li><li>CFD&#8217;ler<\/li><li>Forex<\/li><\/ul>\n\n\n\n<figure class=\"wp-block-image\"><a href=\"https:\/\/binary-option.co\/go\/binary.com\" target=\"_blank\" rel=\"noreferrer noopener\"><img decoding=\"async\" src=\"https:\/\/binary-option.co\/wp-content\/uploads\/2021\/10\/binary.com-trading-instruments-1024x398.png\" alt=\"\" class=\"wp-image-1127\"\/><\/a><\/figure>\n\n\n\n<h2 class=\"wp-block-heading\">Varl\u0131klar ve ara\u00e7lar<\/h2>\n\n\n\n<p>Binary.com bu m\u00fc\u015fterilere Yukar\u0131 \/ A\u015fa\u011f\u0131, Dokunma \/ Dokunma Yok, Biti\u015f \/ \u00c7\u0131kma ve \u0130\u00e7eride \/ D\u0131\u015far\u0131da Kalma gibi 4 t\u00fcr ikili opsiyon s\u00f6zle\u015fmesi \u00fczerinde spek\u00fclasyon yapma imkan\u0131 sunar.&nbsp;Bu komisyoncu ayr\u0131ca 1:1000&#8217;e kadar kald\u0131ra\u00e7 ile CFD&#8217;ler \u015feklinde farkl\u0131 varl\u0131klar sunar.<\/p>\n\n\n\n<p>Bu broker ile en az 114 farkl\u0131 varl\u0131k t\u00fcr\u00fcyle geni\u015f bir dayanak varl\u0131k listesi ticareti yapabilirsiniz.&nbsp;Orada Maj\u00f6r, Min\u00f6r ve Egzotik D\u00f6viz \u00c7iftleri dahil 30 forex \u00e7ifti bulacaks\u0131n\u0131z.&nbsp;28 piyasa endeksi, 40 \u00e7e\u015fit hisse senedi, alt\u0131n ve platin dahil de\u011ferli metal \u00e7iftleri gibi 5 \u00e7e\u015fit emtia.&nbsp;Ayr\u0131ca Bitcoin, Ethereum ve Litecoin dahil olmak \u00fczere 7 t\u00fcr Piyasa Volatilite Endeksi ve Kripto Para Birimi ticareti yapabilirsiniz.<\/p>\n\n\n\n<h2 class=\"wp-block-heading\">Binary.com ticaret botu<\/h2>\n\n\n\n<p>Binary.com kendi ticaret robotunuzu yaratman\u0131z i\u00e7in bir aray\u00fcz sunar, t\u00fcccarlara kendi otomatik ticaret algoritmalar\u0131n\u0131 yap\u0131land\u0131rma ve olu\u015fturma yetene\u011fi verir.<\/p>\n\n\n\n<p>Bu nedenle, Bu i\u015flev, ticaret stratejinizi otomatikle\u015ftirmek i\u00e7in bir ticaret robotu olu\u015fturmak i\u00e7in \u00e7ok kullan\u0131\u015fl\u0131d\u0131r.&nbsp;Robot daha sonra t\u00fcccar taraf\u0131ndan \u00f6nceden belirlenmi\u015f ticaret ko\u015fullar\u0131n\u0131 takip ederek emirleri yerine getirir.<\/p>\n\n\n\n<p>Demo modunda farkl\u0131 parametreleri risk almadan test edebilirsiniz.&nbsp;Al\u0131m sat\u0131m botlar\u0131n\u0131z\u0131 geriye d\u00f6n\u00fck test etmek i\u00e7in paran\u0131z\u0131 riske atmadan otomasyonunuzun farkl\u0131 ayarlar\u0131n\u0131 denemenize izin verir.<\/p>\n\n\n\n<p>\u0130\u015fte bu ticaret robotu olu\u015fturma arac\u0131n\u0131n bir ekran g\u00f6r\u00fcnt\u00fcs\u00fc<\/p>\n\n\n\n<h2 class=\"wp-block-heading\">Hesap T\u00fcrleri<\/h2>\n\n\n\n<figure class=\"wp-block-image\"><a href=\"https:\/\/binary-option.co\/go\/binary.com\" target=\"_blank\" rel=\"noreferrer noopener\"><img decoding=\"async\" src=\"https:\/\/binary-option.co\/wp-content\/uploads\/2021\/10\/binary.com-account-type-1024x519.png\" alt=\"\" class=\"wp-image-1125\"\/><\/a><\/figure>\n\n\n\n<p>Binary.com&#8217;da 2 t\u00fcr ticaret hesab\u0131 a\u00e7ma olana\u011f\u0131n\u0131z vard\u0131r:<\/p>\n\n\n\n<ul><li><strong>Demo Hesap:<\/strong>&nbsp;10.000 USD&#8217;lik yenilenebilir sanal krediye sahip bir deneme hesab\u0131d\u0131r.<\/li><li><strong>Ger\u00e7ek Hesap:<\/strong>&nbsp;\u0130tibari para veya kripto para birimleri olan ger\u00e7ek para hesaplar\u0131d\u0131r.<\/li><\/ul>\n\n\n\n<h2 class=\"wp-block-heading\">D\u00fczenleme<\/h2>\n\n\n\n<p>Binary.com, d\u00fcnya \u00e7ap\u0131nda birden fazla d\u00fczenleyici kurum taraf\u0131ndan d\u00fczenlenen bir komisyoncudur.<\/p>\n\n\n\n<p>Avrupa Birli\u011fi&#8217;nde yat\u0131r\u0131m \u00fcr\u00fcnleri Deriv Investments (Europe) Limited taraf\u0131ndan sunulmaktad\u0131r.&nbsp;ve Malta Finansal Hizmetler Kurumu (Lisans No. IS \/ 70156) taraf\u0131ndan Kategori 3 Hizmet Sa\u011flay\u0131c\u0131s\u0131 olarak d\u00fczenlenir.<\/p>\n\n\n\n<figure class=\"wp-block-image size-large is-resized\"><a href=\"https:\/\/binary-option.co\/go\/binary.com\" target=\"_blank\" rel=\"noopener\"><img decoding=\"async\" src=\"https:\/\/binary-option.co\/wp-content\/uploads\/2021\/10\/Malta-Financial-Services-Authority.png\" alt=\"\" class=\"wp-image-1121\" width=\"256\" height=\"113\"\/><\/a><\/figure>\n\n\n\n<p>AB d\u0131\u015f\u0131nda yerle\u015fik t\u00fcccarlar i\u00e7in \u00c7evrimi\u00e7i arac\u0131l\u0131k hizmetleri, Vanuatu Finansal Hizmetler Komisyonu taraf\u0131ndan d\u00fczenlenen Deriv (SVG) LLC ve Deriv (V) Ltd taraf\u0131ndan sa\u011flanmaktad\u0131r.&nbsp;\u0130ngiliz Virgin Adalar\u0131 Finansal Hizmetler Komisyonu taraf\u0131ndan d\u00fczenlenen Deriv (BVI) Ltd (Lisans no. SIBA \/ L \/ 18\/1114);&nbsp;ve Hisse senedi arac\u0131l\u0131k faaliyetleri i\u00e7in Labuan Financial Services Authority taraf\u0131ndan d\u00fczenlenen Deriv (FX) Ltd (lisans No. MB \/ 18\/0024).<\/p>\n\n\n\n<div class=\"wp-block-columns is-layout-flex wp-container-core-columns-layout-2 wp-block-columns-is-layout-flex\">\n<div class=\"wp-block-column is-layout-flow wp-block-column-is-layout-flow\">\n<figure class=\"wp-block-image size-large is-resized\"><a href=\"https:\/\/binary-option.co\/go\/binary.com\" target=\"_blank\" rel=\"noopener\"><img decoding=\"async\" src=\"https:\/\/binary-option.co\/wp-content\/uploads\/2021\/10\/Vanuatu-Financial-Services-Commission.png\" alt=\"\" class=\"wp-image-1118\" width=\"158\" height=\"106\"\/><\/a><\/figure>\n<\/div>\n\n\n\n<div class=\"wp-block-column is-layout-flow wp-block-column-is-layout-flow\">\n<figure class=\"wp-block-image size-large\"><a href=\"https:\/\/binary-option.co\/go\/binary.com\" target=\"_blank\" rel=\"noopener\"><img decoding=\"async\" src=\"https:\/\/binary-option.co\/wp-content\/uploads\/2021\/10\/BVI-Financial-Services-Commission.png\" alt=\"\" class=\"wp-image-1119\"\/><\/a><\/figure>\n<\/div>\n\n\n\n<div class=\"wp-block-column is-layout-flow wp-block-column-is-layout-flow\">\n<figure class=\"wp-block-image size-large is-resized\"><a href=\"https:\/\/binary-option.co\/go\/binary.com\" target=\"_blank\" rel=\"noopener\"><img decoding=\"async\" src=\"https:\/\/binary-option.co\/wp-content\/uploads\/2021\/10\/labuan_FSA.svg\" alt=\"\" class=\"wp-image-1120\" width=\"217\" height=\"83\"\/><\/a><\/figure>\n\n\n\n<p><\/p>\n<\/div>\n<\/div>\n\n\n\n<h2 class=\"wp-block-heading\">Mobil Ticaret<\/h2>\n\n\n\n<p>Binary.com ayr\u0131ca bu m\u00fc\u015fterilere, bilgisayarda kalmak zorunda kalmadan ticaret yapman\u0131z\u0131 sa\u011flayan Tick Trade Android App adl\u0131 bir mobil uygulama kullanma se\u00e7ene\u011fi de sunar.<\/p>\n\n\n\n<p>Bu \u00fccretsiz mobil ticaret uygulamas\u0131, Android mobil cihazlarda kullan\u0131labilir.<\/p>\n\n\n\n<p>Bu uygulama sayesinde do\u011frudan telefonunuzdan veya tabletinizden piyasalar\u0131 kolayca takip edebilir ve emirleri ger\u00e7ekle\u015ftirebilirsiniz.<\/p>\n\n\n\n<h2 class=\"wp-block-heading\">Para Yat\u0131rma ve \u00c7ekme<\/h2>\n\n\n\n<p>Binary.com para yat\u0131rma ve \u00e7ekme i\u015flemleri i\u00e7in bir\u00e7ok \u00f6deme y\u00f6ntemini destekler.&nbsp;Bu \u00f6deme y\u00f6ntemleri aras\u0131nda VISA ve Mastercard kredi kartlar\u0131n\u0131n yan\u0131 s\u0131ra FasaPay, Paysafecard, Perfect Money, QIWI, Skrill ve Yandex Money gibi \u00e7e\u015fitli elektronik c\u00fczdanlar\u0131 da kullanabilirsiniz.<\/p>\n\n\n\n<figure class=\"wp-block-image\"><a href=\"https:\/\/binary-option.co\/go\/binary.com\" target=\"_blank\" rel=\"noreferrer noopener\"><img decoding=\"async\" src=\"https:\/\/binary-option.co\/wp-content\/uploads\/2021\/10\/binary.com-funding-1024x315.png\" alt=\"\" class=\"wp-image-1129\"\/><\/a><\/figure>\n\n\n\n<p>Al\u0131m sat\u0131m hesab\u0131n\u0131za Western Union ve geleneksel banka havalesi yoluyla para yat\u0131rmak da m\u00fcmk\u00fcnd\u00fcr.<\/p>\n\n\n\n<p>Bu komisyoncu ayr\u0131ca Bitcoin, Bitcoin Cash, Litecoin ve Ethereum gibi kripto para birimlerinde para yat\u0131rma ve \u00e7ekme i\u015flemlerini de kabul eder.<\/p>\n\n\n\n<p>Para \u00e7ekme h\u0131z\u0131 ile ilgili olarak, test etti\u011fimiz \u00e7o\u011fu broker i\u00e7in ortalama olan, kullan\u0131lan y\u00f6nteme ba\u011fl\u0131 olarak para \u00e7ekme i\u015flemlerinin ger\u00e7ekle\u015ftirilmesi 1 ila 5 g\u00fcn s\u00fcrer.<\/p>\n\n\n\n<h2 class=\"wp-block-heading\">Binary.com M\u00fc\u015fteri Deste\u011fi<\/h2>\n\n\n\n<p>Binary.com 12 farkl\u0131 dile \u00e7evrilmi\u015ftir.&nbsp;M\u00fc\u015fteri deste\u011fiyle do\u011frudan canl\u0131 sohbetten ileti\u015fime ge\u00e7ebilirsiniz.<\/p>\n\n\n\n<p>T\u00fcm ileti\u015fim bilgilerini komisyoncunun resmi web sitesinin \u201cBize Ula\u015f\u0131n\u201d sayfas\u0131nda bulacaks\u0131n\u0131z.<\/p>\n\n\n\n<h2 class=\"wp-block-heading\">Son d\u00fc\u015f\u00fcnceler<\/h2>\n\n\n\n<p>Binary.com, sadece 5$\/\u00a3\/\u20ac (se\u00e7ti\u011finiz para birimine ba\u011fl\u0131 olarak) depozito ile al\u0131m sat\u0131m hesab\u0131n\u0131z\u0131 a\u00e7ma \u00f6zelli\u011fine sahip, sevdi\u011fimiz ve tavsiye edebilece\u011fimiz bir komisyoncudur.<\/p>\n\n\n\n<p>Ayr\u0131ca, yaln\u0131zca bir ticaret platformu sunan bir\u00e7ok brokerin aksine, platformlar\u0131 kendi \u00f6zel olu\u015fturulmu\u015f ticaret platformlar\u0131n\u0131 sunman\u0131n yan\u0131 s\u0131ra metatrader 4 ve MT5 platformlar\u0131n\u0131 da destekler.<\/p>\n\n\n\n<p>Binary.com 20 y\u0131l\u0131 a\u015fk\u0131n bir s\u00fcredir \u00e7evrimi\u00e7i arac\u0131l\u0131k i\u015findedir ve en eski ve en iyi d\u00fczenlenmi\u015f ikili opsiyon komisyoncular\u0131ndan biridir.&nbsp;Bu, onlarla ticaret yapmak i\u00e7in belirli bir dinginli\u011fi ve g\u00fcveni garanti eder.&nbsp;Bu nedenle, di\u011fer brokerlerden ayr\u0131lan bir ikili opsiyon brokeri ar\u0131yorsan\u0131z, bir demo hesab\u0131 a\u00e7man\u0131z\u0131 ve Binary.com&#8217;un neden sekt\u00f6rdeki en sayg\u0131n brokerlerden biri oldu\u011funu kendiniz g\u00f6rmenizi \u00f6neririz.<\/p>\n\n\n\n<p class=\"has-text-align-center\"><a class=\"maxbutton-2 maxbutton\" target=\"_blank\" rel=\"nofollow noopener\" href=\"https:\/\/binary-option.co\/go\/binary.com\"><span class='mb-text'>Broker&#039;\u0131 ziyaret edin<\/span><\/a><\/p>\n\n\n\n<p class=\"has-text-align-center\">Genel risk uyar\u0131s\u0131: sermayeniz risk alt\u0131nda<\/p>\n","protected":false},"excerpt":{"rendered":"<p>De\u011ferlendirme: %110&#8217;a Kadar \u00d6deme (Ba\u015far\u0131l\u0131 yat\u0131r\u0131m durumunda tutar hesaba yans\u0131t\u0131l\u0131r) \u00dccretsiz Depozitosuz Demo Hesab\u0131 D\u00fczenlenmi\u015f MFSA, Labuan FSA, VFSC %50&#8217;ye varan bonus 5 dk.&nbsp;Depozito Genel risk uyar\u0131s\u0131: sermayeniz risk alt\u0131nda Binary.com ikili opsiyon piyasas\u0131ndaki en eski brokerlerden biridir.&nbsp;1999&#8217;da kuruldu, ikili opsiyon ticaretinin yan\u0131 s\u0131ra CFD&#8217;ler, forex ve Sentetik Endeksler gibi di\u011fer bir\u00e7ok finansal t\u00fcrev \u00fcr\u00fcn [&hellip;]<\/p>\n","protected":false},"author":1,"featured_media":0,"parent":0,"menu_order":0,"comment_status":"closed","ping_status":"closed","template":"","meta":{"footnotes":""},"yoast_head":"<!-- This site is optimized with the Yoast SEO plugin v21.9.1 - https:\/\/yoast.com\/wordpress\/plugins\/seo\/ -->\n<title>Binary.com g\u00fcvenilir mi 2023 : Doland\u0131r\u0131c\u0131 m\u0131 yoksa G\u00fcvenilir Broker mi?<\/title>\n<meta name=\"robots\" content=\"index, follow, max-snippet:-1, max-image-preview:large, max-video-preview:-1\" \/>\n<link rel=\"canonical\" href=\"https:\/\/binary-option.co\/tr\/binary-com-guvenilir-mi\/\" \/>\n<meta property=\"og:locale\" content=\"tr_TR\" \/>\n<meta property=\"og:type\" content=\"article\" \/>\n<meta property=\"og:title\" content=\"Binary.com g\u00fcvenilir mi 2023 : Doland\u0131r\u0131c\u0131 m\u0131 yoksa G\u00fcvenilir Broker mi?\" \/>\n<meta property=\"og:description\" content=\"De\u011ferlendirme: %110&#8217;a Kadar \u00d6deme (Ba\u015far\u0131l\u0131 yat\u0131r\u0131m durumunda tutar hesaba yans\u0131t\u0131l\u0131r) \u00dccretsiz Depozitosuz Demo Hesab\u0131 D\u00fczenlenmi\u015f MFSA, Labuan FSA, VFSC %50&#8217;ye varan bonus 5 dk.&nbsp;Depozito Genel risk uyar\u0131s\u0131: sermayeniz risk alt\u0131nda Binary.com ikili opsiyon piyasas\u0131ndaki en eski brokerlerden biridir.&nbsp;1999&#8217;da kuruldu, ikili opsiyon ticaretinin yan\u0131 s\u0131ra CFD&#8217;ler, forex ve Sentetik Endeksler gibi di\u011fer bir\u00e7ok finansal t\u00fcrev \u00fcr\u00fcn [&hellip;]\" \/>\n<meta property=\"og:url\" content=\"https:\/\/binary-option.co\/tr\/binary-com-guvenilir-mi\/\" \/>\n<meta property=\"og:site_name\" content=\"ikiliopsiyon.info\" \/>\n<meta property=\"article:modified_time\" content=\"2023-01-14T18:58:44+00:00\" \/>\n<meta property=\"og:image\" content=\"https:\/\/binary-option.co\/wp-content\/uploads\/2021\/05\/binary.com-logo.png\" \/>\n<meta name=\"twitter:card\" content=\"summary_large_image\" \/>\n<meta name=\"twitter:label1\" content=\"Tahmini okuma s\u00fcresi\" \/>\n\t<meta name=\"twitter:data1\" content=\"7 dakika\" \/>\n<script type=\"application\/ld+json\" class=\"yoast-schema-graph\">{\"@context\":\"https:\/\/schema.org\",\"@graph\":[{\"@type\":\"WebPage\",\"@id\":\"https:\/\/binary-option.co\/tr\/binary-com-guvenilir-mi\/\",\"url\":\"https:\/\/binary-option.co\/tr\/binary-com-guvenilir-mi\/\",\"name\":\"Binary.com g\u00fcvenilir mi 2023 : Doland\u0131r\u0131c\u0131 m\u0131 yoksa G\u00fcvenilir Broker mi?\",\"isPartOf\":{\"@id\":\"https:\/\/binary-option.co\/tr\/#website\"},\"datePublished\":\"2022-04-19T15:56:45+00:00\",\"dateModified\":\"2023-01-14T18:58:44+00:00\",\"breadcrumb\":{\"@id\":\"https:\/\/binary-option.co\/tr\/binary-com-guvenilir-mi\/#breadcrumb\"},\"inLanguage\":\"tr\",\"potentialAction\":[{\"@type\":\"ReadAction\",\"target\":[\"https:\/\/binary-option.co\/tr\/binary-com-guvenilir-mi\/\"]}]},{\"@type\":\"BreadcrumbList\",\"@id\":\"https:\/\/binary-option.co\/tr\/binary-com-guvenilir-mi\/#breadcrumb\",\"itemListElement\":[{\"@type\":\"ListItem\",\"position\":1,\"name\":\"Home\",\"item\":\"https:\/\/binary-option.co\/tr\/\"},{\"@type\":\"ListItem\",\"position\":2,\"name\":\"Binary.com g\u00fcvenilir mi\"}]},{\"@type\":\"WebSite\",\"@id\":\"https:\/\/binary-option.co\/tr\/#website\",\"url\":\"https:\/\/binary-option.co\/tr\/\",\"name\":\"ikiliopsiyon.info\",\"description\":\"T\u00fcrk\u00e7e \u0130kili Opsiyon Rehberi\",\"publisher\":{\"@id\":\"https:\/\/binary-option.co\/tr\/#organization\"},\"potentialAction\":[{\"@type\":\"SearchAction\",\"target\":{\"@type\":\"EntryPoint\",\"urlTemplate\":\"https:\/\/binary-option.co\/tr\/?s={search_term_string}\"},\"query-input\":\"required name=search_term_string\"}],\"inLanguage\":\"tr\"},{\"@type\":\"Organization\",\"@id\":\"https:\/\/binary-option.co\/tr\/#organization\",\"name\":\"ikiliopsiyon.info\",\"url\":\"https:\/\/binary-option.co\/tr\/\",\"logo\":{\"@type\":\"ImageObject\",\"inLanguage\":\"tr\",\"@id\":\"https:\/\/binary-option.co\/tr\/#\/schema\/logo\/image\/\",\"url\":\"https:\/\/binary-option.co\/tr\/wp-content\/uploads\/sites\/7\/2020\/09\/Ikiliopsiyon.info_.png\",\"contentUrl\":\"https:\/\/binary-option.co\/tr\/wp-content\/uploads\/sites\/7\/2020\/09\/Ikiliopsiyon.info_.png\",\"width\":412,\"height\":56,\"caption\":\"ikiliopsiyon.info\"},\"image\":{\"@id\":\"https:\/\/binary-option.co\/tr\/#\/schema\/logo\/image\/\"}}]}<\/script>\n<!-- \/ Yoast SEO plugin. -->","yoast_head_json":{"title":"Binary.com g\u00fcvenilir mi 2023 : Doland\u0131r\u0131c\u0131 m\u0131 yoksa G\u00fcvenilir Broker mi?","robots":{"index":"index","follow":"follow","max-snippet":"max-snippet:-1","max-image-preview":"max-image-preview:large","max-video-preview":"max-video-preview:-1"},"canonical":"https:\/\/binary-option.co\/tr\/binary-com-guvenilir-mi\/","og_locale":"tr_TR","og_type":"article","og_title":"Binary.com g\u00fcvenilir mi 2023 : Doland\u0131r\u0131c\u0131 m\u0131 yoksa G\u00fcvenilir Broker mi?","og_description":"De\u011ferlendirme: %110&#8217;a Kadar \u00d6deme (Ba\u015far\u0131l\u0131 yat\u0131r\u0131m durumunda tutar hesaba yans\u0131t\u0131l\u0131r) \u00dccretsiz Depozitosuz Demo Hesab\u0131 D\u00fczenlenmi\u015f MFSA, Labuan FSA, VFSC %50&#8217;ye varan bonus 5 dk.&nbsp;Depozito Genel risk uyar\u0131s\u0131: sermayeniz risk alt\u0131nda Binary.com ikili opsiyon piyasas\u0131ndaki en eski brokerlerden biridir.&nbsp;1999&#8217;da kuruldu, ikili opsiyon ticaretinin yan\u0131 s\u0131ra CFD&#8217;ler, forex ve Sentetik Endeksler gibi di\u011fer bir\u00e7ok finansal t\u00fcrev \u00fcr\u00fcn [&hellip;]","og_url":"https:\/\/binary-option.co\/tr\/binary-com-guvenilir-mi\/","og_site_name":"ikiliopsiyon.info","article_modified_time":"2023-01-14T18:58:44+00:00","og_image":[{"url":"https:\/\/binary-option.co\/wp-content\/uploads\/2021\/05\/binary.com-logo.png"}],"twitter_card":"summary_large_image","twitter_misc":{"Tahmini okuma s\u00fcresi":"7 dakika"},"schema":{"@context":"https:\/\/schema.org","@graph":[{"@type":"WebPage","@id":"https:\/\/binary-option.co\/tr\/binary-com-guvenilir-mi\/","url":"https:\/\/binary-option.co\/tr\/binary-com-guvenilir-mi\/","name":"Binary.com g\u00fcvenilir mi 2023 : Doland\u0131r\u0131c\u0131 m\u0131 yoksa G\u00fcvenilir Broker mi?","isPartOf":{"@id":"https:\/\/binary-option.co\/tr\/#website"},"datePublished":"2022-04-19T15:56:45+00:00","dateModified":"2023-01-14T18:58:44+00:00","breadcrumb":{"@id":"https:\/\/binary-option.co\/tr\/binary-com-guvenilir-mi\/#breadcrumb"},"inLanguage":"tr","potentialAction":[{"@type":"ReadAction","target":["https:\/\/binary-option.co\/tr\/binary-com-guvenilir-mi\/"]}]},{"@type":"BreadcrumbList","@id":"https:\/\/binary-option.co\/tr\/binary-com-guvenilir-mi\/#breadcrumb","itemListElement":[{"@type":"ListItem","position":1,"name":"Home","item":"https:\/\/binary-option.co\/tr\/"},{"@type":"ListItem","position":2,"name":"Binary.com g\u00fcvenilir mi"}]},{"@type":"WebSite","@id":"https:\/\/binary-option.co\/tr\/#website","url":"https:\/\/binary-option.co\/tr\/","name":"ikiliopsiyon.info","description":"T\u00fcrk\u00e7e \u0130kili Opsiyon Rehberi","publisher":{"@id":"https:\/\/binary-option.co\/tr\/#organization"},"potentialAction":[{"@type":"SearchAction","target":{"@type":"EntryPoint","urlTemplate":"https:\/\/binary-option.co\/tr\/?s={search_term_string}"},"query-input":"required name=search_term_string"}],"inLanguage":"tr"},{"@type":"Organization","@id":"https:\/\/binary-option.co\/tr\/#organization","name":"ikiliopsiyon.info","url":"https:\/\/binary-option.co\/tr\/","logo":{"@type":"ImageObject","inLanguage":"tr","@id":"https:\/\/binary-option.co\/tr\/#\/schema\/logo\/image\/","url":"https:\/\/binary-option.co\/tr\/wp-content\/uploads\/sites\/7\/2020\/09\/Ikiliopsiyon.info_.png","contentUrl":"https:\/\/binary-option.co\/tr\/wp-content\/uploads\/sites\/7\/2020\/09\/Ikiliopsiyon.info_.png","width":412,"height":56,"caption":"ikiliopsiyon.info"},"image":{"@id":"https:\/\/binary-option.co\/tr\/#\/schema\/logo\/image\/"}}]}},"_links":{"self":[{"href":"https:\/\/binary-option.co\/tr\/wp-json\/wp\/v2\/pages\/196"}],"collection":[{"href":"https:\/\/binary-option.co\/tr\/wp-json\/wp\/v2\/pages"}],"about":[{"href":"https:\/\/binary-option.co\/tr\/wp-json\/wp\/v2\/types\/page"}],"author":[{"embeddable":true,"href":"https:\/\/binary-option.co\/tr\/wp-json\/wp\/v2\/users\/1"}],"replies":[{"embeddable":true,"href":"https:\/\/binary-option.co\/tr\/wp-json\/wp\/v2\/comments?post=196"}],"version-history":[{"count":2,"href":"https:\/\/binary-option.co\/tr\/wp-json\/wp\/v2\/pages\/196\/revisions"}],"predecessor-version":[{"id":198,"href":"https:\/\/binary-option.co\/tr\/wp-json\/wp\/v2\/pages\/196\/revisions\/198"}],"wp:attachment":[{"href":"https:\/\/binary-option.co\/tr\/wp-json\/wp\/v2\/media?parent=196"}],"curies":[{"name":"wp","href":"https:\/\/api.w.org\/{rel}","templated":true}]}}