{"id":194,"date":"2022-04-19T15:39:48","date_gmt":"2022-04-19T15:39:48","guid":{"rendered":"https:\/\/binary-option.co\/tr\/?page_id=194"},"modified":"2023-01-14T18:58:08","modified_gmt":"2023-01-14T18:58:08","slug":"iqcent-guvenilir-mi","status":"publish","type":"page","link":"https:\/\/binary-option.co\/tr\/iqcent-guvenilir-mi\/","title":{"rendered":"IQCent g\u00fcvenilir mi"},"content":{"rendered":"\n<div class=\"wp-block-columns is-layout-flex wp-container-core-columns-layout-1 wp-block-columns-is-layout-flex\">\n<div class=\"wp-block-column is-layout-flow wp-block-column-is-layout-flow\" style=\"flex-basis:33.33%\">\n<figure class=\"wp-block-image size-large\"><a href=\"https:\/\/binary-option.co\/go\/iqcent.com\" target=\"_blank\" rel=\"noopener\"><img decoding=\"async\" src=\"https:\/\/binary-option.co\/wp-content\/uploads\/2021\/10\/iqcent-logo.png\" alt=\"\" class=\"wp-image-1109\"\/><\/a><\/figure>\n<\/div>\n\n\n\n<div class=\"wp-block-column is-layout-flow wp-block-column-is-layout-flow\" style=\"flex-basis:66.66%\">\n<p><strong>De\u011ferlendirme:<\/strong> <div itemprop=\"reviewRating\" itemscope itemtype=\"http:\/\/schema.org\/Rating\" class=\"usr\"><meta itemprop=\"worstRating\" content=\"0\" \/><meta itemprop=\"ratingValue\" content=\"4\" \/><meta itemprop=\"bestRating\" content=\"5\" \/><img decoding=\"async\" class=\"usr\" src=\"https:\/\/binary-option.co\/tr\/wp-content\/plugins\/universal-star-rating\/includes\/image.php?img=06.png&amp;px=15&amp;max=5&amp;rat=4\" alt=\"4 out of 5 stars\" style=\"height: 15px !important;\" \/><\/div><\/p>\n\n\n\n<ul id=\"block-48994b58-cb5d-4105-94aa-8811d40674ea\"><li>%95&#8217;e varan \u00d6deme (Ba\u015far\u0131l\u0131 yat\u0131r\u0131m durumunda tutar hesaba yans\u0131t\u0131l\u0131r)<\/li><li>%150&#8217;e varan bonus (IQCent promosyon kodu BINARYOPTION )<\/li><li>20 dolar\u00a0Depozito<\/li><\/ul>\n\n\n\n<p><\/p>\n\n\n\n<p class=\"has-text-align-center\"><a class=\"maxbutton-2 maxbutton\" target=\"_blank\" rel=\"nofollow noopener\" href=\"https:\/\/binary-option.co\/go\/iqcent.com\"><span class='mb-text'>Broker&#039;\u0131 ziyaret edin<\/span><\/a><\/p>\n\n\n\n<p class=\"has-text-align-center\">Genel risk uyar\u0131s\u0131: sermayeniz risk alt\u0131nda<\/p>\n<\/div>\n<\/div>\n\n\n\n<p>G\u00fcn\u00fcm\u00fczde, giderek daha fazla insan \u00e7evrimi\u00e7i ticaret yap\u0131yor.&nbsp;\u0130ster evdeki bilgisayardan ister ak\u0131ll\u0131 telefondan, d\u00fcnyan\u0131n her yerinden bir\u00e7ok \u00e7evrimi\u00e7i i\u015flem platformunda i\u015flem yapabilirsiniz.&nbsp;Bu nedenle pek \u00e7ok insan, ek gelir kayna\u011f\u0131 veya tam zamanl\u0131 bir i\u015f olarak \u00e7evrimi\u00e7i ticarete giriyor.<\/p>\n\n\n\n<p>Bununla birlikte, \u00e7evrimi\u00e7i ticaret d\u00fcnyas\u0131ndaki ba\u015far\u0131n\u0131z i\u00e7in iyi bir komisyoncu se\u00e7mek \u00e7ok \u00f6nemlidir.&nbsp;D\u0131\u015far\u0131da bir\u00e7ok doland\u0131r\u0131c\u0131l\u0131k ve k\u00f6t\u00fc komisyoncu var, bu nedenle komisyoncunuzun me\u015fruiyeti hakk\u0131nda sorular sorman\u0131z normaldir.<\/p>\n\n\n\n<p>Bu incelemede&nbsp;<strong>, IQCent komisyoncusunu analiz edece\u011fiz ve bu komisyoncu taraf\u0131ndan sunulan t\u00fcm \u00f6zellikleri ve hizmetleri g\u00f6rece\u011fiz<\/strong>&nbsp;.&nbsp;Ayr\u0131ca IQCent&#8217;te bir hesap a\u00e7man\u0131n ger\u00e7ekten de\u011fip de\u011fmeyece\u011fini size s\u00f6yleyece\u011fiz.<\/p>\n\n\n\n<figure class=\"wp-block-image\"><a href=\"https:\/\/binary-option.co\/go\/iqcent.com\" target=\"_blank\" rel=\"noreferrer noopener\"><img decoding=\"async\" src=\"https:\/\/binary-option.co\/wp-content\/uploads\/2021\/10\/iqcent-1024x572.png\" alt=\"\" class=\"wp-image-1101\"\/><\/a><\/figure>\n\n\n\n<h2 class=\"wp-block-heading\">IQCent nedir?<\/h2>\n\n\n\n<p><strong>IQCent, 2017 y\u0131l\u0131nda faaliyete ba\u015flayan bir Forex, CFD ve ikili opsiyon brokeridir<\/strong>&nbsp;. IQCent, m\u00fc\u015fterilerinin 0,01 cent kadar d\u00fc\u015f\u00fck olabilen pozisyonlarla i\u015flem yapmas\u0131na izin veren tek \u00e7evrimi\u00e7i brokerlerden biridir.&nbsp;Bu komisyoncu Wave Maker LTD ad\u0131 alt\u0131nda faaliyet g\u00f6stermektedir ve merkezi Majuro, Marshall Adalar\u0131&#8217;ndad\u0131r.<\/p>\n\n\n\n<p>Bir komisyoncunun me\u015fruiyetini sa\u011flamak i\u00e7in d\u00fczenleme \u00f6nemli bir noktad\u0131r.&nbsp;Hala ciddi d\u00fczenlemeye tabi olmayan brokerler var, ayr\u0131ca sadece doland\u0131r\u0131c\u0131l\u0131k yapan ba\u015fkalar\u0131 da var.<\/p>\n\n\n\n<p>IQCent, sayg\u0131n bir d\u00fczenleyici kurum taraf\u0131ndan d\u00fczenlenen veya tescil edilen brokerlerden biri de\u011fildir.&nbsp;Bu onun k\u00f6t\u00fc bir broker oldu\u011fu anlam\u0131na gelmez, ancak IQCent ile i\u015flem yapmak isteyen m\u00fc\u015fteriler bu broker ile ikili opsiyon, forex veya CFD ticareti yaparken dikkatli olmal\u0131d\u0131rlar.<\/p>\n\n\n\n<p>Ki\u015fisel verilerinizin korunmas\u0131 ile ilgili.&nbsp;Burada iyi bir nokta, endi\u015felenmenize gerek olmamas\u0131d\u0131r \u00e7\u00fcnk\u00fc&nbsp;<strong>IQ Cent g\u00fcncel SSL g\u00fcvenlik protokol\u00fc ile donat\u0131lm\u0131\u015ft\u0131r<\/strong>&nbsp;.&nbsp;Bu, verilerinizin \u015fifrelendi\u011fi ve bilgisayar korsanlar\u0131 ve di\u011fer k\u00f6t\u00fc niyetli ki\u015filer taraf\u0131ndan al\u0131namayaca\u011f\u0131 anlam\u0131na gelir.<\/p>\n\n\n\n<h2 class=\"wp-block-heading\">IQCent Ticaret platformu<\/h2>\n\n\n\n<p><strong>IQCent ticaret platformu basit ve sezgiseldir<\/strong>&nbsp;.&nbsp;M\u00fc\u015fterilerinin ihtiya\u00e7lar\u0131n\u0131 kar\u015f\u0131lamak i\u00e7in komisyoncu taraf\u0131ndan \u00f6zel olarak olu\u015fturulmu\u015ftur.&nbsp;Bu platform, teknik analizde \u00e7ok faydal\u0131 bir\u00e7ok g\u00f6sterge ve grafik arac\u0131 i\u00e7erir.<\/p>\n\n\n\n<figure class=\"wp-block-image\"><a href=\"https:\/\/binary-option.co\/go\/iqcent.com\" target=\"_blank\" rel=\"noreferrer noopener\"><img decoding=\"async\" src=\"https:\/\/binary-option.co\/wp-content\/uploads\/2021\/10\/iqcent-trading-platform-1024x509.png\" alt=\"\" class=\"wp-image-1103\"\/><\/a><\/figure>\n\n\n\n<p>IQCent ticaret platformunun solunda mevcut varl\u0131klar\u0131n listesi bulunur.&nbsp;Grafik k\u0131sm\u0131 ekran\u0131n ortas\u0131na yerle\u015ftirilmi\u015ftir ve ekran\u0131n sa\u011f taraf\u0131nda \u00c7a\u011fr\u0131 ve PUT butonlar\u0131 ile emirleri yap\u0131land\u0131rman\u0131za imkan veren men\u00fcler bulunmaktad\u0131r.<\/p>\n\n\n\n<p>Bu ticaret platformunda ayr\u0131ca bir kopya ticaret arac\u0131 bulacaks\u0131n\u0131z.&nbsp;Bu kopya ticaret arac\u0131, di\u011fer t\u00fcccarlar\u0131n i\u015flemlerini kopyalaman\u0131za ve herhangi bir ticaret deneyimi olmadan bile kazanman\u0131za olanak tan\u0131r.<\/p>\n\n\n\n<p><strong>Genel olarak, IQ Cent ticaret platformu klasik kal\u0131r ve bir \u0130kili Opsiyon, forex ve CFD ticaret platformunda bulmay\u0131 bekleyece\u011finiz t\u00fcm unsurlar\u0131 birle\u015ftirir.<\/strong><\/p>\n\n\n\n<figure class=\"wp-block-image\"><a href=\"https:\/\/binary-option.co\/go\/iqcent.com\" target=\"_blank\" rel=\"noreferrer noopener\"><img decoding=\"async\" src=\"https:\/\/binary-option.co\/wp-content\/uploads\/2021\/10\/iqcent-copy-trading-1024x689.png\" alt=\"\" class=\"wp-image-1105\"\/><\/a><\/figure>\n\n\n\n<h2 class=\"wp-block-heading\">Varl\u0131klar<\/h2>\n\n\n\n<p>IQCent, bu m\u00fc\u015fterilere ticaret yapmak i\u00e7in en az 100 varl\u0131k sunar.&nbsp;Bu varl\u0131klar aras\u0131nda \u015funlar\u0131 bulabilirsiniz:<\/p>\n\n\n\n<ul><li>Hareketler<\/li><li>Kripto<\/li><li>emtialar<\/li><li>dizin<\/li><li>Forex para birimleri<\/li><\/ul>\n\n\n\n<p>IQCent&#8217;te, ba\u015fl\u0131ca forex d\u00f6viz \u00e7iftleri, petrol, hisse senetleri ve di\u011fer bir\u00e7ok pop\u00fcler varl\u0131k gibi en pop\u00fcler varl\u0131klar\u0131n \u00e7o\u011funu bulacaks\u0131n\u0131z.<\/p>\n\n\n\n<p><strong>IQ Cent web platformunda bulunan t\u00fcm varl\u0131klar\u0131n listesini<\/strong>&nbsp;okumaktan \u00e7ekinmeyin&nbsp;.&nbsp;Opsiyon formundaki varl\u0131k listesinin CFD formunda sunulan varl\u0131k listesiyle ayn\u0131 olmad\u0131\u011f\u0131n\u0131 l\u00fctfen unutmay\u0131n.<\/p>\n\n\n\n<p><strong>IQCent&#8217;in platformu , 1:100 kald\u0131ra\u00e7la forex ve CFD ticareti<\/strong>&nbsp;yapman\u0131za olanak tan\u0131r&nbsp;ve baz\u0131 varl\u0131klarda 1:500&#8217;e kadar \u00e7\u0131kabilir.&nbsp;Kald\u0131ra\u00e7, varl\u0131\u011fa ba\u011fl\u0131 olarak de\u011fi\u015fir.<\/p>\n\n\n\n<p>IQCent&#8217;te 7\/24 i\u015flem yapabilirsiniz.&nbsp;Ancak baz\u0131 pazarlar\u0131n hafta sonlar\u0131 veya belirli saatlerde kapal\u0131 oldu\u011funu l\u00fctfen unutmay\u0131n.&nbsp;Opsiyonlar veya CFD&#8217;ler \u015feklindeki kripto para birimleri herhangi bir zamanda al\u0131n\u0131p sat\u0131labilir.<\/p>\n\n\n\n<p>Burada iyi bir nokta,&nbsp;<strong>IQ Cent&#8217;in Forex, CFD ve Opsiyon ticaretinde \u00fccret talep etmemesidir<\/strong>&nbsp;.&nbsp;Ancak, komisyoncu para \u00e7ekme y\u00f6nteminize ba\u011fl\u0131 olarak bir \u00fccret talep edebilir.&nbsp;Bununla ilgili daha fazla bilgiyi a\u015fa\u011f\u0131daki para \u00e7ekme b\u00f6l\u00fcm\u00fcnde bulabilirsiniz.<\/p>\n\n\n\n<ul><li>IQCent Minimum depozito 20$<\/li><li>Opsiyon ticareti i\u00e7in %95+ getiri<\/li><li>CFD Ticaretinde 1:500&#8217;e kadar kald\u0131ra\u00e7<\/li><li>%5&#8217;e varan sabit CFD \u0130\u015flem \u00fccretleri<\/li><li>\u00c7oklu \u00f6deme y\u00f6ntemleri<\/li><li>7\/24 destek<\/li><li>Benzersiz web platformu<\/li><\/ul>\n\n\n\n<h2 class=\"wp-block-heading\">IQCent hesaplar\u0131<\/h2>\n\n\n\n<ul><li>IQCent, 3 t\u00fcr hesap a\u00e7ma imkan\u0131 sunar:<\/li><li>Bronz (10$ ile 250$ aras\u0131ndaki depozitolar)<\/li><li>G\u00fcm\u00fc\u015f (250$ ile 1.000$ aras\u0131ndaki mevduatlar)<\/li><li>Alt\u0131n (1.000 dolar\u0131n \u00fczerindeki mevduatlar).<\/li><\/ul>\n\n\n\n<p>Sunulan hesaplar aras\u0131nda her hesap t\u00fcr\u00fcn\u00fcn farkl\u0131 bir bonus y\u00fczdesi vard\u0131r (%20&#8217;den %100&#8217;e kadar), Sunulan bonusa ek olarak, Bu hesaplar Silver i\u00e7in ki\u015fisel y\u00f6netici ve web seminerleri (web oturumu) edinme gibi di\u011fer avantajlarla ili\u015fkilidir. ve Alt\u0131n hesaplar\u0131.<\/p>\n\n\n\n<h2 class=\"wp-block-heading\">IQCent para yat\u0131rma ve \u00e7ekme<\/h2>\n\n\n\n<p><strong><\/strong>IQCent, 10&#8217;dan fazla \u00f6deme se\u00e7ene\u011fi ile para yat\u0131rma ve \u00e7ekme i\u015flemlerini ger\u00e7ekle\u015ftirmek i\u00e7in&nbsp;<strong>\u00e7ok say\u0131da \u00f6deme y\u00f6ntemine sahiptir.&nbsp;<\/strong>Para \u00e7ekme i\u015flemlerinizi kripto para birimi,&nbsp;<strong>kredi\/banka kart\u0131 ve e-c\u00fczdan gibi di\u011fer \u00f6deme ara\u00e7lar\u0131 arac\u0131l\u0131\u011f\u0131yla yeniden yerelle\u015ftirebilirsiniz.<\/strong><\/p>\n\n\n\n<figure class=\"wp-block-image\"><a href=\"https:\/\/binary-option.co\/go\/iqcent.com\" target=\"_blank\" rel=\"noreferrer noopener\"><img decoding=\"async\" src=\"https:\/\/binary-option.co\/wp-content\/uploads\/2021\/10\/iqcent-funding-methods-1024x942.png\" alt=\"\" class=\"wp-image-1106\"\/><\/a><\/figure>\n\n\n\n<h2 class=\"wp-block-heading\">\u00d6nemli ciro ko\u015fullar\u0131na dikkat edin<\/h2>\n\n\n\n<p>Para \u00e7ekme i\u015flemleriyle ilgili unutulmamas\u0131 gereken \u00f6nemli bir nokta,&nbsp;<strong>IQCent,<\/strong>&nbsp;bonus kullan\u0131yor veya bonussuz i\u015flem yap\u0131yor olsan\u0131z bile, paran\u0131z\u0131 \u00fccretsiz olarak \u00e7ekmeden \u00f6nce belirli bir miktar i\u015flem yapman\u0131z\u0131 gerektirir.<\/p>\n\n\n\n<p>Bakiyenizin %300&#8217;\u00fcne (bonuslu hesaplar i\u00e7in) veya cironun %100&#8217;\u00fcne (bonussuz hesaplar i\u00e7in) e\u015fde\u011ferde i\u015flem yapmadan \u00f6nce paran\u0131z\u0131 \u00e7ekmek isterseniz, IQCent %20&#8217;lik bir para \u00e7ekme \u00fccreti al\u0131r.<\/p>\n\n\n\n<h2 class=\"wp-block-heading\">IQCent ticaret yar\u0131\u015fmas\u0131<\/h2>\n\n\n\n<p>IQ Cent her hafta&nbsp;<strong>ticaret turnuvalar\u0131na ev sahipli\u011fi yapar ve kazanana 20.000$ \u00f6d\u00fcll\u00fc teklifler sunar<\/strong>&nbsp;.&nbsp;T\u00fcm t\u00fcccarlar, haftal\u0131k ticaret yar\u0131\u015fmas\u0131na kat\u0131lmaya otomatik olarak hak kazan\u0131r.<br>IQ Cent ayr\u0131ca iPhone 11 Pro, AirPods, Apple Watch&nbsp;gibi her ay \u00fccretsiz hediyeler sunuyor .<\/p>\n\n\n\n<figure class=\"wp-block-image\"><a href=\"https:\/\/binary-option.co\/go\/iqcent.com\" target=\"_blank\" rel=\"noreferrer noopener\"><img decoding=\"async\" src=\"https:\/\/binary-option.co\/wp-content\/uploads\/2021\/10\/iqcent-trading-contest-1024x702.png\" alt=\"\" class=\"wp-image-1107\"\/><\/a><\/figure>\n\n\n\n<h2 class=\"wp-block-heading\">IQCent inceleme sonucu<\/h2>\n\n\n\n<p><strong>IQCent bir doland\u0131r\u0131c\u0131l\u0131k de\u011fildir<\/strong>&nbsp;.&nbsp;Bununla birlikte, bu komisyoncu, \u00fccretsiz para \u00e7ekme i\u015flemleri i\u00e7in ciro gereklili\u011fi veya depozito olmadan \u00fccretsiz bir demo hesab\u0131 a\u00e7man\u0131n imkans\u0131zl\u0131\u011f\u0131 gibi baz\u0131 t\u00fcccarlar\u0131 erteleyebilecek baz\u0131 dezavantajlara sahiptir.<\/p>\n\n\n\n<p>Bu ko\u015fullar size uymuyorsa, komisyoncular hakk\u0131ndaki di\u011fer g\u00f6r\u00fc\u015flerimizi veya en iyi ikili opsiyon komisyoncusunu listeleyen en iyi brokerleri kar\u015f\u0131la\u015ft\u0131rmam\u0131z\u0131 \u00fccretsiz bir demo hesab\u0131yla ve para \u00e7ekme k\u0131s\u0131tlamas\u0131 olmadan g\u00f6rebilirsiniz.<\/p>\n\n\n\n<p class=\"has-text-align-center\"><a class=\"maxbutton-2 maxbutton\" target=\"_blank\" rel=\"nofollow noopener\" href=\"https:\/\/binary-option.co\/go\/iqcent.com\"><span class='mb-text'>Broker&#039;\u0131 ziyaret edin<\/span><\/a><\/p>\n\n\n\n<p class=\"has-text-align-center\"><strong>%150 bonus almak i\u00e7in IQCent promosyon kodu BINARYOPTION&#8217;yi kullan\u0131n<\/strong><\/p>\n","protected":false},"excerpt":{"rendered":"<p>De\u011ferlendirme: %95&#8217;e varan \u00d6deme (Ba\u015far\u0131l\u0131 yat\u0131r\u0131m durumunda tutar hesaba yans\u0131t\u0131l\u0131r) %150&#8217;e varan bonus (IQCent promosyon kodu BINARYOPTION ) 20 dolar\u00a0Depozito Genel risk uyar\u0131s\u0131: sermayeniz risk alt\u0131nda G\u00fcn\u00fcm\u00fczde, giderek daha fazla insan \u00e7evrimi\u00e7i ticaret yap\u0131yor.&nbsp;\u0130ster evdeki bilgisayardan ister ak\u0131ll\u0131 telefondan, d\u00fcnyan\u0131n her yerinden bir\u00e7ok \u00e7evrimi\u00e7i i\u015flem platformunda i\u015flem yapabilirsiniz.&nbsp;Bu nedenle pek \u00e7ok insan, ek gelir kayna\u011f\u0131 [&hellip;]<\/p>\n","protected":false},"author":1,"featured_media":0,"parent":0,"menu_order":0,"comment_status":"closed","ping_status":"closed","template":"","meta":{"footnotes":""},"yoast_head":"<!-- This site is optimized with the Yoast SEO plugin v21.9.1 - https:\/\/yoast.com\/wordpress\/plugins\/seo\/ -->\n<title>IQCent g\u00fcvenilir mi 2023 : Doland\u0131r\u0131c\u0131 m\u0131 yoksa g\u00fcvenilir bir \u015firket mi?<\/title>\n<meta name=\"robots\" content=\"index, follow, max-snippet:-1, max-image-preview:large, max-video-preview:-1\" \/>\n<link rel=\"canonical\" href=\"https:\/\/binary-option.co\/tr\/iqcent-guvenilir-mi\/\" \/>\n<meta property=\"og:locale\" content=\"tr_TR\" \/>\n<meta property=\"og:type\" content=\"article\" \/>\n<meta property=\"og:title\" content=\"IQCent g\u00fcvenilir mi 2023 : Doland\u0131r\u0131c\u0131 m\u0131 yoksa g\u00fcvenilir bir \u015firket mi?\" \/>\n<meta property=\"og:description\" content=\"De\u011ferlendirme: %95&#8217;e varan \u00d6deme (Ba\u015far\u0131l\u0131 yat\u0131r\u0131m durumunda tutar hesaba yans\u0131t\u0131l\u0131r) %150&#8217;e varan bonus (IQCent promosyon kodu BINARYOPTION ) 20 dolar\u00a0Depozito Genel risk uyar\u0131s\u0131: sermayeniz risk alt\u0131nda G\u00fcn\u00fcm\u00fczde, giderek daha fazla insan \u00e7evrimi\u00e7i ticaret yap\u0131yor.&nbsp;\u0130ster evdeki bilgisayardan ister ak\u0131ll\u0131 telefondan, d\u00fcnyan\u0131n her yerinden bir\u00e7ok \u00e7evrimi\u00e7i i\u015flem platformunda i\u015flem yapabilirsiniz.&nbsp;Bu nedenle pek \u00e7ok insan, ek gelir kayna\u011f\u0131 [&hellip;]\" \/>\n<meta property=\"og:url\" content=\"https:\/\/binary-option.co\/tr\/iqcent-guvenilir-mi\/\" \/>\n<meta property=\"og:site_name\" content=\"ikiliopsiyon.info\" \/>\n<meta property=\"article:modified_time\" content=\"2023-01-14T18:58:08+00:00\" \/>\n<meta property=\"og:image\" content=\"https:\/\/binary-option.co\/wp-content\/uploads\/2021\/10\/iqcent-logo.png\" \/>\n<meta name=\"twitter:card\" content=\"summary_large_image\" \/>\n<meta name=\"twitter:label1\" content=\"Tahmini okuma s\u00fcresi\" \/>\n\t<meta name=\"twitter:data1\" content=\"5 dakika\" \/>\n<script type=\"application\/ld+json\" class=\"yoast-schema-graph\">{\"@context\":\"https:\/\/schema.org\",\"@graph\":[{\"@type\":\"WebPage\",\"@id\":\"https:\/\/binary-option.co\/tr\/iqcent-guvenilir-mi\/\",\"url\":\"https:\/\/binary-option.co\/tr\/iqcent-guvenilir-mi\/\",\"name\":\"IQCent g\u00fcvenilir mi 2023 : Doland\u0131r\u0131c\u0131 m\u0131 yoksa g\u00fcvenilir bir \u015firket mi?\",\"isPartOf\":{\"@id\":\"https:\/\/binary-option.co\/tr\/#website\"},\"datePublished\":\"2022-04-19T15:39:48+00:00\",\"dateModified\":\"2023-01-14T18:58:08+00:00\",\"breadcrumb\":{\"@id\":\"https:\/\/binary-option.co\/tr\/iqcent-guvenilir-mi\/#breadcrumb\"},\"inLanguage\":\"tr\",\"potentialAction\":[{\"@type\":\"ReadAction\",\"target\":[\"https:\/\/binary-option.co\/tr\/iqcent-guvenilir-mi\/\"]}]},{\"@type\":\"BreadcrumbList\",\"@id\":\"https:\/\/binary-option.co\/tr\/iqcent-guvenilir-mi\/#breadcrumb\",\"itemListElement\":[{\"@type\":\"ListItem\",\"position\":1,\"name\":\"Home\",\"item\":\"https:\/\/binary-option.co\/tr\/\"},{\"@type\":\"ListItem\",\"position\":2,\"name\":\"IQCent g\u00fcvenilir mi\"}]},{\"@type\":\"WebSite\",\"@id\":\"https:\/\/binary-option.co\/tr\/#website\",\"url\":\"https:\/\/binary-option.co\/tr\/\",\"name\":\"ikiliopsiyon.info\",\"description\":\"T\u00fcrk\u00e7e \u0130kili Opsiyon Rehberi\",\"publisher\":{\"@id\":\"https:\/\/binary-option.co\/tr\/#organization\"},\"potentialAction\":[{\"@type\":\"SearchAction\",\"target\":{\"@type\":\"EntryPoint\",\"urlTemplate\":\"https:\/\/binary-option.co\/tr\/?s={search_term_string}\"},\"query-input\":\"required name=search_term_string\"}],\"inLanguage\":\"tr\"},{\"@type\":\"Organization\",\"@id\":\"https:\/\/binary-option.co\/tr\/#organization\",\"name\":\"ikiliopsiyon.info\",\"url\":\"https:\/\/binary-option.co\/tr\/\",\"logo\":{\"@type\":\"ImageObject\",\"inLanguage\":\"tr\",\"@id\":\"https:\/\/binary-option.co\/tr\/#\/schema\/logo\/image\/\",\"url\":\"https:\/\/binary-option.co\/tr\/wp-content\/uploads\/sites\/7\/2020\/09\/Ikiliopsiyon.info_.png\",\"contentUrl\":\"https:\/\/binary-option.co\/tr\/wp-content\/uploads\/sites\/7\/2020\/09\/Ikiliopsiyon.info_.png\",\"width\":412,\"height\":56,\"caption\":\"ikiliopsiyon.info\"},\"image\":{\"@id\":\"https:\/\/binary-option.co\/tr\/#\/schema\/logo\/image\/\"}}]}<\/script>\n<!-- \/ Yoast SEO plugin. -->","yoast_head_json":{"title":"IQCent g\u00fcvenilir mi 2023 : Doland\u0131r\u0131c\u0131 m\u0131 yoksa g\u00fcvenilir bir \u015firket mi?","robots":{"index":"index","follow":"follow","max-snippet":"max-snippet:-1","max-image-preview":"max-image-preview:large","max-video-preview":"max-video-preview:-1"},"canonical":"https:\/\/binary-option.co\/tr\/iqcent-guvenilir-mi\/","og_locale":"tr_TR","og_type":"article","og_title":"IQCent g\u00fcvenilir mi 2023 : Doland\u0131r\u0131c\u0131 m\u0131 yoksa g\u00fcvenilir bir \u015firket mi?","og_description":"De\u011ferlendirme: %95&#8217;e varan \u00d6deme (Ba\u015far\u0131l\u0131 yat\u0131r\u0131m durumunda tutar hesaba yans\u0131t\u0131l\u0131r) %150&#8217;e varan bonus (IQCent promosyon kodu BINARYOPTION ) 20 dolar\u00a0Depozito Genel risk uyar\u0131s\u0131: sermayeniz risk alt\u0131nda G\u00fcn\u00fcm\u00fczde, giderek daha fazla insan \u00e7evrimi\u00e7i ticaret yap\u0131yor.&nbsp;\u0130ster evdeki bilgisayardan ister ak\u0131ll\u0131 telefondan, d\u00fcnyan\u0131n her yerinden bir\u00e7ok \u00e7evrimi\u00e7i i\u015flem platformunda i\u015flem yapabilirsiniz.&nbsp;Bu nedenle pek \u00e7ok insan, ek gelir kayna\u011f\u0131 [&hellip;]","og_url":"https:\/\/binary-option.co\/tr\/iqcent-guvenilir-mi\/","og_site_name":"ikiliopsiyon.info","article_modified_time":"2023-01-14T18:58:08+00:00","og_image":[{"url":"https:\/\/binary-option.co\/wp-content\/uploads\/2021\/10\/iqcent-logo.png"}],"twitter_card":"summary_large_image","twitter_misc":{"Tahmini okuma s\u00fcresi":"5 dakika"},"schema":{"@context":"https:\/\/schema.org","@graph":[{"@type":"WebPage","@id":"https:\/\/binary-option.co\/tr\/iqcent-guvenilir-mi\/","url":"https:\/\/binary-option.co\/tr\/iqcent-guvenilir-mi\/","name":"IQCent g\u00fcvenilir mi 2023 : Doland\u0131r\u0131c\u0131 m\u0131 yoksa g\u00fcvenilir bir \u015firket mi?","isPartOf":{"@id":"https:\/\/binary-option.co\/tr\/#website"},"datePublished":"2022-04-19T15:39:48+00:00","dateModified":"2023-01-14T18:58:08+00:00","breadcrumb":{"@id":"https:\/\/binary-option.co\/tr\/iqcent-guvenilir-mi\/#breadcrumb"},"inLanguage":"tr","potentialAction":[{"@type":"ReadAction","target":["https:\/\/binary-option.co\/tr\/iqcent-guvenilir-mi\/"]}]},{"@type":"BreadcrumbList","@id":"https:\/\/binary-option.co\/tr\/iqcent-guvenilir-mi\/#breadcrumb","itemListElement":[{"@type":"ListItem","position":1,"name":"Home","item":"https:\/\/binary-option.co\/tr\/"},{"@type":"ListItem","position":2,"name":"IQCent g\u00fcvenilir mi"}]},{"@type":"WebSite","@id":"https:\/\/binary-option.co\/tr\/#website","url":"https:\/\/binary-option.co\/tr\/","name":"ikiliopsiyon.info","description":"T\u00fcrk\u00e7e \u0130kili Opsiyon Rehberi","publisher":{"@id":"https:\/\/binary-option.co\/tr\/#organization"},"potentialAction":[{"@type":"SearchAction","target":{"@type":"EntryPoint","urlTemplate":"https:\/\/binary-option.co\/tr\/?s={search_term_string}"},"query-input":"required name=search_term_string"}],"inLanguage":"tr"},{"@type":"Organization","@id":"https:\/\/binary-option.co\/tr\/#organization","name":"ikiliopsiyon.info","url":"https:\/\/binary-option.co\/tr\/","logo":{"@type":"ImageObject","inLanguage":"tr","@id":"https:\/\/binary-option.co\/tr\/#\/schema\/logo\/image\/","url":"https:\/\/binary-option.co\/tr\/wp-content\/uploads\/sites\/7\/2020\/09\/Ikiliopsiyon.info_.png","contentUrl":"https:\/\/binary-option.co\/tr\/wp-content\/uploads\/sites\/7\/2020\/09\/Ikiliopsiyon.info_.png","width":412,"height":56,"caption":"ikiliopsiyon.info"},"image":{"@id":"https:\/\/binary-option.co\/tr\/#\/schema\/logo\/image\/"}}]}},"_links":{"self":[{"href":"https:\/\/binary-option.co\/tr\/wp-json\/wp\/v2\/pages\/194"}],"collection":[{"href":"https:\/\/binary-option.co\/tr\/wp-json\/wp\/v2\/pages"}],"about":[{"href":"https:\/\/binary-option.co\/tr\/wp-json\/wp\/v2\/types\/page"}],"author":[{"embeddable":true,"href":"https:\/\/binary-option.co\/tr\/wp-json\/wp\/v2\/users\/1"}],"replies":[{"embeddable":true,"href":"https:\/\/binary-option.co\/tr\/wp-json\/wp\/v2\/comments?post=194"}],"version-history":[{"count":2,"href":"https:\/\/binary-option.co\/tr\/wp-json\/wp\/v2\/pages\/194\/revisions"}],"predecessor-version":[{"id":229,"href":"https:\/\/binary-option.co\/tr\/wp-json\/wp\/v2\/pages\/194\/revisions\/229"}],"wp:attachment":[{"href":"https:\/\/binary-option.co\/tr\/wp-json\/wp\/v2\/media?parent=194"}],"curies":[{"name":"wp","href":"https:\/\/api.w.org\/{rel}","templated":true}]}}