{"id":192,"date":"2022-04-19T15:23:35","date_gmt":"2022-04-19T15:23:35","guid":{"rendered":"https:\/\/binary-option.co\/tr\/?page_id=192"},"modified":"2023-01-14T18:57:09","modified_gmt":"2023-01-14T18:57:09","slug":"binarycent-guvenilir-mi","status":"publish","type":"page","link":"https:\/\/binary-option.co\/tr\/binarycent-guvenilir-mi\/","title":{"rendered":"BinaryCent g\u00fcvenilir mi"},"content":{"rendered":"\n<div class=\"wp-block-columns is-layout-flex wp-container-core-columns-layout-1 wp-block-columns-is-layout-flex\">\n<div class=\"wp-block-column is-layout-flow wp-block-column-is-layout-flow\" style=\"flex-basis:33.33%\">\n<figure class=\"wp-block-image size-large\"><a href=\"https:\/\/binary-option.co\/go\/binarycent.com\" target=\"_blank\" rel=\"noopener\"><img decoding=\"async\" src=\"https:\/\/binary-option.co\/wp-content\/uploads\/2021\/05\/binarycent-logo.png\" alt=\"\" class=\"wp-image-505\"\/><\/a><\/figure>\n<\/div>\n\n\n\n<div class=\"wp-block-column is-layout-flow wp-block-column-is-layout-flow\" style=\"flex-basis:66.66%\">\n<p><strong>De\u011ferlendirme:<\/strong> <div itemprop=\"reviewRating\" itemscope itemtype=\"http:\/\/schema.org\/Rating\" class=\"usr\"><meta itemprop=\"worstRating\" content=\"0\" \/><meta itemprop=\"ratingValue\" content=\"4,5\" \/><meta itemprop=\"bestRating\" content=\"5\" \/><img decoding=\"async\" class=\"usr\" src=\"https:\/\/binary-option.co\/tr\/wp-content\/plugins\/universal-star-rating\/includes\/image.php?img=06.png&amp;px=15&amp;max=5&amp;rat=4.5\" alt=\"4.5 out of 5 stars\" style=\"height: 15px !important;\" \/><\/div><\/p>\n\n\n\n<ul id=\"block-48994b58-cb5d-4105-94aa-8811d40674ea\"><li>%95&#8217;e varan \u00d6deme (Ba\u015far\u0131l\u0131 yat\u0131r\u0131m durumunda tutar hesaba yans\u0131t\u0131l\u0131r)<\/li><li>D\u00fczenlenmi\u015f GLOFSA<\/li><li>%200&#8217;e kadar bonus<\/li><li>$250 dk.&nbsp;Depozito<\/li><\/ul>\n\n\n\n<p class=\"has-text-align-center\"><a class=\"maxbutton-2 maxbutton\" target=\"_blank\" rel=\"nofollow noopener\" href=\"https:\/\/binary-option.co\/go\/binarycent.com\"><span class='mb-text'>Broker&#039;\u0131 ziyaret edin<\/span><\/a><\/p>\n\n\n\n<p class=\"has-text-align-center\">Genel risk uyar\u0131s\u0131: sermayeniz risk alt\u0131nda<\/p>\n<\/div>\n<\/div>\n\n\n\n<p>BinaryCent, 2017&#8217;de olu\u015fturulan yeni bir \u00e7evrimi\u00e7i ticaret platformudur. Bu ikili opsiyon, Forex ve CFD brokeri, Trust Company Complex, Ajeltake Road, Ajeltake Island, Majuro, Marshall Islands merkezli bir \u015firket olan Wave Makers LTD ad\u0131 alt\u0131nda bir \u015firket taraf\u0131ndan y\u00f6netilmektedir. .&nbsp;BinaryCent, ikili opsiyon ticaretinin yan\u0131 s\u0131ra spot forex ve fark s\u00f6zle\u015fmeleri (CFD&#8217;ler) i\u00e7in bir komisyoncudur.<\/p>\n\n\n\n<figure class=\"wp-block-image\"><a href=\"https:\/\/binary-option.co\/go\/binarycent.com\" target=\"_blank\" rel=\"noreferrer noopener\"><img decoding=\"async\" src=\"https:\/\/binary-option.co\/wp-content\/uploads\/2021\/10\/BinaryCent-review-1024x596.png\" alt=\"\" class=\"wp-image-1091\"\/><\/a><\/figure>\n\n\n\n<h2 class=\"wp-block-heading\">D\u00fczenleme ve \u0130tibar<\/h2>\n\n\n\n<p><strong>BinaryCent, ikili opsiyonlar, forex ve CFD&#8217;ler sa\u011flayan bir komisyoncudur<\/strong>&nbsp;ve Global Financial Services Authority (GLOFSA) taraf\u0131ndan d\u00fczenlenir.&nbsp;Bunun nedeni BinaryCent&#8217;in Wave Makers LTD \u015firket ad\u0131 alt\u0131nda faaliyet g\u00f6stermesidir.<\/p>\n\n\n\n<p>Genel kamu piyasas\u0131na odaklanan di\u011fer brokerlerin aksine;&nbsp;BinaryCent, k\u00fc\u00e7\u00fck t\u00fcccarlar i\u00e7in \u00e7evrimi\u00e7i arac\u0131l\u0131k sa\u011flama konusunda uzmanla\u015fm\u0131\u015f bir komisyoncudur.&nbsp;Bu nedenle&nbsp;<strong>BinaryCent, minimum 10 sentlik bir yat\u0131r\u0131mla \u00e7evrimi\u00e7i ticarete izin veren yegane brokerlardan biridir<\/strong>&nbsp;.<\/p>\n\n\n\n<h3 class=\"wp-block-heading\">BinaryCent yasal m\u0131?<\/h3>\n\n\n\n<p>Evet elbette.&nbsp;<strong>BinaryCent, sayg\u0131n bir ikili opsiyon, forex ve CFD brokeridir<\/strong>&nbsp;.&nbsp;Bu broker, BinaryCent&#8217;in me\u015fru ve ciddi bir broker oldu\u011funu g\u00f6steren Global Financial Services Authority (GLOFSA) gibi k\u00fcresel d\u00fczenleyiciler taraf\u0131ndan d\u00fczenlenir.<\/p>\n\n\n\n<figure class=\"wp-block-image\"><a href=\"https:\/\/binary-option.co\/go\/binarycent.com\" target=\"_blank\" rel=\"noreferrer noopener\"><img decoding=\"async\" src=\"https:\/\/binary-option.co\/wp-content\/uploads\/2021\/10\/BinaryCent-797x1024.png\" alt=\"\" class=\"wp-image-1095\"\/><\/a><\/figure>\n\n\n\n<h2 class=\"wp-block-heading\">BinaryCent Ticaret platformu<\/h2>\n\n\n\n<p>BinaryCent bu kullan\u0131c\u0131lara web tabanl\u0131 bir ticaret platformu sunar,&nbsp;<strong>BinaryCent ticaret platformu \u00e7o\u011fu web taray\u0131c\u0131s\u0131nda kullan\u0131labilir.&nbsp;<\/strong>B\u00f6ylece bilgisayar\u0131n\u0131za herhangi bir yaz\u0131l\u0131m indirmenize gerek kalmaz.&nbsp;Ba\u015flamak i\u00e7in herhangi bir cihazda yaln\u0131zca bir internet ba\u011flant\u0131s\u0131na ve bir web taray\u0131c\u0131s\u0131na ihtiyac\u0131n\u0131z var.<\/p>\n\n\n\n<p>Web ticaret platformu, piyasalar\u0131n teknik analizinde ve bilin\u00e7li bir pozisyon alman\u0131zda size yard\u0131mc\u0131 olacak ticaret \u00e7izelgeleri ve bir\u00e7ok teknik g\u00f6sterge gibi bir\u00e7ok araca sahiptir.&nbsp;Genel olarak BinaryCent&#8217;in ticaret platformu sezgisel ve kullan\u0131m\u0131 kolayd\u0131r; bu, bu komisyoncu hakk\u0131nda iyi bir \u015feydir.<\/p>\n\n\n\n<h2 class=\"wp-block-heading\">Al\u0131m Sat\u0131m\u0131n\u0131 Kopyala<\/h2>\n\n\n\n<p><strong>BinaryCent.com ayr\u0131ca bir kopya al\u0131m sat\u0131m se\u00e7ene\u011fi sunar<\/strong>&nbsp;.&nbsp;Bu i\u015flev, en iyi t\u00fcccar\u0131n i\u015flemlerini kopyalaman\u0131za ve performanslar\u0131n\u0131 otomatik olarak kopyalaman\u0131za olanak tan\u0131r.&nbsp;Kazan\u00e7 oran\u0131 gibi farkl\u0131 parametrelere g\u00f6re hangi t\u00fcccar\u0131n kopyalanaca\u011f\u0131n\u0131 se\u00e7ebilirsiniz.&nbsp;Bu \u00f6zellik, ticarete yeni ba\u015flayanlar veya daha deneyimli bir t\u00fcccardan \u00f6\u011frenmek isteyenler aras\u0131nda \u00e7ok pop\u00fclerdir.<\/p>\n\n\n\n<figure class=\"wp-block-image\"><a href=\"https:\/\/binary-option.co\/go\/binarycent.com\" target=\"_blank\" rel=\"noreferrer noopener\"><img decoding=\"async\" src=\"https:\/\/binary-option.co\/wp-content\/uploads\/2021\/10\/BinaryCent-copy-trading-1024x858.png\" alt=\"\" class=\"wp-image-1092\"\/><\/a><\/figure>\n\n\n\n<h2 class=\"wp-block-heading\">BinaryCent mobil Uygulamas\u0131<\/h2>\n\n\n\n<figure class=\"wp-block-image\"><a href=\"https:\/\/binary-option.co\/go\/binarycent.com\" target=\"_blank\" rel=\"noreferrer noopener\"><img decoding=\"async\" src=\"https:\/\/binary-option.co\/wp-content\/uploads\/2021\/10\/BinaryCent-app--1024x460.png\" alt=\"\" class=\"wp-image-1093\"\/><\/a><\/figure>\n\n\n\n<p>Bu komisyoncu ayr\u0131ca size \u00fccretsiz bir mobil uygulama sunar.&nbsp;Bu, hareket halindeyken ak\u0131ll\u0131 telefonlar\u0131n\u0131z veya tabletleriniz arac\u0131l\u0131\u011f\u0131yla i\u015flem yapman\u0131z\u0131 sa\u011flar.&nbsp;<strong>BinaryCent ticaret uygulamas\u0131n\u0131 Apple App Store&#8217;dan (iOS \u2013 iPhone ve iPad) ve ayr\u0131ca Android cihazlar i\u00e7in Google Playstore&#8217;dan indirebilirsiniz<\/strong>&nbsp;.&nbsp;\u0130\u015flevsel a\u00e7\u0131dan, BinaryCent taraf\u0131ndan sa\u011flanan ticaret uygulamas\u0131, web ticaret platformuyla ayn\u0131 se\u00e7eneklere ve i\u015flevlere sahiptir.&nbsp;Ancak uygulama, k\u00fc\u00e7\u00fck ekranlarda daha iyi bir kullan\u0131c\u0131 deneyimi sa\u011flayan ak\u0131ll\u0131 telefonlar ve mobil cihazlar\u0131n k\u00fc\u00e7\u00fck ekranlar\u0131 i\u00e7in daha optimize edilmi\u015ftir.<\/p>\n\n\n\n<h2 class=\"wp-block-heading\">Varl\u0131klar ve ara\u00e7lar<\/h2>\n\n\n\n<p>BinaryCent&#8217;te a\u015fa\u011f\u0131daki varl\u0131k s\u0131n\u0131flar\u0131n\u0131n ticaretini yapabilirsiniz:<br>\u2022 Forex<br>\u2022 Hisse senetleri<br>\u2022 Borsa endeksleri<br>\u2022 Emtialar<br>\u2022 Kripto para birimleri<\/p>\n\n\n\n<p><strong>BinaryCent ayr\u0131ca forex ve CFD ticareti i\u00e7in maksimum 1: 100 kald\u0131ra\u00e7<\/strong>&nbsp;kullanma imkan\u0131 sunar&nbsp;.&nbsp;Bu yeni broker geli\u015fiyor ve ticaret i\u00e7in daha fazla yeni hisse senedi ve varl\u0131k ekliyor.&nbsp;Bu komisyoncu \u00f6zellikle kripto para ticaretiyle ilgileniyor ve ticaret yapmak i\u00e7in mevcut varl\u0131klar listesine yeni varl\u0131klar ekliyor.<\/p>\n\n\n\n<h2 class=\"wp-block-heading\">BinaryCent Para Yat\u0131rma ve \u00c7ekme<\/h2>\n\n\n\n<p>Al\u0131m sat\u0131m hesaplar\u0131n\u0131za para yat\u0131rmak ve para \u00e7ekmek i\u00e7in BinaryCent, al\u0131m sat\u0131m hesaplar\u0131n\u0131za para yat\u0131rmak i\u00e7in \u00e7e\u015fitli \u00f6deme y\u00f6ntemlerine sahiptir.&nbsp;Bu komisyoncu ile hesab\u0131n\u0131z\u0131 finanse edebilir ve VISA ve Mastercard kredi ve banka kartlar\u0131n\u0131n yan\u0131 s\u0131ra Skrill, Neteller ve WebMoney gibi \u00e7ok say\u0131da elektronik c\u00fczdan arac\u0131l\u0131\u011f\u0131yla para \u00e7ekebilirsiniz.<\/p>\n\n\n\n<figure class=\"wp-block-image\"><a href=\"https:\/\/binary-option.co\/go\/binarycent.com\" target=\"_blank\" rel=\"noreferrer noopener\"><img decoding=\"async\" src=\"https:\/\/binary-option.co\/wp-content\/uploads\/2021\/10\/BinaryCent-deposit-and-withdrawal-1024x449.png\" alt=\"\" class=\"wp-image-1094\"\/><\/a><\/figure>\n\n\n\n<p>BinaryCent ayr\u0131ca Bitcoin, Ethereum, Dash, Litecoin gibi kripto para birimlerinde para yat\u0131rma ve \u00e7ekme i\u015flemlerini kabul eder.&nbsp;Para \u00e7ekme i\u015flemleri i\u00e7in de ayn\u0131 y\u00f6ntemleri kullanabilirsiniz.&nbsp;Kredi kart\u0131 \u00e7ekimlerinde %5 \u00fccret al\u0131nd\u0131\u011f\u0131n\u0131 l\u00fctfen unutmay\u0131n.&nbsp;Bu detay d\u0131\u015f\u0131nda BinaryCent, di\u011fer \u00f6deme y\u00f6ntemleri i\u00e7in herhangi bir para \u00e7ekme \u00fccreti talep etmez.<\/p>\n\n\n\n<p>Nakit para \u00e7ekme i\u015flemleri minimum 50$&#8217;d\u0131r ve bir saat i\u00e7inde i\u015flenir.<\/p>\n\n\n\n<h2 class=\"wp-block-heading\">BinaryCent Bonuslar\u0131 ve promosyonlar\u0131<\/h2>\n\n\n\n<p><strong>BinaryCent %20 ila %100 bonus sunar.&nbsp;<\/strong>bonus miktar\u0131, tacirin kay\u0131tl\u0131 oldu\u011fu ticaret hesab\u0131na ba\u011fl\u0131 olarak de\u011fi\u015fir.&nbsp;BinaryCent&#8217;teki minimum depozito 250 $&#8217;d\u0131r ve temel hesaba eri\u015fmenizi sa\u011flar.&nbsp;Bu komisyoncudan temin edilebilen di\u011fer ticaret hesaplar\u0131 daha y\u00fcksek bonuslar sunabilir.<\/p>\n\n\n\n<p>Ancak, her zaman bu bonuslar\u0131n verilmesi ile ilgili h\u00fck\u00fcm ve ko\u015fullara bakman\u0131z \u00f6nerilir.&nbsp;<strong>Bonusu kabul ettikten sonra, \u015firketin gerektirdi\u011fi minimum i\u015flem hacmini (ciro) kar\u015f\u0131laman\u0131z \u015fart\u0131yla paran\u0131z\u0131 \u00e7ekebilirsiniz<\/strong>&nbsp;.<\/p>\n\n\n\n<p>Para yat\u0131rma bonuslar\u0131na ek olarak BinaryCent, bu kullan\u0131c\u0131lara \u201crisksiz i\u015flemler\u201d gibi di\u011fer \u00f6zel promosyonlar\u0131n yan\u0131 s\u0131ra komisyoncu taraf\u0131ndan d\u00fczenlenen ticaret yar\u0131\u015fmalar\u0131 da sundu.&nbsp;Alt\u0131n hesab\u0131 olan yat\u0131r\u0131mc\u0131ya risksiz i\u015flemler sunulmaktad\u0131r.&nbsp;Bu promosyon, ilk 3 i\u015flem kaybediyorsa, tacirin kay\u0131plar\u0131n\u0131 telafi eder.<\/p>\n\n\n\n<p>BinaryCent ayr\u0131ca&nbsp;<strong>20.000$&#8217;l\u0131k \u00f6d\u00fcl havuzu ile al\u0131m sat\u0131m yar\u0131\u015fmalar\u0131na kat\u0131lma imkan\u0131 da sunuyor<\/strong>&nbsp;.&nbsp;Her hafta 20 kazanan se\u00e7ilir.<\/p>\n\n\n\n<h2 class=\"wp-block-heading\">BinaryCent Ticaret Hesaplar\u0131<\/h2>\n\n\n\n<p>BinaryCent, bu m\u00fc\u015fterilere 3 farkl\u0131 t\u00fcrde ticaret hesab\u0131 sunar:<\/p>\n\n\n\n<p><strong>Bronz Ticaret Hesab\u0131<\/strong>&nbsp;:<\/p>\n\n\n\n<ul><li>Minimum depozito 250$<\/li><li>%20 para yat\u0131rma bonusu<\/li><li>Canl\u0131 g\u00f6r\u00fcnt\u00fcl\u00fc sohbet deste\u011fi<\/li><li>1 saat para \u00e7ekme<\/li><\/ul>\n\n\n\n<p><strong>G\u00fcm\u00fc\u015f Al\u0131m Sat\u0131m Hesab\u0131<\/strong>&nbsp;:<\/p>\n\n\n\n<ul><li>Minimum 1000$ depozito<\/li><li>%50 para yat\u0131rma bonusu<\/li><li>Canl\u0131 g\u00f6r\u00fcnt\u00fcl\u00fc sohbet deste\u011fi<\/li><li>Usta s\u0131n\u0131f\u0131<\/li><li>1 saat para \u00e7ekme<\/li><\/ul>\n\n\n\n<p><strong>Alt\u0131n Al\u0131m Sat\u0131m Hesab\u0131<\/strong>&nbsp;:<\/p>\n\n\n\n<ul><li>Minimum 3000$ depozito<br>%100 Para Yat\u0131rma Bonusu<br>Canl\u0131 g\u00f6r\u00fcnt\u00fcl\u00fc sohbet deste\u011fi<\/li><li>Usta s\u0131n\u0131f\u0131<\/li><li>3 Risksiz \u0130\u015flem<\/li><li>Ki\u015fisel Y\u00f6netici<br>1 saatlik para \u00e7ekme<\/li><\/ul>\n\n\n\n<h2 class=\"wp-block-heading\">M\u00fc\u015fteri deste\u011fi<\/h2>\n\n\n\n<p><strong>BinaryCent 7\/24 m\u00fc\u015fteri hizmeti sunar<\/strong>&nbsp;.&nbsp;Destek ekibine canl\u0131 sohbet gibi \u00e7e\u015fitli ileti\u015fim ara\u00e7lar\u0131ndan, web sitelerinde bulunan ileti\u015fim formlar\u0131ndan veya telefonla arayarak kolayca ula\u015fabilirsiniz.<\/p>\n\n\n\n<h2 class=\"wp-block-heading\">\u015eirket Bilgileri ve \u0130leti\u015fim Bilgileri<\/h2>\n\n\n\n<p>BinaryCent.com, Wave Makers LTD&#8217;nin sahibi oldu\u011fu ve i\u015fletti\u011fi bir komisyoncudur.&nbsp;Web sitesi, \u015firketin Wave Makers LTD&#8217;ye kay\u0131tl\u0131 oldu\u011funu ve Trust Company Complex, Ajeltake Road, Ajeltake Island , Majuro, Marshall Islands&#8217;da bulundu\u011funu s\u00f6yl\u00fcyor.<br>Onlara resmi web sitelerinde bulunan canl\u0131 sohbetin yan\u0131 s\u0131ra e-posta ve telefon yoluyla ula\u015fabilirsiniz.&nbsp;Onlarla do\u011frudan web sitelerinden e-posta yoluyla da ileti\u015fime ge\u00e7ebilirsiniz, \u0130ngilizce deste\u011finin telefon numaras\u0131 + 1-8299476393&#8217;t\u00fcr.<\/p>\n\n\n\n<p>Onlarla \u0130ngilizce d\u0131\u015f\u0131nda ba\u015fka diller arac\u0131l\u0131\u011f\u0131yla da ileti\u015fim kurabilirsiniz.<\/p>\n\n\n\n<p>destek numaras\u0131 Rus\u00e7a<\/p>\n\n\n\n<p>7-499-3806317<\/p>\n\n\n\n<p>\u00c7ince<br>3-395-0396<\/p>\n\n\n\n<p>Tayca<br>02-21345671<\/p>\n\n\n\n<p>Singapur&#8217;da<br>965-65425142<\/p>\n\n\n\n<p>Avustralya&#8217;da<br>61-8-5550-7288<\/p>\n\n\n\n<p class=\"has-text-align-center\"><a class=\"maxbutton-2 maxbutton\" target=\"_blank\" rel=\"nofollow noopener\" href=\"https:\/\/binary-option.co\/go\/binarycent.com\"><span class='mb-text'>Broker&#039;\u0131 ziyaret edin<\/span><\/a><\/p>\n","protected":false},"excerpt":{"rendered":"<p>De\u011ferlendirme: %95&#8217;e varan \u00d6deme (Ba\u015far\u0131l\u0131 yat\u0131r\u0131m durumunda tutar hesaba yans\u0131t\u0131l\u0131r) D\u00fczenlenmi\u015f GLOFSA %200&#8217;e kadar bonus $250 dk.&nbsp;Depozito Genel risk uyar\u0131s\u0131: sermayeniz risk alt\u0131nda BinaryCent, 2017&#8217;de olu\u015fturulan yeni bir \u00e7evrimi\u00e7i ticaret platformudur. Bu ikili opsiyon, Forex ve CFD brokeri, Trust Company Complex, Ajeltake Road, Ajeltake Island, Majuro, Marshall Islands merkezli bir \u015firket olan Wave Makers LTD [&hellip;]<\/p>\n","protected":false},"author":1,"featured_media":0,"parent":0,"menu_order":0,"comment_status":"closed","ping_status":"closed","template":"","meta":{"footnotes":""},"yoast_head":"<!-- This site is optimized with the Yoast SEO plugin v21.9.1 - https:\/\/yoast.com\/wordpress\/plugins\/seo\/ -->\n<title>BinaryCent g\u00fcvenilir mi 2023: G\u00fcvenilir mi yoksa bir aldatmaca m\u0131?<\/title>\n<meta name=\"robots\" content=\"index, follow, max-snippet:-1, max-image-preview:large, max-video-preview:-1\" \/>\n<link rel=\"canonical\" href=\"https:\/\/binary-option.co\/tr\/binarycent-guvenilir-mi\/\" \/>\n<meta property=\"og:locale\" content=\"tr_TR\" \/>\n<meta property=\"og:type\" content=\"article\" \/>\n<meta property=\"og:title\" content=\"BinaryCent g\u00fcvenilir mi 2023: G\u00fcvenilir mi yoksa bir aldatmaca m\u0131?\" \/>\n<meta property=\"og:description\" content=\"De\u011ferlendirme: %95&#8217;e varan \u00d6deme (Ba\u015far\u0131l\u0131 yat\u0131r\u0131m durumunda tutar hesaba yans\u0131t\u0131l\u0131r) D\u00fczenlenmi\u015f GLOFSA %200&#8217;e kadar bonus $250 dk.&nbsp;Depozito Genel risk uyar\u0131s\u0131: sermayeniz risk alt\u0131nda BinaryCent, 2017&#8217;de olu\u015fturulan yeni bir \u00e7evrimi\u00e7i ticaret platformudur. Bu ikili opsiyon, Forex ve CFD brokeri, Trust Company Complex, Ajeltake Road, Ajeltake Island, Majuro, Marshall Islands merkezli bir \u015firket olan Wave Makers LTD [&hellip;]\" \/>\n<meta property=\"og:url\" content=\"https:\/\/binary-option.co\/tr\/binarycent-guvenilir-mi\/\" \/>\n<meta property=\"og:site_name\" content=\"ikiliopsiyon.info\" \/>\n<meta property=\"article:modified_time\" content=\"2023-01-14T18:57:09+00:00\" \/>\n<meta property=\"og:image\" content=\"https:\/\/binary-option.co\/wp-content\/uploads\/2021\/05\/binarycent-logo.png\" \/>\n<meta name=\"twitter:card\" content=\"summary_large_image\" \/>\n<meta name=\"twitter:label1\" content=\"Tahmini okuma s\u00fcresi\" \/>\n\t<meta name=\"twitter:data1\" content=\"6 dakika\" \/>\n<script type=\"application\/ld+json\" class=\"yoast-schema-graph\">{\"@context\":\"https:\/\/schema.org\",\"@graph\":[{\"@type\":\"WebPage\",\"@id\":\"https:\/\/binary-option.co\/tr\/binarycent-guvenilir-mi\/\",\"url\":\"https:\/\/binary-option.co\/tr\/binarycent-guvenilir-mi\/\",\"name\":\"BinaryCent g\u00fcvenilir mi 2023: G\u00fcvenilir mi yoksa bir aldatmaca m\u0131?\",\"isPartOf\":{\"@id\":\"https:\/\/binary-option.co\/tr\/#website\"},\"datePublished\":\"2022-04-19T15:23:35+00:00\",\"dateModified\":\"2023-01-14T18:57:09+00:00\",\"breadcrumb\":{\"@id\":\"https:\/\/binary-option.co\/tr\/binarycent-guvenilir-mi\/#breadcrumb\"},\"inLanguage\":\"tr\",\"potentialAction\":[{\"@type\":\"ReadAction\",\"target\":[\"https:\/\/binary-option.co\/tr\/binarycent-guvenilir-mi\/\"]}]},{\"@type\":\"BreadcrumbList\",\"@id\":\"https:\/\/binary-option.co\/tr\/binarycent-guvenilir-mi\/#breadcrumb\",\"itemListElement\":[{\"@type\":\"ListItem\",\"position\":1,\"name\":\"Home\",\"item\":\"https:\/\/binary-option.co\/tr\/\"},{\"@type\":\"ListItem\",\"position\":2,\"name\":\"BinaryCent g\u00fcvenilir mi\"}]},{\"@type\":\"WebSite\",\"@id\":\"https:\/\/binary-option.co\/tr\/#website\",\"url\":\"https:\/\/binary-option.co\/tr\/\",\"name\":\"ikiliopsiyon.info\",\"description\":\"T\u00fcrk\u00e7e \u0130kili Opsiyon Rehberi\",\"publisher\":{\"@id\":\"https:\/\/binary-option.co\/tr\/#organization\"},\"potentialAction\":[{\"@type\":\"SearchAction\",\"target\":{\"@type\":\"EntryPoint\",\"urlTemplate\":\"https:\/\/binary-option.co\/tr\/?s={search_term_string}\"},\"query-input\":\"required name=search_term_string\"}],\"inLanguage\":\"tr\"},{\"@type\":\"Organization\",\"@id\":\"https:\/\/binary-option.co\/tr\/#organization\",\"name\":\"ikiliopsiyon.info\",\"url\":\"https:\/\/binary-option.co\/tr\/\",\"logo\":{\"@type\":\"ImageObject\",\"inLanguage\":\"tr\",\"@id\":\"https:\/\/binary-option.co\/tr\/#\/schema\/logo\/image\/\",\"url\":\"https:\/\/binary-option.co\/tr\/wp-content\/uploads\/sites\/7\/2020\/09\/Ikiliopsiyon.info_.png\",\"contentUrl\":\"https:\/\/binary-option.co\/tr\/wp-content\/uploads\/sites\/7\/2020\/09\/Ikiliopsiyon.info_.png\",\"width\":412,\"height\":56,\"caption\":\"ikiliopsiyon.info\"},\"image\":{\"@id\":\"https:\/\/binary-option.co\/tr\/#\/schema\/logo\/image\/\"}}]}<\/script>\n<!-- \/ Yoast SEO plugin. -->","yoast_head_json":{"title":"BinaryCent g\u00fcvenilir mi 2023: G\u00fcvenilir mi yoksa bir aldatmaca m\u0131?","robots":{"index":"index","follow":"follow","max-snippet":"max-snippet:-1","max-image-preview":"max-image-preview:large","max-video-preview":"max-video-preview:-1"},"canonical":"https:\/\/binary-option.co\/tr\/binarycent-guvenilir-mi\/","og_locale":"tr_TR","og_type":"article","og_title":"BinaryCent g\u00fcvenilir mi 2023: G\u00fcvenilir mi yoksa bir aldatmaca m\u0131?","og_description":"De\u011ferlendirme: %95&#8217;e varan \u00d6deme (Ba\u015far\u0131l\u0131 yat\u0131r\u0131m durumunda tutar hesaba yans\u0131t\u0131l\u0131r) D\u00fczenlenmi\u015f GLOFSA %200&#8217;e kadar bonus $250 dk.&nbsp;Depozito Genel risk uyar\u0131s\u0131: sermayeniz risk alt\u0131nda BinaryCent, 2017&#8217;de olu\u015fturulan yeni bir \u00e7evrimi\u00e7i ticaret platformudur. Bu ikili opsiyon, Forex ve CFD brokeri, Trust Company Complex, Ajeltake Road, Ajeltake Island, Majuro, Marshall Islands merkezli bir \u015firket olan Wave Makers LTD [&hellip;]","og_url":"https:\/\/binary-option.co\/tr\/binarycent-guvenilir-mi\/","og_site_name":"ikiliopsiyon.info","article_modified_time":"2023-01-14T18:57:09+00:00","og_image":[{"url":"https:\/\/binary-option.co\/wp-content\/uploads\/2021\/05\/binarycent-logo.png"}],"twitter_card":"summary_large_image","twitter_misc":{"Tahmini okuma s\u00fcresi":"6 dakika"},"schema":{"@context":"https:\/\/schema.org","@graph":[{"@type":"WebPage","@id":"https:\/\/binary-option.co\/tr\/binarycent-guvenilir-mi\/","url":"https:\/\/binary-option.co\/tr\/binarycent-guvenilir-mi\/","name":"BinaryCent g\u00fcvenilir mi 2023: G\u00fcvenilir mi yoksa bir aldatmaca m\u0131?","isPartOf":{"@id":"https:\/\/binary-option.co\/tr\/#website"},"datePublished":"2022-04-19T15:23:35+00:00","dateModified":"2023-01-14T18:57:09+00:00","breadcrumb":{"@id":"https:\/\/binary-option.co\/tr\/binarycent-guvenilir-mi\/#breadcrumb"},"inLanguage":"tr","potentialAction":[{"@type":"ReadAction","target":["https:\/\/binary-option.co\/tr\/binarycent-guvenilir-mi\/"]}]},{"@type":"BreadcrumbList","@id":"https:\/\/binary-option.co\/tr\/binarycent-guvenilir-mi\/#breadcrumb","itemListElement":[{"@type":"ListItem","position":1,"name":"Home","item":"https:\/\/binary-option.co\/tr\/"},{"@type":"ListItem","position":2,"name":"BinaryCent g\u00fcvenilir mi"}]},{"@type":"WebSite","@id":"https:\/\/binary-option.co\/tr\/#website","url":"https:\/\/binary-option.co\/tr\/","name":"ikiliopsiyon.info","description":"T\u00fcrk\u00e7e \u0130kili Opsiyon Rehberi","publisher":{"@id":"https:\/\/binary-option.co\/tr\/#organization"},"potentialAction":[{"@type":"SearchAction","target":{"@type":"EntryPoint","urlTemplate":"https:\/\/binary-option.co\/tr\/?s={search_term_string}"},"query-input":"required name=search_term_string"}],"inLanguage":"tr"},{"@type":"Organization","@id":"https:\/\/binary-option.co\/tr\/#organization","name":"ikiliopsiyon.info","url":"https:\/\/binary-option.co\/tr\/","logo":{"@type":"ImageObject","inLanguage":"tr","@id":"https:\/\/binary-option.co\/tr\/#\/schema\/logo\/image\/","url":"https:\/\/binary-option.co\/tr\/wp-content\/uploads\/sites\/7\/2020\/09\/Ikiliopsiyon.info_.png","contentUrl":"https:\/\/binary-option.co\/tr\/wp-content\/uploads\/sites\/7\/2020\/09\/Ikiliopsiyon.info_.png","width":412,"height":56,"caption":"ikiliopsiyon.info"},"image":{"@id":"https:\/\/binary-option.co\/tr\/#\/schema\/logo\/image\/"}}]}},"_links":{"self":[{"href":"https:\/\/binary-option.co\/tr\/wp-json\/wp\/v2\/pages\/192"}],"collection":[{"href":"https:\/\/binary-option.co\/tr\/wp-json\/wp\/v2\/pages"}],"about":[{"href":"https:\/\/binary-option.co\/tr\/wp-json\/wp\/v2\/types\/page"}],"author":[{"embeddable":true,"href":"https:\/\/binary-option.co\/tr\/wp-json\/wp\/v2\/users\/1"}],"replies":[{"embeddable":true,"href":"https:\/\/binary-option.co\/tr\/wp-json\/wp\/v2\/comments?post=192"}],"version-history":[{"count":1,"href":"https:\/\/binary-option.co\/tr\/wp-json\/wp\/v2\/pages\/192\/revisions"}],"predecessor-version":[{"id":193,"href":"https:\/\/binary-option.co\/tr\/wp-json\/wp\/v2\/pages\/192\/revisions\/193"}],"wp:attachment":[{"href":"https:\/\/binary-option.co\/tr\/wp-json\/wp\/v2\/media?parent=192"}],"curies":[{"name":"wp","href":"https:\/\/api.w.org\/{rel}","templated":true}]}}