{"id":178,"date":"2022-04-18T20:23:00","date_gmt":"2022-04-18T20:23:00","guid":{"rendered":"https:\/\/binary-option.co\/tr\/?page_id=178"},"modified":"2023-01-14T18:56:01","modified_gmt":"2023-01-14T18:56:01","slug":"raceoption-guvenilir-mi","status":"publish","type":"page","link":"https:\/\/binary-option.co\/tr\/raceoption-guvenilir-mi\/","title":{"rendered":"Raceoption g\u00fcvenilir mi"},"content":{"rendered":"\n<div class=\"wp-block-columns is-layout-flex wp-container-core-columns-layout-1 wp-block-columns-is-layout-flex\">\n<div class=\"wp-block-column is-layout-flow wp-block-column-is-layout-flow\" style=\"flex-basis:33.33%\">\n<figure class=\"wp-block-image size-large\"><a href=\"https:\/\/binary-option.co\/go\/raceoption.com\" target=\"_blank\" rel=\"noopener\"><img decoding=\"async\" src=\"https:\/\/binary-option.co\/wp-content\/uploads\/2021\/06\/raceoption-logo.png\" alt=\"\" class=\"wp-image-661\"\/><\/a><\/figure>\n<\/div>\n\n\n\n<div class=\"wp-block-column is-layout-flow wp-block-column-is-layout-flow\" style=\"flex-basis:66.66%\">\n<p><strong>De\u011ferlendirme:<\/strong> <div itemprop=\"reviewRating\" itemscope itemtype=\"http:\/\/schema.org\/Rating\" class=\"usr\"><meta itemprop=\"worstRating\" content=\"0\" \/><meta itemprop=\"ratingValue\" content=\"3\" \/><meta itemprop=\"bestRating\" content=\"5\" \/><img decoding=\"async\" class=\"usr\" src=\"https:\/\/binary-option.co\/tr\/wp-content\/plugins\/universal-star-rating\/includes\/image.php?img=06.png&amp;px=15&amp;max=5&amp;rat=3\" alt=\"3 out of 5 stars\" style=\"height: 15px !important;\" \/><\/div><\/p>\n\n\n\n<ul id=\"block-d261cd4a-bdfd-48bd-9184-e55f9deee217\"><li>%90&#8217;a varan \u00d6deme (Ba\u015far\u0131l\u0131 yat\u0131r\u0131m durumunda tutar hesaba yans\u0131t\u0131l\u0131r)<\/li><li>\u00dccretsiz Demo Hesab\u0131<\/li><li>$250 Min Depozito<\/li><\/ul>\n\n\n\n<p class=\"has-text-align-center\"><a class=\"maxbutton-2 maxbutton\" target=\"_blank\" rel=\"nofollow noopener\" href=\"https:\/\/binary-option.co\/go\/raceoption.com\"><span class='mb-text'>Broker&#039;\u0131 ziyaret edin<\/span><\/a><\/p>\n\n\n\n<p class=\"has-text-align-center\">Genel risk uyar\u0131s\u0131: sermayeniz risk alt\u0131nda<\/p>\n<\/div>\n<\/div>\n\n\n\n<p>Raceoption, ikili opsiyon ve CFD end\u00fcstrisinde g\u00fc\u00e7l\u00fc bir pop\u00fclerlik kazanmaya ba\u015fl\u0131yor.&nbsp;Bu avantajl\u0131 bonus ve mevcut 3 t\u00fcr ikili opsiyon ile bu broker giderek daha fazla yat\u0131r\u0131mc\u0131y\u0131 kendine \u00e7ekiyor.&nbsp;Ancak, bu komisyoncunun baz\u0131 ayr\u0131nt\u0131lar\u0131n\u0131 ve i\u015flevlerini bilmelisiniz.&nbsp;Bu yaz\u0131da&nbsp;<strong>, bu broker ile bir hesap a\u00e7madan \u00f6nce bilmeniz gereken t\u00fcm bilgileri<\/strong>&nbsp;bir tur ataca\u011f\u0131z .<\/p>\n\n\n\n<figure class=\"wp-block-image\"><a href=\"https:\/\/binary-option.co\/go\/raceoption.com\" target=\"_blank\" rel=\"noreferrer noopener\"><img decoding=\"async\" src=\"https:\/\/binary-option.co\/wp-content\/uploads\/2021\/06\/Raceoption-1024x816.png\" alt=\"\" class=\"wp-image-657\"\/><\/a><\/figure>\n\n\n\n<h2 class=\"wp-block-heading\">RaceOption&#8217;a genel bak\u0131\u015f<\/h2>\n\n\n\n<p><strong>Raceoption, yeni bir ikili opsiyon ve CFD s\u00f6zle\u015fme komisyoncusu<\/strong>&nbsp;.&nbsp;Bu \u00e7evrimi\u00e7i komisyoncu Marshall Adalar\u0131&#8217;nda kay\u0131tl\u0131d\u0131r ve yerle\u015fiktir.&nbsp;Kay\u0131tl\u0131 ofisi Trust Company Complex, Ajeltake Road, Ajeltake Island, Majuro&#8217;da bulunan Makerun Corp. ad\u0131 alt\u0131nda faaliyet g\u00f6stermektedirler.&nbsp;CySEC veya FCA gibi g\u00fc\u00e7l\u00fc d\u00fczenleyiciler taraf\u0131ndan d\u00fczenlenmeyen bir offshore ikili opsiyon ve CFD brokeridir.<\/p>\n\n\n\n<h2 class=\"wp-block-heading\">Raceoption Ticaret Platformu<\/h2>\n\n\n\n<p>RaceOption ticaret platformu klasiktir ve di\u011fer brokerlerle bir\u00e7ok benzerli\u011fi vard\u0131r.&nbsp;Platformlar\u0131 onu rakiplerinden ger\u00e7ekten ay\u0131rm\u0131yor.&nbsp;Bununla birlikte, bu&nbsp;<strong>broker, bir platform ile ikili opsiyonlar, forex ve CFD&#8217;ler ile ticaret yapman\u0131za izin verir<\/strong>&nbsp;ve acemi t\u00fcccarlar i\u00e7in oldu\u011fu kadar \u00e7evrimi\u00e7i ticarette daha fazla deneyime sahip t\u00fcccarlar i\u00e7in \u00e7ok uygun i\u015flevler sunar.<\/p>\n\n\n\n<figure class=\"wp-block-image\"><a href=\"https:\/\/binary-option.co\/go\/raceoption.com\" target=\"_blank\" rel=\"noreferrer noopener\"><img decoding=\"async\" src=\"https:\/\/binary-option.co\/wp-content\/uploads\/2021\/06\/Raceoption-trading-platform-1024x529.png\" alt=\"\" class=\"wp-image-658\"\/><\/a><\/figure>\n\n\n\n<p><strong>Ticaret platformu \u00e7ok minimalist, a\u00e7\u0131k ve sezgiseldir<\/strong>&nbsp;ve temel konulara odaklan\u0131r.&nbsp;Al\u0131m sat\u0131m deneyiminizi kar\u0131\u015ft\u0131rabilecek veya bozabilecek hi\u00e7bir se\u00e7enek ve eklenti yoktur.<\/p>\n\n\n\n<p>Ekran\u0131n\u0131z\u0131n solunda varl\u0131k listesini, grafik \/ al\u0131m sat\u0131m ekran\u0131n\u0131 bulacaks\u0131n\u0131z ve ekran\u0131n\u0131z\u0131n ortas\u0131na yerle\u015ftirilmi\u015f ve sa\u011fda sipari\u015f alan\u0131 var.&nbsp;Al\u0131m sat\u0131m yapmak i\u00e7in sadece i\u015flemin tutar\u0131n\u0131 girmeniz, son kullanma tarihini se\u00e7meniz ve Call (Ara) d\u00fc\u011fmesine veya Put (Put) d\u00fc\u011fmesine t\u0131klaman\u0131z yeterlidir.<\/p>\n\n\n\n<p>Ayr\u0131ca, an\u0131nda sat\u0131\u015f i\u015flevi gibi baz\u0131 ek i\u015flevler de bulacaks\u0131n\u0131z.&nbsp;bu \u00f6zellikler size, kar\u0131n\u0131z\u0131 almak veya kay\u0131plar\u0131n\u0131z\u0131 azaltmak i\u00e7in bekleyen i\u015flemlere s\u00fcre ekleme (ek bir \u00fccret kar\u015f\u0131l\u0131\u011f\u0131nda) veya sona ermeden \u00f6nce sat\u0131\u015f yapma se\u00e7ene\u011fi sunar.<\/p>\n\n\n\n<p>RaceOption&#8217;\u0131n ticaret platformunun a\u015f\u0131r\u0131 basitli\u011fi, baz\u0131 t\u00fcccarlar i\u00e7in bir dezavantaj olarak g\u00f6r\u00fclebilir.&nbsp;Grafikler s\u00f6z konusu oldu\u011funda ger\u00e7ekten \u00e7ok az se\u00e7enek var ve \u00e7o\u011fu broker\u0131n sa\u011flad\u0131\u011f\u0131 ara\u00e7lara ve g\u00f6stergelere sahip de\u011fil.&nbsp;Bununla birlikte, baz\u0131 t\u00fcccarlar herhangi bir \u00f6nem g\u00f6rm\u00fcyor ve MetaQuotes Software taraf\u0131ndan geli\u015ftirilen MetaTrader 4 platformu gibi pop\u00fcler ticaret platformlar\u0131 taraf\u0131ndan sa\u011flananlar gibi di\u011fer grafik ara\u00e7lar\u0131n\u0131 kullan\u0131yor.<\/p>\n\n\n\n<p><strong>RaceOption&#8217;da 3 t\u00fcr ikili opsiyon ticareti yapma imkan\u0131n\u0131z<\/strong>&nbsp;var ;&nbsp;<strong>Turbo opsiyonlar, k\u0131sa vadeli opsiyonlar ve uzun vadeli opsiyonlar<\/strong>&nbsp;.&nbsp;Turbo opsiyonlar, 30 ila 120 saniye aras\u0131nda de\u011fi\u015fen \u00e7ok k\u0131sa vadelere sahip ikili opsiyon s\u00f6zle\u015fmeleridir.&nbsp;K\u0131sa vadeli opsiyonlar, g\u00fcn i\u00e7i seanslar i\u00e7in vadesi dolmu\u015f s\u00f6zle\u015fmelerdir ve uzun vadeli s\u00f6zle\u015fmeler, vadesi orta ve uzun vadede sona eren opsiyon s\u00f6zle\u015fmeleridir.<\/p>\n\n\n\n<h2 class=\"wp-block-heading\">Raceoption Demo hesab\u0131<\/h2>\n\n\n\n<p>Bu, bu brokerin en olumsuz noktalar\u0131ndan biridir,&nbsp;<strong>Demo hesap sadece para yat\u0131ran t\u00fcccarlar taraf\u0131ndan kullan\u0131labilir<\/strong>&nbsp;.&nbsp;Bizim i\u00e7in bu olumsuz bir nokta \u00e7\u00fcnk\u00fc di\u011fer brokerin aksine RaceOption&#8217;daki yat\u0131r\u0131mc\u0131lar para yat\u0131rmadan \u00f6nce platformu deneme \u015fans\u0131na sahip de\u011filler.&nbsp;Bu komisyoncunun bu ayr\u0131nt\u0131y\u0131 dikkate alaca\u011f\u0131n\u0131 ve gelecekte depozito demo hesab\u0131 sunaca\u011f\u0131n\u0131 umuyoruz.<\/p>\n\n\n\n<h2 class=\"wp-block-heading\">Kullan\u0131labilir varl\u0131klar<\/h2>\n\n\n\n<p>Ticareti yap\u0131lacak varl\u0131klar\u0131n listesi olduk\u00e7a kapsaml\u0131d\u0131r, \u0130kili Opsiyon ve CFD&#8217;ler arac\u0131l\u0131\u011f\u0131yla d\u00fcnyan\u0131n d\u00f6rt bir yan\u0131ndan hisse senetleri, emtialar, endeksler ve forex d\u00f6viz \u00e7iftleri ticareti yapabilirsiniz.&nbsp;Ayr\u0131ca Bitcoin, Litecoin ve Ethereum gibi kripto para birimlerinin yan\u0131 s\u0131ra daha az pop\u00fcler olan di\u011fer kripto para birimleriyle ticaret yapma se\u00e7ene\u011finiz de var.&nbsp;\u0130kili opsiyonlara k\u0131yasla CFD&#8217;ler arac\u0131l\u0131\u011f\u0131yla ticaret yap\u0131yorsan\u0131z, mevcut varl\u0131klar\u0131n listesi burada daha geni\u015ftir.<\/p>\n\n\n\n<h2 class=\"wp-block-heading\">Raceoption&#8217;da para yat\u0131rma ve \u00e7ekme<\/h2>\n\n\n\n<p>Raceoption&#8217;da kredi kart\u0131, banka havalesi, b\u00fcy\u00fck bir elektronik c\u00fczdan oyunu ve kripto para birimi gibi&nbsp;<strong>bir\u00e7ok \u00f6deme y\u00f6ntemiyle para yat\u0131rma ve \u00e7ekme<\/strong>&nbsp;i\u015flemlerini kolayca yapabilirsiniz .&nbsp;Site, BTC, ETH, LTC ve di\u011fer bir\u00e7ok pop\u00fcler kripto para biriminde h\u0131zl\u0131 para yat\u0131rma ve \u00e7ekme i\u015flemleri yapman\u0131z\u0131 sa\u011flar.&nbsp;<strong>Klasik banka havaleleri haricinde para yat\u0131rma ve \u00e7ekme i\u015flemleri \u00e7ok h\u0131zl\u0131d\u0131r<\/strong>&nbsp;\u00e7\u00fcnk\u00fc transferlerin i\u015flenmesi bankan\u0131za ve arac\u0131lar\u0131na ba\u011fl\u0131 olarak bir hafta kadar s\u00fcrebilir.<\/p>\n\n\n\n<figure class=\"wp-block-image\"><a href=\"https:\/\/binary-option.co\/go\/raceoption.com\" target=\"_blank\" rel=\"noreferrer noopener\"><img decoding=\"async\" src=\"https:\/\/binary-option.co\/wp-content\/uploads\/2021\/06\/Raceoption-Funding-withdrawal-methods-1024x556.png\" alt=\"\" class=\"wp-image-660\"\/><\/a><\/figure>\n\n\n\n<p><strong>Raceoption minimum depozito 250 $<\/strong>&nbsp;ve minimum para \u00e7ekme \u00fccreti hi\u00e7bir \u00fccret olmadan sadece 50 $&#8217;d\u0131r.&nbsp;Bu komisyoncu ile ticaret yapmak i\u00e7in elektronik c\u00fczdanlar ve&nbsp;<strong>kripto para \u00f6demeleri, para yat\u0131rma ve \u00e7ekme i\u015flemlerini ger\u00e7ekle\u015ftirmek i\u00e7in en h\u0131zl\u0131 \u00f6deme y\u00f6ntemleridir<\/strong>&nbsp;.&nbsp;Bu y\u00f6ntemlerle, \u00f6demelerinizi talep etti\u011finiz g\u00fcn paran\u0131z\u0131n hesab\u0131n\u0131za ge\u00e7mesini bekleyebilirsiniz.<\/p>\n\n\n\n<h2 class=\"wp-block-heading\">\u00d6nemli ciro ko\u015fullar\u0131na dikkat edin<\/h2>\n\n\n\n<p>Bu brokerin en b\u00fcy\u00fck dezavantajlar\u0131ndan biri, platformun gerektirdi\u011fi belirli bir miktarda i\u015flem yapmadan kazan\u00e7lar\u0131n\u0131z\u0131 \u00e7ekememektir.&nbsp;Bir hesap a\u00e7madan \u00f6nce, paran\u0131z\u0131 \u00e7ekebilmeniz i\u00e7in RaceOption&#8217;\u0131n belirli bir ciro gerektirdi\u011fini ve bonus kullansan\u0131z veya bonussuz ticaret yapsan\u0131z bile bunu g\u00f6z \u00f6n\u00fcnde bulundurmal\u0131s\u0131n\u0131z.&nbsp;<strong>Paran\u0131z\u0131 \u00e7ekebilmek i\u00e7in \u00f6nce yat\u0131r\u0131lan paran\u0131n %100&#8217;\u00fcne e\u015fit veya daha fazla bir miktarda i\u015flem yapmal\u0131s\u0131n\u0131z.&nbsp;<\/strong>Bonussuz i\u015flem yaparsan\u0131z, para yat\u0131rma bonusunu kabul ettiyseniz %300 ciro elde edersiniz.&nbsp;Herhangi bir kar\u0131\u015f\u0131kl\u0131k veya hayal k\u0131r\u0131kl\u0131\u011f\u0131 ya\u015famamak i\u00e7in kullan\u0131m ko\u015fullar\u0131n\u0131 dikkatlice okuman\u0131z\u0131 tavsiye ederiz.<\/p>\n\n\n\n<h2 class=\"wp-block-heading\">Raceoption inceleme sonucu<\/h2>\n\n\n\n<p><strong>Raceoption ciddi bir komisyoncudur ve bir doland\u0131r\u0131c\u0131l\u0131k de\u011fildir, ancak<\/strong>&nbsp;baz\u0131 t\u00fcccarlar i\u00e7in uygun olmayabilecek baz\u0131 dezavantajlar\u0131 vard\u0131r.&nbsp;Depozito olmadan \u00fccretsiz bir demo hesab\u0131 a\u00e7amama ve uygulanan ciro ko\u015fulu, \u00e7o\u011fu t\u00fcccar\u0131 bu broker ile ticaret yapmaktan al\u0131koyan ana dezavantajlard\u0131r.&nbsp;Bu ko\u015fullar\u0131 be\u011fenmiyorsan\u0131z ve di\u011fer komisyoncu incelemelerimizi okuyun, bu komisyoncudan ka\u00e7\u0131n\u0131n.&nbsp;Para yat\u0131rmadan \u00fccretsiz bir demo hesab\u0131 a\u00e7man\u0131za izin veren ve para \u00e7ekme i\u015flemlerine k\u0131s\u0131tlama getirmeyen bir\u00e7ok ikili opsiyon komisyoncusu vard\u0131r.<\/p>\n\n\n\n<p class=\"has-text-align-center\"><a class=\"maxbutton-2 maxbutton\" target=\"_blank\" rel=\"nofollow noopener\" href=\"https:\/\/binary-option.co\/go\/raceoption.com\"><span class='mb-text'>Broker&#039;\u0131 ziyaret edin<\/span><\/a><\/p>\n","protected":false},"excerpt":{"rendered":"<p>De\u011ferlendirme: %90&#8217;a varan \u00d6deme (Ba\u015far\u0131l\u0131 yat\u0131r\u0131m durumunda tutar hesaba yans\u0131t\u0131l\u0131r) \u00dccretsiz Demo Hesab\u0131 $250 Min Depozito Genel risk uyar\u0131s\u0131: sermayeniz risk alt\u0131nda Raceoption, ikili opsiyon ve CFD end\u00fcstrisinde g\u00fc\u00e7l\u00fc bir pop\u00fclerlik kazanmaya ba\u015fl\u0131yor.&nbsp;Bu avantajl\u0131 bonus ve mevcut 3 t\u00fcr ikili opsiyon ile bu broker giderek daha fazla yat\u0131r\u0131mc\u0131y\u0131 kendine \u00e7ekiyor.&nbsp;Ancak, bu komisyoncunun baz\u0131 ayr\u0131nt\u0131lar\u0131n\u0131 ve [&hellip;]<\/p>\n","protected":false},"author":1,"featured_media":0,"parent":0,"menu_order":0,"comment_status":"closed","ping_status":"closed","template":"","meta":{"footnotes":""},"yoast_head":"<!-- This site is optimized with the Yoast SEO plugin v21.9.1 - https:\/\/yoast.com\/wordpress\/plugins\/seo\/ -->\n<title>Raceoption g\u00fcvenilir mi 2023 : Bilmen gereken her \u015fey<\/title>\n<meta name=\"robots\" content=\"index, follow, max-snippet:-1, max-image-preview:large, max-video-preview:-1\" \/>\n<link rel=\"canonical\" href=\"https:\/\/binary-option.co\/tr\/raceoption-guvenilir-mi\/\" \/>\n<meta property=\"og:locale\" content=\"tr_TR\" \/>\n<meta property=\"og:type\" content=\"article\" \/>\n<meta property=\"og:title\" content=\"Raceoption g\u00fcvenilir mi 2023 : Bilmen gereken her \u015fey\" \/>\n<meta property=\"og:description\" content=\"De\u011ferlendirme: %90&#8217;a varan \u00d6deme (Ba\u015far\u0131l\u0131 yat\u0131r\u0131m durumunda tutar hesaba yans\u0131t\u0131l\u0131r) \u00dccretsiz Demo Hesab\u0131 $250 Min Depozito Genel risk uyar\u0131s\u0131: sermayeniz risk alt\u0131nda Raceoption, ikili opsiyon ve CFD end\u00fcstrisinde g\u00fc\u00e7l\u00fc bir pop\u00fclerlik kazanmaya ba\u015fl\u0131yor.&nbsp;Bu avantajl\u0131 bonus ve mevcut 3 t\u00fcr ikili opsiyon ile bu broker giderek daha fazla yat\u0131r\u0131mc\u0131y\u0131 kendine \u00e7ekiyor.&nbsp;Ancak, bu komisyoncunun baz\u0131 ayr\u0131nt\u0131lar\u0131n\u0131 ve [&hellip;]\" \/>\n<meta property=\"og:url\" content=\"https:\/\/binary-option.co\/tr\/raceoption-guvenilir-mi\/\" \/>\n<meta property=\"og:site_name\" content=\"ikiliopsiyon.info\" \/>\n<meta property=\"article:modified_time\" content=\"2023-01-14T18:56:01+00:00\" \/>\n<meta property=\"og:image\" content=\"https:\/\/binary-option.co\/wp-content\/uploads\/2021\/06\/raceoption-logo.png\" \/>\n<meta name=\"twitter:card\" content=\"summary_large_image\" \/>\n<meta name=\"twitter:label1\" content=\"Tahmini okuma s\u00fcresi\" \/>\n\t<meta name=\"twitter:data1\" content=\"5 dakika\" \/>\n<script type=\"application\/ld+json\" class=\"yoast-schema-graph\">{\"@context\":\"https:\/\/schema.org\",\"@graph\":[{\"@type\":\"WebPage\",\"@id\":\"https:\/\/binary-option.co\/tr\/raceoption-guvenilir-mi\/\",\"url\":\"https:\/\/binary-option.co\/tr\/raceoption-guvenilir-mi\/\",\"name\":\"Raceoption g\u00fcvenilir mi 2023 : Bilmen gereken her \u015fey\",\"isPartOf\":{\"@id\":\"https:\/\/binary-option.co\/tr\/#website\"},\"datePublished\":\"2022-04-18T20:23:00+00:00\",\"dateModified\":\"2023-01-14T18:56:01+00:00\",\"breadcrumb\":{\"@id\":\"https:\/\/binary-option.co\/tr\/raceoption-guvenilir-mi\/#breadcrumb\"},\"inLanguage\":\"tr\",\"potentialAction\":[{\"@type\":\"ReadAction\",\"target\":[\"https:\/\/binary-option.co\/tr\/raceoption-guvenilir-mi\/\"]}]},{\"@type\":\"BreadcrumbList\",\"@id\":\"https:\/\/binary-option.co\/tr\/raceoption-guvenilir-mi\/#breadcrumb\",\"itemListElement\":[{\"@type\":\"ListItem\",\"position\":1,\"name\":\"Home\",\"item\":\"https:\/\/binary-option.co\/tr\/\"},{\"@type\":\"ListItem\",\"position\":2,\"name\":\"Raceoption g\u00fcvenilir mi\"}]},{\"@type\":\"WebSite\",\"@id\":\"https:\/\/binary-option.co\/tr\/#website\",\"url\":\"https:\/\/binary-option.co\/tr\/\",\"name\":\"ikiliopsiyon.info\",\"description\":\"T\u00fcrk\u00e7e \u0130kili Opsiyon Rehberi\",\"publisher\":{\"@id\":\"https:\/\/binary-option.co\/tr\/#organization\"},\"potentialAction\":[{\"@type\":\"SearchAction\",\"target\":{\"@type\":\"EntryPoint\",\"urlTemplate\":\"https:\/\/binary-option.co\/tr\/?s={search_term_string}\"},\"query-input\":\"required name=search_term_string\"}],\"inLanguage\":\"tr\"},{\"@type\":\"Organization\",\"@id\":\"https:\/\/binary-option.co\/tr\/#organization\",\"name\":\"ikiliopsiyon.info\",\"url\":\"https:\/\/binary-option.co\/tr\/\",\"logo\":{\"@type\":\"ImageObject\",\"inLanguage\":\"tr\",\"@id\":\"https:\/\/binary-option.co\/tr\/#\/schema\/logo\/image\/\",\"url\":\"https:\/\/binary-option.co\/tr\/wp-content\/uploads\/sites\/7\/2020\/09\/Ikiliopsiyon.info_.png\",\"contentUrl\":\"https:\/\/binary-option.co\/tr\/wp-content\/uploads\/sites\/7\/2020\/09\/Ikiliopsiyon.info_.png\",\"width\":412,\"height\":56,\"caption\":\"ikiliopsiyon.info\"},\"image\":{\"@id\":\"https:\/\/binary-option.co\/tr\/#\/schema\/logo\/image\/\"}}]}<\/script>\n<!-- \/ Yoast SEO plugin. -->","yoast_head_json":{"title":"Raceoption g\u00fcvenilir mi 2023 : Bilmen gereken her \u015fey","robots":{"index":"index","follow":"follow","max-snippet":"max-snippet:-1","max-image-preview":"max-image-preview:large","max-video-preview":"max-video-preview:-1"},"canonical":"https:\/\/binary-option.co\/tr\/raceoption-guvenilir-mi\/","og_locale":"tr_TR","og_type":"article","og_title":"Raceoption g\u00fcvenilir mi 2023 : Bilmen gereken her \u015fey","og_description":"De\u011ferlendirme: %90&#8217;a varan \u00d6deme (Ba\u015far\u0131l\u0131 yat\u0131r\u0131m durumunda tutar hesaba yans\u0131t\u0131l\u0131r) \u00dccretsiz Demo Hesab\u0131 $250 Min Depozito Genel risk uyar\u0131s\u0131: sermayeniz risk alt\u0131nda Raceoption, ikili opsiyon ve CFD end\u00fcstrisinde g\u00fc\u00e7l\u00fc bir pop\u00fclerlik kazanmaya ba\u015fl\u0131yor.&nbsp;Bu avantajl\u0131 bonus ve mevcut 3 t\u00fcr ikili opsiyon ile bu broker giderek daha fazla yat\u0131r\u0131mc\u0131y\u0131 kendine \u00e7ekiyor.&nbsp;Ancak, bu komisyoncunun baz\u0131 ayr\u0131nt\u0131lar\u0131n\u0131 ve [&hellip;]","og_url":"https:\/\/binary-option.co\/tr\/raceoption-guvenilir-mi\/","og_site_name":"ikiliopsiyon.info","article_modified_time":"2023-01-14T18:56:01+00:00","og_image":[{"url":"https:\/\/binary-option.co\/wp-content\/uploads\/2021\/06\/raceoption-logo.png"}],"twitter_card":"summary_large_image","twitter_misc":{"Tahmini okuma s\u00fcresi":"5 dakika"},"schema":{"@context":"https:\/\/schema.org","@graph":[{"@type":"WebPage","@id":"https:\/\/binary-option.co\/tr\/raceoption-guvenilir-mi\/","url":"https:\/\/binary-option.co\/tr\/raceoption-guvenilir-mi\/","name":"Raceoption g\u00fcvenilir mi 2023 : Bilmen gereken her \u015fey","isPartOf":{"@id":"https:\/\/binary-option.co\/tr\/#website"},"datePublished":"2022-04-18T20:23:00+00:00","dateModified":"2023-01-14T18:56:01+00:00","breadcrumb":{"@id":"https:\/\/binary-option.co\/tr\/raceoption-guvenilir-mi\/#breadcrumb"},"inLanguage":"tr","potentialAction":[{"@type":"ReadAction","target":["https:\/\/binary-option.co\/tr\/raceoption-guvenilir-mi\/"]}]},{"@type":"BreadcrumbList","@id":"https:\/\/binary-option.co\/tr\/raceoption-guvenilir-mi\/#breadcrumb","itemListElement":[{"@type":"ListItem","position":1,"name":"Home","item":"https:\/\/binary-option.co\/tr\/"},{"@type":"ListItem","position":2,"name":"Raceoption g\u00fcvenilir mi"}]},{"@type":"WebSite","@id":"https:\/\/binary-option.co\/tr\/#website","url":"https:\/\/binary-option.co\/tr\/","name":"ikiliopsiyon.info","description":"T\u00fcrk\u00e7e \u0130kili Opsiyon Rehberi","publisher":{"@id":"https:\/\/binary-option.co\/tr\/#organization"},"potentialAction":[{"@type":"SearchAction","target":{"@type":"EntryPoint","urlTemplate":"https:\/\/binary-option.co\/tr\/?s={search_term_string}"},"query-input":"required name=search_term_string"}],"inLanguage":"tr"},{"@type":"Organization","@id":"https:\/\/binary-option.co\/tr\/#organization","name":"ikiliopsiyon.info","url":"https:\/\/binary-option.co\/tr\/","logo":{"@type":"ImageObject","inLanguage":"tr","@id":"https:\/\/binary-option.co\/tr\/#\/schema\/logo\/image\/","url":"https:\/\/binary-option.co\/tr\/wp-content\/uploads\/sites\/7\/2020\/09\/Ikiliopsiyon.info_.png","contentUrl":"https:\/\/binary-option.co\/tr\/wp-content\/uploads\/sites\/7\/2020\/09\/Ikiliopsiyon.info_.png","width":412,"height":56,"caption":"ikiliopsiyon.info"},"image":{"@id":"https:\/\/binary-option.co\/tr\/#\/schema\/logo\/image\/"}}]}},"_links":{"self":[{"href":"https:\/\/binary-option.co\/tr\/wp-json\/wp\/v2\/pages\/178"}],"collection":[{"href":"https:\/\/binary-option.co\/tr\/wp-json\/wp\/v2\/pages"}],"about":[{"href":"https:\/\/binary-option.co\/tr\/wp-json\/wp\/v2\/types\/page"}],"author":[{"embeddable":true,"href":"https:\/\/binary-option.co\/tr\/wp-json\/wp\/v2\/users\/1"}],"replies":[{"embeddable":true,"href":"https:\/\/binary-option.co\/tr\/wp-json\/wp\/v2\/comments?post=178"}],"version-history":[{"count":2,"href":"https:\/\/binary-option.co\/tr\/wp-json\/wp\/v2\/pages\/178\/revisions"}],"predecessor-version":[{"id":227,"href":"https:\/\/binary-option.co\/tr\/wp-json\/wp\/v2\/pages\/178\/revisions\/227"}],"wp:attachment":[{"href":"https:\/\/binary-option.co\/tr\/wp-json\/wp\/v2\/media?parent=178"}],"curies":[{"name":"wp","href":"https:\/\/api.w.org\/{rel}","templated":true}]}}