{"id":169,"date":"2022-04-18T17:09:31","date_gmt":"2022-04-18T17:09:31","guid":{"rendered":"https:\/\/binary-option.co\/tr\/?page_id=169"},"modified":"2023-01-14T18:55:02","modified_gmt":"2023-01-14T18:55:02","slug":"pocket-option-guvenilir-mi","status":"publish","type":"page","link":"https:\/\/binary-option.co\/tr\/pocket-option-guvenilir-mi\/","title":{"rendered":"Pocket Option g\u00fcvenilir mi"},"content":{"rendered":"\n<div class=\"wp-block-columns is-layout-flex wp-container-core-columns-layout-1 wp-block-columns-is-layout-flex\">\n<div class=\"wp-block-column is-layout-flow wp-block-column-is-layout-flow\" style=\"flex-basis:33.33%\">\n<figure class=\"wp-block-image size-large\"><a href=\"https:\/\/binary-option.co\/go\/pocketoption.com\" target=\"_blank\" rel=\"noopener\"><img decoding=\"async\" src=\"https:\/\/binary-option.co\/wp-content\/uploads\/2021\/05\/PocketOption-logo.png\" alt=\"\" class=\"wp-image-498\"\/><\/a><\/figure>\n<\/div>\n\n\n\n<div class=\"wp-block-column is-layout-flow wp-block-column-is-layout-flow\" style=\"flex-basis:66.66%\">\n<p><strong>De\u011ferlendirme:<\/strong> <div itemprop=\"reviewRating\" itemscope itemtype=\"http:\/\/schema.org\/Rating\" class=\"usr\"><meta itemprop=\"worstRating\" content=\"0\" \/><meta itemprop=\"ratingValue\" content=\"5\" \/><meta itemprop=\"bestRating\" content=\"5\" \/><img decoding=\"async\" class=\"usr\" src=\"https:\/\/binary-option.co\/tr\/wp-content\/plugins\/universal-star-rating\/includes\/image.php?img=06.png&amp;px=15&amp;max=5&amp;rat=5\" alt=\"5 out of 5 stars\" style=\"height: 15px !important;\" \/><\/div><\/p>\n\n\n\n<ul id=\"block-c0e43768-72fb-4224-bf4d-af5abc36a134\"><li>%92&#8217;ye Kadar \u00d6deme (Ba\u015far\u0131l\u0131 yat\u0131r\u0131m durumunda tutar hesaba yans\u0131t\u0131l\u0131r)<\/li><li>\u00dccretsiz Depozitosuz Demo Hesab\u0131<\/li><li>D\u00fczenlenmi\u015f IFMRRC<\/li><li>%50&#8217;ye varan bonus<\/li><li>50 dk.&nbsp;Depozito<\/li><\/ul>\n\n\n\n<p class=\"has-text-align-center\"><a class=\"maxbutton-2 maxbutton\" target=\"_blank\" rel=\"nofollow noopener\" href=\"https:\/\/binary-option.co\/go\/pocketoption.com\"><span class='mb-text'>Broker&#039;\u0131 ziyaret edin<\/span><\/a><\/p>\n\n\n\n<p class=\"has-text-align-center\">Genel risk uyar\u0131s\u0131: sermayeniz risk alt\u0131nda<\/p>\n<\/div>\n<\/div>\n\n\n\n<p>Bu derlemede, tam bir tura \u00e7\u0131kacak ve&nbsp;son zamanlarda giderek daha fazla yat\u0131r\u0131mc\u0131y\u0131 cezbeden bir \u00e7evrimi\u00e7i ticaret sitesi olan&nbsp;<strong>Pocket Option brokerini analiz edece\u011fiz.&nbsp;<\/strong>Pocket Option&#8217;\u0131n bir aldatmaca olup olmad\u0131\u011f\u0131n\u0131 veya ciddi ve g\u00fcvenilir bir komisyoncu olup olmad\u0131\u011f\u0131n\u0131 g\u00f6rece\u011fiz.&nbsp;Bu \u00f6zellikler, avantajlar ve dezavantajlar nelerdir ve \u00e7evrimi\u00e7i ticaret i\u00e7in kullanmaya de\u011fer.<\/p>\n\n\n\n<figure class=\"wp-block-image\"><a href=\"https:\/\/binary-option.co\/go\/pocketoption.com\" target=\"_blank\" rel=\"noreferrer noopener\"><img decoding=\"async\" src=\"https:\/\/binary-option.co\/wp-content\/uploads\/2021\/06\/Pocket-Option-1024x499.png\" alt=\"\" class=\"wp-image-638\"\/><\/a><\/figure>\n\n\n\n<h2 class=\"wp-block-heading\">Pocket Option Genel Bak\u0131\u015f<\/h2>\n\n\n\n<p><strong>Pocket Option, Gembell Limited \u015firket ad\u0131 alt\u0131nda faaliyet g\u00f6steren bir ikili opsiyon komisyoncusu<\/strong>&nbsp;, 2017 y\u0131l\u0131nda faaliyete ba\u015flayan ve o zamandan beri son y\u0131llarda pop\u00fclaritesi artan bir komisyoncudur.&nbsp;\u015eirket, uluslararas\u0131 offshore brokerleri i\u00e7in klasik bir destinasyon olan ve Uluslararas\u0131 Finansal Piyasa \u0130li\u015fkileri D\u00fczenleme Merkezi (IFMRRC) taraf\u0131ndan d\u00fczenlenen Marshall Adalar\u0131&#8217;nda kay\u0131tl\u0131d\u0131r.<\/p>\n\n\n\n<h2 class=\"wp-block-heading\">Pocket Option \u0130\u015flem Enstr\u00fcman\u0131<\/h2>\n\n\n\n<p>Pocket Option, 130&#8217;dan az varl\u0131k ticareti yapman\u0131za izin verir.&nbsp;Be\u015f ana kategoriyi kapsayan:<\/p>\n\n\n\n<ul><li>Forex para birimleri<\/li><li>Hisse senetleri<\/li><li>Endeksler<\/li><li>emtialar<\/li><li>kripto para birimleri<\/li><\/ul>\n\n\n\n<p>Pocket options, klasik Forex para birimlerinin yan\u0131 s\u0131ra d\u00fcnyan\u0131n her yerinden egzotik d\u00f6viz \u00e7iftleri, hisse senetleri, endeksler gibi \u00e7ok \u00e7e\u015fitli varl\u0131klar \u00fczerinde spek\u00fclasyon yapman\u0131z\u0131 sa\u011flayan bir ikili opsiyon brokeridir.&nbsp;Yenilik\u00e7ili\u011fi ve yeni teknolojileri seven t\u00fcccarlar i\u00e7in alt\u0131n veya petrol gibi emtialar ve bitcoin veya ethereum gibi kripto para birimleri ile ticaret yapabilirsiniz.<br>Web sitelerinde, mevcut ve \u015fu anda i\u015flem g\u00f6ren varl\u0131klar\u0131n tam listesini ve ba\u015far\u0131l\u0131 yat\u0131r\u0131mda her bir varl\u0131k i\u00e7in sunulan \u00f6deme y\u00fczdesini bulacaks\u0131n\u0131z.<\/p>\n\n\n\n<h2 class=\"wp-block-heading\">Demo Hesap<\/h2>\n\n\n\n<p><strong>Pocket Option \u0130\u015flem Platformunu<\/strong>&nbsp;tan\u0131mak&nbsp;ve bu broker ile ikili opsiyon ticareti hakk\u0131nda bilgi edinmek i\u00e7in demo hesaplar\u0131n\u0131 deneyebilirsiniz.&nbsp;Kay\u0131t olmadan Pocket Option&#8217;da bir demo hesab\u0131 a\u00e7abilirsiniz.&nbsp;Demo hesap a\u00e7mak i\u00e7in tek yapman\u0131z gereken web sitelerine gidip \u201cDemo Hesap\u201d butonuna t\u0131klayarak 10.000$ sanal para ile online i\u015flem yapmaya ba\u015flamak.&nbsp;Bu, paran\u0131z\u0131 riske atmadan platformun t\u00fcm i\u015flevlerini \u00f6\u011frenmenize ve ke\u015ffetmenize olanak tan\u0131r.<\/p>\n\n\n\n<figure class=\"wp-block-image\"><a href=\"https:\/\/binary-option.co\/go\/pocketoption.com\" target=\"_blank\" rel=\"noreferrer noopener\"><img decoding=\"async\" src=\"https:\/\/binary-option.co\/wp-content\/uploads\/2021\/06\/Pocket-Option-Demo-1024x512.png\" alt=\"\" class=\"wp-image-640\"\/><\/a><\/figure>\n\n\n\n<p>Ger\u00e7ek parayla i\u015flem yapmadan \u00f6nce demoyu denemek her zaman \u00f6nemlidir.&nbsp;\u00c7\u00fcnk\u00fc ticaret platformu size uymuyorsa, herhangi bir para yat\u0131rmadan deneme hesab\u0131ndan vazge\u00e7meniz ve ba\u015fka bir brokerin demo modunu denemeniz \u00e7ok daha kolay olacakt\u0131r.<\/p>\n\n\n\n<p>\u0130kili opsiyon ticaretinde yeniyseniz, deneyim kazanmak ve ikili opsiyon ticaretinin nas\u0131l \u00e7al\u0131\u015ft\u0131\u011f\u0131n\u0131 anlamak i\u00e7in bir demo hesab\u0131 kullanmak iyi bir fikirdir.<\/p>\n\n\n\n<h2 class=\"wp-block-heading\">hesap tipi<\/h2>\n\n\n\n<p>Bu komisyoncu ayr\u0131ca&nbsp;, mevcut varl\u0131klar a\u00e7\u0131s\u0131ndan s\u0131n\u0131rl\u0131 olan ancak farkl\u0131 ticaret stratejilerini test etmenize ve platformu ke\u015ffetmenize olanak tan\u0131yan&nbsp;<strong>bir Demo hesab\u0131 da sunar .&nbsp;<\/strong>\u0130kili opsiyonlarda k\u0131s\u0131tlama olmaks\u0131z\u0131n i\u015flem yapman\u0131z\u0131 ve bu sefer ger\u00e7ek para ile i\u015flem yapma ve farkl\u0131 \u00f6deme y\u00f6ntemleriyle kar\u0131n\u0131z\u0131 \u00e7ekme imkan\u0131 sunan Ger\u00e7ek mod.<\/p>\n\n\n\n<p><strong>PocketOption, 7 t\u00fcr hesaba eri\u015fmenizi sa\u011flar<\/strong>&nbsp;.&nbsp;Hesap t\u00fcr\u00fc, siteye yat\u0131r\u0131lan miktara ba\u011fl\u0131d\u0131r.<\/p>\n\n\n\n<figure class=\"wp-block-image\"><a href=\"https:\/\/binary-option.co\/go\/pocketoption.com\" target=\"_blank\" rel=\"noreferrer noopener\"><img decoding=\"async\" src=\"https:\/\/binary-option.co\/wp-content\/uploads\/2021\/06\/Pocket-Option-Profile-Levels--1024x97.png\" alt=\"\" class=\"wp-image-641\"\/><\/a><\/figure>\n\n\n\n<p>Her ticaret hesab\u0131 t\u00fcr\u00fc, farkl\u0131 yeteneklere izin verir ve t\u00fcccara ek faydalar sa\u011flar.&nbsp;Sitedeki turnuvalara kat\u0131labilir, bonus ve indirimler, risksiz i\u015flemler ve nakit para iadesi alabilirsiniz.&nbsp;Hesap t\u00fcr\u00fcn\u00fcz ne kadar y\u00fcksekse, Pocket Option ticaret hesab\u0131n\u0131zda o kadar fazla avantaj elde edersiniz.<\/p>\n\n\n\n<h2 class=\"wp-block-heading\">Pocket Option Ticaret Platformu<\/h2>\n\n\n\n<p><strong>Pocket Option ticaret platformunun<\/strong>&nbsp;kullan\u0131m\u0131&nbsp;nispeten basit ve sezgiseldir ve ister yeni ba\u015flayanlar ister uzman t\u00fcccarlar olsun, \u00e7o\u011fu t\u00fcccar i\u00e7in uygundur.&nbsp;Bu ticaret platformu, t\u00fcccarlar\u0131n piyasada daha bilin\u00e7li kararlar vermelerine yard\u0131mc\u0131 olacak bir\u00e7ok g\u00f6stergeyle donat\u0131lm\u0131\u015ft\u0131r.&nbsp;Metatrader 5 gibi klasik ticaret platformlar\u0131n\u0131 tercih ederseniz, Bu broker, kullan\u0131c\u0131lar\u0131n\u0131n \u00e7evrimi\u00e7i ticaret yapmak i\u00e7in MT5 ticaret platformunu kullanmalar\u0131na izin verir.<\/p>\n\n\n\n<figure class=\"wp-block-image\"><a href=\"https:\/\/binary-option.co\/go\/pocketoption.com\" target=\"_blank\" rel=\"noreferrer noopener\"><img decoding=\"async\" src=\"https:\/\/binary-option.co\/wp-content\/uploads\/2021\/06\/Pocket-Option-trading-Platform-1024x430.png\" alt=\"\" class=\"wp-image-639\"\/><\/a><\/figure>\n\n\n\n<h2 class=\"wp-block-heading\">Mobil Uygulama<\/h2>\n\n\n\n<p>PocketOption, \u00e7evrimi\u00e7i ticaret i\u00e7in kendi IOS ve Android mobil uygulamas\u0131n\u0131 geli\u015ftirmi\u015ftir.&nbsp;Pocket Option uygulama indirmesi, App Store ve Google Play pazarlar\u0131nda \u00fccretsiz olarak mevcuttur.&nbsp;Bu, seyahat ederken veya evde olmad\u0131\u011f\u0131n\u0131zda tabletlerinizde ve ak\u0131ll\u0131 telefonlar\u0131n\u0131zda rahat\u00e7a ticaret yapmak i\u00e7in uygundur.<\/p>\n\n\n\n<p><strong>Pocket Option ticaret uygulamas\u0131n\u0131<\/strong>&nbsp;IOS ve Android cihaz\u0131n\u0131zdan indirebilirsiniz&nbsp;.<\/p>\n\n\n\n<h2 class=\"wp-block-heading\">Pocket Option \u00d6demesi<\/h2>\n\n\n\n<p>PocketOption, farkl\u0131 varl\u0131k t\u00fcrleri \u00fczerinde spek\u00fclasyon yaparak yat\u0131r\u0131m tutar\u0131n\u0131z\u0131n %92&#8217;sine kadar kazanman\u0131za olanak tan\u0131r.<\/p>\n\n\n\n<p>Yat\u0131r\u0131m tutar\u0131n\u0131n %98&#8217;ine varan yat\u0131r\u0131m kar\u0131 ile 1 dakikadan birka\u00e7 saate kadar de\u011fi\u015fen s\u00fcreler \u00fczerinde spek\u00fclasyon yapabilirsiniz.&nbsp;Bir i\u015flem i\u00e7in minimum miktar 1 $ ve platformdaki minimum depozito 50 $ &#8216;d\u0131r.<\/p>\n\n\n\n<h2 class=\"wp-block-heading\">Social Trading<\/h2>\n\n\n\n<p>Social Trading, deneyimli t\u00fcccarlar\u0131, faaliyetlerini takip etmek ve ba\u015far\u0131lar\u0131ndan k\u00e2r etmek isteyenlerle bulu\u015fturan bir teknolojidir.<\/p>\n\n\n\n<p>Pocket Option, sosyal ticareti kullanma f\u0131rsat\u0131 sunan birka\u00e7 ikili opsiyon brokerinden biridir.&nbsp;Bu fonksiyon sayesinde profesyonel yat\u0131r\u0131mc\u0131lar\u0131n ba\u015far\u0131lar\u0131n\u0131 kopyalayabilir ve aktifle\u015ftirilmi\u015f parametrelere g\u00f6re kopyalanan emirlerden kazan\u00e7 elde etmenizi sa\u011flar.&nbsp;Yeni ba\u015flayan biri olsan\u0131z bile, platformun sundu\u011fu social trading hizmeti sayesinde ba\u015far\u0131l\u0131 bir t\u00fcccar olabilirsiniz.<\/p>\n\n\n\n<h2 class=\"wp-block-heading\">Ticaret sinyalleri<\/h2>\n\n\n\n<p><strong>PocketOption,<\/strong>&nbsp;m\u00fc\u015fterilerine ticaret sinyalleri sa\u011flar.&nbsp;Al\u0131m sat\u0131m sinyalleri, ekran\u0131n\u0131z\u0131n sa\u011f taraf\u0131ndaki bir men\u00fcde mevcuttur.&nbsp;Bu al\u0131m sat\u0131m sinyalleri, yat\u0131r\u0131mc\u0131lar\u0131n bu broker ile ikili opsiyon al\u0131m sat\u0131m\u0131 yaparken daha iyi kararlar almalar\u0131na yard\u0131mc\u0131 olabilir.<\/p>\n\n\n\n<h2 class=\"wp-block-heading\">Para Yat\u0131rma ve \u00c7ekme<\/h2>\n\n\n\n<p><strong>Pocket Option&#8217;\u0131n sundu\u011fu para yat\u0131rma \/ \u00e7ekme y\u00f6ntemlerinin<\/strong>&nbsp;bir listesi&nbsp;:<\/p>\n\n\n\n<p>Visa ve Mastercard banka ve kredi kartlar\u0131<br>Euro \/ ABD Dolar\u0131 \/ Rublesi<\/p>\n\n\n\n<p>Elektronik c\u00fczdanlar<br>Webmoney \/ Perfect Money \/ Advcash \/ Yandex.Money \/ QIWI \/ Jeton \/ Vload<\/p>\n\n\n\n<p>Kripto para birimleri<br>BTC \/ ETH \/ Litecoin \/ BUSD \/ Tether \/ DAI \/ USD Coin \/ USDK \/ TrueUSD \/ Bitcoin Cash \/ Stellar \/ PAXOS Standard \/ PAX \/ Zcash<\/p>\n\n\n\n<h2 class=\"wp-block-heading\">Bonus<\/h2>\n\n\n\n<p><strong>Pocket Option, ilk para yat\u0131rma i\u015fleminizde %50 para yat\u0131rma bonusu sunar<\/strong>&nbsp;.&nbsp;\u0130lk para yat\u0131rma i\u015flemi ne kadar b\u00fcy\u00fck olursa, ilk para yat\u0131rma i\u015flemiyle orant\u0131l\u0131 oldu\u011fu i\u00e7in o kadar \u00f6nemli bir bonus al\u0131rs\u0131n\u0131z.<\/p>\n\n\n\n<p>Ticaret yapmazsan\u0131z, bonusun do\u011frudan geri \u00e7ekilemeyece\u011fini l\u00fctfen unutmay\u0131n.&nbsp;Baz\u0131 kullan\u0131c\u0131lar bonusu k\u00f6t\u00fcye kullanmak ve bu bonusu \u00e7ekmek i\u00e7in kaydolmak istediklerinden, \u00e7o\u011fu broker gibi bu komisyoncu da bu t\u00fcr suistimallere kar\u015f\u0131 koruma sa\u011flar ve ticaret yapmak i\u00e7in kullanman\u0131z gereken bir bonus sunar.&nbsp;Yeterli say\u0131da i\u015fleme ula\u015ft\u0131ktan sonra bonusu \u00fccretsiz olarak \u00e7ekebilirsiniz.<\/p>\n\n\n\n<h2 class=\"wp-block-heading\">Pocket Option inceleme sonucu<\/h2>\n\n\n\n<p>Pocket Option, d\u00fcnyan\u0131n her yerindeki t\u00fcccarlar\u0131n, di\u011fer brokerlere g\u00f6re daha y\u00fcksek yat\u0131r\u0131m getirisi olan ikili opsiyonlar \u00fczerinde spek\u00fclasyon yapmalar\u0131na olanak tan\u0131r.&nbsp;\u0130lk para yat\u0131rman\u0131n %50&#8217;sine kadar bonus sunarlar, bu da ticaret yapmak i\u00e7in daha fazla ba\u015flang\u0131\u00e7 \u200b\u200bsermayesi alaca\u011f\u0131n\u0131z anlam\u0131na gelir.<\/p>\n\n\n\n<p>Kaydolmak h\u0131zl\u0131 ve kolayd\u0131r ve kay\u0131t olmak zorunda kalmadan bir demo hesab\u0131 bile a\u00e7abilirsiniz.&nbsp;Sonu\u00e7 olarak, Pocket Option&nbsp;en iyi ko\u015fullarda ikili opsiyon ticareti yapman\u0131z\u0131 \u00f6nerebilece\u011fimiz&nbsp;<strong>g\u00fcvenilir ve g\u00fcvenilir bir brokerd\u0131r .<\/strong><\/p>\n\n\n\n<p class=\"has-text-align-center\"><a class=\"maxbutton-2 maxbutton\" target=\"_blank\" rel=\"nofollow noopener\" href=\"https:\/\/binary-option.co\/go\/pocketoption.com\"><span class='mb-text'>Broker&#039;\u0131 ziyaret edin<\/span><\/a><\/p>\n","protected":false},"excerpt":{"rendered":"<p>De\u011ferlendirme: %92&#8217;ye Kadar \u00d6deme (Ba\u015far\u0131l\u0131 yat\u0131r\u0131m durumunda tutar hesaba yans\u0131t\u0131l\u0131r) \u00dccretsiz Depozitosuz Demo Hesab\u0131 D\u00fczenlenmi\u015f IFMRRC %50&#8217;ye varan bonus 50 dk.&nbsp;Depozito Genel risk uyar\u0131s\u0131: sermayeniz risk alt\u0131nda Bu derlemede, tam bir tura \u00e7\u0131kacak ve&nbsp;son zamanlarda giderek daha fazla yat\u0131r\u0131mc\u0131y\u0131 cezbeden bir \u00e7evrimi\u00e7i ticaret sitesi olan&nbsp;Pocket Option brokerini analiz edece\u011fiz.&nbsp;Pocket Option&#8217;\u0131n bir aldatmaca olup olmad\u0131\u011f\u0131n\u0131 veya [&hellip;]<\/p>\n","protected":false},"author":1,"featured_media":0,"parent":0,"menu_order":0,"comment_status":"closed","ping_status":"closed","template":"","meta":{"footnotes":""},"yoast_head":"<!-- This site is optimized with the Yoast SEO plugin v21.9.1 - https:\/\/yoast.com\/wordpress\/plugins\/seo\/ -->\n<title>Pocket Option g\u00fcvenilir mi 2023 : G\u00fcvenilir mi yoksa bir aldatmaca m\u0131?<\/title>\n<meta name=\"robots\" content=\"index, follow, max-snippet:-1, max-image-preview:large, max-video-preview:-1\" \/>\n<link rel=\"canonical\" href=\"https:\/\/binary-option.co\/tr\/pocket-option-guvenilir-mi\/\" \/>\n<meta property=\"og:locale\" content=\"tr_TR\" \/>\n<meta property=\"og:type\" content=\"article\" \/>\n<meta property=\"og:title\" content=\"Pocket Option g\u00fcvenilir mi 2023 : G\u00fcvenilir mi yoksa bir aldatmaca m\u0131?\" \/>\n<meta property=\"og:description\" content=\"De\u011ferlendirme: %92&#8217;ye Kadar \u00d6deme (Ba\u015far\u0131l\u0131 yat\u0131r\u0131m durumunda tutar hesaba yans\u0131t\u0131l\u0131r) \u00dccretsiz Depozitosuz Demo Hesab\u0131 D\u00fczenlenmi\u015f IFMRRC %50&#8217;ye varan bonus 50 dk.&nbsp;Depozito Genel risk uyar\u0131s\u0131: sermayeniz risk alt\u0131nda Bu derlemede, tam bir tura \u00e7\u0131kacak ve&nbsp;son zamanlarda giderek daha fazla yat\u0131r\u0131mc\u0131y\u0131 cezbeden bir \u00e7evrimi\u00e7i ticaret sitesi olan&nbsp;Pocket Option brokerini analiz edece\u011fiz.&nbsp;Pocket Option&#8217;\u0131n bir aldatmaca olup olmad\u0131\u011f\u0131n\u0131 veya [&hellip;]\" \/>\n<meta property=\"og:url\" content=\"https:\/\/binary-option.co\/tr\/pocket-option-guvenilir-mi\/\" \/>\n<meta property=\"og:site_name\" content=\"ikiliopsiyon.info\" \/>\n<meta property=\"article:modified_time\" content=\"2023-01-14T18:55:02+00:00\" \/>\n<meta property=\"og:image\" content=\"https:\/\/binary-option.co\/wp-content\/uploads\/2021\/05\/PocketOption-logo.png\" \/>\n<meta name=\"twitter:card\" content=\"summary_large_image\" \/>\n<meta name=\"twitter:label1\" content=\"Tahmini okuma s\u00fcresi\" \/>\n\t<meta name=\"twitter:data1\" content=\"6 dakika\" \/>\n<script type=\"application\/ld+json\" class=\"yoast-schema-graph\">{\"@context\":\"https:\/\/schema.org\",\"@graph\":[{\"@type\":\"WebPage\",\"@id\":\"https:\/\/binary-option.co\/tr\/pocket-option-guvenilir-mi\/\",\"url\":\"https:\/\/binary-option.co\/tr\/pocket-option-guvenilir-mi\/\",\"name\":\"Pocket Option g\u00fcvenilir mi 2023 : G\u00fcvenilir mi yoksa bir aldatmaca m\u0131?\",\"isPartOf\":{\"@id\":\"https:\/\/binary-option.co\/tr\/#website\"},\"datePublished\":\"2022-04-18T17:09:31+00:00\",\"dateModified\":\"2023-01-14T18:55:02+00:00\",\"breadcrumb\":{\"@id\":\"https:\/\/binary-option.co\/tr\/pocket-option-guvenilir-mi\/#breadcrumb\"},\"inLanguage\":\"tr\",\"potentialAction\":[{\"@type\":\"ReadAction\",\"target\":[\"https:\/\/binary-option.co\/tr\/pocket-option-guvenilir-mi\/\"]}]},{\"@type\":\"BreadcrumbList\",\"@id\":\"https:\/\/binary-option.co\/tr\/pocket-option-guvenilir-mi\/#breadcrumb\",\"itemListElement\":[{\"@type\":\"ListItem\",\"position\":1,\"name\":\"Home\",\"item\":\"https:\/\/binary-option.co\/tr\/\"},{\"@type\":\"ListItem\",\"position\":2,\"name\":\"Pocket Option g\u00fcvenilir mi\"}]},{\"@type\":\"WebSite\",\"@id\":\"https:\/\/binary-option.co\/tr\/#website\",\"url\":\"https:\/\/binary-option.co\/tr\/\",\"name\":\"ikiliopsiyon.info\",\"description\":\"T\u00fcrk\u00e7e \u0130kili Opsiyon Rehberi\",\"publisher\":{\"@id\":\"https:\/\/binary-option.co\/tr\/#organization\"},\"potentialAction\":[{\"@type\":\"SearchAction\",\"target\":{\"@type\":\"EntryPoint\",\"urlTemplate\":\"https:\/\/binary-option.co\/tr\/?s={search_term_string}\"},\"query-input\":\"required name=search_term_string\"}],\"inLanguage\":\"tr\"},{\"@type\":\"Organization\",\"@id\":\"https:\/\/binary-option.co\/tr\/#organization\",\"name\":\"ikiliopsiyon.info\",\"url\":\"https:\/\/binary-option.co\/tr\/\",\"logo\":{\"@type\":\"ImageObject\",\"inLanguage\":\"tr\",\"@id\":\"https:\/\/binary-option.co\/tr\/#\/schema\/logo\/image\/\",\"url\":\"https:\/\/binary-option.co\/tr\/wp-content\/uploads\/sites\/7\/2020\/09\/Ikiliopsiyon.info_.png\",\"contentUrl\":\"https:\/\/binary-option.co\/tr\/wp-content\/uploads\/sites\/7\/2020\/09\/Ikiliopsiyon.info_.png\",\"width\":412,\"height\":56,\"caption\":\"ikiliopsiyon.info\"},\"image\":{\"@id\":\"https:\/\/binary-option.co\/tr\/#\/schema\/logo\/image\/\"}}]}<\/script>\n<!-- \/ Yoast SEO plugin. -->","yoast_head_json":{"title":"Pocket Option g\u00fcvenilir mi 2023 : G\u00fcvenilir mi yoksa bir aldatmaca m\u0131?","robots":{"index":"index","follow":"follow","max-snippet":"max-snippet:-1","max-image-preview":"max-image-preview:large","max-video-preview":"max-video-preview:-1"},"canonical":"https:\/\/binary-option.co\/tr\/pocket-option-guvenilir-mi\/","og_locale":"tr_TR","og_type":"article","og_title":"Pocket Option g\u00fcvenilir mi 2023 : G\u00fcvenilir mi yoksa bir aldatmaca m\u0131?","og_description":"De\u011ferlendirme: %92&#8217;ye Kadar \u00d6deme (Ba\u015far\u0131l\u0131 yat\u0131r\u0131m durumunda tutar hesaba yans\u0131t\u0131l\u0131r) \u00dccretsiz Depozitosuz Demo Hesab\u0131 D\u00fczenlenmi\u015f IFMRRC %50&#8217;ye varan bonus 50 dk.&nbsp;Depozito Genel risk uyar\u0131s\u0131: sermayeniz risk alt\u0131nda Bu derlemede, tam bir tura \u00e7\u0131kacak ve&nbsp;son zamanlarda giderek daha fazla yat\u0131r\u0131mc\u0131y\u0131 cezbeden bir \u00e7evrimi\u00e7i ticaret sitesi olan&nbsp;Pocket Option brokerini analiz edece\u011fiz.&nbsp;Pocket Option&#8217;\u0131n bir aldatmaca olup olmad\u0131\u011f\u0131n\u0131 veya [&hellip;]","og_url":"https:\/\/binary-option.co\/tr\/pocket-option-guvenilir-mi\/","og_site_name":"ikiliopsiyon.info","article_modified_time":"2023-01-14T18:55:02+00:00","og_image":[{"url":"https:\/\/binary-option.co\/wp-content\/uploads\/2021\/05\/PocketOption-logo.png"}],"twitter_card":"summary_large_image","twitter_misc":{"Tahmini okuma s\u00fcresi":"6 dakika"},"schema":{"@context":"https:\/\/schema.org","@graph":[{"@type":"WebPage","@id":"https:\/\/binary-option.co\/tr\/pocket-option-guvenilir-mi\/","url":"https:\/\/binary-option.co\/tr\/pocket-option-guvenilir-mi\/","name":"Pocket Option g\u00fcvenilir mi 2023 : G\u00fcvenilir mi yoksa bir aldatmaca m\u0131?","isPartOf":{"@id":"https:\/\/binary-option.co\/tr\/#website"},"datePublished":"2022-04-18T17:09:31+00:00","dateModified":"2023-01-14T18:55:02+00:00","breadcrumb":{"@id":"https:\/\/binary-option.co\/tr\/pocket-option-guvenilir-mi\/#breadcrumb"},"inLanguage":"tr","potentialAction":[{"@type":"ReadAction","target":["https:\/\/binary-option.co\/tr\/pocket-option-guvenilir-mi\/"]}]},{"@type":"BreadcrumbList","@id":"https:\/\/binary-option.co\/tr\/pocket-option-guvenilir-mi\/#breadcrumb","itemListElement":[{"@type":"ListItem","position":1,"name":"Home","item":"https:\/\/binary-option.co\/tr\/"},{"@type":"ListItem","position":2,"name":"Pocket Option g\u00fcvenilir mi"}]},{"@type":"WebSite","@id":"https:\/\/binary-option.co\/tr\/#website","url":"https:\/\/binary-option.co\/tr\/","name":"ikiliopsiyon.info","description":"T\u00fcrk\u00e7e \u0130kili Opsiyon Rehberi","publisher":{"@id":"https:\/\/binary-option.co\/tr\/#organization"},"potentialAction":[{"@type":"SearchAction","target":{"@type":"EntryPoint","urlTemplate":"https:\/\/binary-option.co\/tr\/?s={search_term_string}"},"query-input":"required name=search_term_string"}],"inLanguage":"tr"},{"@type":"Organization","@id":"https:\/\/binary-option.co\/tr\/#organization","name":"ikiliopsiyon.info","url":"https:\/\/binary-option.co\/tr\/","logo":{"@type":"ImageObject","inLanguage":"tr","@id":"https:\/\/binary-option.co\/tr\/#\/schema\/logo\/image\/","url":"https:\/\/binary-option.co\/tr\/wp-content\/uploads\/sites\/7\/2020\/09\/Ikiliopsiyon.info_.png","contentUrl":"https:\/\/binary-option.co\/tr\/wp-content\/uploads\/sites\/7\/2020\/09\/Ikiliopsiyon.info_.png","width":412,"height":56,"caption":"ikiliopsiyon.info"},"image":{"@id":"https:\/\/binary-option.co\/tr\/#\/schema\/logo\/image\/"}}]}},"_links":{"self":[{"href":"https:\/\/binary-option.co\/tr\/wp-json\/wp\/v2\/pages\/169"}],"collection":[{"href":"https:\/\/binary-option.co\/tr\/wp-json\/wp\/v2\/pages"}],"about":[{"href":"https:\/\/binary-option.co\/tr\/wp-json\/wp\/v2\/types\/page"}],"author":[{"embeddable":true,"href":"https:\/\/binary-option.co\/tr\/wp-json\/wp\/v2\/users\/1"}],"replies":[{"embeddable":true,"href":"https:\/\/binary-option.co\/tr\/wp-json\/wp\/v2\/comments?post=169"}],"version-history":[{"count":2,"href":"https:\/\/binary-option.co\/tr\/wp-json\/wp\/v2\/pages\/169\/revisions"}],"predecessor-version":[{"id":226,"href":"https:\/\/binary-option.co\/tr\/wp-json\/wp\/v2\/pages\/169\/revisions\/226"}],"wp:attachment":[{"href":"https:\/\/binary-option.co\/tr\/wp-json\/wp\/v2\/media?parent=169"}],"curies":[{"name":"wp","href":"https:\/\/api.w.org\/{rel}","templated":true}]}}