{"id":167,"date":"2022-04-18T16:48:27","date_gmt":"2022-04-18T16:48:27","guid":{"rendered":"https:\/\/binary-option.co\/tr\/?page_id=167"},"modified":"2023-01-14T18:54:46","modified_gmt":"2023-01-14T18:54:46","slug":"quotex-guvenilir-mi","status":"publish","type":"page","link":"https:\/\/binary-option.co\/tr\/quotex-guvenilir-mi\/","title":{"rendered":"Quotex g\u00fcvenilir mi"},"content":{"rendered":"\n<div class=\"wp-block-columns is-layout-flex wp-container-core-columns-layout-1 wp-block-columns-is-layout-flex\">\n<div class=\"wp-block-column is-layout-flow wp-block-column-is-layout-flow\" style=\"flex-basis:33.33%\">\n<figure class=\"wp-block-image size-large is-resized\"><a href=\"https:\/\/binary-option.co\/go\/quotex.io\" target=\"_blank\" rel=\"noopener\"><img decoding=\"async\" src=\"https:\/\/binary-option.co\/wp-content\/uploads\/2021\/05\/quotex-io.png\" alt=\"\" class=\"wp-image-509\" width=\"202\" height=\"200\"\/><\/a><\/figure>\n<\/div>\n\n\n\n<div class=\"wp-block-column is-layout-flow wp-block-column-is-layout-flow\" style=\"flex-basis:66.66%\">\n<p><strong>De\u011ferlendirme:<\/strong> <div itemprop=\"reviewRating\" itemscope itemtype=\"http:\/\/schema.org\/Rating\" class=\"usr\"><meta itemprop=\"worstRating\" content=\"0\" \/><meta itemprop=\"ratingValue\" content=\"5\" \/><meta itemprop=\"bestRating\" content=\"5\" \/><img decoding=\"async\" class=\"usr\" src=\"https:\/\/binary-option.co\/tr\/wp-content\/plugins\/universal-star-rating\/includes\/image.php?img=06.png&amp;px=15&amp;max=5&amp;rat=5\" alt=\"5 out of 5 stars\" style=\"height: 15px !important;\" \/><\/div><\/p>\n\n\n\n<ul id=\"block-48994b58-cb5d-4105-94aa-8811d40674ea\"><li>%98&#8217;e varan \u00d6deme (Ba\u015far\u0131l\u0131 yat\u0131r\u0131m durumunda tutar hesaba yans\u0131t\u0131l\u0131r)<\/li><li>\u00dccretsiz Depozitosuz Demo Hesab\u0131<\/li><li>D\u00fczenlenmi\u015f IFMRRC<\/li><li>%50&#8217;ye varan bonus<\/li><li>10 dk.&nbsp;Depozito<\/li><\/ul>\n\n\n\n<p class=\"has-text-align-center\"><a class=\"maxbutton-2 maxbutton\" target=\"_blank\" rel=\"nofollow noopener\" href=\"https:\/\/binary-option.co\/go\/quotex.io\"><span class='mb-text'>Broker&#039;\u0131 ziyaret edin<\/span><\/a><\/p>\n\n\n\n<p class=\"has-text-align-center\">Genel risk uyar\u0131s\u0131: sermayeniz risk alt\u0131nda<\/p>\n<\/div>\n<\/div>\n\n\n\n<p>Bu yaz\u0131m\u0131zda, pop\u00fclaritesi artan ve piyasada yeni bir broker olan Quotex online i\u015flem platformunu detayl\u0131 olarak analiz edece\u011fiz.&nbsp;G\u00fcvenli ve g\u00fcvenilir bir komisyoncu mu?&nbsp;Bu ticaret platformunun ara\u00e7lar\u0131 ve \u00f6zellikleri nelerdir?&nbsp;T\u00fcm bu sorular\u0131 cevaplayaca\u011f\u0131z ve bu komisyoncu hakk\u0131nda size fikir verece\u011fiz.<\/p>\n\n\n\n<figure class=\"wp-block-image\"><a href=\"https:\/\/binary-option.co\/go\/quotex.io\" target=\"_blank\" rel=\"noreferrer noopener\"><img decoding=\"async\" src=\"https:\/\/binary-option.co\/wp-content\/uploads\/2021\/06\/Quotex-review-1024x575.png\" alt=\"\" class=\"wp-image-615\"\/><\/a><figcaption>Quotex resmi web sitesi<\/figcaption><\/figure>\n\n\n\n<h2 class=\"wp-block-heading\">Quotex&#8217;e genel bak\u0131\u015f<\/h2>\n\n\n\n<p>Quotex.io, kendisini dijital opsiyonlar alan\u0131nda h\u0131zla liderlerden biri haline getiren nispeten yeni bir broker olup, IFMRRC&nbsp;<strong>taraf\u0131ndan d\u00fczenlenen bir broker olan<\/strong>&nbsp;ve 2019 y\u0131l\u0131nda faaliyetlerine ba\u015flayan Awesomo Limited ad\u0131 alt\u0131nda faaliyet g\u00f6stermektedir.&nbsp;Quotex.io brokerinin amac\u0131, \u00e7evrimi\u00e7i ticareti olabildi\u011fince kolay hale getirmektir.&nbsp;Sekt\u00f6r uzmanlar\u0131 taraf\u0131ndan tan\u0131nan ve 10 y\u0131l\u0131 a\u015fk\u0131n deneyime sahip geli\u015ftiriciler taraf\u0131ndan geli\u015ftirilen \u00f6d\u00fcll\u00fc, \u015feffaf, sezgisel ve modern bir ticaret platformudur.<\/p>\n\n\n\n<h2 class=\"wp-block-heading\">Quotex Al\u0131m Sat\u0131m Ara\u00e7lar\u0131<\/h2>\n\n\n\n<p><strong>Bu broker, d\u00fcnyan\u0131n her yerindeki yeni ba\u015flayanlar ve profesyonel t\u00fcccarlar\u0131n Forex, Hisse Senetleri, Endeksler, Metaller, Petrol ve Gaz gibi<\/strong>&nbsp;finansal piyasalarda ve ayr\u0131ca kripto para birimi ticareti i\u00e7in para kazanmalar\u0131n\u0131 sa\u011flamak i\u00e7in 400&#8217;den fazla ticaret arac\u0131 sa\u011flar&nbsp;.&nbsp;B\u00f6ylece, yat\u0131r\u0131m tutar\u0131n\u0131z\u0131n %98&#8217;ine kadar geni\u015f bir varl\u0131k yelpazesinde kazanabilirsiniz.<\/p>\n\n\n\n<p>Bu komisyoncu taraf\u0131ndan sunulan dijital se\u00e7enekler, yat\u0131r\u0131m tutar\u0131n\u0131z\u0131n %98&#8217;ine varan yat\u0131r\u0131m kar\u0131 ile 1 dakika ile 4 saat aras\u0131nda de\u011fi\u015fen s\u00fcreler \u00fczerinde spek\u00fclasyon yapman\u0131z\u0131 sa\u011flar.&nbsp;Minimum yat\u0131r\u0131m tutar\u0131 sadece 1 $&#8217;d\u0131r. Bu, t\u00fcccarlar\u0131n b\u00fcy\u00fck \u00e7o\u011funlu\u011funa uyacakt\u0131r.<\/p>\n\n\n\n<h2 class=\"wp-block-heading\">Quotex.io ticaret Platformu<\/h2>\n\n\n\n<p>Quotex dijital opsiyon ticaret platformu, \u00e7ok say\u0131da dayanak varl\u0131\u011f\u0131n ticaretini yapman\u0131za olanak tan\u0131r.&nbsp;Dijital opsiyon terimi, her do\u011fru yat\u0131r\u0131m i\u00e7in \u00f6nceden belirlenmi\u015f k\u00e2rlarla yukar\u0131 ve a\u015fa\u011f\u0131 fiyat hareketine dayal\u0131 i\u015flemler olan Yukar\u0131 \/ A\u015fa\u011f\u0131 ikili opsiyonu ifade eder.<\/p>\n\n\n\n<figure class=\"wp-block-image\"><a href=\"https:\/\/binary-option.co\/go\/quotex.io\" target=\"_blank\" rel=\"noreferrer noopener\"><img decoding=\"async\" src=\"https:\/\/binary-option.co\/wp-content\/uploads\/2021\/06\/Quotex-trading-platform-1024x521.png\" alt=\"\" class=\"wp-image-612\"\/><\/a><\/figure>\n\n\n\n<p>Quotex.io&#8217;da i\u015flem yapmak&nbsp;<strong>i\u00e7in herhangi bir yaz\u0131l\u0131m<\/strong>&nbsp;veya uygulama indirmenize gerek yoktur, bu i\u015flem platformu tamamen web taray\u0131c\u0131s\u0131 tabanl\u0131d\u0131r.&nbsp;Bu nedenle, bilgisayar, ak\u0131ll\u0131 telefon veya tablet gibi bir web taray\u0131c\u0131s\u0131 olan herhangi bir cihazdan eri\u015febilirsiniz.<\/p>\n\n\n\n<div class=\"wp-block-image\"><figure class=\"alignright size-large is-resized\"><a href=\"https:\/\/binary-option.co\/go\/quotex.io\" target=\"_blank\" rel=\"noopener\"><img fetchpriority=\"high\" decoding=\"async\" src=\"https:\/\/binary-option.co\/wp-content\/uploads\/2021\/06\/Quotex-trading-signal.png\" alt=\"\" class=\"wp-image-620\" width=\"192\" height=\"265\"\/><\/a><\/figure><\/div>\n\n\n\n<p>Quotex platformu basit ve \u00e7ok sezgiseldir, farkl\u0131 grafik se\u00e7eneklerine sahiptir ve bir\u00e7ok g\u00f6sterge mevcuttur.&nbsp;<strong>Bollinger Bands<\/strong>&nbsp;ve&nbsp;<strong>Ichimoku Cloud<\/strong>&nbsp;gibi 9&#8217;dan fazla&nbsp;<strong>trend g\u00f6stergesinin<\/strong>&nbsp;yan\u0131 s\u0131ra&nbsp;<strong>MACD<\/strong>&nbsp;ve&nbsp;<strong>RSI<\/strong>&nbsp;gibi en&nbsp;az&nbsp;<strong>15 osilat\u00f6r<\/strong>&nbsp;kullanabilirsiniz .<strong><\/strong><strong><\/strong><strong><\/strong><strong><\/strong><strong><\/strong><\/p>\n\n\n\n<p>Grafik se\u00e7enekleri, ekran\u0131n\u0131zda grafi\u011fin sa\u011f\u0131nda konumland\u0131r\u0131l\u0131r.&nbsp;Platform ayr\u0131ca piyasa haberlerine ve ticaret sinyallerine eri\u015fim sa\u011flar.<\/p>\n\n\n\n<h2 class=\"wp-block-heading\">hesap tipi<\/h2>\n\n\n\n<p>Bu komisyoncu, ticaret yapmak ve platformun t\u00fcm i\u015flevlerini ke\u015ffetmek ve ayr\u0131ca&nbsp;<strong>ticaret stratejilerinizi ili\u015fkili kay\u0131p riski olmadan test etmek<\/strong>&nbsp;i\u00e7in istedi\u011finiz zaman \u00fccretsiz olarak doldurabilece\u011finiz&nbsp;<strong>10.000 dolarl\u0131k \u00fccretsiz bir demo hesab\u0131na<\/strong>&nbsp;eri\u015fim sa\u011flar. .&nbsp;.<strong><\/strong><\/p>\n\n\n\n<figure class=\"wp-block-image\"><a href=\"https:\/\/binary-option.co\/go\/quotex.io\" target=\"_blank\" rel=\"noreferrer noopener\"><img decoding=\"async\" src=\"https:\/\/binary-option.co\/wp-content\/uploads\/2021\/06\/Quotex-Demo-account-1024x517.png\" alt=\"\" class=\"wp-image-618\"\/><\/a><\/figure>\n\n\n\n<p>Ard\u0131ndan, kendinizi i\u015fe koyulmaya haz\u0131r hissetti\u011finizde,&nbsp;<strong>sadece 10 $ depozito<\/strong>&nbsp;ile eri\u015filebilen ve ger\u00e7ek para ile i\u015flem yapman\u0131z\u0131 sa\u011flayacak ger\u00e7ek ticaret moduna ge\u00e7ebilirsiniz.<\/p>\n\n\n\n<figure class=\"wp-block-image size-large is-resized\"><a href=\"https:\/\/binary-option.co\/go\/quotex.io\" target=\"_blank\" rel=\"noopener\"><img decoding=\"async\" src=\"https:\/\/binary-option.co\/wp-content\/uploads\/2021\/06\/quotex-account-type-1-1024x964.png\" alt=\"\" class=\"wp-image-614\" width=\"523\" height=\"492\"\/><\/a><\/figure>\n\n\n\n<h2 class=\"wp-block-heading\">Para Yat\u0131rma ve \u00c7ekme<\/h2>\n\n\n\n<p>Quotex, para yat\u0131rma ve \u00e7ekme i\u015flemleriniz i\u00e7in \u00e7ok say\u0131da y\u00f6nteme sahiptir.&nbsp;Paran\u0131z\u0131&nbsp;<strong>Visa ve MasterCard Kartlar\u0131 ,&nbsp;<\/strong><strong>Neteller<\/strong>&nbsp;,&nbsp;<strong>Skrill<\/strong>&nbsp;,&nbsp;<strong>WebMoney<\/strong>&nbsp;,&nbsp;<strong>QIWI&nbsp;<\/strong><strong>Mobil \u00d6demeleri<\/strong>&nbsp;gibi&nbsp;Elektronik C\u00fczdanlar ve ayr\u0131ca Kripto para birimleri ile \u00f6deyebilir ve \u00e7ekebilirsiniz&nbsp;.<strong><\/strong><\/p>\n\n\n\n<p><strong>Para yat\u0131rma ve \u00e7ekme i\u015flemleri h\u0131zl\u0131d\u0131r<\/strong>&nbsp;ve ikinci \u00f6deme y\u00f6nteminin kayna\u011f\u0131n\u0131n do\u011frulanmas\u0131 d\u0131\u015f\u0131nda, ilk para yat\u0131rman\u0131n ayn\u0131 kayna\u011f\u0131na yap\u0131l\u0131r.&nbsp;Quotex para \u00e7ekme veya para yat\u0131rma \u00fccreti almaz.&nbsp;Bununla birlikte, baz\u0131 \u00f6deme y\u00f6ntemleri, platformun kendisi taraf\u0131ndan de\u011fil, \u00f6deme sa\u011flay\u0131c\u0131s\u0131 taraf\u0131ndan tahsil edilen \u00fccretlere tabi olabilir.<\/p>\n\n\n\n<p>L\u00fctfen, ikamet etti\u011finiz \u00fclkeye ba\u011fl\u0131 olarak baz\u0131 \u00f6deme y\u00f6ntemlerinin mevcut olmad\u0131\u011f\u0131n\u0131, ancak t\u00fcm \u00fclkeler i\u00e7in kripto \u00f6demesinin kabul edildi\u011fini unutmay\u0131n.<\/p>\n\n\n\n<h2 class=\"wp-block-heading\">Bonus<\/h2>\n\n\n\n<figure class=\"wp-block-image\"><a href=\"https:\/\/binary-option.co\/go\/quotex.io\" target=\"_blank\" rel=\"noreferrer noopener\"><img decoding=\"async\" src=\"https:\/\/binary-option.co\/wp-content\/uploads\/2021\/06\/Quotex-bonus-1024x109.png\" alt=\"\" class=\"wp-image-616\"\/><\/a><\/figure>\n\n\n\n<p>Bu komisyoncu ,&nbsp;ilk para yat\u0131rman\u0131z\u0131n toplam\u0131n\u0131 takiben&nbsp;<strong>%30 ila %50 aras\u0131nda bir bonus sunar .&nbsp;<\/strong>Bonus sadece ilk para yat\u0131rma i\u015fleminde sunulmaktad\u0131r ve ek bonus al\u0131nmas\u0131 m\u00fcmk\u00fcn de\u011fildir.<\/p>\n\n\n\n<h2 class=\"wp-block-heading\">Quotex inceleme sonucu:<\/h2>\n\n\n\n<p>Bu broker sekt\u00f6rde yeni olmas\u0131na ra\u011fmen, Quotex&nbsp;dijital opsiyonlar arac\u0131l\u0131\u011f\u0131yla \u00e7ok say\u0131da varl\u0131kla g\u00fcvenle ticaret yapman\u0131z\u0131 sa\u011flayan&nbsp;<strong>g\u00fcvenilir ve g\u00fcvenilir bir komisyoncudur .&nbsp;<\/strong>Her t\u00fcrden t\u00fcccar\u0131n 400&#8217;den fazla farkl\u0131 varl\u0131\u011fa eri\u015fmesine izin veren \u015feffaf, sezgisel ve modern bir ticaret platformudur.&nbsp;Dijital opsiyon ticareti i\u00e7in size en iyi ko\u015fullar\u0131 sunar.&nbsp;Bu nedenle, bunu denemek ve bu brokerin sekt\u00f6rdeki liderlerden biri olarak tan\u0131nmay\u0131 neden hak etti\u011fini g\u00f6rmek i\u00e7in Quotex.io&#8217;da bir demo hesab\u0131 a\u00e7maktan \u00e7ekinmeyin.<\/p>\n\n\n\n<p class=\"has-text-align-center\"><a class=\"maxbutton-2 maxbutton\" target=\"_blank\" rel=\"nofollow noopener\" href=\"https:\/\/binary-option.co\/go\/quotex.io\"><span class='mb-text'>Broker&#039;\u0131 ziyaret edin<\/span><\/a><\/p>\n","protected":false},"excerpt":{"rendered":"<p>De\u011ferlendirme: %98&#8217;e varan \u00d6deme (Ba\u015far\u0131l\u0131 yat\u0131r\u0131m durumunda tutar hesaba yans\u0131t\u0131l\u0131r) \u00dccretsiz Depozitosuz Demo Hesab\u0131 D\u00fczenlenmi\u015f IFMRRC %50&#8217;ye varan bonus 10 dk.&nbsp;Depozito Genel risk uyar\u0131s\u0131: sermayeniz risk alt\u0131nda Bu yaz\u0131m\u0131zda, pop\u00fclaritesi artan ve piyasada yeni bir broker olan Quotex online i\u015flem platformunu detayl\u0131 olarak analiz edece\u011fiz.&nbsp;G\u00fcvenli ve g\u00fcvenilir bir komisyoncu mu?&nbsp;Bu ticaret platformunun ara\u00e7lar\u0131 ve \u00f6zellikleri [&hellip;]<\/p>\n","protected":false},"author":1,"featured_media":0,"parent":0,"menu_order":0,"comment_status":"closed","ping_status":"closed","template":"","meta":{"footnotes":""},"yoast_head":"<!-- This site is optimized with the Yoast SEO plugin v21.9.1 - https:\/\/yoast.com\/wordpress\/plugins\/seo\/ -->\n<title>Quotex g\u00fcvenilir mi 2023 : Ger\u00e7ekten g\u00fcvenilir bir komisyoncu mu?<\/title>\n<meta name=\"robots\" content=\"index, follow, max-snippet:-1, max-image-preview:large, max-video-preview:-1\" \/>\n<link rel=\"canonical\" href=\"https:\/\/binary-option.co\/tr\/quotex-guvenilir-mi\/\" \/>\n<meta property=\"og:locale\" content=\"tr_TR\" \/>\n<meta property=\"og:type\" content=\"article\" \/>\n<meta property=\"og:title\" content=\"Quotex g\u00fcvenilir mi 2023 : Ger\u00e7ekten g\u00fcvenilir bir komisyoncu mu?\" \/>\n<meta property=\"og:description\" content=\"De\u011ferlendirme: %98&#8217;e varan \u00d6deme (Ba\u015far\u0131l\u0131 yat\u0131r\u0131m durumunda tutar hesaba yans\u0131t\u0131l\u0131r) \u00dccretsiz Depozitosuz Demo Hesab\u0131 D\u00fczenlenmi\u015f IFMRRC %50&#8217;ye varan bonus 10 dk.&nbsp;Depozito Genel risk uyar\u0131s\u0131: sermayeniz risk alt\u0131nda Bu yaz\u0131m\u0131zda, pop\u00fclaritesi artan ve piyasada yeni bir broker olan Quotex online i\u015flem platformunu detayl\u0131 olarak analiz edece\u011fiz.&nbsp;G\u00fcvenli ve g\u00fcvenilir bir komisyoncu mu?&nbsp;Bu ticaret platformunun ara\u00e7lar\u0131 ve \u00f6zellikleri [&hellip;]\" \/>\n<meta property=\"og:url\" content=\"https:\/\/binary-option.co\/tr\/quotex-guvenilir-mi\/\" \/>\n<meta property=\"og:site_name\" content=\"ikiliopsiyon.info\" \/>\n<meta property=\"article:modified_time\" content=\"2023-01-14T18:54:46+00:00\" \/>\n<meta property=\"og:image\" content=\"https:\/\/binary-option.co\/wp-content\/uploads\/2021\/05\/quotex-io.png\" \/>\n<meta name=\"twitter:card\" content=\"summary_large_image\" \/>\n<meta name=\"twitter:label1\" content=\"Tahmini okuma s\u00fcresi\" \/>\n\t<meta name=\"twitter:data1\" content=\"5 dakika\" \/>\n<script type=\"application\/ld+json\" class=\"yoast-schema-graph\">{\"@context\":\"https:\/\/schema.org\",\"@graph\":[{\"@type\":\"WebPage\",\"@id\":\"https:\/\/binary-option.co\/tr\/quotex-guvenilir-mi\/\",\"url\":\"https:\/\/binary-option.co\/tr\/quotex-guvenilir-mi\/\",\"name\":\"Quotex g\u00fcvenilir mi 2023 : Ger\u00e7ekten g\u00fcvenilir bir komisyoncu mu?\",\"isPartOf\":{\"@id\":\"https:\/\/binary-option.co\/tr\/#website\"},\"datePublished\":\"2022-04-18T16:48:27+00:00\",\"dateModified\":\"2023-01-14T18:54:46+00:00\",\"breadcrumb\":{\"@id\":\"https:\/\/binary-option.co\/tr\/quotex-guvenilir-mi\/#breadcrumb\"},\"inLanguage\":\"tr\",\"potentialAction\":[{\"@type\":\"ReadAction\",\"target\":[\"https:\/\/binary-option.co\/tr\/quotex-guvenilir-mi\/\"]}]},{\"@type\":\"BreadcrumbList\",\"@id\":\"https:\/\/binary-option.co\/tr\/quotex-guvenilir-mi\/#breadcrumb\",\"itemListElement\":[{\"@type\":\"ListItem\",\"position\":1,\"name\":\"Home\",\"item\":\"https:\/\/binary-option.co\/tr\/\"},{\"@type\":\"ListItem\",\"position\":2,\"name\":\"Quotex g\u00fcvenilir mi\"}]},{\"@type\":\"WebSite\",\"@id\":\"https:\/\/binary-option.co\/tr\/#website\",\"url\":\"https:\/\/binary-option.co\/tr\/\",\"name\":\"ikiliopsiyon.info\",\"description\":\"T\u00fcrk\u00e7e \u0130kili Opsiyon Rehberi\",\"publisher\":{\"@id\":\"https:\/\/binary-option.co\/tr\/#organization\"},\"potentialAction\":[{\"@type\":\"SearchAction\",\"target\":{\"@type\":\"EntryPoint\",\"urlTemplate\":\"https:\/\/binary-option.co\/tr\/?s={search_term_string}\"},\"query-input\":\"required name=search_term_string\"}],\"inLanguage\":\"tr\"},{\"@type\":\"Organization\",\"@id\":\"https:\/\/binary-option.co\/tr\/#organization\",\"name\":\"ikiliopsiyon.info\",\"url\":\"https:\/\/binary-option.co\/tr\/\",\"logo\":{\"@type\":\"ImageObject\",\"inLanguage\":\"tr\",\"@id\":\"https:\/\/binary-option.co\/tr\/#\/schema\/logo\/image\/\",\"url\":\"https:\/\/binary-option.co\/tr\/wp-content\/uploads\/sites\/7\/2020\/09\/Ikiliopsiyon.info_.png\",\"contentUrl\":\"https:\/\/binary-option.co\/tr\/wp-content\/uploads\/sites\/7\/2020\/09\/Ikiliopsiyon.info_.png\",\"width\":412,\"height\":56,\"caption\":\"ikiliopsiyon.info\"},\"image\":{\"@id\":\"https:\/\/binary-option.co\/tr\/#\/schema\/logo\/image\/\"}}]}<\/script>\n<!-- \/ Yoast SEO plugin. -->","yoast_head_json":{"title":"Quotex g\u00fcvenilir mi 2023 : Ger\u00e7ekten g\u00fcvenilir bir komisyoncu mu?","robots":{"index":"index","follow":"follow","max-snippet":"max-snippet:-1","max-image-preview":"max-image-preview:large","max-video-preview":"max-video-preview:-1"},"canonical":"https:\/\/binary-option.co\/tr\/quotex-guvenilir-mi\/","og_locale":"tr_TR","og_type":"article","og_title":"Quotex g\u00fcvenilir mi 2023 : Ger\u00e7ekten g\u00fcvenilir bir komisyoncu mu?","og_description":"De\u011ferlendirme: %98&#8217;e varan \u00d6deme (Ba\u015far\u0131l\u0131 yat\u0131r\u0131m durumunda tutar hesaba yans\u0131t\u0131l\u0131r) \u00dccretsiz Depozitosuz Demo Hesab\u0131 D\u00fczenlenmi\u015f IFMRRC %50&#8217;ye varan bonus 10 dk.&nbsp;Depozito Genel risk uyar\u0131s\u0131: sermayeniz risk alt\u0131nda Bu yaz\u0131m\u0131zda, pop\u00fclaritesi artan ve piyasada yeni bir broker olan Quotex online i\u015flem platformunu detayl\u0131 olarak analiz edece\u011fiz.&nbsp;G\u00fcvenli ve g\u00fcvenilir bir komisyoncu mu?&nbsp;Bu ticaret platformunun ara\u00e7lar\u0131 ve \u00f6zellikleri [&hellip;]","og_url":"https:\/\/binary-option.co\/tr\/quotex-guvenilir-mi\/","og_site_name":"ikiliopsiyon.info","article_modified_time":"2023-01-14T18:54:46+00:00","og_image":[{"url":"https:\/\/binary-option.co\/wp-content\/uploads\/2021\/05\/quotex-io.png"}],"twitter_card":"summary_large_image","twitter_misc":{"Tahmini okuma s\u00fcresi":"5 dakika"},"schema":{"@context":"https:\/\/schema.org","@graph":[{"@type":"WebPage","@id":"https:\/\/binary-option.co\/tr\/quotex-guvenilir-mi\/","url":"https:\/\/binary-option.co\/tr\/quotex-guvenilir-mi\/","name":"Quotex g\u00fcvenilir mi 2023 : Ger\u00e7ekten g\u00fcvenilir bir komisyoncu mu?","isPartOf":{"@id":"https:\/\/binary-option.co\/tr\/#website"},"datePublished":"2022-04-18T16:48:27+00:00","dateModified":"2023-01-14T18:54:46+00:00","breadcrumb":{"@id":"https:\/\/binary-option.co\/tr\/quotex-guvenilir-mi\/#breadcrumb"},"inLanguage":"tr","potentialAction":[{"@type":"ReadAction","target":["https:\/\/binary-option.co\/tr\/quotex-guvenilir-mi\/"]}]},{"@type":"BreadcrumbList","@id":"https:\/\/binary-option.co\/tr\/quotex-guvenilir-mi\/#breadcrumb","itemListElement":[{"@type":"ListItem","position":1,"name":"Home","item":"https:\/\/binary-option.co\/tr\/"},{"@type":"ListItem","position":2,"name":"Quotex g\u00fcvenilir mi"}]},{"@type":"WebSite","@id":"https:\/\/binary-option.co\/tr\/#website","url":"https:\/\/binary-option.co\/tr\/","name":"ikiliopsiyon.info","description":"T\u00fcrk\u00e7e \u0130kili Opsiyon Rehberi","publisher":{"@id":"https:\/\/binary-option.co\/tr\/#organization"},"potentialAction":[{"@type":"SearchAction","target":{"@type":"EntryPoint","urlTemplate":"https:\/\/binary-option.co\/tr\/?s={search_term_string}"},"query-input":"required name=search_term_string"}],"inLanguage":"tr"},{"@type":"Organization","@id":"https:\/\/binary-option.co\/tr\/#organization","name":"ikiliopsiyon.info","url":"https:\/\/binary-option.co\/tr\/","logo":{"@type":"ImageObject","inLanguage":"tr","@id":"https:\/\/binary-option.co\/tr\/#\/schema\/logo\/image\/","url":"https:\/\/binary-option.co\/tr\/wp-content\/uploads\/sites\/7\/2020\/09\/Ikiliopsiyon.info_.png","contentUrl":"https:\/\/binary-option.co\/tr\/wp-content\/uploads\/sites\/7\/2020\/09\/Ikiliopsiyon.info_.png","width":412,"height":56,"caption":"ikiliopsiyon.info"},"image":{"@id":"https:\/\/binary-option.co\/tr\/#\/schema\/logo\/image\/"}}]}},"_links":{"self":[{"href":"https:\/\/binary-option.co\/tr\/wp-json\/wp\/v2\/pages\/167"}],"collection":[{"href":"https:\/\/binary-option.co\/tr\/wp-json\/wp\/v2\/pages"}],"about":[{"href":"https:\/\/binary-option.co\/tr\/wp-json\/wp\/v2\/types\/page"}],"author":[{"embeddable":true,"href":"https:\/\/binary-option.co\/tr\/wp-json\/wp\/v2\/users\/1"}],"replies":[{"embeddable":true,"href":"https:\/\/binary-option.co\/tr\/wp-json\/wp\/v2\/comments?post=167"}],"version-history":[{"count":2,"href":"https:\/\/binary-option.co\/tr\/wp-json\/wp\/v2\/pages\/167\/revisions"}],"predecessor-version":[{"id":203,"href":"https:\/\/binary-option.co\/tr\/wp-json\/wp\/v2\/pages\/167\/revisions\/203"}],"wp:attachment":[{"href":"https:\/\/binary-option.co\/tr\/wp-json\/wp\/v2\/media?parent=167"}],"curies":[{"name":"wp","href":"https:\/\/api.w.org\/{rel}","templated":true}]}}