{"id":12,"date":"2020-09-21T16:03:43","date_gmt":"2020-09-21T16:03:43","guid":{"rendered":"http:\/\/ikiliopsiyon.info\/?page_id=12"},"modified":"2021-11-17T15:53:24","modified_gmt":"2021-11-17T15:53:24","slug":"ikili-opsiyon-sinyalleri","status":"publish","type":"page","link":"https:\/\/binary-option.co\/tr\/ikili-opsiyon-sinyalleri\/","title":{"rendered":"\u0130kili opsiyon sinyalleri"},"content":{"rendered":"\n<p>Sinyal sa\u011flay\u0131c\u0131larla birlikte \u00e7al\u0131\u015farak ikili opsiyon ticaretinin faydalar\u0131ndan yararlanabilece\u011finiz zor yolu se\u00e7menin hi\u00e7bir anlam\u0131 yoktur. Uzmanlar, trendleri ortaya \u00e7\u0131kar \u00e7\u0131kmaz yakalamak i\u00e7in pazar\u0131 izleyecek ve ard\u0131ndan size zaman\u0131nda ve do\u011fru bir sinyal sunacak. Hangi ikili opsiyon sinyal sa\u011flay\u0131c\u0131lar\u0131n\u0131n en iyisi oldu\u011funu bilmek, yat\u0131r\u0131mc\u0131lar\u0131n aramay\u0131 daraltmas\u0131na ve bilin\u00e7li bir karar vermesine yard\u0131mc\u0131 olacakt\u0131r.<br>50&#8217;den fazla \u0130kili opsiyon sinyal sa\u011flay\u0131c\u0131s\u0131n\u0131 test ettik, se\u00e7ilen ilk 5 ikili opsiyon sinyal sa\u011flay\u0131c\u0131s\u0131 aras\u0131nda bir kar\u015f\u0131la\u015ft\u0131rma sunmaktan mutluluk duyuyoruz. Kar\u015f\u0131la\u015ft\u0131rmam\u0131z \u00e7ok kapsaml\u0131 ve kapsaml\u0131d\u0131r, bu nedenle ger\u00e7ekten profesyonel bir Signal sa\u011flay\u0131c\u0131s\u0131 se\u00e7ebileceksiniz.<\/p>\n\n\n\n<p>\u0130kili Opsiyon ticareti, hisse senetleri, emtialar, endeksler ve d\u00f6viz \u00e7iftlerinde ticarete en son giren ki\u015fidir. \u0130kili Opsiyon Sinyalleri, ayn\u0131 \u015feyin belirli \u00f6\u011feleri i\u00e7in profesyonel analistler taraf\u0131ndan verilen ticaret uyar\u0131lar\u0131d\u0131r.<\/p>\n\n\n\n<h2 class=\"has-text-align-center wp-block-heading\">En \u0130yi \u0130kili Opsiyon Sinyalleri sa\u011flay\u0131c\u0131lar\u0131<\/h2>\n\n\n\n<table id=\"tablepress-7\" class=\"tablepress tablepress-id-7 tablepress-responsive tablepress-responsive-stack-phone\">\n<thead>\n<tr class=\"row-1\">\n\t<th class=\"column-1\">Sinyalleri olan komisyoncular<\/th><th class=\"column-2\">\u00f6deme<\/th><th class=\"column-3\">Min. Depozito<\/th><th class=\"column-4\">\u00dccretsiz demo<\/th><th class=\"column-5\">Bonus<\/th><th class=\"column-6\">\u0130nternet sitesi<\/th>\n<\/tr>\n<\/thead>\n<tbody>\n<tr class=\"row-2\">\n\t<td class=\"column-1\"><a href=\"https:\/\/binary-option.co\/go\/quotex.io\"><img decoding=\"async\" src=\"https:\/\/binary-option.co\/wp-content\/uploads\/2021\/05\/Quotex.io-.png\" alt=\"\" width=\"160\" height=\"40\" class=\"alignnone size-full wp-image-468\" \/><\/a><\/td><td class=\"column-2\">98% \u00f6deme<\/td><td class=\"column-3\">10$ Min. Depozito<\/td><td class=\"column-4\">\u00dccretsiz demo mevcut<\/td><td class=\"column-5\">30% bonus<\/td><td class=\"column-6\"><style type='text\/css'>.maxbutton-1.maxbutton.maxbutton-table{position:relative;text-decoration:none;display:inline-block;vertical-align:middle;width:70px;height:33px;border:2px solid #5eb740;border-radius:4px 4px 4px 4px;background-color:#5eb740;box-shadow:0px 0px 2px 1px #333333}.maxbutton-1.maxbutton.maxbutton-table:hover{border-color:#5fc143;background-color:#5fc143;box-shadow:0px 0px 2px 1px #333333}.maxbutton-1.maxbutton.maxbutton-table .mb-text{color:#ffffff;font-family:Arial;font-size:15px;text-align:center;font-style:normal;font-weight:normal;line-height:1em;box-sizing:border-box;display:block;background-color:unset;padding:7px 0px 0px 0px}.maxbutton-1.maxbutton.maxbutton-table:hover .mb-text{color:#ffffff}<\/style><a class=\"maxbutton-1 maxbutton maxbutton-table\" rel=\"nofollow noopener\" href=\"https:\/\/binary-option.co\/go\/quotex.io\"><span class='mb-text'>\u00bb G\u00f6rmek<\/span><\/a><\/td>\n<\/tr>\n<tr class=\"row-3\">\n\t<td class=\"column-1\"><a href=\"https:\/\/binary-option.co\/go\/spectre.ai\"><img decoding=\"async\" src=\"https:\/\/binary-option.co\/wp-content\/uploads\/2021\/05\/spectre.ai-.png\" alt=\"\" width=\"160\" height=\"40\" class=\"alignnone size-full wp-image-465\" \/><\/a><\/td><td class=\"column-2\">100% \u00f6deme<\/td><td class=\"column-3\">10$ Min. Depozito<\/td><td class=\"column-4\">\u00dccretsiz demo mevcut<\/td><td class=\"column-5\">bonus yok<\/td><td class=\"column-6\"><a class=\"maxbutton-1 maxbutton maxbutton-table\" rel=\"nofollow noopener\" href=\"https:\/\/binary-option.co\/go\/spectre.ai\"><span class='mb-text'>\u00bb G\u00f6rmek<\/span><\/a><\/td>\n<\/tr>\n<\/tbody>\n<\/table>\n<!-- #tablepress-7 from cache -->\n\n\n\n<p><strong>\u0130kili Opsiyon ticareti<\/strong>, hisse senetleri, emtialar, endeksler ve d\u00f6viz \u00e7iftleri ticaretine en son giren ki\u015fidir. <strong>\u0130kili Opsiyon Sinyalleri<\/strong>, profesyonel analistler taraf\u0131ndan ayn\u0131 belirli kalemler i\u00e7in verilen ticaret uyar\u0131lar\u0131d\u0131r.<\/p>\n\n\n\n<p>Ayr\u0131ca ticaret sinyalleri sa\u011flayan baz\u0131 ticaret robotlar\u0131n\u0131 da kullanabilirsiniz. sinyalli en iyi ticaret robotlar\u0131n\u0131n listesi<\/p>\n\n\n\n<h2 class=\"has-text-align-center wp-block-heading\">Ticaret sinyalleri ile en iyi ticaret robotu ve otomatik ticaret yaz\u0131l\u0131m\u0131<\/h2>\n\n\n\n<table id=\"tablepress-5\" class=\"tablepress tablepress-id-5 tablepress-responsive tablepress-responsive-stack-phone\">\n<thead>\n<tr class=\"row-1\">\n\t<th class=\"column-1\">Robot<\/th><th class=\"column-2\">bilgiler<\/th><th class=\"column-3\">\u0130nternet sitesi<\/th>\n<\/tr>\n<\/thead>\n<tbody>\n<tr class=\"row-2\">\n\t<td class=\"column-1\"><a href=\"http:\/\/binary-option.co\/go\/binbotpro.com\"><img decoding=\"async\" src=\"http:\/\/binary-option.co\/wp-content\/uploads\/2020\/08\/binbotpro-logo.png\" alt=\"\" width=\"175\" height=\"70\" class=\"alignnone size-full wp-image-240\" \/><\/a><\/td><td class=\"column-2\">20'ye kadar ikili opsiyon ticaret robotu mevcuttur ve bunlar\u0131 ge\u00e7mi\u015f performansla kar\u015f\u0131la\u015ft\u0131rabilirsiniz. Otomatik ticaret \u00f6zelli\u011fini etkinle\u015ftirmek i\u00e7in sadece 3 kolay ad\u0131m.<\/td><td class=\"column-3\"><a class=\"maxbutton-1 maxbutton maxbutton-table\" rel=\"nofollow noopener\" href=\"http:\/\/binary-option.co\/go\/binbotpro.com\"><span class='mb-text'>\u00bb G\u00f6rmek<\/span><\/a><\/td>\n<\/tr>\n<tr class=\"row-3\">\n\t<td class=\"column-1\"><a href=\"https:\/\/binary-option.co\/go\/binary.com\"><img loading=\"lazy\" decoding=\"async\" src=\"https:\/\/binary-option.co\/wp-content\/uploads\/2020\/08\/Binary.com_.png\" alt=\"\" width=\"175\" height=\"70\" class=\"alignnone size-full wp-image-240\" \/><\/a><\/td><td class=\"column-2\">Binary Bot ile kendi ticaret robotunuzu yarat\u0131n. Bu broker, kendi ticaret robotunuzu programlamak ve ticaret stratejilerinizi otomatikle\u015ftirmek i\u00e7in sezgisel bir aray\u00fcz sunar.<\/td><td class=\"column-3\"><a class=\"maxbutton-1 maxbutton maxbutton-table\" rel=\"nofollow noopener\" href=\"https:\/\/binary-option.co\/go\/binary.com\"><span class='mb-text'>\u00bb G\u00f6rmek<\/span><\/a><\/td>\n<\/tr>\n<tr class=\"row-4\">\n\t<td class=\"column-1\"><a href=\"https:\/\/binary-option.co\/go\/bitcointrader.com\"><img loading=\"lazy\" decoding=\"async\" src=\"https:\/\/binary-option.co\/wp-content\/uploads\/2021\/05\/bitcoin-trader-logo.png\" alt=\"\" width=\"200\" height=\"80\" class=\"alignnone size-full wp-image-567\" \/><\/a><\/td><td class=\"column-2\">Piyasadaki en iyi Bitcoin ve kripto para al\u0131m sat\u0131m robotu. Yeni ba\u015flayanlar ve uzman t\u00fcccarlar i\u00e7in m\u00fckemmel bir kripto ticaret robotudur.<\/td><td class=\"column-3\"><a class=\"maxbutton-1 maxbutton maxbutton-table\" rel=\"nofollow noopener\" href=\"https:\/\/binary-option.co\/go\/bitcointrader.com\"><span class='mb-text'>\u00bb G\u00f6rmek<\/span><\/a><\/td>\n<\/tr>\n<\/tbody>\n<\/table>\n<!-- #tablepress-5 from cache -->\n\n\n\n<h2 class=\"wp-block-heading\">\u0130kili Opsiyon Sinyalleri nedir?<\/h2>\n\n\n\n<p>\u0130kili opsiyon sinyali, para birimi, emtia, hisse senedi veya g\u00f6stergeler piyasalar\u0131 veya Bitcoin ve kripto para birimi i\u00e7in bir ticaret uyar\u0131s\u0131d\u0131r. Bu hizmetin fiyat\u0131, hizmeti sa\u011flayan ki\u015fiye veya \u015firkete ba\u011fl\u0131 olarak \u00fccretsiz, ayl\u0131k ortalama 299 $ ve \u00fczeri olabilir. Daha ucuz ayl\u0131k abonelik \u00fccretleri i\u00e7in uzun vadeli eri\u015fim sunan baz\u0131 paketler de vard\u0131r. Bu durumda taban 100 dolar civar\u0131nda ve ayda birka\u00e7 y\u00fcz dolara ula\u015f\u0131yor.<\/p>\n\n\n\n<p>Bir ikili opsiyon ticaret sinyalleri sa\u011flay\u0131c\u0131s\u0131na kaydoldu\u011funuzda ald\u0131\u011f\u0131n\u0131z hizmetler firmadan firmaya farkl\u0131l\u0131k g\u00f6sterir. Performans izleyiciler, sms, e-posta ve \u00e7evrimi\u00e7i uyar\u0131lardan e-posta veya telefon yoluyla m\u00fc\u015fteri deste\u011fine ve daha karma\u015f\u0131k tekliflerin baz\u0131lar\u0131nda geli\u015fmi\u015f analizlere kadar her \u015feyi almay\u0131 bekleyebilirsiniz. \u0130kili opsiyon sinyal sa\u011flay\u0131c\u0131lar\u0131 stratejilerini korumalar\u0131 gerekti\u011finden, onlarla ticaret yapmak \u015firkete veya verilen sinyallerin arkas\u0131ndaki ki\u015fiye bir dereceye kadar k\u00f6r bir g\u00fcven gerektirir.<\/p>\n\n\n\n<h2 class=\"wp-block-heading\">\u0130kili Opsiyon Sinyal Hizmetlerinin Kullan\u0131m\u0131<\/h2>\n\n\n\n<p>Yeni t\u00fcccarlar\u0131n karar vermek i\u00e7in zamanlar\u0131n\u0131n b\u00fcy\u00fck bir k\u0131sm\u0131n\u0131 ara\u015ft\u0131rma analizine harcamalar\u0131 gerekmiyor. \u00c7ok basit ve anla\u015f\u0131lmas\u0131 kolay olan ikili opsiyon sinyal hizmetlerinden yararlanabilirler. Bu sinyal hizmetlerinin \u00f6z\u00fc, oyundaki uzman t\u00fcccar\u0131n izlenmesidir. Yeni t\u00fcccar, ticaretin t\u00fcm\u00fcnden ge\u00e7en bir profesyoneli izleyerek ticaretin n\u00fcanslar\u0131n\u0131 kolayca \u00f6\u011frenebilir.<\/p>\n\n\n\n<p>Ekranda olan her \u015fey kristal netli\u011finde ve yeni kat\u0131l\u0131mc\u0131n\u0131n almas\u0131 ve takip etmesi kolay. Fiili i\u015flemler ger\u00e7ekle\u015ftirilir ve t\u00fcccar bu durumlarda uzman taraf\u0131ndan al\u0131nan \u00f6nlemlerin nedenlerini anlayabilir.<br>Bununla birlikte, t\u00fcm ikili opsiyon ticareti% 100 ba\u015far\u0131l\u0131 de\u011fildir; ancak yetenekli bir t\u00fcccar kolayca% 85 civar\u0131nda bir ba\u015far\u0131 oran\u0131 elde edebilir. Bu, profesyonelin yanl\u0131\u015f gidebilece\u011fi durumlar olabilece\u011fi anlam\u0131na gelir; ancak bunlar \u00f6\u011frenme deneyimleri olu\u015fturur. Ba\u015far\u0131s\u0131zl\u0131klara odaklanmak yerine elde edilen kazan\u0131mlara odaklanmak esast\u0131r.<br>Uzman\u0131n ticaret eylemleri, t\u00fcccar\u0131n bilgisayar\u0131nda veya ak\u0131ll\u0131 telefonunda g\u00f6r\u00fclebilir. Teklifin verildi\u011fi varl\u0131k ve se\u00e7im nedeni gibi ticaretle ilgili ayr\u0131nt\u0131lar \u00f6nceden verilir. Bu, acemiye kendi ba\u015f\u0131na ticaret yaparken ona yard\u0131m ederek ticaret bilgileri hakk\u0131nda bilgi verir.<br>Bu hizmetin en b\u00fcy\u00fck avantajlar\u0131ndan biri, t\u00fcccar\u0131n yaln\u0131zca ba\u015far\u0131ya ula\u015faca\u011f\u0131ndan emin olan profesyonelin eylemlerini kopyalayabilmesidir; b\u00f6ylece faydalar\u0131ndan yararlan\u0131yor.<\/p>\n\n\n\n<h2 class=\"wp-block-heading\"><br>D\u00fc\u015f\u00fcn\u00fclmesi gereken \u015feyler<\/h2>\n\n\n\n<p>Sinyal servis sa\u011flay\u0131c\u0131s\u0131n\u0131 se\u00e7erken d\u00f6rt nokta ak\u0131lda tutulmal\u0131d\u0131r. Onlar:<br>\u2022 Fiyatland\u0131rma<br>\u2022 Sa\u011flay\u0131c\u0131n\u0131n g\u00fcvenilirli\u011fi<br>\u2022 Ba\u015far\u0131 oran\u0131<br>\u2022 Abonelik d\u00f6nemi<br>Fiyatland\u0131rma, ortalama bir hizmet i\u00e7in servislerde 100 $ aras\u0131nda de\u011fi\u015fmektedir. Bununla birlikte, fiili ticarete ba\u015flamadan \u00f6nce bir demo ortam\u0131nda ger\u00e7ekle\u015ftirilen bir &#8216;test&#8217; ticaretine gitmeniz tavsiye edilir.<\/p>\n\n\n\n<p><strong>Ak\u0131ll\u0131 olun, herhangi bir sinyal hizmeti ile herhangi bir canl\u0131 i\u015flem yapmadan \u00f6nce bir demo hesab\u0131 kullan\u0131n<\/strong><\/p>\n\n\n\n<p>\u0130kili opsiyon ticaret sinyallerine abone olmak, bir sistem veya t\u00fcccar\u0131n al\u0131m sat\u0131mlar\u0131n\u0131 iyi bir ge\u00e7mi\u015fe sahip olarak yans\u0131tarak al\u0131m sat\u0131m\u0131n\u0131z\u0131 \u00e7e\u015fitlendirmenin harika bir yoludur. Bir ikili opsiyon ticareti sinyal hizmeti se\u00e7erken, sonu\u00e7lar\u0131 manip\u00fcle etmeyen ve yanl\u0131\u015f beyanda bulunmayan g\u00fcvenilir bir sa\u011flay\u0131c\u0131 bulmak \u00e7ok \u00f6nemlidir. Genellikle sonu\u00e7lar\u0131n ger\u00e7ek olamayacak kadar iyi g\u00f6r\u00fcnd\u00fc\u011f\u00fcnde durumun b\u00f6yle oldu\u011funu g\u00f6rebilirsiniz.<\/p>\n\n\n\n<p>Web&#8217;deki bir\u00e7ok se\u00e7ene\u011fin g\u00fcvenilirli\u011fi, kazan\u00e7l\u0131 d\u00f6viz piyasas\u0131yla ilgili her \u015feyde oldu\u011fu gibi, b\u00fcy\u00fck \u00f6l\u00e7\u00fcde farkl\u0131l\u0131k g\u00f6sterir. \u00c7evrimi\u00e7i ticaret d\u00fcnyas\u0131nda her yerde bulunmalar\u0131na ra\u011fmen, y\u00fczde 85-100 ba\u015far\u0131 oranlar\u0131 hakk\u0131ndaki iddialara bir tutam tuzla yakla\u015fmak belki de iyi bir fikirdir. Ancak m\u00fc\u015fterilere ger\u00e7ekten de\u011ferli bilgiler ve uyar\u0131lar sa\u011flayan baz\u0131 firmalar var.<\/p>\n\n\n\n<p>Al\u0131nan ikili opsiyon sinyallerinden ba\u015far\u0131yla yararlanma yetene\u011finizin b\u00fcy\u00fck \u00f6l\u00e7\u00fcde komisyoncunuzun hizmetinin verimlili\u011fine ba\u011fl\u0131 oldu\u011funu unutmay\u0131n. \u00d6zellikle haber tabanl\u0131 ticarette, spreadlerin meydana geldi\u011fi y\u00fcksek hacimli zamanlarla ilgili herhangi bir sorunun minimum d\u00fczeyde olaca\u011f\u0131ndan emin olurken h\u0131zl\u0131 hareket etmelisiniz.<\/p>\n\n\n\n<h2 class=\"wp-block-heading\">Son S\u00f6z<\/h2>\n\n\n\n<p>\u0130kili opsiyon sinyallerini kullan\u0131p kullanmayaca\u011f\u0131n\u0131z \u00e7o\u011funlukla karakterinize ve ticaretteki plan\u0131n\u0131za ba\u011fl\u0131 olacakt\u0131r. Piyasay\u0131 analiz etmek ve incelemek i\u00e7in \u00e7ok az zaman\u0131 olan olduk\u00e7a aktif bir ki\u015fiyseniz, ikili opsiyon sinyalleri manuel ticarete bir alternatif olu\u015fturur. Bununla birlikte, ticaretin mekaniklerini \u00f6\u011frenmek istiyorsan\u0131z, ikili opsiyon sinyal uyar\u0131lar\u0131na abone olmaktan m\u00fctevaz\u0131 bir fayda elde edeceksiniz.<\/p>\n\n\n\n<h2 class=\"wp-block-heading\">\u00d6zetlemek<\/h2>\n\n\n\n<p>Acemi t\u00fcccar, deneyimli profesyonellerden al\u0131nan uyar\u0131lar sayesinde bu sinyal hizmetlerinden b\u00fcy\u00fck \u00f6l\u00e7\u00fcde yararlan\u0131r. Tecr\u00fcbeli t\u00fcccarlar da kararlar\u0131n\u0131 peki\u015ftiriyor ve \u015fimdiye kadar fark etmedikleri hisse senetleri konusunda onlar\u0131 daha tetikte tutuyor. Bu nedenle, ikili opsiyon sinyallerinin servisi kesinlikle denemeye de\u011fer.<\/p>\n","protected":false},"excerpt":{"rendered":"<p>Sinyal sa\u011flay\u0131c\u0131larla birlikte \u00e7al\u0131\u015farak ikili opsiyon ticaretinin faydalar\u0131ndan yararlanabilece\u011finiz zor yolu se\u00e7menin hi\u00e7bir anlam\u0131 yoktur. Uzmanlar, trendleri ortaya \u00e7\u0131kar \u00e7\u0131kmaz yakalamak i\u00e7in pazar\u0131 izleyecek ve ard\u0131ndan size zaman\u0131nda ve do\u011fru bir sinyal sunacak. Hangi ikili opsiyon sinyal sa\u011flay\u0131c\u0131lar\u0131n\u0131n en iyisi oldu\u011funu bilmek, yat\u0131r\u0131mc\u0131lar\u0131n aramay\u0131 daraltmas\u0131na ve bilin\u00e7li bir karar vermesine yard\u0131mc\u0131 olacakt\u0131r.50&#8217;den fazla \u0130kili opsiyon [&hellip;]<\/p>\n","protected":false},"author":1,"featured_media":0,"parent":0,"menu_order":0,"comment_status":"closed","ping_status":"closed","template":"","meta":{"footnotes":""},"yoast_head":"<!-- This site is optimized with the Yoast SEO plugin v21.9.1 - https:\/\/yoast.com\/wordpress\/plugins\/seo\/ -->\n<title>\u0130kili opsiyon sinyalleri - ikiliopsiyon.info<\/title>\n<meta name=\"robots\" content=\"index, follow, max-snippet:-1, max-image-preview:large, max-video-preview:-1\" \/>\n<link rel=\"canonical\" href=\"https:\/\/binary-option.co\/tr\/ikili-opsiyon-sinyalleri\/\" \/>\n<meta property=\"og:locale\" content=\"tr_TR\" \/>\n<meta property=\"og:type\" content=\"article\" \/>\n<meta property=\"og:title\" content=\"\u0130kili opsiyon sinyalleri - ikiliopsiyon.info\" \/>\n<meta property=\"og:description\" content=\"Sinyal sa\u011flay\u0131c\u0131larla birlikte \u00e7al\u0131\u015farak ikili opsiyon ticaretinin faydalar\u0131ndan yararlanabilece\u011finiz zor yolu se\u00e7menin hi\u00e7bir anlam\u0131 yoktur. Uzmanlar, trendleri ortaya \u00e7\u0131kar \u00e7\u0131kmaz yakalamak i\u00e7in pazar\u0131 izleyecek ve ard\u0131ndan size zaman\u0131nda ve do\u011fru bir sinyal sunacak. Hangi ikili opsiyon sinyal sa\u011flay\u0131c\u0131lar\u0131n\u0131n en iyisi oldu\u011funu bilmek, yat\u0131r\u0131mc\u0131lar\u0131n aramay\u0131 daraltmas\u0131na ve bilin\u00e7li bir karar vermesine yard\u0131mc\u0131 olacakt\u0131r.50&#8217;den fazla \u0130kili opsiyon [&hellip;]\" \/>\n<meta property=\"og:url\" content=\"https:\/\/binary-option.co\/tr\/ikili-opsiyon-sinyalleri\/\" \/>\n<meta property=\"og:site_name\" content=\"ikiliopsiyon.info\" \/>\n<meta property=\"article:modified_time\" content=\"2021-11-17T15:53:24+00:00\" \/>\n<meta name=\"twitter:card\" content=\"summary_large_image\" \/>\n<meta name=\"twitter:label1\" content=\"Tahmini okuma s\u00fcresi\" \/>\n\t<meta name=\"twitter:data1\" content=\"4 dakika\" \/>\n<script type=\"application\/ld+json\" class=\"yoast-schema-graph\">{\"@context\":\"https:\/\/schema.org\",\"@graph\":[{\"@type\":\"WebPage\",\"@id\":\"https:\/\/binary-option.co\/tr\/ikili-opsiyon-sinyalleri\/\",\"url\":\"https:\/\/binary-option.co\/tr\/ikili-opsiyon-sinyalleri\/\",\"name\":\"\u0130kili opsiyon sinyalleri - ikiliopsiyon.info\",\"isPartOf\":{\"@id\":\"https:\/\/binary-option.co\/tr\/#website\"},\"datePublished\":\"2020-09-21T16:03:43+00:00\",\"dateModified\":\"2021-11-17T15:53:24+00:00\",\"breadcrumb\":{\"@id\":\"https:\/\/binary-option.co\/tr\/ikili-opsiyon-sinyalleri\/#breadcrumb\"},\"inLanguage\":\"tr\",\"potentialAction\":[{\"@type\":\"ReadAction\",\"target\":[\"https:\/\/binary-option.co\/tr\/ikili-opsiyon-sinyalleri\/\"]}]},{\"@type\":\"BreadcrumbList\",\"@id\":\"https:\/\/binary-option.co\/tr\/ikili-opsiyon-sinyalleri\/#breadcrumb\",\"itemListElement\":[{\"@type\":\"ListItem\",\"position\":1,\"name\":\"Home\",\"item\":\"https:\/\/binary-option.co\/tr\/\"},{\"@type\":\"ListItem\",\"position\":2,\"name\":\"\u0130kili opsiyon sinyalleri\"}]},{\"@type\":\"WebSite\",\"@id\":\"https:\/\/binary-option.co\/tr\/#website\",\"url\":\"https:\/\/binary-option.co\/tr\/\",\"name\":\"ikiliopsiyon.info\",\"description\":\"T\u00fcrk\u00e7e \u0130kili Opsiyon Rehberi\",\"publisher\":{\"@id\":\"https:\/\/binary-option.co\/tr\/#organization\"},\"potentialAction\":[{\"@type\":\"SearchAction\",\"target\":{\"@type\":\"EntryPoint\",\"urlTemplate\":\"https:\/\/binary-option.co\/tr\/?s={search_term_string}\"},\"query-input\":\"required name=search_term_string\"}],\"inLanguage\":\"tr\"},{\"@type\":\"Organization\",\"@id\":\"https:\/\/binary-option.co\/tr\/#organization\",\"name\":\"ikiliopsiyon.info\",\"url\":\"https:\/\/binary-option.co\/tr\/\",\"logo\":{\"@type\":\"ImageObject\",\"inLanguage\":\"tr\",\"@id\":\"https:\/\/binary-option.co\/tr\/#\/schema\/logo\/image\/\",\"url\":\"https:\/\/binary-option.co\/tr\/wp-content\/uploads\/sites\/7\/2020\/09\/Ikiliopsiyon.info_.png\",\"contentUrl\":\"https:\/\/binary-option.co\/tr\/wp-content\/uploads\/sites\/7\/2020\/09\/Ikiliopsiyon.info_.png\",\"width\":412,\"height\":56,\"caption\":\"ikiliopsiyon.info\"},\"image\":{\"@id\":\"https:\/\/binary-option.co\/tr\/#\/schema\/logo\/image\/\"}}]}<\/script>\n<!-- \/ Yoast SEO plugin. -->","yoast_head_json":{"title":"\u0130kili opsiyon sinyalleri - ikiliopsiyon.info","robots":{"index":"index","follow":"follow","max-snippet":"max-snippet:-1","max-image-preview":"max-image-preview:large","max-video-preview":"max-video-preview:-1"},"canonical":"https:\/\/binary-option.co\/tr\/ikili-opsiyon-sinyalleri\/","og_locale":"tr_TR","og_type":"article","og_title":"\u0130kili opsiyon sinyalleri - ikiliopsiyon.info","og_description":"Sinyal sa\u011flay\u0131c\u0131larla birlikte \u00e7al\u0131\u015farak ikili opsiyon ticaretinin faydalar\u0131ndan yararlanabilece\u011finiz zor yolu se\u00e7menin hi\u00e7bir anlam\u0131 yoktur. Uzmanlar, trendleri ortaya \u00e7\u0131kar \u00e7\u0131kmaz yakalamak i\u00e7in pazar\u0131 izleyecek ve ard\u0131ndan size zaman\u0131nda ve do\u011fru bir sinyal sunacak. Hangi ikili opsiyon sinyal sa\u011flay\u0131c\u0131lar\u0131n\u0131n en iyisi oldu\u011funu bilmek, yat\u0131r\u0131mc\u0131lar\u0131n aramay\u0131 daraltmas\u0131na ve bilin\u00e7li bir karar vermesine yard\u0131mc\u0131 olacakt\u0131r.50&#8217;den fazla \u0130kili opsiyon [&hellip;]","og_url":"https:\/\/binary-option.co\/tr\/ikili-opsiyon-sinyalleri\/","og_site_name":"ikiliopsiyon.info","article_modified_time":"2021-11-17T15:53:24+00:00","twitter_card":"summary_large_image","twitter_misc":{"Tahmini okuma s\u00fcresi":"4 dakika"},"schema":{"@context":"https:\/\/schema.org","@graph":[{"@type":"WebPage","@id":"https:\/\/binary-option.co\/tr\/ikili-opsiyon-sinyalleri\/","url":"https:\/\/binary-option.co\/tr\/ikili-opsiyon-sinyalleri\/","name":"\u0130kili opsiyon sinyalleri - ikiliopsiyon.info","isPartOf":{"@id":"https:\/\/binary-option.co\/tr\/#website"},"datePublished":"2020-09-21T16:03:43+00:00","dateModified":"2021-11-17T15:53:24+00:00","breadcrumb":{"@id":"https:\/\/binary-option.co\/tr\/ikili-opsiyon-sinyalleri\/#breadcrumb"},"inLanguage":"tr","potentialAction":[{"@type":"ReadAction","target":["https:\/\/binary-option.co\/tr\/ikili-opsiyon-sinyalleri\/"]}]},{"@type":"BreadcrumbList","@id":"https:\/\/binary-option.co\/tr\/ikili-opsiyon-sinyalleri\/#breadcrumb","itemListElement":[{"@type":"ListItem","position":1,"name":"Home","item":"https:\/\/binary-option.co\/tr\/"},{"@type":"ListItem","position":2,"name":"\u0130kili opsiyon sinyalleri"}]},{"@type":"WebSite","@id":"https:\/\/binary-option.co\/tr\/#website","url":"https:\/\/binary-option.co\/tr\/","name":"ikiliopsiyon.info","description":"T\u00fcrk\u00e7e \u0130kili Opsiyon Rehberi","publisher":{"@id":"https:\/\/binary-option.co\/tr\/#organization"},"potentialAction":[{"@type":"SearchAction","target":{"@type":"EntryPoint","urlTemplate":"https:\/\/binary-option.co\/tr\/?s={search_term_string}"},"query-input":"required name=search_term_string"}],"inLanguage":"tr"},{"@type":"Organization","@id":"https:\/\/binary-option.co\/tr\/#organization","name":"ikiliopsiyon.info","url":"https:\/\/binary-option.co\/tr\/","logo":{"@type":"ImageObject","inLanguage":"tr","@id":"https:\/\/binary-option.co\/tr\/#\/schema\/logo\/image\/","url":"https:\/\/binary-option.co\/tr\/wp-content\/uploads\/sites\/7\/2020\/09\/Ikiliopsiyon.info_.png","contentUrl":"https:\/\/binary-option.co\/tr\/wp-content\/uploads\/sites\/7\/2020\/09\/Ikiliopsiyon.info_.png","width":412,"height":56,"caption":"ikiliopsiyon.info"},"image":{"@id":"https:\/\/binary-option.co\/tr\/#\/schema\/logo\/image\/"}}]}},"_links":{"self":[{"href":"https:\/\/binary-option.co\/tr\/wp-json\/wp\/v2\/pages\/12"}],"collection":[{"href":"https:\/\/binary-option.co\/tr\/wp-json\/wp\/v2\/pages"}],"about":[{"href":"https:\/\/binary-option.co\/tr\/wp-json\/wp\/v2\/types\/page"}],"author":[{"embeddable":true,"href":"https:\/\/binary-option.co\/tr\/wp-json\/wp\/v2\/users\/1"}],"replies":[{"embeddable":true,"href":"https:\/\/binary-option.co\/tr\/wp-json\/wp\/v2\/comments?post=12"}],"version-history":[{"count":2,"href":"https:\/\/binary-option.co\/tr\/wp-json\/wp\/v2\/pages\/12\/revisions"}],"predecessor-version":[{"id":161,"href":"https:\/\/binary-option.co\/tr\/wp-json\/wp\/v2\/pages\/12\/revisions\/161"}],"wp:attachment":[{"href":"https:\/\/binary-option.co\/tr\/wp-json\/wp\/v2\/media?parent=12"}],"curies":[{"name":"wp","href":"https:\/\/api.w.org\/{rel}","templated":true}]}}