{"id":10,"date":"2020-09-21T15:58:36","date_gmt":"2020-09-21T15:58:36","guid":{"rendered":"http:\/\/ikiliopsiyon.info\/?page_id=10"},"modified":"2023-01-14T18:54:14","modified_gmt":"2023-01-14T18:54:14","slug":"ikili-opsiyon-robotu","status":"publish","type":"page","link":"https:\/\/binary-option.co\/tr\/ikili-opsiyon-robotu\/","title":{"rendered":"En iyi ikili opsiyon robotu ve Otomatik Ticaret yaz\u0131l\u0131m\u0131"},"content":{"rendered":"\n<p>Bu yaz\u0131da al\u0131m sat\u0131m robotlar\u0131n\u0131n nas\u0131l \u00e7al\u0131\u015ft\u0131\u011f\u0131n\u0131 a\u00e7\u0131klayaca\u011f\u0131z ve sizi 2023 y\u0131l\u0131 i\u00e7in en iyi al\u0131m sat\u0131m robotlar\u0131yla tan\u0131\u015ft\u0131raca\u011f\u0131z. Ayr\u0131ca, bu otomatik al\u0131m sat\u0131m sistemlerinin bir kullan\u0131c\u0131s\u0131 olarak bilmeniz gereken her \u015feyin tam bir turunu yapaca\u011f\u0131z.<\/p>\n\n\n\n<p>Ayr\u0131ca bir ticaret robotunu denemek ve otomatik ticaret stratejilerinizi test etmek i\u00e7in bir demo hesab\u0131 nas\u0131l a\u00e7aca\u011f\u0131n\u0131z\u0131 da g\u00f6rece\u011fiz. Otomatik al\u0131m sat\u0131m ara\u00e7lar\u0131n\u0131z\u0131 tan\u0131mak i\u00e7in demo hesab\u0131n\u0131n kullan\u0131lmas\u0131 \u00f6nemlidir.<\/p>\n\n\n\n<p>Sizin i\u00e7in en iyi otomatik ticaret yaz\u0131l\u0131m\u0131n\u0131 se\u00e7mek b\u00fcy\u00fck \u00f6l\u00e7\u00fcde ki\u015fisel tercihlerinize ba\u011fl\u0131 olacakt\u0131r, bu nedenle ticaret botlar\u0131 hakk\u0131nda bilmeniz gereken t\u00fcm bilgileri almak i\u00e7in okumaya devam edin.<\/p>\n\n\n\n<h2 class=\"has-text-align-center wp-block-heading\">En iyi ikili opsiyon robotu ve Otomatik Ticaret yaz\u0131l\u0131m\u0131<\/h2>\n\n\n\n<table id=\"tablepress-5\" class=\"tablepress tablepress-id-5 tablepress-responsive tablepress-responsive-stack-phone\">\n<thead>\n<tr class=\"row-1\">\n\t<th class=\"column-1\">Robot<\/th><th class=\"column-2\">bilgiler<\/th><th class=\"column-3\">\u0130nternet sitesi<\/th>\n<\/tr>\n<\/thead>\n<tbody>\n<tr class=\"row-2\">\n\t<td class=\"column-1\"><a href=\"http:\/\/binary-option.co\/go\/binbotpro.com\"><img decoding=\"async\" src=\"http:\/\/binary-option.co\/wp-content\/uploads\/2020\/08\/binbotpro-logo.png\" alt=\"\" width=\"175\" height=\"70\" class=\"alignnone size-full wp-image-240\" \/><\/a><\/td><td class=\"column-2\">20'ye kadar ikili opsiyon ticaret robotu mevcuttur ve bunlar\u0131 ge\u00e7mi\u015f performansla kar\u015f\u0131la\u015ft\u0131rabilirsiniz. Otomatik ticaret \u00f6zelli\u011fini etkinle\u015ftirmek i\u00e7in sadece 3 kolay ad\u0131m.<\/td><td class=\"column-3\"><style type='text\/css'>.maxbutton-1.maxbutton.maxbutton-table{position:relative;text-decoration:none;display:inline-block;vertical-align:middle;width:70px;height:33px;border:2px solid #5eb740;border-radius:4px 4px 4px 4px;background-color:#5eb740;box-shadow:0px 0px 2px 1px #333333}.maxbutton-1.maxbutton.maxbutton-table:hover{border-color:#5fc143;background-color:#5fc143;box-shadow:0px 0px 2px 1px #333333}.maxbutton-1.maxbutton.maxbutton-table .mb-text{color:#ffffff;font-family:Arial;font-size:15px;text-align:center;font-style:normal;font-weight:normal;line-height:1em;box-sizing:border-box;display:block;background-color:unset;padding:7px 0px 0px 0px}.maxbutton-1.maxbutton.maxbutton-table:hover .mb-text{color:#ffffff}<\/style><a class=\"maxbutton-1 maxbutton maxbutton-table\" rel=\"nofollow noopener\" href=\"http:\/\/binary-option.co\/go\/binbotpro.com\"><span class='mb-text'>\u00bb G\u00f6rmek<\/span><\/a><\/td>\n<\/tr>\n<tr class=\"row-3\">\n\t<td class=\"column-1\"><a href=\"https:\/\/binary-option.co\/go\/binary.com\"><img decoding=\"async\" src=\"https:\/\/binary-option.co\/wp-content\/uploads\/2020\/08\/Binary.com_.png\" alt=\"\" width=\"175\" height=\"70\" class=\"alignnone size-full wp-image-240\" \/><\/a><\/td><td class=\"column-2\">Binary Bot ile kendi ticaret robotunuzu yarat\u0131n. Bu broker, kendi ticaret robotunuzu programlamak ve ticaret stratejilerinizi otomatikle\u015ftirmek i\u00e7in sezgisel bir aray\u00fcz sunar.<\/td><td class=\"column-3\"><a class=\"maxbutton-1 maxbutton maxbutton-table\" rel=\"nofollow noopener\" href=\"https:\/\/binary-option.co\/go\/binary.com\"><span class='mb-text'>\u00bb G\u00f6rmek<\/span><\/a><\/td>\n<\/tr>\n<tr class=\"row-4\">\n\t<td class=\"column-1\"><a href=\"https:\/\/binary-option.co\/go\/bitcointrader.com\"><img decoding=\"async\" src=\"https:\/\/binary-option.co\/wp-content\/uploads\/2021\/05\/bitcoin-trader-logo.png\" alt=\"\" width=\"200\" height=\"80\" class=\"alignnone size-full wp-image-567\" \/><\/a><\/td><td class=\"column-2\">Piyasadaki en iyi Bitcoin ve kripto para al\u0131m sat\u0131m robotu. Yeni ba\u015flayanlar ve uzman t\u00fcccarlar i\u00e7in m\u00fckemmel bir kripto ticaret robotudur.<\/td><td class=\"column-3\"><a class=\"maxbutton-1 maxbutton maxbutton-table\" rel=\"nofollow noopener\" href=\"https:\/\/binary-option.co\/go\/bitcointrader.com\"><span class='mb-text'>\u00bb G\u00f6rmek<\/span><\/a><\/td>\n<\/tr>\n<\/tbody>\n<\/table>\n\n\n\n\n<h2 class=\"wp-block-heading\">Algoritmik Ticaret Temelleri: Konsept<\/h2>\n\n\n\n<p>Algoritmik ticaret ayn\u0131 zamanda ticaret robotu ve otomatik ticaret sistemleri olarak da bilinir, finansal piyasada varl\u0131k sat\u0131n almak ve satmak i\u00e7in otomatik emirler olu\u015fturmaya y\u00f6nelik bilgisayar programlar\u0131d\u0131r. Otomatik ticaret yaz\u0131l\u0131m\u0131, insan t\u00fcccarlar\u0131n\u0131n yapamayaca\u011f\u0131 \u015fekilde kar elde etmek i\u00e7in piyasada \u00e7ok y\u00fcksek h\u0131zda pozisyon alabilir. Bu otomatik ticaret programlar\u0131, \u00f6nceden tan\u0131mlanm\u0131\u015f \u00e7e\u015fitli kurallara dayal\u0131 olarak varl\u0131klar i\u00e7in sat\u0131n alma emirleri ve sat\u0131\u015f emirleri olu\u015fturur. Bu al\u0131m sat\u0131m algoritmalar\u0131 genellikle teknik analiz ve \u00e7izelgelere, \u00e7e\u015fitli karma\u015f\u0131k matematiksel hesaplamalara ve \u00e7e\u015fitli kaynaklardan gelen istatistiklere veya verilere dayan\u0131r. Otomatik ticaret yaz\u0131l\u0131m\u0131n\u0131n amac\u0131, t\u00fcccarlar\u0131n duygular\u0131n\u0131 y\u00f6netmelerine ve piyasalarda daha fazla para kazanmalar\u0131na yard\u0131mc\u0131 olmak i\u00e7in ticaret stratejilerini otomatik olarak uygulamakt\u0131r.<\/p>\n\n\n\n<p>Otomatik ticaret ve ticaret robotlar\u0131n\u0131n kullan\u0131m\u0131 yeni de\u011fil. Bu kavram ilk olarak Richard Donchian taraf\u0131ndan 1949&#8217;larda fon sat\u0131n almak ve satmak i\u00e7in bir bilgisayardan bir dizi kural kulland\u0131\u011f\u0131nda tan\u0131t\u0131ld\u0131. Bununla birlikte, teknolojik geli\u015fmeler ve finansal piyasalarda spek\u00fclasyon yapmak i\u00e7in internet ve \u00e7evrimi\u00e7i platformlar\u0131n ortaya \u00e7\u0131k\u0131\u015f\u0131, her t\u00fcrden yat\u0131r\u0131mc\u0131 aras\u0131nda demokratikle\u015fmelerine katk\u0131da bulunmu\u015ftur. \u015eu anda, finansal piyasa i\u015flemlerinin %70 ila 80&#8217;inin algoritmik ticaret sistemleri kullan\u0131larak yap\u0131ld\u0131\u011f\u0131 tahmin edilmektedir. Ticaret robotlar\u0131 ve otomatik ticaret sistemleri, art\u0131k ticaret stratejilerini finansal piyasada daha iyi getiri elde etmek i\u00e7in otomatikle\u015ftirmek isteyen profesyonel veya amat\u00f6r t\u00fcccarlar taraf\u0131ndan kullan\u0131lmaktad\u0131r.<\/p>\n\n\n\n<p>ikili opsiyon robotu, t\u00fcm d\u00fcnyada otomatik pilotta ticaret yapmak i\u00e7in \u00e7ok etkili ara\u00e7lard\u0131r. Para bug\u00fcn d\u00fcnyay\u0131 hareket ettiriyor. ikili opsiyon robotu finansal piyasalarda \u00e7ok \u00f6nemli bir rol oynamaktad\u0131r.<\/p>\n\n\n\n<p>\u0130kili opsiyon robotlar\u0131, \u00e7e\u015fitli piyasa ko\u015fullar\u0131nda para kazanmaya adanm\u0131\u015ft\u0131r. Pazar durumundan etkilenmez ve sizin i\u00e7in olumlu sonu\u00e7lar verebilir.<\/p>\n\n\n\n<p>ikili opsiyon robotu size bir\u00e7ok y\u00f6nden yard\u0131mc\u0131 olur. Zor kazand\u0131\u011f\u0131n\u0131z parayla en iyi sonucu alabilmek i\u00e7in yat\u0131r\u0131ma m\u00fcmk\u00fcn olan her \u015fekilde \u00f6zen g\u00f6sterin. \u0130kili ve Forex araba ticareti yaz\u0131l\u0131mlar\u0131 para kazanmak i\u00e7in harika ara\u00e7lard\u0131r. \u0130kili opsiyon robotlar\u0131n\u0131n kullan\u0131m\u0131 genellikle kolayd\u0131r. Kendi ba\u015f\u0131n\u0131za \u00e7al\u0131\u015ft\u0131rmak i\u00e7in tam bir bilgisayar veya kodlama bilgisine sahip olman\u0131z gerekmez.<\/p>\n\n\n\n<h2 class=\"wp-block-heading\">Bir ticaret robotu ticaret performans\u0131n\u0131 art\u0131r\u0131r m\u0131?<\/h2>\n\n\n\n<p>Ticaret botu ve otomatik ticaret yaz\u0131l\u0131m\u0131, ticaret stratejisi uygulamas\u0131n\u0131 geli\u015ftirmek ve emir y\u00fcr\u00fctme h\u0131z\u0131n\u0131 art\u0131rmak i\u00e7in tasarlanm\u0131\u015ft\u0131r. Ancak, ticaret robotlar\u0131 di\u011fer ticaret y\u00f6ntemleri gibi kusursuz de\u011fildir. Piyasa trendlerini, oynakl\u0131\u011f\u0131 ve robot ayarlar\u0131n\u0131 takip ederek sonu\u00e7lar dalgalanabilir ve zamanla daha az (veya daha fazla) karl\u0131 hale gelebilir. Bu nedenle ticaret botlar\u0131, zaman i\u00e7indeki karl\u0131l\u0131klar\u0131n\u0131 ve performanslar\u0131n\u0131 de\u011ferlendirmek i\u00e7in s\u00fcrekli olarak izlenmeli ve test edilmelidir.<\/p>\n\n\n\n<h2 class=\"wp-block-heading\">Otomatik ticaretin faydalar\u0131<\/h2>\n\n\n\n<p>Otomatik ticaret, ticaret robotu kullanan t\u00fcccara bir\u00e7ok avantaj sunar:<\/p>\n\n\n\n<ul><li>Al\u0131\u015f ve sat\u0131\u015f emirlerinin \u00e7ok y\u00fcksek y\u00fcr\u00fctme h\u0131z\u0131<\/li><li>Duygusal ve psikolojik fakt\u00f6rler nedeniyle hata riskinin azalmas\u0131.<\/li><li>Ticaret robotu, bir ticaret stratejisini do\u011frulamak i\u00e7in ge\u00e7mi\u015f ve ger\u00e7ek zamanl\u0131 verilerle geriye d\u00f6n\u00fck test edilebilir.<\/li><li>\u0130\u015flemleri yerle\u015ftirirken manuel hata riskinin azalmas\u0131.<\/li><li>Pozisyonlar m\u00fcmk\u00fcn olan en iyi fiyatlarla y\u00fcr\u00fct\u00fcl\u00fcr<\/li><\/ul>\n\n\n\n<h2 class=\"wp-block-heading\">\u0130kili opsiyon ticareti i\u00e7in favori stratejilerinizi nas\u0131l otomatikle\u015ftirebilirsiniz?<\/h2>\n\n\n\n<figure class=\"wp-block-image size-large\"><img decoding=\"async\" src=\"https:\/\/binary-option.co\/wp-content\/uploads\/2021\/06\/Dbot-Trading-robot-2048x1169.png\" alt=\"\"\/><figcaption>Deriv&#8217;den Dbot Trading robotu<\/figcaption><\/figure>\n\n\n\n<p>Binary.com ve Deriv gibi baz\u0131 brokerler, ticaret robotlar\u0131n\u0131 do\u011frudan web sitelerinden yap\u0131land\u0131rman\u0131za izin verir.<\/p>\n\n\n\n<p>Bu brokerler taraf\u0131ndan sa\u011flanan \u0130kili Bot platformu ve ticaret robotu programlama ara\u00e7lar\u0131, basit bir s\u00fcr\u00fckle ve b\u0131rak i\u015fleviyle otomatik ticaret uygulamalar\u0131n\u0131 kolayca olu\u015fturman\u0131za ve sanal hesapla stratejilerinizi test etmenize olanak tan\u0131r.<\/p>\n\n\n\n<p>Bu otomatik ticaret arac\u0131 sayesinde, inan\u0131lmaz derecede basit form\u00fcller ve en karma\u015f\u0131k ticaret algoritmalar\u0131na kadar i\u015flevlerle neredeyse s\u0131n\u0131rs\u0131z say\u0131da ikili opsiyon ticaret botu olu\u015fturabilirsiniz. Ard\u0131ndan ticaret botunuzun siz uyurken bile sizin i\u00e7in otomatik olarak ticaret yapmas\u0131na izin verin.<\/p>\n\n\n\n<p>Binary.com ve Deriv komisyoncusu ayr\u0131ca ticaret robotlar\u0131n\u0131z\u0131 kendi ma\u011fazalar\u0131ndaki di\u011fer t\u00fcccarlara satma f\u0131rsat\u0131 sunar, Uygulama ma\u011fazalar\u0131nda ticaret robotunuzdan her sat\u0131n al\u0131m\u0131n %80&#8217;ine kadar\u0131n\u0131 alabilirsiniz.<\/p>\n\n\n\n<h2 class=\"wp-block-heading\">Otomatik ticaret yaz\u0131l\u0131m\u0131<\/h2>\n\n\n\n<p>Otomatik ticaret yaz\u0131l\u0131m\u0131, ticaret robotlar\u0131yla benzerlikleri olan bir yaz\u0131l\u0131md\u0131r. Bu yaz\u0131l\u0131mlar, piyasada otomatik olarak bir ticaret stratejisi uygulamak i\u00e7in yap\u0131land\u0131rma ve ayarlamalar gerektirir. Ayarlar yap\u0131land\u0131r\u0131ld\u0131ktan sonra, otomatik al\u0131m sat\u0131m yaz\u0131l\u0131m\u0131, al\u0131m sat\u0131mlar\u0131 varl\u0131klar\u0131n t\u00fcr\u00fc, yat\u0131r\u0131mlar\u0131n\u0131z\u0131n boyutu ve kar\u015f\u0131layabilece\u011finiz risk d\u00fczeyi gibi tercihlerinize g\u00f6re uygulayacakt\u0131r.<\/p>\n\n\n\n<h2 class=\"wp-block-heading\">Ticaret sinyalleri<\/h2>\n\n\n\n<p>Al\u0131m sat\u0131m sinyalleri, \u00f6nceden tan\u0131mlanm\u0131\u015f al\u0131m sat\u0131m stratejilerini izleyerek bir varl\u0131\u011f\u0131n al\u0131m sat\u0131m\u0131yla ilgili bilgilerdir. Ticaret sinyalleri de ticaret robotlar\u0131yla b\u00fcy\u00fck benzerlik g\u00f6steriyor. Tek fark, yaln\u0131zca t\u00fcccar\u0131n kendisi taraf\u0131ndan y\u00fcr\u00fct\u00fclmesi gereken varl\u0131klar\u0131n al\u0131m sat\u0131m\u0131 hakk\u0131nda bilgi olmas\u0131d\u0131r. Baz\u0131 ticaret robotlar\u0131 ayr\u0131ca bir sinyal i\u015flevine sahiptir ve t\u00fcccara otomatik olarak y\u00fcr\u00fctmek yerine al\u0131m sat\u0131m yapma \u00f6zg\u00fcrl\u00fc\u011f\u00fc verir.<\/p>\n\n\n\n<h2 class=\"wp-block-heading\">Al\u0131m Sat\u0131m\u0131n\u0131 Kopyala<\/h2>\n\n\n\n<p>Kopya ticareti, di\u011fer t\u00fcccarlar\u0131n pozisyonlar\u0131n\u0131 takip ederek al\u0131m sat\u0131mlar\u0131 otomatik olarak ger\u00e7ekle\u015ftirme f\u0131rsat\u0131 veren bir otomatik al\u0131m sat\u0131m \u015feklidir. Di\u011fer t\u00fcccarlar\u0131n i\u015flemlerine dayal\u0131 olarak ticaret a\u00e7acak \u00e7evrimi\u00e7i arac\u0131l\u0131k hizmetleri vard\u0131r. Bu \u00e7evrimi\u00e7i brokerler, kopyalanabilecek ve performanslar\u0131n\u0131 yay\u0131nlayabilecek t\u00fcccarlar\u0131n bir listesini sa\u011flar. Kopya ticaret platformunun kullan\u0131c\u0131lar\u0131, risk alma d\u00fczeyi ve yat\u0131r\u0131m gibi farkl\u0131 ki\u015fisel kriterlere dayal\u0131 olarak belirli t\u00fcccarlar\u0131 kopyalamay\u0131 se\u00e7ebilir.<\/p>\n\n\n\n<h2 class=\"wp-block-heading\">Ticaret robotlar\u0131 ve otomatik ticaretle ilgili doland\u0131r\u0131c\u0131l\u0131klar<\/h2>\n\n\n\n<p>G\u00fcvenilir ticaret robotlar\u0131 olsa da, olmayan pek \u00e7ok robot var. \u00c7evrimi\u00e7i ticaret end\u00fcstrisinde, ticaret robotlar\u0131yla ilgili bir\u00e7ok doland\u0131r\u0131c\u0131l\u0131k vard\u0131r ve bir\u00e7ok acemi t\u00fcccar, robot ticaret doland\u0131r\u0131c\u0131l\u0131klar\u0131ndan gelecek vaat eden h\u0131zl\u0131 kazan\u00e7lar tuza\u011f\u0131na d\u00fc\u015fer. Ticaret robotlar\u0131n\u0131n kusursuz sistemler olmad\u0131\u011f\u0131n\u0131 ve bunlar\u0131 kullanman\u0131n kar\u0131n\u0131z\u0131 art\u0131rabilece\u011fi gibi risk seviyenizi de art\u0131rabilece\u011fini her zaman g\u00f6z \u00f6n\u00fcnde bulundurun. Otomatik ticaret, bir\u00e7ok doland\u0131r\u0131c\u0131l\u0131k i\u00e7in olgun bir i\u015ftir.<\/p>\n\n\n\n<p>Otomatik ticaret doland\u0131r\u0131c\u0131l\u0131\u011f\u0131, genellikle acemi t\u00fcccarlar\u0131 veya gerekli ticaret bilgisine sahip olmayan ki\u015fileri, onlara b\u00fcy\u00fck kazan\u00e7lar vaat ederek veya risksiz oldu\u011funu s\u00f6yleyerek hedef al\u0131r. \u00c7\u00fcnk\u00fc bu t\u00fcr insanlar \u00e7ok daha saf ve manip\u00fcle edilmesi kolayd\u0131r ve bu nedenle doland\u0131r\u0131c\u0131lar i\u00e7in ana hedeflerdir.<\/p>\n\n\n\n<p>D\u00fcr\u00fcst olmayan robot tedarik\u00e7ileri, robotun yanl\u0131\u015f kullan\u0131m\u0131 nedeniyle kay\u0131plar\u0131n\u0131z\u0131 hakl\u0131 \u00e7\u0131karacak ve herhangi bir sorumluluk kabul etmeyeceklerdir.<\/p>\n\n\n\n<p>Doland\u0131r\u0131c\u0131l\u0131klar genellikle garantili veya \u00e7ok y\u00fcksek karlar vaat eder ve \u015feffafl\u0131ktan yoksundur (sonu\u00e7lar\u0131 do\u011frulayamazs\u0131n\u0131z), Baz\u0131 vicdans\u0131z sat\u0131c\u0131lar, t\u00fcccarlar\u0131 sahte bir komisyoncu kullanmaya zorlar ve t\u00fcccarlar\u0131 her zaman daha fazla para yat\u0131rmalar\u0131n\u0131 sa\u011flamak i\u00e7in telefonla arar.<\/p>\n\n\n\n<p>Bu t\u00fcr ticarette doland\u0131r\u0131c\u0131l\u0131k riski \u00e7ok y\u00fcksek oldu\u011fundan, ticaret botlar\u0131yla ticaret yaparken her zaman tetikte olmal\u0131 ve \u00e7ok dikkatli olmal\u0131s\u0131n\u0131z.<\/p>\n","protected":false},"excerpt":{"rendered":"<p>Bu yaz\u0131da al\u0131m sat\u0131m robotlar\u0131n\u0131n nas\u0131l \u00e7al\u0131\u015ft\u0131\u011f\u0131n\u0131 a\u00e7\u0131klayaca\u011f\u0131z ve sizi 2023 y\u0131l\u0131 i\u00e7in en iyi al\u0131m sat\u0131m robotlar\u0131yla tan\u0131\u015ft\u0131raca\u011f\u0131z. Ayr\u0131ca, bu otomatik al\u0131m sat\u0131m sistemlerinin bir kullan\u0131c\u0131s\u0131 olarak bilmeniz gereken her \u015feyin tam bir turunu yapaca\u011f\u0131z. Ayr\u0131ca bir ticaret robotunu denemek ve otomatik ticaret stratejilerinizi test etmek i\u00e7in bir demo hesab\u0131 nas\u0131l a\u00e7aca\u011f\u0131n\u0131z\u0131 da g\u00f6rece\u011fiz. [&hellip;]<\/p>\n","protected":false},"author":1,"featured_media":0,"parent":0,"menu_order":0,"comment_status":"closed","ping_status":"closed","template":"","meta":{"footnotes":""},"yoast_head":"<!-- This site is optimized with the Yoast SEO plugin v21.9.1 - https:\/\/yoast.com\/wordpress\/plugins\/seo\/ -->\n<title>En iyi ikili opsiyon robotu ve Otomatik Ticaret yaz\u0131l\u0131m\u0131 - ikiliopsiyon.info<\/title>\n<meta name=\"robots\" content=\"index, follow, max-snippet:-1, max-image-preview:large, max-video-preview:-1\" \/>\n<link rel=\"canonical\" href=\"https:\/\/binary-option.co\/tr\/ikili-opsiyon-robotu\/\" \/>\n<meta property=\"og:locale\" content=\"tr_TR\" \/>\n<meta property=\"og:type\" content=\"article\" \/>\n<meta property=\"og:title\" content=\"En iyi ikili opsiyon robotu ve Otomatik Ticaret yaz\u0131l\u0131m\u0131 - ikiliopsiyon.info\" \/>\n<meta property=\"og:description\" content=\"Bu yaz\u0131da al\u0131m sat\u0131m robotlar\u0131n\u0131n nas\u0131l \u00e7al\u0131\u015ft\u0131\u011f\u0131n\u0131 a\u00e7\u0131klayaca\u011f\u0131z ve sizi 2023 y\u0131l\u0131 i\u00e7in en iyi al\u0131m sat\u0131m robotlar\u0131yla tan\u0131\u015ft\u0131raca\u011f\u0131z. Ayr\u0131ca, bu otomatik al\u0131m sat\u0131m sistemlerinin bir kullan\u0131c\u0131s\u0131 olarak bilmeniz gereken her \u015feyin tam bir turunu yapaca\u011f\u0131z. Ayr\u0131ca bir ticaret robotunu denemek ve otomatik ticaret stratejilerinizi test etmek i\u00e7in bir demo hesab\u0131 nas\u0131l a\u00e7aca\u011f\u0131n\u0131z\u0131 da g\u00f6rece\u011fiz. [&hellip;]\" \/>\n<meta property=\"og:url\" content=\"https:\/\/binary-option.co\/tr\/ikili-opsiyon-robotu\/\" \/>\n<meta property=\"og:site_name\" content=\"ikiliopsiyon.info\" \/>\n<meta property=\"article:modified_time\" content=\"2023-01-14T18:54:14+00:00\" \/>\n<meta property=\"og:image\" content=\"https:\/\/binary-option.co\/wp-content\/uploads\/2021\/06\/Dbot-Trading-robot-2048x1169.png\" \/>\n<meta name=\"twitter:card\" content=\"summary_large_image\" \/>\n<meta name=\"twitter:label1\" content=\"Tahmini okuma s\u00fcresi\" \/>\n\t<meta name=\"twitter:data1\" content=\"5 dakika\" \/>\n<script type=\"application\/ld+json\" class=\"yoast-schema-graph\">{\"@context\":\"https:\/\/schema.org\",\"@graph\":[{\"@type\":\"WebPage\",\"@id\":\"https:\/\/binary-option.co\/tr\/ikili-opsiyon-robotu\/\",\"url\":\"https:\/\/binary-option.co\/tr\/ikili-opsiyon-robotu\/\",\"name\":\"En iyi ikili opsiyon robotu ve Otomatik Ticaret yaz\u0131l\u0131m\u0131 - ikiliopsiyon.info\",\"isPartOf\":{\"@id\":\"https:\/\/binary-option.co\/tr\/#website\"},\"datePublished\":\"2020-09-21T15:58:36+00:00\",\"dateModified\":\"2023-01-14T18:54:14+00:00\",\"breadcrumb\":{\"@id\":\"https:\/\/binary-option.co\/tr\/ikili-opsiyon-robotu\/#breadcrumb\"},\"inLanguage\":\"tr\",\"potentialAction\":[{\"@type\":\"ReadAction\",\"target\":[\"https:\/\/binary-option.co\/tr\/ikili-opsiyon-robotu\/\"]}]},{\"@type\":\"BreadcrumbList\",\"@id\":\"https:\/\/binary-option.co\/tr\/ikili-opsiyon-robotu\/#breadcrumb\",\"itemListElement\":[{\"@type\":\"ListItem\",\"position\":1,\"name\":\"Home\",\"item\":\"https:\/\/binary-option.co\/tr\/\"},{\"@type\":\"ListItem\",\"position\":2,\"name\":\"En iyi ikili opsiyon robotu ve Otomatik Ticaret yaz\u0131l\u0131m\u0131\"}]},{\"@type\":\"WebSite\",\"@id\":\"https:\/\/binary-option.co\/tr\/#website\",\"url\":\"https:\/\/binary-option.co\/tr\/\",\"name\":\"ikiliopsiyon.info\",\"description\":\"T\u00fcrk\u00e7e \u0130kili Opsiyon Rehberi\",\"publisher\":{\"@id\":\"https:\/\/binary-option.co\/tr\/#organization\"},\"potentialAction\":[{\"@type\":\"SearchAction\",\"target\":{\"@type\":\"EntryPoint\",\"urlTemplate\":\"https:\/\/binary-option.co\/tr\/?s={search_term_string}\"},\"query-input\":\"required name=search_term_string\"}],\"inLanguage\":\"tr\"},{\"@type\":\"Organization\",\"@id\":\"https:\/\/binary-option.co\/tr\/#organization\",\"name\":\"ikiliopsiyon.info\",\"url\":\"https:\/\/binary-option.co\/tr\/\",\"logo\":{\"@type\":\"ImageObject\",\"inLanguage\":\"tr\",\"@id\":\"https:\/\/binary-option.co\/tr\/#\/schema\/logo\/image\/\",\"url\":\"https:\/\/binary-option.co\/tr\/wp-content\/uploads\/sites\/7\/2020\/09\/Ikiliopsiyon.info_.png\",\"contentUrl\":\"https:\/\/binary-option.co\/tr\/wp-content\/uploads\/sites\/7\/2020\/09\/Ikiliopsiyon.info_.png\",\"width\":412,\"height\":56,\"caption\":\"ikiliopsiyon.info\"},\"image\":{\"@id\":\"https:\/\/binary-option.co\/tr\/#\/schema\/logo\/image\/\"}}]}<\/script>\n<!-- \/ Yoast SEO plugin. -->","yoast_head_json":{"title":"En iyi ikili opsiyon robotu ve Otomatik Ticaret yaz\u0131l\u0131m\u0131 - ikiliopsiyon.info","robots":{"index":"index","follow":"follow","max-snippet":"max-snippet:-1","max-image-preview":"max-image-preview:large","max-video-preview":"max-video-preview:-1"},"canonical":"https:\/\/binary-option.co\/tr\/ikili-opsiyon-robotu\/","og_locale":"tr_TR","og_type":"article","og_title":"En iyi ikili opsiyon robotu ve Otomatik Ticaret yaz\u0131l\u0131m\u0131 - ikiliopsiyon.info","og_description":"Bu yaz\u0131da al\u0131m sat\u0131m robotlar\u0131n\u0131n nas\u0131l \u00e7al\u0131\u015ft\u0131\u011f\u0131n\u0131 a\u00e7\u0131klayaca\u011f\u0131z ve sizi 2023 y\u0131l\u0131 i\u00e7in en iyi al\u0131m sat\u0131m robotlar\u0131yla tan\u0131\u015ft\u0131raca\u011f\u0131z. Ayr\u0131ca, bu otomatik al\u0131m sat\u0131m sistemlerinin bir kullan\u0131c\u0131s\u0131 olarak bilmeniz gereken her \u015feyin tam bir turunu yapaca\u011f\u0131z. Ayr\u0131ca bir ticaret robotunu denemek ve otomatik ticaret stratejilerinizi test etmek i\u00e7in bir demo hesab\u0131 nas\u0131l a\u00e7aca\u011f\u0131n\u0131z\u0131 da g\u00f6rece\u011fiz. [&hellip;]","og_url":"https:\/\/binary-option.co\/tr\/ikili-opsiyon-robotu\/","og_site_name":"ikiliopsiyon.info","article_modified_time":"2023-01-14T18:54:14+00:00","og_image":[{"url":"https:\/\/binary-option.co\/wp-content\/uploads\/2021\/06\/Dbot-Trading-robot-2048x1169.png"}],"twitter_card":"summary_large_image","twitter_misc":{"Tahmini okuma s\u00fcresi":"5 dakika"},"schema":{"@context":"https:\/\/schema.org","@graph":[{"@type":"WebPage","@id":"https:\/\/binary-option.co\/tr\/ikili-opsiyon-robotu\/","url":"https:\/\/binary-option.co\/tr\/ikili-opsiyon-robotu\/","name":"En iyi ikili opsiyon robotu ve Otomatik Ticaret yaz\u0131l\u0131m\u0131 - ikiliopsiyon.info","isPartOf":{"@id":"https:\/\/binary-option.co\/tr\/#website"},"datePublished":"2020-09-21T15:58:36+00:00","dateModified":"2023-01-14T18:54:14+00:00","breadcrumb":{"@id":"https:\/\/binary-option.co\/tr\/ikili-opsiyon-robotu\/#breadcrumb"},"inLanguage":"tr","potentialAction":[{"@type":"ReadAction","target":["https:\/\/binary-option.co\/tr\/ikili-opsiyon-robotu\/"]}]},{"@type":"BreadcrumbList","@id":"https:\/\/binary-option.co\/tr\/ikili-opsiyon-robotu\/#breadcrumb","itemListElement":[{"@type":"ListItem","position":1,"name":"Home","item":"https:\/\/binary-option.co\/tr\/"},{"@type":"ListItem","position":2,"name":"En iyi ikili opsiyon robotu ve Otomatik Ticaret yaz\u0131l\u0131m\u0131"}]},{"@type":"WebSite","@id":"https:\/\/binary-option.co\/tr\/#website","url":"https:\/\/binary-option.co\/tr\/","name":"ikiliopsiyon.info","description":"T\u00fcrk\u00e7e \u0130kili Opsiyon Rehberi","publisher":{"@id":"https:\/\/binary-option.co\/tr\/#organization"},"potentialAction":[{"@type":"SearchAction","target":{"@type":"EntryPoint","urlTemplate":"https:\/\/binary-option.co\/tr\/?s={search_term_string}"},"query-input":"required name=search_term_string"}],"inLanguage":"tr"},{"@type":"Organization","@id":"https:\/\/binary-option.co\/tr\/#organization","name":"ikiliopsiyon.info","url":"https:\/\/binary-option.co\/tr\/","logo":{"@type":"ImageObject","inLanguage":"tr","@id":"https:\/\/binary-option.co\/tr\/#\/schema\/logo\/image\/","url":"https:\/\/binary-option.co\/tr\/wp-content\/uploads\/sites\/7\/2020\/09\/Ikiliopsiyon.info_.png","contentUrl":"https:\/\/binary-option.co\/tr\/wp-content\/uploads\/sites\/7\/2020\/09\/Ikiliopsiyon.info_.png","width":412,"height":56,"caption":"ikiliopsiyon.info"},"image":{"@id":"https:\/\/binary-option.co\/tr\/#\/schema\/logo\/image\/"}}]}},"_links":{"self":[{"href":"https:\/\/binary-option.co\/tr\/wp-json\/wp\/v2\/pages\/10"}],"collection":[{"href":"https:\/\/binary-option.co\/tr\/wp-json\/wp\/v2\/pages"}],"about":[{"href":"https:\/\/binary-option.co\/tr\/wp-json\/wp\/v2\/types\/page"}],"author":[{"embeddable":true,"href":"https:\/\/binary-option.co\/tr\/wp-json\/wp\/v2\/users\/1"}],"replies":[{"embeddable":true,"href":"https:\/\/binary-option.co\/tr\/wp-json\/wp\/v2\/comments?post=10"}],"version-history":[{"count":6,"href":"https:\/\/binary-option.co\/tr\/wp-json\/wp\/v2\/pages\/10\/revisions"}],"predecessor-version":[{"id":225,"href":"https:\/\/binary-option.co\/tr\/wp-json\/wp\/v2\/pages\/10\/revisions\/225"}],"wp:attachment":[{"href":"https:\/\/binary-option.co\/tr\/wp-json\/wp\/v2\/media?parent=10"}],"curies":[{"name":"wp","href":"https:\/\/api.w.org\/{rel}","templated":true}]}}