{"id":277,"date":"2022-04-01T16:26:17","date_gmt":"2022-04-01T16:26:17","guid":{"rendered":"https:\/\/binary-option.co\/es\/?page_id=277"},"modified":"2023-01-14T18:04:33","modified_gmt":"2023-01-14T18:04:33","slug":"binary-com-opiniones","status":"publish","type":"page","link":"https:\/\/binary-option.co\/es\/binary-com-opiniones\/","title":{"rendered":"Binary.com Opiniones"},"content":{"rendered":"\n<div class=\"wp-block-columns is-layout-flex wp-container-core-columns-layout-1 wp-block-columns-is-layout-flex\">\n<div class=\"wp-block-column is-layout-flow wp-block-column-is-layout-flow\" style=\"flex-basis:33.33%\">\n<figure class=\"wp-block-image size-large\"><a href=\"https:\/\/binary-option.co\/go\/binary.com\"><img decoding=\"async\" src=\"https:\/\/binary-option.co\/wp-content\/uploads\/2021\/05\/binary.com-logo.png\" alt=\"\" class=\"wp-image-501\"\/><\/a><\/figure>\n<\/div>\n\n\n\n<div class=\"wp-block-column is-layout-flow wp-block-column-is-layout-flow\" style=\"flex-basis:66.66%\">\n<p><strong>Clasificaci\u00f3n:<\/strong> <div itemprop=\"reviewRating\" itemscope itemtype=\"http:\/\/schema.org\/Rating\" class=\"usr\"><meta itemprop=\"worstRating\" content=\"0\" \/><meta itemprop=\"ratingValue\" content=\"4\" \/><meta itemprop=\"bestRating\" content=\"5\" \/><img decoding=\"async\" class=\"usr\" src=\"https:\/\/binary-option.co\/es\/wp-content\/plugins\/universal-star-rating\/includes\/image.php?img=06.png&amp;px=16&amp;max=5&amp;rat=4\" alt=\"4 out of 5 stars\" style=\"height: 16px !important;\" \/><\/div><\/p>\n\n\n\n&nbsp;\n\n\n\n<ul id=\"block-48994b58-cb5d-4105-94aa-8811d40674ea\"><li>Pago de hasta el 110 % (el monto se acredita en la cuenta en caso de una inversi\u00f3n exitosa)<\/li><li>Cuenta de demostraci\u00f3n gratuita sin dep\u00f3sito<\/li><li>MFSA regulada, Labuan FSA, VFSC<\/li><li>Hasta un 50% de bonificaci\u00f3n<\/li><li>$5 min.&nbsp;Depositar<\/li><\/ul>\n\n\n\n<p class=\"has-text-align-center\"><a class=\"maxbutton-2 maxbutton maxbutton-big-button\" target=\"_blank\" title=\"Visite la p\u00e1gina web oficial\" rel=\"nofollow noopener\" href=\"https:\/\/binary-option.co\/go\/binary.com\"><span class='mb-text'>Visite el Broker<\/span><\/a><\/p>\n\n\n\n<p class=\"has-text-align-center\">Advertencia general de riesgo: su capital est\u00e1 en riesgo<\/p>\n<\/div>\n<\/div>\n\n\n\n<p>Binary.com es uno de los brokers m\u00e1s antiguos del mercado de opciones binarias.&nbsp;Creada en 1999, es una plataforma de trading online para operar con opciones binarias, as\u00ed como muchos otros productos financieros derivados, como CFD, forex e \u00edndices sint\u00e9ticos.&nbsp;Binary.com comenz\u00f3 como BetOnMarkets.com antes de convertirse en Binary.com y ahora es uno de los brokers m\u00e1s populares para operar en l\u00ednea.<\/p>\n\n\n\n<figure class=\"wp-block-image\"><a href=\"https:\/\/binary-option.co\/go\/binary.com\" target=\"_blank\" rel=\"noreferrer noopener\"><img decoding=\"async\" src=\"https:\/\/binary-option.co\/wp-content\/uploads\/2021\/10\/binary.com-review-1024x689.png\" alt=\"\" class=\"wp-image-1126\"\/><\/a><\/figure>\n\n\n\n<p>Binary.com es una empresa de corretaje en l\u00ednea con oficinas en Malta, Malasia, Paraguay y los Emiratos \u00c1rabes Unidos y atiende a traders de la mayor\u00eda de los pa\u00edses.<br>Este broker ahora tiene no menos de 1,000,000 de usuarios en todo el mundo y es hoy uno de los brokers m\u00e1s populares para operar con opciones binarias.<\/p>\n\n\n\n<p>\u00bfCu\u00e1les son estas ventajas y desventajas de este broker?&nbsp;\u00bfbinary.com es una estafa o un broker serio y confiable?<br>En esta revisi\u00f3n de Binary.com, analizaremos la oferta de este corredor en detalle y le diremos en detalle todo lo que necesita saber sobre este corredor.<\/p>\n\n\n\n<h2 class=\"wp-block-heading\">Plataformas de trading de Binary.com<\/h2>\n\n\n\n<figure class=\"wp-block-image\"><a href=\"https:\/\/binary-option.co\/go\/binary.com\" target=\"_blank\" rel=\"noreferrer noopener\"><img decoding=\"async\" src=\"https:\/\/binary-option.co\/wp-content\/uploads\/2021\/10\/binary.com-trading-platform-971x1024.png\" alt=\"\" class=\"wp-image-1124\"\/><\/a><\/figure>\n\n\n\n<h3 class=\"wp-block-heading\">Meta Trader 5<\/h3>\n\n\n\n<p>Binary.com le permite operar con divisas y CFD con la plataforma de trading MT5, que es una poderosa plataforma de activos m\u00faltiples reconocida como un est\u00e1ndar global en la industria del trading online.<\/p>\n\n\n\n<h3 class=\"wp-block-heading\">Operador web binario<\/h3>\n\n\n\n<p>Esta plataforma de trading proporcionada por binary.com le permite monitorear los movimientos de sus activos y operar con sus mercados favoritos a trav\u00e9s de una interfaz avanzada de trading de opciones binarias.<\/p>\n\n\n\n<h3 class=\"wp-block-heading\">comerciante inteligente<\/h3>\n\n\n\n<p>La plataforma de negociaci\u00f3n SmartTrader es una plataforma simple y f\u00e1cil de usar.&nbsp;A trav\u00e9s de la plataforma SmartTrader proporcionada por el br\u00f3ker, puede operar con opciones binarias en los mercados financieros de todo el mundo.<\/p>\n\n\n\n<h3 class=\"wp-block-heading\">robot binario<\/h3>\n\n\n\n<p>Es una herramienta simple de arrastrar y soltar que le permite crear su propio robot de trading personalizado.&nbsp;Proporcionada por el broker, esta plataforma le permite crear y automatizar sus estrategias comerciales f\u00e1cilmente desde una interfaz intuitiva.<\/p>\n\n\n\n<h2 class=\"wp-block-heading\">Tipos de comercio<\/h2>\n\n\n\n<p>Binary.com lo distingue del broker de opciones binarias convencional y ofrece una amplia gama de contratos de opciones binarias.&nbsp;Por ejemplo, los comerciantes pueden operar: opci\u00f3n alta\/baja, opci\u00f3n m\u00e1s alta\/baja, opci\u00f3n t\u00e1ctil\/no t\u00e1ctil, opci\u00f3n de entrada\/salida y Tick trades.<\/p>\n\n\n\n<p>Este broker tambi\u00e9n ofrece CFD que est\u00e1n disponibles a trav\u00e9s de su plataforma Metatrader (MT5).&nbsp;Esto tambi\u00e9n le permite negociar activos con efectos de apalancamiento, como pares de divisas Forex y diferentes contratos de CFD sobre acciones y materias primas.<\/p>\n\n\n\n<h2 class=\"wp-block-heading\">Proporciones de pago de opciones binarias<\/h2>\n\n\n\n<p>Al operar con opciones binarias en Binary.com, el retorno de la inversi\u00f3n por cada operaci\u00f3n correcta oscila entre el 60 % y el 110 %, seg\u00fan el tipo de contrato y los activos ofrecidos.&nbsp;Puede verificar las proporciones de pago del activo que desea negociar que se muestra en el lado derecho de la plataforma de trading.<\/p>\n\n\n\n<p>Teniendo en cuenta que el \u00edndice de rendimiento de la inversi\u00f3n puede cambiar seg\u00fan diferentes par\u00e1metros, como las fluctuaciones del mercado y los per\u00edodos de alta volatilidad en ciertos activos.<\/p>\n\n\n\n<h2 class=\"wp-block-heading\">Instrumentos financieros<\/h2>\n\n\n\n<ul><li>Opciones Binarias<\/li><li>Lookback<\/li><li>CFDs<\/li><li>Forex<\/li><\/ul>\n\n\n\n<figure class=\"wp-block-image\"><a href=\"https:\/\/binary-option.co\/go\/binary.com\" target=\"_blank\" rel=\"noreferrer noopener\"><img decoding=\"async\" src=\"https:\/\/binary-option.co\/wp-content\/uploads\/2021\/10\/binary.com-trading-instruments-1024x398.png\" alt=\"\" class=\"wp-image-1127\"\/><\/a><\/figure>\n\n\n\n<h2 class=\"wp-block-heading\">Bienes e instrumentos<\/h2>\n\n\n\n<p>Binary.com ofrece a estos clientes la posibilidad de especular sobre 4 tipos de contratos de opciones binarias como Up\/Down, Touch\/No Touch, End In\/Out y Stay In\/Out.&nbsp;Este broker tambi\u00e9n ofrece diferentes activos en forma de CFD con un apalancamiento de hasta 1:1000.<\/p>\n\n\n\n<p>Con este corredor puede negociar una gran lista de activos subyacentes con no menos de 114 tipos diferentes de activos.&nbsp;All\u00ed encontrar\u00e1 30 pares de divisas, incluidos pares de divisas mayores, menores y ex\u00f3ticos.&nbsp;28 \u00edndices de mercado, 40 tipos de acciones, 5 tipos de materias primas como pares de metales preciosos, incluidos oro y platino.&nbsp;Tambi\u00e9n puede operar con 7 tipos de \u00edndices de volatilidad del mercado y criptomonedas, incluidos Bitcoin, Ethereum y Litecoin.<\/p>\n\n\n\n<h2 class=\"wp-block-heading\">Robot comercial de Binary.com<\/h2>\n\n\n\n<p>Binary.com ofrece una interfaz para crear su propio robot comercial. Da a los traders la capacidad de configurar y crear su propio algoritmo de trading autom\u00e1tico.<\/p>\n\n\n\n<p>Por lo tanto, esta funci\u00f3n es muy \u00fatil para crear un robot de trading para automatizar su estrategia comercial.&nbsp;A continuaci\u00f3n, el robot ejecuta las \u00f3rdenes siguiendo las condiciones comerciales preestablecidas por el trader.<\/p>\n\n\n\n<p>Puede probar diferentes par\u00e1metros en modo de demostraci\u00f3n sin riesgo.&nbsp;Permiti\u00e9ndole probar diferentes configuraciones de su automatizaci\u00f3n sin tener que arriesgar su dinero para realizar una prueba retrospectiva de sus robots de trading.<\/p>\n\n\n\n<p>Aqu\u00ed hay una captura de pantalla de esta herramienta de creaci\u00f3n de robots comerciales.<\/p>\n\n\n\n<h2 class=\"wp-block-heading\">Tipos de cuenta<\/h2>\n\n\n\n<figure class=\"wp-block-image\"><a href=\"https:\/\/binary-option.co\/go\/binary.com\" target=\"_blank\" rel=\"noreferrer noopener\"><img decoding=\"async\" src=\"https:\/\/binary-option.co\/wp-content\/uploads\/2021\/10\/binary.com-account-type-1024x519.png\" alt=\"\" class=\"wp-image-1125\"\/><\/a><\/figure>\n\n\n\n<p>En Binary.com, tiene la posibilidad de abrir 2 tipos de cuenta comercial:<\/p>\n\n\n\n<ul><li><strong>Cuenta Demo:<\/strong>&nbsp;Es una cuenta de pr\u00e1ctica con cr\u00e9dito virtual renovable de 10.000 USD.<\/li><li><strong>Cuenta Real:<\/strong>&nbsp;es una cuenta de dinero real con dinero fiduciario o criptomonedas.<\/li><\/ul>\n\n\n\n<h2 class=\"wp-block-heading\">Regulaci\u00f3n<\/h2>\n\n\n\n<p>Binary.com es un broker regulado por m\u00faltiples organismos reguladores de todo el mundo.<\/p>\n\n\n\n<p>En la Uni\u00f3n Europea, Deriv Investments (Europe) Limited ofrece productos de inversi\u00f3n.&nbsp;y est\u00e1 regulado como Proveedor de Servicios de Categor\u00eda 3, por la Autoridad de Servicios Financieros de Malta (N\u00ba de Licencia IS\/70156).<\/p>\n\n\n\n<figure class=\"wp-block-image\"><a href=\"https:\/\/binary-option.co\/go\/binary.com\" target=\"_blank\" rel=\"noreferrer noopener\"><img decoding=\"async\" src=\"https:\/\/binary-option.co\/wp-content\/uploads\/2021\/10\/Malta-Financial-Services-Authority.png\" alt=\"\" class=\"wp-image-1121\"\/><\/a><\/figure>\n\n\n\n<p>Para los traders residentes fuera de la UE, Deriv (SVG) LLC y Deriv (V) Ltd, regulados por la Comisi\u00f3n de Servicios Financieros de Vanuatu, brindan servicios de corretaje en l\u00ednea.&nbsp;Deriv (BVI) Ltd, regulada por la Comisi\u00f3n de Servicios Financieros de las Islas V\u00edrgenes Brit\u00e1nicas (N\u00ba de licencia SIBA\/L\/18\/1114);&nbsp;y Deriv (FX) Ltd, regulada por la Autoridad de Servicios Financieros de Labuan para actividades de corretaje de acciones (licencia No. MB \/ 18\/0024).<\/p>\n\n\n\n<div class=\"wp-block-columns is-layout-flex wp-container-core-columns-layout-2 wp-block-columns-is-layout-flex\">\n<div class=\"wp-block-column is-layout-flow wp-block-column-is-layout-flow\">\n<figure class=\"wp-block-image size-large is-resized\"><a href=\"https:\/\/binary-option.co\/go\/binary.com\" target=\"_blank\" rel=\"noopener\"><img decoding=\"async\" src=\"https:\/\/binary-option.co\/wp-content\/uploads\/2021\/10\/Vanuatu-Financial-Services-Commission.png\" alt=\"\" class=\"wp-image-1118\" width=\"158\" height=\"106\"\/><\/a><\/figure>\n<\/div>\n\n\n\n<div class=\"wp-block-column is-layout-flow wp-block-column-is-layout-flow\">\n<figure class=\"wp-block-image size-large\"><a href=\"https:\/\/binary-option.co\/go\/binary.com\" target=\"_blank\" rel=\"noopener\"><img decoding=\"async\" src=\"https:\/\/binary-option.co\/wp-content\/uploads\/2021\/10\/BVI-Financial-Services-Commission.png\" alt=\"\" class=\"wp-image-1119\"\/><\/a><\/figure>\n<\/div>\n\n\n\n<div class=\"wp-block-column is-layout-flow wp-block-column-is-layout-flow\">\n<figure class=\"wp-block-image size-large is-resized\"><a href=\"https:\/\/binary-option.co\/go\/binary.com\" target=\"_blank\" rel=\"noopener\"><img decoding=\"async\" src=\"https:\/\/binary-option.co\/wp-content\/uploads\/2021\/10\/labuan_FSA.svg\" alt=\"\" class=\"wp-image-1120\" width=\"217\" height=\"83\"\/><\/a><\/figure>\n\n\n\n<p><\/p>\n<\/div>\n<\/div>\n\n\n\n<h2 class=\"wp-block-heading\">Trading m\u00f3vil<\/h2>\n\n\n\n<p>Binary.com tambi\u00e9n ofrece a estos clientes la opci\u00f3n de usar una aplicaci\u00f3n m\u00f3vil llamada Tick Trade Android App que le permite operar sin tener que permanecer en una computadora.<\/p>\n\n\n\n<p>Esta aplicaci\u00f3n de trading m\u00f3vil gratuita est\u00e1 disponible para dispositivos m\u00f3viles Android.<\/p>\n\n\n\n<p>Gracias a esta aplicaci\u00f3n, puede monitorear f\u00e1cilmente los mercados y ejecutar \u00f3rdenes directamente desde su tel\u00e9fono o tableta.<\/p>\n\n\n\n<h2 class=\"wp-block-heading\">Dep\u00f3sitos y Retiros<\/h2>\n\n\n\n<p>Binary.com admite muchos m\u00e9todos de pago para realizar sus dep\u00f3sitos y retiros.&nbsp;Entre estos m\u00e9todos de pago, puede utilizar tarjetas de cr\u00e9dito VISA y Mastercard, as\u00ed como varias billeteras electr\u00f3nicas como FasaPay, Paysafecard, Perfect Money, QIWI, Skrill y Yandex Money.<\/p>\n\n\n\n<figure class=\"wp-block-image\"><a href=\"https:\/\/binary-option.co\/go\/binary.com\" target=\"_blank\" rel=\"noreferrer noopener\"><img decoding=\"async\" src=\"https:\/\/binary-option.co\/wp-content\/uploads\/2021\/10\/binary.com-funding-1024x315.png\" alt=\"\" class=\"wp-image-1129\"\/><\/a><\/figure>\n\n\n\n<p>Tambi\u00e9n es posible depositar fondos en su cuenta de trading a trav\u00e9s de Western Union, as\u00ed como mediante transferencia bancaria convencional.<\/p>\n\n\n\n<p>Este broker tambi\u00e9n acepta dep\u00f3sitos y retiros en criptomonedas como Bitcoin, Bitcoin Cash, Litecoin y Ethereum.<\/p>\n\n\n\n<p>Con respecto a la velocidad de los retiros, los retiros tardan entre 1 y 5 d\u00edas en ejecutarse seg\u00fan el m\u00e9todo utilizado, lo cual es promedio para la mayor\u00eda de los corredores que probamos.<\/p>\n\n\n\n<h2 class=\"wp-block-heading\">Atenci\u00f3n al cliente de Binary.com<\/h2>\n\n\n\n<p>Binary.com est\u00e1 traducido a 12 idiomas diferentes.&nbsp;Puede ponerse en contacto con el servicio de atenci\u00f3n al cliente directamente desde el chat en vivo.<\/p>\n\n\n\n<p>Encontrar\u00e1 todos los detalles de contacto en la p\u00e1gina \u00abCont\u00e1ctenos\u00bb del sitio web oficial del corredor.<\/p>\n\n\n\n<h2 class=\"wp-block-heading\">Pensamientos finales<\/h2>\n\n\n\n<p>Binary.com es un broker que nos encanta y podemos recomendar, con la capacidad de abrir su cuenta de operaciones con un dep\u00f3sito de solo 5 $\/\u00a3\/\u20ac (dependiendo de la moneda de su elecci\u00f3n).<\/p>\n\n\n\n<p>Adem\u00e1s, a diferencia de muchos corredores que solo ofrecen una plataforma de trading, su plataforma tambi\u00e9n es compatible con las plataformas metatrader 4 y MT5, adem\u00e1s de ofrecer su propia plataforma de trading personalizada.<\/p>\n\n\n\n<p>Binary.com ha estado en el negocio de corretaje en l\u00ednea durante m\u00e1s de 20 a\u00f1os y es uno de los brokers de opciones binarias m\u00e1s antiguos y mejor regulados.&nbsp;Esto garantiza una cierta serenidad y confianza para operar con ellos.&nbsp;Por lo tanto, si est\u00e1 buscando un broker de opciones binarias que se destaque de otros brokers, le recomendamos que abra una cuenta de demostraci\u00f3n y vea por tu mismo por qu\u00e9 Binary.com es uno de los brokers m\u00e1s respetados de la industria.<\/p>\n\n\n\n<p class=\"has-text-align-center\"><a class=\"maxbutton-2 maxbutton maxbutton-big-button\" target=\"_blank\" title=\"Visite la p\u00e1gina web oficial\" rel=\"nofollow noopener\" href=\"https:\/\/binary-option.co\/go\/binary.com\"><span class='mb-text'>Visite el Broker<\/span><\/a><\/p>\n\n\n\n<p class=\"has-text-align-center\">Advertencia general de riesgo: su capital est\u00e1 en riesgo<\/p>\n\n\n\n&nbsp;\n\n\n\n&nbsp;\n","protected":false},"excerpt":{"rendered":"<p>Clasificaci\u00f3n: &nbsp; Pago de hasta el 110 % (el monto se acredita en la cuenta en caso de una inversi\u00f3n exitosa) Cuenta de demostraci\u00f3n gratuita sin dep\u00f3sito MFSA regulada, Labuan FSA, VFSC Hasta un 50% de bonificaci\u00f3n $5 min.&nbsp;Depositar Advertencia general de riesgo: su capital est\u00e1 en riesgo Binary.com es uno de los brokers m\u00e1s [&hellip;]<\/p>\n","protected":false},"author":1,"featured_media":0,"parent":0,"menu_order":0,"comment_status":"closed","ping_status":"closed","template":"","meta":{"footnotes":""},"yoast_head":"<!-- This site is optimized with the Yoast SEO plugin v21.9.1 - https:\/\/yoast.com\/wordpress\/plugins\/seo\/ -->\n<title>Binary.com Opiniones 2023 : \u00bfEs una estafa o un broker de confianza?<\/title>\n<meta name=\"robots\" content=\"index, follow, max-snippet:-1, max-image-preview:large, max-video-preview:-1\" \/>\n<link rel=\"canonical\" href=\"https:\/\/binary-option.co\/es\/binary-com-opiniones\/\" \/>\n<meta property=\"og:locale\" content=\"es_ES\" \/>\n<meta property=\"og:type\" content=\"article\" \/>\n<meta property=\"og:title\" content=\"Binary.com Opiniones 2023 : \u00bfEs una estafa o un broker de confianza?\" \/>\n<meta property=\"og:description\" content=\"Clasificaci\u00f3n: &nbsp; Pago de hasta el 110 % (el monto se acredita en la cuenta en caso de una inversi\u00f3n exitosa) Cuenta de demostraci\u00f3n gratuita sin dep\u00f3sito MFSA regulada, Labuan FSA, VFSC Hasta un 50% de bonificaci\u00f3n $5 min.&nbsp;Depositar Advertencia general de riesgo: su capital est\u00e1 en riesgo Binary.com es uno de los brokers m\u00e1s [&hellip;]\" \/>\n<meta property=\"og:url\" content=\"https:\/\/binary-option.co\/es\/binary-com-opiniones\/\" \/>\n<meta property=\"og:site_name\" content=\"OpcionesBinarias.info\" \/>\n<meta property=\"article:modified_time\" content=\"2023-01-14T18:04:33+00:00\" \/>\n<meta property=\"og:image\" content=\"https:\/\/binary-option.co\/wp-content\/uploads\/2021\/05\/binary.com-logo.png\" \/>\n<meta name=\"twitter:card\" content=\"summary_large_image\" \/>\n<meta name=\"twitter:label1\" content=\"Tiempo de lectura\" \/>\n\t<meta name=\"twitter:data1\" content=\"8 minutos\" \/>\n<script type=\"application\/ld+json\" class=\"yoast-schema-graph\">{\"@context\":\"https:\/\/schema.org\",\"@graph\":[{\"@type\":\"WebPage\",\"@id\":\"https:\/\/binary-option.co\/es\/binary-com-opiniones\/\",\"url\":\"https:\/\/binary-option.co\/es\/binary-com-opiniones\/\",\"name\":\"Binary.com Opiniones 2023 : \u00bfEs una estafa o un broker de confianza?\",\"isPartOf\":{\"@id\":\"https:\/\/binary-option.co\/es\/#website\"},\"datePublished\":\"2022-04-01T16:26:17+00:00\",\"dateModified\":\"2023-01-14T18:04:33+00:00\",\"breadcrumb\":{\"@id\":\"https:\/\/binary-option.co\/es\/binary-com-opiniones\/#breadcrumb\"},\"inLanguage\":\"es\",\"potentialAction\":[{\"@type\":\"ReadAction\",\"target\":[\"https:\/\/binary-option.co\/es\/binary-com-opiniones\/\"]}]},{\"@type\":\"BreadcrumbList\",\"@id\":\"https:\/\/binary-option.co\/es\/binary-com-opiniones\/#breadcrumb\",\"itemListElement\":[{\"@type\":\"ListItem\",\"position\":1,\"name\":\"Home\",\"item\":\"https:\/\/binary-option.co\/es\/\"},{\"@type\":\"ListItem\",\"position\":2,\"name\":\"Binary.com Opiniones\"}]},{\"@type\":\"WebSite\",\"@id\":\"https:\/\/binary-option.co\/es\/#website\",\"url\":\"https:\/\/binary-option.co\/es\/\",\"name\":\"OpcionesBinarias.info\",\"description\":\"Opciones binarias en Espa\u00f1a y America latina\",\"publisher\":{\"@id\":\"https:\/\/binary-option.co\/es\/#organization\"},\"potentialAction\":[{\"@type\":\"SearchAction\",\"target\":{\"@type\":\"EntryPoint\",\"urlTemplate\":\"https:\/\/binary-option.co\/es\/?s={search_term_string}\"},\"query-input\":\"required name=search_term_string\"}],\"inLanguage\":\"es\"},{\"@type\":\"Organization\",\"@id\":\"https:\/\/binary-option.co\/es\/#organization\",\"name\":\"OpcionesBinarias.info\",\"url\":\"https:\/\/binary-option.co\/es\/\",\"logo\":{\"@type\":\"ImageObject\",\"inLanguage\":\"es\",\"@id\":\"https:\/\/binary-option.co\/es\/#\/schema\/logo\/image\/\",\"url\":\"https:\/\/binary-option.co\/es\/wp-content\/uploads\/sites\/13\/2020\/12\/binary-option.co_.png\",\"contentUrl\":\"https:\/\/binary-option.co\/es\/wp-content\/uploads\/sites\/13\/2020\/12\/binary-option.co_.png\",\"width\":398,\"height\":66,\"caption\":\"OpcionesBinarias.info\"},\"image\":{\"@id\":\"https:\/\/binary-option.co\/es\/#\/schema\/logo\/image\/\"}}]}<\/script>\n<!-- \/ Yoast SEO plugin. -->","yoast_head_json":{"title":"Binary.com Opiniones 2023 : \u00bfEs una estafa o un broker de confianza?","robots":{"index":"index","follow":"follow","max-snippet":"max-snippet:-1","max-image-preview":"max-image-preview:large","max-video-preview":"max-video-preview:-1"},"canonical":"https:\/\/binary-option.co\/es\/binary-com-opiniones\/","og_locale":"es_ES","og_type":"article","og_title":"Binary.com Opiniones 2023 : \u00bfEs una estafa o un broker de confianza?","og_description":"Clasificaci\u00f3n: &nbsp; Pago de hasta el 110 % (el monto se acredita en la cuenta en caso de una inversi\u00f3n exitosa) Cuenta de demostraci\u00f3n gratuita sin dep\u00f3sito MFSA regulada, Labuan FSA, VFSC Hasta un 50% de bonificaci\u00f3n $5 min.&nbsp;Depositar Advertencia general de riesgo: su capital est\u00e1 en riesgo Binary.com es uno de los brokers m\u00e1s [&hellip;]","og_url":"https:\/\/binary-option.co\/es\/binary-com-opiniones\/","og_site_name":"OpcionesBinarias.info","article_modified_time":"2023-01-14T18:04:33+00:00","og_image":[{"url":"https:\/\/binary-option.co\/wp-content\/uploads\/2021\/05\/binary.com-logo.png"}],"twitter_card":"summary_large_image","twitter_misc":{"Tiempo de lectura":"8 minutos"},"schema":{"@context":"https:\/\/schema.org","@graph":[{"@type":"WebPage","@id":"https:\/\/binary-option.co\/es\/binary-com-opiniones\/","url":"https:\/\/binary-option.co\/es\/binary-com-opiniones\/","name":"Binary.com Opiniones 2023 : \u00bfEs una estafa o un broker de confianza?","isPartOf":{"@id":"https:\/\/binary-option.co\/es\/#website"},"datePublished":"2022-04-01T16:26:17+00:00","dateModified":"2023-01-14T18:04:33+00:00","breadcrumb":{"@id":"https:\/\/binary-option.co\/es\/binary-com-opiniones\/#breadcrumb"},"inLanguage":"es","potentialAction":[{"@type":"ReadAction","target":["https:\/\/binary-option.co\/es\/binary-com-opiniones\/"]}]},{"@type":"BreadcrumbList","@id":"https:\/\/binary-option.co\/es\/binary-com-opiniones\/#breadcrumb","itemListElement":[{"@type":"ListItem","position":1,"name":"Home","item":"https:\/\/binary-option.co\/es\/"},{"@type":"ListItem","position":2,"name":"Binary.com Opiniones"}]},{"@type":"WebSite","@id":"https:\/\/binary-option.co\/es\/#website","url":"https:\/\/binary-option.co\/es\/","name":"OpcionesBinarias.info","description":"Opciones binarias en Espa\u00f1a y America latina","publisher":{"@id":"https:\/\/binary-option.co\/es\/#organization"},"potentialAction":[{"@type":"SearchAction","target":{"@type":"EntryPoint","urlTemplate":"https:\/\/binary-option.co\/es\/?s={search_term_string}"},"query-input":"required name=search_term_string"}],"inLanguage":"es"},{"@type":"Organization","@id":"https:\/\/binary-option.co\/es\/#organization","name":"OpcionesBinarias.info","url":"https:\/\/binary-option.co\/es\/","logo":{"@type":"ImageObject","inLanguage":"es","@id":"https:\/\/binary-option.co\/es\/#\/schema\/logo\/image\/","url":"https:\/\/binary-option.co\/es\/wp-content\/uploads\/sites\/13\/2020\/12\/binary-option.co_.png","contentUrl":"https:\/\/binary-option.co\/es\/wp-content\/uploads\/sites\/13\/2020\/12\/binary-option.co_.png","width":398,"height":66,"caption":"OpcionesBinarias.info"},"image":{"@id":"https:\/\/binary-option.co\/es\/#\/schema\/logo\/image\/"}}]}},"_links":{"self":[{"href":"https:\/\/binary-option.co\/es\/wp-json\/wp\/v2\/pages\/277"}],"collection":[{"href":"https:\/\/binary-option.co\/es\/wp-json\/wp\/v2\/pages"}],"about":[{"href":"https:\/\/binary-option.co\/es\/wp-json\/wp\/v2\/types\/page"}],"author":[{"embeddable":true,"href":"https:\/\/binary-option.co\/es\/wp-json\/wp\/v2\/users\/1"}],"replies":[{"embeddable":true,"href":"https:\/\/binary-option.co\/es\/wp-json\/wp\/v2\/comments?post=277"}],"version-history":[{"count":3,"href":"https:\/\/binary-option.co\/es\/wp-json\/wp\/v2\/pages\/277\/revisions"}],"predecessor-version":[{"id":281,"href":"https:\/\/binary-option.co\/es\/wp-json\/wp\/v2\/pages\/277\/revisions\/281"}],"wp:attachment":[{"href":"https:\/\/binary-option.co\/es\/wp-json\/wp\/v2\/media?parent=277"}],"curies":[{"name":"wp","href":"https:\/\/api.w.org\/{rel}","templated":true}]}}