{"id":274,"date":"2022-03-31T22:56:01","date_gmt":"2022-03-31T22:56:01","guid":{"rendered":"https:\/\/binary-option.co\/es\/?page_id=274"},"modified":"2023-01-14T18:03:45","modified_gmt":"2023-01-14T18:03:45","slug":"iqcent-opiniones","status":"publish","type":"page","link":"https:\/\/binary-option.co\/es\/iqcent-opiniones\/","title":{"rendered":"IQCent Opiniones"},"content":{"rendered":"\n<div class=\"wp-block-columns is-layout-flex wp-container-core-columns-layout-1 wp-block-columns-is-layout-flex\">\n<div class=\"wp-block-column is-layout-flow wp-block-column-is-layout-flow\" style=\"flex-basis:33.33%\">\n<figure class=\"wp-block-image size-large\"><a href=\"https:\/\/binary-option.co\/go\/iqcent.com\" target=\"_blank\" rel=\"noopener\"><img decoding=\"async\" src=\"https:\/\/binary-option.co\/wp-content\/uploads\/2021\/10\/iqcent-logo.png\" alt=\"\" class=\"wp-image-1109\"\/><\/a><\/figure>\n<\/div>\n\n\n\n<div class=\"wp-block-column is-layout-flow wp-block-column-is-layout-flow\" style=\"flex-basis:66.66%\">\n<p><strong>Clasificaci\u00f3n:<\/strong> <div itemprop=\"reviewRating\" itemscope itemtype=\"http:\/\/schema.org\/Rating\" class=\"usr\"><meta itemprop=\"worstRating\" content=\"0\" \/><meta itemprop=\"ratingValue\" content=\"4\" \/><meta itemprop=\"bestRating\" content=\"5\" \/><img decoding=\"async\" class=\"usr\" src=\"https:\/\/binary-option.co\/es\/wp-content\/plugins\/universal-star-rating\/includes\/image.php?img=06.png&amp;px=16&amp;max=5&amp;rat=4\" alt=\"4 out of 5 stars\" style=\"height: 16px !important;\" \/><\/div><\/p>\n\n\n\n<ul id=\"block-48994b58-cb5d-4105-94aa-8811d40674ea\"><li>Pago de hasta el 95 % (el monto se acredita en la cuenta en caso de una inversi\u00f3n exitosa)<\/li><li>Hasta 200% de bonificaci\u00f3n (c\u00f3digo de promoci\u00f3n IQCent LIMBO20)<\/li><li>$20 min.&nbsp;Depositar<\/li><\/ul>\n\n\n\n<p class=\"has-text-align-center\"><a class=\"maxbutton-2 maxbutton maxbutton-big-button\" target=\"_blank\" title=\"Visite la p\u00e1gina web oficial\" rel=\"nofollow noopener\" href=\"https:\/\/binary-option.co\/go\/iqcent.com\"><span class='mb-text'>Visite el Broker<\/span><\/a><\/p>\n\n\n\n<p class=\"has-text-align-center\">Advertencia general de riesgo: su capital est\u00e1 en riesgo<\/p>\n<\/div>\n<\/div>\n\n\n\n<p>Hoy en d\u00eda, m\u00e1s y m\u00e1s personas est\u00e1n aciendo trading online.&nbsp;Ya sea desde la computadora de su hogar o a trav\u00e9s de un smartphone, puede operar en muchas plataformas de trading online desde cualquier parte del mundo.&nbsp;Esta es la raz\u00f3n por la que tantas personas ingresan al trading online, ya sea como fuente de ingresos adicionales o como un trabajo de tiempo completo.<\/p>\n\n\n\n<p>Sin embargo, elegir un buen broker es esencial para su \u00e9xito en el mundo del trading online.&nbsp;Hay muchas estafas y brokers malos, por lo que es normal hacer preguntas sobre la legitimidad de su broker.<\/p>\n\n\n\n<p>En esta rese\u00f1a&nbsp;<strong>analizaremos el br\u00f3ker IQCent y veremos todas las caracter\u00edsticas y servicios que ofrece este br\u00f3ker<\/strong>&nbsp;.&nbsp;Tambi\u00e9n le diremos si realmente vale la pena abrir una cuenta en IQCent.<\/p>\n\n\n\n<figure class=\"wp-block-image\"><a href=\"https:\/\/binary-option.co\/go\/iqcent.com\" target=\"_blank\" rel=\"noreferrer noopener\"><img decoding=\"async\" src=\"https:\/\/binary-option.co\/wp-content\/uploads\/2021\/10\/iqcent-1024x572.png\" alt=\"\" class=\"wp-image-1101\"\/><\/a><\/figure>\n\n\n\n<h2 class=\"wp-block-heading\">\u00bfQu\u00e9 es IQ Cent?<\/h2>\n\n\n\n<p><strong>IQCent es un corredor de Forex, CFD y opciones binarias<\/strong>&nbsp;que comenz\u00f3 su actividad en 2017. IQCent es uno de los \u00fanicos corredores en l\u00ednea que permite a sus clientes operar con posiciones que pueden ser tan bajas como 0.01 centavos.&nbsp;Este broker opera bajo el nombre de Wave Maker LTD y tiene su sede en Majuro, Islas Marshall.<\/p>\n\n\n\n<p>Para garantizar la legitimidad de un broker, la regulaci\u00f3n es un punto importante.&nbsp;Todav\u00eda hay brokers serios no regulados, tambi\u00e9n hay muchos otros que son solo estafas.<\/p>\n\n\n\n<p>IQCent no es uno de los brokers regulados o registrados por un organismo regulador acreditado.&nbsp;Esto no quiere decir que sea un mal br\u00f3ker, pero los clientes que quieran operar con IQCent deben tener cuidado al operar con opciones binarias, forex o CFD con este br\u00f3ker en particular.<\/p>\n\n\n\n<p>Respecto a la protecci\u00f3n de sus datos personales.&nbsp;Un buen punto aqu\u00ed es que no tienes que preocuparte porque&nbsp;<strong>IQ Cent est\u00e1 equipado con un protocolo de seguridad SSL actualizado<\/strong>&nbsp;.&nbsp;Esto significa que sus datos est\u00e1n encriptados y los piratas inform\u00e1ticos y otras personas malintencionadas no pueden recuperarlos.<\/p>\n\n\n\n<h2 class=\"wp-block-heading\">Plataforma de negociaci\u00f3n IQCent<\/h2>\n\n\n\n<p><strong>La plataforma de trading IQCent es simple e intuitiva<\/strong>&nbsp;.&nbsp;Fue creado especialmente por el broker para satisfacer las necesidades de sus clientes.&nbsp;Esta plataforma incluye muchos indicadores y herramientas de chartismo muy \u00fatiles en el an\u00e1lisis t\u00e9cnico.<\/p>\n\n\n\n<figure class=\"wp-block-image\"><a href=\"https:\/\/binary-option.co\/go\/iqcent.com\" target=\"_blank\" rel=\"noreferrer noopener\"><img decoding=\"async\" src=\"https:\/\/binary-option.co\/wp-content\/uploads\/2021\/10\/iqcent-trading-platform-1024x509.png\" alt=\"\" class=\"wp-image-1103\"\/><\/a><\/figure>\n\n\n\n<p>A la izquierda de la plataforma de operaciones IQCent se encuentra la lista de activos disponibles.&nbsp;La parte gr\u00e1fica se sit\u00faa en el centro de la pantalla y los men\u00fas que permiten configurar las \u00f3rdenes se encuentran a la derecha de la pantalla con los botones Call y Put.<\/p>\n\n\n\n<p>En esta plataforma de operaciones, tambi\u00e9n encontrar\u00e1 una herramienta de copia de operaciones.&nbsp;Esta herramienta de copy trading le permite copiar las operaciones de otros traders y ganar incluso sin ninguna experiencia de trading.<\/p>\n\n\n\n<p><strong>En general, la plataforma de trading de IQ Cent sigue siendo cl\u00e1sica e integra todos los elementos que uno esperar\u00eda encontrar en una plataforma de negociaci\u00f3n de opciones binarias, forex y CFD.<\/strong><\/p>\n\n\n\n<figure class=\"wp-block-image\"><a href=\"https:\/\/binary-option.co\/go\/iqcent.com\" target=\"_blank\" rel=\"noreferrer noopener\"><img decoding=\"async\" src=\"https:\/\/binary-option.co\/wp-content\/uploads\/2021\/10\/iqcent-copy-trading-1024x689.png\" alt=\"\" class=\"wp-image-1105\"\/><\/a><\/figure>\n\n\n\n<h2 class=\"wp-block-heading\">Activos<\/h2>\n\n\n\n<p>IQCent ofrece a estos clientes no menos de 100 activos para operar.&nbsp;Entre estos activos se pueden encontrar:<\/p>\n\n\n\n<ul><li>Comportamiento<\/li><li>Cripto<\/li><li>Materias primas<\/li><li>\u00cdndice<\/li><li>Divisas<\/li><\/ul>\n\n\n\n<p>En IQCent, encontrar\u00e1 muchos de los activos m\u00e1s populares, como los principales pares de divisas, petr\u00f3leo, acciones y muchos otros activos populares.<\/p>\n\n\n\n<p>No dude en leer la&nbsp;<strong>lista de todos los activos disponibles en la plataforma web de IQ Cent<\/strong>&nbsp;.&nbsp;Tenga en cuenta que la lista de activos en forma de opci\u00f3n no es la misma que la lista de activos que se ofrecen en forma de CFD.<\/p>\n\n\n\n<p>La plataforma de IQCent le permite&nbsp;<strong>operar con divisas y CFD con un apalancamiento de 1:100<\/strong>&nbsp;y puede alcanzar hasta 1:500 en algunos activos.&nbsp;El apalancamiento var\u00eda seg\u00fan el activo.<\/p>\n\n\n\n<p>Puede operar las 24 horas del d\u00eda, los 7 d\u00edas de la semana en IQCent.&nbsp;Sin embargo, tenga en cuenta que algunos mercados est\u00e1n cerrados los fines de semana o en ciertos horarios.&nbsp;Las criptomonedas en forma de opciones o CFD se pueden negociar en cualquier momento.<\/p>\n\n\n\n<p>Un buen punto aqu\u00ed es que&nbsp;<strong>IQ Cent no cobra tarifas en el trading de Forex, CFD y opciones<\/strong>&nbsp;.&nbsp;Sin embargo, el broker puede cobrar una tarifa seg\u00fan su m\u00e9todo de retiro.&nbsp;Puede encontrar m\u00e1s informaci\u00f3n sobre esto en la secci\u00f3n de retiro a continuaci\u00f3n.<\/p>\n\n\n\n<ul><li>IQCent Dep\u00f3sito m\u00ednimo de $20<\/li><li>Retorno del 95%+ para el comercio de opciones<\/li><li>Apalancamiento de hasta 1:500 en operaciones con CFD<\/li><li>Tarifas fijas de negociaci\u00f3n de CFD de hasta el 5 %<\/li><li>M\u00faltiples m\u00e9todos de pago<\/li><li>Soporte 24\/7<\/li><li>Plataforma web \u00fanica<\/li><\/ul>\n\n\n\n<h2 class=\"wp-block-heading\">Cuentas IQ Cent<\/h2>\n\n\n\n<ul><li>IQCent ofrece la posibilidad de abrir 3 tipos de cuentas:<\/li><li>Bronce (dep\u00f3sitos entre $10 y $250)<\/li><li>Plata (dep\u00f3sitos entre $250 y $1,000)<\/li><li>Oro (dep\u00f3sitos superiores a $ 1,000).<\/li><\/ul>\n\n\n\n<p>Entre las cuentas que se ofrecen, cada tipo de cuenta tiene un porcentaje de bonificaci\u00f3n diferente (del 20 al 100%), adem\u00e1s de la bonificaci\u00f3n que se ofrece, estas cuentas est\u00e1n asociadas a otros beneficios como la obtenci\u00f3n de un administrador personal y webinars (sesi\u00f3n web) para Plata. y cuentas de oro.<\/p>\n\n\n\n<h2 class=\"wp-block-heading\">Dep\u00f3sitos y retiros de IQCent<\/h2>\n\n\n\n<p><strong>IQCent dispone de multitud de m\u00e9todos de pago<\/strong>&nbsp;para realizar tus dep\u00f3sitos y retiradas, con m\u00e1s de 10 opciones de pago.&nbsp;Puede relocalizar sus retiros a trav\u00e9s de criptomonedas, tarjeta de&nbsp;<strong>cr\u00e9dito\/d\u00e9bito y otros medios de pago como monederos electr\u00f3nicos.<\/strong><\/p>\n\n\n\n<figure class=\"wp-block-image\"><a href=\"https:\/\/binary-option.co\/go\/iqcent.com\" target=\"_blank\" rel=\"noreferrer noopener\"><img decoding=\"async\" src=\"https:\/\/binary-option.co\/wp-content\/uploads\/2021\/10\/iqcent-funding-methods-1024x942.png\" alt=\"\" class=\"wp-image-1106\"\/><\/a><\/figure>\n\n\n\n<h2 class=\"wp-block-heading\">Preste atenci\u00f3n a las condiciones de turnover importantes<\/h2>\n\n\n\n<p>Un punto importante para recordar acerca de los retiros,&nbsp;<strong>IQCent requiere que opere una cierta cantidad antes de poder retirar sus fondos sin cargo<\/strong>&nbsp;, incluso si est\u00e1 utilizando un bono o operando sin un bono.<\/p>\n\n\n\n<p>IQCent cobra una tarifa de retiro del 20% si desea retirar su dinero antes de haber negociado el equivalente al 300% de su saldo (para cuentas con bonos) o el 100% de la facturaci\u00f3n (para cuentas sin bonos)<\/p>\n\n\n\n<h2 class=\"wp-block-heading\">Concurso de comercio IQCent<\/h2>\n\n\n\n<p>Cada semana,&nbsp;<strong>IQ Cent organiza torneos de trading y ofrece al ganador $ 20,000 en premios<\/strong>&nbsp;.&nbsp;Todos los traders califican autom\u00e1ticamente para participar en la competencia de trading semanal.&nbsp;IQ Cent tambi\u00e9n ofrece obsequios todos los meses como iPhone 11 Pro,<br>AirPods, Apple Watch.<\/p>\n\n\n\n<figure class=\"wp-block-image\"><a href=\"https:\/\/binary-option.co\/go\/iqcent.com\" target=\"_blank\" rel=\"noreferrer noopener\"><img decoding=\"async\" src=\"https:\/\/binary-option.co\/wp-content\/uploads\/2021\/10\/iqcent-trading-contest-1024x702.png\" alt=\"\" class=\"wp-image-1107\"\/><\/a><\/figure>\n\n\n\n<h2 class=\"wp-block-heading\">Conclusi\u00f3n de la revisi\u00f3n de IQCent<\/h2>\n\n\n\n<p><strong>IQCent no es una estafa<\/strong>&nbsp;.&nbsp;Sin embargo, este broker tiene algunos inconvenientes que podr\u00edan desanimar a algunos traders, como el requisito de volumen de negocios para realizar retiros gratuitos o la imposibilidad de abrir una cuenta demo de forma gratuita sin un dep\u00f3sito.<\/p>\n\n\n\n<p>Si estas condiciones no le convienen, puede ir a ver nuestras otras opiniones sobre brokers o nuestra comparaci\u00f3n de los mejores brokers que enumera los mejores brokers de opciones binarias con una cuenta de demostraci\u00f3n gratuita y sin ninguna restricci\u00f3n en los retiros.<\/p>\n\n\n\n<p class=\"has-text-align-center\"><a class=\"maxbutton-2 maxbutton maxbutton-big-button\" target=\"_blank\" title=\"Visite la p\u00e1gina web oficial\" rel=\"nofollow noopener\" href=\"https:\/\/binary-option.co\/go\/iqcent.com\"><span class='mb-text'>Visite el Broker<\/span><\/a><\/p>\n\n\n\n<p class=\"has-text-align-center\"><strong>Use el c\u00f3digo de promoci\u00f3n de IQCent LIMBO20 para obtener una bonificaci\u00f3n del 200 %<\/strong><\/p>\n","protected":false},"excerpt":{"rendered":"<p>Clasificaci\u00f3n: Pago de hasta el 95 % (el monto se acredita en la cuenta en caso de una inversi\u00f3n exitosa) Hasta 200% de bonificaci\u00f3n (c\u00f3digo de promoci\u00f3n IQCent LIMBO20) $20 min.&nbsp;Depositar Advertencia general de riesgo: su capital est\u00e1 en riesgo Hoy en d\u00eda, m\u00e1s y m\u00e1s personas est\u00e1n aciendo trading online.&nbsp;Ya sea desde la computadora [&hellip;]<\/p>\n","protected":false},"author":1,"featured_media":0,"parent":0,"menu_order":0,"comment_status":"closed","ping_status":"closed","template":"","meta":{"footnotes":""},"yoast_head":"<!-- This site is optimized with the Yoast SEO plugin v21.9.1 - https:\/\/yoast.com\/wordpress\/plugins\/seo\/ -->\n<title>IQCent Opiniones 2023 \u00bfEs una estafa o un Broker de confianza?<\/title>\n<meta name=\"robots\" content=\"index, follow, max-snippet:-1, max-image-preview:large, max-video-preview:-1\" \/>\n<link rel=\"canonical\" href=\"https:\/\/binary-option.co\/es\/iqcent-opiniones\/\" \/>\n<meta property=\"og:locale\" content=\"es_ES\" \/>\n<meta property=\"og:type\" content=\"article\" \/>\n<meta property=\"og:title\" content=\"IQCent Opiniones 2023 \u00bfEs una estafa o un Broker de confianza?\" \/>\n<meta property=\"og:description\" content=\"Clasificaci\u00f3n: Pago de hasta el 95 % (el monto se acredita en la cuenta en caso de una inversi\u00f3n exitosa) Hasta 200% de bonificaci\u00f3n (c\u00f3digo de promoci\u00f3n IQCent LIMBO20) $20 min.&nbsp;Depositar Advertencia general de riesgo: su capital est\u00e1 en riesgo Hoy en d\u00eda, m\u00e1s y m\u00e1s personas est\u00e1n aciendo trading online.&nbsp;Ya sea desde la computadora [&hellip;]\" \/>\n<meta property=\"og:url\" content=\"https:\/\/binary-option.co\/es\/iqcent-opiniones\/\" \/>\n<meta property=\"og:site_name\" content=\"OpcionesBinarias.info\" \/>\n<meta property=\"article:modified_time\" content=\"2023-01-14T18:03:45+00:00\" \/>\n<meta property=\"og:image\" content=\"https:\/\/binary-option.co\/wp-content\/uploads\/2021\/10\/iqcent-logo.png\" \/>\n<meta name=\"twitter:card\" content=\"summary_large_image\" \/>\n<meta name=\"twitter:label1\" content=\"Tiempo de lectura\" \/>\n\t<meta name=\"twitter:data1\" content=\"7 minutos\" \/>\n<script type=\"application\/ld+json\" class=\"yoast-schema-graph\">{\"@context\":\"https:\/\/schema.org\",\"@graph\":[{\"@type\":\"WebPage\",\"@id\":\"https:\/\/binary-option.co\/es\/iqcent-opiniones\/\",\"url\":\"https:\/\/binary-option.co\/es\/iqcent-opiniones\/\",\"name\":\"IQCent Opiniones 2023 \u00bfEs una estafa o un Broker de confianza?\",\"isPartOf\":{\"@id\":\"https:\/\/binary-option.co\/es\/#website\"},\"datePublished\":\"2022-03-31T22:56:01+00:00\",\"dateModified\":\"2023-01-14T18:03:45+00:00\",\"breadcrumb\":{\"@id\":\"https:\/\/binary-option.co\/es\/iqcent-opiniones\/#breadcrumb\"},\"inLanguage\":\"es\",\"potentialAction\":[{\"@type\":\"ReadAction\",\"target\":[\"https:\/\/binary-option.co\/es\/iqcent-opiniones\/\"]}]},{\"@type\":\"BreadcrumbList\",\"@id\":\"https:\/\/binary-option.co\/es\/iqcent-opiniones\/#breadcrumb\",\"itemListElement\":[{\"@type\":\"ListItem\",\"position\":1,\"name\":\"Home\",\"item\":\"https:\/\/binary-option.co\/es\/\"},{\"@type\":\"ListItem\",\"position\":2,\"name\":\"IQCent Opiniones\"}]},{\"@type\":\"WebSite\",\"@id\":\"https:\/\/binary-option.co\/es\/#website\",\"url\":\"https:\/\/binary-option.co\/es\/\",\"name\":\"OpcionesBinarias.info\",\"description\":\"Opciones binarias en Espa\u00f1a y America latina\",\"publisher\":{\"@id\":\"https:\/\/binary-option.co\/es\/#organization\"},\"potentialAction\":[{\"@type\":\"SearchAction\",\"target\":{\"@type\":\"EntryPoint\",\"urlTemplate\":\"https:\/\/binary-option.co\/es\/?s={search_term_string}\"},\"query-input\":\"required name=search_term_string\"}],\"inLanguage\":\"es\"},{\"@type\":\"Organization\",\"@id\":\"https:\/\/binary-option.co\/es\/#organization\",\"name\":\"OpcionesBinarias.info\",\"url\":\"https:\/\/binary-option.co\/es\/\",\"logo\":{\"@type\":\"ImageObject\",\"inLanguage\":\"es\",\"@id\":\"https:\/\/binary-option.co\/es\/#\/schema\/logo\/image\/\",\"url\":\"https:\/\/binary-option.co\/es\/wp-content\/uploads\/sites\/13\/2020\/12\/binary-option.co_.png\",\"contentUrl\":\"https:\/\/binary-option.co\/es\/wp-content\/uploads\/sites\/13\/2020\/12\/binary-option.co_.png\",\"width\":398,\"height\":66,\"caption\":\"OpcionesBinarias.info\"},\"image\":{\"@id\":\"https:\/\/binary-option.co\/es\/#\/schema\/logo\/image\/\"}}]}<\/script>\n<!-- \/ Yoast SEO plugin. -->","yoast_head_json":{"title":"IQCent Opiniones 2023 \u00bfEs una estafa o un Broker de confianza?","robots":{"index":"index","follow":"follow","max-snippet":"max-snippet:-1","max-image-preview":"max-image-preview:large","max-video-preview":"max-video-preview:-1"},"canonical":"https:\/\/binary-option.co\/es\/iqcent-opiniones\/","og_locale":"es_ES","og_type":"article","og_title":"IQCent Opiniones 2023 \u00bfEs una estafa o un Broker de confianza?","og_description":"Clasificaci\u00f3n: Pago de hasta el 95 % (el monto se acredita en la cuenta en caso de una inversi\u00f3n exitosa) Hasta 200% de bonificaci\u00f3n (c\u00f3digo de promoci\u00f3n IQCent LIMBO20) $20 min.&nbsp;Depositar Advertencia general de riesgo: su capital est\u00e1 en riesgo Hoy en d\u00eda, m\u00e1s y m\u00e1s personas est\u00e1n aciendo trading online.&nbsp;Ya sea desde la computadora [&hellip;]","og_url":"https:\/\/binary-option.co\/es\/iqcent-opiniones\/","og_site_name":"OpcionesBinarias.info","article_modified_time":"2023-01-14T18:03:45+00:00","og_image":[{"url":"https:\/\/binary-option.co\/wp-content\/uploads\/2021\/10\/iqcent-logo.png"}],"twitter_card":"summary_large_image","twitter_misc":{"Tiempo de lectura":"7 minutos"},"schema":{"@context":"https:\/\/schema.org","@graph":[{"@type":"WebPage","@id":"https:\/\/binary-option.co\/es\/iqcent-opiniones\/","url":"https:\/\/binary-option.co\/es\/iqcent-opiniones\/","name":"IQCent Opiniones 2023 \u00bfEs una estafa o un Broker de confianza?","isPartOf":{"@id":"https:\/\/binary-option.co\/es\/#website"},"datePublished":"2022-03-31T22:56:01+00:00","dateModified":"2023-01-14T18:03:45+00:00","breadcrumb":{"@id":"https:\/\/binary-option.co\/es\/iqcent-opiniones\/#breadcrumb"},"inLanguage":"es","potentialAction":[{"@type":"ReadAction","target":["https:\/\/binary-option.co\/es\/iqcent-opiniones\/"]}]},{"@type":"BreadcrumbList","@id":"https:\/\/binary-option.co\/es\/iqcent-opiniones\/#breadcrumb","itemListElement":[{"@type":"ListItem","position":1,"name":"Home","item":"https:\/\/binary-option.co\/es\/"},{"@type":"ListItem","position":2,"name":"IQCent Opiniones"}]},{"@type":"WebSite","@id":"https:\/\/binary-option.co\/es\/#website","url":"https:\/\/binary-option.co\/es\/","name":"OpcionesBinarias.info","description":"Opciones binarias en Espa\u00f1a y America latina","publisher":{"@id":"https:\/\/binary-option.co\/es\/#organization"},"potentialAction":[{"@type":"SearchAction","target":{"@type":"EntryPoint","urlTemplate":"https:\/\/binary-option.co\/es\/?s={search_term_string}"},"query-input":"required name=search_term_string"}],"inLanguage":"es"},{"@type":"Organization","@id":"https:\/\/binary-option.co\/es\/#organization","name":"OpcionesBinarias.info","url":"https:\/\/binary-option.co\/es\/","logo":{"@type":"ImageObject","inLanguage":"es","@id":"https:\/\/binary-option.co\/es\/#\/schema\/logo\/image\/","url":"https:\/\/binary-option.co\/es\/wp-content\/uploads\/sites\/13\/2020\/12\/binary-option.co_.png","contentUrl":"https:\/\/binary-option.co\/es\/wp-content\/uploads\/sites\/13\/2020\/12\/binary-option.co_.png","width":398,"height":66,"caption":"OpcionesBinarias.info"},"image":{"@id":"https:\/\/binary-option.co\/es\/#\/schema\/logo\/image\/"}}]}},"_links":{"self":[{"href":"https:\/\/binary-option.co\/es\/wp-json\/wp\/v2\/pages\/274"}],"collection":[{"href":"https:\/\/binary-option.co\/es\/wp-json\/wp\/v2\/pages"}],"about":[{"href":"https:\/\/binary-option.co\/es\/wp-json\/wp\/v2\/types\/page"}],"author":[{"embeddable":true,"href":"https:\/\/binary-option.co\/es\/wp-json\/wp\/v2\/users\/1"}],"replies":[{"embeddable":true,"href":"https:\/\/binary-option.co\/es\/wp-json\/wp\/v2\/comments?post=274"}],"version-history":[{"count":2,"href":"https:\/\/binary-option.co\/es\/wp-json\/wp\/v2\/pages\/274\/revisions"}],"predecessor-version":[{"id":293,"href":"https:\/\/binary-option.co\/es\/wp-json\/wp\/v2\/pages\/274\/revisions\/293"}],"wp:attachment":[{"href":"https:\/\/binary-option.co\/es\/wp-json\/wp\/v2\/media?parent=274"}],"curies":[{"name":"wp","href":"https:\/\/api.w.org\/{rel}","templated":true}]}}