{"id":271,"date":"2022-03-31T22:28:01","date_gmt":"2022-03-31T22:28:01","guid":{"rendered":"https:\/\/binary-option.co\/es\/?page_id=271"},"modified":"2023-01-14T18:03:28","modified_gmt":"2023-01-14T18:03:28","slug":"binarycent-opiniones","status":"publish","type":"page","link":"https:\/\/binary-option.co\/es\/binarycent-opiniones\/","title":{"rendered":"BinaryCent Opiniones"},"content":{"rendered":"\n<div class=\"wp-block-columns is-layout-flex wp-container-core-columns-layout-1 wp-block-columns-is-layout-flex\">\n<div class=\"wp-block-column is-layout-flow wp-block-column-is-layout-flow\" style=\"flex-basis:33.33%\">\n<figure class=\"wp-block-image size-large\"><a href=\"https:\/\/binary-option.co\/go\/binarycent.com\" target=\"_blank\" rel=\"noopener\"><img decoding=\"async\" src=\"https:\/\/binary-option.co\/wp-content\/uploads\/2021\/05\/binarycent-logo.png\" alt=\"\" class=\"wp-image-505\"\/><\/a><\/figure>\n<\/div>\n\n\n\n<div class=\"wp-block-column is-layout-flow wp-block-column-is-layout-flow\" style=\"flex-basis:66.66%\">\n<p><strong>Clasificaci\u00f3n:<\/strong> <div itemprop=\"reviewRating\" itemscope itemtype=\"http:\/\/schema.org\/Rating\" class=\"usr\"><meta itemprop=\"worstRating\" content=\"0\" \/><meta itemprop=\"ratingValue\" content=\"4,5\" \/><meta itemprop=\"bestRating\" content=\"5\" \/><img decoding=\"async\" class=\"usr\" src=\"https:\/\/binary-option.co\/es\/wp-content\/plugins\/universal-star-rating\/includes\/image.php?img=06.png&amp;px=16&amp;max=5&amp;rat=4.5\" alt=\"4.5 out of 5 stars\" style=\"height: 16px !important;\" \/><\/div><\/p>\n\n\n\n<ul id=\"block-48994b58-cb5d-4105-94aa-8811d40674ea\"><li>Pago de hasta el 95 % (el monto se acredita en la cuenta en caso de una inversi\u00f3n exitosa)<\/li><li>GLOFSA Regulado<\/li><li>Hasta 200% de bonificaci\u00f3n<\/li><li>$250 m\u00edn.&nbsp;Depositar<\/li><\/ul>\n\n\n\n<p class=\"has-text-align-center\"><a class=\"maxbutton-2 maxbutton maxbutton-big-button\" target=\"_blank\" title=\"Visite la p\u00e1gina web oficial\" rel=\"nofollow noopener\" href=\"https:\/\/binary-option.co\/go\/binarycent.com\"><span class='mb-text'>Visite el Broker<\/span><\/a><\/p>\n\n\n\n<p class=\"has-text-align-center\">Advertencia general de riesgo: su capital est\u00e1 en riesgo<\/p>\n<\/div>\n<\/div>\n\n\n\n<p>BinaryCent es una nueva plataforma de trading online creada en 2017. Este br\u00f3ker de opciones binarias, Forex y CFD es administrado por una empresa con el nombre de Wave Makers LTD, una empresa con sede en Trust Company Complex, Ajeltake Road, Ajeltake Island, Majuro, Islas Marshall .&nbsp;BinaryCent es un broker para el trading de opciones binarias, as\u00ed como de divisas al contado y contratos por diferencia (CFD).<\/p>\n\n\n\n<figure class=\"wp-block-image\"><a href=\"https:\/\/binary-option.co\/go\/binarycent.com\" target=\"_blank\" rel=\"noreferrer noopener\"><img decoding=\"async\" src=\"https:\/\/binary-option.co\/wp-content\/uploads\/2021\/10\/BinaryCent-review-1024x596.png\" alt=\"\" class=\"wp-image-1091\"\/><\/a><\/figure>\n\n\n\n<h2 class=\"wp-block-heading\">Regulaci\u00f3n y Reputaci\u00f3n<\/h2>\n\n\n\n<p><strong>BinaryCent es un corredor que ofrece opciones binarias, forex y CFD<\/strong>&nbsp;y esta regulado por la Autoridad de Servicios Financieros Globales (GLOFSA).&nbsp;Esto se debe al hecho de que BinaryCent opera bajo el nombre de la empresa Wave Makers LTD.<\/p>\n\n\n\n<p>A diferencia de otros brokers que se enfocan en el mercado p\u00fablico en general;&nbsp;BinaryCent es un broker que se especializa en proporcionar corretaje en l\u00ednea para peque\u00f1os traders.&nbsp;Es por esta raz\u00f3n que&nbsp;<strong>BinaryCent es uno de los \u00fanicos brokers que permite operar en l\u00ednea con una inversi\u00f3n m\u00ednima de 10 centavos<\/strong>&nbsp;.<\/p>\n\n\n\n<h3 class=\"wp-block-heading\">\u00bfBinaryCent es leg\u00edtimo?<\/h3>\n\n\n\n<p>S\u00ed, por supuesto.&nbsp;<strong>BinaryCent es un broker de opciones binarias, forex y CFD de buena reputaci\u00f3n<\/strong>&nbsp;.&nbsp;Este broker est\u00e1 regulado por reguladores globales como la Autoridad de Servicios Financieros Globales (GLOFSA), lo que demuestra que BinaryCent es un broker leg\u00edtimo y serio.<\/p>\n\n\n\n<figure class=\"wp-block-image\"><a href=\"https:\/\/binary-option.co\/go\/binarycent.com\" target=\"_blank\" rel=\"noreferrer noopener\"><img decoding=\"async\" src=\"https:\/\/binary-option.co\/wp-content\/uploads\/2021\/10\/BinaryCent-797x1024.png\" alt=\"\" class=\"wp-image-1095\"\/><\/a><\/figure>\n\n\n\n<h2 class=\"wp-block-heading\">Plataforma de comercio BinaryCent<\/h2>\n\n\n\n<p>BinaryCent ofrece a estos usuarios una plataforma de trading basada en la web,&nbsp;<strong>la plataforma de trading BinaryCent se puede utilizar en la mayor\u00eda de los navegadores web.&nbsp;<\/strong>Por lo tanto, no tuvo que descargar ning\u00fan software en su computadora.&nbsp;Solo necesita una conexi\u00f3n a Internet y un navegador web en cualquier dispositivo para comenzar.<\/p>\n\n\n\n<p>La plataforma de trading web tiene muchas herramientas, como gr\u00e1ficos de trading y muchos indicadores t\u00e9cnicos para ayudarlo en su an\u00e1lisis t\u00e9cnico de los mercados y tomar una posici\u00f3n informada.&nbsp;En general, la plataforma de trading de BinaryCent es intuitiva y f\u00e1cil de usar, lo cual es bueno para este corredor.<\/p>\n\n\n\n<h2 class=\"wp-block-heading\">Copiar comercio<\/h2>\n\n\n\n<p><strong>BinaryCent.com tambi\u00e9n ofrece una opci\u00f3n de copy trading<\/strong>&nbsp;.&nbsp;esta funci\u00f3n le permite copiar las operaciones del mejor operador y replicar autom\u00e1ticamente su desempe\u00f1o.&nbsp;Puede elegir qu\u00e9 trader copiar en funci\u00f3n de diferentes par\u00e1metros, como la tasa de ganancias.&nbsp;Esta caracter\u00edstica es muy popular entre aquellos que son nuevos en el trading o que quieren aprender de un operador m\u00e1s experimentado.<\/p>\n\n\n\n<figure class=\"wp-block-image\"><a href=\"https:\/\/binary-option.co\/go\/binarycent.com\" target=\"_blank\" rel=\"noreferrer noopener\"><img decoding=\"async\" src=\"https:\/\/binary-option.co\/wp-content\/uploads\/2021\/10\/BinaryCent-copy-trading-1024x858.png\" alt=\"\" class=\"wp-image-1092\"\/><\/a><\/figure>\n\n\n\n<h2 class=\"wp-block-heading\">Aplicaci\u00f3n m\u00f3vil BinaryCent<\/h2>\n\n\n\n<figure class=\"wp-block-image\"><a href=\"https:\/\/binary-option.co\/go\/binarycent.com\" target=\"_blank\" rel=\"noreferrer noopener\"><img decoding=\"async\" src=\"https:\/\/binary-option.co\/wp-content\/uploads\/2021\/10\/BinaryCent-app--1024x460.png\" alt=\"\" class=\"wp-image-1093\"\/><\/a><\/figure>\n\n\n\n<p>Este broker tambi\u00e9n le proporciona una aplicaci\u00f3n m\u00f3vil gratuita.&nbsp;Esto le permite operar sobre la marcha a trav\u00e9s de sus smartphones o tabletas.&nbsp;<strong>Puede descargar la aplicaci\u00f3n de trading BinaryCent desde Apple App Store (iOS \u2013 iPhone y iPad), as\u00ed como desde Google Playstore para dispositivos Android<\/strong>&nbsp;.&nbsp;En el aspecto funcional, la aplicaci\u00f3n de trading proporcionada por BinaryCent tiene las mismas opciones y funciones que la plataforma de trading web.&nbsp;Sin embargo, la aplicaci\u00f3n est\u00e1 m\u00e1s optimizada para pantallas peque\u00f1as de smatphones y dispositivos m\u00f3viles, lo que brinda una mejor experiencia de usuario en pantallas peque\u00f1as.<\/p>\n\n\n\n<h2 class=\"wp-block-heading\">Bienes e instrumentos<\/h2>\n\n\n\n<p>Puede operar con las siguientes clases de activos en BinaryCent:<br>\u2022 Forex<br>\u2022 Acciones<br>\u2022 \u00cdndices burs\u00e1tiles<br>\u2022 Materias primas<br>\u2022 Criptomonedas<\/p>\n\n\n\n<p>BinaryCent tambi\u00e9n ofrece la posibilidad de utilizar un&nbsp;<strong>apalancamiento m\u00e1ximo de 1:100 para el trading de forex y CFD<\/strong>&nbsp;.&nbsp;Este nuevo broker est\u00e1 evolucionando y agregando m\u00e1s y m\u00e1s acciones y activos nuevos para operar.&nbsp;Este broker est\u00e1 particularmente interesado en operar con criptomonedas y agrega nuevos activos a su lista de activos disponibles para operar.<\/p>\n\n\n\n<h2 class=\"wp-block-heading\">Dep\u00f3sito y retiro de BinaryCent<\/h2>\n\n\n\n<p>Para depositar y retirar dinero de sus cuentas de trading, BinaryCent tiene varios m\u00e9todos de pago para financiar sus cuentas de trading.&nbsp;Con este br\u00f3ker podr\u00e1s financiar tu cuenta y realizar retiros a trav\u00e9s de tarjetas de cr\u00e9dito y d\u00e9bito VISA y Mastercard as\u00ed como multitud de monederos electr\u00f3nicos como Skrill, Neteller y WebMoney<\/p>\n\n\n\n<figure class=\"wp-block-image\"><a href=\"https:\/\/binary-option.co\/go\/binarycent.com\" target=\"_blank\" rel=\"noreferrer noopener\"><img decoding=\"async\" src=\"https:\/\/binary-option.co\/wp-content\/uploads\/2021\/10\/BinaryCent-deposit-and-withdrawal-1024x449.png\" alt=\"\" class=\"wp-image-1094\"\/><\/a><\/figure>\n\n\n\n<p>BinaryCent tambi\u00e9n acepta dep\u00f3sitos y retiros en criptomonedas como Bitcoin, Ethereum, Dash, Litecoin.&nbsp;Para retiros, tambi\u00e9n puede usar los mismos m\u00e9todos.&nbsp;Tenga en cuenta que se cobra una tarifa del 5% en los retiros con tarjeta de cr\u00e9dito.&nbsp;Aparte de este detalle, BinaryCent no cobra ninguna tarifa de retiro por otros m\u00e9todos de pago.<\/p>\n\n\n\n<p>Los retiros de efectivo tienen un m\u00ednimo de $ 50 y se procesan en una hora.<\/p>\n\n\n\n<h2 class=\"wp-block-heading\">Bonos y promociones BinaryCent<\/h2>\n\n\n\n<p><strong>BinaryCent ofrece bonos del 20% al 100%.&nbsp;<\/strong>el monto de la bonificaci\u00f3n var\u00eda seg\u00fan la cuenta de trading en la que se haya registrado el trader.&nbsp;El dep\u00f3sito m\u00ednimo en BinaryCent es de $ 250 y le da acceso a la cuenta b\u00e1sica.&nbsp;Otras cuentas de trading disponibles de este corredor pueden ofrecer bonos m\u00e1s altos.<\/p>\n\n\n\n<p>Sin embargo, siempre se recomienda mirar los t\u00e9rminos y condiciones en cuanto a la concesi\u00f3n de estos bonos.&nbsp;<strong>Despu\u00e9s de aceptar un bono, puede retirar su dinero con la condici\u00f3n de que cumpla con un volumen m\u00ednimo de negociaci\u00f3n (facturaci\u00f3n)<\/strong>&nbsp;requerido por la empresa.<\/p>\n\n\n\n<p>Adem\u00e1s de los bonos de dep\u00f3sito, BinaryCent ha ofrecido a estos usuarios otras promociones exclusivas, como \u00aboperaciones sin riesgo\u00bb, as\u00ed como concursos de trading organizados por el broker.&nbsp;Las operaciones sin riesgo se ofrecen al comerciante con una cuenta Gold.&nbsp;Esta promoci\u00f3n compensa las p\u00e9rdidas del trader, si las primeras 3 operaciones son perdedoras.<\/p>\n\n\n\n<p>BinaryCent tambi\u00e9n&nbsp;<strong>ofrece la posibilidad de participar en concursos de trading con un pozo de premios de $20,000<\/strong>&nbsp;.&nbsp;Cada semana se seleccionan 20 ganadores.<\/p>\n\n\n\n<h2 class=\"wp-block-heading\">Cuentas de trading BinaryCent<\/h2>\n\n\n\n<p>BinaryCent ofrece a estos clientes 3 tipos diferentes de cuentas comerciales:<\/p>\n\n\n\n<p><strong>Cuenta comercial de bronce<\/strong>&nbsp;:<\/p>\n\n\n\n<ul><li>Dep\u00f3sito m\u00ednimo de $250<\/li><li>Bono de dep\u00f3sito del 20%<\/li><li>Soporte de chat de video en vivo<\/li><li>Retiro de 1 hora<\/li><\/ul>\n\n\n\n<p><strong>Cuenta comercial de plata<\/strong>&nbsp;:<\/p>\n\n\n\n<ul><li>Dep\u00f3sito m\u00ednimo de $1000<\/li><li>bono de dep\u00f3sito del 50%<\/li><li>Soporte de chat de video en vivo<\/li><li>Clase maestra<\/li><li>retiro de 1 hora<\/li><\/ul>\n\n\n\n<p><strong>Cuenta de operaciones de oro<\/strong>&nbsp;:<\/p>\n\n\n\n<ul><li>Dep\u00f3sito m\u00ednimo de $ 3000<br>Bono de dep\u00f3sito del 100%<br>Soporte de chat de video en vivo<\/li><li>Clase maestra<\/li><li>3 operaciones sin riesgo<\/li><li>Administrador personal Retiro<br>de 1 hora<\/li><\/ul>\n\n\n\n<h2 class=\"wp-block-heading\">Atenci\u00f3n al cliente<\/h2>\n\n\n\n<p><strong>BinaryCent ofrece servicio al cliente 24\/7<\/strong>&nbsp;.&nbsp;Puede comunicarse f\u00e1cilmente con el equipo de soporte a trav\u00e9s de varios medios de comunicaci\u00f3n, como chat en vivo, a trav\u00e9s de su formulario de contacto disponible en su sitio web o llam\u00e1ndolos por tel\u00e9fono.<\/p>\n\n\n\n<h2 class=\"wp-block-heading\">Informaci\u00f3n de la empresa y detalles de contacto<\/h2>\n\n\n\n<p>BinaryCent.com es un broker de propiedad y operado por Wave Makers LTD.&nbsp;El sitio web dice que la empresa est\u00e1 registrada a nombre de Wave Makers LTD y tiene su sede en Trust Company Complex, Ajeltake Road, Ajeltake Island, Majuro, Islas Marshall.<br>Puede comunicarse con ellos a trav\u00e9s del chat en vivo disponible en su sitio web oficial, as\u00ed como por correo electr\u00f3nico y tel\u00e9fono.&nbsp;Tambi\u00e9n puede contactarlos por correo electr\u00f3nico directamente en su sitio web, el n\u00famero de tel\u00e9fono para el soporte en ingl\u00e9s es + 1-8299476393.<\/p>\n\n\n\n<p>Tambi\u00e9n puede contactarlos a trav\u00e9s de otros idiomas adem\u00e1s del ingl\u00e9s.<\/p>\n\n\n\n<p>el n\u00famero de soporte en ruso<\/p>\n\n\n\n<p>7-499-3806317<\/p>\n\n\n\n<p>en chino<br>3-395-0396<\/p>\n\n\n\n<p>en tailand\u00e9s<br>02-21345671<\/p>\n\n\n\n<p>en Singapur<br>965-65425142<\/p>\n\n\n\n<p>en Australia<br>61-8-5550-7288<\/p>\n\n\n\n<p class=\"has-text-align-center\"><a class=\"maxbutton-2 maxbutton maxbutton-big-button\" target=\"_blank\" title=\"Visite la p\u00e1gina web oficial\" rel=\"nofollow noopener\" href=\"https:\/\/binary-option.co\/go\/binarycent.com\"><span class='mb-text'>Visite el Broker<\/span><\/a><\/p>\n","protected":false},"excerpt":{"rendered":"<p>Clasificaci\u00f3n: Pago de hasta el 95 % (el monto se acredita en la cuenta en caso de una inversi\u00f3n exitosa) GLOFSA Regulado Hasta 200% de bonificaci\u00f3n $250 m\u00edn.&nbsp;Depositar Advertencia general de riesgo: su capital est\u00e1 en riesgo BinaryCent es una nueva plataforma de trading online creada en 2017. Este br\u00f3ker de opciones binarias, Forex y [&hellip;]<\/p>\n","protected":false},"author":1,"featured_media":0,"parent":0,"menu_order":0,"comment_status":"closed","ping_status":"closed","template":"","meta":{"footnotes":""},"yoast_head":"<!-- This site is optimized with the Yoast SEO plugin v21.9.1 - https:\/\/yoast.com\/wordpress\/plugins\/seo\/ -->\n<title>BinaryCent Opiniones 2023 \u00bfEs confiable o es una estafa?<\/title>\n<meta name=\"robots\" content=\"index, follow, max-snippet:-1, max-image-preview:large, max-video-preview:-1\" \/>\n<link rel=\"canonical\" href=\"https:\/\/binary-option.co\/es\/binarycent-opiniones\/\" \/>\n<meta property=\"og:locale\" content=\"es_ES\" \/>\n<meta property=\"og:type\" content=\"article\" \/>\n<meta property=\"og:title\" content=\"BinaryCent Opiniones 2023 \u00bfEs confiable o es una estafa?\" \/>\n<meta property=\"og:description\" content=\"Clasificaci\u00f3n: Pago de hasta el 95 % (el monto se acredita en la cuenta en caso de una inversi\u00f3n exitosa) GLOFSA Regulado Hasta 200% de bonificaci\u00f3n $250 m\u00edn.&nbsp;Depositar Advertencia general de riesgo: su capital est\u00e1 en riesgo BinaryCent es una nueva plataforma de trading online creada en 2017. Este br\u00f3ker de opciones binarias, Forex y [&hellip;]\" \/>\n<meta property=\"og:url\" content=\"https:\/\/binary-option.co\/es\/binarycent-opiniones\/\" \/>\n<meta property=\"og:site_name\" content=\"OpcionesBinarias.info\" \/>\n<meta property=\"article:modified_time\" content=\"2023-01-14T18:03:28+00:00\" \/>\n<meta property=\"og:image\" content=\"https:\/\/binary-option.co\/wp-content\/uploads\/2021\/05\/binarycent-logo.png\" \/>\n<meta name=\"twitter:card\" content=\"summary_large_image\" \/>\n<meta name=\"twitter:label1\" content=\"Tiempo de lectura\" \/>\n\t<meta name=\"twitter:data1\" content=\"7 minutos\" \/>\n<script type=\"application\/ld+json\" class=\"yoast-schema-graph\">{\"@context\":\"https:\/\/schema.org\",\"@graph\":[{\"@type\":\"WebPage\",\"@id\":\"https:\/\/binary-option.co\/es\/binarycent-opiniones\/\",\"url\":\"https:\/\/binary-option.co\/es\/binarycent-opiniones\/\",\"name\":\"BinaryCent Opiniones 2023 \u00bfEs confiable o es una estafa?\",\"isPartOf\":{\"@id\":\"https:\/\/binary-option.co\/es\/#website\"},\"datePublished\":\"2022-03-31T22:28:01+00:00\",\"dateModified\":\"2023-01-14T18:03:28+00:00\",\"breadcrumb\":{\"@id\":\"https:\/\/binary-option.co\/es\/binarycent-opiniones\/#breadcrumb\"},\"inLanguage\":\"es\",\"potentialAction\":[{\"@type\":\"ReadAction\",\"target\":[\"https:\/\/binary-option.co\/es\/binarycent-opiniones\/\"]}]},{\"@type\":\"BreadcrumbList\",\"@id\":\"https:\/\/binary-option.co\/es\/binarycent-opiniones\/#breadcrumb\",\"itemListElement\":[{\"@type\":\"ListItem\",\"position\":1,\"name\":\"Home\",\"item\":\"https:\/\/binary-option.co\/es\/\"},{\"@type\":\"ListItem\",\"position\":2,\"name\":\"BinaryCent Opiniones\"}]},{\"@type\":\"WebSite\",\"@id\":\"https:\/\/binary-option.co\/es\/#website\",\"url\":\"https:\/\/binary-option.co\/es\/\",\"name\":\"OpcionesBinarias.info\",\"description\":\"Opciones binarias en Espa\u00f1a y America latina\",\"publisher\":{\"@id\":\"https:\/\/binary-option.co\/es\/#organization\"},\"potentialAction\":[{\"@type\":\"SearchAction\",\"target\":{\"@type\":\"EntryPoint\",\"urlTemplate\":\"https:\/\/binary-option.co\/es\/?s={search_term_string}\"},\"query-input\":\"required name=search_term_string\"}],\"inLanguage\":\"es\"},{\"@type\":\"Organization\",\"@id\":\"https:\/\/binary-option.co\/es\/#organization\",\"name\":\"OpcionesBinarias.info\",\"url\":\"https:\/\/binary-option.co\/es\/\",\"logo\":{\"@type\":\"ImageObject\",\"inLanguage\":\"es\",\"@id\":\"https:\/\/binary-option.co\/es\/#\/schema\/logo\/image\/\",\"url\":\"https:\/\/binary-option.co\/es\/wp-content\/uploads\/sites\/13\/2020\/12\/binary-option.co_.png\",\"contentUrl\":\"https:\/\/binary-option.co\/es\/wp-content\/uploads\/sites\/13\/2020\/12\/binary-option.co_.png\",\"width\":398,\"height\":66,\"caption\":\"OpcionesBinarias.info\"},\"image\":{\"@id\":\"https:\/\/binary-option.co\/es\/#\/schema\/logo\/image\/\"}}]}<\/script>\n<!-- \/ Yoast SEO plugin. -->","yoast_head_json":{"title":"BinaryCent Opiniones 2023 \u00bfEs confiable o es una estafa?","robots":{"index":"index","follow":"follow","max-snippet":"max-snippet:-1","max-image-preview":"max-image-preview:large","max-video-preview":"max-video-preview:-1"},"canonical":"https:\/\/binary-option.co\/es\/binarycent-opiniones\/","og_locale":"es_ES","og_type":"article","og_title":"BinaryCent Opiniones 2023 \u00bfEs confiable o es una estafa?","og_description":"Clasificaci\u00f3n: Pago de hasta el 95 % (el monto se acredita en la cuenta en caso de una inversi\u00f3n exitosa) GLOFSA Regulado Hasta 200% de bonificaci\u00f3n $250 m\u00edn.&nbsp;Depositar Advertencia general de riesgo: su capital est\u00e1 en riesgo BinaryCent es una nueva plataforma de trading online creada en 2017. Este br\u00f3ker de opciones binarias, Forex y [&hellip;]","og_url":"https:\/\/binary-option.co\/es\/binarycent-opiniones\/","og_site_name":"OpcionesBinarias.info","article_modified_time":"2023-01-14T18:03:28+00:00","og_image":[{"url":"https:\/\/binary-option.co\/wp-content\/uploads\/2021\/05\/binarycent-logo.png"}],"twitter_card":"summary_large_image","twitter_misc":{"Tiempo de lectura":"7 minutos"},"schema":{"@context":"https:\/\/schema.org","@graph":[{"@type":"WebPage","@id":"https:\/\/binary-option.co\/es\/binarycent-opiniones\/","url":"https:\/\/binary-option.co\/es\/binarycent-opiniones\/","name":"BinaryCent Opiniones 2023 \u00bfEs confiable o es una estafa?","isPartOf":{"@id":"https:\/\/binary-option.co\/es\/#website"},"datePublished":"2022-03-31T22:28:01+00:00","dateModified":"2023-01-14T18:03:28+00:00","breadcrumb":{"@id":"https:\/\/binary-option.co\/es\/binarycent-opiniones\/#breadcrumb"},"inLanguage":"es","potentialAction":[{"@type":"ReadAction","target":["https:\/\/binary-option.co\/es\/binarycent-opiniones\/"]}]},{"@type":"BreadcrumbList","@id":"https:\/\/binary-option.co\/es\/binarycent-opiniones\/#breadcrumb","itemListElement":[{"@type":"ListItem","position":1,"name":"Home","item":"https:\/\/binary-option.co\/es\/"},{"@type":"ListItem","position":2,"name":"BinaryCent Opiniones"}]},{"@type":"WebSite","@id":"https:\/\/binary-option.co\/es\/#website","url":"https:\/\/binary-option.co\/es\/","name":"OpcionesBinarias.info","description":"Opciones binarias en Espa\u00f1a y America latina","publisher":{"@id":"https:\/\/binary-option.co\/es\/#organization"},"potentialAction":[{"@type":"SearchAction","target":{"@type":"EntryPoint","urlTemplate":"https:\/\/binary-option.co\/es\/?s={search_term_string}"},"query-input":"required name=search_term_string"}],"inLanguage":"es"},{"@type":"Organization","@id":"https:\/\/binary-option.co\/es\/#organization","name":"OpcionesBinarias.info","url":"https:\/\/binary-option.co\/es\/","logo":{"@type":"ImageObject","inLanguage":"es","@id":"https:\/\/binary-option.co\/es\/#\/schema\/logo\/image\/","url":"https:\/\/binary-option.co\/es\/wp-content\/uploads\/sites\/13\/2020\/12\/binary-option.co_.png","contentUrl":"https:\/\/binary-option.co\/es\/wp-content\/uploads\/sites\/13\/2020\/12\/binary-option.co_.png","width":398,"height":66,"caption":"OpcionesBinarias.info"},"image":{"@id":"https:\/\/binary-option.co\/es\/#\/schema\/logo\/image\/"}}]}},"_links":{"self":[{"href":"https:\/\/binary-option.co\/es\/wp-json\/wp\/v2\/pages\/271"}],"collection":[{"href":"https:\/\/binary-option.co\/es\/wp-json\/wp\/v2\/pages"}],"about":[{"href":"https:\/\/binary-option.co\/es\/wp-json\/wp\/v2\/types\/page"}],"author":[{"embeddable":true,"href":"https:\/\/binary-option.co\/es\/wp-json\/wp\/v2\/users\/1"}],"replies":[{"embeddable":true,"href":"https:\/\/binary-option.co\/es\/wp-json\/wp\/v2\/comments?post=271"}],"version-history":[{"count":2,"href":"https:\/\/binary-option.co\/es\/wp-json\/wp\/v2\/pages\/271\/revisions"}],"predecessor-version":[{"id":291,"href":"https:\/\/binary-option.co\/es\/wp-json\/wp\/v2\/pages\/271\/revisions\/291"}],"wp:attachment":[{"href":"https:\/\/binary-option.co\/es\/wp-json\/wp\/v2\/media?parent=271"}],"curies":[{"name":"wp","href":"https:\/\/api.w.org\/{rel}","templated":true}]}}