{"id":264,"date":"2022-03-31T19:32:55","date_gmt":"2022-03-31T19:32:55","guid":{"rendered":"https:\/\/binary-option.co\/es\/?page_id=264"},"modified":"2023-01-14T18:02:42","modified_gmt":"2023-01-14T18:02:42","slug":"olymp-trade-opiniones","status":"publish","type":"page","link":"https:\/\/binary-option.co\/es\/olymp-trade-opiniones\/","title":{"rendered":"Olymp Trade Opiniones"},"content":{"rendered":"\n<div class=\"wp-block-columns is-layout-flex wp-container-core-columns-layout-1 wp-block-columns-is-layout-flex\">\n<div class=\"wp-block-column is-layout-flow wp-block-column-is-layout-flow\" style=\"flex-basis:33.33%\">\n<figure class=\"wp-block-image size-large\"><a href=\"https:\/\/binary-option.co\/go\/olymptrade.com\" target=\"_blank\" rel=\"noopener\"><img decoding=\"async\" src=\"https:\/\/binary-option.co\/wp-content\/uploads\/2021\/05\/Olymp-Trade-logo.png\" alt=\"\" class=\"wp-image-500\"\/><\/a><\/figure>\n<\/div>\n\n\n\n<div class=\"wp-block-column is-layout-flow wp-block-column-is-layout-flow\" style=\"flex-basis:66.66%\">\n<p><strong>Clasificaci\u00f3n:<\/strong> <div itemprop=\"reviewRating\" itemscope itemtype=\"http:\/\/schema.org\/Rating\" class=\"usr\"><meta itemprop=\"worstRating\" content=\"0\" \/><meta itemprop=\"ratingValue\" content=\"4,5\" \/><meta itemprop=\"bestRating\" content=\"5\" \/><img decoding=\"async\" class=\"usr\" src=\"https:\/\/binary-option.co\/es\/wp-content\/plugins\/universal-star-rating\/includes\/image.php?img=06.png&amp;px=16&amp;max=5&amp;rat=4.5\" alt=\"4.5 out of 5 stars\" style=\"height: 16px !important;\" \/><\/div><\/p>\n\n\n\n<ul id=\"block-b9aee1e3-d686-4d46-9f11-96a4ee0d551a\"><li>Pago de hasta el 92 % (el monto se acredita en la cuenta en caso de una inversi\u00f3n exitosa)<\/li><li>Cuenta de demostraci\u00f3n gratuita sin dep\u00f3sito<\/li><li>Dep\u00f3sito m\u00ednimo de $10<\/li><\/ul>\n\n\n\n<p class=\"has-text-align-center\"><a class=\"maxbutton-2 maxbutton maxbutton-big-button\" target=\"_blank\" title=\"Visite la p\u00e1gina web oficial\" rel=\"nofollow noopener\" href=\"https:\/\/binary-option.co\/go\/olymptrade.com\"><span class='mb-text'>Visite el Broker<\/span><\/a><\/p>\n\n\n\n<p class=\"has-text-align-center\">Advertencia general de riesgo: su capital est\u00e1 en riesgo<\/p>\n<\/div>\n<\/div>\n\n\n\n<h2 class=\"wp-block-heading\">Qu\u00e9 es Olymp Trade \u2013 presentaci\u00f3n r\u00e1pida<\/h2>\n\n\n\n<p><strong>Olymp Trade es un corredor de opciones binarias y CFD<\/strong>&nbsp;que opera bajo el nombre de la compa\u00f1\u00eda Saledo Global LLC, cuya direcci\u00f3n es First Floor, First St. Vincent Bank Ltd Building, PO Box 1574, James Street, Kingstown, Saint Vincent and the Grenadines.&nbsp;Es un br\u00f3ker que inici\u00f3 su actividad en 2014 y desde entonces se ha convertido en una de las plataformas de negociaci\u00f3n online m\u00e1s conocidas.&nbsp;Olymp Trade permite a estos clientes negociar una variedad de opciones digitales, divisas y CFD en una amplia variedad de activos.&nbsp;La oferta del broker Olymp Trade es particularmente atractiva y se diferencia de los brokers cl\u00e1sicos, especialmente con dep\u00f3sitos que pueden ser tan bajos como $ 10 y su cuenta de demostraci\u00f3n gratuita e ilimitada disponible para todos los nuevos operadores que se registran en su plataforma.<\/p>\n\n\n\n<figure class=\"wp-block-image\"><a href=\"https:\/\/binary-option.co\/go\/olymptrade.com\" target=\"_blank\" rel=\"noreferrer noopener\"><img decoding=\"async\" src=\"https:\/\/binary-option.co\/wp-content\/uploads\/2021\/06\/Olymp-Trade-1024x567.png\" alt=\"\" class=\"wp-image-667\"\/><\/a><\/figure>\n\n\n\n<h2 class=\"wp-block-heading\">Caracter\u00edsticas y confiabilidad de Olymp Trade<\/h2>\n\n\n\n<p><strong>Olymp Trade est\u00e1 regulada por la Comisi\u00f3n Financiera Internacional<\/strong>&nbsp;, que ofrece una compensaci\u00f3n de hasta $ 20,000 en caso de litigio y pr\u00e1cticas de corretaje desleales.&nbsp;Este corredor es accesible para el comerciante de cualquier presupuesto, en particular gracias al&nbsp;<strong>dep\u00f3sito m\u00ednimo requerido que es de solo $ 10<\/strong>&nbsp;, lo que tambi\u00e9n brinda la oportunidad a los peque\u00f1os comerciantes de tener acceso al mercado financiero.&nbsp;Olymp Trade proporciona una aplicaci\u00f3n m\u00f3vil para Android e IOS para que no pierda ninguna oportunidad mientras viaja.&nbsp;Este corredor tambi\u00e9n proporciona materiales de capacitaci\u00f3n y aprendizaje para el comercio en l\u00ednea, lo que brinda a los comerciantes novatos la oportunidad de profundizar su conocimiento de los mercados y familiarizarse con el trading online.<\/p>\n\n\n\n<h2 class=\"wp-block-heading\">Cuenta de demostraci\u00f3n de Olymp Trade<\/h2>\n\n\n\n<p>El sitio web de Olymp Trade le permite&nbsp;<strong>operar de forma gratuita en una cuenta de demostraci\u00f3n<\/strong>&nbsp;para probar sus estrategias comerciales, descubrir la plataforma y estas funciones.&nbsp;tambi\u00e9n le permitir\u00e1 obtener m\u00e1s experiencia comercial antes de comenzar con dinero real.&nbsp;El modo de demostraci\u00f3n tiene varios m\u00e9todos de inversi\u00f3n, como&nbsp;<strong>opciones binarias, Forex y CFD<\/strong>&nbsp;, lo que permite a los nuevos operadores familiarizados con estos derivados financieros comprender c\u00f3mo funcionan y tomar decisiones de inversi\u00f3n m\u00e1s informadas.&nbsp;Los traders pueden m\u00e1s tarde, cuando se sientan listos para ponerse a trabajar, activar la cuenta real y comenzar a operar en l\u00ednea con dinero real.<\/p>\n\n\n\n<h2 class=\"wp-block-heading\">Variedad de Activos<\/h2>\n\n\n\n<p>Hay muchos brokers e intercambios en l\u00ednea que son muy limitados en los tipos de activos y derivados disponibles para negociar.&nbsp;Este problema recurrente limita formalmente las opciones de inversi\u00f3n y obliga a algunos comerciantes a crear m\u00faltiples cuentas en diferentes brokers para poder operar con sus activos favoritos o en un mercado diferente.&nbsp;Para algunos traders, la \u00faltima opci\u00f3n no es nada razonable.<\/p>\n\n\n\n<p><strong>Olymp Trade ofrece la posibilidad de negociar una amplia gama de activos<\/strong>&nbsp;en una multitud de mercados.&nbsp;La lista es muy exhaustiva para poder enumerarlos todos aqu\u00ed, pero le daremos una lista completa de los tipos de activos que puede negociar con este broker:<\/p>\n\n\n\n<ul><li>divisas<\/li><li>Acci\u00f3nes<\/li><li>Rieles<\/li><li>\u00cdndices<\/li><li>Materias primas<\/li><li>Criptomonedas<\/li><li>ETF (fondo cotizado en bolsa)<\/li><li>Activos OTC<\/li><\/ul>\n\n\n\n<p>Si est\u00e1 buscando un activo en particular que no puede encontrar con otros brokers.&nbsp;Aqu\u00ed hay una buena posibilidad de que Olymp Trade ofrezca la posibilidad de intercambiar sus activos favoritos.<\/p>\n\n\n\n<h2 class=\"wp-block-heading\">Plataforma de trading<\/h2>\n\n\n\n<figure class=\"wp-block-image\"><a href=\"https:\/\/binary-option.co\/go\/olymptrade.com\" target=\"_blank\" rel=\"noreferrer noopener\"><img decoding=\"async\" src=\"https:\/\/binary-option.co\/wp-content\/uploads\/2021\/06\/Olymp-Trade-trading-platform-1024x873.png\" alt=\"\" class=\"wp-image-670\"\/><\/a><figcaption>Plataforma de negociaci\u00f3n Olymp Trade<\/figcaption><\/figure>\n\n\n\n<p>Si le gustan las plataformas comerciales de dise\u00f1o limpio y moderno, seguramente le gustar\u00e1 la plataforma comercial Olymp Trade.&nbsp;Esta plataforma es relativamente simple e intuitiva con una navegaci\u00f3n clara y sin lujos ni detalles adicionales que puedan distraerlo.&nbsp;En la versi\u00f3n de escritorio, el gr\u00e1fico de negociaci\u00f3n se coloca en el medio de la pantalla.&nbsp;Tienes la posibilidad de utilizar multitud de indicadores como las bandas de Bolinger y el RSI y muchos otros.&nbsp;La plataforma nativa del corredor es limpia y permite una ejecuci\u00f3n r\u00e1pida de \u00f3rdenes para garantizarle una excelente experiencia comercial.&nbsp;A la derecha de su pantalla, encontrar\u00e1 las teclas de control de orden hacia arriba y hacia abajo coloreadas en verde para \u00f3rdenes de compra y en rojo para \u00f3rdenes de venta.&nbsp;Olymp Trade tambi\u00e9n le permite operar a trav\u00e9s de la plataforma MT4 para los comerciantes que prefieren usar Metatrader 4 en lugar de la plataforma de trading nativa proporcionada por el broker.<\/p>\n\n\n\n<p>Su historial comercial se muestra debajo del gr\u00e1fico comercial principal.&nbsp;en esta parte encontrar\u00e1s la informaci\u00f3n en tiempo real de las transacciones abiertas y cerradas que has ejecutado.<\/p>\n\n\n\n<p>En la parte inferior de la p\u00e1gina de la plataforma de negociaci\u00f3n, tambi\u00e9n tiene la posibilidad de chatear con el equipo de soporte, que estar\u00e1 encantado de guiarlo con cualquier pregunta o soporte.&nbsp;Los miembros VIP tambi\u00e9n tienen la opci\u00f3n de ponerse en contacto con su Gerente personal desde un bot\u00f3n en la parte inferior derecha de la p\u00e1gina.&nbsp;En conclusi\u00f3n, la plataforma de operaciones de Olymp Trade est\u00e1 especialmente bien dise\u00f1ada y se adaptar\u00e1 a la mayor\u00eda de los operadores, ya sean operadores novatos o expertos.&nbsp;La capacidad de conectar la plataforma MT4 har\u00e1 las delicias de aquellos que est\u00e1n m\u00e1s familiarizados con Metatrader 4.<\/p>\n\n\n\n<h2 class=\"wp-block-heading\">Aplicaci\u00f3n y plataforma m\u00f3vil de Olymp Trade<\/h2>\n\n\n\n<p>Para operar sobre la marcha y mantenerse informado de las noticias y oportunidades del mercado, necesitar\u00e1 una aplicaci\u00f3n m\u00f3vil r\u00e1pida, confiable y con capacidad de respuesta.&nbsp;<strong>Olympe Trade le permite operar con una plataforma de comercio m\u00f3vil intuitiva<\/strong>&nbsp;que est\u00e1 particularmente bien dise\u00f1ada para operar sobre la marcha.<\/p>\n\n\n\n<p>Olymp Trade es uno de los pocos brokers que se da cuenta de la importancia que tiene para algunos traders poder operar en buenas condiciones en dispositivos m\u00f3viles, y ha dise\u00f1ado una&nbsp;<strong>aplicaci\u00f3n de trading confiable disponible en dispositivos iOS y Android<\/strong>&nbsp;.&nbsp;La aplicaci\u00f3n m\u00f3vil de Olymp Trade es diferente de su versi\u00f3n web, pero incluye caracter\u00edsticas adicionales que mejoran en gran medida el comercio m\u00f3vil.&nbsp;Esta aplicaci\u00f3n m\u00f3vil es muy interesante para sus clientes que deseen operar o ver la evoluci\u00f3n del mercado cuando no est\u00e1n conectados en casa.<\/p>\n\n\n\n<figure class=\"wp-block-image\"><a href=\"https:\/\/binary-option.co\/go\/olymptrade.com\" target=\"_blank\" rel=\"noreferrer noopener\"><img decoding=\"async\" src=\"https:\/\/binary-option.co\/wp-content\/uploads\/2021\/06\/Olymp-Trade-app-1024x472.png\" alt=\"\" class=\"wp-image-668\"\/><\/a><figcaption>Aplicaci\u00f3n Olymp Trade<\/figcaption><\/figure>\n\n\n\n<h2 class=\"wp-block-heading\">M\u00e9todos de dep\u00f3sito y retiro de Olymp Trade<\/h2>\n\n\n\n<p>Antes de registrarse con un broker, siempre es muy importante asegurarse de que puede depositar y retirar fondos f\u00e1cilmente a trav\u00e9s de los m\u00e9todos de pago que m\u00e1s le convengan.&nbsp;Por estas razones, detallaremos los principales m\u00e9todos de pago disponibles en Olymp Trade.<\/p>\n\n\n\n<figure class=\"wp-block-image\"><a href=\"https:\/\/binary-option.co\/go\/olymptrade.com\" target=\"_blank\" rel=\"noreferrer noopener\"><img decoding=\"async\" src=\"https:\/\/binary-option.co\/wp-content\/uploads\/2021\/06\/Olymp-Trade-deposits-and-withdrawals-1024x367.png\" alt=\"\" class=\"wp-image-669\"\/><\/a><figcaption>M\u00e9todos de retiro y dep\u00f3sito de Olymp Trade<\/figcaption><\/figure>\n\n\n\n<p>Este broker le permite&nbsp;<strong>depositar y retirar fondos con varios m\u00e9todos de pago populares<\/strong>&nbsp;, incluidas las tarjetas de cr\u00e9dito y d\u00e9bito Visa y Mastercard.&nbsp;puede depositar y retirar con monedero electr\u00f3nico Neteller, Skrill, Perfect Money, Advcash y Webmoney, as\u00ed como con otros m\u00e9todos de pago como JCB, Union Pay y criptomonedas como Bitcoin, Ethereum y Tether.<\/p>\n\n\n\n<p>Los dep\u00f3sitos y retiros siempre se procesan muy r\u00e1pidamente y no tienen comisiones, lo que le permite acceder r\u00e1pidamente a su dinero sin pagar una comisi\u00f3n para ejecutar sus dep\u00f3sitos y retiros.<\/p>\n\n\n\n<h2 class=\"wp-block-heading\">Operaciones de apalancamiento en CFD y Forex<\/h2>\n\n\n\n<p>Adem\u00e1s de poder operar con opciones binarias, Olymp Trade es un br\u00f3ker que le permite operar con una gran cantidad de activos a trav\u00e9s de CFD y le brinda la&nbsp;<strong>opci\u00f3n de usar apalancamientos y multiplicadores<\/strong>&nbsp;.&nbsp;El apalancamiento le permite negociar transacciones m\u00e1s grandes con una fracci\u00f3n del precio real, es el broker mismo quien le presta este dinero para aumentar el tama\u00f1o de una operaci\u00f3n y aumentar sus ganancias.<\/p>\n\n\n\n<p>Con el apalancamiento que se ofrece en Olymp Trade, los inversores no pueden perder m\u00e1s dinero del que invirtieron y cortar su operaci\u00f3n, en caso de que la tendencia vaya en su contra.&nbsp;Esta caracter\u00edstica protegida de CFD le permite evitar perder m\u00e1s de la cantidad invertida mientras multiplica sus ganancias en las operaciones correctas.<\/p>\n\n\n\n<p>Para operar FOREX en Olymp Trade, tiene la opci\u00f3n de usar un multiplicador de 10, que le permite abrir una operaci\u00f3n 10 veces mayor que la cantidad invertida.&nbsp;El apalancamiento le da la oportunidad a un peque\u00f1o inversionista de invertir $1000 de activos con solo $100. Tambi\u00e9n ayuda a amplificar la volatilidad y obtener m\u00e1s ganancias cuando el mercado Forex carece de volatilidad.&nbsp;En este caso, un aumento del 5% en el precio de un activo genera $ 50 en lugar de ganar solo $ 5 sin el apalancamiento.<\/p>\n\n\n\n<p>Estos multiplicadores son todos diferentes y var\u00edan seg\u00fan los activos y los pares de divisas en el mercado, en Olymp Trade&nbsp;<strong>algunos activos est\u00e1n disponibles con la opci\u00f3n de usar un multiplicador de hasta 500x<\/strong>&nbsp;.&nbsp;Esto le brinda la oportunidad de obtener ganancias 500 veces m\u00e1s importantes con un peque\u00f1o capital invertido.&nbsp;Estos multiplicadores son excelentes herramientas tanto para peque\u00f1os inversores con poco dinero como para traders expertos con gran capital para el crecimiento de sus carteras.<\/p>\n\n\n\n<h2 class=\"wp-block-heading\">Atenci\u00f3n al cliente<\/h2>\n\n\n\n<p>Olymp Trade tiene una&nbsp;<strong>atenci\u00f3n al cliente muy receptiva a trav\u00e9s de varios canales de comunicaci\u00f3n<\/strong>&nbsp;.&nbsp;Con este broker, puede beneficiarse de la asistencia por correo electr\u00f3nico, tel\u00e9fono y muchos otros medios de comunicaci\u00f3n con el servicio de atenci\u00f3n al cliente.&nbsp;puede ponerse en contacto con el servicio de atenci\u00f3n al cliente las 24 horas del d\u00eda por tel\u00e9fono o chat en vivo o correo electr\u00f3nico.&nbsp;El soporte es muy receptivo y le responder\u00e1 lo antes posible.<\/p>\n\n\n\n<h3 class=\"wp-block-heading\">Estas son las diferentes formas de ponerse en contacto con un agente de atenci\u00f3n al cliente:<\/h3>\n\n\n\n<ol><li>Hot Line: se puede contactar a Olymp Trade por tel\u00e9fono con un n\u00famero gratuito y est\u00e1 disponible las 24 horas del d\u00eda, los 7 d\u00edas de la semana.&nbsp;Encontrar\u00e1 un n\u00famero de tel\u00e9fono en la p\u00e1gina de servicio al cliente, puede elegir un n\u00famero de tel\u00e9fono seg\u00fan su idioma y regi\u00f3n para ponerse en contacto con un agente de soporte que hablar\u00e1 en su idioma nativo para mayor comodidad.<\/li><li>Correo electr\u00f3nico: se comunicar\u00e1 con ellos por correo electr\u00f3nico a&nbsp;support-en@olymptrade.com&nbsp;y obtendr\u00e1 respuestas a sus preguntas dentro de las 24 horas.<\/li><li>Soporte en vivo: puede contactarlos f\u00e1cilmente a trav\u00e9s del chat en vivo ubicado en la p\u00e1gina de soporte y discutir sus problemas con un agente de servicio al cliente en l\u00ednea.<\/li><li>Formulario de contacto en l\u00ednea: tambi\u00e9n puede ponerse en contacto con el servicio de atenci\u00f3n al cliente a trav\u00e9s de un formulario en la p\u00e1gina de contacto.&nbsp;Debe proporcionar cierta informaci\u00f3n b\u00e1sica como su nombre, apellido, direcci\u00f3n de correo electr\u00f3nico, mensaje y n\u00famero de tel\u00e9fono para que puedan averiguar qui\u00e9n es usted y enviarle una respuesta por correo electr\u00f3nico.<\/li><li>Redes sociales de Olymp Trade: Tambi\u00e9n puedes contactarlos directamente desde sus redes sociales en su p\u00e1gina de Facebook y Youtube.<\/li><\/ol>\n\n\n\n<h2 class=\"wp-block-heading\">Conclusi\u00f3n de la revisi\u00f3n de Olymp Trade:<\/h2>\n\n\n\n<p><strong>Olymp Trade es un broker de opciones binarias serio<\/strong>&nbsp;que brinda la posibilidad de operar con CFD mientras reduce su riesgo al bloquear la posibilidad de obtener un saldo negativo cuando opera con CFD y divisas.&nbsp;Este corredor es adecuado para cualquier persona que desee operar en l\u00ednea y&nbsp;<strong>es uno de los pocos corredores de opciones binarias que integra la famosa plataforma de trading MT4<\/strong>&nbsp;.&nbsp;Puede abrir f\u00e1cilmente una cuenta en minutos y proporcionar todas las herramientas que la mayor\u00eda de los comerciantes necesitan para operar de la mejor manera posible.&nbsp;Adem\u00e1s de eso, Olympe Trade garantiza que obtenga sus dep\u00f3sitos y retiros lo m\u00e1s r\u00e1pido posible.&nbsp;As\u00ed que no dude en probar la plataforma en una cuenta de demostraci\u00f3n de forma gratuita y compruebe por s\u00ed mismo por qu\u00e9 este broker es uno de los mejores para operar con opciones binarias, CFD y Forex.<\/p>\n\n\n\n<p class=\"has-text-align-center\"><a class=\"maxbutton-2 maxbutton maxbutton-big-button\" target=\"_blank\" title=\"Visite la p\u00e1gina web oficial\" rel=\"nofollow noopener\" href=\"https:\/\/binary-option.co\/go\/olymptrade.com\"><span class='mb-text'>Visite el Broker<\/span><\/a><\/p>\n\n\n\n<p class=\"has-text-align-center\">Advertencia general de riesgo: su capital est\u00e1 en riesgo<\/p>\n","protected":false},"excerpt":{"rendered":"<p>Clasificaci\u00f3n: Pago de hasta el 92 % (el monto se acredita en la cuenta en caso de una inversi\u00f3n exitosa) Cuenta de demostraci\u00f3n gratuita sin dep\u00f3sito Dep\u00f3sito m\u00ednimo de $10 Advertencia general de riesgo: su capital est\u00e1 en riesgo Qu\u00e9 es Olymp Trade \u2013 presentaci\u00f3n r\u00e1pida Olymp Trade es un corredor de opciones binarias y [&hellip;]<\/p>\n","protected":false},"author":1,"featured_media":0,"parent":0,"menu_order":0,"comment_status":"closed","ping_status":"closed","template":"","meta":{"footnotes":""},"yoast_head":"<!-- This site is optimized with the Yoast SEO plugin v21.9.1 - https:\/\/yoast.com\/wordpress\/plugins\/seo\/ -->\n<title>Olymp Trade Opiniones 2023: \u00bfEs un broker de confianza o una estafa?<\/title>\n<meta name=\"robots\" content=\"index, follow, max-snippet:-1, max-image-preview:large, max-video-preview:-1\" \/>\n<link rel=\"canonical\" href=\"https:\/\/binary-option.co\/es\/olymp-trade-opiniones\/\" \/>\n<meta property=\"og:locale\" content=\"es_ES\" \/>\n<meta property=\"og:type\" content=\"article\" \/>\n<meta property=\"og:title\" content=\"Olymp Trade Opiniones 2023: \u00bfEs un broker de confianza o una estafa?\" \/>\n<meta property=\"og:description\" content=\"Clasificaci\u00f3n: Pago de hasta el 92 % (el monto se acredita en la cuenta en caso de una inversi\u00f3n exitosa) Cuenta de demostraci\u00f3n gratuita sin dep\u00f3sito Dep\u00f3sito m\u00ednimo de $10 Advertencia general de riesgo: su capital est\u00e1 en riesgo Qu\u00e9 es Olymp Trade \u2013 presentaci\u00f3n r\u00e1pida Olymp Trade es un corredor de opciones binarias y [&hellip;]\" \/>\n<meta property=\"og:url\" content=\"https:\/\/binary-option.co\/es\/olymp-trade-opiniones\/\" \/>\n<meta property=\"og:site_name\" content=\"OpcionesBinarias.info\" \/>\n<meta property=\"article:modified_time\" content=\"2023-01-14T18:02:42+00:00\" \/>\n<meta property=\"og:image\" content=\"https:\/\/binary-option.co\/wp-content\/uploads\/2021\/05\/Olymp-Trade-logo.png\" \/>\n<meta name=\"twitter:card\" content=\"summary_large_image\" \/>\n<meta name=\"twitter:label1\" content=\"Tiempo de lectura\" \/>\n\t<meta name=\"twitter:data1\" content=\"10 minutos\" \/>\n<script type=\"application\/ld+json\" class=\"yoast-schema-graph\">{\"@context\":\"https:\/\/schema.org\",\"@graph\":[{\"@type\":\"WebPage\",\"@id\":\"https:\/\/binary-option.co\/es\/olymp-trade-opiniones\/\",\"url\":\"https:\/\/binary-option.co\/es\/olymp-trade-opiniones\/\",\"name\":\"Olymp Trade Opiniones 2023: \u00bfEs un broker de confianza o una estafa?\",\"isPartOf\":{\"@id\":\"https:\/\/binary-option.co\/es\/#website\"},\"datePublished\":\"2022-03-31T19:32:55+00:00\",\"dateModified\":\"2023-01-14T18:02:42+00:00\",\"breadcrumb\":{\"@id\":\"https:\/\/binary-option.co\/es\/olymp-trade-opiniones\/#breadcrumb\"},\"inLanguage\":\"es\",\"potentialAction\":[{\"@type\":\"ReadAction\",\"target\":[\"https:\/\/binary-option.co\/es\/olymp-trade-opiniones\/\"]}]},{\"@type\":\"BreadcrumbList\",\"@id\":\"https:\/\/binary-option.co\/es\/olymp-trade-opiniones\/#breadcrumb\",\"itemListElement\":[{\"@type\":\"ListItem\",\"position\":1,\"name\":\"Home\",\"item\":\"https:\/\/binary-option.co\/es\/\"},{\"@type\":\"ListItem\",\"position\":2,\"name\":\"Olymp Trade Opiniones\"}]},{\"@type\":\"WebSite\",\"@id\":\"https:\/\/binary-option.co\/es\/#website\",\"url\":\"https:\/\/binary-option.co\/es\/\",\"name\":\"OpcionesBinarias.info\",\"description\":\"Opciones binarias en Espa\u00f1a y America latina\",\"publisher\":{\"@id\":\"https:\/\/binary-option.co\/es\/#organization\"},\"potentialAction\":[{\"@type\":\"SearchAction\",\"target\":{\"@type\":\"EntryPoint\",\"urlTemplate\":\"https:\/\/binary-option.co\/es\/?s={search_term_string}\"},\"query-input\":\"required name=search_term_string\"}],\"inLanguage\":\"es\"},{\"@type\":\"Organization\",\"@id\":\"https:\/\/binary-option.co\/es\/#organization\",\"name\":\"OpcionesBinarias.info\",\"url\":\"https:\/\/binary-option.co\/es\/\",\"logo\":{\"@type\":\"ImageObject\",\"inLanguage\":\"es\",\"@id\":\"https:\/\/binary-option.co\/es\/#\/schema\/logo\/image\/\",\"url\":\"https:\/\/binary-option.co\/es\/wp-content\/uploads\/sites\/13\/2020\/12\/binary-option.co_.png\",\"contentUrl\":\"https:\/\/binary-option.co\/es\/wp-content\/uploads\/sites\/13\/2020\/12\/binary-option.co_.png\",\"width\":398,\"height\":66,\"caption\":\"OpcionesBinarias.info\"},\"image\":{\"@id\":\"https:\/\/binary-option.co\/es\/#\/schema\/logo\/image\/\"}}]}<\/script>\n<!-- \/ Yoast SEO plugin. -->","yoast_head_json":{"title":"Olymp Trade Opiniones 2023: \u00bfEs un broker de confianza o una estafa?","robots":{"index":"index","follow":"follow","max-snippet":"max-snippet:-1","max-image-preview":"max-image-preview:large","max-video-preview":"max-video-preview:-1"},"canonical":"https:\/\/binary-option.co\/es\/olymp-trade-opiniones\/","og_locale":"es_ES","og_type":"article","og_title":"Olymp Trade Opiniones 2023: \u00bfEs un broker de confianza o una estafa?","og_description":"Clasificaci\u00f3n: Pago de hasta el 92 % (el monto se acredita en la cuenta en caso de una inversi\u00f3n exitosa) Cuenta de demostraci\u00f3n gratuita sin dep\u00f3sito Dep\u00f3sito m\u00ednimo de $10 Advertencia general de riesgo: su capital est\u00e1 en riesgo Qu\u00e9 es Olymp Trade \u2013 presentaci\u00f3n r\u00e1pida Olymp Trade es un corredor de opciones binarias y [&hellip;]","og_url":"https:\/\/binary-option.co\/es\/olymp-trade-opiniones\/","og_site_name":"OpcionesBinarias.info","article_modified_time":"2023-01-14T18:02:42+00:00","og_image":[{"url":"https:\/\/binary-option.co\/wp-content\/uploads\/2021\/05\/Olymp-Trade-logo.png"}],"twitter_card":"summary_large_image","twitter_misc":{"Tiempo de lectura":"10 minutos"},"schema":{"@context":"https:\/\/schema.org","@graph":[{"@type":"WebPage","@id":"https:\/\/binary-option.co\/es\/olymp-trade-opiniones\/","url":"https:\/\/binary-option.co\/es\/olymp-trade-opiniones\/","name":"Olymp Trade Opiniones 2023: \u00bfEs un broker de confianza o una estafa?","isPartOf":{"@id":"https:\/\/binary-option.co\/es\/#website"},"datePublished":"2022-03-31T19:32:55+00:00","dateModified":"2023-01-14T18:02:42+00:00","breadcrumb":{"@id":"https:\/\/binary-option.co\/es\/olymp-trade-opiniones\/#breadcrumb"},"inLanguage":"es","potentialAction":[{"@type":"ReadAction","target":["https:\/\/binary-option.co\/es\/olymp-trade-opiniones\/"]}]},{"@type":"BreadcrumbList","@id":"https:\/\/binary-option.co\/es\/olymp-trade-opiniones\/#breadcrumb","itemListElement":[{"@type":"ListItem","position":1,"name":"Home","item":"https:\/\/binary-option.co\/es\/"},{"@type":"ListItem","position":2,"name":"Olymp Trade Opiniones"}]},{"@type":"WebSite","@id":"https:\/\/binary-option.co\/es\/#website","url":"https:\/\/binary-option.co\/es\/","name":"OpcionesBinarias.info","description":"Opciones binarias en Espa\u00f1a y America latina","publisher":{"@id":"https:\/\/binary-option.co\/es\/#organization"},"potentialAction":[{"@type":"SearchAction","target":{"@type":"EntryPoint","urlTemplate":"https:\/\/binary-option.co\/es\/?s={search_term_string}"},"query-input":"required name=search_term_string"}],"inLanguage":"es"},{"@type":"Organization","@id":"https:\/\/binary-option.co\/es\/#organization","name":"OpcionesBinarias.info","url":"https:\/\/binary-option.co\/es\/","logo":{"@type":"ImageObject","inLanguage":"es","@id":"https:\/\/binary-option.co\/es\/#\/schema\/logo\/image\/","url":"https:\/\/binary-option.co\/es\/wp-content\/uploads\/sites\/13\/2020\/12\/binary-option.co_.png","contentUrl":"https:\/\/binary-option.co\/es\/wp-content\/uploads\/sites\/13\/2020\/12\/binary-option.co_.png","width":398,"height":66,"caption":"OpcionesBinarias.info"},"image":{"@id":"https:\/\/binary-option.co\/es\/#\/schema\/logo\/image\/"}}]}},"_links":{"self":[{"href":"https:\/\/binary-option.co\/es\/wp-json\/wp\/v2\/pages\/264"}],"collection":[{"href":"https:\/\/binary-option.co\/es\/wp-json\/wp\/v2\/pages"}],"about":[{"href":"https:\/\/binary-option.co\/es\/wp-json\/wp\/v2\/types\/page"}],"author":[{"embeddable":true,"href":"https:\/\/binary-option.co\/es\/wp-json\/wp\/v2\/users\/1"}],"replies":[{"embeddable":true,"href":"https:\/\/binary-option.co\/es\/wp-json\/wp\/v2\/comments?post=264"}],"version-history":[{"count":2,"href":"https:\/\/binary-option.co\/es\/wp-json\/wp\/v2\/pages\/264\/revisions"}],"predecessor-version":[{"id":288,"href":"https:\/\/binary-option.co\/es\/wp-json\/wp\/v2\/pages\/264\/revisions\/288"}],"wp:attachment":[{"href":"https:\/\/binary-option.co\/es\/wp-json\/wp\/v2\/media?parent=264"}],"curies":[{"name":"wp","href":"https:\/\/api.w.org\/{rel}","templated":true}]}}