{"id":258,"date":"2022-03-31T19:04:51","date_gmt":"2022-03-31T19:04:51","guid":{"rendered":"https:\/\/binary-option.co\/es\/?page_id=258"},"modified":"2023-01-14T18:02:18","modified_gmt":"2023-01-14T18:02:18","slug":"raceoption-opiniones","status":"publish","type":"page","link":"https:\/\/binary-option.co\/es\/raceoption-opiniones\/","title":{"rendered":"Raceoption opiniones"},"content":{"rendered":"\n<div class=\"wp-block-columns is-layout-flex wp-container-core-columns-layout-1 wp-block-columns-is-layout-flex\">\n<div class=\"wp-block-column is-layout-flow wp-block-column-is-layout-flow\" style=\"flex-basis:33.33%\">\n<figure class=\"wp-block-image size-large\"><a href=\"https:\/\/binary-option.co\/go\/raceoption.com\" target=\"_blank\" rel=\"noopener\"><img decoding=\"async\" src=\"https:\/\/binary-option.co\/wp-content\/uploads\/2021\/06\/raceoption-logo.png\" alt=\"\" class=\"wp-image-661\"\/><\/a><\/figure>\n<\/div>\n\n\n\n<div class=\"wp-block-column is-layout-flow wp-block-column-is-layout-flow\" style=\"flex-basis:66.66%\">\n<p><strong>Clasificaci\u00f3n:<\/strong> <div itemprop=\"reviewRating\" itemscope itemtype=\"http:\/\/schema.org\/Rating\" class=\"usr\"><meta itemprop=\"worstRating\" content=\"0\" \/><meta itemprop=\"ratingValue\" content=\"3\" \/><meta itemprop=\"bestRating\" content=\"5\" \/><img decoding=\"async\" class=\"usr\" src=\"https:\/\/binary-option.co\/es\/wp-content\/plugins\/universal-star-rating\/includes\/image.php?img=06.png&amp;px=16&amp;max=5&amp;rat=3\" alt=\"3 out of 5 stars\" style=\"height: 16px !important;\" \/><\/div><\/p>\n\n\n\n<ul id=\"block-d261cd4a-bdfd-48bd-9184-e55f9deee217\"><li>Pago de hasta el 90 % (el monto se acredita en la cuenta en caso de una inversi\u00f3n exitosa)<\/li><li>Cuenta de demostraci\u00f3n gratuita<\/li><li>Dep\u00f3sito m\u00ednimo de $250<\/li><\/ul>\n\n\n\n<p class=\"has-text-align-center\"><a class=\"maxbutton-2 maxbutton maxbutton-big-button\" target=\"_blank\" title=\"Visite la p\u00e1gina web oficial\" rel=\"nofollow noopener\" href=\"https:\/\/binary-option.co\/go\/raceoption.com\"><span class='mb-text'>Visite el Broker<\/span><\/a><\/p>\n\n\n\n<p class=\"has-text-align-center\">Advertencia general de riesgo: su capital est\u00e1 en riesgo<\/p>\n<\/div>\n<\/div>\n\n\n\n<p>Raceoption est\u00e1 comenzando a ganar una gran popularidad en la industria de opciones binarias y CFD.&nbsp;Con este bono ventajoso y los 3 tipos de opciones binarias disponibles, este broker atrae a m\u00e1s y m\u00e1s traders.&nbsp;Sin embargo, debe conocer algunos detalles y funciones de este broker.&nbsp;En este art\u00edculo haremos un recorrido por&nbsp;<strong>toda la informaci\u00f3n que debes saber antes de abrir una cuenta con este br\u00f3ker<\/strong>&nbsp;.<\/p>\n\n\n\n<figure class=\"wp-block-image\"><a href=\"https:\/\/binary-option.co\/go\/raceoption.com\" target=\"_blank\" rel=\"noreferrer noopener\"><img decoding=\"async\" src=\"https:\/\/binary-option.co\/wp-content\/uploads\/2021\/06\/Raceoption-1024x816.png\" alt=\"\" class=\"wp-image-657\"\/><\/a><\/figure>\n\n\n\n<h2 class=\"wp-block-heading\">Descripci\u00f3n general de RaceOption<\/h2>\n\n\n\n<p><strong>Raceoption es un nuevo broker de opci\u00f3n binaria y contratos de CFD<\/strong>&nbsp;.&nbsp;Este broker online est\u00e1 registrado y tiene su sede en las Islas Marshall.&nbsp;Operan bajo el nombre de Makerun Corp., que es una empresa que tiene su domicilio social en Trust Company Complex, Ajeltake Road, Ajeltake Island, Majuro.&nbsp;Es un br\u00f3ker offshore de opciones binarias y CFD que no est\u00e1 regulado por reguladores fuertes como CySEC o FCA.<\/p>\n\n\n\n<h2 class=\"wp-block-heading\">Plataforma de comercio Raceoption<\/h2>\n\n\n\n<p>La plataforma de negociaci\u00f3n RaceOption es cl\u00e1sica y tiene muchas similitudes con otros brokers.&nbsp;Su plataforma realmente no la distingue de sus competidores.&nbsp;Sin embargo, este&nbsp;<strong>br\u00f3ker le permite operar con opciones binarias, forex y CFD<\/strong>&nbsp;con una plataforma y funciones muy adecuadas tanto para operadores novatos como para operadores con m\u00e1s experiencia en el trading en l\u00ednea.<\/p>\n\n\n\n<figure class=\"wp-block-image\"><a href=\"https:\/\/binary-option.co\/go\/raceoption.com\" target=\"_blank\" rel=\"noreferrer noopener\"><img decoding=\"async\" src=\"https:\/\/binary-option.co\/wp-content\/uploads\/2021\/06\/Raceoption-trading-platform-1024x529.png\" alt=\"\" class=\"wp-image-658\"\/><\/a><\/figure>\n\n\n\n<p><strong>La plataforma de trading es muy minimalista, clara e intuitiva<\/strong>&nbsp;y se centra en lo esencial.&nbsp;No hay opciones ni complementos que puedan confundir o interrumpir su experiencia comercial.<\/p>\n\n\n\n<p>Encontrar\u00e1 a la izquierda de su pantalla la lista de activos, el gr\u00e1fico \/ pantalla de negociaci\u00f3n y en el centro de su pantalla ya la derecha est\u00e1 el \u00e1rea de pedidos.&nbsp;Para operar solo tiene que ingresar el monto de la transacci\u00f3n, elegir el vencimiento y hacer clic en el bot\u00f3n Llamar o en el bot\u00f3n Poner.<\/p>\n\n\n\n<p>Tambi\u00e9n encontrar\u00e1 algunas funciones adicionales all\u00ed, como la funci\u00f3n de venta inmediata.&nbsp;estas funciones le brindan la opci\u00f3n de agregar tiempo a las operaciones pendientes (por un cargo adicional) o vender antes del tiempo de vencimiento para tomar sus ganancias o reducir sus p\u00e9rdidas.<\/p>\n\n\n\n<p>La excesiva simplicidad de la plataforma de operaciones de RaceOption puede verse como un inconveniente para algunos operadores.&nbsp;Realmente hay pocas opciones cuando se trata de gr\u00e1ficos y no tiene las herramientas y los indicadores que proporciona la mayor\u00eda de los corredores.&nbsp;Dicho esto, algunos traders no ven ninguna importancia y usan otras herramientas de gr\u00e1ficos como las proporcionadas por plataformas de trading populares como la plataforma MetaTrader 4 desarrollada por MetaQuotes Software.<\/p>\n\n\n\n<p>Tiene la posibilidad de&nbsp;<strong>operar con 3 tipos de opciones binarias en RaceOption;&nbsp;Opciones turbo, opciones a corto plazo y opciones a largo plazo<\/strong>&nbsp;.&nbsp;Las opciones Turbos son contratos de opciones binarias con tiempos de vencimiento muy cortos que van desde 30 a 120 segundos.&nbsp;Las opciones a corto plazo son contratos vencidos para sesiones intradiarias y los contratos a largo plazo son contratos de opciones con vencimientos a mediano y largo plazo.<\/p>\n\n\n\n<h2 class=\"wp-block-heading\">Cuenta de demostraci\u00f3n Raceoption<\/h2>\n\n\n\n<p>Este es uno de los puntos m\u00e1s negativos de este broker,&nbsp;<strong>la cuenta demo solo est\u00e1 disponible para los traders que hayan realizado un dep\u00f3sito<\/strong>&nbsp;.&nbsp;Para nosotros, este es un punto negativo porque, a diferencia del otro broker, los operadores de RaceOption no tienen la oportunidad de probar la plataforma antes de realizar un dep\u00f3sito.&nbsp;Esperamos que este corredor tenga en cuenta este detalle y ofrezca cuentas de demostraci\u00f3n sin dep\u00f3sito en el futuro.<\/p>\n\n\n\n<h2 class=\"wp-block-heading\">Activos disponibles<\/h2>\n\n\n\n<p>La lista de activos que se negociar\u00e1n es bastante exhaustiva, puede negociar acciones, materias primas, \u00edndices de todo el mundo y pares de divisas a trav\u00e9s de opciones binarias y CFD.&nbsp;Tambi\u00e9n tiene la opci\u00f3n de operar con criptomonedas, como Bitcoin, Litecoin y Ethereum, as\u00ed como con otras criptomonedas menos populares.&nbsp;La lista de activos disponibles es m\u00e1s amplia aqu\u00ed si opera a trav\u00e9s de CFD en comparaci\u00f3n con las opciones binarias.<\/p>\n\n\n\n<h2 class=\"wp-block-heading\">Dep\u00f3sitos y retiros en Raceoption<\/h2>\n\n\n\n<p>En Raceoption, puede realizar f\u00e1cilmente sus&nbsp;<strong>dep\u00f3sitos y retiros a trav\u00e9s de muchos m\u00e9todos de pago<\/strong>&nbsp;, como tarjeta de cr\u00e9dito, transferencia bancaria, un gran juego de billetera electr\u00f3nica y criptomonedas.&nbsp;El sitio le permite realizar dep\u00f3sitos y retiros r\u00e1pidos en BTC, ETH, LTC y muchas otras criptomonedas populares.&nbsp;<strong>Los dep\u00f3sitos y retiros son muy r\u00e1pidos<\/strong>&nbsp;, a excepci\u00f3n de las transferencias bancarias cl\u00e1sicas porque el procesamiento de las transferencias puede demorar hasta una semana, dependiendo de su banco y sus intermediarios.<\/p>\n\n\n\n<figure class=\"wp-block-image\"><a href=\"https:\/\/binary-option.co\/go\/raceoption.com\" target=\"_blank\" rel=\"noreferrer noopener\"><img decoding=\"async\" src=\"https:\/\/binary-option.co\/wp-content\/uploads\/2021\/06\/Raceoption-Funding-withdrawal-methods-1024x556.png\" alt=\"\" class=\"wp-image-660\"\/><\/a><\/figure>\n\n\n\n<p><strong>El dep\u00f3sito m\u00ednimo de Raceoption es de $ 250<\/strong>&nbsp;y el retiro m\u00ednimo es de solo $ 50 sin cargos.&nbsp;Para operar con este broker, las billeteras electr\u00f3nicas y&nbsp;<strong>los pagos en criptomonedas son los m\u00e9todos de pago m\u00e1s r\u00e1pidos<\/strong>&nbsp;para realizar sus dep\u00f3sitos y retiros.&nbsp;Con estos m\u00e9todos, puede esperar recibir su dinero en su cuenta el mismo d\u00eda que solicita sus pagos.<\/p>\n\n\n\n<h2 class=\"wp-block-heading\">Preste atenci\u00f3n a las condiciones de rotaci\u00f3n importantes<\/h2>\n\n\n\n<p>Uno de los mayores inconvenientes de este broker es la incapacidad de retirar sus ganancias sin haber negociado una cantidad espec\u00edfica requerida por la plataforma.&nbsp;Antes de abrir una cuenta, debe tener en cuenta que RaceOption requiere un cierto volumen de negocios antes de poder retirar sus fondos, y esto, incluso si utiliza un bono o opera sin bono.&nbsp;<strong>Para poder retirar su dinero primero debe negociar una cantidad igual o superior al 100% del dep\u00f3sito.&nbsp;<\/strong>Si opera sin un bono, obtendr\u00e1 una facturaci\u00f3n del 300% si ha aceptado un bono de dep\u00f3sito.&nbsp;Le recomendamos que lea detenidamente sus condiciones de uso para evitar confusiones o decepciones.<\/p>\n\n\n\n<h2 class=\"wp-block-heading\">Conclusi\u00f3n de la revisi\u00f3n de Raceoption<\/h2>\n\n\n\n<p><strong>Raceoption es un broker serio y no es una estafa, pero tiene algunos inconvenientes<\/strong>&nbsp;que pueden no ser adecuados para algunos traders.&nbsp;La imposibilidad de abrir una cuenta de demostraci\u00f3n de forma gratuita sin dep\u00f3sito y la condici\u00f3n de rotaci\u00f3n impuesta son los principales inconvenientes que podr\u00edan disuadir a la mayor\u00eda de los traders de operar con este corredor.&nbsp;Evite este broker si no le gustan estas condiciones y lea nuestras rese\u00f1as de otros brokers.&nbsp;Hay muchos otros brokers de opciones binarias que le permiten abrir una cuenta de demostraci\u00f3n gratuita sin dep\u00f3sito y que no impone restricciones a los retiros.<\/p>\n\n\n\n<p class=\"has-text-align-center\"><a class=\"maxbutton-2 maxbutton maxbutton-big-button\" target=\"_blank\" title=\"Visite la p\u00e1gina web oficial\" rel=\"nofollow noopener\" href=\"https:\/\/binary-option.co\/go\/raceoption.com\"><span class='mb-text'>Visite el Broker<\/span><\/a><\/p>\n","protected":false},"excerpt":{"rendered":"<p>Clasificaci\u00f3n: Pago de hasta el 90 % (el monto se acredita en la cuenta en caso de una inversi\u00f3n exitosa) Cuenta de demostraci\u00f3n gratuita Dep\u00f3sito m\u00ednimo de $250 Advertencia general de riesgo: su capital est\u00e1 en riesgo Raceoption est\u00e1 comenzando a ganar una gran popularidad en la industria de opciones binarias y CFD.&nbsp;Con este bono [&hellip;]<\/p>\n","protected":false},"author":1,"featured_media":0,"parent":0,"menu_order":0,"comment_status":"closed","ping_status":"closed","template":"","meta":{"footnotes":""},"yoast_head":"<!-- This site is optimized with the Yoast SEO plugin v21.9.1 - https:\/\/yoast.com\/wordpress\/plugins\/seo\/ -->\n<title>Raceoption opiniones 2023: Lo que necesitas saber sobre este broker<\/title>\n<meta name=\"robots\" content=\"index, follow, max-snippet:-1, max-image-preview:large, max-video-preview:-1\" \/>\n<link rel=\"canonical\" href=\"https:\/\/binary-option.co\/es\/raceoption-opiniones\/\" \/>\n<meta property=\"og:locale\" content=\"es_ES\" \/>\n<meta property=\"og:type\" content=\"article\" \/>\n<meta property=\"og:title\" content=\"Raceoption opiniones 2023: Lo que necesitas saber sobre este broker\" \/>\n<meta property=\"og:description\" content=\"Clasificaci\u00f3n: Pago de hasta el 90 % (el monto se acredita en la cuenta en caso de una inversi\u00f3n exitosa) Cuenta de demostraci\u00f3n gratuita Dep\u00f3sito m\u00ednimo de $250 Advertencia general de riesgo: su capital est\u00e1 en riesgo Raceoption est\u00e1 comenzando a ganar una gran popularidad en la industria de opciones binarias y CFD.&nbsp;Con este bono [&hellip;]\" \/>\n<meta property=\"og:url\" content=\"https:\/\/binary-option.co\/es\/raceoption-opiniones\/\" \/>\n<meta property=\"og:site_name\" content=\"OpcionesBinarias.info\" \/>\n<meta property=\"article:modified_time\" content=\"2023-01-14T18:02:18+00:00\" \/>\n<meta property=\"og:image\" content=\"https:\/\/binary-option.co\/wp-content\/uploads\/2021\/06\/raceoption-logo.png\" \/>\n<meta name=\"twitter:card\" content=\"summary_large_image\" \/>\n<meta name=\"twitter:label1\" content=\"Tiempo de lectura\" \/>\n\t<meta name=\"twitter:data1\" content=\"6 minutos\" \/>\n<script type=\"application\/ld+json\" class=\"yoast-schema-graph\">{\"@context\":\"https:\/\/schema.org\",\"@graph\":[{\"@type\":\"WebPage\",\"@id\":\"https:\/\/binary-option.co\/es\/raceoption-opiniones\/\",\"url\":\"https:\/\/binary-option.co\/es\/raceoption-opiniones\/\",\"name\":\"Raceoption opiniones 2023: Lo que necesitas saber sobre este broker\",\"isPartOf\":{\"@id\":\"https:\/\/binary-option.co\/es\/#website\"},\"datePublished\":\"2022-03-31T19:04:51+00:00\",\"dateModified\":\"2023-01-14T18:02:18+00:00\",\"breadcrumb\":{\"@id\":\"https:\/\/binary-option.co\/es\/raceoption-opiniones\/#breadcrumb\"},\"inLanguage\":\"es\",\"potentialAction\":[{\"@type\":\"ReadAction\",\"target\":[\"https:\/\/binary-option.co\/es\/raceoption-opiniones\/\"]}]},{\"@type\":\"BreadcrumbList\",\"@id\":\"https:\/\/binary-option.co\/es\/raceoption-opiniones\/#breadcrumb\",\"itemListElement\":[{\"@type\":\"ListItem\",\"position\":1,\"name\":\"Home\",\"item\":\"https:\/\/binary-option.co\/es\/\"},{\"@type\":\"ListItem\",\"position\":2,\"name\":\"Raceoption opiniones\"}]},{\"@type\":\"WebSite\",\"@id\":\"https:\/\/binary-option.co\/es\/#website\",\"url\":\"https:\/\/binary-option.co\/es\/\",\"name\":\"OpcionesBinarias.info\",\"description\":\"Opciones binarias en Espa\u00f1a y America latina\",\"publisher\":{\"@id\":\"https:\/\/binary-option.co\/es\/#organization\"},\"potentialAction\":[{\"@type\":\"SearchAction\",\"target\":{\"@type\":\"EntryPoint\",\"urlTemplate\":\"https:\/\/binary-option.co\/es\/?s={search_term_string}\"},\"query-input\":\"required name=search_term_string\"}],\"inLanguage\":\"es\"},{\"@type\":\"Organization\",\"@id\":\"https:\/\/binary-option.co\/es\/#organization\",\"name\":\"OpcionesBinarias.info\",\"url\":\"https:\/\/binary-option.co\/es\/\",\"logo\":{\"@type\":\"ImageObject\",\"inLanguage\":\"es\",\"@id\":\"https:\/\/binary-option.co\/es\/#\/schema\/logo\/image\/\",\"url\":\"https:\/\/binary-option.co\/es\/wp-content\/uploads\/sites\/13\/2020\/12\/binary-option.co_.png\",\"contentUrl\":\"https:\/\/binary-option.co\/es\/wp-content\/uploads\/sites\/13\/2020\/12\/binary-option.co_.png\",\"width\":398,\"height\":66,\"caption\":\"OpcionesBinarias.info\"},\"image\":{\"@id\":\"https:\/\/binary-option.co\/es\/#\/schema\/logo\/image\/\"}}]}<\/script>\n<!-- \/ Yoast SEO plugin. -->","yoast_head_json":{"title":"Raceoption opiniones 2023: Lo que necesitas saber sobre este broker","robots":{"index":"index","follow":"follow","max-snippet":"max-snippet:-1","max-image-preview":"max-image-preview:large","max-video-preview":"max-video-preview:-1"},"canonical":"https:\/\/binary-option.co\/es\/raceoption-opiniones\/","og_locale":"es_ES","og_type":"article","og_title":"Raceoption opiniones 2023: Lo que necesitas saber sobre este broker","og_description":"Clasificaci\u00f3n: Pago de hasta el 90 % (el monto se acredita en la cuenta en caso de una inversi\u00f3n exitosa) Cuenta de demostraci\u00f3n gratuita Dep\u00f3sito m\u00ednimo de $250 Advertencia general de riesgo: su capital est\u00e1 en riesgo Raceoption est\u00e1 comenzando a ganar una gran popularidad en la industria de opciones binarias y CFD.&nbsp;Con este bono [&hellip;]","og_url":"https:\/\/binary-option.co\/es\/raceoption-opiniones\/","og_site_name":"OpcionesBinarias.info","article_modified_time":"2023-01-14T18:02:18+00:00","og_image":[{"url":"https:\/\/binary-option.co\/wp-content\/uploads\/2021\/06\/raceoption-logo.png"}],"twitter_card":"summary_large_image","twitter_misc":{"Tiempo de lectura":"6 minutos"},"schema":{"@context":"https:\/\/schema.org","@graph":[{"@type":"WebPage","@id":"https:\/\/binary-option.co\/es\/raceoption-opiniones\/","url":"https:\/\/binary-option.co\/es\/raceoption-opiniones\/","name":"Raceoption opiniones 2023: Lo que necesitas saber sobre este broker","isPartOf":{"@id":"https:\/\/binary-option.co\/es\/#website"},"datePublished":"2022-03-31T19:04:51+00:00","dateModified":"2023-01-14T18:02:18+00:00","breadcrumb":{"@id":"https:\/\/binary-option.co\/es\/raceoption-opiniones\/#breadcrumb"},"inLanguage":"es","potentialAction":[{"@type":"ReadAction","target":["https:\/\/binary-option.co\/es\/raceoption-opiniones\/"]}]},{"@type":"BreadcrumbList","@id":"https:\/\/binary-option.co\/es\/raceoption-opiniones\/#breadcrumb","itemListElement":[{"@type":"ListItem","position":1,"name":"Home","item":"https:\/\/binary-option.co\/es\/"},{"@type":"ListItem","position":2,"name":"Raceoption opiniones"}]},{"@type":"WebSite","@id":"https:\/\/binary-option.co\/es\/#website","url":"https:\/\/binary-option.co\/es\/","name":"OpcionesBinarias.info","description":"Opciones binarias en Espa\u00f1a y America latina","publisher":{"@id":"https:\/\/binary-option.co\/es\/#organization"},"potentialAction":[{"@type":"SearchAction","target":{"@type":"EntryPoint","urlTemplate":"https:\/\/binary-option.co\/es\/?s={search_term_string}"},"query-input":"required name=search_term_string"}],"inLanguage":"es"},{"@type":"Organization","@id":"https:\/\/binary-option.co\/es\/#organization","name":"OpcionesBinarias.info","url":"https:\/\/binary-option.co\/es\/","logo":{"@type":"ImageObject","inLanguage":"es","@id":"https:\/\/binary-option.co\/es\/#\/schema\/logo\/image\/","url":"https:\/\/binary-option.co\/es\/wp-content\/uploads\/sites\/13\/2020\/12\/binary-option.co_.png","contentUrl":"https:\/\/binary-option.co\/es\/wp-content\/uploads\/sites\/13\/2020\/12\/binary-option.co_.png","width":398,"height":66,"caption":"OpcionesBinarias.info"},"image":{"@id":"https:\/\/binary-option.co\/es\/#\/schema\/logo\/image\/"}}]}},"_links":{"self":[{"href":"https:\/\/binary-option.co\/es\/wp-json\/wp\/v2\/pages\/258"}],"collection":[{"href":"https:\/\/binary-option.co\/es\/wp-json\/wp\/v2\/pages"}],"about":[{"href":"https:\/\/binary-option.co\/es\/wp-json\/wp\/v2\/types\/page"}],"author":[{"embeddable":true,"href":"https:\/\/binary-option.co\/es\/wp-json\/wp\/v2\/users\/1"}],"replies":[{"embeddable":true,"href":"https:\/\/binary-option.co\/es\/wp-json\/wp\/v2\/comments?post=258"}],"version-history":[{"count":6,"href":"https:\/\/binary-option.co\/es\/wp-json\/wp\/v2\/pages\/258\/revisions"}],"predecessor-version":[{"id":321,"href":"https:\/\/binary-option.co\/es\/wp-json\/wp\/v2\/pages\/258\/revisions\/321"}],"wp:attachment":[{"href":"https:\/\/binary-option.co\/es\/wp-json\/wp\/v2\/media?parent=258"}],"curies":[{"name":"wp","href":"https:\/\/api.w.org\/{rel}","templated":true}]}}