{"id":252,"date":"2022-03-31T18:14:16","date_gmt":"2022-03-31T18:14:16","guid":{"rendered":"https:\/\/binary-option.co\/es\/?page_id=252"},"modified":"2023-01-14T18:00:42","modified_gmt":"2023-01-14T18:00:42","slug":"pocket-option-opiniones","status":"publish","type":"page","link":"https:\/\/binary-option.co\/es\/pocket-option-opiniones\/","title":{"rendered":"Pocket Option Opiniones"},"content":{"rendered":"\n<div class=\"wp-block-columns is-layout-flex wp-container-core-columns-layout-1 wp-block-columns-is-layout-flex\">\n<div class=\"wp-block-column is-layout-flow wp-block-column-is-layout-flow\" style=\"flex-basis:33.33%\">\n<figure class=\"wp-block-image size-large\"><a href=\"https:\/\/binary-option.co\/go\/pocketoption.com\" target=\"_blank\" rel=\"noopener\"><img decoding=\"async\" src=\"https:\/\/binary-option.co\/wp-content\/uploads\/2021\/05\/PocketOption-logo.png\" alt=\"\" class=\"wp-image-498\"\/><\/a><\/figure>\n<\/div>\n\n\n\n<div class=\"wp-block-column is-layout-flow wp-block-column-is-layout-flow\" style=\"flex-basis:66.66%\">\n<p><strong>Clasificaci\u00f3n:<\/strong> <div itemprop=\"reviewRating\" itemscope itemtype=\"http:\/\/schema.org\/Rating\" class=\"usr\"><meta itemprop=\"worstRating\" content=\"0\" \/><meta itemprop=\"ratingValue\" content=\"5\" \/><meta itemprop=\"bestRating\" content=\"5\" \/><img decoding=\"async\" class=\"usr\" src=\"https:\/\/binary-option.co\/es\/wp-content\/plugins\/universal-star-rating\/includes\/image.php?img=06.png&amp;px=16&amp;max=5&amp;rat=5\" alt=\"5 out of 5 stars\" style=\"height: 16px !important;\" \/><\/div><\/p>\n\n\n\n<ul><li>Pago de hasta el 92 % (el monto se acredita en la cuenta en caso de una inversi\u00f3n exitosa)<\/li><li>Cuenta de demostraci\u00f3n gratuita sin dep\u00f3sito<\/li><li>IFMRRC regulado<\/li><li>Hasta un 50% de bonificaci\u00f3n<\/li><li>$50 min.&nbsp;Depositar<\/li><\/ul>\n\n\n\n<p class=\"has-text-align-center\"><a class=\"maxbutton-2 maxbutton maxbutton-big-button\" target=\"_blank\" title=\"Visite la p\u00e1gina web oficial\" rel=\"nofollow noopener\" href=\"https:\/\/binary-option.co\/go\/pocketoption.com\"><span class='mb-text'>Visite el Broker<\/span><\/a><\/p>\n\n\n\n<p class=\"has-text-align-center\">Advertencia general de riesgo: su capital est\u00e1 en riesgo<\/p>\n<\/div>\n<\/div>\n\n\n\n<p>En esta revisi\u00f3n, haremos un recorrido completo y analizaremos el <strong>broker Pocket Option<\/strong>, que es un sitio de trading online que \u00faltimamente atrae a m\u00e1s y m\u00e1s traders.&nbsp;Veremos si Pocket Option es una estafa o si es un broker serio y confiable.&nbsp;\u00bfCu\u00e1les son estas caracter\u00edsticas, ventajas y desventajas y vale la pena usarlo para el trading online?<\/p>\n\n\n\n<figure class=\"wp-block-image\"><a href=\"https:\/\/binary-option.co\/go\/pocketoption.com\" target=\"_blank\" rel=\"noreferrer noopener\"><img decoding=\"async\" src=\"https:\/\/binary-option.co\/wp-content\/uploads\/2021\/06\/Pocket-Option-1024x499.png\" alt=\"\" class=\"wp-image-638\"\/><\/a><\/figure>\n\n\n\n<h2 class=\"wp-block-heading\">Descripci\u00f3n general de Pocket Option<\/h2>\n\n\n\n<p><strong>Pocket Option es un broker de opciones binarias<\/strong> que opera bajo el nombre de la compa\u00f1\u00eda Gembell Limited. Es un broker que comenz\u00f3 a operar en 2017 y desde entonces ha crecido en popularidad en los \u00faltimos a\u00f1os.&nbsp;La empresa est\u00e1 registrada en las Islas Marshall, que es un destino cl\u00e1sico para los brokers extranjeros internacionales y est\u00e1 regulada por el Centro de Regulaci\u00f3n de Relaciones del Mercado Financiero Internacional (IFMRRC).<\/p>\n\n\n\n<h2 class=\"wp-block-heading\">Instrumento de trading de Pocket Option<\/h2>\n\n\n\n<p>Pocket Option le permite negociar no menos de 130 activos.&nbsp;Cubriendo cinco categor\u00edas principales:<\/p>\n\n\n\n<ul><li>Divisas<\/li><li>Acci\u00f3nes<\/li><li>\u00cdndices<\/li><li>Materias primas<\/li><li>Criptomonedas<\/li><\/ul>\n\n\n\n<p>Pocket Option es un br\u00f3ker de opciones binarias que le permite especular con una amplia gama de activos, como divisas Forex cl\u00e1sicas, as\u00ed como pares de divisas ex\u00f3ticas, acciones e \u00edndices de todo el mundo.&nbsp;Tambi\u00e9n puede acer trading con materias primas como oro o petr\u00f3leo y criptomonedas como bitcoin o ethereum para los traders que aman la innovaci\u00f3n y las nuevas tecnolog\u00edas.<br>En su sitio web, encontrar\u00e1 la lista completa de activos disponibles y negociados actualmente, as\u00ed como el porcentaje de pago ofrecido para cada activo en una inversi\u00f3n exitosa.<\/p>\n\n\n\n<h2 class=\"wp-block-heading\">Cuenta de demostraci\u00f3n<\/h2>\n\n\n\n<p>Para familiarizarse con la <strong>plataforma de trading de Pocket Option<\/strong> y aprender sobre el trading de opciones binarias con este corredor, puede probar su cuenta de demostraci\u00f3n.&nbsp;Puede abrir una cuenta de demostraci\u00f3n en Pocket Option sin registrarse.&nbsp;Para abrir una cuenta de demostraci\u00f3n, todo lo que necesita hacer es ir a su sitio web y hacer clic en el bot\u00f3n \u00abCuenta de demostraci\u00f3n\u00bb para comenzar a operar en l\u00ednea con $ 10,000 en dinero virtual.&nbsp;Esto te permitir\u00e1 capacitarte y descubrir toda la funcionalidad de la plataforma sin arriesgar tu dinero.<\/p>\n\n\n\n<figure class=\"wp-block-image\"><a href=\"https:\/\/binary-option.co\/go\/pocketoption.com\" target=\"_blank\" rel=\"noreferrer noopener\"><img decoding=\"async\" src=\"https:\/\/binary-option.co\/wp-content\/uploads\/2021\/06\/Pocket-Option-Demo-1024x512.png\" alt=\"\" class=\"wp-image-640\"\/><\/a><\/figure>\n\n\n\n<p>Siempre es importante probar la demostraci\u00f3n antes de operar con dinero real.&nbsp;Porque si la plataforma de trading no le conviene, ser\u00e1 mucho m\u00e1s f\u00e1cil para usted abandonar la cuenta de pr\u00e1ctica y probar el modo de demostraci\u00f3n de otro corredor sin depositar dinero.<\/p>\n\n\n\n<p>Si es un novato en el trading de opciones binarias, es una buena idea utilizar una cuenta de demostraci\u00f3n para ganar experiencia y comprender c\u00f3mo funciona el trading de opciones binarias.<\/p>\n\n\n\n<h2 class=\"wp-block-heading\">Tipo de cuenta<\/h2>\n\n\n\n<p>Este broker tambi\u00e9n <strong>ofrece una cuenta Demo<\/strong>, que est\u00e1 limitada en t\u00e9rminos de activos disponibles pero que le permite probar diferentes estrategias de trading y descubrir la plataforma.&nbsp;El modo Real que le permite operar con opciones binarias sin restricciones y con la posibilidad esta vez de operar con dinero real y retirar sus ganancias con diferentes medios de pago.<\/p>\n\n\n\n<p><strong>PocketOption le da acceso a 7 tipos de cuentas<\/strong>.&nbsp;El tipo de cuenta depende de la cantidad depositada en el sitio.<\/p>\n\n\n\n<figure class=\"wp-block-image\"><a href=\"https:\/\/binary-option.co\/go\/pocketoption.com\" target=\"_blank\" rel=\"noreferrer noopener\"><img decoding=\"async\" src=\"https:\/\/binary-option.co\/wp-content\/uploads\/2021\/06\/Pocket-Option-Profile-Levels--1024x97.png\" alt=\"\" class=\"wp-image-641\"\/><\/a><\/figure>\n\n\n\n<p>Cada tipo de cuenta de trading permite diferentes capacidades y brinda beneficios adicionales al trader.&nbsp;Puede participar en torneos en el sitio, recibir bonificaciones y reembolsos, transacciones sin riesgos y reembolsos.&nbsp;Cuanto mayor sea su tipo de cuenta, m\u00e1s beneficios obtendr\u00e1 en su cuenta de trading Pocket Option.<\/p>\n\n\n\n<h2 class=\"wp-block-heading\">Plataforma de trading de Pocket Option<\/h2>\n\n\n\n<p>La <strong>plataforma de trading de Pocket Option<\/strong> es relativamente simple e intuitiva de usar y se adaptar\u00e1 a la mayor\u00eda de los operadores, ya sean principiantes o expertos.&nbsp;Esta plataforma de negociaci\u00f3n est\u00e1 equipada con muchos indicadores que ayudar\u00e1n a los comerciantes a tomar decisiones m\u00e1s informadas en el mercado.&nbsp;Si prefiere plataformas comerciales cl\u00e1sicas como Metatrader 5, este broker permite a sus usuarios utilizar la plataforma de trading MT5 para operar en l\u00ednea.<\/p>\n\n\n\n<figure class=\"wp-block-image\"><a href=\"https:\/\/binary-option.co\/go\/pocketoption.com\" target=\"_blank\" rel=\"noreferrer noopener\"><img decoding=\"async\" src=\"https:\/\/binary-option.co\/wp-content\/uploads\/2021\/06\/Pocket-Option-trading-Platform-1024x430.png\" alt=\"\" class=\"wp-image-639\"\/><\/a><\/figure>\n\n\n\n<h2 class=\"wp-block-heading\">Aplicaci\u00f3n m\u00f3vil<\/h2>\n\n\n\n<p>PocketOption ha desarrollado su propia aplicaci\u00f3n m\u00f3vil IOS y Android para el trading online.&nbsp;La descarga de la aplicaci\u00f3n Pocket Option est\u00e1 disponible de forma gratuita en los mercados de App Store y Google Play.&nbsp;Esto es conveniente para operar c\u00f3modamente en sus tabletas y smartphones cuando viaja o cuando no est\u00e1 en casa.<\/p>\n\n\n\n<p>Puede <strong>descargar la aplicaci\u00f3n de trading Pocket Option<\/strong> desde su dispositivo IOS y Android<\/p>\n\n\n\n<h2 class=\"wp-block-heading\">Pago de Pocket Option<\/h2>\n\n\n\n<p>PocketOption le permite ganar hasta el 92% del monto de su inversi\u00f3n especulando con diferentes tipos de activos.<\/p>\n\n\n\n<p>Puede especular con duraciones que van desde 1 minuto hasta varias horas con ganancias de inversi\u00f3n de hasta el 98% de la cantidad invertida.&nbsp;El monto m\u00ednimo para una operaci\u00f3n es de $1 y el dep\u00f3sito m\u00ednimo en la plataforma es de $50.<\/p>\n\n\n\n<h2 class=\"wp-block-heading\">Social Trading<\/h2>\n\n\n\n<p>Social Trading es una tecnolog\u00eda que conecta a los operadores experimentados con aquellos que quieren seguir sus actividades y beneficiarse de su \u00e9xito.<\/p>\n\n\n\n<p>Pocket Option es uno de los pocos brokers de opciones binarias que ofrece la oportunidad de utilizar el trading social.&nbsp;Gracias a esta funci\u00f3n, puede copiar el \u00e9xito de los comerciantes profesionales y le permite recibir ganancias en las \u00f3rdenes copiadas de acuerdo con los par\u00e1metros activados.&nbsp;Incluso si es un principiante, puede convertirse en un trader exitoso gracias al servicio de trading social que ofrece la plataforma.<\/p>\n\n\n\n<h2 class=\"wp-block-heading\">Se\u00f1ales de trading<\/h2>\n\n\n\n<p><strong>PocketOption proporciona se\u00f1ales de trading<\/strong> a su clientes.&nbsp;Las se\u00f1ales comerciales est\u00e1n disponibles en un men\u00fa en el lado derecho de su pantalla.&nbsp;Estas se\u00f1ales comerciales pueden ayudar a los operadores a tomar mejores decisiones al operar con opciones binarias con este corredor.<\/p>\n\n\n\n<h2 class=\"wp-block-heading\">Dep\u00f3sito y retiro<\/h2>\n\n\n\n<p>Aqu\u00ed hay una lista de <strong>m\u00e9todos de dep\u00f3sito \/ retiro que ofrece Pocket Option<\/strong>:<\/p>\n\n\n\n<p>Tarjetas de d\u00e9bito y cr\u00e9dito Visa y Mastercard<br>Euros \/ D\u00f3lares estadounidenses \/ Rublos<\/p>\n\n\n\n<p>Monederos electr\u00f3nicos<br>Webmoney \/ Perfect Money \/ Advcash \/ Yandex.Money \/ QIWI \/ Jeton \/ Vload<\/p>\n\n\n\n<p>Criptomonedas<br>BTC \/ ETH \/ Litecoin \/ BUSD \/ Tether \/ DAI \/ USD Coin \/ USDK \/ TrueUSD \/ Bitcoin Cash \/ Stellar \/ PAXOS Standard \/ PAX \/ Zcash<\/p>\n\n\n\n<h2 class=\"wp-block-heading\">Bonus<\/h2>\n\n\n\n<p><strong>Pocket Option ofrece un bono de dep\u00f3sito del 50%<\/strong> en su primer dep\u00f3sito.&nbsp;Cuanto mayor sea el primer dep\u00f3sito, m\u00e1s obtendr\u00e1 un bono significativo porque es proporcional al primer dep\u00f3sito.<\/p>\n\n\n\n<p>Tenga en cuenta que el bono no se puede retirar directamente si no opera.&nbsp;Debido a que algunos usuarios quieren abusar de la bonificaci\u00f3n y simplemente registrarse para retirar esta bonificaci\u00f3n, este corredor, como la mayor\u00eda de los corredores, protege contra este tipo de abuso y ofrece una bonificaci\u00f3n que debe usar para operar.&nbsp;Una vez que haya alcanzado un n\u00famero suficiente de transacciones, puede retirar el bono libremente.<\/p>\n\n\n\n<h2 class=\"wp-block-heading\">Conclusi\u00f3n de la revisi\u00f3n de Pocket Option<\/h2>\n\n\n\n<p>Pocket Option permite a los traders de todo el mundo especular sobre opciones binarias con mayores retornos de la inversi\u00f3n que otros brokers.&nbsp;Ofrecen un bono de hasta el 50% del primer dep\u00f3sito, lo que significa que obtendr\u00e1 m\u00e1s capital inicial para operar.<\/p>\n\n\n\n<p>Registrarse es r\u00e1pido y f\u00e1cil e incluso puede abrir una cuenta de demostraci\u00f3n sin tener que registrarse.&nbsp;En conclusi\u00f3n, <strong>Pocket Option es un broker seguro y de confianza<\/strong> que podemos recomendar para operar con opciones binarias en las mejores condiciones.<\/p>\n\n\n\n<p class=\"has-text-align-center\"><a class=\"maxbutton-2 maxbutton maxbutton-big-button\" target=\"_blank\" title=\"Visite la p\u00e1gina web oficial\" rel=\"nofollow noopener\" href=\"https:\/\/binary-option.co\/go\/pocketoption.com\"><span class='mb-text'>Visite el Broker<\/span><\/a><\/p>\n","protected":false},"excerpt":{"rendered":"<p>Clasificaci\u00f3n: Pago de hasta el 92 % (el monto se acredita en la cuenta en caso de una inversi\u00f3n exitosa) Cuenta de demostraci\u00f3n gratuita sin dep\u00f3sito IFMRRC regulado Hasta un 50% de bonificaci\u00f3n $50 min.&nbsp;Depositar Advertencia general de riesgo: su capital est\u00e1 en riesgo En esta revisi\u00f3n, haremos un recorrido completo y analizaremos el broker [&hellip;]<\/p>\n","protected":false},"author":1,"featured_media":0,"parent":0,"menu_order":0,"comment_status":"closed","ping_status":"closed","template":"","meta":{"footnotes":""},"yoast_head":"<!-- This site is optimized with the Yoast SEO plugin v21.9.1 - https:\/\/yoast.com\/wordpress\/plugins\/seo\/ -->\n<title>Pocket Option Opiniones 2023 \u00bfEs confiable o es una estafa?<\/title>\n<meta name=\"robots\" content=\"index, follow, max-snippet:-1, max-image-preview:large, max-video-preview:-1\" \/>\n<link rel=\"canonical\" href=\"https:\/\/binary-option.co\/es\/pocket-option-opiniones\/\" \/>\n<meta property=\"og:locale\" content=\"es_ES\" \/>\n<meta property=\"og:type\" content=\"article\" \/>\n<meta property=\"og:title\" content=\"Pocket Option Opiniones 2023 \u00bfEs confiable o es una estafa?\" \/>\n<meta property=\"og:description\" content=\"Clasificaci\u00f3n: Pago de hasta el 92 % (el monto se acredita en la cuenta en caso de una inversi\u00f3n exitosa) Cuenta de demostraci\u00f3n gratuita sin dep\u00f3sito IFMRRC regulado Hasta un 50% de bonificaci\u00f3n $50 min.&nbsp;Depositar Advertencia general de riesgo: su capital est\u00e1 en riesgo En esta revisi\u00f3n, haremos un recorrido completo y analizaremos el broker [&hellip;]\" \/>\n<meta property=\"og:url\" content=\"https:\/\/binary-option.co\/es\/pocket-option-opiniones\/\" \/>\n<meta property=\"og:site_name\" content=\"OpcionesBinarias.info\" \/>\n<meta property=\"article:modified_time\" content=\"2023-01-14T18:00:42+00:00\" \/>\n<meta property=\"og:image\" content=\"https:\/\/binary-option.co\/wp-content\/uploads\/2021\/05\/PocketOption-logo.png\" \/>\n<meta name=\"twitter:card\" content=\"summary_large_image\" \/>\n<meta name=\"twitter:label1\" content=\"Tiempo de lectura\" \/>\n\t<meta name=\"twitter:data1\" content=\"7 minutos\" \/>\n<script type=\"application\/ld+json\" class=\"yoast-schema-graph\">{\"@context\":\"https:\/\/schema.org\",\"@graph\":[{\"@type\":\"WebPage\",\"@id\":\"https:\/\/binary-option.co\/es\/pocket-option-opiniones\/\",\"url\":\"https:\/\/binary-option.co\/es\/pocket-option-opiniones\/\",\"name\":\"Pocket Option Opiniones 2023 \u00bfEs confiable o es una estafa?\",\"isPartOf\":{\"@id\":\"https:\/\/binary-option.co\/es\/#website\"},\"datePublished\":\"2022-03-31T18:14:16+00:00\",\"dateModified\":\"2023-01-14T18:00:42+00:00\",\"breadcrumb\":{\"@id\":\"https:\/\/binary-option.co\/es\/pocket-option-opiniones\/#breadcrumb\"},\"inLanguage\":\"es\",\"potentialAction\":[{\"@type\":\"ReadAction\",\"target\":[\"https:\/\/binary-option.co\/es\/pocket-option-opiniones\/\"]}]},{\"@type\":\"BreadcrumbList\",\"@id\":\"https:\/\/binary-option.co\/es\/pocket-option-opiniones\/#breadcrumb\",\"itemListElement\":[{\"@type\":\"ListItem\",\"position\":1,\"name\":\"Home\",\"item\":\"https:\/\/binary-option.co\/es\/\"},{\"@type\":\"ListItem\",\"position\":2,\"name\":\"Pocket Option Opiniones\"}]},{\"@type\":\"WebSite\",\"@id\":\"https:\/\/binary-option.co\/es\/#website\",\"url\":\"https:\/\/binary-option.co\/es\/\",\"name\":\"OpcionesBinarias.info\",\"description\":\"Opciones binarias en Espa\u00f1a y America latina\",\"publisher\":{\"@id\":\"https:\/\/binary-option.co\/es\/#organization\"},\"potentialAction\":[{\"@type\":\"SearchAction\",\"target\":{\"@type\":\"EntryPoint\",\"urlTemplate\":\"https:\/\/binary-option.co\/es\/?s={search_term_string}\"},\"query-input\":\"required name=search_term_string\"}],\"inLanguage\":\"es\"},{\"@type\":\"Organization\",\"@id\":\"https:\/\/binary-option.co\/es\/#organization\",\"name\":\"OpcionesBinarias.info\",\"url\":\"https:\/\/binary-option.co\/es\/\",\"logo\":{\"@type\":\"ImageObject\",\"inLanguage\":\"es\",\"@id\":\"https:\/\/binary-option.co\/es\/#\/schema\/logo\/image\/\",\"url\":\"https:\/\/binary-option.co\/es\/wp-content\/uploads\/sites\/13\/2020\/12\/binary-option.co_.png\",\"contentUrl\":\"https:\/\/binary-option.co\/es\/wp-content\/uploads\/sites\/13\/2020\/12\/binary-option.co_.png\",\"width\":398,\"height\":66,\"caption\":\"OpcionesBinarias.info\"},\"image\":{\"@id\":\"https:\/\/binary-option.co\/es\/#\/schema\/logo\/image\/\"}}]}<\/script>\n<!-- \/ Yoast SEO plugin. -->","yoast_head_json":{"title":"Pocket Option Opiniones 2023 \u00bfEs confiable o es una estafa?","robots":{"index":"index","follow":"follow","max-snippet":"max-snippet:-1","max-image-preview":"max-image-preview:large","max-video-preview":"max-video-preview:-1"},"canonical":"https:\/\/binary-option.co\/es\/pocket-option-opiniones\/","og_locale":"es_ES","og_type":"article","og_title":"Pocket Option Opiniones 2023 \u00bfEs confiable o es una estafa?","og_description":"Clasificaci\u00f3n: Pago de hasta el 92 % (el monto se acredita en la cuenta en caso de una inversi\u00f3n exitosa) Cuenta de demostraci\u00f3n gratuita sin dep\u00f3sito IFMRRC regulado Hasta un 50% de bonificaci\u00f3n $50 min.&nbsp;Depositar Advertencia general de riesgo: su capital est\u00e1 en riesgo En esta revisi\u00f3n, haremos un recorrido completo y analizaremos el broker [&hellip;]","og_url":"https:\/\/binary-option.co\/es\/pocket-option-opiniones\/","og_site_name":"OpcionesBinarias.info","article_modified_time":"2023-01-14T18:00:42+00:00","og_image":[{"url":"https:\/\/binary-option.co\/wp-content\/uploads\/2021\/05\/PocketOption-logo.png"}],"twitter_card":"summary_large_image","twitter_misc":{"Tiempo de lectura":"7 minutos"},"schema":{"@context":"https:\/\/schema.org","@graph":[{"@type":"WebPage","@id":"https:\/\/binary-option.co\/es\/pocket-option-opiniones\/","url":"https:\/\/binary-option.co\/es\/pocket-option-opiniones\/","name":"Pocket Option Opiniones 2023 \u00bfEs confiable o es una estafa?","isPartOf":{"@id":"https:\/\/binary-option.co\/es\/#website"},"datePublished":"2022-03-31T18:14:16+00:00","dateModified":"2023-01-14T18:00:42+00:00","breadcrumb":{"@id":"https:\/\/binary-option.co\/es\/pocket-option-opiniones\/#breadcrumb"},"inLanguage":"es","potentialAction":[{"@type":"ReadAction","target":["https:\/\/binary-option.co\/es\/pocket-option-opiniones\/"]}]},{"@type":"BreadcrumbList","@id":"https:\/\/binary-option.co\/es\/pocket-option-opiniones\/#breadcrumb","itemListElement":[{"@type":"ListItem","position":1,"name":"Home","item":"https:\/\/binary-option.co\/es\/"},{"@type":"ListItem","position":2,"name":"Pocket Option Opiniones"}]},{"@type":"WebSite","@id":"https:\/\/binary-option.co\/es\/#website","url":"https:\/\/binary-option.co\/es\/","name":"OpcionesBinarias.info","description":"Opciones binarias en Espa\u00f1a y America latina","publisher":{"@id":"https:\/\/binary-option.co\/es\/#organization"},"potentialAction":[{"@type":"SearchAction","target":{"@type":"EntryPoint","urlTemplate":"https:\/\/binary-option.co\/es\/?s={search_term_string}"},"query-input":"required name=search_term_string"}],"inLanguage":"es"},{"@type":"Organization","@id":"https:\/\/binary-option.co\/es\/#organization","name":"OpcionesBinarias.info","url":"https:\/\/binary-option.co\/es\/","logo":{"@type":"ImageObject","inLanguage":"es","@id":"https:\/\/binary-option.co\/es\/#\/schema\/logo\/image\/","url":"https:\/\/binary-option.co\/es\/wp-content\/uploads\/sites\/13\/2020\/12\/binary-option.co_.png","contentUrl":"https:\/\/binary-option.co\/es\/wp-content\/uploads\/sites\/13\/2020\/12\/binary-option.co_.png","width":398,"height":66,"caption":"OpcionesBinarias.info"},"image":{"@id":"https:\/\/binary-option.co\/es\/#\/schema\/logo\/image\/"}}]}},"_links":{"self":[{"href":"https:\/\/binary-option.co\/es\/wp-json\/wp\/v2\/pages\/252"}],"collection":[{"href":"https:\/\/binary-option.co\/es\/wp-json\/wp\/v2\/pages"}],"about":[{"href":"https:\/\/binary-option.co\/es\/wp-json\/wp\/v2\/types\/page"}],"author":[{"embeddable":true,"href":"https:\/\/binary-option.co\/es\/wp-json\/wp\/v2\/users\/1"}],"replies":[{"embeddable":true,"href":"https:\/\/binary-option.co\/es\/wp-json\/wp\/v2\/comments?post=252"}],"version-history":[{"count":4,"href":"https:\/\/binary-option.co\/es\/wp-json\/wp\/v2\/pages\/252\/revisions"}],"predecessor-version":[{"id":285,"href":"https:\/\/binary-option.co\/es\/wp-json\/wp\/v2\/pages\/252\/revisions\/285"}],"wp:attachment":[{"href":"https:\/\/binary-option.co\/es\/wp-json\/wp\/v2\/media?parent=252"}],"curies":[{"name":"wp","href":"https:\/\/api.w.org\/{rel}","templated":true}]}}