{"id":25,"date":"2020-09-11T13:26:36","date_gmt":"2020-09-11T18:26:36","guid":{"rendered":"http:\/\/opcionesbinarias.info\/?page_id=25"},"modified":"2021-11-16T21:19:06","modified_gmt":"2021-11-16T21:19:06","slug":"senales-opciones-binarias","status":"publish","type":"page","link":"https:\/\/binary-option.co\/es\/senales-opciones-binarias\/","title":{"rendered":"Se\u00f1ales opciones binarias:  Los mejores proveedor de se\u00f1ales\ufeff"},"content":{"rendered":"\n<p>No tiene sentido elegir el camino m\u00e1s dif\u00edcil cuando puede aprovechar los beneficios de operar con opciones binarias asoci\u00e1ndose con proveedores de se\u00f1ales. Los expertos monitorear\u00e1n el mercado para detectar tendencias a medida que surjan y luego brindar\u00e1n una se\u00f1al oportuna y precisa. Saber qu\u00e9 proveedores de se\u00f1ales de opciones binarias son los mejores ayudar\u00e1 a los operadores a reducir su b\u00fasqueda y tomar una decisi\u00f3n informada.<\/p>\n\n\n\n<p>Probamos m\u00e1s de 50 proveedores de se\u00f1ales de opciones binarias y nos complace presentar una comparaci\u00f3n entre los 5 principales proveedores de se\u00f1ales de opciones binarias seleccionados. Nuestra comparaci\u00f3n es muy completa y extensa, por lo que puede elegir un proveedor de se\u00f1ales verdaderamente profesional.<\/p>\n\n\n\n<p>El comercio de opciones binarias es el \u00faltimo participante en el comercio de acciones, materias primas, \u00edndices y pares de divisas. Las se\u00f1ales de opciones binarias son alertas comerciales dadas por analistas profesionales para elementos espec\u00edficos de las mismas.<\/p>\n\n\n\n<p class=\"has-text-align-center\"><strong>Los mejores proveedores de se\u00f1ales de opciones binarias<\/strong><\/p>\n\n\n\n<table id=\"tablepress-7\" class=\"tablepress tablepress-id-7 tablepress-responsive tablepress-responsive-stack-phone\">\n<thead>\n<tr class=\"row-1\">\n\t<th class=\"column-1\">Brokers con se\u00f1ales<\/th><th class=\"column-2\">Retorno<\/th><th class=\"column-3\">Deposito min.<\/th><th class=\"column-4\">Demo gratuita<\/th><th class=\"column-5\">Bonos<\/th><th class=\"column-6\">P\u00e1gina web<\/th>\n<\/tr>\n<\/thead>\n<tbody>\n<tr class=\"row-2\">\n\t<td class=\"column-1\"><a href=\"https:\/\/binary-option.co\/go\/quotex.io\"><img decoding=\"async\" src=\"https:\/\/binary-option.co\/wp-content\/uploads\/2021\/05\/Quotex.io-.png\" alt=\"\" width=\"160\" height=\"40\" class=\"alignnone size-full wp-image-468\" \/><\/a><\/td><td class=\"column-2\">98% Retorno<\/td><td class=\"column-3\">10$ Deposito min<\/td><td class=\"column-4\">Demo gratuita disponible<\/td><td class=\"column-5\">30% bonos<\/td><td class=\"column-6\"><style type='text\/css'>.maxbutton-1.maxbutton.maxbutton-table{position:relative;text-decoration:none;display:inline-block;vertical-align:middle;width:63px;height:33px;border:2px solid #5eb740;border-radius:4px 4px 4px 4px;background-color:#5eb740;box-shadow:0px 0px 2px 1px #333333}.maxbutton-1.maxbutton.maxbutton-table:hover{border-color:#5fc143;background-color:#5fc143;box-shadow:0px 0px 2px 1px #333333}.maxbutton-1.maxbutton.maxbutton-table .mb-text{color:#ffffff;font-family:Arial;font-size:15px;text-align:center;font-style:normal;font-weight:normal;line-height:1em;box-sizing:border-box;display:block;background-color:unset;padding:7px 0px 0px 0px}.maxbutton-1.maxbutton.maxbutton-table:hover .mb-text{color:#ffffff}@media only screen and (min-width:0px) and (max-width:480px){.maxbutton-1.maxbutton.maxbutton-table{width:90%}.maxbutton-1.maxbutton.maxbutton-table .mb-text{font-size:12px}}<\/style><a class=\"maxbutton-1 maxbutton maxbutton-table\" target=\"_blank\" title=\"Visite la p\u00e1gina web oficial\" rel=\"nofollow noopener\" href=\"https:\/\/binary-option.co\/go\/quotex.io\"><span class='mb-text'>\u00bb Visitar<\/span><\/a><\/td>\n<\/tr>\n<tr class=\"row-3\">\n\t<td class=\"column-1\"><a href=\"https:\/\/binary-option.co\/go\/spectre.ai\"><img decoding=\"async\" src=\"https:\/\/binary-option.co\/wp-content\/uploads\/2021\/05\/spectre.ai-.png\" alt=\"\" width=\"160\" height=\"40\" class=\"alignnone size-full wp-image-465\" \/><\/a><\/td><td class=\"column-2\">100% Retorno<\/td><td class=\"column-3\">10$ Deposito min<\/td><td class=\"column-4\">Demo gratuita disponible<\/td><td class=\"column-5\">Sin bono<\/td><td class=\"column-6\"><a class=\"maxbutton-1 maxbutton maxbutton-table\" target=\"_blank\" title=\"Visite la p\u00e1gina web oficial\" rel=\"nofollow noopener\" href=\"https:\/\/binary-option.co\/go\/spectre.ai\"><span class='mb-text'>\u00bb Visitar<\/span><\/a><\/td>\n<\/tr>\n<\/tbody>\n<\/table>\n<!-- #tablepress-7 from cache -->\n\n\n\n<p>El trading de opciones binarias es el \u00faltimo participante en el comercio de acciones, materias primas, \u00edndices y pares de divisas. Las se\u00f1ales de opciones binarias son alertas comerciales dadas por analistas profesionales para elementos espec\u00edficos de las mismas.<\/p>\n\n\n\n<p>Tambi\u00e9n puede utilizar alg\u00fan robot comercial que proporcione se\u00f1ales comerciales. aqu\u00ed hay una lista de los mejores robots comerciales con se\u00f1ales<\/p>\n\n\n\n<h2 class=\"has-text-align-center wp-block-heading\">El mejor robot de trading y softwares de trading automatizado con se\u00f1al de trading<\/h2>\n\n\n\n<table id=\"tablepress-5\" class=\"tablepress tablepress-id-5 tablepress-responsive tablepress-responsive-stack-phone\">\n<thead>\n<tr class=\"row-1\">\n\t<th class=\"column-1\">Robot<\/th><th class=\"column-2\">Informaci\u00f3n<\/th><th class=\"column-3\">P\u00e1gina web<\/th>\n<\/tr>\n<\/thead>\n<tbody>\n<tr class=\"row-2\">\n\t<td class=\"column-1\"><a href=\"http:\/\/binary-option.co\/go\/binbotpro.com\"><img decoding=\"async\" src=\"http:\/\/binary-option.co\/wp-content\/uploads\/2020\/08\/binbotpro-logo.png\" alt=\"\" width=\"175\" height=\"70\" class=\"alignnone size-full wp-image-240\" \/><\/a><\/td><td class=\"column-2\">Hay disponibles hasta 20 robots de trading de opciones binarias y puede compararlos con el rendimiento anterior. Solo 3 sencillos pasos para activar la funci\u00f3n de trading autom\u00e1tico.<\/td><td class=\"column-3\"><a class=\"maxbutton-1 maxbutton maxbutton-table\" target=\"_blank\" title=\"Visite la p\u00e1gina web oficial\" rel=\"nofollow noopener\" href=\"http:\/\/binary-option.co\/go\/binbotpro.com\"><span class='mb-text'>\u00bb Visitar<\/span><\/a><\/td>\n<\/tr>\n<tr class=\"row-3\">\n\t<td class=\"column-1\"><a href=\"https:\/\/binary-option.co\/go\/binary.com\"><img loading=\"lazy\" decoding=\"async\" src=\"https:\/\/binary-option.co\/wp-content\/uploads\/2020\/08\/Binary.com_.png\" alt=\"\" width=\"175\" height=\"70\" class=\"alignnone size-full wp-image-240\" \/><\/a><\/td><td class=\"column-2\">Cree su propio robot de trading con Binary Bot. Este broker ofrece una interfaz intuitiva para programar su propio robot de trading y automatizar sus estrategias de trading.<\/td><td class=\"column-3\"><a class=\"maxbutton-1 maxbutton maxbutton-table\" target=\"_blank\" title=\"Visite la p\u00e1gina web oficial\" rel=\"nofollow noopener\" href=\"https:\/\/binary-option.co\/go\/binary.com\"><span class='mb-text'>\u00bb Visitar<\/span><\/a><\/td>\n<\/tr>\n<tr class=\"row-4\">\n\t<td class=\"column-1\"><a href=\"https:\/\/binary-option.co\/go\/bitcointrader.com\"><img loading=\"lazy\" decoding=\"async\" src=\"https:\/\/binary-option.co\/wp-content\/uploads\/2021\/05\/bitcoin-trader-logo.png\" alt=\"\" width=\"200\" height=\"80\" class=\"alignnone size-full wp-image-567\" \/><\/a><\/td><td class=\"column-2\">El mejor robot de trading de Bitcoin y criptomonedas disponible en el mercado. Es un robot de trading de cripto perfecto para principiantes y traders expertos.<\/td><td class=\"column-3\"><a class=\"maxbutton-1 maxbutton maxbutton-table\" target=\"_blank\" title=\"Visite la p\u00e1gina web oficial\" rel=\"nofollow noopener\" href=\"https:\/\/binary-option.co\/go\/bitcointrader.com\"><span class='mb-text'>\u00bb Visitar<\/span><\/a><\/td>\n<\/tr>\n<\/tbody>\n<\/table>\n<!-- #tablepress-5 from cache -->\n\n\n\n<h2 class=\"wp-block-heading\">\u00bfQu\u00e9 son las se\u00f1ales de opciones binarias?<\/h2>\n\n\n\n<p>Una se\u00f1al de opciones binarias es una alerta comercial para los mercados de divisas, materias primas, acciones o \u00edndices o Bitcoin y criptomonedas. El precio de este servicio puede variar desde gratis hasta un promedio mensual de $ 299 o m\u00e1s, dependiendo de la persona o empresa que lo brinde. Tambi\u00e9n hay algunos paquetes que ofrecen acceso a largo plazo por tarifas de suscripci\u00f3n mensuales m\u00e1s econ\u00f3micas. En este caso, el piso ronda los $ 100 y alcanza varios cientos de d\u00f3lares mensuales.<\/p>\n\n\n\n<p>Los servicios que recibe cuando se suscribe a un proveedor de se\u00f1ales de opciones binarias var\u00edan de una empresa a otra. Puede esperar recibir cualquier cosa, desde sms, correo electr\u00f3nico y alertas en l\u00ednea, hasta atenci\u00f3n al cliente por correo electr\u00f3nico o por tel\u00e9fono, y an\u00e1lisis avanzados de algunas de las ofertas m\u00e1s sofisticadas. Dado que los proveedores de se\u00f1ales de opciones binarias deben proteger sus estrategias, operar con ellos implica cierto grado de confianza ciega en la empresa o el individuo detr\u00e1s de las se\u00f1ales que se emiten.<\/p>\n\n\n\n<h2 class=\"wp-block-heading\">Utilidad de los se\u00f1ales de opciones binarias<\/h2>\n\n\n\n<p>Los nuevos participantes no tienen que dedicar gran parte de su tiempo al an\u00e1lisis para tomar decisiones. Pueden aprovechar los servicios de se\u00f1ales de opciones binarias, que son muy simples y f\u00e1ciles de entender. El quid de estos servicios de se\u00f1ales es observar al operador experto en acci\u00f3n. El nuevo distribuidor puede conocer f\u00e1cilmente los matices de la operaci\u00f3n si observa a un profesional realizar toda la operaci\u00f3n.<\/p>\n\n\n\n<p>Todas las cosas que suceden en la pantalla son muy claras, f\u00e1ciles de entender y seguir para el nuevo participante. Se llevan a cabo negociaciones reales y el negociador puede comprender las razones de las acciones tomadas por el especialista en estas situaciones.<\/p>\n\n\n\n<p>Sin embargo, no todas las operaciones de opciones binarias no son 100% exitosas; pero un profesional capacitado puede alcanzar f\u00e1cilmente una tasa de \u00e9xito de alrededor del 85%. Esto significa que puede haber ocasiones en las que el profesional se equivoque; pero esta es una experiencia de aprendizaje. Es fundamental centrarse en los logros obtenidos y no en los retrocesos.<\/p>\n\n\n\n<p>Las acciones comerciales del comerciante se pueden ver en la PC o el celular del operador. Los detalles sobre la negociaci\u00f3n, como el activo sobre el que se realiza la oferta y el motivo de la elecci\u00f3n, se proporcionan con anticipaci\u00f3n. Esto le da al principiante conocimientos sobre el comercio, ayud\u00e1ndolo mientras opera por su cuenta.<\/p>\n\n\n\n<p>Una de las grandes ventajas de este servicio es que, el trader solo puede copiar las acciones del trader que seguramente funcionar\u00e1n; disfrutando as\u00ed de los beneficios.<\/p>\n\n\n\n<h2 class=\"wp-block-heading\">Los principales criterios para seleccionar proveedores de se\u00f1ales <\/h2>\n\n\n\n<p>Hay que tener en cuenta cuatro puntos al elegir el proveedor de se\u00f1al. Ellos son:<\/p>\n\n\n\n<p>\u2022 El precios<\/p>\n\n\n\n<p>\u2022 La confiabilidad del proveedor<\/p>\n\n\n\n<p>\u2022 La tasa de \u00e9xito<\/p>\n\n\n\n<p>\u2022 El periodo de suscripci\u00f3n<\/p>\n\n\n\n<p>El precio oscila entre $ 100 en salas por servicio promedio. Sin embargo, es aconsejable hacer una \u00abprueba\u00bb de negociaci\u00f3n que se realiza en un entorno de demostraci\u00f3n antes de comenzar la negociaci\u00f3n real.<\/p>\n\n\n\n<p>Sea inteligente, use una cuenta de demostraci\u00f3n antes de realizar operaciones en vivo con cualquier servicio de se\u00f1ales<\/p>\n\n\n\n<p>Suscribirse a las se\u00f1ales de opciones binarias es una excelente manera de diversificar su inversi\u00f3n, reflejando la negociaci\u00f3n de un sistema o comerciante con un buen historial. Al elegir un servicio de se\u00f1ales comerciales de opciones binarias, es muy importante encontrar un proveedor confiable que no manipule los resultados y haga declaraciones falsas. Por lo general, puede ver que este es el caso cuando los resultados parecen demasiado buenos para ser verdad.<\/p>\n\n\n\n<p>La credibilidad de muchas opciones en la web var\u00eda ampliamente, como suele ser el caso de todo lo relacionado con el lucrativo mercado de divisas. Puede ser una buena idea abordar cualquier reclamo con tasas de \u00e9xito del 85-100 por ciento con una pizca de sal, a pesar de su ubicuidad en el mundo del trading online. Pero hay algunas empresas que brindan informaci\u00f3n y alertas realmente valiosas a los clientes.<\/p>\n\n\n\n<p>Recuerde que su capacidad para explotar con \u00e9xito las se\u00f1ales de opciones binarias recibidas depende en gran medida de la eficiencia del servicio de su broker. Especialmente con las operaciones basadas en noticias, debe actuar r\u00e1pidamente, mientras se asegura de que cualquier problema relacionado con los tiempos de alto volumen cuando ocurren los diferenciales sea m\u00ednimo.<\/p>\n\n\n\n<h2 class=\"wp-block-heading\">La utilidad de las se\u00f1ales de opciones binarias<\/h2>\n\n\n\n<p>El uso o no de se\u00f1ales de opciones binarias depender\u00e1 principalmente de su car\u00e1cter y de su plan comercial. Si es una persona muy activa con poco tiempo para analizar y estudiar el mercado, las se\u00f1ales de opciones binarias son una alternativa al trading manual. Sin embargo, si desea aprender la mec\u00e1nica del trading online, recibir\u00e1 solo un beneficio modesto al suscribirse a las alertas de se\u00f1alizaci\u00f3n de opciones binarias.<\/p>\n\n\n\n<h2 class=\"wp-block-heading\">Para resumir<\/h2>\n\n\n\n<p>El trader principiante se beneficia enormemente de estos servicios de se\u00f1ales a trav\u00e9s de alertas recibidas de profesionales experimentados. Los traders experimentados tambi\u00e9n son capaces de reforzar sus decisiones y hacerlos m\u00e1s atentos a las acciones, hasta entonces no percibidas por ellos. Por lo tanto, definitivamente vale la pena usar el servicio de se\u00f1ales de opciones binarias.<\/p>\n","protected":false},"excerpt":{"rendered":"<p>No tiene sentido elegir el camino m\u00e1s dif\u00edcil cuando puede aprovechar los beneficios de operar con opciones binarias asoci\u00e1ndose con proveedores de se\u00f1ales. Los expertos monitorear\u00e1n el mercado para detectar tendencias a medida que surjan y luego brindar\u00e1n una se\u00f1al oportuna y precisa. Saber qu\u00e9 proveedores de se\u00f1ales de opciones binarias son los mejores ayudar\u00e1 [&hellip;]<\/p>\n","protected":false},"author":1,"featured_media":0,"parent":0,"menu_order":0,"comment_status":"closed","ping_status":"closed","template":"","meta":{"footnotes":""},"yoast_head":"<!-- This site is optimized with the Yoast SEO plugin v21.9.1 - https:\/\/yoast.com\/wordpress\/plugins\/seo\/ -->\n<title>Se\u00f1ales opciones binarias: Los mejores proveedor de se\u00f1ales\ufeff - OpcionesBinarias.info<\/title>\n<meta name=\"robots\" content=\"index, follow, max-snippet:-1, max-image-preview:large, max-video-preview:-1\" \/>\n<link rel=\"canonical\" href=\"https:\/\/binary-option.co\/es\/senales-opciones-binarias\/\" \/>\n<meta property=\"og:locale\" content=\"es_ES\" \/>\n<meta property=\"og:type\" content=\"article\" \/>\n<meta property=\"og:title\" content=\"Se\u00f1ales opciones binarias: Los mejores proveedor de se\u00f1ales\ufeff - OpcionesBinarias.info\" \/>\n<meta property=\"og:description\" content=\"No tiene sentido elegir el camino m\u00e1s dif\u00edcil cuando puede aprovechar los beneficios de operar con opciones binarias asoci\u00e1ndose con proveedores de se\u00f1ales. Los expertos monitorear\u00e1n el mercado para detectar tendencias a medida que surjan y luego brindar\u00e1n una se\u00f1al oportuna y precisa. Saber qu\u00e9 proveedores de se\u00f1ales de opciones binarias son los mejores ayudar\u00e1 [&hellip;]\" \/>\n<meta property=\"og:url\" content=\"https:\/\/binary-option.co\/es\/senales-opciones-binarias\/\" \/>\n<meta property=\"og:site_name\" content=\"OpcionesBinarias.info\" \/>\n<meta property=\"article:modified_time\" content=\"2021-11-16T21:19:06+00:00\" \/>\n<meta name=\"twitter:card\" content=\"summary_large_image\" \/>\n<meta name=\"twitter:label1\" content=\"Tiempo de lectura\" \/>\n\t<meta name=\"twitter:data1\" content=\"5 minutos\" \/>\n<script type=\"application\/ld+json\" class=\"yoast-schema-graph\">{\"@context\":\"https:\/\/schema.org\",\"@graph\":[{\"@type\":\"WebPage\",\"@id\":\"https:\/\/binary-option.co\/es\/senales-opciones-binarias\/\",\"url\":\"https:\/\/binary-option.co\/es\/senales-opciones-binarias\/\",\"name\":\"Se\u00f1ales opciones binarias: Los mejores proveedor de se\u00f1ales\ufeff - OpcionesBinarias.info\",\"isPartOf\":{\"@id\":\"https:\/\/binary-option.co\/es\/#website\"},\"datePublished\":\"2020-09-11T18:26:36+00:00\",\"dateModified\":\"2021-11-16T21:19:06+00:00\",\"breadcrumb\":{\"@id\":\"https:\/\/binary-option.co\/es\/senales-opciones-binarias\/#breadcrumb\"},\"inLanguage\":\"es\",\"potentialAction\":[{\"@type\":\"ReadAction\",\"target\":[\"https:\/\/binary-option.co\/es\/senales-opciones-binarias\/\"]}]},{\"@type\":\"BreadcrumbList\",\"@id\":\"https:\/\/binary-option.co\/es\/senales-opciones-binarias\/#breadcrumb\",\"itemListElement\":[{\"@type\":\"ListItem\",\"position\":1,\"name\":\"Home\",\"item\":\"https:\/\/binary-option.co\/es\/\"},{\"@type\":\"ListItem\",\"position\":2,\"name\":\"Se\u00f1ales opciones binarias: Los mejores proveedor de se\u00f1ales\ufeff\"}]},{\"@type\":\"WebSite\",\"@id\":\"https:\/\/binary-option.co\/es\/#website\",\"url\":\"https:\/\/binary-option.co\/es\/\",\"name\":\"OpcionesBinarias.info\",\"description\":\"Opciones binarias en Espa\u00f1a y America latina\",\"publisher\":{\"@id\":\"https:\/\/binary-option.co\/es\/#organization\"},\"potentialAction\":[{\"@type\":\"SearchAction\",\"target\":{\"@type\":\"EntryPoint\",\"urlTemplate\":\"https:\/\/binary-option.co\/es\/?s={search_term_string}\"},\"query-input\":\"required name=search_term_string\"}],\"inLanguage\":\"es\"},{\"@type\":\"Organization\",\"@id\":\"https:\/\/binary-option.co\/es\/#organization\",\"name\":\"OpcionesBinarias.info\",\"url\":\"https:\/\/binary-option.co\/es\/\",\"logo\":{\"@type\":\"ImageObject\",\"inLanguage\":\"es\",\"@id\":\"https:\/\/binary-option.co\/es\/#\/schema\/logo\/image\/\",\"url\":\"https:\/\/binary-option.co\/es\/wp-content\/uploads\/sites\/13\/2020\/12\/binary-option.co_.png\",\"contentUrl\":\"https:\/\/binary-option.co\/es\/wp-content\/uploads\/sites\/13\/2020\/12\/binary-option.co_.png\",\"width\":398,\"height\":66,\"caption\":\"OpcionesBinarias.info\"},\"image\":{\"@id\":\"https:\/\/binary-option.co\/es\/#\/schema\/logo\/image\/\"}}]}<\/script>\n<!-- \/ Yoast SEO plugin. -->","yoast_head_json":{"title":"Se\u00f1ales opciones binarias: Los mejores proveedor de se\u00f1ales\ufeff - OpcionesBinarias.info","robots":{"index":"index","follow":"follow","max-snippet":"max-snippet:-1","max-image-preview":"max-image-preview:large","max-video-preview":"max-video-preview:-1"},"canonical":"https:\/\/binary-option.co\/es\/senales-opciones-binarias\/","og_locale":"es_ES","og_type":"article","og_title":"Se\u00f1ales opciones binarias: Los mejores proveedor de se\u00f1ales\ufeff - OpcionesBinarias.info","og_description":"No tiene sentido elegir el camino m\u00e1s dif\u00edcil cuando puede aprovechar los beneficios de operar con opciones binarias asoci\u00e1ndose con proveedores de se\u00f1ales. Los expertos monitorear\u00e1n el mercado para detectar tendencias a medida que surjan y luego brindar\u00e1n una se\u00f1al oportuna y precisa. Saber qu\u00e9 proveedores de se\u00f1ales de opciones binarias son los mejores ayudar\u00e1 [&hellip;]","og_url":"https:\/\/binary-option.co\/es\/senales-opciones-binarias\/","og_site_name":"OpcionesBinarias.info","article_modified_time":"2021-11-16T21:19:06+00:00","twitter_card":"summary_large_image","twitter_misc":{"Tiempo de lectura":"5 minutos"},"schema":{"@context":"https:\/\/schema.org","@graph":[{"@type":"WebPage","@id":"https:\/\/binary-option.co\/es\/senales-opciones-binarias\/","url":"https:\/\/binary-option.co\/es\/senales-opciones-binarias\/","name":"Se\u00f1ales opciones binarias: Los mejores proveedor de se\u00f1ales\ufeff - OpcionesBinarias.info","isPartOf":{"@id":"https:\/\/binary-option.co\/es\/#website"},"datePublished":"2020-09-11T18:26:36+00:00","dateModified":"2021-11-16T21:19:06+00:00","breadcrumb":{"@id":"https:\/\/binary-option.co\/es\/senales-opciones-binarias\/#breadcrumb"},"inLanguage":"es","potentialAction":[{"@type":"ReadAction","target":["https:\/\/binary-option.co\/es\/senales-opciones-binarias\/"]}]},{"@type":"BreadcrumbList","@id":"https:\/\/binary-option.co\/es\/senales-opciones-binarias\/#breadcrumb","itemListElement":[{"@type":"ListItem","position":1,"name":"Home","item":"https:\/\/binary-option.co\/es\/"},{"@type":"ListItem","position":2,"name":"Se\u00f1ales opciones binarias: Los mejores proveedor de se\u00f1ales\ufeff"}]},{"@type":"WebSite","@id":"https:\/\/binary-option.co\/es\/#website","url":"https:\/\/binary-option.co\/es\/","name":"OpcionesBinarias.info","description":"Opciones binarias en Espa\u00f1a y America latina","publisher":{"@id":"https:\/\/binary-option.co\/es\/#organization"},"potentialAction":[{"@type":"SearchAction","target":{"@type":"EntryPoint","urlTemplate":"https:\/\/binary-option.co\/es\/?s={search_term_string}"},"query-input":"required name=search_term_string"}],"inLanguage":"es"},{"@type":"Organization","@id":"https:\/\/binary-option.co\/es\/#organization","name":"OpcionesBinarias.info","url":"https:\/\/binary-option.co\/es\/","logo":{"@type":"ImageObject","inLanguage":"es","@id":"https:\/\/binary-option.co\/es\/#\/schema\/logo\/image\/","url":"https:\/\/binary-option.co\/es\/wp-content\/uploads\/sites\/13\/2020\/12\/binary-option.co_.png","contentUrl":"https:\/\/binary-option.co\/es\/wp-content\/uploads\/sites\/13\/2020\/12\/binary-option.co_.png","width":398,"height":66,"caption":"OpcionesBinarias.info"},"image":{"@id":"https:\/\/binary-option.co\/es\/#\/schema\/logo\/image\/"}}]}},"_links":{"self":[{"href":"https:\/\/binary-option.co\/es\/wp-json\/wp\/v2\/pages\/25"}],"collection":[{"href":"https:\/\/binary-option.co\/es\/wp-json\/wp\/v2\/pages"}],"about":[{"href":"https:\/\/binary-option.co\/es\/wp-json\/wp\/v2\/types\/page"}],"author":[{"embeddable":true,"href":"https:\/\/binary-option.co\/es\/wp-json\/wp\/v2\/users\/1"}],"replies":[{"embeddable":true,"href":"https:\/\/binary-option.co\/es\/wp-json\/wp\/v2\/comments?post=25"}],"version-history":[{"count":1,"href":"https:\/\/binary-option.co\/es\/wp-json\/wp\/v2\/pages\/25\/revisions"}],"predecessor-version":[{"id":236,"href":"https:\/\/binary-option.co\/es\/wp-json\/wp\/v2\/pages\/25\/revisions\/236"}],"wp:attachment":[{"href":"https:\/\/binary-option.co\/es\/wp-json\/wp\/v2\/media?parent=25"}],"curies":[{"name":"wp","href":"https:\/\/api.w.org\/{rel}","templated":true}]}}