{"id":243,"date":"2022-03-31T17:38:16","date_gmt":"2022-03-31T17:38:16","guid":{"rendered":"https:\/\/binary-option.co\/es\/?page_id=243"},"modified":"2023-01-14T17:59:57","modified_gmt":"2023-01-14T17:59:57","slug":"quotex-opiniones","status":"publish","type":"page","link":"https:\/\/binary-option.co\/es\/quotex-opiniones\/","title":{"rendered":"Quotex Opiniones"},"content":{"rendered":"\n<p><\/p>\n\n\n\n<div class=\"wp-block-columns is-layout-flex wp-container-core-columns-layout-1 wp-block-columns-is-layout-flex\">\n<div class=\"wp-block-column is-layout-flow wp-block-column-is-layout-flow\" style=\"flex-basis:33.33%\">\n<figure class=\"wp-block-image size-large\"><a href=\"https:\/\/binary-option.co\/go\/quotex.io\"><img decoding=\"async\" src=\"https:\/\/binary-option.co\/wp-content\/uploads\/2021\/05\/quotex-io.png\" alt=\"\"\/><\/a><\/figure>\n<\/div>\n\n\n\n<div class=\"wp-block-column is-layout-flow wp-block-column-is-layout-flow\" style=\"flex-basis:66.66%\">\n<p><strong>Clasificaci\u00f3n:<\/strong> <div itemprop=\"reviewRating\" itemscope itemtype=\"http:\/\/schema.org\/Rating\" class=\"usr\"><meta itemprop=\"worstRating\" content=\"0\" \/><meta itemprop=\"ratingValue\" content=\"5\" \/><meta itemprop=\"bestRating\" content=\"5\" \/><img decoding=\"async\" class=\"usr\" src=\"https:\/\/binary-option.co\/es\/wp-content\/plugins\/universal-star-rating\/includes\/image.php?img=06.png&amp;px=16&amp;max=5&amp;rat=5\" alt=\"5 out of 5 stars\" style=\"height: 16px !important;\" \/><\/div><\/p>\n\n\n\n<ul id=\"block-4df22cd0-1c65-427b-8556-2d6bbf1c1fb5\"><li>Pago de hasta el 98 % (el monto se acredita en la cuenta en caso de una inversi\u00f3n exitosa)<\/li><li>Cuenta de demostraci\u00f3n gratuita sin dep\u00f3sito<\/li><li>IFMRRC regulado<\/li><li>Hasta un 50% de bonificaci\u00f3n<\/li><li>$10 min.&nbsp;Depositar<\/li><\/ul>\n\n\n\n<p class=\"has-text-align-center\"><a class=\"maxbutton-2 maxbutton maxbutton-big-button\" target=\"_blank\" title=\"Visite la p\u00e1gina web oficial\" rel=\"nofollow noopener\" href=\"https:\/\/binary-option.co\/go\/quotex.io\"><span class='mb-text'>Visite el Broker<\/span><\/a><\/p>\n\n\n\n<p class=\"has-text-align-center\">Advertencia general de riesgo: su capital est\u00e1 en riesgo<\/p>\n<\/div>\n<\/div>\n\n\n\n<p>En este art\u00edculo analizaremos en detalle la plataforma de trading online Quotex, que es un nuevo broker en el mercado con una popularidad cada vez mayor.&nbsp;\u00bfEs un broker seguro y de confianza?&nbsp;\u00bfCu\u00e1les son las herramientas y caracter\u00edsticas de esta plataforma de negociaci\u00f3n?&nbsp;Responderemos a todas estas preguntas y le daremos nuestra opini\u00f3n sobre este broker.<\/p>\n\n\n\n<figure class=\"wp-block-image\"><a href=\"https:\/\/binary-option.co\/go\/quotex.io\" target=\"_blank\" rel=\"noreferrer noopener\"><img decoding=\"async\" src=\"https:\/\/binary-option.co\/wp-content\/uploads\/2021\/06\/Quotex-review-1024x575.png\" alt=\"\" class=\"wp-image-615\"\/><\/a><figcaption>Sitio web oficial de Quotex<\/figcaption><\/figure>\n\n\n\n<h2 class=\"wp-block-heading\">Descripci\u00f3n general de Quotex<\/h2>\n\n\n\n<p>Quotex.io es un corredor relativamente nuevo que se ha establecido r\u00e1pidamente como uno de los l\u00edderes en el campo de las opciones digitales, opera bajo el nombre de Awesomo Limited, que es un&nbsp;<strong>broker regulado por la IFMRRC<\/strong>&nbsp;y comenz\u00f3 su actividad en 2019. El principal El objetivo del broker Quotex.io es hacer que el trading online sea lo m\u00e1s f\u00e1cil posible.&nbsp;Es una plataforma de trading galardonada, transparente, intuitiva y moderna reconocida por expertos de la industria y desarrollada por desarrolladores con m\u00e1s de 10 a\u00f1os de experiencia.<\/p>\n\n\n\n<h2 class=\"wp-block-heading\">Instrumentos de Trading Quotex<\/h2>\n\n\n\n<p>Este br\u00f3ker proporciona m\u00e1s de 400 instrumentos comerciales para permitir que los comerciantes principiantes y profesionales de todo el mundo ganen dinero en mercados financieros como&nbsp;<strong>Forex, acciones, \u00edndices, metales, petr\u00f3leo y gas, as\u00ed como para el trading de criptomonedas<\/strong>&nbsp;.&nbsp;Por lo tanto, puede ganar hasta el 98% del monto de su inversi\u00f3n en una amplia gama de activos.<\/p>\n\n\n\n<p>Las opciones digitales que ofrece este br\u00f3ker le permiten especular con duraciones que van desde 1 minuto hasta 4 horas con ganancias de inversi\u00f3n de hasta el 98% del monto de su inversi\u00f3n.&nbsp;El monto m\u00ednimo de una inversi\u00f3n es de solo $ 1. Lo cual se adaptar\u00e1 a la gran mayor\u00eda de los comerciantes.<\/p>\n\n\n\n<h2 class=\"wp-block-heading\">Plataforma de trading Quotex.io<\/h2>\n\n\n\n<p>La plataforma de trading de opciones digitales de Quotex le permite negociar una multitud de activos subyacentes.&nbsp;El t\u00e9rmino opci\u00f3n digital se refiere a la opci\u00f3n binaria Up\/Down, que son transacciones basadas en movimientos de precios ascendentes y descendentes con ganancias predeterminadas para cada inversi\u00f3n correcta.<\/p>\n\n\n\n<figure class=\"wp-block-image\"><a href=\"https:\/\/binary-option.co\/go\/quotex.io\" target=\"_blank\" rel=\"noreferrer noopener\"><img decoding=\"async\" src=\"https:\/\/binary-option.co\/wp-content\/uploads\/2021\/06\/Quotex-trading-platform-1024x521.png\" alt=\"\" class=\"wp-image-612\"\/><\/a><\/figure>\n\n\n\n<p>Para operar en Quotex.io&nbsp;<strong>no necesita descargar ning\u00fan software<\/strong>&nbsp;o aplicaci\u00f3n, esta plataforma de negociaci\u00f3n est\u00e1 completamente basada en un navegador web.&nbsp;Por lo tanto, puede acceder desde cualquier dispositivo con un navegador web, como computadoras, un tel\u00e9fono inteligente o una tableta.<\/p>\n\n\n\n<div class=\"wp-block-image\"><figure class=\"alignright size-large is-resized\"><a href=\"https:\/\/binary-option.co\/go\/quotex.io\" target=\"_blank\" rel=\"noopener\"><img fetchpriority=\"high\" decoding=\"async\" src=\"https:\/\/binary-option.co\/wp-content\/uploads\/2021\/06\/Quotex-trading-signal.png\" alt=\"\" class=\"wp-image-620\" width=\"192\" height=\"265\"\/><\/a><\/figure><\/div>\n\n\n\n<p>La plataforma de Quotex es simple y muy intuitiva, tiene diferentes opciones de gr\u00e1ficos y muchos indicadores est\u00e1n disponibles.&nbsp;Puede utilizar m\u00e1s de&nbsp;<strong>9 indicadores de tendencia<\/strong>&nbsp;, como&nbsp;<strong>las Bandas de Bollinger<\/strong>&nbsp;y&nbsp;<strong>la Nube de Ichimoku<\/strong>&nbsp;, as\u00ed como no menos de&nbsp;<strong>15 osciladores<\/strong>&nbsp;, como&nbsp;<strong>MACD<\/strong>&nbsp;y&nbsp;<strong>RSI<\/strong>&nbsp;.<\/p>\n\n\n\n<p>Las opciones del gr\u00e1fico se ubican a la derecha del gr\u00e1fico en su pantalla.&nbsp;La plataforma tambi\u00e9n brinda acceso a noticias del mercado y se\u00f1ales comerciales.<\/p>\n\n\n\n<h2 class=\"wp-block-heading\">Tipo de cuenta<\/h2>\n\n\n\n<p>Este br\u00f3ker da acceso a una&nbsp;<strong>cuenta demo gratuita de 10.000 d\u00f3lares<\/strong>&nbsp;, que puedes recargar gratis en cualquier momento para practicar trading y descubrir todas las funcionalidades de la plataforma as\u00ed como&nbsp;<strong>probar tus estrategias de trading sin el riesgo de p\u00e9rdidas asociadas.<\/strong>&nbsp;.&nbsp;.<\/p>\n\n\n\n<figure class=\"wp-block-image\"><a href=\"https:\/\/binary-option.co\/go\/quotex.io\" target=\"_blank\" rel=\"noreferrer noopener\"><img decoding=\"async\" src=\"https:\/\/binary-option.co\/wp-content\/uploads\/2021\/06\/Quotex-Demo-account-1024x517.png\" alt=\"\" class=\"wp-image-618\"\/><\/a><\/figure>\n\n\n\n<p>Luego, cuando se sienta listo para ponerse manos a la obra, puede cambiar al modo de trading real, al que se puede acceder con un&nbsp;<strong>dep\u00f3sito de solo $ 10<\/strong>&nbsp;y que le permitir\u00e1 operar con dinero real.<\/p>\n\n\n\n<figure class=\"wp-block-image size-large is-resized\"><a href=\"https:\/\/binary-option.co\/go\/quotex.io\" target=\"_blank\" rel=\"noopener\"><img decoding=\"async\" src=\"https:\/\/binary-option.co\/wp-content\/uploads\/2021\/06\/quotex-account-type-1-1024x964.png\" alt=\"\" class=\"wp-image-614\" width=\"523\" height=\"492\"\/><\/a><\/figure>\n\n\n\n<h2 class=\"wp-block-heading\">Dep\u00f3sito y retiro<\/h2>\n\n\n\n<p>Quotex tiene una gran cantidad de m\u00e9todos para sus dep\u00f3sitos y retiros.&nbsp;Puede pagar y retirar sus fondos con&nbsp;<strong>tarjetas Visa y MasterCard<\/strong>&nbsp;, monederos electr\u00f3nicos como&nbsp;<strong>Neteller<\/strong>&nbsp;,&nbsp;<strong>Skrill<\/strong>&nbsp;,&nbsp;<strong>WebMoney<\/strong>&nbsp;,&nbsp;<strong>pagos m\u00f3viles QIWI<\/strong>&nbsp;, as\u00ed como con&nbsp;<strong>criptomonedas<\/strong>&nbsp;.<\/p>\n\n\n\n<p><strong>Los dep\u00f3sitos y retiros son r\u00e1pidos<\/strong>&nbsp;y se realizan a la misma fuente del primer dep\u00f3sito excepto si se verifica la fuente del segundo medio de pago.&nbsp;Quotex no cobra tarifas de retiro o dep\u00f3sito.&nbsp;Sin embargo, algunos m\u00e9todos de pago pueden incurrir en tarifas que no son cobradas por la propia plataforma, sino por el proveedor de pago.<\/p>\n\n\n\n<p>Tenga en cuenta que algunos m\u00e9todos de pago no est\u00e1n disponibles seg\u00fan su pa\u00eds de residencia, pero se aceptan pagos criptogr\u00e1ficos en todos los pa\u00edses.<\/p>\n\n\n\n<h2 class=\"wp-block-heading\">Bonus<\/h2>\n\n\n\n<figure class=\"wp-block-image\"><a href=\"https:\/\/binary-option.co\/go\/quotex.io\" target=\"_blank\" rel=\"noreferrer noopener\"><img decoding=\"async\" src=\"https:\/\/binary-option.co\/wp-content\/uploads\/2021\/06\/Quotex-bonus-1024x109.png\" alt=\"\" class=\"wp-image-616\"\/><\/a><\/figure>\n\n\n\n<p>Este corredor&nbsp;<strong>ofrece una bonificaci\u00f3n del 30% al 50%<\/strong>&nbsp;despu\u00e9s de la suma de su primer dep\u00f3sito.&nbsp;El bono solo se ofrece en el primer dep\u00f3sito y no es posible obtener bonos adicionales.<\/p>\n\n\n\n<h2 class=\"wp-block-heading\">Conclusi\u00f3n de la revisi\u00f3n de Quotex:<\/h2>\n\n\n\n<p>Aunque este br\u00f3ker es nuevo en la industria,&nbsp;<strong>Quotex es un br\u00f3ker de confianza<\/strong>&nbsp;que le permite negociar con confianza una multitud de activos a trav\u00e9s de opciones digitales.&nbsp;Es una plataforma de negociaci\u00f3n transparente, intuitiva y moderna que permite a todo tipo de comerciantes acceder a m\u00e1s de 400 activos diferentes.&nbsp;D\u00e1ndole las mejores condiciones para el trading de opciones digitales.&nbsp;As\u00ed que no dude en abrir una cuenta demo en Quotex.io para probarlo y ver por qu\u00e9 este broker merece su reconocimiento como uno de los l\u00edderes en la industria.<\/p>\n\n\n\n<p class=\"has-text-align-center\"><a class=\"maxbutton-2 maxbutton maxbutton-big-button\" target=\"_blank\" title=\"Visite la p\u00e1gina web oficial\" rel=\"nofollow noopener\" href=\"https:\/\/binary-option.co\/go\/quotex.io\"><span class='mb-text'>Visite el Broker<\/span><\/a><\/p>\n","protected":false},"excerpt":{"rendered":"<p>Clasificaci\u00f3n: Pago de hasta el 98 % (el monto se acredita en la cuenta en caso de una inversi\u00f3n exitosa) Cuenta de demostraci\u00f3n gratuita sin dep\u00f3sito IFMRRC regulado Hasta un 50% de bonificaci\u00f3n $10 min.&nbsp;Depositar Advertencia general de riesgo: su capital est\u00e1 en riesgo En este art\u00edculo analizaremos en detalle la plataforma de trading online [&hellip;]<\/p>\n","protected":false},"author":1,"featured_media":0,"parent":0,"menu_order":0,"comment_status":"closed","ping_status":"closed","template":"","meta":{"footnotes":""},"yoast_head":"<!-- This site is optimized with the Yoast SEO plugin v21.9.1 - https:\/\/yoast.com\/wordpress\/plugins\/seo\/ -->\n<title>Quotex Opiniones 2023 \u00bfEs realmente un broker confiable?<\/title>\n<meta name=\"robots\" content=\"index, follow, max-snippet:-1, max-image-preview:large, max-video-preview:-1\" \/>\n<link rel=\"canonical\" href=\"https:\/\/binary-option.co\/es\/quotex-opiniones\/\" \/>\n<meta property=\"og:locale\" content=\"es_ES\" \/>\n<meta property=\"og:type\" content=\"article\" \/>\n<meta property=\"og:title\" content=\"Quotex Opiniones 2023 \u00bfEs realmente un broker confiable?\" \/>\n<meta property=\"og:description\" content=\"Clasificaci\u00f3n: Pago de hasta el 98 % (el monto se acredita en la cuenta en caso de una inversi\u00f3n exitosa) Cuenta de demostraci\u00f3n gratuita sin dep\u00f3sito IFMRRC regulado Hasta un 50% de bonificaci\u00f3n $10 min.&nbsp;Depositar Advertencia general de riesgo: su capital est\u00e1 en riesgo En este art\u00edculo analizaremos en detalle la plataforma de trading online [&hellip;]\" \/>\n<meta property=\"og:url\" content=\"https:\/\/binary-option.co\/es\/quotex-opiniones\/\" \/>\n<meta property=\"og:site_name\" content=\"OpcionesBinarias.info\" \/>\n<meta property=\"article:modified_time\" content=\"2023-01-14T17:59:57+00:00\" \/>\n<meta property=\"og:image\" content=\"https:\/\/binary-option.co\/wp-content\/uploads\/2021\/05\/quotex-io.png\" \/>\n<meta name=\"twitter:card\" content=\"summary_large_image\" \/>\n<meta name=\"twitter:label1\" content=\"Tiempo de lectura\" \/>\n\t<meta name=\"twitter:data1\" content=\"6 minutos\" \/>\n<script type=\"application\/ld+json\" class=\"yoast-schema-graph\">{\"@context\":\"https:\/\/schema.org\",\"@graph\":[{\"@type\":\"WebPage\",\"@id\":\"https:\/\/binary-option.co\/es\/quotex-opiniones\/\",\"url\":\"https:\/\/binary-option.co\/es\/quotex-opiniones\/\",\"name\":\"Quotex Opiniones 2023 \u00bfEs realmente un broker confiable?\",\"isPartOf\":{\"@id\":\"https:\/\/binary-option.co\/es\/#website\"},\"datePublished\":\"2022-03-31T17:38:16+00:00\",\"dateModified\":\"2023-01-14T17:59:57+00:00\",\"breadcrumb\":{\"@id\":\"https:\/\/binary-option.co\/es\/quotex-opiniones\/#breadcrumb\"},\"inLanguage\":\"es\",\"potentialAction\":[{\"@type\":\"ReadAction\",\"target\":[\"https:\/\/binary-option.co\/es\/quotex-opiniones\/\"]}]},{\"@type\":\"BreadcrumbList\",\"@id\":\"https:\/\/binary-option.co\/es\/quotex-opiniones\/#breadcrumb\",\"itemListElement\":[{\"@type\":\"ListItem\",\"position\":1,\"name\":\"Home\",\"item\":\"https:\/\/binary-option.co\/es\/\"},{\"@type\":\"ListItem\",\"position\":2,\"name\":\"Quotex Opiniones\"}]},{\"@type\":\"WebSite\",\"@id\":\"https:\/\/binary-option.co\/es\/#website\",\"url\":\"https:\/\/binary-option.co\/es\/\",\"name\":\"OpcionesBinarias.info\",\"description\":\"Opciones binarias en Espa\u00f1a y America latina\",\"publisher\":{\"@id\":\"https:\/\/binary-option.co\/es\/#organization\"},\"potentialAction\":[{\"@type\":\"SearchAction\",\"target\":{\"@type\":\"EntryPoint\",\"urlTemplate\":\"https:\/\/binary-option.co\/es\/?s={search_term_string}\"},\"query-input\":\"required name=search_term_string\"}],\"inLanguage\":\"es\"},{\"@type\":\"Organization\",\"@id\":\"https:\/\/binary-option.co\/es\/#organization\",\"name\":\"OpcionesBinarias.info\",\"url\":\"https:\/\/binary-option.co\/es\/\",\"logo\":{\"@type\":\"ImageObject\",\"inLanguage\":\"es\",\"@id\":\"https:\/\/binary-option.co\/es\/#\/schema\/logo\/image\/\",\"url\":\"https:\/\/binary-option.co\/es\/wp-content\/uploads\/sites\/13\/2020\/12\/binary-option.co_.png\",\"contentUrl\":\"https:\/\/binary-option.co\/es\/wp-content\/uploads\/sites\/13\/2020\/12\/binary-option.co_.png\",\"width\":398,\"height\":66,\"caption\":\"OpcionesBinarias.info\"},\"image\":{\"@id\":\"https:\/\/binary-option.co\/es\/#\/schema\/logo\/image\/\"}}]}<\/script>\n<!-- \/ Yoast SEO plugin. -->","yoast_head_json":{"title":"Quotex Opiniones 2023 \u00bfEs realmente un broker confiable?","robots":{"index":"index","follow":"follow","max-snippet":"max-snippet:-1","max-image-preview":"max-image-preview:large","max-video-preview":"max-video-preview:-1"},"canonical":"https:\/\/binary-option.co\/es\/quotex-opiniones\/","og_locale":"es_ES","og_type":"article","og_title":"Quotex Opiniones 2023 \u00bfEs realmente un broker confiable?","og_description":"Clasificaci\u00f3n: Pago de hasta el 98 % (el monto se acredita en la cuenta en caso de una inversi\u00f3n exitosa) Cuenta de demostraci\u00f3n gratuita sin dep\u00f3sito IFMRRC regulado Hasta un 50% de bonificaci\u00f3n $10 min.&nbsp;Depositar Advertencia general de riesgo: su capital est\u00e1 en riesgo En este art\u00edculo analizaremos en detalle la plataforma de trading online [&hellip;]","og_url":"https:\/\/binary-option.co\/es\/quotex-opiniones\/","og_site_name":"OpcionesBinarias.info","article_modified_time":"2023-01-14T17:59:57+00:00","og_image":[{"url":"https:\/\/binary-option.co\/wp-content\/uploads\/2021\/05\/quotex-io.png"}],"twitter_card":"summary_large_image","twitter_misc":{"Tiempo de lectura":"6 minutos"},"schema":{"@context":"https:\/\/schema.org","@graph":[{"@type":"WebPage","@id":"https:\/\/binary-option.co\/es\/quotex-opiniones\/","url":"https:\/\/binary-option.co\/es\/quotex-opiniones\/","name":"Quotex Opiniones 2023 \u00bfEs realmente un broker confiable?","isPartOf":{"@id":"https:\/\/binary-option.co\/es\/#website"},"datePublished":"2022-03-31T17:38:16+00:00","dateModified":"2023-01-14T17:59:57+00:00","breadcrumb":{"@id":"https:\/\/binary-option.co\/es\/quotex-opiniones\/#breadcrumb"},"inLanguage":"es","potentialAction":[{"@type":"ReadAction","target":["https:\/\/binary-option.co\/es\/quotex-opiniones\/"]}]},{"@type":"BreadcrumbList","@id":"https:\/\/binary-option.co\/es\/quotex-opiniones\/#breadcrumb","itemListElement":[{"@type":"ListItem","position":1,"name":"Home","item":"https:\/\/binary-option.co\/es\/"},{"@type":"ListItem","position":2,"name":"Quotex Opiniones"}]},{"@type":"WebSite","@id":"https:\/\/binary-option.co\/es\/#website","url":"https:\/\/binary-option.co\/es\/","name":"OpcionesBinarias.info","description":"Opciones binarias en Espa\u00f1a y America latina","publisher":{"@id":"https:\/\/binary-option.co\/es\/#organization"},"potentialAction":[{"@type":"SearchAction","target":{"@type":"EntryPoint","urlTemplate":"https:\/\/binary-option.co\/es\/?s={search_term_string}"},"query-input":"required name=search_term_string"}],"inLanguage":"es"},{"@type":"Organization","@id":"https:\/\/binary-option.co\/es\/#organization","name":"OpcionesBinarias.info","url":"https:\/\/binary-option.co\/es\/","logo":{"@type":"ImageObject","inLanguage":"es","@id":"https:\/\/binary-option.co\/es\/#\/schema\/logo\/image\/","url":"https:\/\/binary-option.co\/es\/wp-content\/uploads\/sites\/13\/2020\/12\/binary-option.co_.png","contentUrl":"https:\/\/binary-option.co\/es\/wp-content\/uploads\/sites\/13\/2020\/12\/binary-option.co_.png","width":398,"height":66,"caption":"OpcionesBinarias.info"},"image":{"@id":"https:\/\/binary-option.co\/es\/#\/schema\/logo\/image\/"}}]}},"_links":{"self":[{"href":"https:\/\/binary-option.co\/es\/wp-json\/wp\/v2\/pages\/243"}],"collection":[{"href":"https:\/\/binary-option.co\/es\/wp-json\/wp\/v2\/pages"}],"about":[{"href":"https:\/\/binary-option.co\/es\/wp-json\/wp\/v2\/types\/page"}],"author":[{"embeddable":true,"href":"https:\/\/binary-option.co\/es\/wp-json\/wp\/v2\/users\/1"}],"replies":[{"embeddable":true,"href":"https:\/\/binary-option.co\/es\/wp-json\/wp\/v2\/comments?post=243"}],"version-history":[{"count":6,"href":"https:\/\/binary-option.co\/es\/wp-json\/wp\/v2\/pages\/243\/revisions"}],"predecessor-version":[{"id":296,"href":"https:\/\/binary-option.co\/es\/wp-json\/wp\/v2\/pages\/243\/revisions\/296"}],"wp:attachment":[{"href":"https:\/\/binary-option.co\/es\/wp-json\/wp\/v2\/media?parent=243"}],"curies":[{"name":"wp","href":"https:\/\/api.w.org\/{rel}","templated":true}]}}