{"id":19,"date":"2020-09-11T11:53:53","date_gmt":"2020-09-11T16:53:53","guid":{"rendered":"http:\/\/opcionesbinarias.info\/?page_id=19"},"modified":"2023-01-14T18:05:02","modified_gmt":"2023-01-14T18:05:02","slug":"bot-trading","status":"publish","type":"page","link":"https:\/\/binary-option.co\/es\/bot-trading\/","title":{"rendered":"Mejores Bot de Trading y software de trading automatizado"},"content":{"rendered":"\n<p>En este art\u00edculo, explicaremos c\u00f3mo funcionan los robots de trading y le presentaremos los mejores robots de trading para el a\u00f1o 2023. Tambi\u00e9n haremos un recorrido completo por todo lo que necesita saber como usuario de estos sistemas de trading automatizados.<\/p>\n\n\n\n<p>Tambi\u00e9n veremos c\u00f3mo abrir una cuenta de demostraci\u00f3n para probar un bot de trading y probar sus estrategias comerciales automatizadas. El uso de una cuenta de demostraci\u00f3n es importante para familiarizarse con sus herramientas de negociaci\u00f3n autom\u00e1tica.<\/p>\n\n\n\n<p>La elecci\u00f3n del mejor software de trading autom\u00e1tico para usted depender\u00e1 en gran medida de sus preferencias individuales, as\u00ed que siga leyendo para obtener toda la informaci\u00f3n que necesita saber sobre los bots de trading.<\/p>\n\n\n\n<p>Los mejores bots para el trading autom\u00e1tico de opciones binarias son completamente gratuitos y pueden indicarle cu\u00e1ndo puede ser el mejor momento para operar y qu\u00e9 divisas. La \u00fanica inversi\u00f3n necesaria para poder beneficiarse al operar con un robot de opciones binarias es el hecho de que necesita poner dinero en su cuenta para operar. Este precio es normalmente de $ 200 a $ 500, dependiendo del broker con el que el bot de opciones binarias lo establezca al iniciar su cuenta.<\/p>\n\n\n\n<h2 class=\"wp-block-heading\">Mejores robots de opciones binarias y softwares de trading automatizado<\/h2>\n\n\n\n<table id=\"tablepress-5\" class=\"tablepress tablepress-id-5 tablepress-responsive tablepress-responsive-stack-phone\">\n<thead>\n<tr class=\"row-1\">\n\t<th class=\"column-1\">Robot<\/th><th class=\"column-2\">Informaci\u00f3n<\/th><th class=\"column-3\">P\u00e1gina web<\/th>\n<\/tr>\n<\/thead>\n<tbody>\n<tr class=\"row-2\">\n\t<td class=\"column-1\"><a href=\"http:\/\/binary-option.co\/go\/binbotpro.com\"><img decoding=\"async\" src=\"http:\/\/binary-option.co\/wp-content\/uploads\/2020\/08\/binbotpro-logo.png\" alt=\"\" width=\"175\" height=\"70\" class=\"alignnone size-full wp-image-240\" \/><\/a><\/td><td class=\"column-2\">Hay disponibles hasta 20 robots de trading de opciones binarias y puede compararlos con el rendimiento anterior. Solo 3 sencillos pasos para activar la funci\u00f3n de trading autom\u00e1tico.<\/td><td class=\"column-3\"><a class=\"maxbutton-1 maxbutton maxbutton-table\" target=\"_blank\" title=\"Visite la p\u00e1gina web oficial\" rel=\"nofollow noopener\" href=\"http:\/\/binary-option.co\/go\/binbotpro.com\"><span class='mb-text'>\u00bb Visitar<\/span><\/a><\/td>\n<\/tr>\n<tr class=\"row-3\">\n\t<td class=\"column-1\"><a href=\"https:\/\/binary-option.co\/go\/binary.com\"><img decoding=\"async\" src=\"https:\/\/binary-option.co\/wp-content\/uploads\/2020\/08\/Binary.com_.png\" alt=\"\" width=\"175\" height=\"70\" class=\"alignnone size-full wp-image-240\" \/><\/a><\/td><td class=\"column-2\">Cree su propio robot de trading con Binary Bot. Este broker ofrece una interfaz intuitiva para programar su propio robot de trading y automatizar sus estrategias de trading.<\/td><td class=\"column-3\"><a class=\"maxbutton-1 maxbutton maxbutton-table\" target=\"_blank\" title=\"Visite la p\u00e1gina web oficial\" rel=\"nofollow noopener\" href=\"https:\/\/binary-option.co\/go\/binary.com\"><span class='mb-text'>\u00bb Visitar<\/span><\/a><\/td>\n<\/tr>\n<tr class=\"row-4\">\n\t<td class=\"column-1\"><a href=\"https:\/\/binary-option.co\/go\/bitcointrader.com\"><img decoding=\"async\" src=\"https:\/\/binary-option.co\/wp-content\/uploads\/2021\/05\/bitcoin-trader-logo.png\" alt=\"\" width=\"200\" height=\"80\" class=\"alignnone size-full wp-image-567\" \/><\/a><\/td><td class=\"column-2\">El mejor robot de trading de Bitcoin y criptomonedas disponible en el mercado. Es un robot de trading de cripto perfecto para principiantes y traders expertos.<\/td><td class=\"column-3\"><a class=\"maxbutton-1 maxbutton maxbutton-table\" target=\"_blank\" title=\"Visite la p\u00e1gina web oficial\" rel=\"nofollow noopener\" href=\"https:\/\/binary-option.co\/go\/bitcointrader.com\"><span class='mb-text'>\u00bb Visitar<\/span><\/a><\/td>\n<\/tr>\n<\/tbody>\n<\/table>\n<!-- #tablepress-5 from cache -->\n\n\n\n<h2 class=\"wp-block-heading\">Conceptos b\u00e1sicos del trading algor\u00edtmico: el concepto<\/h2>\n\n\n\n<p>El trading algor\u00edtmico tambi\u00e9n conocido como robot de trading y los sistemas de trading automatizados son programas inform\u00e1ticos para crear \u00f3rdenes autom\u00e1ticas para comprar y vender activos en el mercado financiero. El software de trading automatizado puede tomar posiciones en el mercado a una velocidad muy alta para generar ganancias de una manera que los operadores humanos no pueden. Estos programas de trading automatizados generan \u00f3rdenes de compra y venden \u00f3rdenes de activos seg\u00fan varias reglas predefinidas. Estos algoritmos comerciales se basan generalmente en an\u00e1lisis t\u00e9cnico y chartismo, varios c\u00e1lculos matem\u00e1ticos complejos, as\u00ed como estad\u00edsticas o datos de diversas fuentes. El objetivo del software de trading autom\u00e1tico es aplicar estrategias de negociaci\u00f3n autom\u00e1ticamente para ayudar a los operadores a gestionar sus emociones y ganar m\u00e1s dinero en los mercados.<\/p>\n\n\n\n<p>El trading automatizado y el uso de robots comerciales no son nuevos. Este concepto fue introducido por primera vez por Richard Donchian en la d\u00e9cada de 1949 cuando utiliz\u00f3 un conjunto de reglas de una computadora para comprar y vender fondos. Sin embargo, las mejoras tecnol\u00f3gicas y la llegada de internet y plataformas online para especular en los mercados financieros han contribuido a su democratizaci\u00f3n entre inversores de todo tipo. Actualmente, se estima que del 70 al 80% de las transacciones del mercado financiero se realizan mediante el uso de sistemas de trading algor\u00edtmico. Los robots de trading y los sistemas de trading automatizados ahora son utilizados por comerciantes profesionales o aficionados que desean automatizar sus estrategias comerciales para aspirar a mejores rendimientos en el mercado financiero.<\/p>\n\n\n\n<h2 class=\"wp-block-heading\">\u00bfUn robot de trading mejora el rendimiento comercial?<\/h2>\n\n\n\n<p>El bot de trading y el software de trading automatizado est\u00e1n dise\u00f1ados para mejorar la pr\u00e1ctica de la estrategia comercial y para mejorar la velocidad de ejecuci\u00f3n de la orden. Sin embargo, los robots de trading no son infalibles como cualquier otro m\u00e9todo de trading. Siguiendo las tendencias del mercado, la volatilidad y la configuraci\u00f3n del robot, los resultados pueden fluctuar y volverse menos (o m\u00e1s) rentables con el tiempo. Por lo tanto, los bots de trading deben monitorearse y probarse constantemente para evaluar su rentabilidad y rendimiento a lo largo del tiempo.<\/p>\n\n\n\n<h2 class=\"wp-block-heading\">Beneficios del trading automatizado<\/h2>\n\n\n\n<p>El trading automatizado ofrece muchas ventajas al comerciante que utiliza un robot comercial:<\/p>\n\n\n\n<ul><li>Muy alta velocidad de ejecuci\u00f3n de \u00f3rdenes de compra y venta.<\/li><li>Reducci\u00f3n del riesgo de errores por factores emocionales y psicol\u00f3gicos.<\/li><li>El robot de trading se puede probar con datos hist\u00f3ricos y en tiempo real para verificar una estrategia comercial.<\/li><li>Reducci\u00f3n del riesgo de errores manuales al realizar operaciones.<\/li><li>Las posiciones se ejecutan a los mejores precios posibles<\/li><\/ul>\n\n\n\n<h2 class=\"wp-block-heading\">\u00bfC\u00f3mo automatizar sus estrategias favoritas para el trading de opciones binarias?<\/h2>\n\n\n\n<figure class=\"wp-block-image size-large\"><img decoding=\"async\" src=\"https:\/\/binary-option.co\/wp-content\/uploads\/2021\/06\/Dbot-Trading-robot-2048x1169.png\" alt=\"\"\/><\/figure>\n\n\n\n<p>Algunos corredores como Binary.com y Deriv le permiten configurar robots comerciales directamente desde su sitio web.<\/p>\n\n\n\n<p>La plataforma Binary Bot y las herramientas de programaci\u00f3n del robot de trading proporcionadas por estos corredores le brindan la capacidad de crear f\u00e1cilmente aplicaciones de comercio autom\u00e1tico con una simple funci\u00f3n de arrastrar y soltar y probar sus estrategias con la cuenta virtual.<\/p>\n\n\n\n<p>Gracias a esta herramienta de trading automatizada, puede crear una cantidad casi ilimitada de bots de trading de opciones binarias, con f\u00f3rmulas y funciones incre\u00edblemente simples para los algoritmos de trading m\u00e1s complejos. Luego, deje que su robot comercial opere autom\u00e1ticamente por usted, incluso mientras duerme.<\/p>\n\n\n\n<p>El broker de Binary.com y Deriv tambi\u00e9n le brinda la oportunidad de vender sus robots de trading a otros comerciantes en su tienda. Puede recibir hasta el 80% de cada compra de su robot de trading en su tienda de aplicaciones.<\/p>\n\n\n\n<h2 class=\"wp-block-heading\">Software de trading autom\u00e1tico<\/h2>\n\n\n\n<p>El software de trading autom\u00e1tico es un software que tiene similitudes con los robots de trading. Estos software requieren configuraci\u00f3n y ajustes para poder aplicar una estrategia comercial autom\u00e1ticamente en el mercado. Una vez configurada la configuraci\u00f3n, el software de trading autom\u00e1tico aplicar\u00e1 las operaciones de acuerdo con sus preferencias, como el tipo de activos, el tama\u00f1o de sus inversiones y el nivel de riesgo que puede afrontar.<\/p>\n\n\n\n<h2 class=\"wp-block-heading\">Se\u00f1ales de trading<\/h2>\n\n\n\n<p>Las se\u00f1ales de trading son informaci\u00f3n sobre la compra y venta de un activo siguiendo estrategias comerciales predefinidas. Las se\u00f1ales de trading tambi\u00e9n tienen una gran similitud con los robots de trading. La \u00fanica diferencia es que solo la informaci\u00f3n sobre la compra y venta de activos debe ser ejecutada por el propio operador. Algunos robots comerciales tambi\u00e9n tienen una funci\u00f3n de se\u00f1al, lo que deja al operador la libertad de ejecutar operaciones en lugar de ejecutarlas autom\u00e1ticamente.<\/p>\n\n\n\n<h2 class=\"wp-block-heading\">Copy Trading<\/h2>\n\n\n\n<p>El copy trading es una forma de trading automatizado que brinda la oportunidad de ejecutar operaciones autom\u00e1ticamente siguiendo las posiciones de otros operadores. Existen servicios de corretaje en l\u00ednea que abrir\u00e1n operaciones basadas en las de otros operadores. Estos corredores en l\u00ednea proporcionan una lista de traders que pueden copiarse y publicar su desempe\u00f1o. Los usuarios de la plataforma de Copy trading pueden optar por copiar a ciertos traders en funci\u00f3n de diferentes criterios personales, como el nivel de toma de riesgos y la inversi\u00f3n.<\/p>\n\n\n\n<h2 class=\"wp-block-heading\">Estafas relacionadas con los robots de trading y el auto trading<\/h2>\n\n\n\n<p>Si bien existen robots de trading confiables, hay muchos que no lo son. En la industria del trading en l\u00ednea, hay muchas estafas relacionadas con los robots de trading y muchos operadores novatos caen en la trampa de prometer ganancias r\u00e1pidas de las estafas comerciales de robots. Siempre tenga en cuenta que los robots de trading no son sistemas infalibles y su uso puede aumentar sus ganancias pero tambi\u00e9n aumentar sus niveles de riesgo. El comercio de autom\u00f3viles es un negocio maduro para muchas estafas.<\/p>\n\n\n\n<p>Las estafas de trading automatico a menudo se dirigen a comerciantes novatos o personas que no tienen el conocimiento comercial necesario prometi\u00e9ndoles grandes ganancias o diciendo que est\u00e1n libres de riesgos. Porque este tipo de personas son mucho m\u00e1s cr\u00e9dulos y f\u00e1ciles de manipular, por lo que son los principales objetivos de los delincuentes.<\/p>\n\n\n\n<p>Los proveedores de robots deshonestos justificar\u00e1n sus p\u00e9rdidas por el mal uso del robot y no aceptar\u00e1n ninguna responsabilidad.<\/p>\n\n\n\n<p>Las estafas a menudo prometen ganancias garantizadas o muy altas y carecen de transparencia (resultados que no se pueden verificar). Algunos proveedores sin escr\u00fapulos obligan a los comerciantes a usar un corredor deshonesto y llaman a los comerciantes por tel\u00e9fono para que depositen siempre m\u00e1s dinero.<\/p>\n\n\n\n<p>Siempre debe estar en guardia y tener mucho cuidado al comerciar con bots de trading, ya que existe un riesgo muy alto de estafas con este tipo de trading.<\/p>\n","protected":false},"excerpt":{"rendered":"<p>En este art\u00edculo, explicaremos c\u00f3mo funcionan los robots de trading y le presentaremos los mejores robots de trading para el a\u00f1o 2023. Tambi\u00e9n haremos un recorrido completo por todo lo que necesita saber como usuario de estos sistemas de trading automatizados. Tambi\u00e9n veremos c\u00f3mo abrir una cuenta de demostraci\u00f3n para probar un bot de trading [&hellip;]<\/p>\n","protected":false},"author":1,"featured_media":0,"parent":0,"menu_order":0,"comment_status":"closed","ping_status":"closed","template":"","meta":{"footnotes":""},"yoast_head":"<!-- This site is optimized with the Yoast SEO plugin v21.9.1 - https:\/\/yoast.com\/wordpress\/plugins\/seo\/ -->\n<title>Mejores Bot de Trading y software de trading automatizado<\/title>\n<meta name=\"robots\" content=\"index, follow, max-snippet:-1, max-image-preview:large, max-video-preview:-1\" \/>\n<link rel=\"canonical\" href=\"https:\/\/binary-option.co\/es\/bot-trading\/\" \/>\n<meta property=\"og:locale\" content=\"es_ES\" \/>\n<meta property=\"og:type\" content=\"article\" \/>\n<meta property=\"og:title\" content=\"Mejores Bot de Trading y software de trading automatizado\" \/>\n<meta property=\"og:description\" content=\"En este art\u00edculo, explicaremos c\u00f3mo funcionan los robots de trading y le presentaremos los mejores robots de trading para el a\u00f1o 2023. Tambi\u00e9n haremos un recorrido completo por todo lo que necesita saber como usuario de estos sistemas de trading automatizados. Tambi\u00e9n veremos c\u00f3mo abrir una cuenta de demostraci\u00f3n para probar un bot de trading [&hellip;]\" \/>\n<meta property=\"og:url\" content=\"https:\/\/binary-option.co\/es\/bot-trading\/\" \/>\n<meta property=\"og:site_name\" content=\"OpcionesBinarias.info\" \/>\n<meta property=\"article:modified_time\" content=\"2023-01-14T18:05:02+00:00\" \/>\n<meta property=\"og:image\" content=\"https:\/\/binary-option.co\/wp-content\/uploads\/2021\/06\/Dbot-Trading-robot-2048x1169.png\" \/>\n<meta name=\"twitter:card\" content=\"summary_large_image\" \/>\n<meta name=\"twitter:label1\" content=\"Tiempo de lectura\" \/>\n\t<meta name=\"twitter:data1\" content=\"6 minutos\" \/>\n<script type=\"application\/ld+json\" class=\"yoast-schema-graph\">{\"@context\":\"https:\/\/schema.org\",\"@graph\":[{\"@type\":\"WebPage\",\"@id\":\"https:\/\/binary-option.co\/es\/bot-trading\/\",\"url\":\"https:\/\/binary-option.co\/es\/bot-trading\/\",\"name\":\"Mejores Bot de Trading y software de trading automatizado\",\"isPartOf\":{\"@id\":\"https:\/\/binary-option.co\/es\/#website\"},\"datePublished\":\"2020-09-11T16:53:53+00:00\",\"dateModified\":\"2023-01-14T18:05:02+00:00\",\"breadcrumb\":{\"@id\":\"https:\/\/binary-option.co\/es\/bot-trading\/#breadcrumb\"},\"inLanguage\":\"es\",\"potentialAction\":[{\"@type\":\"ReadAction\",\"target\":[\"https:\/\/binary-option.co\/es\/bot-trading\/\"]}]},{\"@type\":\"BreadcrumbList\",\"@id\":\"https:\/\/binary-option.co\/es\/bot-trading\/#breadcrumb\",\"itemListElement\":[{\"@type\":\"ListItem\",\"position\":1,\"name\":\"Home\",\"item\":\"https:\/\/binary-option.co\/es\/\"},{\"@type\":\"ListItem\",\"position\":2,\"name\":\"Mejores Bot de Trading y software de trading automatizado\"}]},{\"@type\":\"WebSite\",\"@id\":\"https:\/\/binary-option.co\/es\/#website\",\"url\":\"https:\/\/binary-option.co\/es\/\",\"name\":\"OpcionesBinarias.info\",\"description\":\"Opciones binarias en Espa\u00f1a y America latina\",\"publisher\":{\"@id\":\"https:\/\/binary-option.co\/es\/#organization\"},\"potentialAction\":[{\"@type\":\"SearchAction\",\"target\":{\"@type\":\"EntryPoint\",\"urlTemplate\":\"https:\/\/binary-option.co\/es\/?s={search_term_string}\"},\"query-input\":\"required name=search_term_string\"}],\"inLanguage\":\"es\"},{\"@type\":\"Organization\",\"@id\":\"https:\/\/binary-option.co\/es\/#organization\",\"name\":\"OpcionesBinarias.info\",\"url\":\"https:\/\/binary-option.co\/es\/\",\"logo\":{\"@type\":\"ImageObject\",\"inLanguage\":\"es\",\"@id\":\"https:\/\/binary-option.co\/es\/#\/schema\/logo\/image\/\",\"url\":\"https:\/\/binary-option.co\/es\/wp-content\/uploads\/sites\/13\/2020\/12\/binary-option.co_.png\",\"contentUrl\":\"https:\/\/binary-option.co\/es\/wp-content\/uploads\/sites\/13\/2020\/12\/binary-option.co_.png\",\"width\":398,\"height\":66,\"caption\":\"OpcionesBinarias.info\"},\"image\":{\"@id\":\"https:\/\/binary-option.co\/es\/#\/schema\/logo\/image\/\"}}]}<\/script>\n<!-- \/ Yoast SEO plugin. -->","yoast_head_json":{"title":"Mejores Bot de Trading y software de trading automatizado","robots":{"index":"index","follow":"follow","max-snippet":"max-snippet:-1","max-image-preview":"max-image-preview:large","max-video-preview":"max-video-preview:-1"},"canonical":"https:\/\/binary-option.co\/es\/bot-trading\/","og_locale":"es_ES","og_type":"article","og_title":"Mejores Bot de Trading y software de trading automatizado","og_description":"En este art\u00edculo, explicaremos c\u00f3mo funcionan los robots de trading y le presentaremos los mejores robots de trading para el a\u00f1o 2023. Tambi\u00e9n haremos un recorrido completo por todo lo que necesita saber como usuario de estos sistemas de trading automatizados. Tambi\u00e9n veremos c\u00f3mo abrir una cuenta de demostraci\u00f3n para probar un bot de trading [&hellip;]","og_url":"https:\/\/binary-option.co\/es\/bot-trading\/","og_site_name":"OpcionesBinarias.info","article_modified_time":"2023-01-14T18:05:02+00:00","og_image":[{"url":"https:\/\/binary-option.co\/wp-content\/uploads\/2021\/06\/Dbot-Trading-robot-2048x1169.png"}],"twitter_card":"summary_large_image","twitter_misc":{"Tiempo de lectura":"6 minutos"},"schema":{"@context":"https:\/\/schema.org","@graph":[{"@type":"WebPage","@id":"https:\/\/binary-option.co\/es\/bot-trading\/","url":"https:\/\/binary-option.co\/es\/bot-trading\/","name":"Mejores Bot de Trading y software de trading automatizado","isPartOf":{"@id":"https:\/\/binary-option.co\/es\/#website"},"datePublished":"2020-09-11T16:53:53+00:00","dateModified":"2023-01-14T18:05:02+00:00","breadcrumb":{"@id":"https:\/\/binary-option.co\/es\/bot-trading\/#breadcrumb"},"inLanguage":"es","potentialAction":[{"@type":"ReadAction","target":["https:\/\/binary-option.co\/es\/bot-trading\/"]}]},{"@type":"BreadcrumbList","@id":"https:\/\/binary-option.co\/es\/bot-trading\/#breadcrumb","itemListElement":[{"@type":"ListItem","position":1,"name":"Home","item":"https:\/\/binary-option.co\/es\/"},{"@type":"ListItem","position":2,"name":"Mejores Bot de Trading y software de trading automatizado"}]},{"@type":"WebSite","@id":"https:\/\/binary-option.co\/es\/#website","url":"https:\/\/binary-option.co\/es\/","name":"OpcionesBinarias.info","description":"Opciones binarias en Espa\u00f1a y America latina","publisher":{"@id":"https:\/\/binary-option.co\/es\/#organization"},"potentialAction":[{"@type":"SearchAction","target":{"@type":"EntryPoint","urlTemplate":"https:\/\/binary-option.co\/es\/?s={search_term_string}"},"query-input":"required name=search_term_string"}],"inLanguage":"es"},{"@type":"Organization","@id":"https:\/\/binary-option.co\/es\/#organization","name":"OpcionesBinarias.info","url":"https:\/\/binary-option.co\/es\/","logo":{"@type":"ImageObject","inLanguage":"es","@id":"https:\/\/binary-option.co\/es\/#\/schema\/logo\/image\/","url":"https:\/\/binary-option.co\/es\/wp-content\/uploads\/sites\/13\/2020\/12\/binary-option.co_.png","contentUrl":"https:\/\/binary-option.co\/es\/wp-content\/uploads\/sites\/13\/2020\/12\/binary-option.co_.png","width":398,"height":66,"caption":"OpcionesBinarias.info"},"image":{"@id":"https:\/\/binary-option.co\/es\/#\/schema\/logo\/image\/"}}]}},"_links":{"self":[{"href":"https:\/\/binary-option.co\/es\/wp-json\/wp\/v2\/pages\/19"}],"collection":[{"href":"https:\/\/binary-option.co\/es\/wp-json\/wp\/v2\/pages"}],"about":[{"href":"https:\/\/binary-option.co\/es\/wp-json\/wp\/v2\/types\/page"}],"author":[{"embeddable":true,"href":"https:\/\/binary-option.co\/es\/wp-json\/wp\/v2\/users\/1"}],"replies":[{"embeddable":true,"href":"https:\/\/binary-option.co\/es\/wp-json\/wp\/v2\/comments?post=19"}],"version-history":[{"count":6,"href":"https:\/\/binary-option.co\/es\/wp-json\/wp\/v2\/pages\/19\/revisions"}],"predecessor-version":[{"id":322,"href":"https:\/\/binary-option.co\/es\/wp-json\/wp\/v2\/pages\/19\/revisions\/322"}],"wp:attachment":[{"href":"https:\/\/binary-option.co\/es\/wp-json\/wp\/v2\/media?parent=19"}],"curies":[{"name":"wp","href":"https:\/\/api.w.org\/{rel}","templated":true}]}}