{"id":17,"date":"2020-09-11T11:50:47","date_gmt":"2020-09-11T16:50:47","guid":{"rendered":"http:\/\/opcionesbinarias.info\/?page_id=17"},"modified":"2021-05-21T19:23:43","modified_gmt":"2021-05-21T19:23:43","slug":"cuenta-demo-opciones-binarias","status":"publish","type":"page","link":"https:\/\/binary-option.co\/es\/cuenta-demo-opciones-binarias\/","title":{"rendered":"Cuenta demo opciones binarias &#8211; Simulador de opciones binarias"},"content":{"rendered":"\n<p>Muchos brokers de opciones binarias ofrecen una cuenta de demostraci\u00f3n, pero pocos brokers ofrecen una cuenta demo gratuita de opciones binarias. Una cuenta demo gratuita es una cuenta comercial pr\u00e1ctica que ofrece un broker sin tener que hacer un dep\u00f3sito. Simplemente reg\u00edstrese para obtener una cuenta gratuita con el broker y solicite su demostraci\u00f3n al servicio al cliente. Las cuentas de demostraci\u00f3n gratuitas de opciones binarias generalmente tienen restricciones en t\u00e9rminos de cu\u00e1nto dinero de pr\u00e1ctica puede usar para financiar la cuenta y la duraci\u00f3n de la cuenta. Proporcionamos una lista de los principales brokers online con cuentas demo gratuitas seg\u00fan la financiaci\u00f3n y los l\u00edmites de tiempo.<\/p>\n\n\n\n<table id=\"tablepress-4\" class=\"tablepress tablepress-id-4 tablepress-responsive tablepress-responsive-stack-phone\">\n<thead>\n<tr class=\"row-1\">\n\t<th class=\"column-1\">Brokers<\/th><th class=\"column-2\">Pago<\/th><th class=\"column-3\">Dep\u00f3sito m\u00ednimo<\/th><th class=\"column-4\">Bonos<\/th><th class=\"column-5\">Clasificaci\u00f3n<\/th><th class=\"column-6\">Prueba gratis<\/th><th class=\"column-7\">P\u00e1gina web<\/th>\n<\/tr>\n<\/thead>\n<tbody>\n<tr class=\"row-2\">\n\t<td class=\"column-1\"><a href=\"https:\/\/binary-option.co\/go\/quotex.io\"><img decoding=\"async\" src=\"https:\/\/binary-option.co\/wp-content\/uploads\/2021\/05\/Quotex.io-.png\" alt=\"\" width=\"160\" height=\"40\" class=\"alignnone size-full wp-image-468\" \/><\/a><\/td><td class=\"column-2\">98% pago<\/td><td class=\"column-3\">10$ Min. Deposit<\/td><td class=\"column-4\">50% bonos (c\u00f3digo promocional: binary-option)<\/td><td class=\"column-5\"><div itemprop=\"reviewRating\" itemscope itemtype=\"http:\/\/schema.org\/Rating\" class=\"usr\"><meta itemprop=\"worstRating\" content=\"0\" \/><meta itemprop=\"ratingValue\" content=\"5\" \/><meta itemprop=\"bestRating\" content=\"5\" \/><img decoding=\"async\" class=\"usr\" src=\"https:\/\/binary-option.co\/es\/wp-content\/plugins\/universal-star-rating\/includes\/image.php?img=06.png&amp;px=16&amp;max=5&amp;rat=5\" alt=\"5 out of 5 stars\" style=\"height: 16px !important;\" \/><\/div><\/td><td class=\"column-6\"><a href=\"https:\/\/binary-option.co\/go\/quotex.io\/demo\" rel=\"noopener\" target=\"_blank\">Abrir Cuenta Demo Gratuita<\/a><\/td><td class=\"column-7\"><style type='text\/css'>.maxbutton-1.maxbutton.maxbutton-table{position:relative;text-decoration:none;display:inline-block;vertical-align:middle;width:63px;height:33px;border:2px solid #5eb740;border-radius:4px 4px 4px 4px;background-color:#5eb740;box-shadow:0px 0px 2px 1px #333333}.maxbutton-1.maxbutton.maxbutton-table:hover{border-color:#5fc143;background-color:#5fc143;box-shadow:0px 0px 2px 1px #333333}.maxbutton-1.maxbutton.maxbutton-table .mb-text{color:#ffffff;font-family:Arial;font-size:15px;text-align:center;font-style:normal;font-weight:normal;line-height:1em;box-sizing:border-box;display:block;background-color:unset;padding:7px 0px 0px 0px}.maxbutton-1.maxbutton.maxbutton-table:hover .mb-text{color:#ffffff}@media only screen and (min-width:0px) and (max-width:480px){.maxbutton-1.maxbutton.maxbutton-table{width:90%}.maxbutton-1.maxbutton.maxbutton-table .mb-text{font-size:12px}}<\/style><a class=\"maxbutton-1 maxbutton maxbutton-table\" target=\"_blank\" title=\"Visite la p\u00e1gina web oficial\" rel=\"nofollow noopener\" href=\"https:\/\/binary-option.co\/go\/quotex.io\"><span class='mb-text'>\u00bb Visitar<\/span><\/a><\/td>\n<\/tr>\n<tr class=\"row-3\">\n\t<td class=\"column-1\"><a href=\"http:\/\/binary-option.co\/go\/pocketoption.com\"><img decoding=\"async\" src=\"http:\/\/binary-option.co\/wp-content\/uploads\/2020\/08\/Pocket-Option.png\" alt=\"\" width=\"160\" height=\"40\" class=\"alignnone size-full wp-image-132\" \/><\/a><\/td><td class=\"column-2\">92% pago<\/td><td class=\"column-3\">50$ Min. Deposit<\/td><td class=\"column-4\">50% bonos<\/td><td class=\"column-5\"><div itemprop=\"reviewRating\" itemscope itemtype=\"http:\/\/schema.org\/Rating\" class=\"usr\"><meta itemprop=\"worstRating\" content=\"0\" \/><meta itemprop=\"ratingValue\" content=\"5\" \/><meta itemprop=\"bestRating\" content=\"5\" \/><img decoding=\"async\" class=\"usr\" src=\"https:\/\/binary-option.co\/es\/wp-content\/plugins\/universal-star-rating\/includes\/image.php?img=06.png&amp;px=16&amp;max=5&amp;rat=5\" alt=\"5 out of 5 stars\" style=\"height: 16px !important;\" \/><\/div><\/td><td class=\"column-6\"><a href=\"https:\/\/binary-option.co\/go\/pocketoption.com\/demo\" rel=\"noopener\" target=\"_blank\">Abrir Cuenta Demo Gratuita<\/a><\/td><td class=\"column-7\"><a class=\"maxbutton-1 maxbutton maxbutton-table\" target=\"_blank\" title=\"Visite la p\u00e1gina web oficial\" rel=\"nofollow noopener\" href=\"http:\/\/binary-option.co\/go\/pocketoption.com\"><span class='mb-text'>\u00bb Visitar<\/span><\/a><\/td>\n<\/tr>\n<tr class=\"row-4\">\n\t<td class=\"column-1\"><a href=\"https:\/\/binary-option.co\/go\/iqcent.com\"><img decoding=\"async\" src=\"https:\/\/binary-option.co\/wp-content\/uploads\/2022\/11\/IQCent-Logo.png\" alt=\"\" width=\"160\" height=\"50\" class=\"alignnone size-full wp-image-142\" \/><\/a><\/td><td class=\"column-2\">95% pago<\/td><td class=\"column-3\">20$ Min. Deposit<\/td><td class=\"column-4\">200% bonos (c\u00f3digo promocional: CRAZY200)<\/td><td class=\"column-5\"><div itemprop=\"reviewRating\" itemscope itemtype=\"http:\/\/schema.org\/Rating\" class=\"usr\"><meta itemprop=\"worstRating\" content=\"0\" \/><meta itemprop=\"ratingValue\" content=\"5\" \/><meta itemprop=\"bestRating\" content=\"5\" \/><img decoding=\"async\" class=\"usr\" src=\"https:\/\/binary-option.co\/es\/wp-content\/plugins\/universal-star-rating\/includes\/image.php?img=06.png&amp;px=16&amp;max=5&amp;rat=5\" alt=\"5 out of 5 stars\" style=\"height: 16px !important;\" \/><\/div><\/td><td class=\"column-6\"><a href=\"https:\/\/binary-option.co\/go\/iqcent.com\" rel=\"noopener\" target=\"_blank\">Abrir Cuenta Demo Gratuita<\/a><\/td><td class=\"column-7\"><a class=\"maxbutton-1 maxbutton maxbutton-table\" target=\"_blank\" title=\"Visite la p\u00e1gina web oficial\" rel=\"nofollow noopener\" href=\"https:\/\/binary-option.co\/go\/iqcent.com\"><span class='mb-text'>\u00bb Visitar<\/span><\/a><\/td>\n<\/tr>\n<tr class=\"row-5\">\n\t<td class=\"column-1\"><a href=\"http:\/\/binary-option.co\/go\/iqoption.com\"><img loading=\"lazy\" decoding=\"async\" src=\"http:\/\/binary-option.co\/wp-content\/uploads\/2020\/08\/IQ-Option-1-1.png\" alt=\"\" width=\"160\" height=\"50\" class=\"alignnone size-full wp-image-142\" \/><\/a><\/td><td class=\"column-2\">91% pago<\/td><td class=\"column-3\">10$ Min. Deposit<\/td><td class=\"column-4\">Sin bonos<\/td><td class=\"column-5\"><div itemprop=\"reviewRating\" itemscope itemtype=\"http:\/\/schema.org\/Rating\" class=\"usr\"><meta itemprop=\"worstRating\" content=\"0\" \/><meta itemprop=\"ratingValue\" content=\"5\" \/><meta itemprop=\"bestRating\" content=\"5\" \/><img decoding=\"async\" class=\"usr\" src=\"https:\/\/binary-option.co\/es\/wp-content\/plugins\/universal-star-rating\/includes\/image.php?img=06.png&amp;px=16&amp;max=5&amp;rat=5\" alt=\"5 out of 5 stars\" style=\"height: 16px !important;\" \/><\/div><\/td><td class=\"column-6\"><a href=\"https:\/\/binary-option.co\/go\/iqoption.com\/demo\" rel=\"noopener\" target=\"_blank\">Abrir Cuenta Demo Gratuita<\/a><\/td><td class=\"column-7\"><a class=\"maxbutton-1 maxbutton maxbutton-table\" target=\"_blank\" title=\"Visite la p\u00e1gina web oficial\" rel=\"nofollow noopener\" href=\"http:\/\/binary-option.co\/go\/iqoption.com\"><span class='mb-text'>\u00bb Visitar<\/span><\/a><\/td>\n<\/tr>\n<tr class=\"row-6\">\n\t<td class=\"column-1\"><a href=\"https:\/\/binary-option.co\/go\/raceoption.com\"><img loading=\"lazy\" decoding=\"async\" src=\"https:\/\/binary-option.co\/wp-content\/uploads\/2021\/05\/Raceoption.png\" alt=\"\" width=\"160\" height=\"40\" class=\"alignnone size-full wp-image-441\" \/><\/a><\/td><td class=\"column-2\">95% pago<\/td><td class=\"column-3\">250$ Min. Deposit<\/td><td class=\"column-4\">200% bonos<\/td><td class=\"column-5\"><div itemprop=\"reviewRating\" itemscope itemtype=\"http:\/\/schema.org\/Rating\" class=\"usr\"><meta itemprop=\"worstRating\" content=\"0\" \/><meta itemprop=\"ratingValue\" content=\"5\" \/><meta itemprop=\"bestRating\" content=\"5\" \/><img decoding=\"async\" class=\"usr\" src=\"https:\/\/binary-option.co\/es\/wp-content\/plugins\/universal-star-rating\/includes\/image.php?img=06.png&amp;px=16&amp;max=5&amp;rat=5\" alt=\"5 out of 5 stars\" style=\"height: 16px !important;\" \/><\/div><\/td><td class=\"column-6\"><a href=\"https:\/\/binary-option.co\/go\/raceoption.com\/demo\" rel=\"noopener\" target=\"_blank\">Abrir Cuenta Demo Gratuita<\/a><\/td><td class=\"column-7\"><a class=\"maxbutton-1 maxbutton maxbutton-table\" target=\"_blank\" title=\"Visite la p\u00e1gina web oficial\" rel=\"nofollow noopener\" href=\"https:\/\/binary-option.co\/go\/raceoption.com\"><span class='mb-text'>\u00bb Visitar<\/span><\/a><\/td>\n<\/tr>\n<tr class=\"row-7\">\n\t<td class=\"column-1\"><a href=\"http:\/\/binary-option.co\/go\/binarycent.com\"><img loading=\"lazy\" decoding=\"async\" src=\"https:\/\/binary-option.co\/wp-content\/uploads\/2021\/05\/Binarycent.png\" alt=\"\" width=\"160\" height=\"40\" class=\"alignnone size-full wp-image-82\" \/><\/a><\/td><td class=\"column-2\">95% pago<\/td><td class=\"column-3\">250$ Min. Deposit<\/td><td class=\"column-4\">200% bonos<\/td><td class=\"column-5\"><div itemprop=\"reviewRating\" itemscope itemtype=\"http:\/\/schema.org\/Rating\" class=\"usr\"><meta itemprop=\"worstRating\" content=\"0\" \/><meta itemprop=\"ratingValue\" content=\"5\" \/><meta itemprop=\"bestRating\" content=\"5\" \/><img decoding=\"async\" class=\"usr\" src=\"https:\/\/binary-option.co\/es\/wp-content\/plugins\/universal-star-rating\/includes\/image.php?img=06.png&amp;px=16&amp;max=5&amp;rat=5\" alt=\"5 out of 5 stars\" style=\"height: 16px !important;\" \/><\/div><\/td><td class=\"column-6\"><a href=\"http:\/\/binary-option.co\/go\/binarycent.com\" rel=\"noopener\" target=\"_blank\">Abrir Cuenta Demo Gratuita<\/a><\/td><td class=\"column-7\"><a class=\"maxbutton-1 maxbutton maxbutton-table\" target=\"_blank\" title=\"Visite la p\u00e1gina web oficial\" rel=\"nofollow noopener\" href=\"http:\/\/binary-option.co\/go\/binarycent.com\"><span class='mb-text'>\u00bb Visitar<\/span><\/a><\/td>\n<\/tr>\n<tr class=\"row-8\">\n\t<td colspan=\"7\" class=\"column-1\"><center>Pago = Cantidad m\u00e1xima acreditada a la cuenta en caso de una inversi\u00f3n exitosa<\/center><\/td>\n<\/tr>\n<\/tbody>\n<\/table>\n<!-- #tablepress-4 from cache -->\n\n\n\n<h2 class=\"wp-block-heading\">Cuentas demo opciones binarias sin dep\u00f3sito<\/h2>\n\n\n\n<p>No todos los brokers ofrecen cuentas de demostraci\u00f3n y algunos requieren que realice un dep\u00f3sito antes de poder acceder a las operaciones en la cuenta de pr\u00e1ctica. La buena noticia es que si est\u00e1 buscando una cuenta demo gratuita y real de opciones binarias sin la necesidad de un dep\u00f3sito, existen algunas plataformas excelentes que ofrecen esto. Eche un vistazo a la tabla de arriba para ver la lista de los mejores brokers online que ofrecen cuentas de demostraci\u00f3n sin tener que depositar primero. De lo contrario, haga clic aqu\u00ed para abrir su cuenta sin depositar con uno de nuestros brokers favoritos.<\/p>\n\n\n\n<h2 class=\"wp-block-heading\">La psicolog\u00eda de la cuenta demo de opciones binarias<\/h2>\n\n\n\n<p>Hay 2 opiniones muy diferentes en la industria en cuanto a si operar con una cuenta demo realmente ayuda o perjudica su operaci\u00f3n. Algunas personas argumentan que debido a que no est\u00e1 arriesgando su propio dinero con el simulador, esto afecta su estilo de negociaci\u00f3n y est\u00e1 dispuesto a correr m\u00e1s riesgos de lo habitual. Dado que el objetivo es mejorar y aprender, no le ayuda a mejorar, ya que no est\u00e1 practicando el trading de la forma en que lo hace en vivo. El otro argumento es que las cuentas demo son la manera perfecta de probar nuevas funciones o activos, pero lo que es m\u00e1s importante, diferentes estilos y estrategias comerciales. Cualquier estrategia comercial requiere tiempo para aprender y perfeccionarse, y practicar el trading online con una demostraci\u00f3n en vivo es la mejor manera de hacerlo. Personalmente, me encanta probar cosas nuevas con mis cuentas y hoy soy un trader en vivo mucho mejor para eso. Abra una cuenta de demostraci\u00f3n gratuita ahora y obtenga hasta $ 50,000 en cr\u00e9ditos para aprender.<br> &nbsp;<\/p>\n","protected":false},"excerpt":{"rendered":"<p>Muchos brokers de opciones binarias ofrecen una cuenta de demostraci\u00f3n, pero pocos brokers ofrecen una cuenta demo gratuita de opciones binarias. Una cuenta demo gratuita es una cuenta comercial pr\u00e1ctica que ofrece un broker sin tener que hacer un dep\u00f3sito. Simplemente reg\u00edstrese para obtener una cuenta gratuita con el broker y solicite su demostraci\u00f3n al [&hellip;]<\/p>\n","protected":false},"author":1,"featured_media":0,"parent":0,"menu_order":0,"comment_status":"closed","ping_status":"closed","template":"","meta":{"footnotes":""},"yoast_head":"<!-- This site is optimized with the Yoast SEO plugin v21.9.1 - https:\/\/yoast.com\/wordpress\/plugins\/seo\/ -->\n<title>Cuenta demo opciones binarias - Simulador de opciones binarias - OpcionesBinarias.info<\/title>\n<meta name=\"robots\" content=\"index, follow, max-snippet:-1, max-image-preview:large, max-video-preview:-1\" \/>\n<link rel=\"canonical\" href=\"https:\/\/binary-option.co\/es\/cuenta-demo-opciones-binarias\/\" \/>\n<meta property=\"og:locale\" content=\"es_ES\" \/>\n<meta property=\"og:type\" content=\"article\" \/>\n<meta property=\"og:title\" content=\"Cuenta demo opciones binarias - Simulador de opciones binarias - OpcionesBinarias.info\" \/>\n<meta property=\"og:description\" content=\"Muchos brokers de opciones binarias ofrecen una cuenta de demostraci\u00f3n, pero pocos brokers ofrecen una cuenta demo gratuita de opciones binarias. Una cuenta demo gratuita es una cuenta comercial pr\u00e1ctica que ofrece un broker sin tener que hacer un dep\u00f3sito. Simplemente reg\u00edstrese para obtener una cuenta gratuita con el broker y solicite su demostraci\u00f3n al [&hellip;]\" \/>\n<meta property=\"og:url\" content=\"https:\/\/binary-option.co\/es\/cuenta-demo-opciones-binarias\/\" \/>\n<meta property=\"og:site_name\" content=\"OpcionesBinarias.info\" \/>\n<meta property=\"article:modified_time\" content=\"2021-05-21T19:23:43+00:00\" \/>\n<meta name=\"twitter:card\" content=\"summary_large_image\" \/>\n<meta name=\"twitter:label1\" content=\"Tiempo de lectura\" \/>\n\t<meta name=\"twitter:data1\" content=\"2 minutos\" \/>\n<script type=\"application\/ld+json\" class=\"yoast-schema-graph\">{\"@context\":\"https:\/\/schema.org\",\"@graph\":[{\"@type\":\"WebPage\",\"@id\":\"https:\/\/binary-option.co\/es\/cuenta-demo-opciones-binarias\/\",\"url\":\"https:\/\/binary-option.co\/es\/cuenta-demo-opciones-binarias\/\",\"name\":\"Cuenta demo opciones binarias - Simulador de opciones binarias - OpcionesBinarias.info\",\"isPartOf\":{\"@id\":\"https:\/\/binary-option.co\/es\/#website\"},\"datePublished\":\"2020-09-11T16:50:47+00:00\",\"dateModified\":\"2021-05-21T19:23:43+00:00\",\"breadcrumb\":{\"@id\":\"https:\/\/binary-option.co\/es\/cuenta-demo-opciones-binarias\/#breadcrumb\"},\"inLanguage\":\"es\",\"potentialAction\":[{\"@type\":\"ReadAction\",\"target\":[\"https:\/\/binary-option.co\/es\/cuenta-demo-opciones-binarias\/\"]}]},{\"@type\":\"BreadcrumbList\",\"@id\":\"https:\/\/binary-option.co\/es\/cuenta-demo-opciones-binarias\/#breadcrumb\",\"itemListElement\":[{\"@type\":\"ListItem\",\"position\":1,\"name\":\"Home\",\"item\":\"https:\/\/binary-option.co\/es\/\"},{\"@type\":\"ListItem\",\"position\":2,\"name\":\"Cuenta demo opciones binarias &#8211; Simulador de opciones binarias\"}]},{\"@type\":\"WebSite\",\"@id\":\"https:\/\/binary-option.co\/es\/#website\",\"url\":\"https:\/\/binary-option.co\/es\/\",\"name\":\"OpcionesBinarias.info\",\"description\":\"Opciones binarias en Espa\u00f1a y America latina\",\"publisher\":{\"@id\":\"https:\/\/binary-option.co\/es\/#organization\"},\"potentialAction\":[{\"@type\":\"SearchAction\",\"target\":{\"@type\":\"EntryPoint\",\"urlTemplate\":\"https:\/\/binary-option.co\/es\/?s={search_term_string}\"},\"query-input\":\"required name=search_term_string\"}],\"inLanguage\":\"es\"},{\"@type\":\"Organization\",\"@id\":\"https:\/\/binary-option.co\/es\/#organization\",\"name\":\"OpcionesBinarias.info\",\"url\":\"https:\/\/binary-option.co\/es\/\",\"logo\":{\"@type\":\"ImageObject\",\"inLanguage\":\"es\",\"@id\":\"https:\/\/binary-option.co\/es\/#\/schema\/logo\/image\/\",\"url\":\"https:\/\/binary-option.co\/es\/wp-content\/uploads\/sites\/13\/2020\/12\/binary-option.co_.png\",\"contentUrl\":\"https:\/\/binary-option.co\/es\/wp-content\/uploads\/sites\/13\/2020\/12\/binary-option.co_.png\",\"width\":398,\"height\":66,\"caption\":\"OpcionesBinarias.info\"},\"image\":{\"@id\":\"https:\/\/binary-option.co\/es\/#\/schema\/logo\/image\/\"}}]}<\/script>\n<!-- \/ Yoast SEO plugin. -->","yoast_head_json":{"title":"Cuenta demo opciones binarias - Simulador de opciones binarias - OpcionesBinarias.info","robots":{"index":"index","follow":"follow","max-snippet":"max-snippet:-1","max-image-preview":"max-image-preview:large","max-video-preview":"max-video-preview:-1"},"canonical":"https:\/\/binary-option.co\/es\/cuenta-demo-opciones-binarias\/","og_locale":"es_ES","og_type":"article","og_title":"Cuenta demo opciones binarias - Simulador de opciones binarias - OpcionesBinarias.info","og_description":"Muchos brokers de opciones binarias ofrecen una cuenta de demostraci\u00f3n, pero pocos brokers ofrecen una cuenta demo gratuita de opciones binarias. Una cuenta demo gratuita es una cuenta comercial pr\u00e1ctica que ofrece un broker sin tener que hacer un dep\u00f3sito. Simplemente reg\u00edstrese para obtener una cuenta gratuita con el broker y solicite su demostraci\u00f3n al [&hellip;]","og_url":"https:\/\/binary-option.co\/es\/cuenta-demo-opciones-binarias\/","og_site_name":"OpcionesBinarias.info","article_modified_time":"2021-05-21T19:23:43+00:00","twitter_card":"summary_large_image","twitter_misc":{"Tiempo de lectura":"2 minutos"},"schema":{"@context":"https:\/\/schema.org","@graph":[{"@type":"WebPage","@id":"https:\/\/binary-option.co\/es\/cuenta-demo-opciones-binarias\/","url":"https:\/\/binary-option.co\/es\/cuenta-demo-opciones-binarias\/","name":"Cuenta demo opciones binarias - Simulador de opciones binarias - OpcionesBinarias.info","isPartOf":{"@id":"https:\/\/binary-option.co\/es\/#website"},"datePublished":"2020-09-11T16:50:47+00:00","dateModified":"2021-05-21T19:23:43+00:00","breadcrumb":{"@id":"https:\/\/binary-option.co\/es\/cuenta-demo-opciones-binarias\/#breadcrumb"},"inLanguage":"es","potentialAction":[{"@type":"ReadAction","target":["https:\/\/binary-option.co\/es\/cuenta-demo-opciones-binarias\/"]}]},{"@type":"BreadcrumbList","@id":"https:\/\/binary-option.co\/es\/cuenta-demo-opciones-binarias\/#breadcrumb","itemListElement":[{"@type":"ListItem","position":1,"name":"Home","item":"https:\/\/binary-option.co\/es\/"},{"@type":"ListItem","position":2,"name":"Cuenta demo opciones binarias &#8211; Simulador de opciones binarias"}]},{"@type":"WebSite","@id":"https:\/\/binary-option.co\/es\/#website","url":"https:\/\/binary-option.co\/es\/","name":"OpcionesBinarias.info","description":"Opciones binarias en Espa\u00f1a y America latina","publisher":{"@id":"https:\/\/binary-option.co\/es\/#organization"},"potentialAction":[{"@type":"SearchAction","target":{"@type":"EntryPoint","urlTemplate":"https:\/\/binary-option.co\/es\/?s={search_term_string}"},"query-input":"required name=search_term_string"}],"inLanguage":"es"},{"@type":"Organization","@id":"https:\/\/binary-option.co\/es\/#organization","name":"OpcionesBinarias.info","url":"https:\/\/binary-option.co\/es\/","logo":{"@type":"ImageObject","inLanguage":"es","@id":"https:\/\/binary-option.co\/es\/#\/schema\/logo\/image\/","url":"https:\/\/binary-option.co\/es\/wp-content\/uploads\/sites\/13\/2020\/12\/binary-option.co_.png","contentUrl":"https:\/\/binary-option.co\/es\/wp-content\/uploads\/sites\/13\/2020\/12\/binary-option.co_.png","width":398,"height":66,"caption":"OpcionesBinarias.info"},"image":{"@id":"https:\/\/binary-option.co\/es\/#\/schema\/logo\/image\/"}}]}},"_links":{"self":[{"href":"https:\/\/binary-option.co\/es\/wp-json\/wp\/v2\/pages\/17"}],"collection":[{"href":"https:\/\/binary-option.co\/es\/wp-json\/wp\/v2\/pages"}],"about":[{"href":"https:\/\/binary-option.co\/es\/wp-json\/wp\/v2\/types\/page"}],"author":[{"embeddable":true,"href":"https:\/\/binary-option.co\/es\/wp-json\/wp\/v2\/users\/1"}],"replies":[{"embeddable":true,"href":"https:\/\/binary-option.co\/es\/wp-json\/wp\/v2\/comments?post=17"}],"version-history":[{"count":4,"href":"https:\/\/binary-option.co\/es\/wp-json\/wp\/v2\/pages\/17\/revisions"}],"predecessor-version":[{"id":180,"href":"https:\/\/binary-option.co\/es\/wp-json\/wp\/v2\/pages\/17\/revisions\/180"}],"wp:attachment":[{"href":"https:\/\/binary-option.co\/es\/wp-json\/wp\/v2\/media?parent=17"}],"curies":[{"name":"wp","href":"https:\/\/api.w.org\/{rel}","templated":true}]}}