{"id":64,"date":"2020-09-22T17:19:46","date_gmt":"2020-09-22T17:19:46","guid":{"rendered":"http:\/\/binareoptionen.ch\/?page_id=64"},"modified":"2021-11-18T18:59:20","modified_gmt":"2021-11-18T18:59:20","slug":"segnali-opzioni-binarie","status":"publish","type":"page","link":"https:\/\/binary-option.co\/ch\/it\/segnali-opzioni-binarie\/","title":{"rendered":"Segnali Opzioni Binarie: I migliori segnali di trading"},"content":{"rendered":"\n<p>Non ha senso scegliere nel modo pi\u00f9 duro quando puoi raccogliere i vantaggi del trading di opzioni binarie collaborando con i fornitori di segnali. Gli specialisti monitoreranno il mercato per le tendenze man mano che si presentano e quindi forniranno un segnale tempestivo e accurato. Sapere quali fornitori di segnali di opzioni binarie sono i migliori aiuter\u00e0 i trader a restringere la ricerca e prendere una decisione informata.<br>Abbiamo testato oltre 50 fornitori di segnali di opzioni binarie, siamo lieti di presentare un confronto tra i primi 5 fornitori di segnali di opzioni binarie selezionati. Il nostro confronto \u00e8 molto completo ed esteso, quindi potrai scegliere un fornitore di segnale veramente professionale.<\/p>\n\n\n\n<h2 class=\"has-text-align-center wp-block-heading\">I migliori fornitori di segnali di opzioni binarie<\/h2>\n\n\n\n<table id=\"tablepress-12\" class=\"tablepress tablepress-id-12 tablepress-responsive tablepress-responsive-stack-phone\">\n<thead>\n<tr class=\"row-1\">\n\t<th class=\"column-1\">Broker con segnali<\/th><th class=\"column-2\">Pagamento<\/th><th class=\"column-3\">Deposito minimo<\/th><th class=\"column-4\">Conto demo<\/th><th class=\"column-5\">Bonus<\/th><th class=\"column-6\">Sito web<\/th>\n<\/tr>\n<\/thead>\n<tbody>\n<tr class=\"row-2\">\n\t<td class=\"column-1\"><a href=\"https:\/\/binary-option.co\/go\/quotex.io\"><img decoding=\"async\" src=\"https:\/\/binary-option.co\/wp-content\/uploads\/2021\/05\/Quotex.io-.png\" alt=\"\" width=\"160\" height=\"40\" class=\"alignnone size-full wp-image-468\" \/><\/a><\/td><td class=\"column-2\">98% Pagamento<\/td><td class=\"column-3\">10$ Deposito minimo<\/td><td class=\"column-4\">conto demo gratuito disponibile<\/td><td class=\"column-5\">30% bonus<\/td><td class=\"column-6\"><style type='text\/css'>.maxbutton-1.maxbutton{position:relative;text-decoration:none;display:inline-block;vertical-align:middle;width:86px;height:33px;border:2px solid #5eb740;border-radius:4px 4px 4px 4px;background-color:#5eb740;box-shadow:0px 0px 2px 1px #333333}.maxbutton-1.maxbutton:hover{border-color:#5fc143;background-color:#5fc143;box-shadow:0px 0px 2px 1px #333333}.maxbutton-1.maxbutton .mb-text{color:#ffffff;font-family:Arial;font-size:15px;text-align:center;font-style:normal;font-weight:bold;line-height:1em;box-sizing:border-box;display:block;background-color:unset;padding:7px 0px 0px 0px}.maxbutton-1.maxbutton:hover .mb-text{color:#ffffff}@media only screen and (min-width:80px) and (max-width:200px){.maxbutton-1.maxbutton{width:80px;height:31px}.maxbutton-1.maxbutton .mb-text{font-size:13px;font-weight:normal}}<\/style><a class=\"maxbutton-1 maxbutton\" href=\"https:\/\/binary-option.co\/go\/quotex.io\"><span class='mb-text'>Visita<\/span><\/a><\/td>\n<\/tr>\n<tr class=\"row-3\">\n\t<td class=\"column-1\"><a href=\"https:\/\/binary-option.co\/go\/spectre.ai\"><img decoding=\"async\" src=\"https:\/\/binary-option.co\/wp-content\/uploads\/2021\/05\/spectre.ai-.png\" alt=\"\" width=\"160\" height=\"40\" class=\"alignnone size-full wp-image-465\" \/><\/a><\/td><td class=\"column-2\">100% Pagamento<\/td><td class=\"column-3\">10$ Deposito minimo<\/td><td class=\"column-4\">conto demo gratuito disponibile<\/td><td class=\"column-5\">Senza bonus<\/td><td class=\"column-6\"><a class=\"maxbutton-1 maxbutton\" href=\"https:\/\/binary-option.co\/go\/spectre.ai\"><span class='mb-text'>Visita<\/span><\/a><\/td>\n<\/tr>\n<\/tbody>\n<\/table>\n\n\n\n\n<p><strong>Il trading di opzioni binarie<\/strong> \u00e8 l&#8217;ultimo arrivato nel trading di azioni, materie prime, indici e coppie di valute. I <strong>segnali di opzioni binarie<\/strong> sono avvisi commerciali forniti da analisti professionisti per elementi specifici dello stesso.<\/p>\n\n\n\n<p>Puoi anche utilizzare alcuni robot di trading che forniscono segnali di trading. Ecco un elenco dei migliori robot di trading con segnali<\/p>\n\n\n\n<h2 class=\"has-text-align-center wp-block-heading\">Il miglior robot di trading e software di trading automatizzato con segnali di trading<\/h2>\n\n\n\n<table id=\"tablepress-11\" class=\"tablepress tablepress-id-11 tablepress-responsive tablepress-responsive-stack-phone\">\n<thead>\n<tr class=\"row-1\">\n\t<th class=\"column-1\">Robot<\/th><th class=\"column-2\">Informazione<\/th><th class=\"column-3\">Sito web<\/th>\n<\/tr>\n<\/thead>\n<tbody>\n<tr class=\"row-2\">\n\t<td class=\"column-1\"><a href=\"http:\/\/binary-option.co\/go\/binbotpro.com\"><img decoding=\"async\" src=\"http:\/\/binary-option.co\/wp-content\/uploads\/2020\/08\/binbotpro-logo.png\" alt=\"\" width=\"175\" height=\"70\" class=\"alignnone size-full wp-image-240\" \/><\/a><\/td><td class=\"column-2\">Sono disponibili fino a 20 robot di trading di opzioni binarie e puoi confrontarli in base alle prestazioni passate. Solo 3 semplici passaggi per attivare la funzione di trading automatico.<\/td><td class=\"column-3\"><a class=\"maxbutton-1 maxbutton\" href=\"http:\/\/binary-option.co\/go\/binbotpro.com\"><span class='mb-text'>Visita<\/span><\/a><\/td>\n<\/tr>\n<tr class=\"row-3\">\n\t<td class=\"column-1\"><a href=\"https:\/\/binary-option.co\/go\/binary.com\"><img loading=\"lazy\" decoding=\"async\" src=\"https:\/\/binary-option.co\/wp-content\/uploads\/2020\/08\/Binary.com_.png\" alt=\"\" width=\"175\" height=\"70\" class=\"alignnone size-full wp-image-240\" \/><\/a><\/td><td class=\"column-2\">Crea il tuo robot di trading con Binary Bot. Questo broker offre un'interfaccia utente intuitiva per programmare il tuo robot di trading e automatizzare le tue strategie di trading.<\/td><td class=\"column-3\"><a class=\"maxbutton-1 maxbutton\" href=\"https:\/\/binary-option.co\/go\/binary.com\"><span class='mb-text'>Visita<\/span><\/a><\/td>\n<\/tr>\n<tr class=\"row-4\">\n\t<td class=\"column-1\"><a href=\"https:\/\/binary-option.co\/go\/bitcointrader.com\"><img loading=\"lazy\" decoding=\"async\" src=\"https:\/\/binary-option.co\/wp-content\/uploads\/2021\/05\/bitcoin-trader-logo.png\" alt=\"\" width=\"200\" height=\"80\" class=\"alignnone size-full wp-image-567\" \/><\/a><\/td><td class=\"column-2\">Il miglior robot per il trading di bitcoin e criptovalute disponibile sul mercato. \u00c8 un robot di trading crittografico perfetto sia per i trader principianti che per quelli esperti.<\/td><td class=\"column-3\"><a class=\"maxbutton-1 maxbutton\" href=\"https:\/\/binary-option.co\/go\/bitcointrader.com\"><span class='mb-text'>Visita<\/span><\/a><\/td>\n<\/tr>\n<\/tbody>\n<\/table>\n\n\n\n\n<h2 class=\"wp-block-heading\">Cosa sono i segnali di trading di opzioni binarie?<\/h2>\n\n\n\n<p>Un segnale di trading di opzioni binarie \u00e8 un avviso di trading per i mercati di valute, materie prime, azioni o indici o Bitcoin e criptovalute attraverso le opzioni binarie. Il prezzo di questo servizio pu\u00f2 variare da gratuito a una media mensile di $ 299 e fino a seconda della persona o dell&#8217;azienda che lo fornisce. Esistono anche piani che offrono l&#8217;accesso a lungo termine a un canone mensile pi\u00f9 economico. In questo caso, il prezzo minimo \u00e8 di circa $ 100 e pu\u00f2 raggiungere diverse centinaia di dollari al mese.<\/p>\n\n\n\n<p>I servizi che ricevi quando ti registri con un fornitore di segnali di trading di opzioni binarie differiscono da societ\u00e0 a societ\u00e0. Puoi aspettarti di ricevere qualsiasi cosa, dai follow-up delle prestazioni, sms, e-mail e avvisi online, all&#8217;assistenza clienti tramite e-mail o telefono e analisi avanzate in alcune delle migliori offerte. sofisticato. Poich\u00e9 i fornitori di segnali di opzioni binarie devono proteggere le loro strategie, il trading con loro implica un certo grado di fiducia cieca nella societ\u00e0 o nell&#8217;individuo dietro i segnali emessi.<\/p>\n\n\n\n<h2 class=\"wp-block-heading\">Cose da considerare quando si sceglie il fornitore di servizi di segnale.<\/h2>\n\n\n\n<p>Quattro punti dovrebbero essere tenuti a mente quando si sceglie il fornitore di servizi di segnale. Loro sono:<br>\u2022 Prezzo<br>\u2022 Affidabilit\u00e0 del fornitore<br>\u2022 Tasso di successo<br>\u2022 Periodo di abbonamento<br>Il prezzo varia da $ 100 su camere per un servizio medio. Tuttavia, \u00e8 consigliabile optare per uno scambio &#8222;test&#8220; che avviene in un ambiente demo prima di iniziare lo scambio vero e proprio.<\/p>\n\n\n\n<p><strong>Sii intelligente, usa un account demo prima di piazzare scambi live con qualsiasi servizio di segnale<\/strong><\/p>\n\n\n\n<p>La sottoscrizione a segnali di trading di opzioni binarie \u00e8 un ottimo modo per diversificare il tuo trading riflettendo le operazioni di un sistema o di un trader con un buon track record. Quando si sceglie un servizio di segnali di trading di opzioni binarie, \u00e8 molto importante trovare un fornitore affidabile che non manipoli i risultati e non faccia false dichiarazioni. Potete vedere che questo \u00e8 il caso quando i risultati sembrano troppo belli per essere veri.La credibilit\u00e0 delle molte scelte sul Web varia notevolmente, come spesso accade con tutto ci\u00f2 che riguarda il lucroso mercato valutario. Potrebbe essere una buona idea affrontare qualsiasi reclamo relativo alle percentuali di successo dell&#8217;85-100% con un pizzico di sale, nonostante la loro ubiquit\u00e0 nel mondo dell&#8217;e-commerce. Ma ci sono aziende che forniscono informazioni e avvisi veramente preziosi ai clienti.<\/p>\n\n\n\n<p>Tieni presente che la tua capacit\u00e0 di sfruttare con successo i segnali di opzioni binarie ricevuti dipende in gran parte dall&#8217;efficienza del servizio del tuo broker. Soprattutto con il trading basato sulle notizie, \u00e8 necessario agire rapidamente, pur essendo sicuri che i problemi associati a periodi di volume elevato in cui si verificano gli spread saranno minimi.<\/p>\n\n\n\n<p>L&#8217;utilizzo o meno dei segnali delle opzioni binarie dipender\u00e0 principalmente dal tuo carattere e dal tuo piano di trading. Se sei una persona molto attiva con poco tempo per analizzare e ricercare il mercato, i segnali delle opzioni binarie sono un&#8217;alternativa al trading manuale. Tuttavia, se vuoi imparare i meccanismi del trading, riceverai solo un modesto vantaggio sottoscrivendo avvisi di segnali di opzioni binarie.<\/p>\n\n\n\n<h2 class=\"wp-block-heading\">Conclusione sui robot di trading<\/h2>\n\n\n\n<p>Il trader alle prime armi beneficia enormemente di questi servizi di segnale tramite avvisi ricevuti da professionisti esperti. I trader esperti possono anche rafforzare le loro decisioni e renderli pi\u00f9 attenti alle azioni, che fino ad ora non avevano notato. Pertanto, vale sicuramente la pena provare il servizio di segnali di opzioni binarie.<\/p>\n","protected":false},"excerpt":{"rendered":"<p>Non ha senso scegliere nel modo pi\u00f9 duro quando puoi raccogliere i vantaggi del trading di opzioni binarie collaborando con i fornitori di segnali. Gli specialisti monitoreranno il mercato per le tendenze man mano che si presentano e quindi forniranno un segnale tempestivo e accurato. Sapere quali fornitori di segnali di opzioni binarie sono i [&hellip;]<\/p>\n","protected":false},"author":1,"featured_media":0,"parent":0,"menu_order":0,"comment_status":"closed","ping_status":"closed","template":"","meta":{"footnotes":""},"yoast_head":"<!-- This site is optimized with the Yoast SEO plugin v21.9.1 - https:\/\/yoast.com\/wordpress\/plugins\/seo\/ -->\n<title>Segnali Opzioni Binarie: I migliori segnali di trading - binary-option.co Deutsch<\/title>\n<meta name=\"robots\" content=\"index, follow, max-snippet:-1, max-image-preview:large, max-video-preview:-1\" \/>\n<link rel=\"canonical\" href=\"https:\/\/binary-option.co\/ch\/it\/segnali-opzioni-binarie\/\" \/>\n<meta property=\"og:locale\" content=\"de_DE\" \/>\n<meta property=\"og:type\" content=\"article\" \/>\n<meta property=\"og:title\" content=\"Segnali Opzioni Binarie: I migliori segnali di trading - binary-option.co Deutsch\" \/>\n<meta property=\"og:description\" content=\"Non ha senso scegliere nel modo pi\u00f9 duro quando puoi raccogliere i vantaggi del trading di opzioni binarie collaborando con i fornitori di segnali. Gli specialisti monitoreranno il mercato per le tendenze man mano che si presentano e quindi forniranno un segnale tempestivo e accurato. Sapere quali fornitori di segnali di opzioni binarie sono i [&hellip;]\" \/>\n<meta property=\"og:url\" content=\"https:\/\/binary-option.co\/ch\/it\/segnali-opzioni-binarie\/\" \/>\n<meta property=\"og:site_name\" content=\"binary-option.co Deutsch\" \/>\n<meta property=\"article:modified_time\" content=\"2021-11-18T18:59:20+00:00\" \/>\n<meta name=\"twitter:card\" content=\"summary_large_image\" \/>\n<meta name=\"twitter:label1\" content=\"Gesch\u00e4tzte Lesezeit\" \/>\n\t<meta name=\"twitter:data1\" content=\"4\u00a0Minuten\" \/>\n<script type=\"application\/ld+json\" class=\"yoast-schema-graph\">{\"@context\":\"https:\/\/schema.org\",\"@graph\":[{\"@type\":\"WebPage\",\"@id\":\"https:\/\/binary-option.co\/ch\/it\/segnali-opzioni-binarie\/\",\"url\":\"https:\/\/binary-option.co\/ch\/it\/segnali-opzioni-binarie\/\",\"name\":\"Segnali Opzioni Binarie: I migliori segnali di trading - binary-option.co Deutsch\",\"isPartOf\":{\"@id\":\"https:\/\/binary-option.co\/ch\/#website\"},\"datePublished\":\"2020-09-22T17:19:46+00:00\",\"dateModified\":\"2021-11-18T18:59:20+00:00\",\"breadcrumb\":{\"@id\":\"https:\/\/binary-option.co\/ch\/it\/segnali-opzioni-binarie\/#breadcrumb\"},\"inLanguage\":\"de\",\"potentialAction\":[{\"@type\":\"ReadAction\",\"target\":[\"https:\/\/binary-option.co\/ch\/it\/segnali-opzioni-binarie\/\"]}]},{\"@type\":\"BreadcrumbList\",\"@id\":\"https:\/\/binary-option.co\/ch\/it\/segnali-opzioni-binarie\/#breadcrumb\",\"itemListElement\":[{\"@type\":\"ListItem\",\"position\":1,\"name\":\"Home\",\"item\":\"https:\/\/binary-option.co\/ch\/\"},{\"@type\":\"ListItem\",\"position\":2,\"name\":\"Segnali Opzioni Binarie: I migliori segnali di trading\"}]},{\"@type\":\"WebSite\",\"@id\":\"https:\/\/binary-option.co\/ch\/#website\",\"url\":\"https:\/\/binary-option.co\/ch\/\",\"name\":\"binary-option.co Deutsch\",\"description\":\"Das Informationsportal zu bin\u00e4ren Optionen\",\"publisher\":{\"@id\":\"https:\/\/binary-option.co\/ch\/#organization\"},\"potentialAction\":[{\"@type\":\"SearchAction\",\"target\":{\"@type\":\"EntryPoint\",\"urlTemplate\":\"https:\/\/binary-option.co\/ch\/?s={search_term_string}\"},\"query-input\":\"required name=search_term_string\"}],\"inLanguage\":\"de\"},{\"@type\":\"Organization\",\"@id\":\"https:\/\/binary-option.co\/ch\/#organization\",\"name\":\"binary-option.co Deutsch\",\"url\":\"https:\/\/binary-option.co\/ch\/\",\"logo\":{\"@type\":\"ImageObject\",\"inLanguage\":\"de\",\"@id\":\"https:\/\/binary-option.co\/ch\/#\/schema\/logo\/image\/\",\"url\":\"https:\/\/binary-option.co\/ch\/wp-content\/uploads\/sites\/10\/2020\/12\/binary-option.co_.png\",\"contentUrl\":\"https:\/\/binary-option.co\/ch\/wp-content\/uploads\/sites\/10\/2020\/12\/binary-option.co_.png\",\"width\":398,\"height\":66,\"caption\":\"binary-option.co Deutsch\"},\"image\":{\"@id\":\"https:\/\/binary-option.co\/ch\/#\/schema\/logo\/image\/\"}}]}<\/script>\n<!-- \/ Yoast SEO plugin. -->","yoast_head_json":{"title":"Segnali Opzioni Binarie: I migliori segnali di trading - binary-option.co Deutsch","robots":{"index":"index","follow":"follow","max-snippet":"max-snippet:-1","max-image-preview":"max-image-preview:large","max-video-preview":"max-video-preview:-1"},"canonical":"https:\/\/binary-option.co\/ch\/it\/segnali-opzioni-binarie\/","og_locale":"de_DE","og_type":"article","og_title":"Segnali Opzioni Binarie: I migliori segnali di trading - binary-option.co Deutsch","og_description":"Non ha senso scegliere nel modo pi\u00f9 duro quando puoi raccogliere i vantaggi del trading di opzioni binarie collaborando con i fornitori di segnali. Gli specialisti monitoreranno il mercato per le tendenze man mano che si presentano e quindi forniranno un segnale tempestivo e accurato. Sapere quali fornitori di segnali di opzioni binarie sono i [&hellip;]","og_url":"https:\/\/binary-option.co\/ch\/it\/segnali-opzioni-binarie\/","og_site_name":"binary-option.co Deutsch","article_modified_time":"2021-11-18T18:59:20+00:00","twitter_card":"summary_large_image","twitter_misc":{"Gesch\u00e4tzte Lesezeit":"4\u00a0Minuten"},"schema":{"@context":"https:\/\/schema.org","@graph":[{"@type":"WebPage","@id":"https:\/\/binary-option.co\/ch\/it\/segnali-opzioni-binarie\/","url":"https:\/\/binary-option.co\/ch\/it\/segnali-opzioni-binarie\/","name":"Segnali Opzioni Binarie: I migliori segnali di trading - binary-option.co Deutsch","isPartOf":{"@id":"https:\/\/binary-option.co\/ch\/#website"},"datePublished":"2020-09-22T17:19:46+00:00","dateModified":"2021-11-18T18:59:20+00:00","breadcrumb":{"@id":"https:\/\/binary-option.co\/ch\/it\/segnali-opzioni-binarie\/#breadcrumb"},"inLanguage":"de","potentialAction":[{"@type":"ReadAction","target":["https:\/\/binary-option.co\/ch\/it\/segnali-opzioni-binarie\/"]}]},{"@type":"BreadcrumbList","@id":"https:\/\/binary-option.co\/ch\/it\/segnali-opzioni-binarie\/#breadcrumb","itemListElement":[{"@type":"ListItem","position":1,"name":"Home","item":"https:\/\/binary-option.co\/ch\/"},{"@type":"ListItem","position":2,"name":"Segnali Opzioni Binarie: I migliori segnali di trading"}]},{"@type":"WebSite","@id":"https:\/\/binary-option.co\/ch\/#website","url":"https:\/\/binary-option.co\/ch\/","name":"binary-option.co Deutsch","description":"Das Informationsportal zu bin\u00e4ren Optionen","publisher":{"@id":"https:\/\/binary-option.co\/ch\/#organization"},"potentialAction":[{"@type":"SearchAction","target":{"@type":"EntryPoint","urlTemplate":"https:\/\/binary-option.co\/ch\/?s={search_term_string}"},"query-input":"required name=search_term_string"}],"inLanguage":"de"},{"@type":"Organization","@id":"https:\/\/binary-option.co\/ch\/#organization","name":"binary-option.co Deutsch","url":"https:\/\/binary-option.co\/ch\/","logo":{"@type":"ImageObject","inLanguage":"de","@id":"https:\/\/binary-option.co\/ch\/#\/schema\/logo\/image\/","url":"https:\/\/binary-option.co\/ch\/wp-content\/uploads\/sites\/10\/2020\/12\/binary-option.co_.png","contentUrl":"https:\/\/binary-option.co\/ch\/wp-content\/uploads\/sites\/10\/2020\/12\/binary-option.co_.png","width":398,"height":66,"caption":"binary-option.co Deutsch"},"image":{"@id":"https:\/\/binary-option.co\/ch\/#\/schema\/logo\/image\/"}}]}},"_links":{"self":[{"href":"https:\/\/binary-option.co\/ch\/wp-json\/wp\/v2\/pages\/64"}],"collection":[{"href":"https:\/\/binary-option.co\/ch\/wp-json\/wp\/v2\/pages"}],"about":[{"href":"https:\/\/binary-option.co\/ch\/wp-json\/wp\/v2\/types\/page"}],"author":[{"embeddable":true,"href":"https:\/\/binary-option.co\/ch\/wp-json\/wp\/v2\/users\/1"}],"replies":[{"embeddable":true,"href":"https:\/\/binary-option.co\/ch\/wp-json\/wp\/v2\/comments?post=64"}],"version-history":[{"count":3,"href":"https:\/\/binary-option.co\/ch\/wp-json\/wp\/v2\/pages\/64\/revisions"}],"predecessor-version":[{"id":330,"href":"https:\/\/binary-option.co\/ch\/wp-json\/wp\/v2\/pages\/64\/revisions\/330"}],"wp:attachment":[{"href":"https:\/\/binary-option.co\/ch\/wp-json\/wp\/v2\/media?parent=64"}],"curies":[{"name":"wp","href":"https:\/\/api.w.org\/{rel}","templated":true}]}}