{"id":62,"date":"2020-09-22T17:12:50","date_gmt":"2020-09-22T17:12:50","guid":{"rendered":"http:\/\/binareoptionen.ch\/?page_id=62"},"modified":"2021-11-18T19:31:32","modified_gmt":"2021-11-18T19:31:32","slug":"signaux-option-binaire","status":"publish","type":"page","link":"https:\/\/binary-option.co\/ch\/fr\/signaux-option-binaire\/","title":{"rendered":"Signaux Option Binaire: Les meilleurs signaux de trading"},"content":{"rendered":"\n<p>Il ne sert \u00e0 rien de choisir \u00e0 la dure lorsque vous pouvez profiter des avantages du trading d&#8217;options binaires en faisant \u00e9quipe avec des fournisseurs de signaux. Les sp\u00e9cialistes surveilleront le march\u00e9 pour d\u00e9tecter les tendances d\u00e8s leur apparition et vous fourniront ensuite un signal opportun et pr\u00e9cis. Savoir quels fournisseurs de signaux d&#8217;options binaires sont les meilleurs aidera les traders \u00e0 affiner la recherche et \u00e0 prendre une d\u00e9cision \u00e9clair\u00e9e.<\/p>\n\n\n\n<p>Nous avons test\u00e9 plus de 50 fournisseurs de signaux d&#8217;options binaires, nous sommes heureux de pr\u00e9senter une comparaison entre les 5 meilleurs fournisseurs de signaux d&#8217;options binaires s\u00e9lectionn\u00e9s. Notre comparaison est tr\u00e8s compl\u00e8te et \u00e9tendue, vous pourrez donc choisir un fournisseur de signaux vraiment professionnel.<\/p>\n\n\n\n<h2 class=\"has-text-align-center wp-block-heading\">Meilleurs fournisseurs de signaux d&#8217;options binaires<\/h2>\n\n\n\n\n<table id=\"tablepress-14\" class=\"tablepress tablepress-id-14 tablepress-responsive tablepress-responsive-stack-phone\">\n<thead>\n<tr class=\"row-1\">\n\t<th class=\"column-1\">Courtier avec signaux<\/th><th class=\"column-2\">Payment <\/th><th class=\"column-3\">D\u00e9p\u00f4t minimum<\/th><th class=\"column-4\">Compte d\u00e9mo<\/th><th class=\"column-5\">Bonus<\/th><th class=\"column-6\">Site internet<\/th>\n<\/tr>\n<\/thead>\n<tbody>\n<tr class=\"row-2\">\n\t<td class=\"column-1\"><a href=\"https:\/\/binary-option.co\/go\/quotex.io\"><img decoding=\"async\" src=\"https:\/\/binary-option.co\/wp-content\/uploads\/2021\/05\/Quotex.io-.png\" alt=\"\" width=\"160\" height=\"40\" class=\"alignnone size-full wp-image-468\" \/><\/a><\/td><td class=\"column-2\">98% Payment<\/td><td class=\"column-3\">10$ D\u00e9p\u00f4t minimum<\/td><td class=\"column-4\">Compte d\u00e9mo gratuit disponible<\/td><td class=\"column-5\">30% bonus<\/td><td class=\"column-6\"><style type='text\/css'>.maxbutton-1.maxbutton{position:relative;text-decoration:none;display:inline-block;vertical-align:middle;width:86px;height:33px;border:2px solid #5eb740;border-radius:4px 4px 4px 4px;background-color:#5eb740;box-shadow:0px 0px 2px 1px #333333}.maxbutton-1.maxbutton:hover{border-color:#5fc143;background-color:#5fc143;box-shadow:0px 0px 2px 1px #333333}.maxbutton-1.maxbutton .mb-text{color:#ffffff;font-family:Arial;font-size:15px;text-align:center;font-style:normal;font-weight:bold;line-height:1em;box-sizing:border-box;display:block;background-color:unset;padding:7px 0px 0px 0px}.maxbutton-1.maxbutton:hover .mb-text{color:#ffffff}@media only screen and (min-width:80px) and (max-width:200px){.maxbutton-1.maxbutton{width:80px;height:31px}.maxbutton-1.maxbutton .mb-text{font-size:13px;font-weight:normal}}<\/style><a class=\"maxbutton-1 maxbutton\" href=\"https:\/\/binary-option.co\/go\/quotex.io\"><span class='mb-text'>Visiter<\/span><\/a><\/td>\n<\/tr>\n<tr class=\"row-3\">\n\t<td class=\"column-1\"><a href=\"https:\/\/binary-option.co\/go\/spectre.ai\"><img decoding=\"async\" src=\"https:\/\/binary-option.co\/wp-content\/uploads\/2021\/05\/spectre.ai-.png\" alt=\"\" width=\"160\" height=\"40\" class=\"alignnone size-full wp-image-465\" \/><\/a><\/td><td class=\"column-2\">100% Payment<\/td><td class=\"column-3\">10$ D\u00e9p\u00f4t minimum<\/td><td class=\"column-4\">Compte d\u00e9mo gratuit disponible<\/td><td class=\"column-5\">Sans bonus<\/td><td class=\"column-6\"><a class=\"maxbutton-1 maxbutton\" href=\"https:\/\/binary-option.co\/go\/spectre.ai\"><span class='mb-text'>Visiter<\/span><\/a><\/td>\n<\/tr>\n<\/tbody>\n<\/table>\n\n\n\n\n<p><strong>Le trading d&#8217;options binaires<\/strong> est le dernier entrant dans le trading d&#8217;actions, de mati\u00e8res premi\u00e8res, d&#8217;indices et de paires de devises. <strong>Les signaux d&#8217;options binaires<\/strong> sont des alertes commerciales donn\u00e9es par des analystes professionnels pour des \u00e9l\u00e9ments sp\u00e9cifiques de ceux-ci.<\/p>\n\n\n\n<p>Vous pouvez \u00e9galement utiliser un robot de trading qui fournit des signaux de trading. Voici une liste des meilleurs robots de trading avec signaux.<\/p>\n\n\n\n<h2 class=\"has-text-align-center wp-block-heading\">Meilleur robot de trading et logiciel de trading automatis\u00e9 avec signaux de trading<\/h2>\n\n\n\n\n<table id=\"tablepress-13\" class=\"tablepress tablepress-id-13 tablepress-responsive tablepress-responsive-stack-phone\">\n<thead>\n<tr class=\"row-1\">\n\t<th class=\"column-1\">Robot<\/th><th class=\"column-2\">Information <\/th><th class=\"column-3\">Site internet<\/th>\n<\/tr>\n<\/thead>\n<tbody>\n<tr class=\"row-2\">\n\t<td class=\"column-1\"><a href=\"http:\/\/binary-option.co\/go\/binbotpro.com\"><img decoding=\"async\" src=\"http:\/\/binary-option.co\/wp-content\/uploads\/2020\/08\/binbotpro-logo.png\" alt=\"\" width=\"175\" height=\"70\" class=\"alignnone size-full wp-image-240\" \/><\/a><\/td><td class=\"column-2\">Jusqu'\u00e0 20 robots de trading d'options binaires sont disponibles et vous pouvez les comparer en fonction des performances pass\u00e9es. Juste 3 \u00e9tapes simples pour activer la fonction de trading automatique.<\/td><td class=\"column-3\"><a class=\"maxbutton-1 maxbutton\" href=\"http:\/\/binary-option.co\/go\/binbotpro.com\"><span class='mb-text'>Visiter<\/span><\/a><\/td>\n<\/tr>\n<tr class=\"row-3\">\n\t<td class=\"column-1\"><a href=\"https:\/\/binary-option.co\/go\/binary.com\"><img loading=\"lazy\" decoding=\"async\" src=\"https:\/\/binary-option.co\/wp-content\/uploads\/2020\/08\/Binary.com_.png\" alt=\"\" width=\"175\" height=\"70\" class=\"alignnone size-full wp-image-240\" \/><\/a><\/td><td class=\"column-2\">Cr\u00e9ez votre robot de trading avec Binary Bot. Ce courtier propose une interface utilisateur intuitive pour programmer votre robot de trading et automatiser vos strat\u00e9gies de trading.<\/td><td class=\"column-3\"><a class=\"maxbutton-1 maxbutton\" href=\"https:\/\/binary-option.co\/go\/binary.com\"><span class='mb-text'>Visiter<\/span><\/a><\/td>\n<\/tr>\n<tr class=\"row-4\">\n\t<td class=\"column-1\"><a href=\"https:\/\/binary-option.co\/go\/bitcointrader.com\"><img loading=\"lazy\" decoding=\"async\" src=\"https:\/\/binary-option.co\/wp-content\/uploads\/2021\/05\/bitcoin-trader-logo.png\" alt=\"\" width=\"200\" height=\"80\" class=\"alignnone size-full wp-image-567\" \/><\/a><\/td><td class=\"column-2\">Le meilleur robot de trading bitcoin et crypto-monnaie disponible sur le march\u00e9. C'est un robot de trading crypto parfait pour les traders d\u00e9butants et exp\u00e9riment\u00e9s<\/td><td class=\"column-3\"><a class=\"maxbutton-1 maxbutton\" href=\"https:\/\/binary-option.co\/go\/bitcointrader.com\"><span class='mb-text'>Visiter<\/span><\/a><\/td>\n<\/tr>\n<\/tbody>\n<\/table>\n\n\n\n\n<h2 class=\"wp-block-heading\">Qu&#8217;est-ce que les signaux de trading d&#8217;options binaires?<\/h2>\n\n\n\n<p>Un signal de trading d&#8217;options binaires est une alerte commerciale pour les march\u00e9s des devises, des produits de base, des actions ou des indices ou Bitcoin et crypto-monnaie via les option binaires. Le prix de ce service peut aller de gratuit \u00e0 une moyenne mensuelle de 299 $ et plus selon la personne ou l&#8217;entreprise qui le fournit. Il existe \u00e9galement des forfaits offrant un acc\u00e8s \u00e0 long terme pour des frais d&#8217;abonnement mensuels moins chers. Dans ce cas, le plancher est d&#8217;environ 100 $ et peut atteindre plusieurs centaines de dollars par mois.<\/p>\n\n\n\n<p>Les services que vous recevez lors de votre inscription aupr\u00e8s d&#8217;un fournisseur de signaux de trading d&#8217;options binaires diff\u00e8rent d&#8217;une entreprise \u00e0 l&#8217;autre. Vous pouvez vous attendre \u00e0 recevoir n&#8217;importe quoi, des suivis de performance, des sms, des e-mails et des alertes en ligne, au support client par e-mail ou par t\u00e9l\u00e9phone et \u00e0 une analyse avanc\u00e9e dans certaines des offres les plus sophistiqu\u00e9es. \u00c9tant donn\u00e9 que les fournisseurs de signaux d&#8217;options binaires doivent prot\u00e9ger leurs strat\u00e9gies, le trading avec eux implique un certain degr\u00e9 de confiance aveugle dans l&#8217;entreprise ou l&#8217;individu derri\u00e8re les signaux \u00e9mis.<\/p>\n\n\n\n<h2 class=\"wp-block-heading\">Utilit\u00e9 des services de signaux d&#8217;options binaires<\/h2>\n\n\n\n<p>Les nouveaux traders ne sont pas oblig\u00e9s de passer une plus grande partie de leur temps dans l&#8217;analyse de la recherche, pour la prise de d\u00e9cision. Ils peuvent profiter des services de signaux d&#8217;options binaires, ce qui est tr\u00e8s simple et facile \u00e0 comprendre. Le n\u0153ud de ces services de signaux est de regarder le commer\u00e7ant expert en jeu. Le nouveau trader peut facilement apprendre \u00e0 conna\u00eetre les nuances du m\u00e9tier en regardant un professionnel en train de parcourir l&#8217;ensemble du m\u00e9tier.<\/p>\n\n\n\n<p>Tout ce qui se passe \u00e0 l&#8217;\u00e9cran est clair comme du cristal, facile \u00e0 saisir et \u00e0 suivre pour le nouveau venu. Les transactions r\u00e9elles sont effectu\u00e9es et le commer\u00e7ant peut comprendre les raisons des mesures prises par l&#8217;expert, dans ces situations.<\/p>\n\n\n\n<p>Tous les \u00e9changes d&#8217;options binaires ne sont cependant pas r\u00e9ussis \u00e0 100%; mais un trader qualifi\u00e9 peut facilement obtenir un taux de r\u00e9ussite d&#8217;environ 85%. Cela implique qu&#8217;il peut y avoir des cas o\u00f9 le professionnel peut se tromper; mais ceux-ci forment des exp\u00e9riences d&#8217;apprentissage. Il est essentiel de se concentrer sur les gains obtenus plut\u00f4t que de se concentrer sur les revers.<\/p>\n\n\n\n<p>Les actions commerciales du professionnel sont visibles sur le PC ou le smartphone du trader. Des d\u00e9tails sur la transaction comme l&#8217;actif sur lequel l&#8217;offre est plac\u00e9e et la raison de son choix sont donn\u00e9s \u00e0 l&#8217;avance. Cela donne au novice des connaissances sur le commerce, l&#8217;aidant, tout en \u00e9changeant seul.<\/p>\n\n\n\n<p>L&#8217;un des plus grands avantages de ce service est que, le commer\u00e7ant peut simplement copier les actions du professionnel qui est s\u00fbr de donner du succ\u00e8s; profitant ainsi des avantages.<\/p>\n\n\n\n<h2 class=\"wp-block-heading\">Choses \u00e0 consid\u00e9rer lors du choix du fournisseur de services de signaux<\/h2>\n\n\n\n<p>Quatre points doivent \u00eatre gard\u00e9s \u00e0 l&#8217;esprit lors du choix du fournisseur de services de signaux. Elles sont:<\/p>\n\n\n\n<p>\u2022 Prix<\/p>\n\n\n\n<p>\u2022 Fiabilit\u00e9 du fournisseur<\/p>\n\n\n\n<p>\u2022 Taux de r\u00e9ussite<\/p>\n\n\n\n<p>\u2022 P\u00e9riode d&#8217;abonnement<\/p>\n\n\n\n<p>Le prix varie de 100 $ sur les salles pour un service moyen. Il est cependant conseill\u00e9 d\u2019opter pour un \u00e9change \u00abtest\u00bb qui se d\u00e9roule dans un environnement de d\u00e9monstration avant de commencer le commerce proprement dit.<\/p>\n\n\n\n<p><strong>Soyez intelligent, utilisez d&#8217;abord un compte de d\u00e9monstration avant de placer des trades en direct avec n&#8217;importe quel service de signal<\/strong><\/p>\n\n\n\n<p>L&#8217;abonnement \u00e0 des signaux de trading d&#8217;options binaires est un excellent moyen de diversifier votre trading en refl\u00e9tant les m\u00e9tiers d&#8217;un syst\u00e8me ou d&#8217;un commer\u00e7ant ayant de bons ant\u00e9c\u00e9dents. Lors du choix d&#8217;un service de signal de trading d&#8217;options binaires, il est tr\u00e8s important de trouver un fournisseur fiable qui ne manipule pas les r\u00e9sultats et ne fait pas de fausses d\u00e9clarations. Vous pouvez voir que c&#8217;est le cas lorsque les r\u00e9sultats semblent trop beaux pour \u00eatre vrais.La cr\u00e9dibilit\u00e9 des nombreux choix sur le Web varie consid\u00e9rablement, comme c&#8217;est souvent le cas pour tout ce qui concerne le march\u00e9 lucratif des devises. C&#8217;est peut-\u00eatre une bonne id\u00e9e d&#8217;aborder toute r\u00e9clamation concernant des taux de r\u00e9ussite de 85 \u00e0 100% avec une pinc\u00e9e de sel, malgr\u00e9 leur omnipr\u00e9sence dans le monde du commerce en ligne. Mais il existe des entreprises qui fournissent des informations et des alertes v\u00e9ritablement pr\u00e9cieuses aux clients.<\/p>\n\n\n\n<p>Gardez \u00e0 l\u2019esprit que votre capacit\u00e9 \u00e0 exploiter avec succ\u00e8s les signaux d\u2019options binaires re\u00e7us d\u00e9pend en grande partie de l\u2019efficacit\u00e9 du service de votre courtier. Surtout avec le trading bas\u00e9 sur les actualit\u00e9s, vous devez agir rapidement, tout en \u00e9tant s\u00fbr que les probl\u00e8mes li\u00e9s aux p\u00e9riodes de volume \u00e9lev\u00e9 pendant lesquelles les spreads se produisent seront minimes.<\/p>\n\n\n\n<p>Que vous utilisiez ou non des signaux d&#8217;options binaires d\u00e9pendra principalement de votre personnage et de votre plan de trading. Si vous \u00eates une personne tr\u00e8s active avec peu de temps \u00e0 consacrer \u00e0 l&#8217;analyse et \u00e0 l&#8217;\u00e9tude du march\u00e9, les signaux d&#8217;options binaires constituent une alternative au trading manuel. Cependant, si vous souhaitez apprendre les m\u00e9canismes du trading, vous ne recevrez qu&#8217;un avantage modeste en vous abonnant \u00e0 des alertes de signal d&#8217;options binaires.<\/p>\n\n\n\n<h2 class=\"wp-block-heading\">Pour conclure sur les signaux de trading<\/h2>\n\n\n\n<p>Le trader novice b\u00e9n\u00e9ficie grandement de ces services de signal gr\u00e2ce aux alertes re\u00e7ues de professionnels exp\u00e9riment\u00e9s. Les traders exp\u00e9riment\u00e9s peuvent \u00e9galement renforcer leurs d\u00e9cisions et les rendre plus attentifs aux actions, qu&#8217;ils n&#8217;avaient pas remarqu\u00e9es jusqu&#8217;\u00e0 pr\u00e9sent. Par cons\u00e9quent, le service de signaux d&#8217;options binaires vaut vraiment la peine d&#8217;\u00eatre essay\u00e9.<\/p>\n","protected":false},"excerpt":{"rendered":"<p>Il ne sert \u00e0 rien de choisir \u00e0 la dure lorsque vous pouvez profiter des avantages du trading d&#8217;options binaires en faisant \u00e9quipe avec des fournisseurs de signaux. Les sp\u00e9cialistes surveilleront le march\u00e9 pour d\u00e9tecter les tendances d\u00e8s leur apparition et vous fourniront ensuite un signal opportun et pr\u00e9cis. Savoir quels fournisseurs de signaux d&#8217;options [&hellip;]<\/p>\n","protected":false},"author":1,"featured_media":0,"parent":0,"menu_order":0,"comment_status":"closed","ping_status":"closed","template":"","meta":{"footnotes":""},"yoast_head":"<!-- This site is optimized with the Yoast SEO plugin v21.9.1 - https:\/\/yoast.com\/wordpress\/plugins\/seo\/ -->\n<title>Signaux Option Binaire: Les meilleurs signaux de trading - binary-option.co Deutsch<\/title>\n<meta name=\"robots\" content=\"index, follow, max-snippet:-1, max-image-preview:large, max-video-preview:-1\" \/>\n<link rel=\"canonical\" href=\"https:\/\/binary-option.co\/ch\/fr\/signaux-option-binaire\/\" \/>\n<meta property=\"og:locale\" content=\"de_DE\" \/>\n<meta property=\"og:type\" content=\"article\" \/>\n<meta property=\"og:title\" content=\"Signaux Option Binaire: Les meilleurs signaux de trading - binary-option.co Deutsch\" \/>\n<meta property=\"og:description\" content=\"Il ne sert \u00e0 rien de choisir \u00e0 la dure lorsque vous pouvez profiter des avantages du trading d&#8217;options binaires en faisant \u00e9quipe avec des fournisseurs de signaux. Les sp\u00e9cialistes surveilleront le march\u00e9 pour d\u00e9tecter les tendances d\u00e8s leur apparition et vous fourniront ensuite un signal opportun et pr\u00e9cis. Savoir quels fournisseurs de signaux d&#8217;options [&hellip;]\" \/>\n<meta property=\"og:url\" content=\"https:\/\/binary-option.co\/ch\/fr\/signaux-option-binaire\/\" \/>\n<meta property=\"og:site_name\" content=\"binary-option.co Deutsch\" \/>\n<meta property=\"article:modified_time\" content=\"2021-11-18T19:31:32+00:00\" \/>\n<meta name=\"twitter:card\" content=\"summary_large_image\" \/>\n<meta name=\"twitter:label1\" content=\"Gesch\u00e4tzte Lesezeit\" \/>\n\t<meta name=\"twitter:data1\" content=\"5\u00a0Minuten\" \/>\n<script type=\"application\/ld+json\" class=\"yoast-schema-graph\">{\"@context\":\"https:\/\/schema.org\",\"@graph\":[{\"@type\":\"WebPage\",\"@id\":\"https:\/\/binary-option.co\/ch\/fr\/signaux-option-binaire\/\",\"url\":\"https:\/\/binary-option.co\/ch\/fr\/signaux-option-binaire\/\",\"name\":\"Signaux Option Binaire: Les meilleurs signaux de trading - binary-option.co Deutsch\",\"isPartOf\":{\"@id\":\"https:\/\/binary-option.co\/ch\/#website\"},\"datePublished\":\"2020-09-22T17:12:50+00:00\",\"dateModified\":\"2021-11-18T19:31:32+00:00\",\"breadcrumb\":{\"@id\":\"https:\/\/binary-option.co\/ch\/fr\/signaux-option-binaire\/#breadcrumb\"},\"inLanguage\":\"de\",\"potentialAction\":[{\"@type\":\"ReadAction\",\"target\":[\"https:\/\/binary-option.co\/ch\/fr\/signaux-option-binaire\/\"]}]},{\"@type\":\"BreadcrumbList\",\"@id\":\"https:\/\/binary-option.co\/ch\/fr\/signaux-option-binaire\/#breadcrumb\",\"itemListElement\":[{\"@type\":\"ListItem\",\"position\":1,\"name\":\"Home\",\"item\":\"https:\/\/binary-option.co\/ch\/\"},{\"@type\":\"ListItem\",\"position\":2,\"name\":\"Signaux Option Binaire: Les meilleurs signaux de trading\"}]},{\"@type\":\"WebSite\",\"@id\":\"https:\/\/binary-option.co\/ch\/#website\",\"url\":\"https:\/\/binary-option.co\/ch\/\",\"name\":\"binary-option.co Deutsch\",\"description\":\"Das Informationsportal zu bin\u00e4ren Optionen\",\"publisher\":{\"@id\":\"https:\/\/binary-option.co\/ch\/#organization\"},\"potentialAction\":[{\"@type\":\"SearchAction\",\"target\":{\"@type\":\"EntryPoint\",\"urlTemplate\":\"https:\/\/binary-option.co\/ch\/?s={search_term_string}\"},\"query-input\":\"required name=search_term_string\"}],\"inLanguage\":\"de\"},{\"@type\":\"Organization\",\"@id\":\"https:\/\/binary-option.co\/ch\/#organization\",\"name\":\"binary-option.co Deutsch\",\"url\":\"https:\/\/binary-option.co\/ch\/\",\"logo\":{\"@type\":\"ImageObject\",\"inLanguage\":\"de\",\"@id\":\"https:\/\/binary-option.co\/ch\/#\/schema\/logo\/image\/\",\"url\":\"https:\/\/binary-option.co\/ch\/wp-content\/uploads\/sites\/10\/2020\/12\/binary-option.co_.png\",\"contentUrl\":\"https:\/\/binary-option.co\/ch\/wp-content\/uploads\/sites\/10\/2020\/12\/binary-option.co_.png\",\"width\":398,\"height\":66,\"caption\":\"binary-option.co Deutsch\"},\"image\":{\"@id\":\"https:\/\/binary-option.co\/ch\/#\/schema\/logo\/image\/\"}}]}<\/script>\n<!-- \/ Yoast SEO plugin. -->","yoast_head_json":{"title":"Signaux Option Binaire: Les meilleurs signaux de trading - binary-option.co Deutsch","robots":{"index":"index","follow":"follow","max-snippet":"max-snippet:-1","max-image-preview":"max-image-preview:large","max-video-preview":"max-video-preview:-1"},"canonical":"https:\/\/binary-option.co\/ch\/fr\/signaux-option-binaire\/","og_locale":"de_DE","og_type":"article","og_title":"Signaux Option Binaire: Les meilleurs signaux de trading - binary-option.co Deutsch","og_description":"Il ne sert \u00e0 rien de choisir \u00e0 la dure lorsque vous pouvez profiter des avantages du trading d&#8217;options binaires en faisant \u00e9quipe avec des fournisseurs de signaux. Les sp\u00e9cialistes surveilleront le march\u00e9 pour d\u00e9tecter les tendances d\u00e8s leur apparition et vous fourniront ensuite un signal opportun et pr\u00e9cis. Savoir quels fournisseurs de signaux d&#8217;options [&hellip;]","og_url":"https:\/\/binary-option.co\/ch\/fr\/signaux-option-binaire\/","og_site_name":"binary-option.co Deutsch","article_modified_time":"2021-11-18T19:31:32+00:00","twitter_card":"summary_large_image","twitter_misc":{"Gesch\u00e4tzte Lesezeit":"5\u00a0Minuten"},"schema":{"@context":"https:\/\/schema.org","@graph":[{"@type":"WebPage","@id":"https:\/\/binary-option.co\/ch\/fr\/signaux-option-binaire\/","url":"https:\/\/binary-option.co\/ch\/fr\/signaux-option-binaire\/","name":"Signaux Option Binaire: Les meilleurs signaux de trading - binary-option.co Deutsch","isPartOf":{"@id":"https:\/\/binary-option.co\/ch\/#website"},"datePublished":"2020-09-22T17:12:50+00:00","dateModified":"2021-11-18T19:31:32+00:00","breadcrumb":{"@id":"https:\/\/binary-option.co\/ch\/fr\/signaux-option-binaire\/#breadcrumb"},"inLanguage":"de","potentialAction":[{"@type":"ReadAction","target":["https:\/\/binary-option.co\/ch\/fr\/signaux-option-binaire\/"]}]},{"@type":"BreadcrumbList","@id":"https:\/\/binary-option.co\/ch\/fr\/signaux-option-binaire\/#breadcrumb","itemListElement":[{"@type":"ListItem","position":1,"name":"Home","item":"https:\/\/binary-option.co\/ch\/"},{"@type":"ListItem","position":2,"name":"Signaux Option Binaire: Les meilleurs signaux de trading"}]},{"@type":"WebSite","@id":"https:\/\/binary-option.co\/ch\/#website","url":"https:\/\/binary-option.co\/ch\/","name":"binary-option.co Deutsch","description":"Das Informationsportal zu bin\u00e4ren Optionen","publisher":{"@id":"https:\/\/binary-option.co\/ch\/#organization"},"potentialAction":[{"@type":"SearchAction","target":{"@type":"EntryPoint","urlTemplate":"https:\/\/binary-option.co\/ch\/?s={search_term_string}"},"query-input":"required name=search_term_string"}],"inLanguage":"de"},{"@type":"Organization","@id":"https:\/\/binary-option.co\/ch\/#organization","name":"binary-option.co Deutsch","url":"https:\/\/binary-option.co\/ch\/","logo":{"@type":"ImageObject","inLanguage":"de","@id":"https:\/\/binary-option.co\/ch\/#\/schema\/logo\/image\/","url":"https:\/\/binary-option.co\/ch\/wp-content\/uploads\/sites\/10\/2020\/12\/binary-option.co_.png","contentUrl":"https:\/\/binary-option.co\/ch\/wp-content\/uploads\/sites\/10\/2020\/12\/binary-option.co_.png","width":398,"height":66,"caption":"binary-option.co Deutsch"},"image":{"@id":"https:\/\/binary-option.co\/ch\/#\/schema\/logo\/image\/"}}]}},"_links":{"self":[{"href":"https:\/\/binary-option.co\/ch\/wp-json\/wp\/v2\/pages\/62"}],"collection":[{"href":"https:\/\/binary-option.co\/ch\/wp-json\/wp\/v2\/pages"}],"about":[{"href":"https:\/\/binary-option.co\/ch\/wp-json\/wp\/v2\/types\/page"}],"author":[{"embeddable":true,"href":"https:\/\/binary-option.co\/ch\/wp-json\/wp\/v2\/users\/1"}],"replies":[{"embeddable":true,"href":"https:\/\/binary-option.co\/ch\/wp-json\/wp\/v2\/comments?post=62"}],"version-history":[{"count":4,"href":"https:\/\/binary-option.co\/ch\/wp-json\/wp\/v2\/pages\/62\/revisions"}],"predecessor-version":[{"id":342,"href":"https:\/\/binary-option.co\/ch\/wp-json\/wp\/v2\/pages\/62\/revisions\/342"}],"wp:attachment":[{"href":"https:\/\/binary-option.co\/ch\/wp-json\/wp\/v2\/media?parent=62"}],"curies":[{"name":"wp","href":"https:\/\/api.w.org\/{rel}","templated":true}]}}