{"id":53,"date":"2020-09-22T16:33:50","date_gmt":"2020-09-22T16:33:50","guid":{"rendered":"http:\/\/binareoptionen.ch\/?page_id=53"},"modified":"2023-01-14T19:47:01","modified_gmt":"2023-01-14T19:47:01","slug":"conto-demo","status":"publish","type":"page","link":"https:\/\/binary-option.co\/ch\/it\/conto-demo\/","title":{"rendered":"Demo opzioni binarie: Apri un conto gratuito"},"content":{"rendered":"\n<p>Molti broker di opzioni binarie offrono conti demo. Pochi broker offrono un conto demo di opzioni binarie gratuito. Un conto demo gratuito \u00e8 un comodo conto di trading fornito da un broker senza dover effettuare un deposito. Crea semplicemente un account gratuito con il broker e richiedi la tua demo.<br>Le demo gratuite di solito hanno restrizioni in termini di quantit\u00e0 di denaro per esercitarsi con cui puoi finanziare il conto e la durata del conto. Abbiamo fornito un elenco dei migliori broker con conti demo gratuiti in base al finanziamento e al periodo di tempo.<\/p>\n\n\n\n<table id=\"tablepress-9\" class=\"tablepress tablepress-id-9 tablepress-responsive tablepress-responsive-stack-phone\">\n<thead>\n<tr class=\"row-1\">\n\t<th class=\"column-1\">Brokers<\/th><th class=\"column-2\">Ritorno <\/th><th class=\"column-3\">Deposito min.<\/th><th class=\"column-4\">Bonus<\/th><th class=\"column-5\">Notazione<\/th><th class=\"column-6\">Conto demo<\/th><th class=\"column-7\">Sito web<\/th>\n<\/tr>\n<\/thead>\n<tbody>\n<tr class=\"row-2\">\n\t<td class=\"column-1\"><a href=\"https:\/\/binary-option.co\/go\/quotex.io\"><img decoding=\"async\" src=\"https:\/\/binary-option.co\/wp-content\/uploads\/2021\/05\/Quotex.io-.png\" alt=\"\" width=\"160\" height=\"40\" class=\"alignnone size-full wp-image-468\" \/><\/a><\/td><td class=\"column-2\">98% Ritorno <\/td><td class=\"column-3\">10$ Deposito min.<\/td><td class=\"column-4\">30% bonus<\/td><td class=\"column-5\"><div itemprop=\"reviewRating\" itemscope itemtype=\"http:\/\/schema.org\/Rating\" class=\"usr\"><meta itemprop=\"worstRating\" content=\"0\" \/><meta itemprop=\"ratingValue\" content=\"5\" \/><meta itemprop=\"bestRating\" content=\"5\" \/><img decoding=\"async\" class=\"usr\" src=\"https:\/\/binary-option.co\/ch\/wp-content\/plugins\/universal-star-rating\/includes\/image.php?img=06.png&amp;px=15&amp;max=5&amp;rat=5\" alt=\"5 out of 5 stars\" style=\"height: 15px !important;\" \/><\/div><\/td><td class=\"column-6\"><a href=\"https:\/\/binary-option.co\/go\/quotex.io\/demo\" rel=\"noopener\" target=\"_blank\">Apri un conto demo gratuito<\/a><\/td><td class=\"column-7\"><style type='text\/css'>.maxbutton-1.maxbutton{position:relative;text-decoration:none;display:inline-block;vertical-align:middle;width:86px;height:33px;border:2px solid #5eb740;border-radius:4px 4px 4px 4px;background-color:#5eb740;box-shadow:0px 0px 2px 1px #333333}.maxbutton-1.maxbutton:hover{border-color:#5fc143;background-color:#5fc143;box-shadow:0px 0px 2px 1px #333333}.maxbutton-1.maxbutton .mb-text{color:#ffffff;font-family:Arial;font-size:15px;text-align:center;font-style:normal;font-weight:bold;line-height:1em;box-sizing:border-box;display:block;background-color:unset;padding:7px 0px 0px 0px}.maxbutton-1.maxbutton:hover .mb-text{color:#ffffff}@media only screen and (min-width:80px) and (max-width:200px){.maxbutton-1.maxbutton{width:80px;height:31px}.maxbutton-1.maxbutton .mb-text{font-size:13px;font-weight:normal}}<\/style><a class=\"maxbutton-1 maxbutton\" href=\"https:\/\/binary-option.co\/go\/quotex.io\"><span class='mb-text'>\u00bb Visitare<\/span><\/a><\/td>\n<\/tr>\n<tr class=\"row-3\">\n\t<td class=\"column-1\"><a href=\"http:\/\/binary-option.co\/go\/iqoption.com\"><img decoding=\"async\" src=\"http:\/\/binary-option.co\/wp-content\/uploads\/2020\/08\/IQ-Option-1-1.png\" alt=\"\" width=\"160\" height=\"50\" class=\"alignnone size-full wp-image-142\" \/><\/a><\/td><td class=\"column-2\">95% Ritorno <\/td><td class=\"column-3\">10$ Deposito min.<\/td><td class=\"column-4\">No bonus<\/td><td class=\"column-5\"><div itemprop=\"reviewRating\" itemscope itemtype=\"http:\/\/schema.org\/Rating\" class=\"usr\"><meta itemprop=\"worstRating\" content=\"0\" \/><meta itemprop=\"ratingValue\" content=\"5\" \/><meta itemprop=\"bestRating\" content=\"5\" \/><img decoding=\"async\" class=\"usr\" src=\"https:\/\/binary-option.co\/ch\/wp-content\/plugins\/universal-star-rating\/includes\/image.php?img=06.png&amp;px=15&amp;max=5&amp;rat=5\" alt=\"5 out of 5 stars\" style=\"height: 15px !important;\" \/><\/div><\/td><td class=\"column-6\"><a href=\"https:\/\/binary-option.co\/go\/iqoption.com\/demo\" rel=\"noopener\" target=\"_blank\">Apri un conto demo gratuito<\/a><\/td><td class=\"column-7\"><a class=\"maxbutton-1 maxbutton\" href=\"http:\/\/binary-option.co\/go\/iqoption.com\"><span class='mb-text'>\u00bb Visitare<\/span><\/a><\/td>\n<\/tr>\n<tr class=\"row-4\">\n\t<td class=\"column-1\"><a href=\"http:\/\/binary-option.co\/go\/pocketoption.com\"><img decoding=\"async\" src=\"http:\/\/binary-option.co\/wp-content\/uploads\/2020\/08\/Pocket-Option.png\" alt=\"\" width=\"160\" height=\"40\" class=\"alignnone size-full wp-image-132\" \/><\/a><\/td><td class=\"column-2\">92% Ritorno <\/td><td class=\"column-3\">50$ Deposito min.<\/td><td class=\"column-4\">50% bonus<\/td><td class=\"column-5\"><div itemprop=\"reviewRating\" itemscope itemtype=\"http:\/\/schema.org\/Rating\" class=\"usr\"><meta itemprop=\"worstRating\" content=\"0\" \/><meta itemprop=\"ratingValue\" content=\"5\" \/><meta itemprop=\"bestRating\" content=\"5\" \/><img decoding=\"async\" class=\"usr\" src=\"https:\/\/binary-option.co\/ch\/wp-content\/plugins\/universal-star-rating\/includes\/image.php?img=06.png&amp;px=15&amp;max=5&amp;rat=5\" alt=\"5 out of 5 stars\" style=\"height: 15px !important;\" \/><\/div><\/td><td class=\"column-6\"><a href=\"https:\/\/binary-option.co\/go\/pocketoption.com\/demo\" rel=\"noopener\" target=\"_blank\">Apri un conto demo gratuito<\/a><\/td><td class=\"column-7\"><a class=\"maxbutton-1 maxbutton\" href=\"http:\/\/binary-option.co\/go\/pocketoption.com\"><span class='mb-text'>\u00bb Visitare<\/span><\/a><\/td>\n<\/tr>\n<tr class=\"row-5\">\n\t<td class=\"column-1\"><a href=\"https:\/\/binary-option.co\/go\/raceoption.com\"><img loading=\"lazy\" decoding=\"async\" src=\"https:\/\/binary-option.co\/wp-content\/uploads\/2021\/05\/Raceoption.png\" alt=\"\" width=\"160\" height=\"40\" class=\"alignnone size-full wp-image-441\" \/><\/a><\/td><td class=\"column-2\">95% Ritorno <\/td><td class=\"column-3\">250$ Deposito min.<\/td><td class=\"column-4\">200% bonus<\/td><td class=\"column-5\"><div itemprop=\"reviewRating\" itemscope itemtype=\"http:\/\/schema.org\/Rating\" class=\"usr\"><meta itemprop=\"worstRating\" content=\"0\" \/><meta itemprop=\"ratingValue\" content=\"5\" \/><meta itemprop=\"bestRating\" content=\"5\" \/><img decoding=\"async\" class=\"usr\" src=\"https:\/\/binary-option.co\/ch\/wp-content\/plugins\/universal-star-rating\/includes\/image.php?img=06.png&amp;px=15&amp;max=5&amp;rat=5\" alt=\"5 out of 5 stars\" style=\"height: 15px !important;\" \/><\/div><\/td><td class=\"column-6\"><a href=\"https:\/\/binary-option.co\/go\/raceoption.com\/demo\" rel=\"noopener\" target=\"_blank\">Apri un conto demo gratuito<\/a><\/td><td class=\"column-7\"><a class=\"maxbutton-1 maxbutton\" href=\"https:\/\/binary-option.co\/go\/raceoption.com\"><span class='mb-text'>\u00bb Visitare<\/span><\/a><\/td>\n<\/tr>\n<tr class=\"row-6\">\n\t<td class=\"column-1\"><a href=\"https:\/\/binary-option.co\/go\/binarycent.com\"><img loading=\"lazy\" decoding=\"async\" src=\"https:\/\/binary-option.co\/wp-content\/uploads\/2021\/05\/Binarycent.png\" alt=\"\" width=\"160\" height=\"40\" class=\"alignnone size-full wp-image-82\" \/><\/a><\/td><td class=\"column-2\">95% Ritorno <\/td><td class=\"column-3\">250$ Deposito min.<\/td><td class=\"column-4\">200% bonus<\/td><td class=\"column-5\"><div itemprop=\"reviewRating\" itemscope itemtype=\"http:\/\/schema.org\/Rating\" class=\"usr\"><meta itemprop=\"worstRating\" content=\"0\" \/><meta itemprop=\"ratingValue\" content=\"5\" \/><meta itemprop=\"bestRating\" content=\"5\" \/><img decoding=\"async\" class=\"usr\" src=\"https:\/\/binary-option.co\/ch\/wp-content\/plugins\/universal-star-rating\/includes\/image.php?img=06.png&amp;px=15&amp;max=5&amp;rat=5\" alt=\"5 out of 5 stars\" style=\"height: 15px !important;\" \/><\/div><\/td><td class=\"column-6\"><a href=\"https:\/\/binary-option.co\/go\/binarycent.com\" rel=\"noopener\" target=\"_blank\">Apri un conto demo gratuito<\/a><\/td><td class=\"column-7\"><a class=\"maxbutton-1 maxbutton\" href=\"https:\/\/binary-option.co\/go\/binarycent.com\"><span class='mb-text'>\u00bb Visitare<\/span><\/a><\/td>\n<\/tr>\n<tr class=\"row-7\">\n\t<td colspan=\"7\" class=\"column-1\"><center>Ritorno = Importo massimo che verr\u00e0 accreditato sul conto se l'investimento va a buon fine<\/center><\/td>\n<\/tr>\n<\/tbody>\n<\/table>\n\n\n\n\n<h2 class=\"wp-block-heading\">Conto di trading demo senza deposito<\/h2>\n\n\n\n<p>Non tutti i broker offrono conti demo e alcuni richiedono di effettuare un deposito prima di poter accedere al trading sul conto di prova. La buona notizia \u00e8 che se stai cercando un vero conto demo di opzioni binarie gratuito non \u00e8 necessario alcun deposito, ci sono alcune piattaforme davvero buone che lo offrono. Dai un&#8217;occhiata alla tabella sopra per un elenco dei migliori broker che offrono conti demo senza bisogno di depositare prima. Altrimenti clicca qui per aprire il tuo conto senza effettuare un deposito con uno dei nostri broker preferiti.<\/p>\n\n\n\n<h2 class=\"wp-block-heading\">La psicologia del trading demo<\/h2>\n\n\n\n<p>Ci sono 2 opinioni molto diverse nel settore sul fatto che il trading utilizzando un account demo aiuti o danneggi il tuo trading. Alcune persone affermano che dal momento che non stai rischiando i tuoi soldi, ci\u00f2 influisce sul tuo stile di trading e sarai disposto a correre pi\u00f9 rischi del solito. Poich\u00e9 l&#8217;obiettivo \u00e8 migliorare te stesso e imparare, non ti aiuta a migliorare in quanto non pratichi effettivamente il trading come fai dal vivo. L&#8217;altro argomento \u00e8 che i conti demo sono il modo perfetto per provare nuove funzionalit\u00e0 o risorse, ma soprattutto strategie e stili di trading diversi. Qualsiasi strategia di trading richiede tempo per imparare e perfezionarsi e praticare il trading con una demo live \u00e8 il modo migliore per farlo. Personalmente mi piace provare cose nuove con i miei account e oggi sono un trader dal vivo molto migliore per questo. Apri subito un conto demo gratuito e ricevi $ 50.000 in crediti per imparare.<\/p>\n","protected":false},"excerpt":{"rendered":"<p>Molti broker di opzioni binarie offrono conti demo. Pochi broker offrono un conto demo di opzioni binarie gratuito. Un conto demo gratuito \u00e8 un comodo conto di trading fornito da un broker senza dover effettuare un deposito. Crea semplicemente un account gratuito con il broker e richiedi la tua demo.Le demo gratuite di solito hanno [&hellip;]<\/p>\n","protected":false},"author":1,"featured_media":0,"parent":0,"menu_order":0,"comment_status":"closed","ping_status":"closed","template":"","meta":{"footnotes":""},"yoast_head":"<!-- This site is optimized with the Yoast SEO plugin v21.9.1 - https:\/\/yoast.com\/wordpress\/plugins\/seo\/ -->\n<title>Demo opzioni binarie: Apri un conto gratuito - binary-option.co Deutsch<\/title>\n<meta name=\"robots\" content=\"index, follow, max-snippet:-1, max-image-preview:large, max-video-preview:-1\" \/>\n<link rel=\"canonical\" href=\"https:\/\/binary-option.co\/ch\/it\/conto-demo\/\" \/>\n<meta property=\"og:locale\" content=\"de_DE\" \/>\n<meta property=\"og:type\" content=\"article\" \/>\n<meta property=\"og:title\" content=\"Demo opzioni binarie: Apri un conto gratuito - binary-option.co Deutsch\" \/>\n<meta property=\"og:description\" content=\"Molti broker di opzioni binarie offrono conti demo. Pochi broker offrono un conto demo di opzioni binarie gratuito. Un conto demo gratuito \u00e8 un comodo conto di trading fornito da un broker senza dover effettuare un deposito. Crea semplicemente un account gratuito con il broker e richiedi la tua demo.Le demo gratuite di solito hanno [&hellip;]\" \/>\n<meta property=\"og:url\" content=\"https:\/\/binary-option.co\/ch\/it\/conto-demo\/\" \/>\n<meta property=\"og:site_name\" content=\"binary-option.co Deutsch\" \/>\n<meta property=\"article:modified_time\" content=\"2023-01-14T19:47:01+00:00\" \/>\n<meta name=\"twitter:card\" content=\"summary_large_image\" \/>\n<meta name=\"twitter:label1\" content=\"Gesch\u00e4tzte Lesezeit\" \/>\n\t<meta name=\"twitter:data1\" content=\"2\u00a0Minuten\" \/>\n<script type=\"application\/ld+json\" class=\"yoast-schema-graph\">{\"@context\":\"https:\/\/schema.org\",\"@graph\":[{\"@type\":\"WebPage\",\"@id\":\"https:\/\/binary-option.co\/ch\/it\/conto-demo\/\",\"url\":\"https:\/\/binary-option.co\/ch\/it\/conto-demo\/\",\"name\":\"Demo opzioni binarie: Apri un conto gratuito - binary-option.co Deutsch\",\"isPartOf\":{\"@id\":\"https:\/\/binary-option.co\/ch\/#website\"},\"datePublished\":\"2020-09-22T16:33:50+00:00\",\"dateModified\":\"2023-01-14T19:47:01+00:00\",\"breadcrumb\":{\"@id\":\"https:\/\/binary-option.co\/ch\/it\/conto-demo\/#breadcrumb\"},\"inLanguage\":\"de\",\"potentialAction\":[{\"@type\":\"ReadAction\",\"target\":[\"https:\/\/binary-option.co\/ch\/it\/conto-demo\/\"]}]},{\"@type\":\"BreadcrumbList\",\"@id\":\"https:\/\/binary-option.co\/ch\/it\/conto-demo\/#breadcrumb\",\"itemListElement\":[{\"@type\":\"ListItem\",\"position\":1,\"name\":\"Home\",\"item\":\"https:\/\/binary-option.co\/ch\/\"},{\"@type\":\"ListItem\",\"position\":2,\"name\":\"Demo opzioni binarie: Apri un conto gratuito\"}]},{\"@type\":\"WebSite\",\"@id\":\"https:\/\/binary-option.co\/ch\/#website\",\"url\":\"https:\/\/binary-option.co\/ch\/\",\"name\":\"binary-option.co Deutsch\",\"description\":\"Das Informationsportal zu bin\u00e4ren Optionen\",\"publisher\":{\"@id\":\"https:\/\/binary-option.co\/ch\/#organization\"},\"potentialAction\":[{\"@type\":\"SearchAction\",\"target\":{\"@type\":\"EntryPoint\",\"urlTemplate\":\"https:\/\/binary-option.co\/ch\/?s={search_term_string}\"},\"query-input\":\"required name=search_term_string\"}],\"inLanguage\":\"de\"},{\"@type\":\"Organization\",\"@id\":\"https:\/\/binary-option.co\/ch\/#organization\",\"name\":\"binary-option.co Deutsch\",\"url\":\"https:\/\/binary-option.co\/ch\/\",\"logo\":{\"@type\":\"ImageObject\",\"inLanguage\":\"de\",\"@id\":\"https:\/\/binary-option.co\/ch\/#\/schema\/logo\/image\/\",\"url\":\"https:\/\/binary-option.co\/ch\/wp-content\/uploads\/sites\/10\/2020\/12\/binary-option.co_.png\",\"contentUrl\":\"https:\/\/binary-option.co\/ch\/wp-content\/uploads\/sites\/10\/2020\/12\/binary-option.co_.png\",\"width\":398,\"height\":66,\"caption\":\"binary-option.co Deutsch\"},\"image\":{\"@id\":\"https:\/\/binary-option.co\/ch\/#\/schema\/logo\/image\/\"}}]}<\/script>\n<!-- \/ Yoast SEO plugin. -->","yoast_head_json":{"title":"Demo opzioni binarie: Apri un conto gratuito - binary-option.co Deutsch","robots":{"index":"index","follow":"follow","max-snippet":"max-snippet:-1","max-image-preview":"max-image-preview:large","max-video-preview":"max-video-preview:-1"},"canonical":"https:\/\/binary-option.co\/ch\/it\/conto-demo\/","og_locale":"de_DE","og_type":"article","og_title":"Demo opzioni binarie: Apri un conto gratuito - binary-option.co Deutsch","og_description":"Molti broker di opzioni binarie offrono conti demo. Pochi broker offrono un conto demo di opzioni binarie gratuito. Un conto demo gratuito \u00e8 un comodo conto di trading fornito da un broker senza dover effettuare un deposito. Crea semplicemente un account gratuito con il broker e richiedi la tua demo.Le demo gratuite di solito hanno [&hellip;]","og_url":"https:\/\/binary-option.co\/ch\/it\/conto-demo\/","og_site_name":"binary-option.co Deutsch","article_modified_time":"2023-01-14T19:47:01+00:00","twitter_card":"summary_large_image","twitter_misc":{"Gesch\u00e4tzte Lesezeit":"2\u00a0Minuten"},"schema":{"@context":"https:\/\/schema.org","@graph":[{"@type":"WebPage","@id":"https:\/\/binary-option.co\/ch\/it\/conto-demo\/","url":"https:\/\/binary-option.co\/ch\/it\/conto-demo\/","name":"Demo opzioni binarie: Apri un conto gratuito - binary-option.co Deutsch","isPartOf":{"@id":"https:\/\/binary-option.co\/ch\/#website"},"datePublished":"2020-09-22T16:33:50+00:00","dateModified":"2023-01-14T19:47:01+00:00","breadcrumb":{"@id":"https:\/\/binary-option.co\/ch\/it\/conto-demo\/#breadcrumb"},"inLanguage":"de","potentialAction":[{"@type":"ReadAction","target":["https:\/\/binary-option.co\/ch\/it\/conto-demo\/"]}]},{"@type":"BreadcrumbList","@id":"https:\/\/binary-option.co\/ch\/it\/conto-demo\/#breadcrumb","itemListElement":[{"@type":"ListItem","position":1,"name":"Home","item":"https:\/\/binary-option.co\/ch\/"},{"@type":"ListItem","position":2,"name":"Demo opzioni binarie: Apri un conto gratuito"}]},{"@type":"WebSite","@id":"https:\/\/binary-option.co\/ch\/#website","url":"https:\/\/binary-option.co\/ch\/","name":"binary-option.co Deutsch","description":"Das Informationsportal zu bin\u00e4ren Optionen","publisher":{"@id":"https:\/\/binary-option.co\/ch\/#organization"},"potentialAction":[{"@type":"SearchAction","target":{"@type":"EntryPoint","urlTemplate":"https:\/\/binary-option.co\/ch\/?s={search_term_string}"},"query-input":"required name=search_term_string"}],"inLanguage":"de"},{"@type":"Organization","@id":"https:\/\/binary-option.co\/ch\/#organization","name":"binary-option.co Deutsch","url":"https:\/\/binary-option.co\/ch\/","logo":{"@type":"ImageObject","inLanguage":"de","@id":"https:\/\/binary-option.co\/ch\/#\/schema\/logo\/image\/","url":"https:\/\/binary-option.co\/ch\/wp-content\/uploads\/sites\/10\/2020\/12\/binary-option.co_.png","contentUrl":"https:\/\/binary-option.co\/ch\/wp-content\/uploads\/sites\/10\/2020\/12\/binary-option.co_.png","width":398,"height":66,"caption":"binary-option.co Deutsch"},"image":{"@id":"https:\/\/binary-option.co\/ch\/#\/schema\/logo\/image\/"}}]}},"_links":{"self":[{"href":"https:\/\/binary-option.co\/ch\/wp-json\/wp\/v2\/pages\/53"}],"collection":[{"href":"https:\/\/binary-option.co\/ch\/wp-json\/wp\/v2\/pages"}],"about":[{"href":"https:\/\/binary-option.co\/ch\/wp-json\/wp\/v2\/types\/page"}],"author":[{"embeddable":true,"href":"https:\/\/binary-option.co\/ch\/wp-json\/wp\/v2\/users\/1"}],"replies":[{"embeddable":true,"href":"https:\/\/binary-option.co\/ch\/wp-json\/wp\/v2\/comments?post=53"}],"version-history":[{"count":5,"href":"https:\/\/binary-option.co\/ch\/wp-json\/wp\/v2\/pages\/53\/revisions"}],"predecessor-version":[{"id":386,"href":"https:\/\/binary-option.co\/ch\/wp-json\/wp\/v2\/pages\/53\/revisions\/386"}],"wp:attachment":[{"href":"https:\/\/binary-option.co\/ch\/wp-json\/wp\/v2\/media?parent=53"}],"curies":[{"name":"wp","href":"https:\/\/api.w.org\/{rel}","templated":true}]}}