{"id":51,"date":"2020-09-22T16:29:34","date_gmt":"2020-09-22T16:29:34","guid":{"rendered":"http:\/\/binareoptionen.ch\/?page_id=51"},"modified":"2023-01-14T19:40:44","modified_gmt":"2023-01-14T19:40:44","slug":"compte-demo","status":"publish","type":"page","link":"https:\/\/binary-option.co\/ch\/fr\/compte-demo\/","title":{"rendered":"Compte d\u00e9mo d&#8217;options binaires gratuit"},"content":{"rendered":"\n<p>De nombreux courtiers en options binaires proposent des comptes de d\u00e9monstration. Peu de courtiers offrent un compte d\u00e9mo d&#8217;options binaires gratuit. Un compte d\u00e9mo gratuit est un compte de trading pratique fourni par un courtier sans avoir \u00e0 effectuer de d\u00e9p\u00f4t. Cr\u00e9ez simplement un compte gratuit chez le courtier et demandez votre d\u00e9mo au service client.<br>Les d\u00e9mos gratuites ont g\u00e9n\u00e9ralement des restrictions en termes de montant d&#8217;argent de pratique avec lequel vous pouvez financer le compte et de la dur\u00e9e du compte. Nous avons fourni une liste des meilleurs courtiers avec des comptes de d\u00e9monstration gratuits en fonction du financement et des d\u00e9lais.<\/p>\n\n\n\n<table id=\"tablepress-8\" class=\"tablepress tablepress-id-8 tablepress-responsive tablepress-responsive-stack-phone\">\n<thead>\n<tr class=\"row-1\">\n\t<th class=\"column-1\">Brokers<\/th><th class=\"column-2\">Paiement<\/th><th class=\"column-3\">D\u00e9p\u00f4t min.<\/th><th class=\"column-4\">Bonus<\/th><th class=\"column-5\">Note<\/th><th class=\"column-6\">Compte Demo<\/th><th class=\"column-7\">Site Web<\/th>\n<\/tr>\n<\/thead>\n<tbody>\n<tr class=\"row-2\">\n\t<td class=\"column-1\"><a href=\"https:\/\/binary-option.co\/go\/quotex.io\"><img decoding=\"async\" src=\"https:\/\/binary-option.co\/wp-content\/uploads\/2021\/05\/Quotex.io-.png\" alt=\"\" width=\"160\" height=\"40\" class=\"alignnone size-full wp-image-468\" \/><\/a><\/td><td class=\"column-2\">98% ROI<\/td><td class=\"column-3\">10$ D\u00e9p\u00f4t min<\/td><td class=\"column-4\">30% bonus<\/td><td class=\"column-5\"><div itemprop=\"reviewRating\" itemscope itemtype=\"http:\/\/schema.org\/Rating\" class=\"usr\"><meta itemprop=\"worstRating\" content=\"0\" \/><meta itemprop=\"ratingValue\" content=\"5\" \/><meta itemprop=\"bestRating\" content=\"5\" \/><img decoding=\"async\" class=\"usr\" src=\"https:\/\/binary-option.co\/ch\/wp-content\/plugins\/universal-star-rating\/includes\/image.php?img=06.png&amp;px=15&amp;max=5&amp;rat=5\" alt=\"5 out of 5 stars\" style=\"height: 15px !important;\" \/><\/div><\/td><td class=\"column-6\"><a href=\"https:\/\/binary-option.co\/go\/quotex.io\/demo\" rel=\"noopener\" target=\"_blank\">Ouvrir un compte d\u00e9mo <\/a><\/td><td class=\"column-7\"><style type='text\/css'>.maxbutton-1.maxbutton{position:relative;text-decoration:none;display:inline-block;vertical-align:middle;width:86px;height:33px;border:2px solid #5eb740;border-radius:4px 4px 4px 4px;background-color:#5eb740;box-shadow:0px 0px 2px 1px #333333}.maxbutton-1.maxbutton:hover{border-color:#5fc143;background-color:#5fc143;box-shadow:0px 0px 2px 1px #333333}.maxbutton-1.maxbutton .mb-text{color:#ffffff;font-family:Arial;font-size:15px;text-align:center;font-style:normal;font-weight:bold;line-height:1em;box-sizing:border-box;display:block;background-color:unset;padding:7px 0px 0px 0px}.maxbutton-1.maxbutton:hover .mb-text{color:#ffffff}@media only screen and (min-width:80px) and (max-width:200px){.maxbutton-1.maxbutton{width:80px;height:31px}.maxbutton-1.maxbutton .mb-text{font-size:13px;font-weight:normal}}<\/style><a class=\"maxbutton-1 maxbutton\" href=\"https:\/\/binary-option.co\/go\/quotex.io\"><span class='mb-text'>\u00bb Visiter<\/span><\/a><\/td>\n<\/tr>\n<tr class=\"row-3\">\n\t<td class=\"column-1\"><a href=\"http:\/\/binary-option.co\/go\/pocketoption.com\"><img decoding=\"async\" src=\"http:\/\/binary-option.co\/wp-content\/uploads\/2020\/08\/Pocket-Option.png\" alt=\"\" width=\"160\" height=\"40\" class=\"alignnone size-full wp-image-132\" \/><\/a><\/td><td class=\"column-2\">92% ROI<\/td><td class=\"column-3\">50$ D\u00e9p\u00f4t min<\/td><td class=\"column-4\">50% bonus<\/td><td class=\"column-5\"><div itemprop=\"reviewRating\" itemscope itemtype=\"http:\/\/schema.org\/Rating\" class=\"usr\"><meta itemprop=\"worstRating\" content=\"0\" \/><meta itemprop=\"ratingValue\" content=\"5\" \/><meta itemprop=\"bestRating\" content=\"5\" \/><img decoding=\"async\" class=\"usr\" src=\"https:\/\/binary-option.co\/ch\/wp-content\/plugins\/universal-star-rating\/includes\/image.php?img=06.png&amp;px=15&amp;max=5&amp;rat=5\" alt=\"5 out of 5 stars\" style=\"height: 15px !important;\" \/><\/div><\/td><td class=\"column-6\"><a href=\"https:\/\/binary-option.co\/go\/pocketoption.com\/demo\" rel=\"noopener\" target=\"_blank\">Ouvrir un compte d\u00e9mo <\/a><\/td><td class=\"column-7\"><a class=\"maxbutton-1 maxbutton\" href=\"http:\/\/binary-option.co\/go\/pocketoption.com\"><span class='mb-text'>\u00bb Visiter<\/span><\/a><\/td>\n<\/tr>\n<tr class=\"row-4\">\n\t<td class=\"column-1\"><a href=\"https:\/\/binary-option.co\/go\/iqcent.com\"><img decoding=\"async\" src=\"https:\/\/binary-option.co\/wp-content\/uploads\/2022\/11\/IQCent-Logo.png\" alt=\"\" width=\"160\" height=\"50\" class=\"alignnone size-full wp-image-142\" \/><\/a><\/td><td class=\"column-2\">95% ROI<\/td><td class=\"column-3\">20$ Min. Deposit<\/td><td class=\"column-4\">200% bonus (promo code: CRAZY200)<\/td><td class=\"column-5\"><div itemprop=\"reviewRating\" itemscope itemtype=\"http:\/\/schema.org\/Rating\" class=\"usr\"><meta itemprop=\"worstRating\" content=\"0\" \/><meta itemprop=\"ratingValue\" content=\"5\" \/><meta itemprop=\"bestRating\" content=\"5\" \/><img decoding=\"async\" class=\"usr\" src=\"https:\/\/binary-option.co\/ch\/wp-content\/plugins\/universal-star-rating\/includes\/image.php?img=06.png&amp;px=15&amp;max=5&amp;rat=5\" alt=\"5 out of 5 stars\" style=\"height: 15px !important;\" \/><\/div><\/td><td class=\"column-6\"><a href=\"https:\/\/binary-option.co\/go\/iqcent.com\" rel=\"noopener\" target=\"_blank\">Ouvrir un compte d\u00e9mo<\/a><\/td><td class=\"column-7\"><a class=\"maxbutton-1 maxbutton\" href=\"https:\/\/binary-option.co\/go\/iqcent.com\"><span class='mb-text'>\u00bb Visiter<\/span><\/a><\/td>\n<\/tr>\n<tr class=\"row-5\">\n\t<td class=\"column-1\"><a href=\"http:\/\/binary-option.co\/go\/iqoption.com\"><img loading=\"lazy\" decoding=\"async\" src=\"http:\/\/binary-option.co\/wp-content\/uploads\/2020\/08\/IQ-Option-1-1.png\" alt=\"\" width=\"160\" height=\"50\" class=\"alignnone size-full wp-image-142\" \/><\/a><\/td><td class=\"column-2\">95% ROI<\/td><td class=\"column-3\">10$ D\u00e9p\u00f4t min<\/td><td class=\"column-4\">Sans bonus<\/td><td class=\"column-5\"><div itemprop=\"reviewRating\" itemscope itemtype=\"http:\/\/schema.org\/Rating\" class=\"usr\"><meta itemprop=\"worstRating\" content=\"0\" \/><meta itemprop=\"ratingValue\" content=\"5\" \/><meta itemprop=\"bestRating\" content=\"5\" \/><img decoding=\"async\" class=\"usr\" src=\"https:\/\/binary-option.co\/ch\/wp-content\/plugins\/universal-star-rating\/includes\/image.php?img=06.png&amp;px=15&amp;max=5&amp;rat=5\" alt=\"5 out of 5 stars\" style=\"height: 15px !important;\" \/><\/div><\/td><td class=\"column-6\"><a href=\"https:\/\/binary-option.co\/go\/iqoption.com\/demo\" rel=\"noopener\" target=\"_blank\">Ouvrir un compte d\u00e9mo <\/a><\/td><td class=\"column-7\"><a class=\"maxbutton-1 maxbutton\" href=\"http:\/\/binary-option.co\/go\/iqoption.com\"><span class='mb-text'>\u00bb Visiter<\/span><\/a><\/td>\n<\/tr>\n<tr class=\"row-6\">\n\t<td class=\"column-1\"><a href=\"https:\/\/binary-option.co\/go\/raceoption.com\"><img loading=\"lazy\" decoding=\"async\" src=\"https:\/\/binary-option.co\/wp-content\/uploads\/2021\/05\/Raceoption.png\" alt=\"\" width=\"160\" height=\"40\" class=\"alignnone size-full wp-image-441\" \/><\/a><\/td><td class=\"column-2\">95% ROI<\/td><td class=\"column-3\">250$ D\u00e9p\u00f4t min<\/td><td class=\"column-4\">200% bonus<\/td><td class=\"column-5\"><div itemprop=\"reviewRating\" itemscope itemtype=\"http:\/\/schema.org\/Rating\" class=\"usr\"><meta itemprop=\"worstRating\" content=\"0\" \/><meta itemprop=\"ratingValue\" content=\"5\" \/><meta itemprop=\"bestRating\" content=\"5\" \/><img decoding=\"async\" class=\"usr\" src=\"https:\/\/binary-option.co\/ch\/wp-content\/plugins\/universal-star-rating\/includes\/image.php?img=06.png&amp;px=15&amp;max=5&amp;rat=5\" alt=\"5 out of 5 stars\" style=\"height: 15px !important;\" \/><\/div><\/td><td class=\"column-6\"><a href=\"https:\/\/binary-option.co\/go\/raceoption.com\/demo\" rel=\"noopener\" target=\"_blank\">Ouvrir un compte d\u00e9mo <\/a><\/td><td class=\"column-7\"><a class=\"maxbutton-1 maxbutton\" href=\"https:\/\/binary-option.co\/go\/raceoption.com\"><span class='mb-text'>\u00bb Visiter<\/span><\/a><\/td>\n<\/tr>\n<tr class=\"row-7\">\n\t<td class=\"column-1\"><a href=\"https:\/\/binary-option.co\/go\/binarycent.com\"><img loading=\"lazy\" decoding=\"async\" src=\"https:\/\/binary-option.co\/wp-content\/uploads\/2021\/05\/Binarycent.png\" alt=\"\" width=\"160\" height=\"40\" class=\"alignnone size-full wp-image-82\" \/><\/a><\/td><td class=\"column-2\">95% ROI<\/td><td class=\"column-3\">250$ D\u00e9p\u00f4t min<\/td><td class=\"column-4\">200% bonus<\/td><td class=\"column-5\"><div itemprop=\"reviewRating\" itemscope itemtype=\"http:\/\/schema.org\/Rating\" class=\"usr\"><meta itemprop=\"worstRating\" content=\"0\" \/><meta itemprop=\"ratingValue\" content=\"5\" \/><meta itemprop=\"bestRating\" content=\"5\" \/><img decoding=\"async\" class=\"usr\" src=\"https:\/\/binary-option.co\/ch\/wp-content\/plugins\/universal-star-rating\/includes\/image.php?img=06.png&amp;px=15&amp;max=5&amp;rat=5\" alt=\"5 out of 5 stars\" style=\"height: 15px !important;\" \/><\/div><\/td><td class=\"column-6\"><a href=\"https:\/\/binary-option.co\/go\/binarycent.com\" rel=\"noopener\" target=\"_blank\">Ouvrir un compte d\u00e9mo <\/a><\/td><td class=\"column-7\"><a class=\"maxbutton-1 maxbutton\" href=\"https:\/\/binary-option.co\/go\/binarycent.com\"><span class='mb-text'>\u00bb Visiter<\/span><\/a><\/td>\n<\/tr>\n<tr class=\"row-8\">\n\t<td colspan=\"7\" class=\"column-1\"><center>Paiement = Montant maximum qui sera cr\u00e9dit\u00e9 sur le compte si l'investissement est r\u00e9ussi<\/center><\/td>\n<\/tr>\n<\/tbody>\n<\/table>\n<!-- #tablepress-8 from cache -->\n\n\n\n<h2 class=\"wp-block-heading\">Compte de trading d\u00e9mo sans d\u00e9p\u00f4t<\/h2>\n\n\n\n<p>Tous les courtiers n&#8217;offrent pas de comptes de d\u00e9monstration et certains vous obligent \u00e0 effectuer un d\u00e9p\u00f4t avant de pouvoir acc\u00e9der au trading sur le compte de pratique. La bonne nouvelle est que si vous recherchez un v\u00e9ritable compte de d\u00e9monstration d&#8217;options binaires gratuit, aucun d\u00e9p\u00f4t n&#8217;est n\u00e9cessaire, il existe de tr\u00e8s bonnes plates-formes qui offrent cela. Jetez un \u0153il au tableau ci-dessus pour la liste des meilleurs courtiers proposant des comptes d\u00e9mo sans avoir besoin de d\u00e9poser au pr\u00e9alable. Sinon cliquez ici pour ouvrir votre compte sans effectuer de d\u00e9p\u00f4t chez l&#8217;un de nos courtiers pr\u00e9f\u00e9r\u00e9s.<\/p>\n\n\n\n<h2 class=\"wp-block-heading\">La psychologie du trading d\u00e9mo<\/h2>\n\n\n\n<p>Il existe 2 opinions tr\u00e8s diff\u00e9rentes dans l&#8217;industrie sur la question de savoir si le trading \u00e0 l&#8217;aide d&#8217;un compte de d\u00e9monstration aide ou nuit \u00e0 votre trading. Certaines personnes affirment que puisque vous ne risquez pas votre propre argent, cela affecte votre style de trading et vous serez pr\u00eat \u00e0 prendre plus de risques que d&#8217;habitude. Puisque le but est de vous am\u00e9liorer et d&#8217;apprendre, cela ne vous aide pas \u00e0 vous am\u00e9liorer car vous ne pratiquez pas r\u00e9ellement le trading comme vous le faites en direct. L&#8217;autre argument est que les comptes de d\u00e9monstration sont le moyen id\u00e9al pour essayer de nouvelles fonctionnalit\u00e9s ou actifs, mais surtout des strat\u00e9gies et des styles de trading diff\u00e9rents. Toute strat\u00e9gie de trading prend du temps \u00e0 apprendre et \u00e0 perfectionner et pratiquer le trading avec une d\u00e9mo en direct est le meilleur moyen de le faire. Personnellement, j&#8217;aime essayer de nouvelles choses avec mes comptes et aujourd&#8217;hui, je suis un bien meilleur trader en direct pour cela. Ouvrez un compte d\u00e9mo gratuit maintenant et obtenez 50 000 $ en cr\u00e9dits pour apprendre.<\/p>\n","protected":false},"excerpt":{"rendered":"<p>De nombreux courtiers en options binaires proposent des comptes de d\u00e9monstration. Peu de courtiers offrent un compte d\u00e9mo d&#8217;options binaires gratuit. Un compte d\u00e9mo gratuit est un compte de trading pratique fourni par un courtier sans avoir \u00e0 effectuer de d\u00e9p\u00f4t. Cr\u00e9ez simplement un compte gratuit chez le courtier et demandez votre d\u00e9mo au service [&hellip;]<\/p>\n","protected":false},"author":1,"featured_media":0,"parent":0,"menu_order":0,"comment_status":"closed","ping_status":"closed","template":"","meta":{"footnotes":""},"yoast_head":"<!-- This site is optimized with the Yoast SEO plugin v21.9.1 - https:\/\/yoast.com\/wordpress\/plugins\/seo\/ -->\n<title>Compte d\u00e9mo d&#039;options binaires gratuit - binary-option.co Deutsch<\/title>\n<meta name=\"robots\" content=\"index, follow, max-snippet:-1, max-image-preview:large, max-video-preview:-1\" \/>\n<link rel=\"canonical\" href=\"https:\/\/binary-option.co\/ch\/fr\/compte-demo\/\" \/>\n<meta property=\"og:locale\" content=\"de_DE\" \/>\n<meta property=\"og:type\" content=\"article\" \/>\n<meta property=\"og:title\" content=\"Compte d\u00e9mo d&#039;options binaires gratuit - binary-option.co Deutsch\" \/>\n<meta property=\"og:description\" content=\"De nombreux courtiers en options binaires proposent des comptes de d\u00e9monstration. Peu de courtiers offrent un compte d\u00e9mo d&#8217;options binaires gratuit. Un compte d\u00e9mo gratuit est un compte de trading pratique fourni par un courtier sans avoir \u00e0 effectuer de d\u00e9p\u00f4t. Cr\u00e9ez simplement un compte gratuit chez le courtier et demandez votre d\u00e9mo au service [&hellip;]\" \/>\n<meta property=\"og:url\" content=\"https:\/\/binary-option.co\/ch\/fr\/compte-demo\/\" \/>\n<meta property=\"og:site_name\" content=\"binary-option.co Deutsch\" \/>\n<meta property=\"article:modified_time\" content=\"2023-01-14T19:40:44+00:00\" \/>\n<meta name=\"twitter:card\" content=\"summary_large_image\" \/>\n<meta name=\"twitter:label1\" content=\"Gesch\u00e4tzte Lesezeit\" \/>\n\t<meta name=\"twitter:data1\" content=\"2\u00a0Minuten\" \/>\n<script type=\"application\/ld+json\" class=\"yoast-schema-graph\">{\"@context\":\"https:\/\/schema.org\",\"@graph\":[{\"@type\":\"WebPage\",\"@id\":\"https:\/\/binary-option.co\/ch\/fr\/compte-demo\/\",\"url\":\"https:\/\/binary-option.co\/ch\/fr\/compte-demo\/\",\"name\":\"Compte d\u00e9mo d'options binaires gratuit - binary-option.co Deutsch\",\"isPartOf\":{\"@id\":\"https:\/\/binary-option.co\/ch\/#website\"},\"datePublished\":\"2020-09-22T16:29:34+00:00\",\"dateModified\":\"2023-01-14T19:40:44+00:00\",\"breadcrumb\":{\"@id\":\"https:\/\/binary-option.co\/ch\/fr\/compte-demo\/#breadcrumb\"},\"inLanguage\":\"de\",\"potentialAction\":[{\"@type\":\"ReadAction\",\"target\":[\"https:\/\/binary-option.co\/ch\/fr\/compte-demo\/\"]}]},{\"@type\":\"BreadcrumbList\",\"@id\":\"https:\/\/binary-option.co\/ch\/fr\/compte-demo\/#breadcrumb\",\"itemListElement\":[{\"@type\":\"ListItem\",\"position\":1,\"name\":\"Home\",\"item\":\"https:\/\/binary-option.co\/ch\/\"},{\"@type\":\"ListItem\",\"position\":2,\"name\":\"Compte d\u00e9mo d&rsquo;options binaires gratuit\"}]},{\"@type\":\"WebSite\",\"@id\":\"https:\/\/binary-option.co\/ch\/#website\",\"url\":\"https:\/\/binary-option.co\/ch\/\",\"name\":\"binary-option.co Deutsch\",\"description\":\"Das Informationsportal zu bin\u00e4ren Optionen\",\"publisher\":{\"@id\":\"https:\/\/binary-option.co\/ch\/#organization\"},\"potentialAction\":[{\"@type\":\"SearchAction\",\"target\":{\"@type\":\"EntryPoint\",\"urlTemplate\":\"https:\/\/binary-option.co\/ch\/?s={search_term_string}\"},\"query-input\":\"required name=search_term_string\"}],\"inLanguage\":\"de\"},{\"@type\":\"Organization\",\"@id\":\"https:\/\/binary-option.co\/ch\/#organization\",\"name\":\"binary-option.co Deutsch\",\"url\":\"https:\/\/binary-option.co\/ch\/\",\"logo\":{\"@type\":\"ImageObject\",\"inLanguage\":\"de\",\"@id\":\"https:\/\/binary-option.co\/ch\/#\/schema\/logo\/image\/\",\"url\":\"https:\/\/binary-option.co\/ch\/wp-content\/uploads\/sites\/10\/2020\/12\/binary-option.co_.png\",\"contentUrl\":\"https:\/\/binary-option.co\/ch\/wp-content\/uploads\/sites\/10\/2020\/12\/binary-option.co_.png\",\"width\":398,\"height\":66,\"caption\":\"binary-option.co Deutsch\"},\"image\":{\"@id\":\"https:\/\/binary-option.co\/ch\/#\/schema\/logo\/image\/\"}}]}<\/script>\n<!-- \/ Yoast SEO plugin. -->","yoast_head_json":{"title":"Compte d\u00e9mo d'options binaires gratuit - binary-option.co Deutsch","robots":{"index":"index","follow":"follow","max-snippet":"max-snippet:-1","max-image-preview":"max-image-preview:large","max-video-preview":"max-video-preview:-1"},"canonical":"https:\/\/binary-option.co\/ch\/fr\/compte-demo\/","og_locale":"de_DE","og_type":"article","og_title":"Compte d\u00e9mo d'options binaires gratuit - binary-option.co Deutsch","og_description":"De nombreux courtiers en options binaires proposent des comptes de d\u00e9monstration. Peu de courtiers offrent un compte d\u00e9mo d&#8217;options binaires gratuit. Un compte d\u00e9mo gratuit est un compte de trading pratique fourni par un courtier sans avoir \u00e0 effectuer de d\u00e9p\u00f4t. Cr\u00e9ez simplement un compte gratuit chez le courtier et demandez votre d\u00e9mo au service [&hellip;]","og_url":"https:\/\/binary-option.co\/ch\/fr\/compte-demo\/","og_site_name":"binary-option.co Deutsch","article_modified_time":"2023-01-14T19:40:44+00:00","twitter_card":"summary_large_image","twitter_misc":{"Gesch\u00e4tzte Lesezeit":"2\u00a0Minuten"},"schema":{"@context":"https:\/\/schema.org","@graph":[{"@type":"WebPage","@id":"https:\/\/binary-option.co\/ch\/fr\/compte-demo\/","url":"https:\/\/binary-option.co\/ch\/fr\/compte-demo\/","name":"Compte d\u00e9mo d'options binaires gratuit - binary-option.co Deutsch","isPartOf":{"@id":"https:\/\/binary-option.co\/ch\/#website"},"datePublished":"2020-09-22T16:29:34+00:00","dateModified":"2023-01-14T19:40:44+00:00","breadcrumb":{"@id":"https:\/\/binary-option.co\/ch\/fr\/compte-demo\/#breadcrumb"},"inLanguage":"de","potentialAction":[{"@type":"ReadAction","target":["https:\/\/binary-option.co\/ch\/fr\/compte-demo\/"]}]},{"@type":"BreadcrumbList","@id":"https:\/\/binary-option.co\/ch\/fr\/compte-demo\/#breadcrumb","itemListElement":[{"@type":"ListItem","position":1,"name":"Home","item":"https:\/\/binary-option.co\/ch\/"},{"@type":"ListItem","position":2,"name":"Compte d\u00e9mo d&rsquo;options binaires gratuit"}]},{"@type":"WebSite","@id":"https:\/\/binary-option.co\/ch\/#website","url":"https:\/\/binary-option.co\/ch\/","name":"binary-option.co Deutsch","description":"Das Informationsportal zu bin\u00e4ren Optionen","publisher":{"@id":"https:\/\/binary-option.co\/ch\/#organization"},"potentialAction":[{"@type":"SearchAction","target":{"@type":"EntryPoint","urlTemplate":"https:\/\/binary-option.co\/ch\/?s={search_term_string}"},"query-input":"required name=search_term_string"}],"inLanguage":"de"},{"@type":"Organization","@id":"https:\/\/binary-option.co\/ch\/#organization","name":"binary-option.co Deutsch","url":"https:\/\/binary-option.co\/ch\/","logo":{"@type":"ImageObject","inLanguage":"de","@id":"https:\/\/binary-option.co\/ch\/#\/schema\/logo\/image\/","url":"https:\/\/binary-option.co\/ch\/wp-content\/uploads\/sites\/10\/2020\/12\/binary-option.co_.png","contentUrl":"https:\/\/binary-option.co\/ch\/wp-content\/uploads\/sites\/10\/2020\/12\/binary-option.co_.png","width":398,"height":66,"caption":"binary-option.co Deutsch"},"image":{"@id":"https:\/\/binary-option.co\/ch\/#\/schema\/logo\/image\/"}}]}},"_links":{"self":[{"href":"https:\/\/binary-option.co\/ch\/wp-json\/wp\/v2\/pages\/51"}],"collection":[{"href":"https:\/\/binary-option.co\/ch\/wp-json\/wp\/v2\/pages"}],"about":[{"href":"https:\/\/binary-option.co\/ch\/wp-json\/wp\/v2\/types\/page"}],"author":[{"embeddable":true,"href":"https:\/\/binary-option.co\/ch\/wp-json\/wp\/v2\/users\/1"}],"replies":[{"embeddable":true,"href":"https:\/\/binary-option.co\/ch\/wp-json\/wp\/v2\/comments?post=51"}],"version-history":[{"count":2,"href":"https:\/\/binary-option.co\/ch\/wp-json\/wp\/v2\/pages\/51\/revisions"}],"predecessor-version":[{"id":383,"href":"https:\/\/binary-option.co\/ch\/wp-json\/wp\/v2\/pages\/51\/revisions\/383"}],"wp:attachment":[{"href":"https:\/\/binary-option.co\/ch\/wp-json\/wp\/v2\/media?parent=51"}],"curies":[{"name":"wp","href":"https:\/\/api.w.org\/{rel}","templated":true}]}}