{"id":48,"date":"2020-09-22T16:27:34","date_gmt":"2020-09-22T16:27:34","guid":{"rendered":"http:\/\/binareoptionen.ch\/?page_id=48"},"modified":"2022-01-09T18:38:23","modified_gmt":"2022-01-09T18:38:23","slug":"robot-trading","status":"publish","type":"page","link":"https:\/\/binary-option.co\/ch\/it\/robot-trading\/","title":{"rendered":"I migliori Robot di trading e software di trading automatizzato"},"content":{"rendered":"\n<p>In questo articolo spiegheremo come funzionano i robot di trading e ti presenteremo i migliori robot di trading per l&#8217;anno 2022. Faremo anche un tour completo di tutto ci\u00f2 che devi sapere come utente di questi sistemi di trading automatizzati.<\/p>\n\n\n\n<p>Vedremo anche come aprire un conto demo per provare un robot di trading e testare le tue strategie di trading automatizzato. L&#8217;uso del conto demo \u00e8 importante per familiarizzare con i tuoi strumenti di trading automatico.<\/p>\n\n\n\n<p>La scelta del miglior software di trading automatico per te dipender\u00e0 in gran parte dalle tue preferenze individuali, quindi continua a leggere per ottenere tutte le informazioni che devi sapere sui robot di trading.<\/p>\n\n\n\n<h2 class=\"wp-block-heading\">I migliori robot per opzioni binarie e software di trading automatizzato<\/h2>\n\n\n\n<table id=\"tablepress-11\" class=\"tablepress tablepress-id-11 tablepress-responsive tablepress-responsive-stack-phone\">\n<thead>\n<tr class=\"row-1\">\n\t<th class=\"column-1\">Robot<\/th><th class=\"column-2\">Informazione<\/th><th class=\"column-3\">Sito web<\/th>\n<\/tr>\n<\/thead>\n<tbody>\n<tr class=\"row-2\">\n\t<td class=\"column-1\"><a href=\"http:\/\/binary-option.co\/go\/binbotpro.com\"><img decoding=\"async\" src=\"http:\/\/binary-option.co\/wp-content\/uploads\/2020\/08\/binbotpro-logo.png\" alt=\"\" width=\"175\" height=\"70\" class=\"alignnone size-full wp-image-240\" \/><\/a><\/td><td class=\"column-2\">Sono disponibili fino a 20 robot di trading di opzioni binarie e puoi confrontarli in base alle prestazioni passate. Solo 3 semplici passaggi per attivare la funzione di trading automatico.<\/td><td class=\"column-3\"><style type='text\/css'>.maxbutton-1.maxbutton{position:relative;text-decoration:none;display:inline-block;vertical-align:middle;width:86px;height:33px;border:2px solid #5eb740;border-radius:4px 4px 4px 4px;background-color:#5eb740;box-shadow:0px 0px 2px 1px #333333}.maxbutton-1.maxbutton:hover{border-color:#5fc143;background-color:#5fc143;box-shadow:0px 0px 2px 1px #333333}.maxbutton-1.maxbutton .mb-text{color:#ffffff;font-family:Arial;font-size:15px;text-align:center;font-style:normal;font-weight:bold;line-height:1em;box-sizing:border-box;display:block;background-color:unset;padding:7px 0px 0px 0px}.maxbutton-1.maxbutton:hover .mb-text{color:#ffffff}@media only screen and (min-width:80px) and (max-width:200px){.maxbutton-1.maxbutton{width:80px;height:31px}.maxbutton-1.maxbutton .mb-text{font-size:13px;font-weight:normal}}<\/style><a class=\"maxbutton-1 maxbutton\" href=\"http:\/\/binary-option.co\/go\/binbotpro.com\"><span class='mb-text'>Visita<\/span><\/a><\/td>\n<\/tr>\n<tr class=\"row-3\">\n\t<td class=\"column-1\"><a href=\"https:\/\/binary-option.co\/go\/binary.com\"><img decoding=\"async\" src=\"https:\/\/binary-option.co\/wp-content\/uploads\/2020\/08\/Binary.com_.png\" alt=\"\" width=\"175\" height=\"70\" class=\"alignnone size-full wp-image-240\" \/><\/a><\/td><td class=\"column-2\">Crea il tuo robot di trading con Binary Bot. Questo broker offre un'interfaccia utente intuitiva per programmare il tuo robot di trading e automatizzare le tue strategie di trading.<\/td><td class=\"column-3\"><a class=\"maxbutton-1 maxbutton\" href=\"https:\/\/binary-option.co\/go\/binary.com\"><span class='mb-text'>Visita<\/span><\/a><\/td>\n<\/tr>\n<tr class=\"row-4\">\n\t<td class=\"column-1\"><a href=\"https:\/\/binary-option.co\/go\/bitcointrader.com\"><img decoding=\"async\" src=\"https:\/\/binary-option.co\/wp-content\/uploads\/2021\/05\/bitcoin-trader-logo.png\" alt=\"\" width=\"200\" height=\"80\" class=\"alignnone size-full wp-image-567\" \/><\/a><\/td><td class=\"column-2\">Il miglior robot per il trading di bitcoin e criptovalute disponibile sul mercato. \u00c8 un robot di trading crittografico perfetto sia per i trader principianti che per quelli esperti.<\/td><td class=\"column-3\"><a class=\"maxbutton-1 maxbutton\" href=\"https:\/\/binary-option.co\/go\/bitcointrader.com\"><span class='mb-text'>Visita<\/span><\/a><\/td>\n<\/tr>\n<\/tbody>\n<\/table>\n\n\n\n\n<h2 class=\"wp-block-heading\">Nozioni di base sul trading algoritmico: il concetto<\/h2>\n\n\n\n<p>Il trading algoritmico noto anche come robot di trading e sistemi di trading automatizzati sono programmi per computer per la creazione di ordini automatici per l&#8217;acquisto e la vendita di asset nel mercato finanziario. Il software di trading automatico pu\u00f2 prendere posizioni sul mercato ad altissima velocit\u00e0 per generare profitti in modi che i trader umani non possono. Questi programmi di trading automatizzati generano ordini di acquisto e ordini di vendita di asset basati su varie regole predefinite. Questi algoritmi di trading sono generalmente basati su analisi tecniche e grafici, vari calcoli matematici complessi, nonch\u00e9 statistiche o dati provenienti da varie fonti. L&#8217;obiettivo del software di trading automatico \u00e8 applicare automaticamente le strategie di trading per aiutare i trader a gestire le proprie emozioni e guadagnare di pi\u00f9 sui mercati.<\/p>\n\n\n\n<p>Il trading automatizzato e l&#8217;uso di robot di trading non sono nuovi. Questo concetto \u00e8 stato introdotto per la prima volta da Richard Donchian negli anni &#8217;49, quando ha utilizzato una serie di regole di un computer per acquistare e vendere fondi. Tuttavia, i miglioramenti tecnologici e l&#8217;avvento di Internet e delle piattaforme online per speculare sui mercati finanziari hanno contribuito alla loro democratizzazione tra gli investitori di tutti i tipi. Attualmente, si stima che dal 70 all&#8217;80% delle transazioni sui mercati finanziari avvenga attraverso l&#8217;utilizzo di sistemi di negoziazione algoritmica. I robot di trading e i sistemi di trading automatizzati sono ora utilizzati da trader professionisti o dilettanti che desiderano automatizzare le proprie strategie di trading per puntare a rendimenti migliori sul mercato finanziario.<\/p>\n\n\n\n<p><\/p>\n\n\n\n<h2 class=\"wp-block-heading\">Un robot di trading migliora le prestazioni di trading?<\/h2>\n\n\n\n<p>Il bot di trading e il software di trading automatizzato sono progettati per migliorare la pratica della strategia di trading e per migliorare la velocit\u00e0 di esecuzione degli ordini. Tuttavia, i robot di trading non sono infallibili come qualsiasi altro metodo di trading. Seguendo le tendenze del mercato, la volatilit\u00e0 e le impostazioni dei robot, i risultati possono fluttuare e diventare meno (o pi\u00f9) redditizi nel tempo. I bot di trading dovrebbero quindi essere costantemente monitorati e testati per valutarne la redditivit\u00e0 e le prestazioni nel tempo.<\/p>\n\n\n\n<h2 class=\"wp-block-heading\">Vantaggi del trading automatico<\/h2>\n\n\n\n<p>Il trading automatizzato offre molti vantaggi al trader che utilizza un robot di trading:<\/p>\n\n\n\n<ul><li>Altissima velocit\u00e0 di esecuzione degli ordini di acquisto e vendita<\/li><li>Ridotto rischio di errori dovuti a fattori emotivi e psicologici.<\/li><li>Il robot di trading pu\u00f2 essere sottoposto a backtest con dati storici e in tempo reale per verificare una strategia di trading.<\/li><li>Rischio ridotto di errori manuali durante l&#8217;immissione di operazioni.<\/li><li>Le posizioni vengono eseguite ai migliori prezzi possibili<\/li><\/ul>\n\n\n\n<h2 class=\"wp-block-heading\">Come automatizzare le tue strategie preferite per il trading di opzioni binarie?<\/h2>\n\n\n\n<figure class=\"wp-block-image size-large\"><img decoding=\"async\" src=\"https:\/\/binary-option.co\/wp-content\/uploads\/2021\/06\/Dbot-Trading-robot-2048x1169.png\" alt=\"\"\/><\/figure>\n\n\n\n<p>Alcuni broker come Binary.com e Deriv ti consentono di configurare i robot di trading direttamente dal loro sito web.<\/p>\n\n\n\n<p>La piattaforma Binary Bot e gli strumenti di programmazione dei robot di trading forniti da questi broker ti danno la possibilit\u00e0 di creare facilmente applicazioni di trading automatico con una semplice funzione di trascinamento della selezione e testare le tue strategie con il conto virtuale.<\/p>\n\n\n\n<p>Grazie a questo strumento di trading automatizzato puoi creare un numero quasi illimitato di bot di trading di opzioni binarie, con formule e funzioni incredibilmente semplici per gli algoritmi di trading pi\u00f9 complessi. Quindi lascia che il tuo bot di trading scambi automaticamente per te, anche mentre dormi.<\/p>\n\n\n\n<p>Il broker Binary.com e Deriv ti d\u00e0 anche l&#8217;opportunit\u00e0 di vendere i tuoi robot di trading ad altri trader nel loro negozio. Puoi ricevere fino all&#8217;80% di ogni acquisto dal tuo robot di trading nel loro app store.<\/p>\n\n\n\n<h2 class=\"wp-block-heading\">Software di trading automatico<\/h2>\n\n\n\n<p>Il software di trading automatico \u00e8 un software che ha somiglianze con i robot di trading. Questi software richiedono configurazione e aggiustamenti per applicare automaticamente una strategia di trading sul mercato. Una volta configurate le impostazioni, il software di trading automatico applicher\u00e0 le operazioni in base alle tue preferenze come il tipo di asset, la dimensione dei tuoi investimenti e il livello di rischio che ti puoi permettere.<\/p>\n\n\n\n<h2 class=\"wp-block-heading\">Segnali di trading<\/h2>\n\n\n\n<p>I segnali di trading sono informazioni sull&#8217;acquisto e la vendita di un asset seguendo strategie di trading predefinite. I segnali di trading hanno anche una grande somiglianza con i robot di trading. L&#8217;unica differenza \u00e8 che sono solo le informazioni sull&#8217;acquisto e la vendita di asset che devono essere eseguite dal trader stesso. Alcuni robot di trading hanno anche una funzione di segnale, lasciando al trader la libert\u00e0 di eseguire operazioni invece di eseguirle automaticamente.<\/p>\n\n\n\n<h2 class=\"wp-block-heading\">Copy Trading<\/h2>\n\n\n\n<p>Il copy trading \u00e8 una forma di trading automatizzato che d\u00e0 l&#8217;opportunit\u00e0 di eseguire operazioni automaticamente seguendo le posizioni di altri trader. Esistono servizi di intermediazione online che apriranno operazioni basate su quelle di altri trader. Questi broker online forniscono un elenco di trader che possono essere copiati e pubblicare le loro prestazioni. Gli utenti della piattaforma di copy trading possono scegliere di copiare determinati trader in base a diversi criteri personali come il livello di assunzione del rischio e l&#8217;investimento.<\/p>\n\n\n\n<h2 class=\"wp-block-heading\">Truffe relative a robot di trading e trading automatico<\/h2>\n\n\n\n<p>Sebbene ci siano robot di trading affidabili, ce ne sono molti che non lo sono. Nel settore del trading online, ci sono molte truffe relative ai robot di trading e molti trader principianti cadono nella trappola di promettere vittorie rapide dalle truffe di trading di robot. Tieni sempre presente che i robot di trading non sono sistemi infallibili e il loro utilizzo pu\u00f2 aumentare i tuoi profitti ma anche aumentare i livelli di rischio. Il trading automatico \u00e8 un business maturo per molte truffe.<\/p>\n\n\n\n<p>Le truffe di trading automatico spesso prendono di mira trader principianti o persone che non hanno le necessarie conoscenze di trading promettendo loro grandi guadagni o dicendo che \u00e8 privo di rischi. Perch\u00e9 questo tipo di persone sono molto pi\u00f9 credulone e facili da manipolare, e sono quindi i bersagli principali per i truffatori.<\/p>\n\n\n\n<p>I fornitori di robot disonesti giustificheranno le tue perdite con l&#8217;uso improprio del robot e non accetteranno alcuna responsabilit\u00e0.<\/p>\n\n\n\n<p>Le truffe spesso promettono profitti garantiti o molto alti e mancano di trasparenza (risultati che non puoi verificare), alcuni venditori senza scrupoli obbligano i trader a utilizzare un broker canaglia e chiama i trader al telefono per convincerli a depositare sempre pi\u00f9 denaro<\/p>\n\n\n\n<p>Dovresti sempre stare in guardia e fare molta attenzione quando fai trading con i bot di trading poich\u00e9 esiste un rischio molto elevato di truffe con questo tipo di trading.<\/p>\n","protected":false},"excerpt":{"rendered":"<p>In questo articolo spiegheremo come funzionano i robot di trading e ti presenteremo i migliori robot di trading per l&#8217;anno 2022. Faremo anche un tour completo di tutto ci\u00f2 che devi sapere come utente di questi sistemi di trading automatizzati. Vedremo anche come aprire un conto demo per provare un robot di trading e testare [&hellip;]<\/p>\n","protected":false},"author":1,"featured_media":0,"parent":0,"menu_order":0,"comment_status":"closed","ping_status":"closed","template":"","meta":{"footnotes":""},"yoast_head":"<!-- This site is optimized with the Yoast SEO plugin v21.9.1 - https:\/\/yoast.com\/wordpress\/plugins\/seo\/ -->\n<title>I migliori Robot di trading e software di trading automatizzato<\/title>\n<meta name=\"robots\" content=\"index, follow, max-snippet:-1, max-image-preview:large, max-video-preview:-1\" \/>\n<link rel=\"canonical\" href=\"https:\/\/binary-option.co\/ch\/it\/robot-trading\/\" \/>\n<meta property=\"og:locale\" content=\"de_DE\" \/>\n<meta property=\"og:type\" content=\"article\" \/>\n<meta property=\"og:title\" content=\"I migliori Robot di trading e software di trading automatizzato\" \/>\n<meta property=\"og:description\" content=\"In questo articolo spiegheremo come funzionano i robot di trading e ti presenteremo i migliori robot di trading per l&#8217;anno 2022. Faremo anche un tour completo di tutto ci\u00f2 che devi sapere come utente di questi sistemi di trading automatizzati. Vedremo anche come aprire un conto demo per provare un robot di trading e testare [&hellip;]\" \/>\n<meta property=\"og:url\" content=\"https:\/\/binary-option.co\/ch\/it\/robot-trading\/\" \/>\n<meta property=\"og:site_name\" content=\"binary-option.co Deutsch\" \/>\n<meta property=\"article:modified_time\" content=\"2022-01-09T18:38:23+00:00\" \/>\n<meta property=\"og:image\" content=\"https:\/\/binary-option.co\/wp-content\/uploads\/2021\/06\/Dbot-Trading-robot-2048x1169.png\" \/>\n<meta name=\"twitter:card\" content=\"summary_large_image\" \/>\n<meta name=\"twitter:label1\" content=\"Gesch\u00e4tzte Lesezeit\" \/>\n\t<meta name=\"twitter:data1\" content=\"6\u00a0Minuten\" \/>\n<script type=\"application\/ld+json\" class=\"yoast-schema-graph\">{\"@context\":\"https:\/\/schema.org\",\"@graph\":[{\"@type\":\"WebPage\",\"@id\":\"https:\/\/binary-option.co\/ch\/it\/robot-trading\/\",\"url\":\"https:\/\/binary-option.co\/ch\/it\/robot-trading\/\",\"name\":\"I migliori Robot di trading e software di trading automatizzato\",\"isPartOf\":{\"@id\":\"https:\/\/binary-option.co\/ch\/#website\"},\"datePublished\":\"2020-09-22T16:27:34+00:00\",\"dateModified\":\"2022-01-09T18:38:23+00:00\",\"breadcrumb\":{\"@id\":\"https:\/\/binary-option.co\/ch\/it\/robot-trading\/#breadcrumb\"},\"inLanguage\":\"de\",\"potentialAction\":[{\"@type\":\"ReadAction\",\"target\":[\"https:\/\/binary-option.co\/ch\/it\/robot-trading\/\"]}]},{\"@type\":\"BreadcrumbList\",\"@id\":\"https:\/\/binary-option.co\/ch\/it\/robot-trading\/#breadcrumb\",\"itemListElement\":[{\"@type\":\"ListItem\",\"position\":1,\"name\":\"Home\",\"item\":\"https:\/\/binary-option.co\/ch\/\"},{\"@type\":\"ListItem\",\"position\":2,\"name\":\"I migliori Robot di trading e software di trading automatizzato\"}]},{\"@type\":\"WebSite\",\"@id\":\"https:\/\/binary-option.co\/ch\/#website\",\"url\":\"https:\/\/binary-option.co\/ch\/\",\"name\":\"binary-option.co Deutsch\",\"description\":\"Das Informationsportal zu bin\u00e4ren Optionen\",\"publisher\":{\"@id\":\"https:\/\/binary-option.co\/ch\/#organization\"},\"potentialAction\":[{\"@type\":\"SearchAction\",\"target\":{\"@type\":\"EntryPoint\",\"urlTemplate\":\"https:\/\/binary-option.co\/ch\/?s={search_term_string}\"},\"query-input\":\"required name=search_term_string\"}],\"inLanguage\":\"de\"},{\"@type\":\"Organization\",\"@id\":\"https:\/\/binary-option.co\/ch\/#organization\",\"name\":\"binary-option.co Deutsch\",\"url\":\"https:\/\/binary-option.co\/ch\/\",\"logo\":{\"@type\":\"ImageObject\",\"inLanguage\":\"de\",\"@id\":\"https:\/\/binary-option.co\/ch\/#\/schema\/logo\/image\/\",\"url\":\"https:\/\/binary-option.co\/ch\/wp-content\/uploads\/sites\/10\/2020\/12\/binary-option.co_.png\",\"contentUrl\":\"https:\/\/binary-option.co\/ch\/wp-content\/uploads\/sites\/10\/2020\/12\/binary-option.co_.png\",\"width\":398,\"height\":66,\"caption\":\"binary-option.co Deutsch\"},\"image\":{\"@id\":\"https:\/\/binary-option.co\/ch\/#\/schema\/logo\/image\/\"}}]}<\/script>\n<!-- \/ Yoast SEO plugin. -->","yoast_head_json":{"title":"I migliori Robot di trading e software di trading automatizzato","robots":{"index":"index","follow":"follow","max-snippet":"max-snippet:-1","max-image-preview":"max-image-preview:large","max-video-preview":"max-video-preview:-1"},"canonical":"https:\/\/binary-option.co\/ch\/it\/robot-trading\/","og_locale":"de_DE","og_type":"article","og_title":"I migliori Robot di trading e software di trading automatizzato","og_description":"In questo articolo spiegheremo come funzionano i robot di trading e ti presenteremo i migliori robot di trading per l&#8217;anno 2022. Faremo anche un tour completo di tutto ci\u00f2 che devi sapere come utente di questi sistemi di trading automatizzati. Vedremo anche come aprire un conto demo per provare un robot di trading e testare [&hellip;]","og_url":"https:\/\/binary-option.co\/ch\/it\/robot-trading\/","og_site_name":"binary-option.co Deutsch","article_modified_time":"2022-01-09T18:38:23+00:00","og_image":[{"url":"https:\/\/binary-option.co\/wp-content\/uploads\/2021\/06\/Dbot-Trading-robot-2048x1169.png"}],"twitter_card":"summary_large_image","twitter_misc":{"Gesch\u00e4tzte Lesezeit":"6\u00a0Minuten"},"schema":{"@context":"https:\/\/schema.org","@graph":[{"@type":"WebPage","@id":"https:\/\/binary-option.co\/ch\/it\/robot-trading\/","url":"https:\/\/binary-option.co\/ch\/it\/robot-trading\/","name":"I migliori Robot di trading e software di trading automatizzato","isPartOf":{"@id":"https:\/\/binary-option.co\/ch\/#website"},"datePublished":"2020-09-22T16:27:34+00:00","dateModified":"2022-01-09T18:38:23+00:00","breadcrumb":{"@id":"https:\/\/binary-option.co\/ch\/it\/robot-trading\/#breadcrumb"},"inLanguage":"de","potentialAction":[{"@type":"ReadAction","target":["https:\/\/binary-option.co\/ch\/it\/robot-trading\/"]}]},{"@type":"BreadcrumbList","@id":"https:\/\/binary-option.co\/ch\/it\/robot-trading\/#breadcrumb","itemListElement":[{"@type":"ListItem","position":1,"name":"Home","item":"https:\/\/binary-option.co\/ch\/"},{"@type":"ListItem","position":2,"name":"I migliori Robot di trading e software di trading automatizzato"}]},{"@type":"WebSite","@id":"https:\/\/binary-option.co\/ch\/#website","url":"https:\/\/binary-option.co\/ch\/","name":"binary-option.co Deutsch","description":"Das Informationsportal zu bin\u00e4ren Optionen","publisher":{"@id":"https:\/\/binary-option.co\/ch\/#organization"},"potentialAction":[{"@type":"SearchAction","target":{"@type":"EntryPoint","urlTemplate":"https:\/\/binary-option.co\/ch\/?s={search_term_string}"},"query-input":"required name=search_term_string"}],"inLanguage":"de"},{"@type":"Organization","@id":"https:\/\/binary-option.co\/ch\/#organization","name":"binary-option.co Deutsch","url":"https:\/\/binary-option.co\/ch\/","logo":{"@type":"ImageObject","inLanguage":"de","@id":"https:\/\/binary-option.co\/ch\/#\/schema\/logo\/image\/","url":"https:\/\/binary-option.co\/ch\/wp-content\/uploads\/sites\/10\/2020\/12\/binary-option.co_.png","contentUrl":"https:\/\/binary-option.co\/ch\/wp-content\/uploads\/sites\/10\/2020\/12\/binary-option.co_.png","width":398,"height":66,"caption":"binary-option.co Deutsch"},"image":{"@id":"https:\/\/binary-option.co\/ch\/#\/schema\/logo\/image\/"}}]}},"_links":{"self":[{"href":"https:\/\/binary-option.co\/ch\/wp-json\/wp\/v2\/pages\/48"}],"collection":[{"href":"https:\/\/binary-option.co\/ch\/wp-json\/wp\/v2\/pages"}],"about":[{"href":"https:\/\/binary-option.co\/ch\/wp-json\/wp\/v2\/types\/page"}],"author":[{"embeddable":true,"href":"https:\/\/binary-option.co\/ch\/wp-json\/wp\/v2\/users\/1"}],"replies":[{"embeddable":true,"href":"https:\/\/binary-option.co\/ch\/wp-json\/wp\/v2\/comments?post=48"}],"version-history":[{"count":7,"href":"https:\/\/binary-option.co\/ch\/wp-json\/wp\/v2\/pages\/48\/revisions"}],"predecessor-version":[{"id":352,"href":"https:\/\/binary-option.co\/ch\/wp-json\/wp\/v2\/pages\/48\/revisions\/352"}],"wp:attachment":[{"href":"https:\/\/binary-option.co\/ch\/wp-json\/wp\/v2\/media?parent=48"}],"curies":[{"name":"wp","href":"https:\/\/api.w.org\/{rel}","templated":true}]}}