{"id":46,"date":"2020-09-22T16:24:15","date_gmt":"2020-09-22T16:24:15","guid":{"rendered":"http:\/\/binareoptionen.ch\/?page_id=46"},"modified":"2023-01-14T19:29:42","modified_gmt":"2023-01-14T19:29:42","slug":"bot-de-trading","status":"publish","type":"page","link":"https:\/\/binary-option.co\/ch\/fr\/bot-de-trading\/","title":{"rendered":"Robot de trading et logiciel de trading automatis\u00e9"},"content":{"rendered":"\n<p>Dans cet article, nous expliquerons le fonctionnement des robots de trading et vous pr\u00e9senterons les meilleurs robots de trading pour l&#8217;ann\u00e9e 2023. Nous ferons \u00e9galement un tour complet de tout ce que vous devez savoir en tant qu&#8217;utilisateur de ces syst\u00e8mes de trading automatis\u00e9s.<\/p>\n\n\n\n<p>Nous verrons \u00e9galement comment ouvrir un compte d\u00e9mo pour essayer un robot de trading et tester vos strat\u00e9gies de trading automatis\u00e9. L&#8217;utilisation du compte d\u00e9mo est importante afin de vous familiariser avec vos outils de trading automatique.<\/p>\n\n\n\n<p>Le choix du meilleur logiciel de trading automatis\u00e9 pour vous d\u00e9pendra en grande partie de vos pr\u00e9f\u00e9rences individuelles, alors lisez la suite pour obtenir toutes les informations dont vous avez besoin sur les robots de trading.<\/p>\n\n\n\n<h2 class=\"wp-block-heading\">Meilleurs robots d&#8217;options binaires et logiciels de trading automatis\u00e9s<\/h2>\n\n\n\n\n<table id=\"tablepress-13\" class=\"tablepress tablepress-id-13 tablepress-responsive tablepress-responsive-stack-phone\">\n<thead>\n<tr class=\"row-1\">\n\t<th class=\"column-1\">Robot<\/th><th class=\"column-2\">Information <\/th><th class=\"column-3\">Site internet<\/th>\n<\/tr>\n<\/thead>\n<tbody>\n<tr class=\"row-2\">\n\t<td class=\"column-1\"><a href=\"http:\/\/binary-option.co\/go\/binbotpro.com\"><img decoding=\"async\" src=\"http:\/\/binary-option.co\/wp-content\/uploads\/2020\/08\/binbotpro-logo.png\" alt=\"\" width=\"175\" height=\"70\" class=\"alignnone size-full wp-image-240\" \/><\/a><\/td><td class=\"column-2\">Jusqu'\u00e0 20 robots de trading d'options binaires sont disponibles et vous pouvez les comparer en fonction des performances pass\u00e9es. Juste 3 \u00e9tapes simples pour activer la fonction de trading automatique.<\/td><td class=\"column-3\"><style type='text\/css'>.maxbutton-1.maxbutton{position:relative;text-decoration:none;display:inline-block;vertical-align:middle;width:86px;height:33px;border:2px solid #5eb740;border-radius:4px 4px 4px 4px;background-color:#5eb740;box-shadow:0px 0px 2px 1px #333333}.maxbutton-1.maxbutton:hover{border-color:#5fc143;background-color:#5fc143;box-shadow:0px 0px 2px 1px #333333}.maxbutton-1.maxbutton .mb-text{color:#ffffff;font-family:Arial;font-size:15px;text-align:center;font-style:normal;font-weight:bold;line-height:1em;box-sizing:border-box;display:block;background-color:unset;padding:7px 0px 0px 0px}.maxbutton-1.maxbutton:hover .mb-text{color:#ffffff}@media only screen and (min-width:80px) and (max-width:200px){.maxbutton-1.maxbutton{width:80px;height:31px}.maxbutton-1.maxbutton .mb-text{font-size:13px;font-weight:normal}}<\/style><a class=\"maxbutton-1 maxbutton\" href=\"http:\/\/binary-option.co\/go\/binbotpro.com\"><span class='mb-text'>Visiter<\/span><\/a><\/td>\n<\/tr>\n<tr class=\"row-3\">\n\t<td class=\"column-1\"><a href=\"https:\/\/binary-option.co\/go\/binary.com\"><img decoding=\"async\" src=\"https:\/\/binary-option.co\/wp-content\/uploads\/2020\/08\/Binary.com_.png\" alt=\"\" width=\"175\" height=\"70\" class=\"alignnone size-full wp-image-240\" \/><\/a><\/td><td class=\"column-2\">Cr\u00e9ez votre robot de trading avec Binary Bot. Ce courtier propose une interface utilisateur intuitive pour programmer votre robot de trading et automatiser vos strat\u00e9gies de trading.<\/td><td class=\"column-3\"><a class=\"maxbutton-1 maxbutton\" href=\"https:\/\/binary-option.co\/go\/binary.com\"><span class='mb-text'>Visiter<\/span><\/a><\/td>\n<\/tr>\n<tr class=\"row-4\">\n\t<td class=\"column-1\"><a href=\"https:\/\/binary-option.co\/go\/bitcointrader.com\"><img decoding=\"async\" src=\"https:\/\/binary-option.co\/wp-content\/uploads\/2021\/05\/bitcoin-trader-logo.png\" alt=\"\" width=\"200\" height=\"80\" class=\"alignnone size-full wp-image-567\" \/><\/a><\/td><td class=\"column-2\">Le meilleur robot de trading bitcoin et crypto-monnaie disponible sur le march\u00e9. C'est un robot de trading crypto parfait pour les traders d\u00e9butants et exp\u00e9riment\u00e9s<\/td><td class=\"column-3\"><a class=\"maxbutton-1 maxbutton\" href=\"https:\/\/binary-option.co\/go\/bitcointrader.com\"><span class='mb-text'>Visiter<\/span><\/a><\/td>\n<\/tr>\n<\/tbody>\n<\/table>\n\n\n\n\n<h2 class=\"wp-block-heading\">Principes de base du trading algorithmique&nbsp;: le concept<\/h2>\n\n\n\n<p>Le trading algorithmique, \u00e9galement connu sous le nom de robot de trading et de syst\u00e8mes de trading automatis\u00e9s, est un programme informatique permettant de cr\u00e9er des ordres automatiques pour acheter et vendre des actifs sur le march\u00e9 financier. Un logiciel de trading automatique peut prendre des positions sur le march\u00e9 \u00e0 tr\u00e8s grande vitesse pour g\u00e9n\u00e9rer des b\u00e9n\u00e9fices d&#8217;une mani\u00e8re que les traders humains ne peuvent pas. Ces programmes de n\u00e9gociation automatis\u00e9s g\u00e9n\u00e8rent des ordres d&#8217;achat et des ordres de vente d&#8217;actifs en fonction de diverses r\u00e8gles pr\u00e9d\u00e9finies. Ces algorithmes de trading sont g\u00e9n\u00e9ralement bas\u00e9s sur l&#8217;analyse technique et le chartisme, divers calculs math\u00e9matiques complexes, ainsi que des statistiques ou des donn\u00e9es provenant de diverses sources. L&#8217;objectif du logiciel de trading automatique est d&#8217;appliquer automatiquement des strat\u00e9gies de trading pour aider les traders \u00e0 g\u00e9rer leurs \u00e9motions et \u00e0 gagner plus d&#8217;argent sur les march\u00e9s.<\/p>\n\n\n\n<p>Le trading automatis\u00e9 et l&#8217;utilisation de robots de trading ne sont pas nouveaux. Ce concept a \u00e9t\u00e9 introduit pour la premi\u00e8re fois par Richard Donchian dans les ann\u00e9es 1949 lorsqu&#8217;il a utilis\u00e9 un ensemble de r\u00e8gles d&#8217;un ordinateur pour acheter et vendre des fonds. Cependant, les am\u00e9liorations technologiques et l&#8217;av\u00e8nement d&#8217;Internet et des plateformes en ligne de sp\u00e9culation sur les march\u00e9s financiers ont contribu\u00e9 \u00e0 leur d\u00e9mocratisation aupr\u00e8s des investisseurs de tous types. Actuellement, on estime que 70 \u00e0 80% des transactions sur les march\u00e9s financiers se font via l&#8217;utilisation de syst\u00e8mes de trading algorithmiques. Les robots de trading et les syst\u00e8mes de trading automatis\u00e9s sont d\u00e9sormais utilis\u00e9s par des traders professionnels ou amateurs qui souhaitent automatiser leurs strat\u00e9gies de trading pour viser de meilleurs rendements sur le march\u00e9 financier.<\/p>\n\n\n\n<h2 class=\"wp-block-heading\">Un robot de trading am\u00e9liore-t-il les performances de trading ?<\/h2>\n\n\n\n<p>Le bot de trading et le logiciel de trading automatis\u00e9 sont con\u00e7us pour am\u00e9liorer la pratique de la strat\u00e9gie de trading et pour am\u00e9liorer la vitesse d&#8217;ex\u00e9cution des ordres. Cependant, les robots de trading ne sont pas infaillibles comme toute autre m\u00e9thode de trading. Suivant les tendances du march\u00e9, la volatilit\u00e9 et les param\u00e8tres du robot, les r\u00e9sultats peuvent fluctuer et devenir moins (ou plus) rentables au fil du temps. Les robots de trading doivent donc \u00eatre constamment surveill\u00e9s et test\u00e9s pour \u00e9valuer leur rentabilit\u00e9 et leurs performances dans le temps.<\/p>\n\n\n\n<h2 class=\"wp-block-heading\">Avantages du trading automatis\u00e9<\/h2>\n\n\n\n<p>Le trading automatis\u00e9 offre de nombreux avantages au trader qui utilise un robot de trading :<\/p>\n\n\n\n<ul><li>Tr\u00e8s grande vitesse d&#8217;ex\u00e9cution des ordres d&#8217;achat et de vente<\/li><li>R\u00e9duction du risque d&#8217;erreurs dues \u00e0 des facteurs \u00e9motionnels et psychologiques.<\/li><li>Le robot de trading peut \u00eatre backtest\u00e9 avec des donn\u00e9es historiques et en temps r\u00e9el pour v\u00e9rifier une strat\u00e9gie de trading.<\/li><li>Risque r\u00e9duit d&#8217;erreurs manuelles lors de la passation de transactions.<\/li><li>Les positions sont ex\u00e9cut\u00e9es aux meilleurs prix possibles<\/li><\/ul>\n\n\n\n<h2 class=\"wp-block-heading\">Comment automatiser vos strat\u00e9gies pr\u00e9f\u00e9r\u00e9es pour le trading d&#8217;options binaires ?<\/h2>\n\n\n\n<figure class=\"wp-block-image size-large\"><img decoding=\"async\" src=\"https:\/\/binary-option.co\/wp-content\/uploads\/2021\/06\/Dbot-Trading-robot-2048x1169.png\" alt=\"\"\/><\/figure>\n\n\n\n<p>Certains courtiers comme Binary.com et Deriv vous permettent de configurer des robots de trading directement depuis leur site Web.<\/p>\n\n\n\n<p>La plate-forme Binary Bot et les outils de programmation de robots de trading fournis par ces courtiers vous permettent de cr\u00e9er facilement des applications de trading automatique avec une simple fonction glisser-d\u00e9poser et de tester vos strat\u00e9gies avec le compte virtuel.<\/p>\n\n\n\n<p>Gr\u00e2ce \u00e0 cet outil de trading automatis\u00e9, vous pouvez cr\u00e9er un nombre presque illimit\u00e9 de robots de trading d&#8217;options binaires, avec des formules et des fonctions incroyablement simples pour les algorithmes de trading les plus complexes. Ensuite, laissez votre bot de trading trader automatiquement pour vous, m\u00eame pendant que vous dormez.<\/p>\n\n\n\n<p>Le courtier Binary.com et Deriv vous donne \u00e9galement la possibilit\u00e9 de vendre vos robots de trading \u00e0 d&#8217;autres traders dans leur magasin. Vous pouvez recevoir jusqu&#8217;\u00e0 80% de chaque achat de votre robot de trading dans leur app store.<\/p>\n\n\n\n<h2 class=\"wp-block-heading\">Logiciel de trading automatique<\/h2>\n\n\n\n<p>Le logiciel de trading automatique est un logiciel qui pr\u00e9sente des similitudes avec les robots de trading. Ces logiciels n\u00e9cessitent une configuration et des ajustements afin d&#8217;appliquer automatiquement une strat\u00e9gie de trading sur le march\u00e9. Une fois les param\u00e8tres configur\u00e9s, le logiciel de trading automatique appliquera les transactions en fonction de vos pr\u00e9f\u00e9rences telles que le type d&#8217;actifs, la taille de vos investissements et le niveau de risque que vous pouvez vous permettre.<\/p>\n\n\n\n<h2 class=\"wp-block-heading\">Signaux de trading<\/h2>\n\n\n\n<p>Les signaux de trading sont des informations sur l&#8217;achat et la vente d&#8217;un actif suivant des strat\u00e9gies de trading pr\u00e9d\u00e9finies. Les signaux de trading ont \u00e9galement une grande similitude avec les robots de trading. La seule diff\u00e9rence est que seules les informations sur l&#8217;achat et la vente d&#8217;actifs doivent \u00eatre ex\u00e9cut\u00e9es par le trader lui-m\u00eame. Certains robots de trading ont \u00e9galement une fonction de signal, laissant au trader la libert\u00e9 d&#8217;ex\u00e9cuter des transactions au lieu de les ex\u00e9cuter automatiquement.<\/p>\n\n\n\n<h2 class=\"wp-block-heading\">Copy Trading<\/h2>\n\n\n\n<p>Le copy trading est une forme de trading automatis\u00e9 qui donne la possibilit\u00e9 d&#8217;ex\u00e9cuter des transactions automatiquement en suivant les positions d&#8217;autres traders. Il existe des services de courtage en ligne qui ouvriront des transactions bas\u00e9es sur celles d&#8217;autres commer\u00e7ants. Ces courtiers en ligne fournissent une liste de commer\u00e7ants qui peuvent \u00eatre copi\u00e9s et publient leurs performances. Les utilisateurs de la plateforme de trading de copie peuvent choisir de copier certains traders en fonction de diff\u00e9rents crit\u00e8res personnels tels que le niveau de prise de risque et d&#8217;investissement.<\/p>\n\n\n\n<h2 class=\"wp-block-heading\">Escroqueries li\u00e9es aux robots de trading et au trading automatique<\/h2>\n\n\n\n<p>Bien qu&#8217;il existe des robots de trading fiables, il y en a beaucoup qui ne le sont pas. Dans l&#8217;industrie du trading en ligne, il existe de nombreuses escroqueries li\u00e9es aux robots de trading et de nombreux traders d\u00e9butants tombent dans le pi\u00e8ge des gains rapides prometteurs des escroqueries de trading de robots. Tenez toujours compte du fait que les robots de trading ne sont pas des syst\u00e8mes infaillibles et que leur utilisation peut augmenter vos profits mais \u00e9galement augmenter vos niveaux de risque. Le trading automatique est une affaire m\u00fbre pour de nombreuses escroqueries.<\/p>\n\n\n\n<p>Les escroqueries au trading automatique ciblent souvent les traders d\u00e9butants ou les personnes qui n&#8217;ont pas les connaissances n\u00e9cessaires en leur promettant des gains importants ou en disant que c&#8217;est sans risque. Parce que ce type de personnes est beaucoup plus cr\u00e9dule et facile \u00e0 manipuler, et ils sont donc des cibles privil\u00e9gi\u00e9es pour les escrocs.<\/p>\n\n\n\n<p>Les fournisseurs de robots malhonn\u00eates justifieront vos pertes par une mauvaise utilisation du robot et ils n&#8217;accepteront aucune responsabilit\u00e9.<\/p>\n\n\n\n<p>Les escroqueries promettent souvent des profits garantis ou tr\u00e8s \u00e9lev\u00e9s et manquent de transparence (r\u00e9sultats que vous ne pouvez pas v\u00e9rifier), certains vendeurs peu scrupuleux obligent les commer\u00e7ants \u00e0 utiliser un courtier malhonn\u00eate et appellent les commer\u00e7ants par t\u00e9l\u00e9phone pour les amener \u00e0 d\u00e9poser toujours plus d&#8217;argent<\/p>\n\n\n\n<p>Vous devez toujours \u00eatre sur vos gardes et faire tr\u00e8s attention lorsque vous n\u00e9gociez avec des robots de trading, car il existe un risque tr\u00e8s \u00e9lev\u00e9 d&#8217;escroqueries avec ce type de trading.<\/p>\n","protected":false},"excerpt":{"rendered":"<p>Dans cet article, nous expliquerons le fonctionnement des robots de trading et vous pr\u00e9senterons les meilleurs robots de trading pour l&#8217;ann\u00e9e 2023. Nous ferons \u00e9galement un tour complet de tout ce que vous devez savoir en tant qu&#8217;utilisateur de ces syst\u00e8mes de trading automatis\u00e9s. Nous verrons \u00e9galement comment ouvrir un compte d\u00e9mo pour essayer un [&hellip;]<\/p>\n","protected":false},"author":1,"featured_media":0,"parent":0,"menu_order":0,"comment_status":"closed","ping_status":"closed","template":"","meta":{"footnotes":""},"yoast_head":"<!-- This site is optimized with the Yoast SEO plugin v21.9.1 - https:\/\/yoast.com\/wordpress\/plugins\/seo\/ -->\n<title>Robot de trading et logiciel de trading automatis\u00e9 - binary-option.co Deutsch<\/title>\n<meta name=\"robots\" content=\"index, follow, max-snippet:-1, max-image-preview:large, max-video-preview:-1\" \/>\n<link rel=\"canonical\" href=\"https:\/\/binary-option.co\/ch\/fr\/bot-de-trading\/\" \/>\n<meta property=\"og:locale\" content=\"de_DE\" \/>\n<meta property=\"og:type\" content=\"article\" \/>\n<meta property=\"og:title\" content=\"Robot de trading et logiciel de trading automatis\u00e9 - binary-option.co Deutsch\" \/>\n<meta property=\"og:description\" content=\"Dans cet article, nous expliquerons le fonctionnement des robots de trading et vous pr\u00e9senterons les meilleurs robots de trading pour l&#8217;ann\u00e9e 2023. Nous ferons \u00e9galement un tour complet de tout ce que vous devez savoir en tant qu&#8217;utilisateur de ces syst\u00e8mes de trading automatis\u00e9s. Nous verrons \u00e9galement comment ouvrir un compte d\u00e9mo pour essayer un [&hellip;]\" \/>\n<meta property=\"og:url\" content=\"https:\/\/binary-option.co\/ch\/fr\/bot-de-trading\/\" \/>\n<meta property=\"og:site_name\" content=\"binary-option.co Deutsch\" \/>\n<meta property=\"article:modified_time\" content=\"2023-01-14T19:29:42+00:00\" \/>\n<meta property=\"og:image\" content=\"https:\/\/binary-option.co\/wp-content\/uploads\/2021\/06\/Dbot-Trading-robot-2048x1169.png\" \/>\n<meta name=\"twitter:card\" content=\"summary_large_image\" \/>\n<meta name=\"twitter:label1\" content=\"Gesch\u00e4tzte Lesezeit\" \/>\n\t<meta name=\"twitter:data1\" content=\"6\u00a0Minuten\" \/>\n<script type=\"application\/ld+json\" class=\"yoast-schema-graph\">{\"@context\":\"https:\/\/schema.org\",\"@graph\":[{\"@type\":\"WebPage\",\"@id\":\"https:\/\/binary-option.co\/ch\/fr\/bot-de-trading\/\",\"url\":\"https:\/\/binary-option.co\/ch\/fr\/bot-de-trading\/\",\"name\":\"Robot de trading et logiciel de trading automatis\u00e9 - binary-option.co Deutsch\",\"isPartOf\":{\"@id\":\"https:\/\/binary-option.co\/ch\/#website\"},\"datePublished\":\"2020-09-22T16:24:15+00:00\",\"dateModified\":\"2023-01-14T19:29:42+00:00\",\"breadcrumb\":{\"@id\":\"https:\/\/binary-option.co\/ch\/fr\/bot-de-trading\/#breadcrumb\"},\"inLanguage\":\"de\",\"potentialAction\":[{\"@type\":\"ReadAction\",\"target\":[\"https:\/\/binary-option.co\/ch\/fr\/bot-de-trading\/\"]}]},{\"@type\":\"BreadcrumbList\",\"@id\":\"https:\/\/binary-option.co\/ch\/fr\/bot-de-trading\/#breadcrumb\",\"itemListElement\":[{\"@type\":\"ListItem\",\"position\":1,\"name\":\"Home\",\"item\":\"https:\/\/binary-option.co\/ch\/\"},{\"@type\":\"ListItem\",\"position\":2,\"name\":\"Robot de trading et logiciel de trading automatis\u00e9\"}]},{\"@type\":\"WebSite\",\"@id\":\"https:\/\/binary-option.co\/ch\/#website\",\"url\":\"https:\/\/binary-option.co\/ch\/\",\"name\":\"binary-option.co Deutsch\",\"description\":\"Das Informationsportal zu bin\u00e4ren Optionen\",\"publisher\":{\"@id\":\"https:\/\/binary-option.co\/ch\/#organization\"},\"potentialAction\":[{\"@type\":\"SearchAction\",\"target\":{\"@type\":\"EntryPoint\",\"urlTemplate\":\"https:\/\/binary-option.co\/ch\/?s={search_term_string}\"},\"query-input\":\"required name=search_term_string\"}],\"inLanguage\":\"de\"},{\"@type\":\"Organization\",\"@id\":\"https:\/\/binary-option.co\/ch\/#organization\",\"name\":\"binary-option.co Deutsch\",\"url\":\"https:\/\/binary-option.co\/ch\/\",\"logo\":{\"@type\":\"ImageObject\",\"inLanguage\":\"de\",\"@id\":\"https:\/\/binary-option.co\/ch\/#\/schema\/logo\/image\/\",\"url\":\"https:\/\/binary-option.co\/ch\/wp-content\/uploads\/sites\/10\/2020\/12\/binary-option.co_.png\",\"contentUrl\":\"https:\/\/binary-option.co\/ch\/wp-content\/uploads\/sites\/10\/2020\/12\/binary-option.co_.png\",\"width\":398,\"height\":66,\"caption\":\"binary-option.co Deutsch\"},\"image\":{\"@id\":\"https:\/\/binary-option.co\/ch\/#\/schema\/logo\/image\/\"}}]}<\/script>\n<!-- \/ Yoast SEO plugin. -->","yoast_head_json":{"title":"Robot de trading et logiciel de trading automatis\u00e9 - binary-option.co Deutsch","robots":{"index":"index","follow":"follow","max-snippet":"max-snippet:-1","max-image-preview":"max-image-preview:large","max-video-preview":"max-video-preview:-1"},"canonical":"https:\/\/binary-option.co\/ch\/fr\/bot-de-trading\/","og_locale":"de_DE","og_type":"article","og_title":"Robot de trading et logiciel de trading automatis\u00e9 - binary-option.co Deutsch","og_description":"Dans cet article, nous expliquerons le fonctionnement des robots de trading et vous pr\u00e9senterons les meilleurs robots de trading pour l&#8217;ann\u00e9e 2023. Nous ferons \u00e9galement un tour complet de tout ce que vous devez savoir en tant qu&#8217;utilisateur de ces syst\u00e8mes de trading automatis\u00e9s. Nous verrons \u00e9galement comment ouvrir un compte d\u00e9mo pour essayer un [&hellip;]","og_url":"https:\/\/binary-option.co\/ch\/fr\/bot-de-trading\/","og_site_name":"binary-option.co Deutsch","article_modified_time":"2023-01-14T19:29:42+00:00","og_image":[{"url":"https:\/\/binary-option.co\/wp-content\/uploads\/2021\/06\/Dbot-Trading-robot-2048x1169.png"}],"twitter_card":"summary_large_image","twitter_misc":{"Gesch\u00e4tzte Lesezeit":"6\u00a0Minuten"},"schema":{"@context":"https:\/\/schema.org","@graph":[{"@type":"WebPage","@id":"https:\/\/binary-option.co\/ch\/fr\/bot-de-trading\/","url":"https:\/\/binary-option.co\/ch\/fr\/bot-de-trading\/","name":"Robot de trading et logiciel de trading automatis\u00e9 - binary-option.co Deutsch","isPartOf":{"@id":"https:\/\/binary-option.co\/ch\/#website"},"datePublished":"2020-09-22T16:24:15+00:00","dateModified":"2023-01-14T19:29:42+00:00","breadcrumb":{"@id":"https:\/\/binary-option.co\/ch\/fr\/bot-de-trading\/#breadcrumb"},"inLanguage":"de","potentialAction":[{"@type":"ReadAction","target":["https:\/\/binary-option.co\/ch\/fr\/bot-de-trading\/"]}]},{"@type":"BreadcrumbList","@id":"https:\/\/binary-option.co\/ch\/fr\/bot-de-trading\/#breadcrumb","itemListElement":[{"@type":"ListItem","position":1,"name":"Home","item":"https:\/\/binary-option.co\/ch\/"},{"@type":"ListItem","position":2,"name":"Robot de trading et logiciel de trading automatis\u00e9"}]},{"@type":"WebSite","@id":"https:\/\/binary-option.co\/ch\/#website","url":"https:\/\/binary-option.co\/ch\/","name":"binary-option.co Deutsch","description":"Das Informationsportal zu bin\u00e4ren Optionen","publisher":{"@id":"https:\/\/binary-option.co\/ch\/#organization"},"potentialAction":[{"@type":"SearchAction","target":{"@type":"EntryPoint","urlTemplate":"https:\/\/binary-option.co\/ch\/?s={search_term_string}"},"query-input":"required name=search_term_string"}],"inLanguage":"de"},{"@type":"Organization","@id":"https:\/\/binary-option.co\/ch\/#organization","name":"binary-option.co Deutsch","url":"https:\/\/binary-option.co\/ch\/","logo":{"@type":"ImageObject","inLanguage":"de","@id":"https:\/\/binary-option.co\/ch\/#\/schema\/logo\/image\/","url":"https:\/\/binary-option.co\/ch\/wp-content\/uploads\/sites\/10\/2020\/12\/binary-option.co_.png","contentUrl":"https:\/\/binary-option.co\/ch\/wp-content\/uploads\/sites\/10\/2020\/12\/binary-option.co_.png","width":398,"height":66,"caption":"binary-option.co Deutsch"},"image":{"@id":"https:\/\/binary-option.co\/ch\/#\/schema\/logo\/image\/"}}]}},"_links":{"self":[{"href":"https:\/\/binary-option.co\/ch\/wp-json\/wp\/v2\/pages\/46"}],"collection":[{"href":"https:\/\/binary-option.co\/ch\/wp-json\/wp\/v2\/pages"}],"about":[{"href":"https:\/\/binary-option.co\/ch\/wp-json\/wp\/v2\/types\/page"}],"author":[{"embeddable":true,"href":"https:\/\/binary-option.co\/ch\/wp-json\/wp\/v2\/users\/1"}],"replies":[{"embeddable":true,"href":"https:\/\/binary-option.co\/ch\/wp-json\/wp\/v2\/comments?post=46"}],"version-history":[{"count":5,"href":"https:\/\/binary-option.co\/ch\/wp-json\/wp\/v2\/pages\/46\/revisions"}],"predecessor-version":[{"id":378,"href":"https:\/\/binary-option.co\/ch\/wp-json\/wp\/v2\/pages\/46\/revisions\/378"}],"wp:attachment":[{"href":"https:\/\/binary-option.co\/ch\/wp-json\/wp\/v2\/media?parent=46"}],"curies":[{"name":"wp","href":"https:\/\/api.w.org\/{rel}","templated":true}]}}