{"id":20,"date":"2020-09-22T13:57:24","date_gmt":"2020-09-22T13:57:24","guid":{"rendered":"http:\/\/binareoptionen.ch\/?page_id=20"},"modified":"2023-01-14T19:28:52","modified_gmt":"2023-01-14T19:28:52","slug":"binaere-optionen-roboter","status":"publish","type":"page","link":"https:\/\/binary-option.co\/ch\/binaere-optionen-roboter\/","title":{"rendered":"Bester Handelsroboter und automatisierte Handelssoftware"},"content":{"rendered":"\n<p>In diesem Artikel erkl\u00e4ren wir Ihnen, wie Handelsroboter funktionieren und stellen Ihnen die besten Handelsroboter f\u00fcr das Jahr 2023 vor. Au\u00dferdem erfahren Sie alles, was Sie als Benutzer dieser automatisierten Handelssysteme wissen m\u00fcssen.<\/p>\n\n\n\n<p>Wir werden auch sehen, wie Sie ein Demokonto er\u00f6ffnen, um einen Handelsroboter auszuprobieren und Ihre automatisierten Handelsstrategien zu testen. Die Verwendung eines Demokontos ist wichtig, um sich mit Ihren automatischen Handelstools vertraut zu machen.<\/p>\n\n\n\n<p>Die Wahl der besten Auto-Trading-Software f\u00fcr Sie h\u00e4ngt weitgehend von Ihren individuellen Vorlieben ab. Lesen Sie also weiter, um alle Informationen zu erhalten, die Sie \u00fcber Trading-Bots wissen m\u00fcssen.<\/p>\n\n\n\n<h2 class=\"wp-block-heading\">Bester Roboter f\u00fcr bin\u00e4re Optionen und automatisierte Handelssoftware<\/h2>\n\n\n\n<table id=\"tablepress-6\" class=\"tablepress tablepress-id-6 tablepress-responsive tablepress-responsive-stack-phone\">\n<thead>\n<tr class=\"row-1\">\n\t<th class=\"column-1\">Roboter<\/th><th class=\"column-2\">Informationen<\/th><th class=\"column-3\">Webseite<\/th>\n<\/tr>\n<\/thead>\n<tbody>\n<tr class=\"row-2\">\n\t<td class=\"column-1\"><a href=\"http:\/\/binary-option.co\/go\/binbotpro.com\"><img decoding=\"async\" src=\"http:\/\/binary-option.co\/wp-content\/uploads\/2020\/08\/binbotpro-logo.png\" alt=\"\" width=\"175\" height=\"70\" class=\"alignnone size-full wp-image-240\" \/><\/a><\/td><td class=\"column-2\">Es stehen bis zu 20 Handelsroboter f\u00fcr bin\u00e4re Optionen zur Verf\u00fcgung und Sie k\u00f6nnen sie anhand der bisherigen Performance vergleichen. Nur 3 einfache Schritte, um die Auto-Trading-Funktion zu aktivieren.<\/td><td class=\"column-3\"><style type='text\/css'>.maxbutton-1.maxbutton{position:relative;text-decoration:none;display:inline-block;vertical-align:middle;width:86px;height:33px;border:2px solid #5eb740;border-radius:4px 4px 4px 4px;background-color:#5eb740;box-shadow:0px 0px 2px 1px #333333}.maxbutton-1.maxbutton:hover{border-color:#5fc143;background-color:#5fc143;box-shadow:0px 0px 2px 1px #333333}.maxbutton-1.maxbutton .mb-text{color:#ffffff;font-family:Arial;font-size:15px;text-align:center;font-style:normal;font-weight:bold;line-height:1em;box-sizing:border-box;display:block;background-color:unset;padding:7px 0px 0px 0px}.maxbutton-1.maxbutton:hover .mb-text{color:#ffffff}@media only screen and (min-width:80px) and (max-width:200px){.maxbutton-1.maxbutton{width:80px;height:31px}.maxbutton-1.maxbutton .mb-text{font-size:13px;font-weight:normal}}<\/style><a class=\"maxbutton-1 maxbutton\" href=\"http:\/\/binary-option.co\/go\/binbotpro.com\"><span class='mb-text'>Besuchen<\/span><\/a><\/td>\n<\/tr>\n<tr class=\"row-3\">\n\t<td class=\"column-1\"><a href=\"https:\/\/binary-option.co\/go\/binary.com\"><img decoding=\"async\" src=\"https:\/\/binary-option.co\/wp-content\/uploads\/2020\/08\/Binary.com_.png\" alt=\"\" width=\"175\" height=\"70\" class=\"alignnone size-full wp-image-240\" \/><\/a><\/td><td class=\"column-2\">Erstellen Sie Ihren eigenen Handelsroboter mit Binary Bot. Dieser Broker bietet eine intuitive Benutzeroberfl\u00e4che, um Ihren eigenen Handelsroboter zu programmieren und Ihre Handelsstrategien zu automatisieren.<\/td><td class=\"column-3\"><a class=\"maxbutton-1 maxbutton\" href=\"https:\/\/binary-option.co\/go\/binary.com\"><span class='mb-text'>Besuchen<\/span><\/a><\/td>\n<\/tr>\n<tr class=\"row-4\">\n\t<td class=\"column-1\"><a href=\"https:\/\/binary-option.co\/go\/bitcointrader.com\"><img decoding=\"async\" src=\"https:\/\/binary-option.co\/wp-content\/uploads\/2021\/05\/bitcoin-trader-logo.png\" alt=\"\" width=\"200\" height=\"80\" class=\"alignnone size-full wp-image-567\" \/><\/a><\/td><td class=\"column-2\">Der beste Bitcoin- und Kryptow\u00e4hrungs-Handelsroboter, der auf dem Markt erh\u00e4ltlich ist. Es ist ein perfekter Krypto-Handelsroboter sowohl f\u00fcr Anf\u00e4nger als auch f\u00fcr erfahrene H\u00e4ndler.<\/td><td class=\"column-3\"><a class=\"maxbutton-1 maxbutton\" href=\"https:\/\/binary-option.co\/go\/bitcointrader.com\"><span class='mb-text'>Besuchen<\/span><\/a><\/td>\n<\/tr>\n<\/tbody>\n<\/table>\n\n\n\n\n<h2 class=\"wp-block-heading\">Grundlagen des algorithmischen Handels: Das Konzept<\/h2>\n\n\n\n<p>Algorithmischer Handel, auch bekannt als Handelsroboter und automatisierte Handelssysteme, sind Computerprogramme zum Erstellen automatischer Auftr\u00e4ge zum Kauf und Verkauf von Verm\u00f6genswerten auf dem Finanzmarkt. Auto-Trading-Software kann mit sehr hoher Geschwindigkeit Positionen auf dem Markt einnehmen, um Gewinne auf eine Weise zu erzielen, die menschliche H\u00e4ndler nicht k\u00f6nnen. Diese automatisierten Handelsprogramme generieren Kaufauftr\u00e4ge und Verkaufsauftr\u00e4ge f\u00fcr Verm\u00f6genswerte basierend auf verschiedenen vordefinierten Regeln. Diese Handelsalgorithmen basieren im Allgemeinen auf technischer Analyse und Chartismus, verschiedenen komplexen mathematischen Berechnungen sowie Statistiken oder Daten aus verschiedenen Quellen. Das Ziel der automatischen Handelssoftware besteht darin, Handelsstrategien automatisch anzuwenden, um H\u00e4ndlern zu helfen, ihre Emotionen zu managen und mehr Geld auf den M\u00e4rkten zu verdienen.<\/p>\n\n\n\n<p>Automatisierter Handel und der Einsatz von Handelsrobotern sind nicht neu. Dieses Konzept wurde erstmals in den 1949er Jahren von Richard Donchian eingef\u00fchrt, als er eine Reihe von Regeln von einem Computer verwendete, um Fonds zu kaufen und zu verkaufen. Allerdings haben technologische Verbesserungen und das Aufkommen des Internets und der Online-Plattformen f\u00fcr die Spekulation auf den Finanzm\u00e4rkten zu ihrer Demokratisierung bei Anlegern aller Art beigetragen. Derzeit wird gesch\u00e4tzt, dass 70 bis 80 % der Finanzmarkttransaktionen durch den Einsatz algorithmischer Handelssysteme abgewickelt werden. Handelsroboter und automatisierte Handelssysteme werden heute von professionellen oder Amateurh\u00e4ndlern verwendet, die ihre Handelsstrategien automatisieren m\u00f6chten, um bessere Renditen auf dem Finanzmarkt zu erzielen.<\/p>\n\n\n\n<h2 class=\"wp-block-heading\">Verbessert ein Handelsroboter die Handelsleistung?<\/h2>\n\n\n\n<p>Trading Bot und automatisierte Handelssoftware wurden entwickelt, um die Praxis der Handelsstrategie zu verbessern und die Geschwindigkeit der Orderausf\u00fchrung zu verbessern. Handelsroboter sind jedoch nicht wie jede andere Handelsmethode narrensicher. Aufgrund von Markttrends, Volatilit\u00e4t und Robotereinstellungen k\u00f6nnen die Ergebnisse schwanken und im Laufe der Zeit weniger (oder mehr) profitabel werden. Trading Bots sollten daher st\u00e4ndig \u00fcberwacht und getestet werden, um ihre Rentabilit\u00e4t und Leistung im Laufe der Zeit zu bewerten.<\/p>\n\n\n\n<h2 class=\"wp-block-heading\">Vorteile des automatisierten Handels<\/h2>\n\n\n\n<p>Der automatisierte Handel bietet dem H\u00e4ndler, der einen Handelsroboter verwendet, viele Vorteile:<\/p>\n\n\n\n<ul><li>Sehr hohe Ausf\u00fchrungsgeschwindigkeit von Kauf- und Verkaufsauftr\u00e4gen<\/li><li>Reduziertes Fehlerrisiko aufgrund emotionaler und psychologischer Faktoren.<\/li><li>Der Handelsroboter kann mit historischen und Echtzeitdaten getestet werden, um eine Handelsstrategie zu \u00fcberpr\u00fcfen.<\/li><li>Reduziertes Risiko manueller Fehler bei der Platzierung von Trades.<\/li><li>Positionen werden zu den bestm\u00f6glichen Preisen ausgef\u00fchrt<\/li><\/ul>\n\n\n\n<h2 class=\"wp-block-heading\">Wie automatisieren Sie Ihre bevorzugten Strategien f\u00fcr den Handel mit bin\u00e4re Optionen?<\/h2>\n\n\n\n<figure class=\"wp-block-image size-large\"><img decoding=\"async\" src=\"https:\/\/binary-option.co\/wp-content\/uploads\/2021\/06\/Dbot-Trading-robot-2048x1169.png\" alt=\"\"\/><\/figure>\n\n\n\n<p>Bei einigen Brokern wie Binary.com und Deriv k\u00f6nnen Sie Handelsroboter direkt von ihrer Website aus konfigurieren.<\/p>\n\n\n\n<p>Die Binary Bot-Plattform und die von diesen Brokern bereitgestellten Programmiertools f\u00fcr Handelsroboter geben Ihnen die M\u00f6glichkeit, mit einer einfachen Drag-and-Drop-Funktion auf einfache Weise automatische Handelsanwendungen zu erstellen und Ihre Strategien mit dem virtuellen Konto zu testen.<\/p>\n\n\n\n<p>Dank dieses automatisierten Handelstools k\u00f6nnen Sie eine nahezu unbegrenzte Anzahl von Handelsbots f\u00fcr bin\u00e4re Optionen erstellen, mit unglaublich einfachen Formeln und Funktionen bis hin zu den komplexesten Handelsalgorithmen. Dann lassen Sie Ihren Trading-Bot automatisch f\u00fcr Sie handeln, sogar w\u00e4hrend Sie schlafen.<\/p>\n\n\n\n<p>Der Binary.com- und Deriv-Broker bietet Ihnen auch die M\u00f6glichkeit, Ihre Handelsroboter an andere H\u00e4ndler in ihrem Gesch\u00e4ft zu verkaufen. Sie k\u00f6nnen bis zu 80% jedes Kaufs von Ihrem Handelsroboter in deren App Store erhalten.<\/p>\n\n\n\n<h2 class=\"wp-block-heading\">Auto-Trading-Software<\/h2>\n\n\n\n<p>Auto-Trading-Software ist eine Software, die \u00c4hnlichkeiten mit Handelsrobotern aufweist. Diese Software erfordert Konfigurationen und Anpassungen, um eine Handelsstrategie automatisch auf dem Markt anzuwenden. Sobald die Einstellungen konfiguriert sind, wendet die Auto-Trading-Software die Trades gem\u00e4\u00df Ihren Pr\u00e4ferenzen an, z.<\/p>\n\n\n\n<h2 class=\"wp-block-heading\">Handelssignale<\/h2>\n\n\n\n<p>Handelssignale sind Informationen \u00fcber den Kauf und Verkauf eines Verm\u00f6genswerts nach vordefinierten Handelsstrategien. Auch die Handelssignale haben gro\u00dfe \u00c4hnlichkeit mit den Handelsrobotern. Der einzige Unterschied besteht darin, dass nur Informationen \u00fcber den Kauf und Verkauf von Verm\u00f6genswerten vom H\u00e4ndler selbst ausgef\u00fchrt werden m\u00fcssen. Einige Handelsroboter haben auch eine Signalfunktion, die dem Trader die Freiheit l\u00e4sst, Trades auszuf\u00fchren, anstatt sie automatisch auszuf\u00fchren.<\/p>\n\n\n\n<h2 class=\"wp-block-heading\">Copy Trading<\/h2>\n\n\n\n<p>Copy Trading ist eine Form des automatisierten Handels, die die M\u00f6glichkeit bietet, Trades automatisch nach den Positionen anderer Trader auszuf\u00fchren. Es gibt Online-Brokerage-Dienste, die Trades basierend auf denen anderer Trader er\u00f6ffnen. Diese Online-Broker bieten eine Liste von H\u00e4ndlern, die kopiert werden k\u00f6nnen und ihre Leistung ver\u00f6ffentlichen. Benutzer der Kopierhandelsplattform k\u00f6nnen bestimmte H\u00e4ndler basierend auf verschiedenen pers\u00f6nlichen Kriterien wie Risikobereitschaft und Investition kopieren.<\/p>\n\n\n\n<h2 class=\"wp-block-heading\">Betrug im Zusammenhang mit Handelsrobotern und Autohandel<\/h2>\n\n\n\n<p>Es gibt zwar zuverl\u00e4ssige Handelsroboter, aber viele, die es nicht sind. In der Online-Handelsbranche gibt es viele Betr\u00fcgereien im Zusammenhang mit Handelsrobotern und viele Neulinge tappen in die Falle, vielversprechende schnelle Gewinne durch Roboterhandelsbetrug zu erzielen. Bedenken Sie immer, dass Handelsroboter keine narrensicheren Systeme sind und deren Verwendung Ihre Gewinne, aber auch Ihr Risiko erh\u00f6hen kann. Autohandel ist ein reifes Gesch\u00e4ft f\u00fcr viele Betr\u00fcgereien.<\/p>\n\n\n\n<p>Betr\u00fcgereien beim automatischen Handel zielen oft auf Anf\u00e4nger oder Personen, die nicht \u00fcber die erforderlichen Handelskenntnisse verf\u00fcgen, ab, indem sie ihnen gro\u00dfe Gewinne versprechen oder sagen, dass es risikofrei ist. Weil diese Art von Menschen viel leichtgl\u00e4ubiger und leichter zu manipulieren sind und sie daher das Hauptziel f\u00fcr Gauner sind.<\/p>\n\n\n\n<p>Die unehrlichen Roboterlieferanten werden Ihre Verluste durch den Missbrauch des Roboters rechtfertigen und \u00fcbernehmen keine Haftung.<\/p>\n\n\n\n<p>Betr\u00fcgereien versprechen oft garantierte oder sehr hohe Gewinne und es fehlt an Transparenz (Ergebnisse, die Sie nicht \u00fcberpr\u00fcfen k\u00f6nnen).<\/p>\n\n\n\n<p>Sie sollten beim Handel mit Handelsrobotern immer auf der Hut sein und sehr vorsichtig sein, da bei dieser Art des Handels ein sehr hohes Betrugsrisiko besteht.<\/p>\n","protected":false},"excerpt":{"rendered":"<p>In diesem Artikel erkl\u00e4ren wir Ihnen, wie Handelsroboter funktionieren und stellen Ihnen die besten Handelsroboter f\u00fcr das Jahr 2023 vor. Au\u00dferdem erfahren Sie alles, was Sie als Benutzer dieser automatisierten Handelssysteme wissen m\u00fcssen. Wir werden auch sehen, wie Sie ein Demokonto er\u00f6ffnen, um einen Handelsroboter auszuprobieren und Ihre automatisierten Handelsstrategien zu testen. Die Verwendung eines [&hellip;]<\/p>\n","protected":false},"author":1,"featured_media":0,"parent":0,"menu_order":0,"comment_status":"closed","ping_status":"closed","template":"","meta":{"footnotes":""},"yoast_head":"<!-- This site is optimized with the Yoast SEO plugin v21.9.1 - https:\/\/yoast.com\/wordpress\/plugins\/seo\/ -->\n<title>Bester Handelsroboter und automatisierte Handelssoftware<\/title>\n<meta name=\"robots\" content=\"index, follow, max-snippet:-1, max-image-preview:large, max-video-preview:-1\" \/>\n<link rel=\"canonical\" href=\"https:\/\/binary-option.co\/ch\/binaere-optionen-roboter\/\" \/>\n<meta property=\"og:locale\" content=\"de_DE\" \/>\n<meta property=\"og:type\" content=\"article\" \/>\n<meta property=\"og:title\" content=\"Bester Handelsroboter und automatisierte Handelssoftware\" \/>\n<meta property=\"og:description\" content=\"In diesem Artikel erkl\u00e4ren wir Ihnen, wie Handelsroboter funktionieren und stellen Ihnen die besten Handelsroboter f\u00fcr das Jahr 2023 vor. Au\u00dferdem erfahren Sie alles, was Sie als Benutzer dieser automatisierten Handelssysteme wissen m\u00fcssen. Wir werden auch sehen, wie Sie ein Demokonto er\u00f6ffnen, um einen Handelsroboter auszuprobieren und Ihre automatisierten Handelsstrategien zu testen. Die Verwendung eines [&hellip;]\" \/>\n<meta property=\"og:url\" content=\"https:\/\/binary-option.co\/ch\/binaere-optionen-roboter\/\" \/>\n<meta property=\"og:site_name\" content=\"binary-option.co Deutsch\" \/>\n<meta property=\"article:modified_time\" content=\"2023-01-14T19:28:52+00:00\" \/>\n<meta property=\"og:image\" content=\"https:\/\/binary-option.co\/wp-content\/uploads\/2021\/06\/Dbot-Trading-robot-2048x1169.png\" \/>\n<meta name=\"twitter:card\" content=\"summary_large_image\" \/>\n<meta name=\"twitter:label1\" content=\"Gesch\u00e4tzte Lesezeit\" \/>\n\t<meta name=\"twitter:data1\" content=\"5\u00a0Minuten\" \/>\n<script type=\"application\/ld+json\" class=\"yoast-schema-graph\">{\"@context\":\"https:\/\/schema.org\",\"@graph\":[{\"@type\":\"WebPage\",\"@id\":\"https:\/\/binary-option.co\/ch\/binaere-optionen-roboter\/\",\"url\":\"https:\/\/binary-option.co\/ch\/binaere-optionen-roboter\/\",\"name\":\"Bester Handelsroboter und automatisierte Handelssoftware\",\"isPartOf\":{\"@id\":\"https:\/\/binary-option.co\/ch\/#website\"},\"datePublished\":\"2020-09-22T13:57:24+00:00\",\"dateModified\":\"2023-01-14T19:28:52+00:00\",\"breadcrumb\":{\"@id\":\"https:\/\/binary-option.co\/ch\/binaere-optionen-roboter\/#breadcrumb\"},\"inLanguage\":\"de\",\"potentialAction\":[{\"@type\":\"ReadAction\",\"target\":[\"https:\/\/binary-option.co\/ch\/binaere-optionen-roboter\/\"]}]},{\"@type\":\"BreadcrumbList\",\"@id\":\"https:\/\/binary-option.co\/ch\/binaere-optionen-roboter\/#breadcrumb\",\"itemListElement\":[{\"@type\":\"ListItem\",\"position\":1,\"name\":\"Home\",\"item\":\"https:\/\/binary-option.co\/ch\/\"},{\"@type\":\"ListItem\",\"position\":2,\"name\":\"Bester Handelsroboter und automatisierte Handelssoftware\"}]},{\"@type\":\"WebSite\",\"@id\":\"https:\/\/binary-option.co\/ch\/#website\",\"url\":\"https:\/\/binary-option.co\/ch\/\",\"name\":\"binary-option.co Deutsch\",\"description\":\"Das Informationsportal zu bin\u00e4ren Optionen\",\"publisher\":{\"@id\":\"https:\/\/binary-option.co\/ch\/#organization\"},\"potentialAction\":[{\"@type\":\"SearchAction\",\"target\":{\"@type\":\"EntryPoint\",\"urlTemplate\":\"https:\/\/binary-option.co\/ch\/?s={search_term_string}\"},\"query-input\":\"required name=search_term_string\"}],\"inLanguage\":\"de\"},{\"@type\":\"Organization\",\"@id\":\"https:\/\/binary-option.co\/ch\/#organization\",\"name\":\"binary-option.co Deutsch\",\"url\":\"https:\/\/binary-option.co\/ch\/\",\"logo\":{\"@type\":\"ImageObject\",\"inLanguage\":\"de\",\"@id\":\"https:\/\/binary-option.co\/ch\/#\/schema\/logo\/image\/\",\"url\":\"https:\/\/binary-option.co\/ch\/wp-content\/uploads\/sites\/10\/2020\/12\/binary-option.co_.png\",\"contentUrl\":\"https:\/\/binary-option.co\/ch\/wp-content\/uploads\/sites\/10\/2020\/12\/binary-option.co_.png\",\"width\":398,\"height\":66,\"caption\":\"binary-option.co Deutsch\"},\"image\":{\"@id\":\"https:\/\/binary-option.co\/ch\/#\/schema\/logo\/image\/\"}}]}<\/script>\n<!-- \/ Yoast SEO plugin. -->","yoast_head_json":{"title":"Bester Handelsroboter und automatisierte Handelssoftware","robots":{"index":"index","follow":"follow","max-snippet":"max-snippet:-1","max-image-preview":"max-image-preview:large","max-video-preview":"max-video-preview:-1"},"canonical":"https:\/\/binary-option.co\/ch\/binaere-optionen-roboter\/","og_locale":"de_DE","og_type":"article","og_title":"Bester Handelsroboter und automatisierte Handelssoftware","og_description":"In diesem Artikel erkl\u00e4ren wir Ihnen, wie Handelsroboter funktionieren und stellen Ihnen die besten Handelsroboter f\u00fcr das Jahr 2023 vor. Au\u00dferdem erfahren Sie alles, was Sie als Benutzer dieser automatisierten Handelssysteme wissen m\u00fcssen. Wir werden auch sehen, wie Sie ein Demokonto er\u00f6ffnen, um einen Handelsroboter auszuprobieren und Ihre automatisierten Handelsstrategien zu testen. Die Verwendung eines [&hellip;]","og_url":"https:\/\/binary-option.co\/ch\/binaere-optionen-roboter\/","og_site_name":"binary-option.co Deutsch","article_modified_time":"2023-01-14T19:28:52+00:00","og_image":[{"url":"https:\/\/binary-option.co\/wp-content\/uploads\/2021\/06\/Dbot-Trading-robot-2048x1169.png"}],"twitter_card":"summary_large_image","twitter_misc":{"Gesch\u00e4tzte Lesezeit":"5\u00a0Minuten"},"schema":{"@context":"https:\/\/schema.org","@graph":[{"@type":"WebPage","@id":"https:\/\/binary-option.co\/ch\/binaere-optionen-roboter\/","url":"https:\/\/binary-option.co\/ch\/binaere-optionen-roboter\/","name":"Bester Handelsroboter und automatisierte Handelssoftware","isPartOf":{"@id":"https:\/\/binary-option.co\/ch\/#website"},"datePublished":"2020-09-22T13:57:24+00:00","dateModified":"2023-01-14T19:28:52+00:00","breadcrumb":{"@id":"https:\/\/binary-option.co\/ch\/binaere-optionen-roboter\/#breadcrumb"},"inLanguage":"de","potentialAction":[{"@type":"ReadAction","target":["https:\/\/binary-option.co\/ch\/binaere-optionen-roboter\/"]}]},{"@type":"BreadcrumbList","@id":"https:\/\/binary-option.co\/ch\/binaere-optionen-roboter\/#breadcrumb","itemListElement":[{"@type":"ListItem","position":1,"name":"Home","item":"https:\/\/binary-option.co\/ch\/"},{"@type":"ListItem","position":2,"name":"Bester Handelsroboter und automatisierte Handelssoftware"}]},{"@type":"WebSite","@id":"https:\/\/binary-option.co\/ch\/#website","url":"https:\/\/binary-option.co\/ch\/","name":"binary-option.co Deutsch","description":"Das Informationsportal zu bin\u00e4ren Optionen","publisher":{"@id":"https:\/\/binary-option.co\/ch\/#organization"},"potentialAction":[{"@type":"SearchAction","target":{"@type":"EntryPoint","urlTemplate":"https:\/\/binary-option.co\/ch\/?s={search_term_string}"},"query-input":"required name=search_term_string"}],"inLanguage":"de"},{"@type":"Organization","@id":"https:\/\/binary-option.co\/ch\/#organization","name":"binary-option.co Deutsch","url":"https:\/\/binary-option.co\/ch\/","logo":{"@type":"ImageObject","inLanguage":"de","@id":"https:\/\/binary-option.co\/ch\/#\/schema\/logo\/image\/","url":"https:\/\/binary-option.co\/ch\/wp-content\/uploads\/sites\/10\/2020\/12\/binary-option.co_.png","contentUrl":"https:\/\/binary-option.co\/ch\/wp-content\/uploads\/sites\/10\/2020\/12\/binary-option.co_.png","width":398,"height":66,"caption":"binary-option.co Deutsch"},"image":{"@id":"https:\/\/binary-option.co\/ch\/#\/schema\/logo\/image\/"}}]}},"_links":{"self":[{"href":"https:\/\/binary-option.co\/ch\/wp-json\/wp\/v2\/pages\/20"}],"collection":[{"href":"https:\/\/binary-option.co\/ch\/wp-json\/wp\/v2\/pages"}],"about":[{"href":"https:\/\/binary-option.co\/ch\/wp-json\/wp\/v2\/types\/page"}],"author":[{"embeddable":true,"href":"https:\/\/binary-option.co\/ch\/wp-json\/wp\/v2\/users\/1"}],"replies":[{"embeddable":true,"href":"https:\/\/binary-option.co\/ch\/wp-json\/wp\/v2\/comments?post=20"}],"version-history":[{"count":9,"href":"https:\/\/binary-option.co\/ch\/wp-json\/wp\/v2\/pages\/20\/revisions"}],"predecessor-version":[{"id":377,"href":"https:\/\/binary-option.co\/ch\/wp-json\/wp\/v2\/pages\/20\/revisions\/377"}],"wp:attachment":[{"href":"https:\/\/binary-option.co\/ch\/wp-json\/wp\/v2\/media?parent=20"}],"curies":[{"name":"wp","href":"https:\/\/api.w.org\/{rel}","templated":true}]}}