{"id":17,"date":"2020-09-22T13:53:27","date_gmt":"2020-09-22T13:53:27","guid":{"rendered":"http:\/\/binareoptionen.ch\/?page_id=17"},"modified":"2021-11-17T20:55:08","modified_gmt":"2021-11-17T20:55:08","slug":"binaere-optionen-signale","status":"publish","type":"page","link":"https:\/\/binary-option.co\/ch\/binaere-optionen-signale\/","title":{"rendered":"Bin\u00e4re Optionen Signale"},"content":{"rendered":"\n<p>Es macht keinen Sinn, den schwierigen Weg zu w\u00e4hlen, wenn Sie die Vorteile des Handels mit bin\u00e4re Optionen nutzen k\u00f6nnen, indem Sie sich mit Signalanbietern zusammenschlie\u00dfen. Spezialisten \u00fcberwachen den Markt, um Trends zu erkennen, sobald sie auftauchen, und geben Ihnen dann ein zeitnahes und genaues Signal. Wenn Sie wissen, welche Signalanbieter f\u00fcr bin\u00e4re Optionen die besten sind, k\u00f6nnen H\u00e4ndler die Suche eingrenzen und eine fundierte Entscheidung treffen.<\/p>\n\n\n\n<p>Wir haben mehr als 50 Signalanbieter f\u00fcr bin\u00e4re Optionen getestet. Wir freuen uns, einen Vergleich zwischen den Top 5 der ausgew\u00e4hlten Signalanbieter f\u00fcr bin\u00e4re Optionen anbieten zu k\u00f6nnen. Unser Vergleich ist sehr umfassend und umfangreich, sodass Sie einen wirklich professionellen Signalanbieter ausw\u00e4hlen k\u00f6nnen.<\/p>\n\n\n\n<p>Der Handel mit bin\u00e4re Optionen ist der j\u00fcngste Einstieg in den Handel mit Aktien, Rohstoffen, Indizes und W\u00e4hrungspaaren. Bin\u00e4re Optionen signale sind Handelswarnungen, die von professionellen Analysten f\u00fcr bestimmte Artikel derselben ausgegeben werden.<\/p>\n\n\n\n<h2 class=\"has-text-align-center wp-block-heading\">Beste Anbieter von bin\u00e4re Optionssignalen<\/h2>\n\n\n\n<table id=\"tablepress-10\" class=\"tablepress tablepress-id-10 tablepress-responsive tablepress-responsive-stack-phone\">\n<thead>\n<tr class=\"row-1\">\n\t<th class=\"column-1\">Broker mit Signalen<\/th><th class=\"column-2\">Auszahlung<\/th><th class=\"column-3\">Mindest. Anzahlung<\/th><th class=\"column-4\">Kostenlose Demo<\/th><th class=\"column-5\">Bonus<\/th><th class=\"column-6\">Webseite<\/th>\n<\/tr>\n<\/thead>\n<tbody>\n<tr class=\"row-2\">\n\t<td class=\"column-1\"><a href=\"https:\/\/binary-option.co\/go\/quotex.io\"><img decoding=\"async\" src=\"https:\/\/binary-option.co\/wp-content\/uploads\/2021\/05\/Quotex.io-.png\" alt=\"\" width=\"160\" height=\"40\" class=\"alignnone size-full wp-image-468\" \/><\/a><\/td><td class=\"column-2\">98% Auszahlung<\/td><td class=\"column-3\">10$ Min. Deposit<\/td><td class=\"column-4\">Kostenloses Demokonto verf\u00fcgbar<\/td><td class=\"column-5\">30% bonus<\/td><td class=\"column-6\"><style type='text\/css'>.maxbutton-1.maxbutton{position:relative;text-decoration:none;display:inline-block;vertical-align:middle;width:86px;height:33px;border:2px solid #5eb740;border-radius:4px 4px 4px 4px;background-color:#5eb740;box-shadow:0px 0px 2px 1px #333333}.maxbutton-1.maxbutton:hover{border-color:#5fc143;background-color:#5fc143;box-shadow:0px 0px 2px 1px #333333}.maxbutton-1.maxbutton .mb-text{color:#ffffff;font-family:Arial;font-size:15px;text-align:center;font-style:normal;font-weight:bold;line-height:1em;box-sizing:border-box;display:block;background-color:unset;padding:7px 0px 0px 0px}.maxbutton-1.maxbutton:hover .mb-text{color:#ffffff}@media only screen and (min-width:80px) and (max-width:200px){.maxbutton-1.maxbutton{width:80px;height:31px}.maxbutton-1.maxbutton .mb-text{font-size:13px;font-weight:normal}}<\/style><a class=\"maxbutton-1 maxbutton\" href=\"https:\/\/binary-option.co\/go\/quotex.io\"><span class='mb-text'>Besuchen<\/span><\/a><\/td>\n<\/tr>\n<tr class=\"row-3\">\n\t<td class=\"column-1\"><a href=\"https:\/\/binary-option.co\/go\/spectre.ai\"><img decoding=\"async\" src=\"https:\/\/binary-option.co\/wp-content\/uploads\/2021\/05\/spectre.ai-.png\" alt=\"\" width=\"160\" height=\"40\" class=\"alignnone size-full wp-image-465\" \/><\/a><\/td><td class=\"column-2\">100% Auszahlung<\/td><td class=\"column-3\">10$ Min. Deposit<\/td><td class=\"column-4\">Kostenloses Demokonto verf\u00fcgbar<\/td><td class=\"column-5\">Ohne Bonus<\/td><td class=\"column-6\"><a class=\"maxbutton-1 maxbutton\" href=\"https:\/\/binary-option.co\/go\/spectre.ai\"><span class='mb-text'>Besuchen<\/span><\/a><\/td>\n<\/tr>\n<\/tbody>\n<\/table>\n\n\n\n\n<p><strong>Der Handel mit bin\u00e4re Optionen<\/strong> ist der neueste Einstieg in den Handel mit Aktien, Rohstoffen, Indizes und W\u00e4hrungspaaren. <strong>Bin\u00e4re Optionssignale<\/strong> sind Handelswarnungen, die von professionellen Analysten f\u00fcr bestimmte Elemente derselben ausgegeben werden.<\/p>\n\n\n\n<p>Sie k\u00f6nnen auch einen Handelsroboter verwenden, der Handelssignale liefert. Hier ist eine Liste der besten Handelsroboter mit Signalen<\/p>\n\n\n\n<h2 class=\"has-text-align-center wp-block-heading\">Bester Handelsroboter und automatisierte Handelssoftware mit Handelssignalen<\/h2>\n\n\n\n<table id=\"tablepress-6\" class=\"tablepress tablepress-id-6 tablepress-responsive tablepress-responsive-stack-phone\">\n<thead>\n<tr class=\"row-1\">\n\t<th class=\"column-1\">Roboter<\/th><th class=\"column-2\">Informationen<\/th><th class=\"column-3\">Webseite<\/th>\n<\/tr>\n<\/thead>\n<tbody>\n<tr class=\"row-2\">\n\t<td class=\"column-1\"><a href=\"http:\/\/binary-option.co\/go\/binbotpro.com\"><img decoding=\"async\" src=\"http:\/\/binary-option.co\/wp-content\/uploads\/2020\/08\/binbotpro-logo.png\" alt=\"\" width=\"175\" height=\"70\" class=\"alignnone size-full wp-image-240\" \/><\/a><\/td><td class=\"column-2\">Es stehen bis zu 20 Handelsroboter f\u00fcr bin\u00e4re Optionen zur Verf\u00fcgung und Sie k\u00f6nnen sie anhand der bisherigen Performance vergleichen. Nur 3 einfache Schritte, um die Auto-Trading-Funktion zu aktivieren.<\/td><td class=\"column-3\"><a class=\"maxbutton-1 maxbutton\" href=\"http:\/\/binary-option.co\/go\/binbotpro.com\"><span class='mb-text'>Besuchen<\/span><\/a><\/td>\n<\/tr>\n<tr class=\"row-3\">\n\t<td class=\"column-1\"><a href=\"https:\/\/binary-option.co\/go\/binary.com\"><img loading=\"lazy\" decoding=\"async\" src=\"https:\/\/binary-option.co\/wp-content\/uploads\/2020\/08\/Binary.com_.png\" alt=\"\" width=\"175\" height=\"70\" class=\"alignnone size-full wp-image-240\" \/><\/a><\/td><td class=\"column-2\">Erstellen Sie Ihren eigenen Handelsroboter mit Binary Bot. Dieser Broker bietet eine intuitive Benutzeroberfl\u00e4che, um Ihren eigenen Handelsroboter zu programmieren und Ihre Handelsstrategien zu automatisieren.<\/td><td class=\"column-3\"><a class=\"maxbutton-1 maxbutton\" href=\"https:\/\/binary-option.co\/go\/binary.com\"><span class='mb-text'>Besuchen<\/span><\/a><\/td>\n<\/tr>\n<tr class=\"row-4\">\n\t<td class=\"column-1\"><a href=\"https:\/\/binary-option.co\/go\/bitcointrader.com\"><img loading=\"lazy\" decoding=\"async\" src=\"https:\/\/binary-option.co\/wp-content\/uploads\/2021\/05\/bitcoin-trader-logo.png\" alt=\"\" width=\"200\" height=\"80\" class=\"alignnone size-full wp-image-567\" \/><\/a><\/td><td class=\"column-2\">Der beste Bitcoin- und Kryptow\u00e4hrungs-Handelsroboter, der auf dem Markt erh\u00e4ltlich ist. Es ist ein perfekter Krypto-Handelsroboter sowohl f\u00fcr Anf\u00e4nger als auch f\u00fcr erfahrene H\u00e4ndler.<\/td><td class=\"column-3\"><a class=\"maxbutton-1 maxbutton\" href=\"https:\/\/binary-option.co\/go\/bitcointrader.com\"><span class='mb-text'>Besuchen<\/span><\/a><\/td>\n<\/tr>\n<\/tbody>\n<\/table>\n\n\n\n\n<h2 class=\"wp-block-heading\">Was sind bin\u00e4re Optionen signale?<\/h2>\n\n\n\n<p>Ein bin\u00e4re Optionen signal ist eine Handelswarnung f\u00fcr die M\u00e4rkte W\u00e4hrung, Ware, Aktie oder Indikatoren oder Bitcoin und Kryptow\u00e4hrung. Der Preis f\u00fcr diesen Service kann von kostenlos bis zu einem monatlichen Durchschnitt von 299 USD und h\u00f6her reichen, je nachdem, welche Person oder Firma ihn anbietet. Es gibt auch einige Pakete, die langfristigen Zugang zu g\u00fcnstigeren monatlichen Abonnementgeb\u00fchren bieten. In diesem Fall liegt die Untergrenze bei etwa 100 US-Dollar und erreicht bis zu mehreren hundert US-Dollar pro Monat.<\/p>\n\n\n\n<p>Die Dienste, die Sie bei der Anmeldung bei einem Anbieter von Handelssignalen f\u00fcr bin\u00e4re Optionen erhalten, sind von Unternehmen zu Unternehmen unterschiedlich. Sie k\u00f6nnen erwarten, dass Sie alles von Performance-Trackern, SMS, E-Mail und Online-Benachrichtigungen \u00fcber Kundensupport per E-Mail oder Telefon bis hin zu erweiterten Analysen in einigen der anspruchsvolleren Angebote erhalten. Da Anbieter von bin\u00e4re Optionen signalen ihre Strategien sch\u00fctzen m\u00fcssen, beinhaltet der Handel mit ihnen ein gewisses Ma\u00df an blindem Vertrauen in das Unternehmen oder die Person, die hinter den ausgegebenen Signalen steht.<\/p>\n\n\n\n<h2 class=\"wp-block-heading\">Das Dienstprogramm der Binary Options Signals Services:<\/h2>\n\n\n\n<p>Die neuen H\u00e4ndler m\u00fcssen nicht einen gr\u00f6\u00dferen Teil ihrer Zeit f\u00fcr Forschungsanalysen aufwenden, um Entscheidungen zu treffen. Sie k\u00f6nnen die Dienste f\u00fcr bin\u00e4re Optionen signale nutzen, was sehr einfach und leicht zu verstehen ist. Der Kern dieser Signaldienste besteht darin, den erfahrenen H\u00e4ndler beim Spielen zu beobachten. Der neue H\u00e4ndler kann die Nuancen des Handels leicht kennenlernen, indem er einem Fachmann zuschaut, wie er tats\u00e4chlich den gesamten Handel durchl\u00e4uft.<\/p>\n\n\n\n<p>Alle Dinge, die auf dem Bildschirm passieren, sind kristallklar und f\u00fcr den Neueinsteiger leicht zu erfassen und zu verfolgen. Tats\u00e4chliche Trades werden ausgef\u00fchrt und der Trader kann die Gr\u00fcnde f\u00fcr die vom Experten in diesen Situationen ergriffenen Ma\u00dfnahmen verstehen.<\/p>\n\n\n\n<p>Der Handel mit bin\u00e4ren Optionen ist jedoch nicht zu 100% erfolgreich. Ein erfahrener H\u00e4ndler kann jedoch leicht eine Erfolgsquote von rund 85% erzielen. Dies impliziert, dass es Gelegenheiten geben kann, in denen der Fachmann etwas falsch machen kann. aber diese bilden Lernerfahrungen. Es ist wichtig, sich auf die erzielten Gewinne zu konzentrieren, anstatt sich auf die R\u00fcckschl\u00e4ge zu konzentrieren.<\/p>\n\n\n\n<p>Die Handelsaktionen des Profis k\u00f6nnen auf dem PC oder Smartphone des H\u00e4ndlers angezeigt werden. Details \u00fcber den Handel wie den Verm\u00f6genswert, auf den das Gebot abgegeben wird, und den Grund f\u00fcr seine Wahl werden im Voraus angegeben. Dies gibt dem Anf\u00e4nger Kenntnisse \u00fcber Handelserkenntnisse und hilft ihm, w\u00e4hrend er selbstst\u00e4ndig handelt.<\/p>\n\n\n\n<p>Einer der gr\u00f6\u00dften Vorteile dieses Dienstes besteht darin, dass der H\u00e4ndler lediglich die Handlungen des Fachmanns kopieren kann, die mit Sicherheit zum Erfolg f\u00fchren. So genie\u00dfen Sie die Vorteile.<\/p>\n\n\n\n<p>Dinge, die man beachten muss<\/p>\n\n\n\n<p>Bei der Auswahl des Signaldienstanbieters m\u00fcssen vier Punkte beachtet werden. Sie sind:<\/p>\n\n\n\n<p>\u2022 Preisgestaltung<\/p>\n\n\n\n<p>\u2022 Zuverl\u00e4ssigkeit des Anbieters<\/p>\n\n\n\n<p>\u2022 Erfolgsrate<\/p>\n\n\n\n<p>\u2022 Abonnementdauer<\/p>\n\n\n\n<p>Die Preise reichen von 100 US-Dollar auf Stationen f\u00fcr einen durchschnittlichen Service. Es ist jedoch ratsam, vor Beginn des eigentlichen Handels einen \u201eTest\u201c -Handel durchzuf\u00fchren, der in einer Demo-Umgebung durchgef\u00fchrt wird.<\/p>\n\n\n\n<p><strong>Seien Sie schlau, verwenden Sie zuerst ein Demo-Konto, bevor Sie Live-Trades mit einem Signaldienst platzieren<\/strong><\/p>\n\n\n\n<p>Das Abonnieren von Handelssignalen f\u00fcr bin\u00e4re Optionen ist eine gro\u00dfartige M\u00f6glichkeit, Ihren Handel zu diversifizieren, indem Sie die Trades eines Systems oder Traders mit einer guten Erfolgsbilanz spiegeln. Bei der Auswahl eines Signalisierungsdienstes f\u00fcr bin\u00e4re Optionen ist es sehr wichtig, einen zuverl\u00e4ssigen Anbieter zu finden, der die Ergebnisse nicht manipuliert und falsche Aussagen macht. Sie k\u00f6nnen normalerweise sehen, dass dies der Fall ist, wenn die Ergebnisse zu gut aussehen, um wahr zu sein.<\/p>\n\n\n\n<p>Die Glaubw\u00fcrdigkeit der vielen Auswahlm\u00f6glichkeiten im Internet ist sehr unterschiedlich, wie dies h\u00e4ufig bei allem der Fall ist, was mit dem lukrativen Devisenmarkt zu tun hat. Es ist vielleicht eine gute Idee, sich trotz ihrer Allgegenwart in der Welt des Online-Handels mit einer Prise Salz einer Behauptung \u00fcber Erfolgsquoten von 85 bis 100 Prozent zu n\u00e4hern. Es gibt jedoch einige Firmen, die Kunden wirklich wertvolle Informationen und Warnungen zur Verf\u00fcgung stellen.<\/p>\n\n\n\n<p>Beachten Sie, dass Ihre F\u00e4higkeit, empfangene Signale f\u00fcr bin\u00e4re Optionen erfolgreich zu nutzen, stark von der Effizienz des Dienstes Ihres Brokers abh\u00e4ngt. Insbesondere beim Nachrichtenhandel m\u00fcssen Sie schnell handeln und gleichzeitig sicherstellen, dass alle Probleme im Zusammenhang mit Zeiten mit hohem Volumen, in denen Spreads auftreten, minimal sind.<\/p>\n\n\n\n<h2 class=\"wp-block-heading\">Das letzte Wort<\/h2>\n\n\n\n<p>Ob Sie bin\u00e4re Optionen signale verwenden oder nicht, h\u00e4ngt haupts\u00e4chlich von Ihrem Charakter und Ihrem Handelsplan ab. Wenn Sie eine hochaktive Person sind, die wenig Zeit f\u00fcr die Analyse und Untersuchung des Marktes ben\u00f6tigt, sind bin\u00e4re Optionen signale eine Alternative zum manuellen Handel. Wenn Sie jedoch die Mechanismen des Handels erlernen m\u00f6chten, erhalten Sie nur einen bescheidenen Vorteil, wenn Sie Signalwarnungen f\u00fcr bin\u00e4re Optionen abonnieren.<\/p>\n\n\n\n<h2 class=\"wp-block-heading\">Zusammenfassen<\/h2>\n\n\n\n<p>Der unerfahrene H\u00e4ndler profitiert stark von diesen Signaldiensten durch die Warnungen von erfahrenen Fachleuten. Die erfahrenen H\u00e4ndler k\u00f6nnen auch ihre Entscheidungen verst\u00e4rken und sie wachsamer gegen\u00fcber Aktien machen, die sie bisher nicht bemerkt haben. Daher ist der Service von bin\u00e4re Optionen signalen definitiv einen Versuch wert.<\/p>\n","protected":false},"excerpt":{"rendered":"<p>Es macht keinen Sinn, den schwierigen Weg zu w\u00e4hlen, wenn Sie die Vorteile des Handels mit bin\u00e4re Optionen nutzen k\u00f6nnen, indem Sie sich mit Signalanbietern zusammenschlie\u00dfen. Spezialisten \u00fcberwachen den Markt, um Trends zu erkennen, sobald sie auftauchen, und geben Ihnen dann ein zeitnahes und genaues Signal. Wenn Sie wissen, welche Signalanbieter f\u00fcr bin\u00e4re Optionen die [&hellip;]<\/p>\n","protected":false},"author":1,"featured_media":0,"parent":0,"menu_order":0,"comment_status":"closed","ping_status":"closed","template":"","meta":{"footnotes":""},"yoast_head":"<!-- This site is optimized with the Yoast SEO plugin v21.9.1 - https:\/\/yoast.com\/wordpress\/plugins\/seo\/ -->\n<title>Bin\u00e4re Optionen Signale - binary-option.co Deutsch<\/title>\n<meta name=\"robots\" content=\"index, follow, max-snippet:-1, max-image-preview:large, max-video-preview:-1\" \/>\n<link rel=\"canonical\" href=\"https:\/\/binary-option.co\/ch\/binaere-optionen-signale\/\" \/>\n<meta property=\"og:locale\" content=\"de_DE\" \/>\n<meta property=\"og:type\" content=\"article\" \/>\n<meta property=\"og:title\" content=\"Bin\u00e4re Optionen Signale - binary-option.co Deutsch\" \/>\n<meta property=\"og:description\" content=\"Es macht keinen Sinn, den schwierigen Weg zu w\u00e4hlen, wenn Sie die Vorteile des Handels mit bin\u00e4re Optionen nutzen k\u00f6nnen, indem Sie sich mit Signalanbietern zusammenschlie\u00dfen. Spezialisten \u00fcberwachen den Markt, um Trends zu erkennen, sobald sie auftauchen, und geben Ihnen dann ein zeitnahes und genaues Signal. Wenn Sie wissen, welche Signalanbieter f\u00fcr bin\u00e4re Optionen die [&hellip;]\" \/>\n<meta property=\"og:url\" content=\"https:\/\/binary-option.co\/ch\/binaere-optionen-signale\/\" \/>\n<meta property=\"og:site_name\" content=\"binary-option.co Deutsch\" \/>\n<meta property=\"article:modified_time\" content=\"2021-11-17T20:55:08+00:00\" \/>\n<meta name=\"twitter:card\" content=\"summary_large_image\" \/>\n<meta name=\"twitter:label1\" content=\"Gesch\u00e4tzte Lesezeit\" \/>\n\t<meta name=\"twitter:data1\" content=\"5\u00a0Minuten\" \/>\n<script type=\"application\/ld+json\" class=\"yoast-schema-graph\">{\"@context\":\"https:\/\/schema.org\",\"@graph\":[{\"@type\":\"WebPage\",\"@id\":\"https:\/\/binary-option.co\/ch\/binaere-optionen-signale\/\",\"url\":\"https:\/\/binary-option.co\/ch\/binaere-optionen-signale\/\",\"name\":\"Bin\u00e4re Optionen Signale - binary-option.co Deutsch\",\"isPartOf\":{\"@id\":\"https:\/\/binary-option.co\/ch\/#website\"},\"datePublished\":\"2020-09-22T13:53:27+00:00\",\"dateModified\":\"2021-11-17T20:55:08+00:00\",\"breadcrumb\":{\"@id\":\"https:\/\/binary-option.co\/ch\/binaere-optionen-signale\/#breadcrumb\"},\"inLanguage\":\"de\",\"potentialAction\":[{\"@type\":\"ReadAction\",\"target\":[\"https:\/\/binary-option.co\/ch\/binaere-optionen-signale\/\"]}]},{\"@type\":\"BreadcrumbList\",\"@id\":\"https:\/\/binary-option.co\/ch\/binaere-optionen-signale\/#breadcrumb\",\"itemListElement\":[{\"@type\":\"ListItem\",\"position\":1,\"name\":\"Home\",\"item\":\"https:\/\/binary-option.co\/ch\/\"},{\"@type\":\"ListItem\",\"position\":2,\"name\":\"Bin\u00e4re Optionen Signale\"}]},{\"@type\":\"WebSite\",\"@id\":\"https:\/\/binary-option.co\/ch\/#website\",\"url\":\"https:\/\/binary-option.co\/ch\/\",\"name\":\"binary-option.co Deutsch\",\"description\":\"Das Informationsportal zu bin\u00e4ren Optionen\",\"publisher\":{\"@id\":\"https:\/\/binary-option.co\/ch\/#organization\"},\"potentialAction\":[{\"@type\":\"SearchAction\",\"target\":{\"@type\":\"EntryPoint\",\"urlTemplate\":\"https:\/\/binary-option.co\/ch\/?s={search_term_string}\"},\"query-input\":\"required name=search_term_string\"}],\"inLanguage\":\"de\"},{\"@type\":\"Organization\",\"@id\":\"https:\/\/binary-option.co\/ch\/#organization\",\"name\":\"binary-option.co Deutsch\",\"url\":\"https:\/\/binary-option.co\/ch\/\",\"logo\":{\"@type\":\"ImageObject\",\"inLanguage\":\"de\",\"@id\":\"https:\/\/binary-option.co\/ch\/#\/schema\/logo\/image\/\",\"url\":\"https:\/\/binary-option.co\/ch\/wp-content\/uploads\/sites\/10\/2020\/12\/binary-option.co_.png\",\"contentUrl\":\"https:\/\/binary-option.co\/ch\/wp-content\/uploads\/sites\/10\/2020\/12\/binary-option.co_.png\",\"width\":398,\"height\":66,\"caption\":\"binary-option.co Deutsch\"},\"image\":{\"@id\":\"https:\/\/binary-option.co\/ch\/#\/schema\/logo\/image\/\"}}]}<\/script>\n<!-- \/ Yoast SEO plugin. -->","yoast_head_json":{"title":"Bin\u00e4re Optionen Signale - binary-option.co Deutsch","robots":{"index":"index","follow":"follow","max-snippet":"max-snippet:-1","max-image-preview":"max-image-preview:large","max-video-preview":"max-video-preview:-1"},"canonical":"https:\/\/binary-option.co\/ch\/binaere-optionen-signale\/","og_locale":"de_DE","og_type":"article","og_title":"Bin\u00e4re Optionen Signale - binary-option.co Deutsch","og_description":"Es macht keinen Sinn, den schwierigen Weg zu w\u00e4hlen, wenn Sie die Vorteile des Handels mit bin\u00e4re Optionen nutzen k\u00f6nnen, indem Sie sich mit Signalanbietern zusammenschlie\u00dfen. Spezialisten \u00fcberwachen den Markt, um Trends zu erkennen, sobald sie auftauchen, und geben Ihnen dann ein zeitnahes und genaues Signal. Wenn Sie wissen, welche Signalanbieter f\u00fcr bin\u00e4re Optionen die [&hellip;]","og_url":"https:\/\/binary-option.co\/ch\/binaere-optionen-signale\/","og_site_name":"binary-option.co Deutsch","article_modified_time":"2021-11-17T20:55:08+00:00","twitter_card":"summary_large_image","twitter_misc":{"Gesch\u00e4tzte Lesezeit":"5\u00a0Minuten"},"schema":{"@context":"https:\/\/schema.org","@graph":[{"@type":"WebPage","@id":"https:\/\/binary-option.co\/ch\/binaere-optionen-signale\/","url":"https:\/\/binary-option.co\/ch\/binaere-optionen-signale\/","name":"Bin\u00e4re Optionen Signale - binary-option.co Deutsch","isPartOf":{"@id":"https:\/\/binary-option.co\/ch\/#website"},"datePublished":"2020-09-22T13:53:27+00:00","dateModified":"2021-11-17T20:55:08+00:00","breadcrumb":{"@id":"https:\/\/binary-option.co\/ch\/binaere-optionen-signale\/#breadcrumb"},"inLanguage":"de","potentialAction":[{"@type":"ReadAction","target":["https:\/\/binary-option.co\/ch\/binaere-optionen-signale\/"]}]},{"@type":"BreadcrumbList","@id":"https:\/\/binary-option.co\/ch\/binaere-optionen-signale\/#breadcrumb","itemListElement":[{"@type":"ListItem","position":1,"name":"Home","item":"https:\/\/binary-option.co\/ch\/"},{"@type":"ListItem","position":2,"name":"Bin\u00e4re Optionen Signale"}]},{"@type":"WebSite","@id":"https:\/\/binary-option.co\/ch\/#website","url":"https:\/\/binary-option.co\/ch\/","name":"binary-option.co Deutsch","description":"Das Informationsportal zu bin\u00e4ren Optionen","publisher":{"@id":"https:\/\/binary-option.co\/ch\/#organization"},"potentialAction":[{"@type":"SearchAction","target":{"@type":"EntryPoint","urlTemplate":"https:\/\/binary-option.co\/ch\/?s={search_term_string}"},"query-input":"required name=search_term_string"}],"inLanguage":"de"},{"@type":"Organization","@id":"https:\/\/binary-option.co\/ch\/#organization","name":"binary-option.co Deutsch","url":"https:\/\/binary-option.co\/ch\/","logo":{"@type":"ImageObject","inLanguage":"de","@id":"https:\/\/binary-option.co\/ch\/#\/schema\/logo\/image\/","url":"https:\/\/binary-option.co\/ch\/wp-content\/uploads\/sites\/10\/2020\/12\/binary-option.co_.png","contentUrl":"https:\/\/binary-option.co\/ch\/wp-content\/uploads\/sites\/10\/2020\/12\/binary-option.co_.png","width":398,"height":66,"caption":"binary-option.co Deutsch"},"image":{"@id":"https:\/\/binary-option.co\/ch\/#\/schema\/logo\/image\/"}}]}},"_links":{"self":[{"href":"https:\/\/binary-option.co\/ch\/wp-json\/wp\/v2\/pages\/17"}],"collection":[{"href":"https:\/\/binary-option.co\/ch\/wp-json\/wp\/v2\/pages"}],"about":[{"href":"https:\/\/binary-option.co\/ch\/wp-json\/wp\/v2\/types\/page"}],"author":[{"embeddable":true,"href":"https:\/\/binary-option.co\/ch\/wp-json\/wp\/v2\/users\/1"}],"replies":[{"embeddable":true,"href":"https:\/\/binary-option.co\/ch\/wp-json\/wp\/v2\/comments?post=17"}],"version-history":[{"count":5,"href":"https:\/\/binary-option.co\/ch\/wp-json\/wp\/v2\/pages\/17\/revisions"}],"predecessor-version":[{"id":322,"href":"https:\/\/binary-option.co\/ch\/wp-json\/wp\/v2\/pages\/17\/revisions\/322"}],"wp:attachment":[{"href":"https:\/\/binary-option.co\/ch\/wp-json\/wp\/v2\/media?parent=17"}],"curies":[{"name":"wp","href":"https:\/\/api.w.org\/{rel}","templated":true}]}}