{"id":15,"date":"2020-09-22T13:51:32","date_gmt":"2020-09-22T13:51:32","guid":{"rendered":"http:\/\/binareoptionen.ch\/?page_id=15"},"modified":"2023-01-14T19:16:19","modified_gmt":"2023-01-14T19:16:19","slug":"binaere-optionen-demo","status":"publish","type":"page","link":"https:\/\/binary-option.co\/ch\/binaere-optionen-demo\/","title":{"rendered":"Bin\u00e4re Optionen Demokonto"},"content":{"rendered":"\n<p>Viele Broker f\u00fcr bin\u00e4re Optionen bieten Demo-Konten an. Nur wenige Broker bieten ein kostenloses Demo-Konto f\u00fcr bin\u00e4re Optionen an. Ein kostenloses Demo-Konto ist ein \u00dcbungshandelskonto, das ein Broker bereitstellt, ohne eine Einzahlung vornehmen zu m\u00fcssen. Registrieren Sie sich einfach f\u00fcr ein kostenloses Konto beim Broker und fordern Sie Ihre Demo beim Kundendienst an.<br>Die kostenlosen Demos unterliegen im Allgemeinen Einschr\u00e4nkungen hinsichtlich der H\u00f6he des \u00dcbungsgeldes, mit dem Sie das Konto aufladen k\u00f6nnen, und der Dauer des Kontos. Wir haben eine Liste der Top-Broker mit kostenlosen Demo-Konten nach Finanzierung und Fristen bereitgestellt.<\/p>\n\n\n\n\n<table id=\"tablepress-5\" class=\"tablepress tablepress-id-5 tablepress-responsive tablepress-responsive-stack-phone\">\n<thead>\n<tr class=\"row-1\">\n\t<th class=\"column-1\">Brokers<\/th><th class=\"column-2\">Kapitalrendite<\/th><th class=\"column-3\">Anzahlung<\/th><th class=\"column-4\">Bonus<\/th><th class=\"column-5\">Bewertung<\/th><th class=\"column-6\">Demokonto<\/th><th class=\"column-7\">Webseite<\/th>\n<\/tr>\n<\/thead>\n<tbody>\n<tr class=\"row-2\">\n\t<td class=\"column-1\"><a href=\"https:\/\/binary-option.co\/go\/quotex.io\"><img decoding=\"async\" src=\"https:\/\/binary-option.co\/wp-content\/uploads\/2021\/05\/Quotex.io-.png\" alt=\"\" width=\"160\" height=\"40\" class=\"alignnone size-full wp-image-468\" \/><\/a><\/td><td class=\"column-2\">98% Kapitalrendite<\/td><td class=\"column-3\">10$ Min. Anzahlung<\/td><td class=\"column-4\">30% bonus<\/td><td class=\"column-5\"><div itemprop=\"reviewRating\" itemscope itemtype=\"http:\/\/schema.org\/Rating\" class=\"usr\"><meta itemprop=\"worstRating\" content=\"0\" \/><meta itemprop=\"ratingValue\" content=\"5\" \/><meta itemprop=\"bestRating\" content=\"5\" \/><img decoding=\"async\" class=\"usr\" src=\"https:\/\/binary-option.co\/ch\/wp-content\/plugins\/universal-star-rating\/includes\/image.php?img=06.png&amp;px=15&amp;max=5&amp;rat=5\" alt=\"5 out of 5 stars\" style=\"height: 15px !important;\" \/><\/div><\/td><td class=\"column-6\"><a href=\"https:\/\/binary-option.co\/go\/quotex.io\/demo\" rel=\"noopener\" target=\"_blank\">Demokonto er\u00f6ffnen<\/a><\/td><td class=\"column-7\"><style type='text\/css'>.maxbutton-1.maxbutton{position:relative;text-decoration:none;display:inline-block;vertical-align:middle;width:86px;height:33px;border:2px solid #5eb740;border-radius:4px 4px 4px 4px;background-color:#5eb740;box-shadow:0px 0px 2px 1px #333333}.maxbutton-1.maxbutton:hover{border-color:#5fc143;background-color:#5fc143;box-shadow:0px 0px 2px 1px #333333}.maxbutton-1.maxbutton .mb-text{color:#ffffff;font-family:Arial;font-size:15px;text-align:center;font-style:normal;font-weight:bold;line-height:1em;box-sizing:border-box;display:block;background-color:unset;padding:7px 0px 0px 0px}.maxbutton-1.maxbutton:hover .mb-text{color:#ffffff}@media only screen and (min-width:80px) and (max-width:200px){.maxbutton-1.maxbutton{width:80px;height:31px}.maxbutton-1.maxbutton .mb-text{font-size:13px;font-weight:normal}}<\/style><a class=\"maxbutton-1 maxbutton\" href=\"https:\/\/binary-option.co\/go\/quotex.io\"><span class='mb-text'>Besuchen<\/span><\/a><\/td>\n<\/tr>\n<tr class=\"row-3\">\n\t<td class=\"column-1\"><a href=\"http:\/\/binary-option.co\/go\/pocketoption.com\"><img decoding=\"async\" src=\"http:\/\/binary-option.co\/wp-content\/uploads\/2020\/08\/Pocket-Option.png\" alt=\"\" width=\"160\" height=\"40\" class=\"alignnone size-full wp-image-132\" \/><\/a><\/td><td class=\"column-2\">92% Kapitalrendite<\/td><td class=\"column-3\">50$ Min. Anzahlung<\/td><td class=\"column-4\">50% bonus<\/td><td class=\"column-5\"><div itemprop=\"reviewRating\" itemscope itemtype=\"http:\/\/schema.org\/Rating\" class=\"usr\"><meta itemprop=\"worstRating\" content=\"0\" \/><meta itemprop=\"ratingValue\" content=\"5\" \/><meta itemprop=\"bestRating\" content=\"5\" \/><img decoding=\"async\" class=\"usr\" src=\"https:\/\/binary-option.co\/ch\/wp-content\/plugins\/universal-star-rating\/includes\/image.php?img=06.png&amp;px=15&amp;max=5&amp;rat=5\" alt=\"5 out of 5 stars\" style=\"height: 15px !important;\" \/><\/div><\/td><td class=\"column-6\"><a href=\"https:\/\/binary-option.co\/go\/pocketoption.com\/demo\" rel=\"noopener\" target=\"_blank\">Demokonto er\u00f6ffnen<\/a><\/td><td class=\"column-7\"><a class=\"maxbutton-1 maxbutton\" href=\"http:\/\/binary-option.co\/go\/pocketoption.com\"><span class='mb-text'>Besuchen<\/span><\/a><\/td>\n<\/tr>\n<tr class=\"row-4\">\n\t<td class=\"column-1\"><a href=\"http:\/\/binary-option.co\/go\/iqoption.com\"><img decoding=\"async\" src=\"http:\/\/binary-option.co\/wp-content\/uploads\/2020\/08\/IQ-Option-1-1.png\" alt=\"\" width=\"160\" height=\"50\" class=\"alignnone size-full wp-image-142\" \/><\/a><\/td><td class=\"column-2\">95% Kapitalrendite<\/td><td class=\"column-3\">10$ Min. Anzahlung<\/td><td class=\"column-4\">No bonus<\/td><td class=\"column-5\"><div itemprop=\"reviewRating\" itemscope itemtype=\"http:\/\/schema.org\/Rating\" class=\"usr\"><meta itemprop=\"worstRating\" content=\"0\" \/><meta itemprop=\"ratingValue\" content=\"5\" \/><meta itemprop=\"bestRating\" content=\"5\" \/><img decoding=\"async\" class=\"usr\" src=\"https:\/\/binary-option.co\/ch\/wp-content\/plugins\/universal-star-rating\/includes\/image.php?img=06.png&amp;px=15&amp;max=5&amp;rat=5\" alt=\"5 out of 5 stars\" style=\"height: 15px !important;\" \/><\/div><\/td><td class=\"column-6\"><a href=\"https:\/\/binary-option.co\/go\/iqoption.com\/demo\" rel=\"noopener\" target=\"_blank\">Demokonto er\u00f6ffnen<\/a><\/td><td class=\"column-7\"><a class=\"maxbutton-1 maxbutton\" href=\"http:\/\/binary-option.co\/go\/iqoption.com\"><span class='mb-text'>Besuchen<\/span><\/a><\/td>\n<\/tr>\n<tr class=\"row-5\">\n\t<td class=\"column-1\"><a href=\"https:\/\/binary-option.co\/go\/raceoption.com\"><img loading=\"lazy\" decoding=\"async\" src=\"https:\/\/binary-option.co\/wp-content\/uploads\/2021\/05\/Raceoption.png\" alt=\"\" width=\"160\" height=\"40\" class=\"alignnone size-full wp-image-441\" \/><\/a><\/td><td class=\"column-2\">95% Kapitalrendite<\/td><td class=\"column-3\">250$ Min. Anzahlung<\/td><td class=\"column-4\">200% bonus<\/td><td class=\"column-5\"><div itemprop=\"reviewRating\" itemscope itemtype=\"http:\/\/schema.org\/Rating\" class=\"usr\"><meta itemprop=\"worstRating\" content=\"0\" \/><meta itemprop=\"ratingValue\" content=\"5\" \/><meta itemprop=\"bestRating\" content=\"5\" \/><img decoding=\"async\" class=\"usr\" src=\"https:\/\/binary-option.co\/ch\/wp-content\/plugins\/universal-star-rating\/includes\/image.php?img=06.png&amp;px=15&amp;max=5&amp;rat=5\" alt=\"5 out of 5 stars\" style=\"height: 15px !important;\" \/><\/div><\/td><td class=\"column-6\"><a href=\"https:\/\/binary-option.co\/go\/raceoption.com\/demo\" rel=\"noopener\" target=\"_blank\">Demokonto er\u00f6ffnen<\/a><\/td><td class=\"column-7\"><a class=\"maxbutton-1 maxbutton\" href=\"https:\/\/binary-option.co\/go\/raceoption.com\"><span class='mb-text'>Besuchen<\/span><\/a><\/td>\n<\/tr>\n<tr class=\"row-6\">\n\t<td class=\"column-1\"><a href=\"https:\/\/binary-option.co\/go\/binarycent.com\"><img loading=\"lazy\" decoding=\"async\" src=\"https:\/\/binary-option.co\/wp-content\/uploads\/2021\/05\/Binarycent.png\" alt=\"\" width=\"160\" height=\"40\" class=\"alignnone size-full wp-image-82\" \/><\/a><\/td><td class=\"column-2\">95% Kapitalrendite<\/td><td class=\"column-3\">250$ Min. Anzahlung<\/td><td class=\"column-4\">200% bonus<\/td><td class=\"column-5\"><div itemprop=\"reviewRating\" itemscope itemtype=\"http:\/\/schema.org\/Rating\" class=\"usr\"><meta itemprop=\"worstRating\" content=\"0\" \/><meta itemprop=\"ratingValue\" content=\"5\" \/><meta itemprop=\"bestRating\" content=\"5\" \/><img decoding=\"async\" class=\"usr\" src=\"https:\/\/binary-option.co\/ch\/wp-content\/plugins\/universal-star-rating\/includes\/image.php?img=06.png&amp;px=15&amp;max=5&amp;rat=5\" alt=\"5 out of 5 stars\" style=\"height: 15px !important;\" \/><\/div><\/td><td class=\"column-6\"><a href=\"https:\/\/binary-option.co\/go\/binarycent.com\" rel=\"noopener\" target=\"_blank\">Demokonto er\u00f6ffnen<\/a><\/td><td class=\"column-7\"><a class=\"maxbutton-1 maxbutton\" href=\"https:\/\/binary-option.co\/go\/binarycent.com\"><span class='mb-text'>Besuchen<\/span><\/a><\/td>\n<\/tr>\n<tr class=\"row-7\">\n\t<td colspan=\"7\" class=\"column-1\"><center>Kapitalrendite = Maximaler Betrag, der bei erfolgreicher Investition dem Konto gutgeschrieben wird<\/center><\/td>\n<\/tr>\n<\/tbody>\n<\/table>\n\n\n\n\n<h2 class=\"wp-block-heading\">DemoKonto Keine Einzahlung<\/h2>\n\n\n\n<p>Nicht alle Broker bieten Demo-Konten an, und bei einigen m\u00fcssen Sie eine Einzahlung vornehmen, bevor Sie auf dem \u00dcbungskonto auf den Handel zugreifen k\u00f6nnen. Die gute Nachricht ist, dass es einige gro\u00dfartige Plattformen gibt, die dies anbieten, wenn Sie nach einem echten kostenlosen Demo-Konto f\u00fcr bin\u00e4re Optionen suchen, f\u00fcr das keine Einzahlung erforderlich ist. In der obigen Tabelle finden Sie eine Liste der besten Broker, die Demo-Konten anbieten, ohne vorher einzahlen zu m\u00fcssen. Andernfalls klicken Sie hier, um Ihr Konto zu er\u00f6ffnen, ohne bei einem unserer Lieblingsbroker einzuzahlen.<\/p>\n\n\n\n<h2 class=\"wp-block-heading\">Die Psychologie des Demo-Handels<\/h2>\n\n\n\n<p>In der Branche gibt es zwei sehr unterschiedliche Meinungen dar\u00fcber, ob der Handel mit einem DemoKonto Ihrem Handel tats\u00e4chlich hilft oder schadet. Einige Leute argumentieren, dass dies Ihren Handelsstil beeinflusst und Sie bereit sind, mehr Risiken einzugehen als gew\u00f6hnlich, da Sie Ihr eigenes Geld nicht riskieren. Da es darum geht, sich zu verbessern und zu lernen, hilft Ihnen dies nicht, sich zu verbessern, da Sie den Handel nicht so \u00fcben, wie Sie live handeln. Das andere Argument ist, dass Demokonten die perfekte M\u00f6glichkeit sind, neue Funktionen oder Assets auszuprobieren, aber vor allem andere Strategien und Handelsstile. Jede Handelsstrategie braucht Zeit, um zu lernen und zu perfektionieren, und das \u00dcben des Handels mit einer Live-Demo ist der beste Weg, dies zu tun. Ich pers\u00f6nlich liebe es, neue Dinge mit meinen Konten auszuprobieren, und heute bin ich ein viel besserer Live-Trader daf\u00fcr. Er\u00f6ffnen Sie jetzt ein kostenloses Demo-Konto und erhalten Sie Credits in H\u00f6he von 50.000 US-Dollar.<\/p>\n","protected":false},"excerpt":{"rendered":"<p>Viele Broker f\u00fcr bin\u00e4re Optionen bieten Demo-Konten an. Nur wenige Broker bieten ein kostenloses Demo-Konto f\u00fcr bin\u00e4re Optionen an. Ein kostenloses Demo-Konto ist ein \u00dcbungshandelskonto, das ein Broker bereitstellt, ohne eine Einzahlung vornehmen zu m\u00fcssen. Registrieren Sie sich einfach f\u00fcr ein kostenloses Konto beim Broker und fordern Sie Ihre Demo beim Kundendienst an.Die kostenlosen Demos [&hellip;]<\/p>\n","protected":false},"author":1,"featured_media":0,"parent":0,"menu_order":0,"comment_status":"closed","ping_status":"closed","template":"","meta":{"footnotes":""},"yoast_head":"<!-- This site is optimized with the Yoast SEO plugin v21.9.1 - https:\/\/yoast.com\/wordpress\/plugins\/seo\/ -->\n<title>Bin\u00e4re Optionen Demokonto - binary-option.co Deutsch<\/title>\n<meta name=\"robots\" content=\"index, follow, max-snippet:-1, max-image-preview:large, max-video-preview:-1\" \/>\n<link rel=\"canonical\" href=\"https:\/\/binary-option.co\/ch\/binaere-optionen-demo\/\" \/>\n<meta property=\"og:locale\" content=\"de_DE\" \/>\n<meta property=\"og:type\" content=\"article\" \/>\n<meta property=\"og:title\" content=\"Bin\u00e4re Optionen Demokonto - binary-option.co Deutsch\" \/>\n<meta property=\"og:description\" content=\"Viele Broker f\u00fcr bin\u00e4re Optionen bieten Demo-Konten an. Nur wenige Broker bieten ein kostenloses Demo-Konto f\u00fcr bin\u00e4re Optionen an. Ein kostenloses Demo-Konto ist ein \u00dcbungshandelskonto, das ein Broker bereitstellt, ohne eine Einzahlung vornehmen zu m\u00fcssen. Registrieren Sie sich einfach f\u00fcr ein kostenloses Konto beim Broker und fordern Sie Ihre Demo beim Kundendienst an.Die kostenlosen Demos [&hellip;]\" \/>\n<meta property=\"og:url\" content=\"https:\/\/binary-option.co\/ch\/binaere-optionen-demo\/\" \/>\n<meta property=\"og:site_name\" content=\"binary-option.co Deutsch\" \/>\n<meta property=\"article:modified_time\" content=\"2023-01-14T19:16:19+00:00\" \/>\n<meta name=\"twitter:card\" content=\"summary_large_image\" \/>\n<meta name=\"twitter:label1\" content=\"Gesch\u00e4tzte Lesezeit\" \/>\n\t<meta name=\"twitter:data1\" content=\"2\u00a0Minuten\" \/>\n<script type=\"application\/ld+json\" class=\"yoast-schema-graph\">{\"@context\":\"https:\/\/schema.org\",\"@graph\":[{\"@type\":\"WebPage\",\"@id\":\"https:\/\/binary-option.co\/ch\/binaere-optionen-demo\/\",\"url\":\"https:\/\/binary-option.co\/ch\/binaere-optionen-demo\/\",\"name\":\"Bin\u00e4re Optionen Demokonto - binary-option.co Deutsch\",\"isPartOf\":{\"@id\":\"https:\/\/binary-option.co\/ch\/#website\"},\"datePublished\":\"2020-09-22T13:51:32+00:00\",\"dateModified\":\"2023-01-14T19:16:19+00:00\",\"breadcrumb\":{\"@id\":\"https:\/\/binary-option.co\/ch\/binaere-optionen-demo\/#breadcrumb\"},\"inLanguage\":\"de\",\"potentialAction\":[{\"@type\":\"ReadAction\",\"target\":[\"https:\/\/binary-option.co\/ch\/binaere-optionen-demo\/\"]}]},{\"@type\":\"BreadcrumbList\",\"@id\":\"https:\/\/binary-option.co\/ch\/binaere-optionen-demo\/#breadcrumb\",\"itemListElement\":[{\"@type\":\"ListItem\",\"position\":1,\"name\":\"Home\",\"item\":\"https:\/\/binary-option.co\/ch\/\"},{\"@type\":\"ListItem\",\"position\":2,\"name\":\"Bin\u00e4re Optionen Demokonto\"}]},{\"@type\":\"WebSite\",\"@id\":\"https:\/\/binary-option.co\/ch\/#website\",\"url\":\"https:\/\/binary-option.co\/ch\/\",\"name\":\"binary-option.co Deutsch\",\"description\":\"Das Informationsportal zu bin\u00e4ren Optionen\",\"publisher\":{\"@id\":\"https:\/\/binary-option.co\/ch\/#organization\"},\"potentialAction\":[{\"@type\":\"SearchAction\",\"target\":{\"@type\":\"EntryPoint\",\"urlTemplate\":\"https:\/\/binary-option.co\/ch\/?s={search_term_string}\"},\"query-input\":\"required name=search_term_string\"}],\"inLanguage\":\"de\"},{\"@type\":\"Organization\",\"@id\":\"https:\/\/binary-option.co\/ch\/#organization\",\"name\":\"binary-option.co Deutsch\",\"url\":\"https:\/\/binary-option.co\/ch\/\",\"logo\":{\"@type\":\"ImageObject\",\"inLanguage\":\"de\",\"@id\":\"https:\/\/binary-option.co\/ch\/#\/schema\/logo\/image\/\",\"url\":\"https:\/\/binary-option.co\/ch\/wp-content\/uploads\/sites\/10\/2020\/12\/binary-option.co_.png\",\"contentUrl\":\"https:\/\/binary-option.co\/ch\/wp-content\/uploads\/sites\/10\/2020\/12\/binary-option.co_.png\",\"width\":398,\"height\":66,\"caption\":\"binary-option.co Deutsch\"},\"image\":{\"@id\":\"https:\/\/binary-option.co\/ch\/#\/schema\/logo\/image\/\"}}]}<\/script>\n<!-- \/ Yoast SEO plugin. -->","yoast_head_json":{"title":"Bin\u00e4re Optionen Demokonto - binary-option.co Deutsch","robots":{"index":"index","follow":"follow","max-snippet":"max-snippet:-1","max-image-preview":"max-image-preview:large","max-video-preview":"max-video-preview:-1"},"canonical":"https:\/\/binary-option.co\/ch\/binaere-optionen-demo\/","og_locale":"de_DE","og_type":"article","og_title":"Bin\u00e4re Optionen Demokonto - binary-option.co Deutsch","og_description":"Viele Broker f\u00fcr bin\u00e4re Optionen bieten Demo-Konten an. Nur wenige Broker bieten ein kostenloses Demo-Konto f\u00fcr bin\u00e4re Optionen an. Ein kostenloses Demo-Konto ist ein \u00dcbungshandelskonto, das ein Broker bereitstellt, ohne eine Einzahlung vornehmen zu m\u00fcssen. Registrieren Sie sich einfach f\u00fcr ein kostenloses Konto beim Broker und fordern Sie Ihre Demo beim Kundendienst an.Die kostenlosen Demos [&hellip;]","og_url":"https:\/\/binary-option.co\/ch\/binaere-optionen-demo\/","og_site_name":"binary-option.co Deutsch","article_modified_time":"2023-01-14T19:16:19+00:00","twitter_card":"summary_large_image","twitter_misc":{"Gesch\u00e4tzte Lesezeit":"2\u00a0Minuten"},"schema":{"@context":"https:\/\/schema.org","@graph":[{"@type":"WebPage","@id":"https:\/\/binary-option.co\/ch\/binaere-optionen-demo\/","url":"https:\/\/binary-option.co\/ch\/binaere-optionen-demo\/","name":"Bin\u00e4re Optionen Demokonto - binary-option.co Deutsch","isPartOf":{"@id":"https:\/\/binary-option.co\/ch\/#website"},"datePublished":"2020-09-22T13:51:32+00:00","dateModified":"2023-01-14T19:16:19+00:00","breadcrumb":{"@id":"https:\/\/binary-option.co\/ch\/binaere-optionen-demo\/#breadcrumb"},"inLanguage":"de","potentialAction":[{"@type":"ReadAction","target":["https:\/\/binary-option.co\/ch\/binaere-optionen-demo\/"]}]},{"@type":"BreadcrumbList","@id":"https:\/\/binary-option.co\/ch\/binaere-optionen-demo\/#breadcrumb","itemListElement":[{"@type":"ListItem","position":1,"name":"Home","item":"https:\/\/binary-option.co\/ch\/"},{"@type":"ListItem","position":2,"name":"Bin\u00e4re Optionen Demokonto"}]},{"@type":"WebSite","@id":"https:\/\/binary-option.co\/ch\/#website","url":"https:\/\/binary-option.co\/ch\/","name":"binary-option.co Deutsch","description":"Das Informationsportal zu bin\u00e4ren Optionen","publisher":{"@id":"https:\/\/binary-option.co\/ch\/#organization"},"potentialAction":[{"@type":"SearchAction","target":{"@type":"EntryPoint","urlTemplate":"https:\/\/binary-option.co\/ch\/?s={search_term_string}"},"query-input":"required name=search_term_string"}],"inLanguage":"de"},{"@type":"Organization","@id":"https:\/\/binary-option.co\/ch\/#organization","name":"binary-option.co Deutsch","url":"https:\/\/binary-option.co\/ch\/","logo":{"@type":"ImageObject","inLanguage":"de","@id":"https:\/\/binary-option.co\/ch\/#\/schema\/logo\/image\/","url":"https:\/\/binary-option.co\/ch\/wp-content\/uploads\/sites\/10\/2020\/12\/binary-option.co_.png","contentUrl":"https:\/\/binary-option.co\/ch\/wp-content\/uploads\/sites\/10\/2020\/12\/binary-option.co_.png","width":398,"height":66,"caption":"binary-option.co Deutsch"},"image":{"@id":"https:\/\/binary-option.co\/ch\/#\/schema\/logo\/image\/"}}]}},"_links":{"self":[{"href":"https:\/\/binary-option.co\/ch\/wp-json\/wp\/v2\/pages\/15"}],"collection":[{"href":"https:\/\/binary-option.co\/ch\/wp-json\/wp\/v2\/pages"}],"about":[{"href":"https:\/\/binary-option.co\/ch\/wp-json\/wp\/v2\/types\/page"}],"author":[{"embeddable":true,"href":"https:\/\/binary-option.co\/ch\/wp-json\/wp\/v2\/users\/1"}],"replies":[{"embeddable":true,"href":"https:\/\/binary-option.co\/ch\/wp-json\/wp\/v2\/comments?post=15"}],"version-history":[{"count":4,"href":"https:\/\/binary-option.co\/ch\/wp-json\/wp\/v2\/pages\/15\/revisions"}],"predecessor-version":[{"id":368,"href":"https:\/\/binary-option.co\/ch\/wp-json\/wp\/v2\/pages\/15\/revisions\/368"}],"wp:attachment":[{"href":"https:\/\/binary-option.co\/ch\/wp-json\/wp\/v2\/media?parent=15"}],"curies":[{"name":"wp","href":"https:\/\/api.w.org\/{rel}","templated":true}]}}