{"id":344,"date":"2022-04-01T22:25:24","date_gmt":"2022-04-01T22:25:24","guid":{"rendered":"https:\/\/binary-option.co\/br\/?page_id=344"},"modified":"2023-01-14T18:27:05","modified_gmt":"2023-01-14T18:27:05","slug":"iqcent-e-confiavel","status":"publish","type":"page","link":"https:\/\/binary-option.co\/br\/iqcent-e-confiavel\/","title":{"rendered":"IQCent Opini\u00f5es"},"content":{"rendered":"\n<div class=\"wp-block-columns is-layout-flex wp-container-core-columns-layout-1 wp-block-columns-is-layout-flex\">\n<div class=\"wp-block-column is-layout-flow wp-block-column-is-layout-flow\" style=\"flex-basis:33.33%\">\n<figure class=\"wp-block-image size-large\"><a href=\"https:\/\/binary-option.co\/go\/iqcent.com\" target=\"_blank\" rel=\"noopener\"><img decoding=\"async\" src=\"https:\/\/binary-option.co\/wp-content\/uploads\/2021\/10\/iqcent-logo.png\" alt=\"\" class=\"wp-image-1109\"\/><\/a><\/figure>\n<\/div>\n\n\n\n<div class=\"wp-block-column is-layout-flow wp-block-column-is-layout-flow\" style=\"flex-basis:66.66%\">\n<p><strong>Avalia\u00e7\u00e3o:<\/strong> <div itemprop=\"reviewRating\" itemscope itemtype=\"http:\/\/schema.org\/Rating\" class=\"usr\"><meta itemprop=\"worstRating\" content=\"0\" \/><meta itemprop=\"ratingValue\" content=\"4\" \/><meta itemprop=\"bestRating\" content=\"5\" \/><img decoding=\"async\" class=\"usr\" src=\"https:\/\/binary-option.co\/br\/wp-content\/plugins\/universal-star-rating\/includes\/image.php?img=06.png&amp;px=16&amp;max=5&amp;rat=4\" alt=\"4 out of 5 stars\" style=\"height: 16px !important;\" \/><\/div><\/p>\n\n\n\n<ul id=\"block-48994b58-cb5d-4105-94aa-8811d40674ea\"><li>Pagamento de at\u00e9 95% (o valor \u00e9 creditado na conta em caso de investimento bem-sucedido)<\/li><li>At\u00e9 150% de b\u00f4nus (c\u00f3digo promocional IQCent BINARYOPTION)<\/li><li>$ 20 minutos.&nbsp;dep\u00f3sito<\/li><\/ul>\n\n\n\n<p class=\"has-text-align-center\"><a class=\"maxbutton-2 maxbutton maxbutton-big-button\" target=\"_blank\" title=\"Visitar Corretora\" rel=\"nofollow noopener\" href=\"https:\/\/binary-option.co\/go\/iqcent.com\"><span class='mb-text'>Visitar Corretora<\/span><\/a><\/p>\n\n\n\n<p class=\"has-text-align-center\">Aviso geral de risco: seu capital est\u00e1 em risco<\/p>\n<\/div>\n<\/div>\n\n\n\n<p>Hoje em dia, mais e mais pessoas est\u00e3o negociando online.&nbsp;Seja em seu computador dom\u00e9stico ou por meio de um smartphone, voc\u00ea pode negociar em muitas plataformas de negocia\u00e7\u00e3o on-line de qualquer lugar do mundo.&nbsp;\u00c9 por isso que tantas pessoas est\u00e3o entrando no trading on-line, seja como fonte de renda adicional ou como um emprego em tempo integral.<\/p>\n\n\n\n<p>No entanto, escolher uma boa corretora \u00e9 essencial para o seu sucesso no mundo do trading online.&nbsp;Existem muitos golpes e corretoras ruins por a\u00ed, ent\u00e3o \u00e9 normal fazer perguntas sobre a legitimidade de sua corretora.<\/p>\n\n\n\n<p>Nesta revis\u00e3o,&nbsp;<strong>analisaremos a corretora IQCent e veremos todos os recursos e servi\u00e7os oferecidos por essa corretora<\/strong>&nbsp;.&nbsp;Tamb\u00e9m lhe diremos se realmente vale a pena abrir uma conta no IQCent.<\/p>\n\n\n\n<figure class=\"wp-block-image\"><a href=\"https:\/\/binary-option.co\/go\/iqcent.com\" target=\"_blank\" rel=\"noreferrer noopener\"><img decoding=\"async\" src=\"https:\/\/binary-option.co\/wp-content\/uploads\/2021\/10\/iqcent-1024x572.png\" alt=\"\" class=\"wp-image-1101\"\/><\/a><\/figure>\n\n\n\n<h2 class=\"wp-block-heading\">O que \u00e9 IQCent?<\/h2>\n\n\n\n<p><strong>A IQCent \u00e9 uma corretora de Forex, CFD e op\u00e7\u00f5es bin\u00e1rias<\/strong>&nbsp;que iniciou sua atividade em 2017. A IQCent \u00e9 uma das \u00fanicas corretoras on-line a permitir que seus clientes negociem com posi\u00e7\u00f5es que podem ser t\u00e3o baixas quanto 0,01 centavo.&nbsp;Esta corretora opera sob o nome de Wave Maker LTD e est\u00e1 sediado em Majuro, Ilhas Marshall.<\/p>\n\n\n\n<p>Para garantir a legitimidade de uma corretora, a regulamenta\u00e7\u00e3o \u00e9 um ponto importante.&nbsp;Ainda existem corretoras n\u00e3o regulamentadas s\u00e9rias, tamb\u00e9m existem muitas outras que s\u00e3o apenas fraudes.<\/p>\n\n\n\n<p>A IQCent, n\u00e3o \u00e9 uma das corretoras regulamentadas ou registradas por um \u00f3rg\u00e3o regulador respeit\u00e1vel.&nbsp;Isso n\u00e3o quer dizer que \u00e9 uma corretora ruim, mas os clientes que desejam negociar com IQCent devem ter cuidado ao negociar op\u00e7\u00f5es bin\u00e1rias, forex ou CFD com essa corretora espec\u00edfica.<\/p>\n\n\n\n<p>Em rela\u00e7\u00e3o \u00e0 prote\u00e7\u00e3o dos seus dados pessoais.&nbsp;Um bom ponto aqui \u00e9 que voc\u00ea n\u00e3o precisa se preocupar porque o&nbsp;<strong>IQ Cent est\u00e1 equipado com o protocolo de seguran\u00e7a SSL atualizado<\/strong>&nbsp;.&nbsp;Isso significa que seus dados s\u00e3o criptografados e n\u00e3o podem ser recuperados por hackers e outras pessoas mal-intencionadas.<\/p>\n\n\n\n<h2 class=\"wp-block-heading\">Plataforma de negocia\u00e7\u00e3o IQCent<\/h2>\n\n\n\n<p><strong>A plataforma de negocia\u00e7\u00e3o IQCent \u00e9 simples e intuitiva<\/strong>&nbsp;.&nbsp;Foi criado especialmente pela corretora para atender as necessidades de seus clientes.&nbsp;Esta plataforma inclui muitos indicadores e ferramentas de gr\u00e1ficos muito \u00fateis na an\u00e1lise t\u00e9cnica.<\/p>\n\n\n\n<figure class=\"wp-block-image\"><a href=\"https:\/\/binary-option.co\/go\/iqcent.com\" target=\"_blank\" rel=\"noreferrer noopener\"><img decoding=\"async\" src=\"https:\/\/binary-option.co\/wp-content\/uploads\/2021\/10\/iqcent-trading-platform-1024x509.png\" alt=\"\" class=\"wp-image-1103\"\/><\/a><\/figure>\n\n\n\n<p>\u00c0 esquerda da plataforma de negocia\u00e7\u00e3o IQCent est\u00e1 a lista de ativos dispon\u00edveis.&nbsp;A parte gr\u00e1fica \u00e9 colocada no centro da tela e os menus que permitem configurar as ordens s\u00e3o encontrados \u00e0 direita da tela com os bot\u00f5es Call e PUT.<\/p>\n\n\n\n<p>Nesta plataforma de negocia\u00e7\u00e3o, voc\u00ea tamb\u00e9m encontrar\u00e1 uma ferramenta de negocia\u00e7\u00e3o de c\u00f3pias.&nbsp;Esta ferramenta de negocia\u00e7\u00e3o de c\u00f3pias permite que voc\u00ea copie as negocia\u00e7\u00f5es de outros traders e ganhe mesmo sem qualquer experi\u00eancia de negocia\u00e7\u00e3o<\/p>\n\n\n\n<p><strong>No geral, a plataforma de negocia\u00e7\u00e3o IQ Cent permanece cl\u00e1ssica e integra todos os elementos que se esperaria encontrar em uma plataforma de negocia\u00e7\u00e3o de op\u00e7\u00f5es bin\u00e1rias, forex e CFD.<\/strong><\/p>\n\n\n\n<figure class=\"wp-block-image\"><a href=\"https:\/\/binary-option.co\/go\/iqcent.com\" target=\"_blank\" rel=\"noreferrer noopener\"><img decoding=\"async\" src=\"https:\/\/binary-option.co\/wp-content\/uploads\/2021\/10\/iqcent-copy-trading-1024x689.png\" alt=\"\" class=\"wp-image-1105\"\/><\/a><\/figure>\n\n\n\n<h2 class=\"wp-block-heading\">Ativos<\/h2>\n\n\n\n<p>A IQCent oferece a esses clientes nada menos que 100 ativos para negocia\u00e7\u00e3o.&nbsp;Entre esses ativos voc\u00ea pode encontrar:<\/p>\n\n\n\n<ul><li>A\u00e7\u00f5es<\/li><li>Criptografia<\/li><li>Mercadorias<\/li><li>\u00cdndice<\/li><li>moedas forex<\/li><\/ul>\n\n\n\n<p>No IQCent, voc\u00ea encontrar\u00e1 muitos dos ativos mais populares, como os principais pares de moedas forex, petr\u00f3leo, a\u00e7\u00f5es e muitos outros ativos populares.<\/p>\n\n\n\n<p>N\u00e3o hesite em ler a&nbsp;<strong>lista de todos os ativos dispon\u00edveis na plataforma web IQ Cent<\/strong>&nbsp;.&nbsp;Observe que a lista de ativos na forma de op\u00e7\u00e3o n\u00e3o \u00e9 a mesma que a lista de ativos oferecida na forma de CFD.<\/p>\n\n\n\n<p>A plataforma da IQCent permite&nbsp;<strong>negociar forex e CFDs com uma alavancagem de 1: 100<\/strong>&nbsp;e pode chegar at\u00e9 1: 500 em alguns ativos.&nbsp;A alavancagem varia de acordo com o ativo.<\/p>\n\n\n\n<p>Voc\u00ea pode negociar 24\/7 no IQCent.&nbsp;No entanto, observe que alguns mercados est\u00e3o fechados nos fins de semana ou em determinados hor\u00e1rios.&nbsp;Criptomoedas na forma de op\u00e7\u00f5es ou CFDs podem ser negociadas a qualquer momento.<\/p>\n\n\n\n<p>Um bom ponto aqui \u00e9 que o&nbsp;<strong>IQ Cent n\u00e3o cobra taxas sobre Forex, CFD e negocia\u00e7\u00e3o de op\u00e7\u00f5es<\/strong>&nbsp;.&nbsp;No entanto, a corretora pode cobrar uma taxa dependendo do seu m\u00e9todo de retirada.&nbsp;Voc\u00ea pode encontrar mais informa\u00e7\u00f5es sobre isso na se\u00e7\u00e3o de retirada abaixo.<\/p>\n\n\n\n<ul><li>IQCent Dep\u00f3sito m\u00ednimo de $ 20<\/li><li>Retorno de 95%+ para negocia\u00e7\u00e3o de op\u00e7\u00f5es<\/li><li>Alavanque at\u00e9 1:500 na negocia\u00e7\u00e3o de CFD<\/li><li>Taxas fixas de negocia\u00e7\u00e3o de CFDs de at\u00e9 5%<\/li><li>V\u00e1rios m\u00e9todos de pagamento<\/li><li>Suporte 24 horas por dia, 7 dias por semana<\/li><li>Plataforma web \u00fanica<\/li><\/ul>\n\n\n\n<h2 class=\"wp-block-heading\">Contas IQCent<\/h2>\n\n\n\n<ul><li>IQCent oferece a possibilidade de abrir 3 tipos de contas:<\/li><li>Bronze (dep\u00f3sitos entre $ 10 e $ 250)<\/li><li>Prata (dep\u00f3sitos entre $ 250 e $ 1.000)<\/li><li>Ouro (dep\u00f3sitos acima de US$ 1.000).<\/li><\/ul>\n\n\n\n<p>Entre as contas oferecidas, cada tipo de conta possui uma porcentagem de b\u00f4nus diferente (de 20 a 100%), al\u00e9m do b\u00f4nus oferecido, essas contas est\u00e3o associadas a outros benef\u00edcios, como a obten\u00e7\u00e3o de um gerente pessoal e webinars (sess\u00e3o web) para Silver e contas de ouro.<\/p>\n\n\n\n<h2 class=\"wp-block-heading\">Dep\u00f3sitos e saques IQCent<\/h2>\n\n\n\n<p><strong>O IQCent possui uma infinidade de m\u00e9todos de pagamento<\/strong>&nbsp;para fazer seus dep\u00f3sitos e saques, com mais de 10 op\u00e7\u00f5es de pagamento.&nbsp;Voc\u00ea pode realocar seus saques por meio de criptomoeda, cart\u00e3o de&nbsp;<strong>cr\u00e9dito\/d\u00e9bito e outros meios de pagamento, como carteiras eletr\u00f4nicas.<\/strong><\/p>\n\n\n\n<figure class=\"wp-block-image\"><a href=\"https:\/\/binary-option.co\/go\/iqcent.com\" target=\"_blank\" rel=\"noreferrer noopener\"><img decoding=\"async\" src=\"https:\/\/binary-option.co\/wp-content\/uploads\/2021\/10\/iqcent-funding-methods-1024x942.png\" alt=\"\" class=\"wp-image-1106\"\/><\/a><\/figure>\n\n\n\n<h2 class=\"wp-block-heading\">Preste aten\u00e7\u00e3o \u00e0s importantes condi\u00e7\u00f5es de volume de neg\u00f3cios<\/h2>\n\n\n\n<p>Um ponto importante a ser lembrado sobre saques,&nbsp;<strong>o IQCent exige que voc\u00ea negocie uma certa quantia antes de poder sacar seus fundos sem taxa<\/strong>&nbsp;, mesmo se estiver usando um b\u00f4nus ou negociando sem b\u00f4nus.<\/p>\n\n\n\n<p>O IQCent cobra uma taxa de saque de 20% se voc\u00ea quiser sacar seu dinheiro antes de ter negociado o equivalente a 300% do seu saldo (para contas com b\u00f4nus) ou 100% do faturamento (para contas sem b\u00f4nus) )<\/p>\n\n\n\n<h2 class=\"wp-block-heading\">Concurso de negocia\u00e7\u00e3o IQCent<\/h2>\n\n\n\n<p>Toda semana,&nbsp;<strong>o IQ Cent organiza torneios de negocia\u00e7\u00e3o e oferece ao vencedor US$ 20.000 em pr\u00eamios<\/strong>&nbsp;.&nbsp;Todos os traders s\u00e3o automaticamente qualificados para participar da competi\u00e7\u00e3o semanal de negocia\u00e7\u00e3o.&nbsp;O IQ Cent tamb\u00e9m oferece brindes todos os meses, como iPhone 11 Pro,<br>AirPods, Apple Watch.<\/p>\n\n\n\n<figure class=\"wp-block-image\"><a href=\"https:\/\/binary-option.co\/go\/iqcent.com\" target=\"_blank\" rel=\"noreferrer noopener\"><img decoding=\"async\" src=\"https:\/\/binary-option.co\/wp-content\/uploads\/2021\/10\/iqcent-trading-contest-1024x702.png\" alt=\"\" class=\"wp-image-1107\"\/><\/a><\/figure>\n\n\n\n<h2 class=\"wp-block-heading\">Conclus\u00e3o da revis\u00e3o do IQCent<\/h2>\n\n\n\n<p><strong>IQCent n\u00e3o \u00e9 um golpe<\/strong>&nbsp;.&nbsp;No entanto, esta corretora tem algumas desvantagens que podem desencorajar alguns traders, como a exig\u00eancia de volume de neg\u00f3cios para fazer saques gratuitos ou a impossibilidade de abrir uma conta demo gratuitamente sem dep\u00f3sito.<\/p>\n\n\n\n<p>Se essas condi\u00e7\u00f5es n\u00e3o combinam com voc\u00ea, voc\u00ea pode ver nossas outras opini\u00f5es sobre corretoras ou nossa compara\u00e7\u00e3o das melhores corretoras que lista a melhor corretar de op\u00e7\u00f5es bin\u00e1rias com uma conta demo gratuita e sem nenhuma restri\u00e7\u00e3o de saques.<\/p>\n\n\n\n<p class=\"has-text-align-center\"><a class=\"maxbutton-2 maxbutton maxbutton-big-button\" target=\"_blank\" title=\"Visitar Corretora\" rel=\"nofollow noopener\" href=\"https:\/\/binary-option.co\/go\/iqcent.com\"><span class='mb-text'>Visitar Corretora<\/span><\/a><\/p>\n\n\n\n<p class=\"has-text-align-center\"><strong>Use o c\u00f3digo promocional IQCent BINARYOPTION para obter 150% de b\u00f4nus<\/strong><\/p>\n","protected":false},"excerpt":{"rendered":"<p>Avalia\u00e7\u00e3o: Pagamento de at\u00e9 95% (o valor \u00e9 creditado na conta em caso de investimento bem-sucedido) At\u00e9 150% de b\u00f4nus (c\u00f3digo promocional IQCent BINARYOPTION) $ 20 minutos.&nbsp;dep\u00f3sito Aviso geral de risco: seu capital est\u00e1 em risco Hoje em dia, mais e mais pessoas est\u00e3o negociando online.&nbsp;Seja em seu computador dom\u00e9stico ou por meio de um [&hellip;]<\/p>\n","protected":false},"author":1,"featured_media":0,"parent":0,"menu_order":0,"comment_status":"closed","ping_status":"closed","template":"","meta":{"footnotes":""},"yoast_head":"<!-- This site is optimized with the Yoast SEO plugin v21.9.1 - https:\/\/yoast.com\/wordpress\/plugins\/seo\/ -->\n<title>IQCent Opini\u00f5es 2023 - binary-option.co Brazil<\/title>\n<meta name=\"robots\" content=\"index, follow, max-snippet:-1, max-image-preview:large, max-video-preview:-1\" \/>\n<link rel=\"canonical\" href=\"https:\/\/binary-option.co\/br\/iqcent-e-confiavel\/\" \/>\n<meta property=\"og:locale\" content=\"pt_BR\" \/>\n<meta property=\"og:type\" content=\"article\" \/>\n<meta property=\"og:title\" content=\"IQCent Opini\u00f5es 2023 - binary-option.co Brazil\" \/>\n<meta property=\"og:description\" content=\"Avalia\u00e7\u00e3o: Pagamento de at\u00e9 95% (o valor \u00e9 creditado na conta em caso de investimento bem-sucedido) At\u00e9 150% de b\u00f4nus (c\u00f3digo promocional IQCent BINARYOPTION) $ 20 minutos.&nbsp;dep\u00f3sito Aviso geral de risco: seu capital est\u00e1 em risco Hoje em dia, mais e mais pessoas est\u00e3o negociando online.&nbsp;Seja em seu computador dom\u00e9stico ou por meio de um [&hellip;]\" \/>\n<meta property=\"og:url\" content=\"https:\/\/binary-option.co\/br\/iqcent-e-confiavel\/\" \/>\n<meta property=\"og:site_name\" content=\"binary-option.co Brazil\" \/>\n<meta property=\"article:modified_time\" content=\"2023-01-14T18:27:05+00:00\" \/>\n<meta property=\"og:image\" content=\"https:\/\/binary-option.co\/wp-content\/uploads\/2021\/10\/iqcent-logo.png\" \/>\n<meta name=\"twitter:card\" content=\"summary_large_image\" \/>\n<meta name=\"twitter:label1\" content=\"Est. tempo de leitura\" \/>\n\t<meta name=\"twitter:data1\" content=\"6 minutos\" \/>\n<script type=\"application\/ld+json\" class=\"yoast-schema-graph\">{\"@context\":\"https:\/\/schema.org\",\"@graph\":[{\"@type\":\"WebPage\",\"@id\":\"https:\/\/binary-option.co\/br\/iqcent-e-confiavel\/\",\"url\":\"https:\/\/binary-option.co\/br\/iqcent-e-confiavel\/\",\"name\":\"IQCent Opini\u00f5es 2023 - binary-option.co Brazil\",\"isPartOf\":{\"@id\":\"https:\/\/binary-option.co\/br\/#website\"},\"datePublished\":\"2022-04-01T22:25:24+00:00\",\"dateModified\":\"2023-01-14T18:27:05+00:00\",\"breadcrumb\":{\"@id\":\"https:\/\/binary-option.co\/br\/iqcent-e-confiavel\/#breadcrumb\"},\"inLanguage\":\"pt-BR\",\"potentialAction\":[{\"@type\":\"ReadAction\",\"target\":[\"https:\/\/binary-option.co\/br\/iqcent-e-confiavel\/\"]}]},{\"@type\":\"BreadcrumbList\",\"@id\":\"https:\/\/binary-option.co\/br\/iqcent-e-confiavel\/#breadcrumb\",\"itemListElement\":[{\"@type\":\"ListItem\",\"position\":1,\"name\":\"Home\",\"item\":\"https:\/\/binary-option.co\/br\/\"},{\"@type\":\"ListItem\",\"position\":2,\"name\":\"IQCent Opini\u00f5es\"}]},{\"@type\":\"WebSite\",\"@id\":\"https:\/\/binary-option.co\/br\/#website\",\"url\":\"https:\/\/binary-option.co\/br\/\",\"name\":\"binary-option.co Brazil\",\"description\":\"Guia de op\u00e7\u00f5es bin\u00e1rias para iniciantes\",\"publisher\":{\"@id\":\"https:\/\/binary-option.co\/br\/#organization\"},\"potentialAction\":[{\"@type\":\"SearchAction\",\"target\":{\"@type\":\"EntryPoint\",\"urlTemplate\":\"https:\/\/binary-option.co\/br\/?s={search_term_string}\"},\"query-input\":\"required name=search_term_string\"}],\"inLanguage\":\"pt-BR\"},{\"@type\":\"Organization\",\"@id\":\"https:\/\/binary-option.co\/br\/#organization\",\"name\":\"binary-option.co Brazil\",\"url\":\"https:\/\/binary-option.co\/br\/\",\"logo\":{\"@type\":\"ImageObject\",\"inLanguage\":\"pt-BR\",\"@id\":\"https:\/\/binary-option.co\/br\/#\/schema\/logo\/image\/\",\"url\":\"https:\/\/binary-option.co\/br\/wp-content\/uploads\/sites\/14\/2020\/12\/binary-option.co_.png\",\"contentUrl\":\"https:\/\/binary-option.co\/br\/wp-content\/uploads\/sites\/14\/2020\/12\/binary-option.co_.png\",\"width\":398,\"height\":66,\"caption\":\"binary-option.co Brazil\"},\"image\":{\"@id\":\"https:\/\/binary-option.co\/br\/#\/schema\/logo\/image\/\"}}]}<\/script>\n<!-- \/ Yoast SEO plugin. -->","yoast_head_json":{"title":"IQCent Opini\u00f5es 2023 - binary-option.co Brazil","robots":{"index":"index","follow":"follow","max-snippet":"max-snippet:-1","max-image-preview":"max-image-preview:large","max-video-preview":"max-video-preview:-1"},"canonical":"https:\/\/binary-option.co\/br\/iqcent-e-confiavel\/","og_locale":"pt_BR","og_type":"article","og_title":"IQCent Opini\u00f5es 2023 - binary-option.co Brazil","og_description":"Avalia\u00e7\u00e3o: Pagamento de at\u00e9 95% (o valor \u00e9 creditado na conta em caso de investimento bem-sucedido) At\u00e9 150% de b\u00f4nus (c\u00f3digo promocional IQCent BINARYOPTION) $ 20 minutos.&nbsp;dep\u00f3sito Aviso geral de risco: seu capital est\u00e1 em risco Hoje em dia, mais e mais pessoas est\u00e3o negociando online.&nbsp;Seja em seu computador dom\u00e9stico ou por meio de um [&hellip;]","og_url":"https:\/\/binary-option.co\/br\/iqcent-e-confiavel\/","og_site_name":"binary-option.co Brazil","article_modified_time":"2023-01-14T18:27:05+00:00","og_image":[{"url":"https:\/\/binary-option.co\/wp-content\/uploads\/2021\/10\/iqcent-logo.png"}],"twitter_card":"summary_large_image","twitter_misc":{"Est. tempo de leitura":"6 minutos"},"schema":{"@context":"https:\/\/schema.org","@graph":[{"@type":"WebPage","@id":"https:\/\/binary-option.co\/br\/iqcent-e-confiavel\/","url":"https:\/\/binary-option.co\/br\/iqcent-e-confiavel\/","name":"IQCent Opini\u00f5es 2023 - binary-option.co Brazil","isPartOf":{"@id":"https:\/\/binary-option.co\/br\/#website"},"datePublished":"2022-04-01T22:25:24+00:00","dateModified":"2023-01-14T18:27:05+00:00","breadcrumb":{"@id":"https:\/\/binary-option.co\/br\/iqcent-e-confiavel\/#breadcrumb"},"inLanguage":"pt-BR","potentialAction":[{"@type":"ReadAction","target":["https:\/\/binary-option.co\/br\/iqcent-e-confiavel\/"]}]},{"@type":"BreadcrumbList","@id":"https:\/\/binary-option.co\/br\/iqcent-e-confiavel\/#breadcrumb","itemListElement":[{"@type":"ListItem","position":1,"name":"Home","item":"https:\/\/binary-option.co\/br\/"},{"@type":"ListItem","position":2,"name":"IQCent Opini\u00f5es"}]},{"@type":"WebSite","@id":"https:\/\/binary-option.co\/br\/#website","url":"https:\/\/binary-option.co\/br\/","name":"binary-option.co Brazil","description":"Guia de op\u00e7\u00f5es bin\u00e1rias para iniciantes","publisher":{"@id":"https:\/\/binary-option.co\/br\/#organization"},"potentialAction":[{"@type":"SearchAction","target":{"@type":"EntryPoint","urlTemplate":"https:\/\/binary-option.co\/br\/?s={search_term_string}"},"query-input":"required name=search_term_string"}],"inLanguage":"pt-BR"},{"@type":"Organization","@id":"https:\/\/binary-option.co\/br\/#organization","name":"binary-option.co Brazil","url":"https:\/\/binary-option.co\/br\/","logo":{"@type":"ImageObject","inLanguage":"pt-BR","@id":"https:\/\/binary-option.co\/br\/#\/schema\/logo\/image\/","url":"https:\/\/binary-option.co\/br\/wp-content\/uploads\/sites\/14\/2020\/12\/binary-option.co_.png","contentUrl":"https:\/\/binary-option.co\/br\/wp-content\/uploads\/sites\/14\/2020\/12\/binary-option.co_.png","width":398,"height":66,"caption":"binary-option.co Brazil"},"image":{"@id":"https:\/\/binary-option.co\/br\/#\/schema\/logo\/image\/"}}]}},"_links":{"self":[{"href":"https:\/\/binary-option.co\/br\/wp-json\/wp\/v2\/pages\/344"}],"collection":[{"href":"https:\/\/binary-option.co\/br\/wp-json\/wp\/v2\/pages"}],"about":[{"href":"https:\/\/binary-option.co\/br\/wp-json\/wp\/v2\/types\/page"}],"author":[{"embeddable":true,"href":"https:\/\/binary-option.co\/br\/wp-json\/wp\/v2\/users\/1"}],"replies":[{"embeddable":true,"href":"https:\/\/binary-option.co\/br\/wp-json\/wp\/v2\/comments?post=344"}],"version-history":[{"count":8,"href":"https:\/\/binary-option.co\/br\/wp-json\/wp\/v2\/pages\/344\/revisions"}],"predecessor-version":[{"id":389,"href":"https:\/\/binary-option.co\/br\/wp-json\/wp\/v2\/pages\/344\/revisions\/389"}],"wp:attachment":[{"href":"https:\/\/binary-option.co\/br\/wp-json\/wp\/v2\/media?parent=344"}],"curies":[{"name":"wp","href":"https:\/\/api.w.org\/{rel}","templated":true}]}}