{"id":337,"date":"2022-04-01T21:05:20","date_gmt":"2022-04-01T21:05:20","guid":{"rendered":"https:\/\/binary-option.co\/br\/?page_id=337"},"modified":"2023-01-14T18:25:22","modified_gmt":"2023-01-14T18:25:22","slug":"binarycent-e-confiavel","status":"publish","type":"page","link":"https:\/\/binary-option.co\/br\/binarycent-e-confiavel\/","title":{"rendered":"BinaryCent opini\u00f5es"},"content":{"rendered":"\n<div class=\"wp-block-columns is-layout-flex wp-container-core-columns-layout-1 wp-block-columns-is-layout-flex\">\n<div class=\"wp-block-column is-layout-flow wp-block-column-is-layout-flow\" style=\"flex-basis:33.33%\">\n<figure class=\"wp-block-image size-large\"><a href=\"https:\/\/binary-option.co\/go\/binarycent.com\" target=\"_blank\" rel=\"noopener\"><img decoding=\"async\" src=\"https:\/\/binary-option.co\/wp-content\/uploads\/2021\/05\/binarycent-logo.png\" alt=\"\" class=\"wp-image-505\"\/><\/a><\/figure>\n<\/div>\n\n\n\n<div class=\"wp-block-column is-layout-flow wp-block-column-is-layout-flow\" style=\"flex-basis:66.66%\">\n<p><strong>Avalia\u00e7\u00e3o:<\/strong> <div itemprop=\"reviewRating\" itemscope itemtype=\"http:\/\/schema.org\/Rating\" class=\"usr\"><meta itemprop=\"worstRating\" content=\"0\" \/><meta itemprop=\"ratingValue\" content=\"4,5\" \/><meta itemprop=\"bestRating\" content=\"5\" \/><img decoding=\"async\" class=\"usr\" src=\"https:\/\/binary-option.co\/br\/wp-content\/plugins\/universal-star-rating\/includes\/image.php?img=06.png&amp;px=16&amp;max=5&amp;rat=4.5\" alt=\"4.5 out of 5 stars\" style=\"height: 16px !important;\" \/><\/div><\/p>\n\n\n\n<ul id=\"block-48994b58-cb5d-4105-94aa-8811d40674ea\"><li>Pagamento de at\u00e9 95% (o valor \u00e9 creditado na conta em caso de investimento bem-sucedido)<\/li><li>GLOFSA Regulamentado<\/li><li>B\u00f4nus de at\u00e9 200%<\/li><li>$ 250 minutos.&nbsp;Dep\u00f3sito<\/li><\/ul>\n\n\n\n<p class=\"has-text-align-center\"><a class=\"maxbutton-2 maxbutton maxbutton-big-button\" target=\"_blank\" title=\"Visitar Corretora\" rel=\"nofollow noopener\" href=\"https:\/\/binary-option.co\/go\/binarycent.com\"><span class='mb-text'>Visitar Corretora<\/span><\/a><\/p>\n\n\n\n<p class=\"has-text-align-center\">Aviso geral de risco: seu capital est\u00e1 em risco<\/p>\n<\/div>\n<\/div>\n\n\n\n<p>BinaryCent \u00e9 uma nova plataforma de negocia\u00e7\u00e3o on-line criada em 2017. Esta corretora de op\u00e7\u00e3o bin\u00e1ria,  Forex e CFD \u00e9 gerenciada por uma empresa sob o nome de Wave Makers LTD, uma empresa sediada em Trust Company Complex, Ajeltake Road, Ajeltake Island , Majuro, Ilhas Marshall .&nbsp;BinaryCent \u00e9 uma corretora para negocia\u00e7\u00e3o de op\u00e7\u00f5es bin\u00e1rias, bem como forex \u00e0 vista e contratos por diferen\u00e7a (CFDs).<\/p>\n\n\n\n<figure class=\"wp-block-image\"><a href=\"https:\/\/binary-option.co\/go\/binarycent.com\" target=\"_blank\" rel=\"noreferrer noopener\"><img decoding=\"async\" src=\"https:\/\/binary-option.co\/wp-content\/uploads\/2021\/10\/BinaryCent-review-1024x596.png\" alt=\"\" class=\"wp-image-1091\"\/><\/a><\/figure>\n\n\n\n<h2 class=\"wp-block-heading\">Regulamento e reputa\u00e7\u00e3o<\/h2>\n\n\n\n<p><strong>A BinaryCent \u00e9 uma corretora que fornece op\u00e7\u00f5es bin\u00e1rias, forex e CFDs<\/strong>&nbsp;e \u00e9 regulamentada pela Global Financial Services Authority (GLOFSA).&nbsp;Isso se deve ao fato de a BinaryCent operar sob o nome da empresa Wave Makers LTD.<\/p>\n\n\n\n<p>Ao contr\u00e1rio de outras corretoras que focam no mercado p\u00fablico em geral;&nbsp;A BinaryCent \u00e9 uma corretora especializada em fornecer corretagem online para pequenos traders.&nbsp;\u00c9 por esta raz\u00e3o que a&nbsp;<strong>BinaryCent \u00e9 uma das \u00fanicas corretoras que permitem negociar online com um investimento m\u00ednimo de 10 centavos<\/strong>&nbsp;.<\/p>\n\n\n\n<h3 class=\"wp-block-heading\">O BinaryCent \u00e9 leg\u00edtimo?<\/h3>\n\n\n\n<p>Sim claro.&nbsp;<strong>BinaryCent \u00e9 uma corretora de op\u00e7\u00e3o bin\u00e1ria, forex e de CFD respeit\u00e1vel<\/strong>.&nbsp;Esta corretora \u00e9 regulamentada por reguladores globais, como a Global Financial Services Authority (GLOFSA), que mostra que BinaryCent \u00e9 uma corretora leg\u00edtima e s\u00e9ria.<\/p>\n\n\n\n<figure class=\"wp-block-image\"><a href=\"https:\/\/binary-option.co\/go\/binarycent.com\" target=\"_blank\" rel=\"noreferrer noopener\"><img decoding=\"async\" src=\"https:\/\/binary-option.co\/wp-content\/uploads\/2021\/10\/BinaryCent-797x1024.png\" alt=\"\" class=\"wp-image-1095\"\/><\/a><\/figure>\n\n\n\n<h2 class=\"wp-block-heading\">Plataforma de negocia\u00e7\u00e3o BinaryCent<\/h2>\n\n\n\n<p>BinaryCent oferece a esses usu\u00e1rios uma plataforma de negocia\u00e7\u00e3o baseada na web,&nbsp;<strong>a plataforma de negocia\u00e7\u00e3o BinaryCent pode ser usada na maioria dos navegadores da web.&nbsp;<\/strong>Assim, voc\u00ea n\u00e3o precisa baixar nenhum software no seu computador.&nbsp;Voc\u00ea s\u00f3 precisa de uma conex\u00e3o com a Internet e um navegador da Web em qualquer dispositivo para come\u00e7ar.<\/p>\n\n\n\n<p>A plataforma de negocia\u00e7\u00e3o na web possui muitas ferramentas, como gr\u00e1ficos de negocia\u00e7\u00e3o e muitos indicadores t\u00e9cnicos, para ajud\u00e1-lo em sua an\u00e1lise t\u00e9cnica dos mercados e tomar uma posi\u00e7\u00e3o informada.&nbsp;A plataforma de negocia\u00e7\u00e3o geral da BinaryCent \u00e9 intuitiva e f\u00e1cil de usar, o que \u00e9 uma coisa boa sobre este corretor.<\/p>\n\n\n\n<h2 class=\"wp-block-heading\">Copy Trading<\/h2>\n\n\n\n<p><strong>BinaryCent.com tamb\u00e9m oferece uma op\u00e7\u00e3o de copy trading<\/strong>&nbsp;.&nbsp;Esta fun\u00e7\u00e3o permite copiar as negocia\u00e7\u00f5es do melhor trader e replicar automaticamente seu desempenho.&nbsp;Voc\u00ea pode escolher qual trader copiar com base em diferentes par\u00e2metros, como a taxa de ganhos.&nbsp;Esse recurso \u00e9 muito popular entre aqueles que s\u00e3o novos na negocia\u00e7\u00e3o ou que desejam aprender com um trader mais experiente.<\/p>\n\n\n\n<figure class=\"wp-block-image\"><a href=\"https:\/\/binary-option.co\/go\/binarycent.com\" target=\"_blank\" rel=\"noreferrer noopener\"><img decoding=\"async\" src=\"https:\/\/binary-option.co\/wp-content\/uploads\/2021\/10\/BinaryCent-copy-trading-1024x858.png\" alt=\"\" class=\"wp-image-1092\"\/><\/a><\/figure>\n\n\n\n<h2 class=\"wp-block-heading\">Aplicativo m\u00f3vel BinaryCent<\/h2>\n\n\n\n<figure class=\"wp-block-image\"><a href=\"https:\/\/binary-option.co\/go\/binarycent.com\" target=\"_blank\" rel=\"noreferrer noopener\"><img decoding=\"async\" src=\"https:\/\/binary-option.co\/wp-content\/uploads\/2021\/10\/BinaryCent-app--1024x460.png\" alt=\"\" class=\"wp-image-1093\"\/><\/a><\/figure>\n\n\n\n<p>Esta corretora tamb\u00e9m fornece um aplicativo m\u00f3vel gratuito.&nbsp;Isso permite que voc\u00ea negocie em qualquer lugar atrav\u00e9s de seus smartphones ou tablets.&nbsp;<strong>Voc\u00ea pode baixar o aplicativo de negocia\u00e7\u00e3o BinaryCent na Apple App Store (iOS \u2013 iPhone e iPad), bem como na Google Playstore para dispositivos Android<\/strong>&nbsp;.&nbsp;No lado funcional, o aplicativo de negocia\u00e7\u00e3o fornecido pela BinaryCent tem as mesmas op\u00e7\u00f5es e fun\u00e7\u00f5es que a plataforma de negocia\u00e7\u00e3o na web.&nbsp;No entanto, o aplicativo \u00e9 mais otimizado para telas pequenas de smartphones e dispositivos m\u00f3veis, o que proporciona uma melhor experi\u00eancia ao usu\u00e1rio em telas pequenas.<\/p>\n\n\n\n<h2 class=\"wp-block-heading\">Ativos e instrumentos<\/h2>\n\n\n\n<p>Voc\u00ea pode negociar as seguintes classes de ativos na BinaryCent:<br>\u2022 Forex<br>\u2022 A\u00e7\u00f5es<br>\u2022 \u00cdndices do mercado de a\u00e7\u00f5es<br>\u2022 Commodities<br>\u2022 Criptomoedas<\/p>\n\n\n\n<p>BinaryCent tamb\u00e9m oferece a possibilidade de usar uma&nbsp;<strong>alavancagem m\u00e1xima de 1: 100 para negocia\u00e7\u00e3o forex e CFD<\/strong>&nbsp;.&nbsp;Este nova corretora est\u00e1 evoluindo e adicionando mais e mais novas a\u00e7\u00f5es e ativos para negocia\u00e7\u00e3o.&nbsp;Este corretor est\u00e1 particularmente interessado em negociar criptomoedas e adiciona novos ativos \u00e0 sua lista de ativos dispon\u00edveis para negocia\u00e7\u00e3o.<\/p>\n\n\n\n<h2 class=\"wp-block-heading\">Dep\u00f3sito e saque BinaryCent<\/h2>\n\n\n\n<p>Para depositar e retirar dinheiro de suas contas de negocia\u00e7\u00e3o, a BinaryCent possui v\u00e1rios m\u00e9todos de pagamento para financiar suas contas de negocia\u00e7\u00e3o.&nbsp;Com esta corretora, voc\u00ea pode financiar sua conta e fazer saques via cart\u00f5es de cr\u00e9dito e d\u00e9bito VISA e Mastercard, al\u00e9m de uma infinidade de carteiras eletr\u00f4nicas, como Skrill, Neteller e WebMoney<\/p>\n\n\n\n<figure class=\"wp-block-image\"><a href=\"https:\/\/binary-option.co\/go\/binarycent.com\" target=\"_blank\" rel=\"noreferrer noopener\"><img decoding=\"async\" src=\"https:\/\/binary-option.co\/wp-content\/uploads\/2021\/10\/BinaryCent-deposit-and-withdrawal-1024x449.png\" alt=\"\" class=\"wp-image-1094\"\/><\/a><\/figure>\n\n\n\n<p>A BinaryCent tamb\u00e9m aceita dep\u00f3sitos e saques em criptomoedas como Bitcoin, Ethereum, Dash, Litecoin.&nbsp;Para saques, voc\u00ea tamb\u00e9m pode usar os mesmos m\u00e9todos.&nbsp;Por favor, observe que uma taxa de 5% \u00e9 cobrada nos saques com cart\u00e3o de cr\u00e9dito.&nbsp;Al\u00e9m desse detalhe, a BinaryCent n\u00e3o cobra nenhuma taxa de retirada para outros m\u00e9todos de pagamento.<\/p>\n\n\n\n<p>Os saques em dinheiro custam no m\u00ednimo $ 50 e s\u00e3o processados \u200b\u200bdentro de uma hora.<\/p>\n\n\n\n<h2 class=\"wp-block-heading\">B\u00f4nus e promo\u00e7\u00f5es BinaryCent<\/h2>\n\n\n\n<p><strong>BinaryCent oferece b\u00f4nus de 20% a 100%.&nbsp;<\/strong>o valor do b\u00f4nus varia dependendo da conta de negocia\u00e7\u00e3o na qual o trader se registrou.&nbsp;O dep\u00f3sito m\u00ednimo no BinaryCent \u00e9 de $ 250 e d\u00e1 acesso \u00e0 conta b\u00e1sica.&nbsp;Outras contas de negocia\u00e7\u00e3o dispon\u00edveis nesta corretora podem oferecer b\u00f4nus mais altos.<\/p>\n\n\n\n<p>No entanto, \u00e9 sempre recomend\u00e1vel consultar os termos e condi\u00e7\u00f5es relativos \u00e0 concess\u00e3o destes b\u00f3nus.&nbsp;<strong>Depois de aceitar um b\u00f4nus, voc\u00ea pode sacar seu dinheiro com a condi\u00e7\u00e3o de atingir um volume m\u00ednimo de negocia\u00e7\u00e3o (turnover)<\/strong>&nbsp;exigido pela empresa.<\/p>\n\n\n\n<p>Al\u00e9m dos b\u00f4nus de dep\u00f3sito, a BinaryCent ofereceu a esses usu\u00e1rios outras promo\u00e7\u00f5es exclusivas, como \u201cnegocia\u00e7\u00f5es sem risco\u201d, bem como concursos de negocia\u00e7\u00e3o organizados pela corretora.&nbsp;Negocia\u00e7\u00f5es sem risco s\u00e3o oferecidas ao trader com uma conta Gold.&nbsp;Esta promo\u00e7\u00e3o compensa as perdas do trader, se as 3 primeiras negocia\u00e7\u00f5es estiverem perdendo.<\/p>\n\n\n\n<p>A BinaryCent tamb\u00e9m&nbsp;<strong>oferece a possibilidade de participar de concursos de negocia\u00e7\u00e3o com um pr\u00eamio total de $ 20.000<\/strong>&nbsp;.&nbsp;20 vencedores s\u00e3o selecionados a cada semana.<\/p>\n\n\n\n<h2 class=\"wp-block-heading\">Contas de negocia\u00e7\u00e3o BinaryCent<\/h2>\n\n\n\n<p>A BinaryCent oferece a esses clientes 3 tipos diferentes de contas de negocia\u00e7\u00e3o:<\/p>\n\n\n\n<p><strong>Conta de Negocia\u00e7\u00e3o Bronze<\/strong>&nbsp;:<\/p>\n\n\n\n<ul><li>Dep\u00f3sito m\u00ednimo de $ 250<\/li><li>B\u00f4nus de dep\u00f3sito de 20%<\/li><li>Suporte ao bate-papo por v\u00eddeo ao vivo<\/li><li>1 hora de retirada<\/li><\/ul>\n\n\n\n<p><strong>Conta de negocia\u00e7\u00e3o de prata<\/strong>&nbsp;:<\/p>\n\n\n\n<ul><li>Dep\u00f3sito m\u00ednimo de $ 1000<\/li><li>B\u00f4nus de dep\u00f3sito de 50%<\/li><li>Suporte ao bate-papo por v\u00eddeo ao vivo<\/li><li>Classe mestre<\/li><li>1 hora de retirada<\/li><\/ul>\n\n\n\n<p><strong>Conta de negocia\u00e7\u00e3o de ouro<\/strong>&nbsp;:<\/p>\n\n\n\n<ul><li>Dep\u00f3sito m\u00ednimo de $ 3000<br>B\u00f4nus de dep\u00f3sito de 100%<br>Suporte ao chat de v\u00eddeo ao vivo<\/li><li>Classe mestre<\/li><li>3 Negocia\u00e7\u00f5es sem risco<\/li><li><br>Retirada de 1 hora&nbsp;do Personal Manager<\/li><\/ul>\n\n\n\n<h2 class=\"wp-block-heading\">Suporte ao cliente<\/h2>\n\n\n\n<p><strong>A BinaryCent oferece atendimento ao cliente 24 horas por dia, 7 dias por semana<\/strong>&nbsp;.&nbsp;Voc\u00ea pode facilmente entrar em contato com a equipe de suporte atrav\u00e9s de v\u00e1rios meios de comunica\u00e7\u00e3o, como chat ao vivo, atrav\u00e9s do formul\u00e1rio de contato dispon\u00edvel em seu site ou ligando para eles por telefone.<\/p>\n\n\n\n<h2 class=\"wp-block-heading\">Informa\u00e7\u00f5es da empresa e detalhes de contato<\/h2>\n\n\n\n<p>BinaryCent.com \u00e9 uma corretora de propriedade e operada pela Wave Makers LTD.&nbsp;O site diz que a empresa est\u00e1 registrada na Wave Makers LTD e est\u00e1 sediada no Trust Company Complex, Ajeltake Road, Ajeltake Island, Majuro, Ilhas Marshall.<br>Voc\u00ea pode contat\u00e1-los com o chat ao vivo dispon\u00edvel em seu site oficial, bem como por e-mail e telefone.&nbsp;Voc\u00ea tamb\u00e9m pode contat\u00e1-los por e-mail diretamente em seu site, o n\u00famero de telefone para o suporte em ingl\u00eas \u00e9 + 1-8299476393.<\/p>\n\n\n\n<p>Voc\u00ea tamb\u00e9m pode contat\u00e1-los atrav\u00e9s de outros idiomas al\u00e9m do ingl\u00eas<\/p>\n\n\n\n<p>o n\u00famero de suporte em russo<\/p>\n\n\n\n<p>7-499-3806317<\/p>\n\n\n\n<p>em chin\u00eas<br>3-395-0396<\/p>\n\n\n\n<p>em tailand\u00eas<br>02-21345671<\/p>\n\n\n\n<p>em Cingapura<br>965-65425142<\/p>\n\n\n\n<p>na Austr\u00e1lia<br>61-8-5550-7288<\/p>\n\n\n\n<p class=\"has-text-align-center\"><\/p>\n","protected":false},"excerpt":{"rendered":"<p>Avalia\u00e7\u00e3o: Pagamento de at\u00e9 95% (o valor \u00e9 creditado na conta em caso de investimento bem-sucedido) GLOFSA Regulamentado B\u00f4nus de at\u00e9 200% $ 250 minutos.&nbsp;Dep\u00f3sito Aviso geral de risco: seu capital est\u00e1 em risco BinaryCent \u00e9 uma nova plataforma de negocia\u00e7\u00e3o on-line criada em 2017. Esta corretora de op\u00e7\u00e3o bin\u00e1ria, Forex e CFD \u00e9 gerenciada [&hellip;]<\/p>\n","protected":false},"author":1,"featured_media":0,"parent":0,"menu_order":0,"comment_status":"closed","ping_status":"closed","template":"","meta":{"footnotes":""},"yoast_head":"<!-- This site is optimized with the Yoast SEO plugin v21.9.1 - https:\/\/yoast.com\/wordpress\/plugins\/seo\/ -->\n<title>BinaryCent opini\u00f5es 2023: \u00c9 confi\u00e1vel ou \u00e9 um golpe ?<\/title>\n<meta name=\"robots\" content=\"index, follow, max-snippet:-1, max-image-preview:large, max-video-preview:-1\" \/>\n<link rel=\"canonical\" href=\"https:\/\/binary-option.co\/br\/binarycent-e-confiavel\/\" \/>\n<meta property=\"og:locale\" content=\"pt_BR\" \/>\n<meta property=\"og:type\" content=\"article\" \/>\n<meta property=\"og:title\" content=\"BinaryCent opini\u00f5es 2023: \u00c9 confi\u00e1vel ou \u00e9 um golpe ?\" \/>\n<meta property=\"og:description\" content=\"Avalia\u00e7\u00e3o: Pagamento de at\u00e9 95% (o valor \u00e9 creditado na conta em caso de investimento bem-sucedido) GLOFSA Regulamentado B\u00f4nus de at\u00e9 200% $ 250 minutos.&nbsp;Dep\u00f3sito Aviso geral de risco: seu capital est\u00e1 em risco BinaryCent \u00e9 uma nova plataforma de negocia\u00e7\u00e3o on-line criada em 2017. Esta corretora de op\u00e7\u00e3o bin\u00e1ria, Forex e CFD \u00e9 gerenciada [&hellip;]\" \/>\n<meta property=\"og:url\" content=\"https:\/\/binary-option.co\/br\/binarycent-e-confiavel\/\" \/>\n<meta property=\"og:site_name\" content=\"binary-option.co Brazil\" \/>\n<meta property=\"article:modified_time\" content=\"2023-01-14T18:25:22+00:00\" \/>\n<meta property=\"og:image\" content=\"https:\/\/binary-option.co\/wp-content\/uploads\/2021\/05\/binarycent-logo.png\" \/>\n<meta name=\"twitter:card\" content=\"summary_large_image\" \/>\n<meta name=\"twitter:label1\" content=\"Est. tempo de leitura\" \/>\n\t<meta name=\"twitter:data1\" content=\"7 minutos\" \/>\n<script type=\"application\/ld+json\" class=\"yoast-schema-graph\">{\"@context\":\"https:\/\/schema.org\",\"@graph\":[{\"@type\":\"WebPage\",\"@id\":\"https:\/\/binary-option.co\/br\/binarycent-e-confiavel\/\",\"url\":\"https:\/\/binary-option.co\/br\/binarycent-e-confiavel\/\",\"name\":\"BinaryCent opini\u00f5es 2023: \u00c9 confi\u00e1vel ou \u00e9 um golpe ?\",\"isPartOf\":{\"@id\":\"https:\/\/binary-option.co\/br\/#website\"},\"datePublished\":\"2022-04-01T21:05:20+00:00\",\"dateModified\":\"2023-01-14T18:25:22+00:00\",\"breadcrumb\":{\"@id\":\"https:\/\/binary-option.co\/br\/binarycent-e-confiavel\/#breadcrumb\"},\"inLanguage\":\"pt-BR\",\"potentialAction\":[{\"@type\":\"ReadAction\",\"target\":[\"https:\/\/binary-option.co\/br\/binarycent-e-confiavel\/\"]}]},{\"@type\":\"BreadcrumbList\",\"@id\":\"https:\/\/binary-option.co\/br\/binarycent-e-confiavel\/#breadcrumb\",\"itemListElement\":[{\"@type\":\"ListItem\",\"position\":1,\"name\":\"Home\",\"item\":\"https:\/\/binary-option.co\/br\/\"},{\"@type\":\"ListItem\",\"position\":2,\"name\":\"BinaryCent opini\u00f5es\"}]},{\"@type\":\"WebSite\",\"@id\":\"https:\/\/binary-option.co\/br\/#website\",\"url\":\"https:\/\/binary-option.co\/br\/\",\"name\":\"binary-option.co Brazil\",\"description\":\"Guia de op\u00e7\u00f5es bin\u00e1rias para iniciantes\",\"publisher\":{\"@id\":\"https:\/\/binary-option.co\/br\/#organization\"},\"potentialAction\":[{\"@type\":\"SearchAction\",\"target\":{\"@type\":\"EntryPoint\",\"urlTemplate\":\"https:\/\/binary-option.co\/br\/?s={search_term_string}\"},\"query-input\":\"required name=search_term_string\"}],\"inLanguage\":\"pt-BR\"},{\"@type\":\"Organization\",\"@id\":\"https:\/\/binary-option.co\/br\/#organization\",\"name\":\"binary-option.co Brazil\",\"url\":\"https:\/\/binary-option.co\/br\/\",\"logo\":{\"@type\":\"ImageObject\",\"inLanguage\":\"pt-BR\",\"@id\":\"https:\/\/binary-option.co\/br\/#\/schema\/logo\/image\/\",\"url\":\"https:\/\/binary-option.co\/br\/wp-content\/uploads\/sites\/14\/2020\/12\/binary-option.co_.png\",\"contentUrl\":\"https:\/\/binary-option.co\/br\/wp-content\/uploads\/sites\/14\/2020\/12\/binary-option.co_.png\",\"width\":398,\"height\":66,\"caption\":\"binary-option.co Brazil\"},\"image\":{\"@id\":\"https:\/\/binary-option.co\/br\/#\/schema\/logo\/image\/\"}}]}<\/script>\n<!-- \/ Yoast SEO plugin. -->","yoast_head_json":{"title":"BinaryCent opini\u00f5es 2023: \u00c9 confi\u00e1vel ou \u00e9 um golpe ?","robots":{"index":"index","follow":"follow","max-snippet":"max-snippet:-1","max-image-preview":"max-image-preview:large","max-video-preview":"max-video-preview:-1"},"canonical":"https:\/\/binary-option.co\/br\/binarycent-e-confiavel\/","og_locale":"pt_BR","og_type":"article","og_title":"BinaryCent opini\u00f5es 2023: \u00c9 confi\u00e1vel ou \u00e9 um golpe ?","og_description":"Avalia\u00e7\u00e3o: Pagamento de at\u00e9 95% (o valor \u00e9 creditado na conta em caso de investimento bem-sucedido) GLOFSA Regulamentado B\u00f4nus de at\u00e9 200% $ 250 minutos.&nbsp;Dep\u00f3sito Aviso geral de risco: seu capital est\u00e1 em risco BinaryCent \u00e9 uma nova plataforma de negocia\u00e7\u00e3o on-line criada em 2017. Esta corretora de op\u00e7\u00e3o bin\u00e1ria, Forex e CFD \u00e9 gerenciada [&hellip;]","og_url":"https:\/\/binary-option.co\/br\/binarycent-e-confiavel\/","og_site_name":"binary-option.co Brazil","article_modified_time":"2023-01-14T18:25:22+00:00","og_image":[{"url":"https:\/\/binary-option.co\/wp-content\/uploads\/2021\/05\/binarycent-logo.png"}],"twitter_card":"summary_large_image","twitter_misc":{"Est. tempo de leitura":"7 minutos"},"schema":{"@context":"https:\/\/schema.org","@graph":[{"@type":"WebPage","@id":"https:\/\/binary-option.co\/br\/binarycent-e-confiavel\/","url":"https:\/\/binary-option.co\/br\/binarycent-e-confiavel\/","name":"BinaryCent opini\u00f5es 2023: \u00c9 confi\u00e1vel ou \u00e9 um golpe ?","isPartOf":{"@id":"https:\/\/binary-option.co\/br\/#website"},"datePublished":"2022-04-01T21:05:20+00:00","dateModified":"2023-01-14T18:25:22+00:00","breadcrumb":{"@id":"https:\/\/binary-option.co\/br\/binarycent-e-confiavel\/#breadcrumb"},"inLanguage":"pt-BR","potentialAction":[{"@type":"ReadAction","target":["https:\/\/binary-option.co\/br\/binarycent-e-confiavel\/"]}]},{"@type":"BreadcrumbList","@id":"https:\/\/binary-option.co\/br\/binarycent-e-confiavel\/#breadcrumb","itemListElement":[{"@type":"ListItem","position":1,"name":"Home","item":"https:\/\/binary-option.co\/br\/"},{"@type":"ListItem","position":2,"name":"BinaryCent opini\u00f5es"}]},{"@type":"WebSite","@id":"https:\/\/binary-option.co\/br\/#website","url":"https:\/\/binary-option.co\/br\/","name":"binary-option.co Brazil","description":"Guia de op\u00e7\u00f5es bin\u00e1rias para iniciantes","publisher":{"@id":"https:\/\/binary-option.co\/br\/#organization"},"potentialAction":[{"@type":"SearchAction","target":{"@type":"EntryPoint","urlTemplate":"https:\/\/binary-option.co\/br\/?s={search_term_string}"},"query-input":"required name=search_term_string"}],"inLanguage":"pt-BR"},{"@type":"Organization","@id":"https:\/\/binary-option.co\/br\/#organization","name":"binary-option.co Brazil","url":"https:\/\/binary-option.co\/br\/","logo":{"@type":"ImageObject","inLanguage":"pt-BR","@id":"https:\/\/binary-option.co\/br\/#\/schema\/logo\/image\/","url":"https:\/\/binary-option.co\/br\/wp-content\/uploads\/sites\/14\/2020\/12\/binary-option.co_.png","contentUrl":"https:\/\/binary-option.co\/br\/wp-content\/uploads\/sites\/14\/2020\/12\/binary-option.co_.png","width":398,"height":66,"caption":"binary-option.co Brazil"},"image":{"@id":"https:\/\/binary-option.co\/br\/#\/schema\/logo\/image\/"}}]}},"_links":{"self":[{"href":"https:\/\/binary-option.co\/br\/wp-json\/wp\/v2\/pages\/337"}],"collection":[{"href":"https:\/\/binary-option.co\/br\/wp-json\/wp\/v2\/pages"}],"about":[{"href":"https:\/\/binary-option.co\/br\/wp-json\/wp\/v2\/types\/page"}],"author":[{"embeddable":true,"href":"https:\/\/binary-option.co\/br\/wp-json\/wp\/v2\/users\/1"}],"replies":[{"embeddable":true,"href":"https:\/\/binary-option.co\/br\/wp-json\/wp\/v2\/comments?post=337"}],"version-history":[{"count":2,"href":"https:\/\/binary-option.co\/br\/wp-json\/wp\/v2\/pages\/337\/revisions"}],"predecessor-version":[{"id":386,"href":"https:\/\/binary-option.co\/br\/wp-json\/wp\/v2\/pages\/337\/revisions\/386"}],"wp:attachment":[{"href":"https:\/\/binary-option.co\/br\/wp-json\/wp\/v2\/media?parent=337"}],"curies":[{"name":"wp","href":"https:\/\/api.w.org\/{rel}","templated":true}]}}