{"id":328,"date":"2022-04-01T18:11:45","date_gmt":"2022-04-01T18:11:45","guid":{"rendered":"https:\/\/binary-option.co\/br\/?page_id=328"},"modified":"2023-01-14T18:24:34","modified_gmt":"2023-01-14T18:24:34","slug":"olymp-trade-e-confiavel","status":"publish","type":"page","link":"https:\/\/binary-option.co\/br\/olymp-trade-e-confiavel\/","title":{"rendered":"Olymp Trade opini\u00f5es"},"content":{"rendered":"\n<div class=\"wp-block-columns is-layout-flex wp-container-core-columns-layout-1 wp-block-columns-is-layout-flex\">\n<div class=\"wp-block-column is-layout-flow wp-block-column-is-layout-flow\" style=\"flex-basis:33.33%\">\n<figure class=\"wp-block-image size-large\"><a href=\"https:\/\/binary-option.co\/go\/olymptrade.com\" target=\"_blank\" rel=\"noopener\"><img decoding=\"async\" src=\"https:\/\/binary-option.co\/wp-content\/uploads\/2021\/05\/Olymp-Trade-logo.png\" alt=\"\" class=\"wp-image-500\"\/><\/a><\/figure>\n<\/div>\n\n\n\n<div class=\"wp-block-column is-layout-flow wp-block-column-is-layout-flow\" style=\"flex-basis:66.66%\">\n<p><strong>Avalia\u00e7\u00e3o:<\/strong> <div itemprop=\"reviewRating\" itemscope itemtype=\"http:\/\/schema.org\/Rating\" class=\"usr\"><meta itemprop=\"worstRating\" content=\"0\" \/><meta itemprop=\"ratingValue\" content=\"4,5\" \/><meta itemprop=\"bestRating\" content=\"5\" \/><img decoding=\"async\" class=\"usr\" src=\"https:\/\/binary-option.co\/br\/wp-content\/plugins\/universal-star-rating\/includes\/image.php?img=06.png&amp;px=16&amp;max=5&amp;rat=4.5\" alt=\"4.5 out of 5 stars\" style=\"height: 16px !important;\" \/><\/div><\/p>\n\n\n\n<ul id=\"block-b9aee1e3-d686-4d46-9f11-96a4ee0d551a\"><li>Pagamento de at\u00e9 92% (o valor \u00e9 creditado na conta em caso de investimento bem-sucedido)<\/li><li>Conta de demonstra\u00e7\u00e3o gratuita sem dep\u00f3sito<\/li><li>Dep\u00f3sito de $ 10 min<\/li><\/ul>\n\n\n\n<p class=\"has-text-align-center\"><a class=\"maxbutton-2 maxbutton maxbutton-big-button\" target=\"_blank\" title=\"Visitar Corretora\" rel=\"nofollow noopener\" href=\"https:\/\/binary-option.co\/go\/olymptrade.com\"><span class='mb-text'>Visitar Corretora<\/span><\/a><\/p>\n\n\n\n<p class=\"has-text-align-center\">Aviso geral de risco: seu capital est\u00e1 em risco<\/p>\n<\/div>\n<\/div>\n\n\n\n<h2 class=\"wp-block-heading\">O que \u00e9 Olymp Trade \u2013 apresenta\u00e7\u00e3o r\u00e1pida<\/h2>\n\n\n\n<p><strong>Olymp Trade \u00e9 uma corretora de op\u00e7\u00f5es bin\u00e1rias e CFD<\/strong>&nbsp;que opera sob o nome de empresa Saledo Global LLC, cujo endere\u00e7o \u00e9 First Floor, First St. Vincent Bank Ltd Building, PO Box 1574, James Street, Kingstown, Saint Vincent and the Grenadines.&nbsp;\u00c9 uma corretora que iniciou a sua atividade em 2014 e desde ent\u00e3o se tornou uma das plataformas de negocia\u00e7\u00e3o online mais conhecidas.&nbsp;A Olymp Trade permite que esses clientes negociem uma variedade de op\u00e7\u00f5es digitais, forex e CFDs em uma ampla variedade de ativos.&nbsp;A oferta da corretora Olymp Trade \u00e9 particularmente atraente e difere das corretoras cl\u00e1ssicas, especialmente com dep\u00f3sitos que podem ser t\u00e3o baixos quanto $ 10 e sua conta demo gratuita e ilimitada dispon\u00edvel para todos os novos traders que se registram em sua plataforma.<\/p>\n\n\n\n<figure class=\"wp-block-image\"><a href=\"https:\/\/binary-option.co\/go\/olymptrade.com\" target=\"_blank\" rel=\"noreferrer noopener\"><img decoding=\"async\" src=\"https:\/\/binary-option.co\/wp-content\/uploads\/2021\/06\/Olymp-Trade-1024x567.png\" alt=\"\" class=\"wp-image-667\"\/><\/a><\/figure>\n\n\n\n<h2 class=\"wp-block-heading\">Recursos e confiabilidade da Olymp Trade<\/h2>\n\n\n\n<p><strong>Olymp Trade \u00e9 regulamentada pela Comiss\u00e3o Financeira Internacional<\/strong>&nbsp;, que oferece indeniza\u00e7\u00e3o de at\u00e9 US$ 20.000 em caso de lit\u00edgio e pr\u00e1ticas desleais de corretagem.&nbsp;Este corretor \u00e9 acess\u00edvel ao trader de qualquer or\u00e7amento, em particular gra\u00e7as ao&nbsp;<strong>dep\u00f3sito m\u00ednimo exigido que \u00e9 de apenas $ 10<\/strong>&nbsp;, o que tamb\u00e9m d\u00e1 a oportunidade aos pequenos traders de terem acesso ao mercado financeiro.&nbsp;A Olymp Trade fornece um aplicativo m\u00f3vel Android e IOS para que voc\u00ea n\u00e3o perca nenhuma oportunidade em movimento.&nbsp;Este corretor tamb\u00e9m fornece materiais de treinamento e aprendizado para negocia\u00e7\u00e3o on-line, o que d\u00e1 aos traders iniciantes a oportunidade de aprofundar seu conhecimento dos mercados e se familiarizar com a negocia\u00e7\u00e3o on-line.<\/p>\n\n\n\n<h2 class=\"wp-block-heading\">Conta de demonstra\u00e7\u00e3o da Olymp Trade<\/h2>\n\n\n\n<p>O site da Olymp Trade permite que voc\u00ea&nbsp;<strong>negocie gratuitamente na conta demo<\/strong>&nbsp;para testar suas estrat\u00e9gias de negocia\u00e7\u00e3o, descobrir a plataforma e esses recursos.&nbsp;tamb\u00e9m permitir\u00e1 que voc\u00ea ganhe mais experi\u00eancia de negocia\u00e7\u00e3o antes de come\u00e7ar com dinheiro real.&nbsp;O modo de demonstra\u00e7\u00e3o possui v\u00e1rios m\u00e9todos de investimento, como&nbsp;<strong>Binary Option, Forex e CFDs<\/strong>&nbsp;, o que permite que novos traders familiarizados com esses derivativos financeiros, entendam como eles funcionam e tomem decis\u00f5es de investimento mais informadas.&nbsp;Os comerciantes podem mais tarde, quando se sentirem prontos para come\u00e7ar a trabalhar, ativar a conta real e come\u00e7ar a negociar online por dinheiro real.<\/p>\n\n\n\n<h2 class=\"wp-block-heading\">Variedade de ativos<\/h2>\n\n\n\n<p>Existem muitos corretores e bolsas online que s\u00e3o muito limitados nos tipos de ativos e derivativos dispon\u00edveis para negocia\u00e7\u00e3o.&nbsp;Esse problema recorrente limita formalmente as op\u00e7\u00f5es de investimento e for\u00e7a alguns traders a criar v\u00e1rias contas em diferentes corretoras para poder negociar seus ativos favoritos ou negociar em um mercado diferente.&nbsp;Para alguns traders, a \u00faltima op\u00e7\u00e3o n\u00e3o \u00e9 nada razo\u00e1vel.<\/p>\n\n\n\n<p><strong>A Olymp Trade oferece a capacidade de negociar uma ampla gama de ativos<\/strong>&nbsp;em v\u00e1rios mercados.&nbsp;A lista \u00e9 muito completa para poder listar todos aqui, mas daremos uma lista completa dos tipos de ativos que voc\u00ea pode negociar com esta corretora:<\/p>\n\n\n\n<ul><li>moedas forex<\/li><li>A\u00e7\u00f5es<\/li><li>Metais<\/li><li>\u00cdndices<\/li><li>Mercadorias<\/li><li>Criptomoedas<\/li><li>ETF (fundo negociado em bolsa)<\/li><li>Ativos OTC<\/li><\/ul>\n\n\n\n<p>Se voc\u00ea estiver procurando por um ativo espec\u00edfico que n\u00e3o consegue encontrar com outros corretores.&nbsp;Aqui h\u00e1 uma boa chance de que a Olymp Trade ofere\u00e7a a possibilidade de negociar seus ativos favoritos.<\/p>\n\n\n\n<h2 class=\"wp-block-heading\">Plataforma de negocia\u00e7\u00e3o<\/h2>\n\n\n\n<figure class=\"wp-block-image\"><a href=\"https:\/\/binary-option.co\/go\/olymptrade.com\" target=\"_blank\" rel=\"noreferrer noopener\"><img decoding=\"async\" src=\"https:\/\/binary-option.co\/wp-content\/uploads\/2021\/06\/Olymp-Trade-trading-platform-1024x873.png\" alt=\"\" class=\"wp-image-670\"\/><\/a><figcaption>Plataforma de negocia\u00e7\u00e3o da Olymp Trade<\/figcaption><\/figure>\n\n\n\n<p>Se voc\u00ea gosta de plataformas de negocia\u00e7\u00e3o de design limpo e moderno, certamente vai gostar da plataforma de negocia\u00e7\u00e3o da Olymp Trade.&nbsp;Esta plataforma \u00e9 relativamente simples e intuitiva, com navega\u00e7\u00e3o clara e sem frescuras e detalhes extras que podem distra\u00ed-lo.&nbsp;Na vers\u00e3o para desktop, o gr\u00e1fico de negocia\u00e7\u00e3o \u00e9 colocado no meio da tela.&nbsp;Voc\u00ea tem a possibilidade de usar uma infinidade de indicadores como as bandas de Bolinger e o RSI e muitos outros.&nbsp;A plataforma nativa da corretora \u00e9 limpa e permite a execu\u00e7\u00e3o r\u00e1pida de ordens para garantir uma excelente experi\u00eancia de negocia\u00e7\u00e3o.&nbsp;\u00c0 direita da tela, voc\u00ea encontrar\u00e1 as teclas de controle de ordem para cima e para baixo coloridas em verde para ordens de compra e em vermelho para ordens de venda.&nbsp;A Olymp Trade tamb\u00e9m permite que voc\u00ea negocie atrav\u00e9s da plataforma MT4 para traders que preferem usar o Metatrader 4 em vez da plataforma de negocia\u00e7\u00e3o nativa fornecida pela corretora.<\/p>\n\n\n\n<p>Seu hist\u00f3rico de negocia\u00e7\u00e3o \u00e9 exibido abaixo do gr\u00e1fico de negocia\u00e7\u00e3o principal.&nbsp;nesta parte, voc\u00ea encontrar\u00e1 as informa\u00e7\u00f5es em tempo real das transa\u00e7\u00f5es abertas e fechadas que voc\u00ea executou.<\/p>\n\n\n\n<p>Na parte inferior da p\u00e1gina da plataforma de negocia\u00e7\u00e3o, voc\u00ea tamb\u00e9m tem a possibilidade de conversar com a equipe de suporte, que ter\u00e1 prazer em orient\u00e1-lo com qualquer d\u00favida ou suporte.&nbsp;Os membros VIP tamb\u00e9m t\u00eam a op\u00e7\u00e3o de entrar em contato com seu gerente pessoal a partir de um bot\u00e3o no canto inferior direito da p\u00e1gina.&nbsp;Em conclus\u00e3o, a plataforma de negocia\u00e7\u00e3o da Olymp Trade \u00e9 particularmente bem projetada e se adequar\u00e1 \u00e0 maioria dos traders, sejam eles traders iniciantes ou traders experientes.&nbsp;A capacidade de conectar a plataforma MT4 ir\u00e1 encantar aqueles que est\u00e3o mais familiarizados com o Metatrader 4.<\/p>\n\n\n\n<h2 class=\"wp-block-heading\">Aplicativo e plataforma m\u00f3vel da Olymp Trade<\/h2>\n\n\n\n<p>Para negociar em movimento e se manter informado sobre as novidades e oportunidades do mercado, voc\u00ea precisar\u00e1 de um aplicativo m\u00f3vel r\u00e1pido, confi\u00e1vel e responsivo.&nbsp;<strong>O Olympe Trade permite que voc\u00ea negocie com uma plataforma de negocia\u00e7\u00e3o m\u00f3vel intuitiva<\/strong>&nbsp;que \u00e9 particularmente bem projetada para negociar em movimento.<\/p>\n\n\n\n<p>A Olymp Trade \u00e9 uma das raras corretoras a perceber a import\u00e2ncia de alguns traders poderem negociar em boas condi\u00e7\u00f5es no celular e projetaram um&nbsp;<strong>aplicativo de negocia\u00e7\u00e3o confi\u00e1vel dispon\u00edvel em dispositivos iOS e Android<\/strong>&nbsp;.&nbsp;O aplicativo m\u00f3vel da Olymp Trade \u00e9 diferente de sua vers\u00e3o web, mas inclui recursos adicionais que melhoram bastante a negocia\u00e7\u00e3o m\u00f3vel.&nbsp;Este aplicativo m\u00f3vel \u00e9 muito interessante para seus clientes que desejam negociar ou ver a evolu\u00e7\u00e3o do mercado quando n\u00e3o est\u00e3o conectados em casa.<\/p>\n\n\n\n<figure class=\"wp-block-image\"><a href=\"https:\/\/binary-option.co\/go\/olymptrade.com\" target=\"_blank\" rel=\"noreferrer noopener\"><img decoding=\"async\" src=\"https:\/\/binary-option.co\/wp-content\/uploads\/2021\/06\/Olymp-Trade-app-1024x472.png\" alt=\"\" class=\"wp-image-668\"\/><\/a><figcaption>Aplicativo Olymp Trade<\/figcaption><\/figure>\n\n\n\n<h2 class=\"wp-block-heading\">M\u00e9todos de dep\u00f3sito e retirada da Olymp Trade<\/h2>\n\n\n\n<p>Antes de se registrar com um corretor, \u00e9 sempre muito importante certificar-se de que voc\u00ea pode facilmente depositar e sacar fundos por meio de m\u00e9todos de pagamento adequados para voc\u00ea.&nbsp;Por esses motivos, detalharemos os principais m\u00e9todos de pagamento dispon\u00edveis na Olymp Trade.<\/p>\n\n\n\n<figure class=\"wp-block-image\"><a href=\"https:\/\/binary-option.co\/go\/olymptrade.com\" target=\"_blank\" rel=\"noreferrer noopener\"><img decoding=\"async\" src=\"https:\/\/binary-option.co\/wp-content\/uploads\/2021\/06\/Olymp-Trade-deposits-and-withdrawals-1024x367.png\" alt=\"\" class=\"wp-image-669\"\/><\/a><figcaption>M\u00e9todos de saque e dep\u00f3sito da Olymp Trade<\/figcaption><\/figure>\n\n\n\n<p>Esta corretora permite&nbsp;<strong>depositar e retirar fundos com v\u00e1rios m\u00e9todos de pagamento populares<\/strong>&nbsp;, incluindo cart\u00f5es de d\u00e9bito e cr\u00e9dito Visa e Mastercard.&nbsp;voc\u00ea pode depositar e sacar com e-wallet Neteller, Skrill, Perfect Money, Advcash e Webmoney, bem como com outros m\u00e9todos de pagamento como JCB, Union Pay e criptomoedas como Bitcoin, Ethereum e Tether.<\/p>\n\n\n\n<p>Dep\u00f3sitos e saques s\u00e3o sempre processados \u200b\u200bmuito rapidamente e sem comiss\u00f5es, permitindo que voc\u00ea acesse rapidamente seu dinheiro sem pagar uma comiss\u00e3o para executar seus dep\u00f3sitos e saques.<\/p>\n\n\n\n<h2 class=\"wp-block-heading\">Levrage Trading em CFDs e Forex<\/h2>\n\n\n\n<p>Al\u00e9m de poder negociar op\u00e7\u00f5es bin\u00e1rias, a Olymp Trade \u00e9 uma corretora que permite negociar muitos ativos via CFDs e oferece a&nbsp;<strong>op\u00e7\u00e3o de usar alavancagens e multiplicadores<\/strong>&nbsp;.&nbsp;A alavancagem permite que voc\u00ea negocie transa\u00e7\u00f5es maiores com uma fra\u00e7\u00e3o do pre\u00e7o real, \u00e9 o pr\u00f3prio corretor que lhe empresta esse dinheiro para aumentar o tamanho de uma negocia\u00e7\u00e3o e aumentar seus lucros.<\/p>\n\n\n\n<p>Com a alavancagem oferecida na Olymp Trade, os investidores n\u00e3o podem perder mais dinheiro do que investiram e cortar sua negocia\u00e7\u00e3o, caso a tend\u00eancia funcione contra voc\u00ea.&nbsp;Este recurso de CFDs protegidos permite que voc\u00ea evite perder mais do que o valor investido enquanto multiplica seus lucros nas negocia\u00e7\u00f5es certas.<\/p>\n\n\n\n<p>Para negociar FOREX na Olymp Trade, voc\u00ea tem a op\u00e7\u00e3o de usar um multiplicador de 10, que permite abrir uma negocia\u00e7\u00e3o 10 vezes maior que o valor investido.&nbsp;A alavancagem d\u00e1 a oportunidade a um pequeno investidor de investir $ 1000 em ativos com apenas $ 100. Tamb\u00e9m ajuda a amplificar a volatilidade e obter mais lucro quando o mercado Forex n\u00e3o tem volatilidade.&nbsp;Nesse caso, um aumento de 5% no pre\u00e7o de um ativo gera $ 50 em vez de ganhar apenas $ 5 sem a alavancagem.<\/p>\n\n\n\n<p>Esses multiplicadores s\u00e3o todos diferentes e variam de acordo com os ativos e pares de moedas do mercado, na Olymp Trade&nbsp;<strong>alguns ativos est\u00e3o dispon\u00edveis com a op\u00e7\u00e3o de usar um multiplicador de at\u00e9 500x<\/strong>&nbsp;.&nbsp;Isso lhe d\u00e1 a oportunidade de obter lucros 500 vezes mais importantes com um pequeno capital investido.&nbsp;Esses multiplicadores s\u00e3o excelentes ferramentas para pequenos investidores com pouco dinheiro, bem como para traders experientes com grande capital para o crescimento de suas carteiras.<\/p>\n\n\n\n<h2 class=\"wp-block-heading\">Suporte ao cliente<\/h2>\n\n\n\n<p>A Olymp Trade tem um&nbsp;<strong>suporte ao cliente muito responsivo por meio de v\u00e1rios canais de comunica\u00e7\u00e3o<\/strong>&nbsp;.&nbsp;Com este corretor, voc\u00ea pode se beneficiar de assist\u00eancia por e-mail, telefone e muitos outros meios de comunica\u00e7\u00e3o com o suporte ao cliente.&nbsp;voc\u00ea pode entrar em contato com o atendimento ao cliente 24 horas por dia por telefone ou chat ao vivo ou e-mail.&nbsp;O suporte \u00e9 muito responsivo e responder\u00e1 o mais r\u00e1pido poss\u00edvel.<\/p>\n\n\n\n<h3 class=\"wp-block-heading\">Aqui est\u00e3o as diferentes maneiras de entrar em contato com um agente de suporte ao cliente:<\/h3>\n\n\n\n<ol><li>Hot Line \u2013 A Olymp Trade pode ser contatada por telefone com um n\u00famero gratuito e est\u00e1 dispon\u00edvel 24 horas por dia, 7 dias por semana.&nbsp;Voc\u00ea encontrar\u00e1 um n\u00famero de telefone na p\u00e1gina de atendimento ao cliente, voc\u00ea pode escolher um n\u00famero de telefone de acordo com seu idioma e regi\u00e3o para entrar em contato com um agente de suporte que falar\u00e1 em seu idioma nativo por conveni\u00eancia.<\/li><li>E-mail \u2013 Voc\u00ea entrar\u00e1 em contato com eles por e-mail em&nbsp;support-en@olymptrade.com&nbsp;e suas perguntas ser\u00e3o respondidas em 24 horas.<\/li><li>Suporte ao vivo: voc\u00ea pode contat\u00e1-los facilmente por meio de bate-papo ao vivo localizado na p\u00e1gina de suporte e discutir seus problemas com um agente de atendimento ao cliente online.<\/li><li>Formul\u00e1rio de contato online: Voc\u00ea tamb\u00e9m pode entrar em contato com o suporte ao cliente por meio de um formul\u00e1rio na p\u00e1gina de contato.&nbsp;Voc\u00ea precisa fornecer algumas informa\u00e7\u00f5es b\u00e1sicas, como seu nome, sobrenome, endere\u00e7o de e-mail, mensagem e n\u00famero de telefone para que eles possam descobrir quem voc\u00ea \u00e9 e enviar uma resposta por e-mail.<\/li><li>Redes sociais da Olymp Trade: Voc\u00ea tamb\u00e9m pode contat\u00e1-los diretamente de suas redes sociais em sua p\u00e1gina do Facebook e Youtube.<\/li><\/ol>\n\n\n\n<h2 class=\"wp-block-heading\">Conclus\u00e3o da revis\u00e3o da Olymp Trade:<\/h2>\n\n\n\n<p><strong>A Olymp Trade \u00e9 uma corretora de op\u00e7\u00f5es bin\u00e1rias s\u00e9ria<\/strong>&nbsp;que oferece a possibilidade de negociar CFDs enquanto reduz seu risco, bloqueando a possibilidade de obter um saldo negativo ao negociar CFDs e forex.&nbsp;Esta corretora \u00e9 adequada para quem deseja negociar online e&nbsp;<strong>\u00e9 uma das \u00fanicas corretoras de op\u00e7\u00f5es bin\u00e1rias a integrar a famosa plataforma de negocia\u00e7\u00e3o MT4<\/strong>&nbsp;.&nbsp;Voc\u00ea pode facilmente abrir uma conta em minutos e fornecer todas as ferramentas que a maioria dos traders precisa para negociar da melhor maneira poss\u00edvel.&nbsp;Al\u00e9m disso, a Olympe Trade garante que voc\u00ea receba seus dep\u00f3sitos e saques o mais r\u00e1pido poss\u00edvel.&nbsp;Portanto, n\u00e3o hesite em testar a plataforma em uma conta demo gratuitamente e veja por si mesmo por que essa corretora \u00e9 uma das melhores para negociar op\u00e7\u00f5es bin\u00e1rias, CFDs e Forex.<\/p>\n\n\n\n<p class=\"has-text-align-center\"><a class=\"maxbutton-2 maxbutton maxbutton-big-button\" target=\"_blank\" title=\"Visitar Corretora\" rel=\"nofollow noopener\" href=\"https:\/\/binary-option.co\/go\/olymptrade.com\"><span class='mb-text'>Visitar Corretora<\/span><\/a><\/p>\n\n\n\n<p class=\"has-text-align-center\">Aviso geral de risco: seu capital est\u00e1 em risco<\/p>\n","protected":false},"excerpt":{"rendered":"<p>Avalia\u00e7\u00e3o: Pagamento de at\u00e9 92% (o valor \u00e9 creditado na conta em caso de investimento bem-sucedido) Conta de demonstra\u00e7\u00e3o gratuita sem dep\u00f3sito Dep\u00f3sito de $ 10 min Aviso geral de risco: seu capital est\u00e1 em risco O que \u00e9 Olymp Trade \u2013 apresenta\u00e7\u00e3o r\u00e1pida Olymp Trade \u00e9 uma corretora de op\u00e7\u00f5es bin\u00e1rias e CFD&nbsp;que opera [&hellip;]<\/p>\n","protected":false},"author":1,"featured_media":0,"parent":0,"menu_order":0,"comment_status":"closed","ping_status":"closed","template":"","meta":{"footnotes":""},"yoast_head":"<!-- This site is optimized with the Yoast SEO plugin v21.9.1 - https:\/\/yoast.com\/wordpress\/plugins\/seo\/ -->\n<title>Olymp Trade opini\u00f5es 2023: \u00c9 uma corretora confi\u00e1vel ou um golpe ?<\/title>\n<meta name=\"robots\" content=\"index, follow, max-snippet:-1, max-image-preview:large, max-video-preview:-1\" \/>\n<link rel=\"canonical\" href=\"https:\/\/binary-option.co\/br\/olymp-trade-e-confiavel\/\" \/>\n<meta property=\"og:locale\" content=\"pt_BR\" \/>\n<meta property=\"og:type\" content=\"article\" \/>\n<meta property=\"og:title\" content=\"Olymp Trade opini\u00f5es 2023: \u00c9 uma corretora confi\u00e1vel ou um golpe ?\" \/>\n<meta property=\"og:description\" content=\"Avalia\u00e7\u00e3o: Pagamento de at\u00e9 92% (o valor \u00e9 creditado na conta em caso de investimento bem-sucedido) Conta de demonstra\u00e7\u00e3o gratuita sem dep\u00f3sito Dep\u00f3sito de $ 10 min Aviso geral de risco: seu capital est\u00e1 em risco O que \u00e9 Olymp Trade \u2013 apresenta\u00e7\u00e3o r\u00e1pida Olymp Trade \u00e9 uma corretora de op\u00e7\u00f5es bin\u00e1rias e CFD&nbsp;que opera [&hellip;]\" \/>\n<meta property=\"og:url\" content=\"https:\/\/binary-option.co\/br\/olymp-trade-e-confiavel\/\" \/>\n<meta property=\"og:site_name\" content=\"binary-option.co Brazil\" \/>\n<meta property=\"article:modified_time\" content=\"2023-01-14T18:24:34+00:00\" \/>\n<meta property=\"og:image\" content=\"https:\/\/binary-option.co\/wp-content\/uploads\/2021\/05\/Olymp-Trade-logo.png\" \/>\n<meta name=\"twitter:card\" content=\"summary_large_image\" \/>\n<meta name=\"twitter:label1\" content=\"Est. tempo de leitura\" \/>\n\t<meta name=\"twitter:data1\" content=\"9 minutos\" \/>\n<script type=\"application\/ld+json\" class=\"yoast-schema-graph\">{\"@context\":\"https:\/\/schema.org\",\"@graph\":[{\"@type\":\"WebPage\",\"@id\":\"https:\/\/binary-option.co\/br\/olymp-trade-e-confiavel\/\",\"url\":\"https:\/\/binary-option.co\/br\/olymp-trade-e-confiavel\/\",\"name\":\"Olymp Trade opini\u00f5es 2023: \u00c9 uma corretora confi\u00e1vel ou um golpe ?\",\"isPartOf\":{\"@id\":\"https:\/\/binary-option.co\/br\/#website\"},\"datePublished\":\"2022-04-01T18:11:45+00:00\",\"dateModified\":\"2023-01-14T18:24:34+00:00\",\"breadcrumb\":{\"@id\":\"https:\/\/binary-option.co\/br\/olymp-trade-e-confiavel\/#breadcrumb\"},\"inLanguage\":\"pt-BR\",\"potentialAction\":[{\"@type\":\"ReadAction\",\"target\":[\"https:\/\/binary-option.co\/br\/olymp-trade-e-confiavel\/\"]}]},{\"@type\":\"BreadcrumbList\",\"@id\":\"https:\/\/binary-option.co\/br\/olymp-trade-e-confiavel\/#breadcrumb\",\"itemListElement\":[{\"@type\":\"ListItem\",\"position\":1,\"name\":\"Home\",\"item\":\"https:\/\/binary-option.co\/br\/\"},{\"@type\":\"ListItem\",\"position\":2,\"name\":\"Olymp Trade opini\u00f5es\"}]},{\"@type\":\"WebSite\",\"@id\":\"https:\/\/binary-option.co\/br\/#website\",\"url\":\"https:\/\/binary-option.co\/br\/\",\"name\":\"binary-option.co Brazil\",\"description\":\"Guia de op\u00e7\u00f5es bin\u00e1rias para iniciantes\",\"publisher\":{\"@id\":\"https:\/\/binary-option.co\/br\/#organization\"},\"potentialAction\":[{\"@type\":\"SearchAction\",\"target\":{\"@type\":\"EntryPoint\",\"urlTemplate\":\"https:\/\/binary-option.co\/br\/?s={search_term_string}\"},\"query-input\":\"required name=search_term_string\"}],\"inLanguage\":\"pt-BR\"},{\"@type\":\"Organization\",\"@id\":\"https:\/\/binary-option.co\/br\/#organization\",\"name\":\"binary-option.co Brazil\",\"url\":\"https:\/\/binary-option.co\/br\/\",\"logo\":{\"@type\":\"ImageObject\",\"inLanguage\":\"pt-BR\",\"@id\":\"https:\/\/binary-option.co\/br\/#\/schema\/logo\/image\/\",\"url\":\"https:\/\/binary-option.co\/br\/wp-content\/uploads\/sites\/14\/2020\/12\/binary-option.co_.png\",\"contentUrl\":\"https:\/\/binary-option.co\/br\/wp-content\/uploads\/sites\/14\/2020\/12\/binary-option.co_.png\",\"width\":398,\"height\":66,\"caption\":\"binary-option.co Brazil\"},\"image\":{\"@id\":\"https:\/\/binary-option.co\/br\/#\/schema\/logo\/image\/\"}}]}<\/script>\n<!-- \/ Yoast SEO plugin. -->","yoast_head_json":{"title":"Olymp Trade opini\u00f5es 2023: \u00c9 uma corretora confi\u00e1vel ou um golpe ?","robots":{"index":"index","follow":"follow","max-snippet":"max-snippet:-1","max-image-preview":"max-image-preview:large","max-video-preview":"max-video-preview:-1"},"canonical":"https:\/\/binary-option.co\/br\/olymp-trade-e-confiavel\/","og_locale":"pt_BR","og_type":"article","og_title":"Olymp Trade opini\u00f5es 2023: \u00c9 uma corretora confi\u00e1vel ou um golpe ?","og_description":"Avalia\u00e7\u00e3o: Pagamento de at\u00e9 92% (o valor \u00e9 creditado na conta em caso de investimento bem-sucedido) Conta de demonstra\u00e7\u00e3o gratuita sem dep\u00f3sito Dep\u00f3sito de $ 10 min Aviso geral de risco: seu capital est\u00e1 em risco O que \u00e9 Olymp Trade \u2013 apresenta\u00e7\u00e3o r\u00e1pida Olymp Trade \u00e9 uma corretora de op\u00e7\u00f5es bin\u00e1rias e CFD&nbsp;que opera [&hellip;]","og_url":"https:\/\/binary-option.co\/br\/olymp-trade-e-confiavel\/","og_site_name":"binary-option.co Brazil","article_modified_time":"2023-01-14T18:24:34+00:00","og_image":[{"url":"https:\/\/binary-option.co\/wp-content\/uploads\/2021\/05\/Olymp-Trade-logo.png"}],"twitter_card":"summary_large_image","twitter_misc":{"Est. tempo de leitura":"9 minutos"},"schema":{"@context":"https:\/\/schema.org","@graph":[{"@type":"WebPage","@id":"https:\/\/binary-option.co\/br\/olymp-trade-e-confiavel\/","url":"https:\/\/binary-option.co\/br\/olymp-trade-e-confiavel\/","name":"Olymp Trade opini\u00f5es 2023: \u00c9 uma corretora confi\u00e1vel ou um golpe ?","isPartOf":{"@id":"https:\/\/binary-option.co\/br\/#website"},"datePublished":"2022-04-01T18:11:45+00:00","dateModified":"2023-01-14T18:24:34+00:00","breadcrumb":{"@id":"https:\/\/binary-option.co\/br\/olymp-trade-e-confiavel\/#breadcrumb"},"inLanguage":"pt-BR","potentialAction":[{"@type":"ReadAction","target":["https:\/\/binary-option.co\/br\/olymp-trade-e-confiavel\/"]}]},{"@type":"BreadcrumbList","@id":"https:\/\/binary-option.co\/br\/olymp-trade-e-confiavel\/#breadcrumb","itemListElement":[{"@type":"ListItem","position":1,"name":"Home","item":"https:\/\/binary-option.co\/br\/"},{"@type":"ListItem","position":2,"name":"Olymp Trade opini\u00f5es"}]},{"@type":"WebSite","@id":"https:\/\/binary-option.co\/br\/#website","url":"https:\/\/binary-option.co\/br\/","name":"binary-option.co Brazil","description":"Guia de op\u00e7\u00f5es bin\u00e1rias para iniciantes","publisher":{"@id":"https:\/\/binary-option.co\/br\/#organization"},"potentialAction":[{"@type":"SearchAction","target":{"@type":"EntryPoint","urlTemplate":"https:\/\/binary-option.co\/br\/?s={search_term_string}"},"query-input":"required name=search_term_string"}],"inLanguage":"pt-BR"},{"@type":"Organization","@id":"https:\/\/binary-option.co\/br\/#organization","name":"binary-option.co Brazil","url":"https:\/\/binary-option.co\/br\/","logo":{"@type":"ImageObject","inLanguage":"pt-BR","@id":"https:\/\/binary-option.co\/br\/#\/schema\/logo\/image\/","url":"https:\/\/binary-option.co\/br\/wp-content\/uploads\/sites\/14\/2020\/12\/binary-option.co_.png","contentUrl":"https:\/\/binary-option.co\/br\/wp-content\/uploads\/sites\/14\/2020\/12\/binary-option.co_.png","width":398,"height":66,"caption":"binary-option.co Brazil"},"image":{"@id":"https:\/\/binary-option.co\/br\/#\/schema\/logo\/image\/"}}]}},"_links":{"self":[{"href":"https:\/\/binary-option.co\/br\/wp-json\/wp\/v2\/pages\/328"}],"collection":[{"href":"https:\/\/binary-option.co\/br\/wp-json\/wp\/v2\/pages"}],"about":[{"href":"https:\/\/binary-option.co\/br\/wp-json\/wp\/v2\/types\/page"}],"author":[{"embeddable":true,"href":"https:\/\/binary-option.co\/br\/wp-json\/wp\/v2\/users\/1"}],"replies":[{"embeddable":true,"href":"https:\/\/binary-option.co\/br\/wp-json\/wp\/v2\/comments?post=328"}],"version-history":[{"count":2,"href":"https:\/\/binary-option.co\/br\/wp-json\/wp\/v2\/pages\/328\/revisions"}],"predecessor-version":[{"id":331,"href":"https:\/\/binary-option.co\/br\/wp-json\/wp\/v2\/pages\/328\/revisions\/331"}],"wp:attachment":[{"href":"https:\/\/binary-option.co\/br\/wp-json\/wp\/v2\/media?parent=328"}],"curies":[{"name":"wp","href":"https:\/\/api.w.org\/{rel}","templated":true}]}}