{"id":321,"date":"2022-04-01T17:48:05","date_gmt":"2022-04-01T17:48:05","guid":{"rendered":"https:\/\/binary-option.co\/br\/?page_id=321"},"modified":"2023-01-14T18:24:00","modified_gmt":"2023-01-14T18:24:00","slug":"raceoption-e-confiavel","status":"publish","type":"page","link":"https:\/\/binary-option.co\/br\/raceoption-e-confiavel\/","title":{"rendered":"Raceoption opini\u00f5es"},"content":{"rendered":"\n<div class=\"wp-block-columns is-layout-flex wp-container-core-columns-layout-1 wp-block-columns-is-layout-flex\">\n<div class=\"wp-block-column is-layout-flow wp-block-column-is-layout-flow\" style=\"flex-basis:33.33%\">\n<figure class=\"wp-block-image size-large\"><a href=\"https:\/\/binary-option.co\/go\/raceoption.com\" target=\"_blank\" rel=\"noopener\"><img decoding=\"async\" src=\"https:\/\/binary-option.co\/wp-content\/uploads\/2021\/06\/raceoption-logo.png\" alt=\"\" class=\"wp-image-661\"\/><\/a><\/figure>\n<\/div>\n\n\n\n<div class=\"wp-block-column is-layout-flow wp-block-column-is-layout-flow\" style=\"flex-basis:66.66%\">\n<p><strong>Avalia\u00e7\u00e3o:<\/strong> <div itemprop=\"reviewRating\" itemscope itemtype=\"http:\/\/schema.org\/Rating\" class=\"usr\"><meta itemprop=\"worstRating\" content=\"0\" \/><meta itemprop=\"ratingValue\" content=\"3\" \/><meta itemprop=\"bestRating\" content=\"5\" \/><img decoding=\"async\" class=\"usr\" src=\"https:\/\/binary-option.co\/br\/wp-content\/plugins\/universal-star-rating\/includes\/image.php?img=06.png&amp;px=16&amp;max=5&amp;rat=3\" alt=\"3 out of 5 stars\" style=\"height: 16px !important;\" \/><\/div><\/p>\n\n\n\n<ul id=\"block-d261cd4a-bdfd-48bd-9184-e55f9deee217\"><li>Pagamento de at\u00e9 90% (o valor \u00e9 creditado na conta em caso de investimento bem-sucedido)<\/li><li>Conta de demonstra\u00e7\u00e3o gratuita<\/li><li>Dep\u00f3sito m\u00ednimo de $ 250<\/li><\/ul>\n\n\n\n<p class=\"has-text-align-center\"><a class=\"maxbutton-2 maxbutton maxbutton-big-button\" target=\"_blank\" title=\"Visitar Corretora\" rel=\"nofollow noopener\" href=\"https:\/\/binary-option.co\/go\/raceoption.com\"><span class='mb-text'>Visitar Corretora<\/span><\/a><\/p>\n\n\n\n<p class=\"has-text-align-center\">Aviso geral de risco: seu capital est\u00e1 em risco<\/p>\n<\/div>\n<\/div>\n\n\n\n<p>Raceoption est\u00e1 come\u00e7ando a ganhar forte popularidade na ind\u00fastria de op\u00e7\u00f5es bin\u00e1rias e CFD.&nbsp;Com este b\u00f4nus vantajoso e os 3 tipos de op\u00e7\u00f5es bin\u00e1rias dispon\u00edveis, esta corretora est\u00e1 atraindo cada vez mais traders.&nbsp;No entanto, voc\u00ea deve conhecer alguns detalhes e fun\u00e7\u00f5es desta corretora.&nbsp;Neste artigo faremos um tour por&nbsp;<strong>todas as informa\u00e7\u00f5es que voc\u00ea deve saber antes de abrir uma conta com esta corretora<\/strong>&nbsp;.<\/p>\n\n\n\n<figure class=\"wp-block-image\"><a href=\"https:\/\/binary-option.co\/go\/raceoption.com\" target=\"_blank\" rel=\"noreferrer noopener\"><img decoding=\"async\" src=\"https:\/\/binary-option.co\/wp-content\/uploads\/2021\/06\/Raceoption-1024x816.png\" alt=\"\" class=\"wp-image-657\"\/><\/a><\/figure>\n\n\n\n<h2 class=\"wp-block-heading\">Vis\u00e3o geral da RaceOption<\/h2>\n\n\n\n<p><strong>Raceoption \u00e9 uma nova corretora de op\u00e7\u00e3o bin\u00e1ria e contratos CFD<\/strong>.&nbsp;Esta corretora online est\u00e1 registrado e sediado nas Ilhas Marshall.&nbsp;Eles operam sob o nome Makerun Corp., que \u00e9 uma empresa com sede no Trust Company Complex, Ajeltake Road, Ajeltake Island, Majuro.&nbsp;\u00c9 uma corretora de op\u00e7\u00e3o bin\u00e1ria   e CFD offshore que n\u00e3o \u00e9 regulamentada por reguladores fortes como CySEC ou FCA.<\/p>\n\n\n\n<h2 class=\"wp-block-heading\">Plataforma de Negocia\u00e7\u00e3o Raceoption<\/h2>\n\n\n\n<p>A plataforma de negocia\u00e7\u00e3o RaceOption \u00e9 cl\u00e1ssica e tem muitas semelhan\u00e7as com outras corretoras.&nbsp;Sua plataforma realmente n\u00e3o a distingue de seus concorrentes.&nbsp;No entanto, esta&nbsp;<strong>corretora permite que voc\u00ea negocie op\u00e7\u00f5es bin\u00e1rias, forex e CFDs<\/strong>&nbsp;com uma plataforma e fun\u00e7\u00f5es muito adequadas para traders iniciantes, bem como para traders com mais experi\u00eancia em negocia\u00e7\u00e3o online.<\/p>\n\n\n\n<figure class=\"wp-block-image\"><a href=\"https:\/\/binary-option.co\/go\/raceoption.com\" target=\"_blank\" rel=\"noreferrer noopener\"><img decoding=\"async\" src=\"https:\/\/binary-option.co\/wp-content\/uploads\/2021\/06\/Raceoption-trading-platform-1024x529.png\" alt=\"\" class=\"wp-image-658\"\/><\/a><\/figure>\n\n\n\n<p><strong>A plataforma de negocia\u00e7\u00e3o \u00e9 muito minimalista, clara e intuitiva<\/strong>&nbsp;e se concentra no essencial.&nbsp;N\u00e3o h\u00e1 op\u00e7\u00f5es e complementos que possam confundir ou atrapalhar sua experi\u00eancia de negocia\u00e7\u00e3o.<\/p>\n\n\n\n<p>Voc\u00ea encontrar\u00e1 \u00e0 esquerda de sua tela a lista de ativos, o gr\u00e1fico\/tela de negocia\u00e7\u00e3o e colocado no centro de sua tela e \u00e0 direita est\u00e1 a \u00e1rea de pedidos.&nbsp;Para negociar, basta inserir o valor da transa\u00e7\u00e3o, escolher o vencimento e clicar no bot\u00e3o Call ou no bot\u00e3o Put.<\/p>\n\n\n\n<p>Voc\u00ea tamb\u00e9m encontrar\u00e1 algumas fun\u00e7\u00f5es adicionais l\u00e1, como a fun\u00e7\u00e3o de venda imediata.&nbsp;esses recursos oferecem a op\u00e7\u00e3o de adicionar tempo \u00e0s negocia\u00e7\u00f5es pendentes (por uma taxa adicional) ou vender antes do prazo de validade para obter seus lucros ou reduzir suas perdas.<\/p>\n\n\n\n<p>A simplicidade excessiva da plataforma de negocia\u00e7\u00e3o da RaceOption pode ser vista como uma desvantagem para alguns traders.&nbsp;H\u00e1 realmente pouca op\u00e7\u00e3o quando se trata de gr\u00e1ficos e n\u00e3o possui as ferramentas e indicadores que a maioria dos corretores fornece.&nbsp;Dito isso, alguns traders n\u00e3o veem import\u00e2ncia e usam outras ferramentas de chartism, como as fornecidas por plataformas de negocia\u00e7\u00e3o populares, como a plataforma MetaTrader 4 desenvolvida pela MetaQuotes Software.<\/p>\n\n\n\n<p>Voc\u00ea tem a possibilidade de&nbsp;<strong>negociar 3 tipos de op\u00e7\u00f5es bin\u00e1rias na RaceOption;&nbsp;Op\u00e7\u00f5es turbo, op\u00e7\u00f5es de curto prazo e op\u00e7\u00f5es de longo prazo<\/strong>&nbsp;.&nbsp;As op\u00e7\u00f5es Turbos s\u00e3o contratos de op\u00e7\u00f5es bin\u00e1rias com tempos de expira\u00e7\u00e3o muito curtos, variando de 30 a 120 segundos.&nbsp;As op\u00e7\u00f5es de curto prazo s\u00e3o contratos vencidos para sess\u00f5es intradi\u00e1rias e os contratos de longo prazo s\u00e3o contratos de op\u00e7\u00f5es com vencimentos de m\u00e9dio a longo prazo.<\/p>\n\n\n\n<h2 class=\"wp-block-heading\">Conta de demonstra\u00e7\u00e3o Raceoption<\/h2>\n\n\n\n<p>Este \u00e9 um dos pontos mais negativos desta corretora,&nbsp;<strong>a conta demo est\u00e1 dispon\u00edvel apenas para traders que fizeram um dep\u00f3sito<\/strong>&nbsp;.&nbsp;Para n\u00f3s, este \u00e9 um ponto negativo porque, ao contr\u00e1rio de outras corretoras, os traders da RaceOption n\u00e3o t\u00eam a oportunidade de experimentar a plataforma antes de fazer um dep\u00f3sito.&nbsp;Esperamos que esta corretora leve esse detalhe em considera\u00e7\u00e3o e ofere\u00e7a contas de demonstra\u00e7\u00e3o sem dep\u00f3sito no futuro.<\/p>\n\n\n\n<h2 class=\"wp-block-heading\">Recursos dispon\u00edveis<\/h2>\n\n\n\n<p>a lista de ativos a serem negociados \u00e9 bastante exaustiva, voc\u00ea pode negociar a\u00e7\u00f5es, commodities, \u00edndices de todo o mundo e pares de moedas forex via Op\u00e7\u00f5es Bin\u00e1rias e CFDs.&nbsp;Voc\u00ea tamb\u00e9m tem a op\u00e7\u00e3o de negociar criptomoedas, como Bitcoin, Litecoin e Ethereum, bem como outras moedas criptogr\u00e1ficas menos populares.&nbsp;A lista de ativos dispon\u00edveis \u00e9 mais ampla aqui se voc\u00ea negociar via CFDs em compara\u00e7\u00e3o com op\u00e7\u00f5es bin\u00e1rias.<\/p>\n\n\n\n<h2 class=\"wp-block-heading\">Dep\u00f3sitos e saques na Raceoption<\/h2>\n\n\n\n<p>Na Raceoption, voc\u00ea pode facilmente fazer seus&nbsp;<strong>dep\u00f3sitos e saques atrav\u00e9s de v\u00e1rios m\u00e9todos de pagamento<\/strong>&nbsp;, como cart\u00e3o de cr\u00e9dito, transfer\u00eancia banc\u00e1ria, um grande jogo de carteira eletr\u00f4nica e tamb\u00e9m com criptomoeda.&nbsp;O site permite que voc\u00ea fa\u00e7a dep\u00f3sitos e saques r\u00e1pidos em BTC, ETH, LTC e muitas outras criptomoedas populares.&nbsp;<strong>Dep\u00f3sitos e saques s\u00e3o muito r\u00e1pidos<\/strong>&nbsp;, com exce\u00e7\u00e3o das transfer\u00eancias banc\u00e1rias cl\u00e1ssicas, pois o processamento das transfer\u00eancias pode levar at\u00e9 uma semana, dependendo do seu banco e seus intermedi\u00e1rios.<\/p>\n\n\n\n<figure class=\"wp-block-image\"><a href=\"https:\/\/binary-option.co\/go\/raceoption.com\" target=\"_blank\" rel=\"noreferrer noopener\"><img decoding=\"async\" src=\"https:\/\/binary-option.co\/wp-content\/uploads\/2021\/06\/Raceoption-Funding-withdrawal-methods-1024x556.png\" alt=\"\" class=\"wp-image-660\"\/><\/a><\/figure>\n\n\n\n<p><strong>O dep\u00f3sito m\u00ednimo da Raceoption \u00e9 de $ 250<\/strong>&nbsp;e o saque m\u00ednimo \u00e9 de apenas $ 50 sem taxas.&nbsp;Para negociar com este corretor, as carteiras eletr\u00f4nicas e&nbsp;<strong>os pagamentos em criptomoeda s\u00e3o os m\u00e9todos de pagamento mais r\u00e1pidos<\/strong>&nbsp;para fazer seus dep\u00f3sitos e saques.&nbsp;Com esses m\u00e9todos, voc\u00ea pode esperar receber seu dinheiro em sua conta no mesmo dia em que solicitar seus pagamentos.<\/p>\n\n\n\n<h2 class=\"wp-block-heading\">Preste aten\u00e7\u00e3o \u00e0s importantes condi\u00e7\u00f5es de rotatividade<\/h2>\n\n\n\n<p>Uma das maiores desvantagens dessa corretora \u00e9 a impossibilidade de sacar seus ganhos sem ter negociado um valor espec\u00edfico exigido pela plataforma.&nbsp;Antes de abrir uma conta, voc\u00ea deve levar em considera\u00e7\u00e3o que a RaceOption exige um certo volume de neg\u00f3cios antes que voc\u00ea possa sacar seus fundos, e isso, mesmo que voc\u00ea use um b\u00f4nus ou negocie sem b\u00f4nus.&nbsp;<strong>Para poder sacar seu dinheiro, voc\u00ea deve primeiro negociar um valor igual ou superior a 100% do dep\u00f3sito.&nbsp;<\/strong>Se voc\u00ea negociar sem um b\u00f4nus, obter\u00e1 300% de volume de neg\u00f3cios se aceitar um b\u00f4nus de dep\u00f3sito.&nbsp;Aconselhamo-lo a ler atentamente as suas condi\u00e7\u00f5es de utiliza\u00e7\u00e3o para evitar qualquer confus\u00e3o ou desilus\u00e3o.<\/p>\n\n\n\n<h2 class=\"wp-block-heading\">Conclus\u00e3o da revis\u00e3o da Raceoption<\/h2>\n\n\n\n<p><strong>Raceoption \u00e9 uma corretora s\u00e9ria e n\u00e3o \u00e9 um golpe, mas tem algumas desvantagens<\/strong>&nbsp;que podem n\u00e3o ser adequadas para alguns comerciantes.&nbsp;A incapacidade de abrir uma conta demo gratuitamente sem dep\u00f3sito e a condi\u00e7\u00e3o de volume de neg\u00f3cios imposto s\u00e3o as principais desvantagens que podem impedir a maioria dos traders de negociar com essa corretora.&nbsp;Evite esta corretora se voc\u00ea n\u00e3o gostar dessas condi\u00e7\u00f5es e leia nossas outras avalia\u00e7\u00f5es de corretores.&nbsp;Existem muitos outras corretoras de op\u00e7\u00f5es bin\u00e1rias que permitem que voc\u00ea abra uma conta demo gratuita sem dep\u00f3sito e que n\u00e3o imp\u00f5e restri\u00e7\u00f5es aos saques.<\/p>\n\n\n\n<p class=\"has-text-align-center\"><a class=\"maxbutton-2 maxbutton maxbutton-big-button\" target=\"_blank\" title=\"Visitar Corretora\" rel=\"nofollow noopener\" href=\"https:\/\/binary-option.co\/go\/raceoption.com\"><span class='mb-text'>Visitar Corretora<\/span><\/a><\/p>\n\n\n\n&nbsp;\n&nbsp;\n","protected":false},"excerpt":{"rendered":"<p>Avalia\u00e7\u00e3o: Pagamento de at\u00e9 90% (o valor \u00e9 creditado na conta em caso de investimento bem-sucedido) Conta de demonstra\u00e7\u00e3o gratuita Dep\u00f3sito m\u00ednimo de $ 250 Aviso geral de risco: seu capital est\u00e1 em risco Raceoption est\u00e1 come\u00e7ando a ganhar forte popularidade na ind\u00fastria de op\u00e7\u00f5es bin\u00e1rias e CFD.&nbsp;Com este b\u00f4nus vantajoso e os 3 tipos [&hellip;]<\/p>\n","protected":false},"author":1,"featured_media":0,"parent":0,"menu_order":0,"comment_status":"closed","ping_status":"closed","template":"","meta":{"footnotes":""},"yoast_head":"<!-- This site is optimized with the Yoast SEO plugin v21.9.1 - https:\/\/yoast.com\/wordpress\/plugins\/seo\/ -->\n<title>Raceoption opini\u00f5es 2023: O que voc\u00ea precisa saber sobre esta corretora<\/title>\n<meta name=\"robots\" content=\"index, follow, max-snippet:-1, max-image-preview:large, max-video-preview:-1\" \/>\n<link rel=\"canonical\" href=\"https:\/\/binary-option.co\/br\/raceoption-e-confiavel\/\" \/>\n<meta property=\"og:locale\" content=\"pt_BR\" \/>\n<meta property=\"og:type\" content=\"article\" \/>\n<meta property=\"og:title\" content=\"Raceoption opini\u00f5es 2023: O que voc\u00ea precisa saber sobre esta corretora\" \/>\n<meta property=\"og:description\" content=\"Avalia\u00e7\u00e3o: Pagamento de at\u00e9 90% (o valor \u00e9 creditado na conta em caso de investimento bem-sucedido) Conta de demonstra\u00e7\u00e3o gratuita Dep\u00f3sito m\u00ednimo de $ 250 Aviso geral de risco: seu capital est\u00e1 em risco Raceoption est\u00e1 come\u00e7ando a ganhar forte popularidade na ind\u00fastria de op\u00e7\u00f5es bin\u00e1rias e CFD.&nbsp;Com este b\u00f4nus vantajoso e os 3 tipos [&hellip;]\" \/>\n<meta property=\"og:url\" content=\"https:\/\/binary-option.co\/br\/raceoption-e-confiavel\/\" \/>\n<meta property=\"og:site_name\" content=\"binary-option.co Brazil\" \/>\n<meta property=\"article:modified_time\" content=\"2023-01-14T18:24:00+00:00\" \/>\n<meta property=\"og:image\" content=\"https:\/\/binary-option.co\/wp-content\/uploads\/2021\/06\/raceoption-logo.png\" \/>\n<meta name=\"twitter:card\" content=\"summary_large_image\" \/>\n<meta name=\"twitter:label1\" content=\"Est. tempo de leitura\" \/>\n\t<meta name=\"twitter:data1\" content=\"6 minutos\" \/>\n<script type=\"application\/ld+json\" class=\"yoast-schema-graph\">{\"@context\":\"https:\/\/schema.org\",\"@graph\":[{\"@type\":\"WebPage\",\"@id\":\"https:\/\/binary-option.co\/br\/raceoption-e-confiavel\/\",\"url\":\"https:\/\/binary-option.co\/br\/raceoption-e-confiavel\/\",\"name\":\"Raceoption opini\u00f5es 2023: O que voc\u00ea precisa saber sobre esta corretora\",\"isPartOf\":{\"@id\":\"https:\/\/binary-option.co\/br\/#website\"},\"datePublished\":\"2022-04-01T17:48:05+00:00\",\"dateModified\":\"2023-01-14T18:24:00+00:00\",\"breadcrumb\":{\"@id\":\"https:\/\/binary-option.co\/br\/raceoption-e-confiavel\/#breadcrumb\"},\"inLanguage\":\"pt-BR\",\"potentialAction\":[{\"@type\":\"ReadAction\",\"target\":[\"https:\/\/binary-option.co\/br\/raceoption-e-confiavel\/\"]}]},{\"@type\":\"BreadcrumbList\",\"@id\":\"https:\/\/binary-option.co\/br\/raceoption-e-confiavel\/#breadcrumb\",\"itemListElement\":[{\"@type\":\"ListItem\",\"position\":1,\"name\":\"Home\",\"item\":\"https:\/\/binary-option.co\/br\/\"},{\"@type\":\"ListItem\",\"position\":2,\"name\":\"Raceoption opini\u00f5es\"}]},{\"@type\":\"WebSite\",\"@id\":\"https:\/\/binary-option.co\/br\/#website\",\"url\":\"https:\/\/binary-option.co\/br\/\",\"name\":\"binary-option.co Brazil\",\"description\":\"Guia de op\u00e7\u00f5es bin\u00e1rias para iniciantes\",\"publisher\":{\"@id\":\"https:\/\/binary-option.co\/br\/#organization\"},\"potentialAction\":[{\"@type\":\"SearchAction\",\"target\":{\"@type\":\"EntryPoint\",\"urlTemplate\":\"https:\/\/binary-option.co\/br\/?s={search_term_string}\"},\"query-input\":\"required name=search_term_string\"}],\"inLanguage\":\"pt-BR\"},{\"@type\":\"Organization\",\"@id\":\"https:\/\/binary-option.co\/br\/#organization\",\"name\":\"binary-option.co Brazil\",\"url\":\"https:\/\/binary-option.co\/br\/\",\"logo\":{\"@type\":\"ImageObject\",\"inLanguage\":\"pt-BR\",\"@id\":\"https:\/\/binary-option.co\/br\/#\/schema\/logo\/image\/\",\"url\":\"https:\/\/binary-option.co\/br\/wp-content\/uploads\/sites\/14\/2020\/12\/binary-option.co_.png\",\"contentUrl\":\"https:\/\/binary-option.co\/br\/wp-content\/uploads\/sites\/14\/2020\/12\/binary-option.co_.png\",\"width\":398,\"height\":66,\"caption\":\"binary-option.co Brazil\"},\"image\":{\"@id\":\"https:\/\/binary-option.co\/br\/#\/schema\/logo\/image\/\"}}]}<\/script>\n<!-- \/ Yoast SEO plugin. -->","yoast_head_json":{"title":"Raceoption opini\u00f5es 2023: O que voc\u00ea precisa saber sobre esta corretora","robots":{"index":"index","follow":"follow","max-snippet":"max-snippet:-1","max-image-preview":"max-image-preview:large","max-video-preview":"max-video-preview:-1"},"canonical":"https:\/\/binary-option.co\/br\/raceoption-e-confiavel\/","og_locale":"pt_BR","og_type":"article","og_title":"Raceoption opini\u00f5es 2023: O que voc\u00ea precisa saber sobre esta corretora","og_description":"Avalia\u00e7\u00e3o: Pagamento de at\u00e9 90% (o valor \u00e9 creditado na conta em caso de investimento bem-sucedido) Conta de demonstra\u00e7\u00e3o gratuita Dep\u00f3sito m\u00ednimo de $ 250 Aviso geral de risco: seu capital est\u00e1 em risco Raceoption est\u00e1 come\u00e7ando a ganhar forte popularidade na ind\u00fastria de op\u00e7\u00f5es bin\u00e1rias e CFD.&nbsp;Com este b\u00f4nus vantajoso e os 3 tipos [&hellip;]","og_url":"https:\/\/binary-option.co\/br\/raceoption-e-confiavel\/","og_site_name":"binary-option.co Brazil","article_modified_time":"2023-01-14T18:24:00+00:00","og_image":[{"url":"https:\/\/binary-option.co\/wp-content\/uploads\/2021\/06\/raceoption-logo.png"}],"twitter_card":"summary_large_image","twitter_misc":{"Est. tempo de leitura":"6 minutos"},"schema":{"@context":"https:\/\/schema.org","@graph":[{"@type":"WebPage","@id":"https:\/\/binary-option.co\/br\/raceoption-e-confiavel\/","url":"https:\/\/binary-option.co\/br\/raceoption-e-confiavel\/","name":"Raceoption opini\u00f5es 2023: O que voc\u00ea precisa saber sobre esta corretora","isPartOf":{"@id":"https:\/\/binary-option.co\/br\/#website"},"datePublished":"2022-04-01T17:48:05+00:00","dateModified":"2023-01-14T18:24:00+00:00","breadcrumb":{"@id":"https:\/\/binary-option.co\/br\/raceoption-e-confiavel\/#breadcrumb"},"inLanguage":"pt-BR","potentialAction":[{"@type":"ReadAction","target":["https:\/\/binary-option.co\/br\/raceoption-e-confiavel\/"]}]},{"@type":"BreadcrumbList","@id":"https:\/\/binary-option.co\/br\/raceoption-e-confiavel\/#breadcrumb","itemListElement":[{"@type":"ListItem","position":1,"name":"Home","item":"https:\/\/binary-option.co\/br\/"},{"@type":"ListItem","position":2,"name":"Raceoption opini\u00f5es"}]},{"@type":"WebSite","@id":"https:\/\/binary-option.co\/br\/#website","url":"https:\/\/binary-option.co\/br\/","name":"binary-option.co Brazil","description":"Guia de op\u00e7\u00f5es bin\u00e1rias para iniciantes","publisher":{"@id":"https:\/\/binary-option.co\/br\/#organization"},"potentialAction":[{"@type":"SearchAction","target":{"@type":"EntryPoint","urlTemplate":"https:\/\/binary-option.co\/br\/?s={search_term_string}"},"query-input":"required name=search_term_string"}],"inLanguage":"pt-BR"},{"@type":"Organization","@id":"https:\/\/binary-option.co\/br\/#organization","name":"binary-option.co Brazil","url":"https:\/\/binary-option.co\/br\/","logo":{"@type":"ImageObject","inLanguage":"pt-BR","@id":"https:\/\/binary-option.co\/br\/#\/schema\/logo\/image\/","url":"https:\/\/binary-option.co\/br\/wp-content\/uploads\/sites\/14\/2020\/12\/binary-option.co_.png","contentUrl":"https:\/\/binary-option.co\/br\/wp-content\/uploads\/sites\/14\/2020\/12\/binary-option.co_.png","width":398,"height":66,"caption":"binary-option.co Brazil"},"image":{"@id":"https:\/\/binary-option.co\/br\/#\/schema\/logo\/image\/"}}]}},"_links":{"self":[{"href":"https:\/\/binary-option.co\/br\/wp-json\/wp\/v2\/pages\/321"}],"collection":[{"href":"https:\/\/binary-option.co\/br\/wp-json\/wp\/v2\/pages"}],"about":[{"href":"https:\/\/binary-option.co\/br\/wp-json\/wp\/v2\/types\/page"}],"author":[{"embeddable":true,"href":"https:\/\/binary-option.co\/br\/wp-json\/wp\/v2\/users\/1"}],"replies":[{"embeddable":true,"href":"https:\/\/binary-option.co\/br\/wp-json\/wp\/v2\/comments?post=321"}],"version-history":[{"count":7,"href":"https:\/\/binary-option.co\/br\/wp-json\/wp\/v2\/pages\/321\/revisions"}],"predecessor-version":[{"id":385,"href":"https:\/\/binary-option.co\/br\/wp-json\/wp\/v2\/pages\/321\/revisions\/385"}],"wp:attachment":[{"href":"https:\/\/binary-option.co\/br\/wp-json\/wp\/v2\/media?parent=321"}],"curies":[{"name":"wp","href":"https:\/\/api.w.org\/{rel}","templated":true}]}}