{"id":311,"date":"2022-04-01T17:04:25","date_gmt":"2022-04-01T17:04:25","guid":{"rendered":"https:\/\/binary-option.co\/br\/?page_id=311"},"modified":"2023-01-14T18:23:28","modified_gmt":"2023-01-14T18:23:28","slug":"pocket-option-e-confiavel","status":"publish","type":"page","link":"https:\/\/binary-option.co\/br\/pocket-option-e-confiavel\/","title":{"rendered":"Pocket Option opini\u00f5es"},"content":{"rendered":"\n<div class=\"wp-block-columns is-layout-flex wp-container-core-columns-layout-1 wp-block-columns-is-layout-flex\">\n<div class=\"wp-block-column is-layout-flow wp-block-column-is-layout-flow\" style=\"flex-basis:33.33%\">\n<figure class=\"wp-block-image size-large\"><a href=\"https:\/\/binary-option.co\/go\/pocketoption.com\" target=\"_blank\" rel=\"noopener\"><img decoding=\"async\" src=\"https:\/\/binary-option.co\/wp-content\/uploads\/2021\/05\/PocketOption-logo.png\" alt=\"\" class=\"wp-image-498\"\/><\/a><\/figure>\n<\/div>\n\n\n\n<div class=\"wp-block-column is-layout-flow wp-block-column-is-layout-flow\" style=\"flex-basis:66.66%\">\n<p><strong>Avalia\u00e7\u00e3o:<\/strong> <div itemprop=\"reviewRating\" itemscope itemtype=\"http:\/\/schema.org\/Rating\" class=\"usr\"><meta itemprop=\"worstRating\" content=\"0\" \/><meta itemprop=\"ratingValue\" content=\"5\" \/><meta itemprop=\"bestRating\" content=\"5\" \/><img decoding=\"async\" class=\"usr\" src=\"https:\/\/binary-option.co\/br\/wp-content\/plugins\/universal-star-rating\/includes\/image.php?img=06.png&amp;px=16&amp;max=5&amp;rat=5\" alt=\"5 out of 5 stars\" style=\"height: 16px !important;\" \/><\/div><\/p>\n\n\n\n<ul id=\"block-c0e43768-72fb-4224-bf4d-af5abc36a134\"><li>Pagamento de at\u00e9 92% (o valor \u00e9 creditado na conta em caso de investimento bem-sucedido)<\/li><li>Conta de demonstra\u00e7\u00e3o gratuita sem dep\u00f3sito<\/li><li>IFMRRC regulamentado<\/li><li>B\u00f4nus de at\u00e9 50%<\/li><li>$ 50 min.&nbsp;Dep\u00f3sito<\/li><\/ul>\n\n\n\n<p class=\"has-text-align-center\"><a class=\"maxbutton-2 maxbutton maxbutton-big-button\" target=\"_blank\" title=\"Visitar Corretora\" rel=\"nofollow noopener\" href=\"https:\/\/binary-option.co\/go\/pocketoption.com\"><span class='mb-text'>Visitar Corretora<\/span><\/a><\/p>\n\n\n\n<p class=\"has-text-align-center\">Aviso geral de risco: seu capital est\u00e1 em risco<\/p>\n<\/div>\n<\/div>\n\n\n\n<p>Nesta revis\u00e3o, faremos um tour completo e analisaremos a&nbsp;<strong>corretora Pocket Option<\/strong>&nbsp;, que \u00e9 um site de negocia\u00e7\u00e3o on-line que est\u00e1 atraindo cada vez mais traders ultimamente.&nbsp;Veremos se a Pocket Option \u00e9 um  golpe ou se \u00e9 uma corretora s\u00e9ria e confi\u00e1vel.&nbsp;Quais s\u00e3o essas caracter\u00edsticas, vantagens e desvantagens e vale a pena us\u00e1-lo para negocia\u00e7\u00e3o online.<\/p>\n\n\n\n<figure class=\"wp-block-image\"><a href=\"https:\/\/binary-option.co\/go\/pocketoption.com\" target=\"_blank\" rel=\"noreferrer noopener\"><img decoding=\"async\" src=\"https:\/\/binary-option.co\/wp-content\/uploads\/2021\/06\/Pocket-Option-1024x499.png\" alt=\"\" class=\"wp-image-638\"\/><\/a><\/figure>\n\n\n\n<h2 class=\"wp-block-heading\">Vis\u00e3o geral da Pocket Option<\/h2>\n\n\n\n<p><strong>A Pocket Option \u00e9 uma corretora de op\u00e7\u00f5es bin\u00e1rias que<\/strong>&nbsp;opera sob o nome da empresa Gembell Limited, \u00e9 uma corretora que come\u00e7ou a operar em 2017 e desde ent\u00e3o tem crescido em popularidade nos \u00faltimos anos.&nbsp;A empresa est\u00e1 registrada nas Ilhas Marshall, que \u00e9 um destino cl\u00e1ssico para corretores offshore internacionais e \u00e9 regulamentada pelo International Financial Market Relations Regulation Center (IFMRRC).<\/p>\n\n\n\n<h2 class=\"wp-block-heading\">Instrumento de Negocia\u00e7\u00e3o de Pocket Option<\/h2>\n\n\n\n<p>A Pocket Option permite que voc\u00ea negocie nada menos que 130 ativos.&nbsp;Abrangendo cinco categorias principais:<\/p>\n\n\n\n<ul><li>moedas forex<\/li><li>A\u00e7\u00f5es<\/li><li>\u00cdndices<\/li><li>Mercadorias<\/li><li>Criptomoedas<\/li><\/ul>\n\n\n\n<p>Pocket Option \u00e9 uma corretora de op\u00e7\u00f5es bin\u00e1rias que permite especular sobre uma ampla gama de ativos, como moedas cl\u00e1ssicas de Forex, bem como pares de moedas ex\u00f3ticas, a\u00e7\u00f5es, \u00edndices de todo o mundo.&nbsp;Voc\u00ea tamb\u00e9m pode negociar commodities como ouro ou petr\u00f3leo e criptomoedas como bitcoin ou ethereum para traders que amam inova\u00e7\u00e3o e novas tecnologias.<br>Em seu site, voc\u00ea encontrar\u00e1 a lista completa de ativos dispon\u00edveis e atualmente negociados, bem como a porcentagem de pagamento oferecida para cada ativo em investimentos bem-sucedidos.<\/p>\n\n\n\n<h2 class=\"wp-block-heading\">Conta de demonstra\u00e7\u00e3o<\/h2>\n\n\n\n<p>Para se familiarizar com a&nbsp;<strong>Pocket Option Trading Platform<\/strong>&nbsp;e aprender sobre a negocia\u00e7\u00e3o de op\u00e7\u00f5es bin\u00e1rias com esta corretora, voc\u00ea pode tentar sua conta demo.&nbsp;Voc\u00ea pode abrir uma conta demo no Pocket Option sem se registrar.&nbsp;Para abrir uma conta demo, tudo que voc\u00ea precisa fazer \u00e9 acessar o site deles e clicar no bot\u00e3o \u201cConta Demo\u201d para come\u00e7ar a negociar online com $ 10.000 em dinheiro virtual.&nbsp;Isso permitir\u00e1 que voc\u00ea treine e descubra todas as funcionalidades da plataforma sem arriscar seu dinheiro.<\/p>\n\n\n\n<figure class=\"wp-block-image\"><a href=\"https:\/\/binary-option.co\/go\/pocketoption.com\" target=\"_blank\" rel=\"noreferrer noopener\"><img decoding=\"async\" src=\"https:\/\/binary-option.co\/wp-content\/uploads\/2021\/06\/Pocket-Option-Demo-1024x512.png\" alt=\"\" class=\"wp-image-640\"\/><\/a><\/figure>\n\n\n\n<p>\u00c9 sempre importante experimentar a demo antes de negociar com dinheiro real.&nbsp;Porque se a plataforma de negocia\u00e7\u00e3o n\u00e3o combina com voc\u00ea, ser\u00e1 muito mais f\u00e1cil abandonar a conta de pr\u00e1tica e experimentar o modo de demonstra\u00e7\u00e3o de outro corretor sem depositar dinheiro.<\/p>\n\n\n\n<p>Se voc\u00ea \u00e9 um novato na negocia\u00e7\u00e3o de op\u00e7\u00f5es bin\u00e1rias, \u00e9 uma boa ideia usar uma conta demo para ganhar experi\u00eancia e entender como funciona a negocia\u00e7\u00e3o de op\u00e7\u00f5es bin\u00e1rias.<\/p>\n\n\n\n<h2 class=\"wp-block-heading\">tipo de conta<\/h2>\n\n\n\n<p>Este corretor tamb\u00e9m&nbsp;<strong>oferece uma conta Demo<\/strong>&nbsp;, que \u00e9 limitada em termos de ativos dispon\u00edveis, mas que permite testar diferentes estrat\u00e9gias de negocia\u00e7\u00e3o, bem como descobrir a plataforma.&nbsp;O modo Real que permite negociar op\u00e7\u00f5es bin\u00e1rias sem restri\u00e7\u00f5es e com a possibilidade desta vez negociar com dinheiro real e retirar seus lucros com diferentes meios de pagamento.<\/p>\n\n\n\n<p><strong>PocketOption lhe d\u00e1 acesso a 7 tipos de contas<\/strong>&nbsp;.&nbsp;O tipo de conta depende do valor depositado no site.<\/p>\n\n\n\n<figure class=\"wp-block-image\"><a href=\"https:\/\/binary-option.co\/go\/pocketoption.com\" target=\"_blank\" rel=\"noreferrer noopener\"><img decoding=\"async\" src=\"https:\/\/binary-option.co\/wp-content\/uploads\/2021\/06\/Pocket-Option-Profile-Levels--1024x97.png\" alt=\"\" class=\"wp-image-641\"\/><\/a><\/figure>\n\n\n\n<p>Cada tipo de conta de negocia\u00e7\u00e3o permite diferentes recursos e oferece benef\u00edcios adicionais ao trader.&nbsp;Voc\u00ea pode participar de torneios no site, receber b\u00f4nus e descontos, transa\u00e7\u00f5es sem risco, bem como cashback.&nbsp;Quanto maior o tipo de conta, mais benef\u00edcios voc\u00ea obt\u00e9m em sua conta de negocia\u00e7\u00e3o Pocket Option.<\/p>\n\n\n\n<h2 class=\"wp-block-heading\">Plataforma de Negocia\u00e7\u00e3o de Pocket Option<\/h2>\n\n\n\n<p>A&nbsp;<strong>plataforma de negocia\u00e7\u00e3o Pocket Option<\/strong>&nbsp;\u00e9 relativamente simples e intuitiva de usar e ser\u00e1 adequada para a maioria dos traders, sejam eles iniciantes ou especialistas.&nbsp;Esta plataforma de negocia\u00e7\u00e3o est\u00e1 equipada com muitos indicadores que ajudar\u00e3o os traders a tomar decis\u00f5es mais informadas no mercado.&nbsp;Se voc\u00ea preferir plataformas de negocia\u00e7\u00e3o cl\u00e1ssicas como Metatrader 5, este corretor permite que seus usu\u00e1rios usem a plataforma de negocia\u00e7\u00e3o MT5 para negociar online.<\/p>\n\n\n\n<figure class=\"wp-block-image\"><a href=\"https:\/\/binary-option.co\/go\/pocketoption.com\" target=\"_blank\" rel=\"noreferrer noopener\"><img decoding=\"async\" src=\"https:\/\/binary-option.co\/wp-content\/uploads\/2021\/06\/Pocket-Option-trading-Platform-1024x430.png\" alt=\"\" class=\"wp-image-639\"\/><\/a><\/figure>\n\n\n\n<h2 class=\"wp-block-heading\">Aplicativo m\u00f3vel<\/h2>\n\n\n\n<p>PocketOption desenvolveu seu pr\u00f3prio aplicativo m\u00f3vel IOS e Android para negocia\u00e7\u00e3o online.&nbsp;O download do aplicativo Pocket Option est\u00e1 dispon\u00edvel gratuitamente nos mercados App Store e Google Play.&nbsp;Isso \u00e9 conveniente para negociar confortavelmente em seus tablets e smartphones quando estiver viajando ou quando n\u00e3o estiver em casa.<\/p>\n\n\n\n<p>Voc\u00ea pode&nbsp;<strong>baixar o aplicativo de negocia\u00e7\u00e3o Pocket Option<\/strong>&nbsp;do seu dispositivo IOS e Android<\/p>\n\n\n\n<h2 class=\"wp-block-heading\">Pagamento de op\u00e7\u00e3o de bolso<\/h2>\n\n\n\n<p>PocketOption permite que voc\u00ea ganhe at\u00e9 92% do valor do seu investimento especulando sobre diferentes tipos de ativos.<\/p>\n\n\n\n<p>Voc\u00ea pode especular em dura\u00e7\u00f5es que variam de 1 minuto a v\u00e1rias horas com lucros de investimento de at\u00e9 98% do valor investido.&nbsp;O valor m\u00ednimo para uma negocia\u00e7\u00e3o \u00e9 de $ 1 e o dep\u00f3sito m\u00ednimo na plataforma \u00e9 de $ 50.<\/p>\n\n\n\n<h2 class=\"wp-block-heading\">Social Trading<\/h2>\n\n\n\n<p>O Social Trading \u00e9 uma tecnologia que conecta traders experientes com aqueles que desejam acompanhar suas atividades e lucrar com seu sucesso.<\/p>\n\n\n\n<p>A Pocket Option \u00e9 uma das poucas corretoras de op\u00e7\u00f5es bin\u00e1rias que oferece a oportunidade de usar a social trading.&nbsp;Gra\u00e7as a esta fun\u00e7\u00e3o, voc\u00ea pode copiar o sucesso de traders profissionais e receber ganhos nas ordens copiadas de acordo com os par\u00e2metros ativados.&nbsp;Mesmo se voc\u00ea for um iniciante, voc\u00ea pode se tornar um trader de sucesso gra\u00e7as ao servi\u00e7o de negocia\u00e7\u00e3o social oferecido pela plataforma.<\/p>\n\n\n\n<h2 class=\"wp-block-heading\">Sinais de negocia\u00e7\u00e3o<\/h2>\n\n\n\n<p><strong>PocketOption fornece sinais de negocia\u00e7\u00e3o<\/strong>&nbsp;para seus clientes.&nbsp;Os sinais de negocia\u00e7\u00e3o est\u00e3o dispon\u00edveis em um menu no lado direito da tela.&nbsp;Esses sinais de negocia\u00e7\u00e3o podem ajudar os comerciantes a tomar melhores decis\u00f5es ao negociar op\u00e7\u00f5es bin\u00e1rias com esta corretora.<\/p>\n\n\n\n<h2 class=\"wp-block-heading\">Dep\u00f3sito e Retirada<\/h2>\n\n\n\n<p>Aqui est\u00e1 uma lista de&nbsp;<strong>m\u00e9todos de dep\u00f3sito\/retirada que a Pocket Option oferece<\/strong>&nbsp;:<\/p>\n\n\n\n<p>Cart\u00f5es de d\u00e9bito e cr\u00e9dito Visa e Mastercard<br>Euros \/ D\u00f3lares americanos \/ Rublos<\/p>\n\n\n\n<p>Carteiras eletr\u00f4nicas<br>Webmoney \/ Perfect Money \/ Advcash \/ Yandex.Money \/ QIWI \/ Jeton \/ Vload<\/p>\n\n\n\n<p>Criptomoedas<br>BTC \/ ETH \/ Litecoin \/ BUSD \/ Tether \/ DAI \/ USD Coin \/ USDK \/ TrueUSD \/ Bitcoin Cash \/ Stellar \/ PAXOS Standard \/ PAX \/ Zcash<\/p>\n\n\n\n<h2 class=\"wp-block-heading\">B\u00f4nus<\/h2>\n\n\n\n<p><strong>Pocket Option oferece um b\u00f4nus de dep\u00f3sito de 50%<\/strong>&nbsp;no seu primeiro dep\u00f3sito.&nbsp;Quanto maior o primeiro dep\u00f3sito, mais voc\u00ea receber\u00e1 um b\u00f4nus significativo porque \u00e9 proporcional ao primeiro dep\u00f3sito.<\/p>\n\n\n\n<p>Observe que o b\u00f4nus n\u00e3o pode ser retirado diretamente se voc\u00ea n\u00e3o negociar.&nbsp;Como alguns usu\u00e1rios querem abusar do b\u00f4nus e simplesmente se registrar para sacar esse b\u00f4nus, essa corretora, como a maioria das corretoras, protege contra esse tipo de abuso e oferece um b\u00f4nus que voc\u00ea deve usar para negociar.&nbsp;Depois de atingir um n\u00famero suficiente de transa\u00e7\u00f5es, voc\u00ea pode retirar o b\u00f4nus livremente.<\/p>\n\n\n\n<h2 class=\"wp-block-heading\">Conclus\u00e3o da revis\u00e3o da Pocket Option<\/h2>\n\n\n\n<p>Pocket Option permite que traders de todo o mundo especulem sobre op\u00e7\u00f5es bin\u00e1rias com retornos de investimento mais altos do que outras corretoras.&nbsp;Eles oferecem um b\u00f4nus de at\u00e9 50% do primeiro dep\u00f3sito, o que significa que voc\u00ea obteria mais capital inicial para negociar.<\/p>\n\n\n\n<p>A inscri\u00e7\u00e3o \u00e9 r\u00e1pida e f\u00e1cil e voc\u00ea pode at\u00e9 abrir uma conta demo sem precisar se registrar.&nbsp;Em conclus\u00e3o,&nbsp;<strong>a Pocket Option \u00e9 uma corretora de confian\u00e7a e confi\u00e1vel<\/strong>&nbsp;que podemos recomendar para negociar op\u00e7\u00f5es bin\u00e1rias nas melhores condi\u00e7\u00f5es.<\/p>\n\n\n\n<p class=\"has-text-align-center\"><a class=\"maxbutton-2 maxbutton maxbutton-big-button\" target=\"_blank\" title=\"Visitar Corretora\" rel=\"nofollow noopener\" href=\"https:\/\/binary-option.co\/go\/pocketoption.com\"><span class='mb-text'>Visitar Corretora<\/span><\/a><\/p>\n","protected":false},"excerpt":{"rendered":"<p>Avalia\u00e7\u00e3o: Pagamento de at\u00e9 92% (o valor \u00e9 creditado na conta em caso de investimento bem-sucedido) Conta de demonstra\u00e7\u00e3o gratuita sem dep\u00f3sito IFMRRC regulamentado B\u00f4nus de at\u00e9 50% $ 50 min.&nbsp;Dep\u00f3sito Aviso geral de risco: seu capital est\u00e1 em risco Nesta revis\u00e3o, faremos um tour completo e analisaremos a&nbsp;corretora Pocket Option&nbsp;, que \u00e9 um site [&hellip;]<\/p>\n","protected":false},"author":1,"featured_media":0,"parent":0,"menu_order":0,"comment_status":"closed","ping_status":"closed","template":"","meta":{"footnotes":""},"yoast_head":"<!-- This site is optimized with the Yoast SEO plugin v21.9.1 - https:\/\/yoast.com\/wordpress\/plugins\/seo\/ -->\n<title>Pocket Option opini\u00f5es 2023 : \u00c9 confi\u00e1vel ou \u00e9 uma farsa?<\/title>\n<meta name=\"robots\" content=\"index, follow, max-snippet:-1, max-image-preview:large, max-video-preview:-1\" \/>\n<link rel=\"canonical\" href=\"https:\/\/binary-option.co\/br\/pocket-option-e-confiavel\/\" \/>\n<meta property=\"og:locale\" content=\"pt_BR\" \/>\n<meta property=\"og:type\" content=\"article\" \/>\n<meta property=\"og:title\" content=\"Pocket Option opini\u00f5es 2023 : \u00c9 confi\u00e1vel ou \u00e9 uma farsa?\" \/>\n<meta property=\"og:description\" content=\"Avalia\u00e7\u00e3o: Pagamento de at\u00e9 92% (o valor \u00e9 creditado na conta em caso de investimento bem-sucedido) Conta de demonstra\u00e7\u00e3o gratuita sem dep\u00f3sito IFMRRC regulamentado B\u00f4nus de at\u00e9 50% $ 50 min.&nbsp;Dep\u00f3sito Aviso geral de risco: seu capital est\u00e1 em risco Nesta revis\u00e3o, faremos um tour completo e analisaremos a&nbsp;corretora Pocket Option&nbsp;, que \u00e9 um site [&hellip;]\" \/>\n<meta property=\"og:url\" content=\"https:\/\/binary-option.co\/br\/pocket-option-e-confiavel\/\" \/>\n<meta property=\"og:site_name\" content=\"binary-option.co Brazil\" \/>\n<meta property=\"article:modified_time\" content=\"2023-01-14T18:23:28+00:00\" \/>\n<meta property=\"og:image\" content=\"https:\/\/binary-option.co\/wp-content\/uploads\/2021\/05\/PocketOption-logo.png\" \/>\n<meta name=\"twitter:card\" content=\"summary_large_image\" \/>\n<meta name=\"twitter:label1\" content=\"Est. tempo de leitura\" \/>\n\t<meta name=\"twitter:data1\" content=\"7 minutos\" \/>\n<script type=\"application\/ld+json\" class=\"yoast-schema-graph\">{\"@context\":\"https:\/\/schema.org\",\"@graph\":[{\"@type\":\"WebPage\",\"@id\":\"https:\/\/binary-option.co\/br\/pocket-option-e-confiavel\/\",\"url\":\"https:\/\/binary-option.co\/br\/pocket-option-e-confiavel\/\",\"name\":\"Pocket Option opini\u00f5es 2023 : \u00c9 confi\u00e1vel ou \u00e9 uma farsa?\",\"isPartOf\":{\"@id\":\"https:\/\/binary-option.co\/br\/#website\"},\"datePublished\":\"2022-04-01T17:04:25+00:00\",\"dateModified\":\"2023-01-14T18:23:28+00:00\",\"breadcrumb\":{\"@id\":\"https:\/\/binary-option.co\/br\/pocket-option-e-confiavel\/#breadcrumb\"},\"inLanguage\":\"pt-BR\",\"potentialAction\":[{\"@type\":\"ReadAction\",\"target\":[\"https:\/\/binary-option.co\/br\/pocket-option-e-confiavel\/\"]}]},{\"@type\":\"BreadcrumbList\",\"@id\":\"https:\/\/binary-option.co\/br\/pocket-option-e-confiavel\/#breadcrumb\",\"itemListElement\":[{\"@type\":\"ListItem\",\"position\":1,\"name\":\"Home\",\"item\":\"https:\/\/binary-option.co\/br\/\"},{\"@type\":\"ListItem\",\"position\":2,\"name\":\"Pocket Option opini\u00f5es\"}]},{\"@type\":\"WebSite\",\"@id\":\"https:\/\/binary-option.co\/br\/#website\",\"url\":\"https:\/\/binary-option.co\/br\/\",\"name\":\"binary-option.co Brazil\",\"description\":\"Guia de op\u00e7\u00f5es bin\u00e1rias para iniciantes\",\"publisher\":{\"@id\":\"https:\/\/binary-option.co\/br\/#organization\"},\"potentialAction\":[{\"@type\":\"SearchAction\",\"target\":{\"@type\":\"EntryPoint\",\"urlTemplate\":\"https:\/\/binary-option.co\/br\/?s={search_term_string}\"},\"query-input\":\"required name=search_term_string\"}],\"inLanguage\":\"pt-BR\"},{\"@type\":\"Organization\",\"@id\":\"https:\/\/binary-option.co\/br\/#organization\",\"name\":\"binary-option.co Brazil\",\"url\":\"https:\/\/binary-option.co\/br\/\",\"logo\":{\"@type\":\"ImageObject\",\"inLanguage\":\"pt-BR\",\"@id\":\"https:\/\/binary-option.co\/br\/#\/schema\/logo\/image\/\",\"url\":\"https:\/\/binary-option.co\/br\/wp-content\/uploads\/sites\/14\/2020\/12\/binary-option.co_.png\",\"contentUrl\":\"https:\/\/binary-option.co\/br\/wp-content\/uploads\/sites\/14\/2020\/12\/binary-option.co_.png\",\"width\":398,\"height\":66,\"caption\":\"binary-option.co Brazil\"},\"image\":{\"@id\":\"https:\/\/binary-option.co\/br\/#\/schema\/logo\/image\/\"}}]}<\/script>\n<!-- \/ Yoast SEO plugin. -->","yoast_head_json":{"title":"Pocket Option opini\u00f5es 2023 : \u00c9 confi\u00e1vel ou \u00e9 uma farsa?","robots":{"index":"index","follow":"follow","max-snippet":"max-snippet:-1","max-image-preview":"max-image-preview:large","max-video-preview":"max-video-preview:-1"},"canonical":"https:\/\/binary-option.co\/br\/pocket-option-e-confiavel\/","og_locale":"pt_BR","og_type":"article","og_title":"Pocket Option opini\u00f5es 2023 : \u00c9 confi\u00e1vel ou \u00e9 uma farsa?","og_description":"Avalia\u00e7\u00e3o: Pagamento de at\u00e9 92% (o valor \u00e9 creditado na conta em caso de investimento bem-sucedido) Conta de demonstra\u00e7\u00e3o gratuita sem dep\u00f3sito IFMRRC regulamentado B\u00f4nus de at\u00e9 50% $ 50 min.&nbsp;Dep\u00f3sito Aviso geral de risco: seu capital est\u00e1 em risco Nesta revis\u00e3o, faremos um tour completo e analisaremos a&nbsp;corretora Pocket Option&nbsp;, que \u00e9 um site [&hellip;]","og_url":"https:\/\/binary-option.co\/br\/pocket-option-e-confiavel\/","og_site_name":"binary-option.co Brazil","article_modified_time":"2023-01-14T18:23:28+00:00","og_image":[{"url":"https:\/\/binary-option.co\/wp-content\/uploads\/2021\/05\/PocketOption-logo.png"}],"twitter_card":"summary_large_image","twitter_misc":{"Est. tempo de leitura":"7 minutos"},"schema":{"@context":"https:\/\/schema.org","@graph":[{"@type":"WebPage","@id":"https:\/\/binary-option.co\/br\/pocket-option-e-confiavel\/","url":"https:\/\/binary-option.co\/br\/pocket-option-e-confiavel\/","name":"Pocket Option opini\u00f5es 2023 : \u00c9 confi\u00e1vel ou \u00e9 uma farsa?","isPartOf":{"@id":"https:\/\/binary-option.co\/br\/#website"},"datePublished":"2022-04-01T17:04:25+00:00","dateModified":"2023-01-14T18:23:28+00:00","breadcrumb":{"@id":"https:\/\/binary-option.co\/br\/pocket-option-e-confiavel\/#breadcrumb"},"inLanguage":"pt-BR","potentialAction":[{"@type":"ReadAction","target":["https:\/\/binary-option.co\/br\/pocket-option-e-confiavel\/"]}]},{"@type":"BreadcrumbList","@id":"https:\/\/binary-option.co\/br\/pocket-option-e-confiavel\/#breadcrumb","itemListElement":[{"@type":"ListItem","position":1,"name":"Home","item":"https:\/\/binary-option.co\/br\/"},{"@type":"ListItem","position":2,"name":"Pocket Option opini\u00f5es"}]},{"@type":"WebSite","@id":"https:\/\/binary-option.co\/br\/#website","url":"https:\/\/binary-option.co\/br\/","name":"binary-option.co Brazil","description":"Guia de op\u00e7\u00f5es bin\u00e1rias para iniciantes","publisher":{"@id":"https:\/\/binary-option.co\/br\/#organization"},"potentialAction":[{"@type":"SearchAction","target":{"@type":"EntryPoint","urlTemplate":"https:\/\/binary-option.co\/br\/?s={search_term_string}"},"query-input":"required name=search_term_string"}],"inLanguage":"pt-BR"},{"@type":"Organization","@id":"https:\/\/binary-option.co\/br\/#organization","name":"binary-option.co Brazil","url":"https:\/\/binary-option.co\/br\/","logo":{"@type":"ImageObject","inLanguage":"pt-BR","@id":"https:\/\/binary-option.co\/br\/#\/schema\/logo\/image\/","url":"https:\/\/binary-option.co\/br\/wp-content\/uploads\/sites\/14\/2020\/12\/binary-option.co_.png","contentUrl":"https:\/\/binary-option.co\/br\/wp-content\/uploads\/sites\/14\/2020\/12\/binary-option.co_.png","width":398,"height":66,"caption":"binary-option.co Brazil"},"image":{"@id":"https:\/\/binary-option.co\/br\/#\/schema\/logo\/image\/"}}]}},"_links":{"self":[{"href":"https:\/\/binary-option.co\/br\/wp-json\/wp\/v2\/pages\/311"}],"collection":[{"href":"https:\/\/binary-option.co\/br\/wp-json\/wp\/v2\/pages"}],"about":[{"href":"https:\/\/binary-option.co\/br\/wp-json\/wp\/v2\/types\/page"}],"author":[{"embeddable":true,"href":"https:\/\/binary-option.co\/br\/wp-json\/wp\/v2\/users\/1"}],"replies":[{"embeddable":true,"href":"https:\/\/binary-option.co\/br\/wp-json\/wp\/v2\/comments?post=311"}],"version-history":[{"count":3,"href":"https:\/\/binary-option.co\/br\/wp-json\/wp\/v2\/pages\/311\/revisions"}],"predecessor-version":[{"id":316,"href":"https:\/\/binary-option.co\/br\/wp-json\/wp\/v2\/pages\/311\/revisions\/316"}],"wp:attachment":[{"href":"https:\/\/binary-option.co\/br\/wp-json\/wp\/v2\/media?parent=311"}],"curies":[{"name":"wp","href":"https:\/\/api.w.org\/{rel}","templated":true}]}}