{"id":281,"date":"2021-10-08T17:24:26","date_gmt":"2021-10-08T17:24:26","guid":{"rendered":"https:\/\/binary-option.co\/br\/?page_id=281"},"modified":"2022-04-21T17:26:58","modified_gmt":"2022-04-21T17:26:58","slug":"quotex-e-confiavel","status":"publish","type":"page","link":"https:\/\/binary-option.co\/br\/quotex-e-confiavel\/","title":{"rendered":"Quotex: \u00e9 confi\u00e1vel?"},"content":{"rendered":"\n<div class=\"wp-block-columns is-layout-flex wp-container-core-columns-layout-1 wp-block-columns-is-layout-flex\">\n<div class=\"wp-block-column is-layout-flow wp-block-column-is-layout-flow\" style=\"flex-basis:33.33%\">\n<figure class=\"wp-block-image size-large\"><a href=\"https:\/\/binary-option.co\/go\/quotex.io\" target=\"_blank\" rel=\"noopener\"><img decoding=\"async\" src=\"https:\/\/binary-option.co\/wp-content\/uploads\/2021\/05\/quotex-io.png\" alt=\"\"\/><\/a><\/figure>\n<\/div>\n\n\n\n<div class=\"wp-block-column is-layout-flow wp-block-column-is-layout-flow\" style=\"flex-basis:66.66%\">\n<p><strong>Avalia\u00e7\u00e3o:<\/strong> <div itemprop=\"reviewRating\" itemscope itemtype=\"http:\/\/schema.org\/Rating\" class=\"usr\"><meta itemprop=\"worstRating\" content=\"0\" \/><meta itemprop=\"ratingValue\" content=\"5\" \/><meta itemprop=\"bestRating\" content=\"5\" \/><img decoding=\"async\" class=\"usr\" src=\"https:\/\/binary-option.co\/br\/wp-content\/plugins\/universal-star-rating\/includes\/image.php?img=06.png&amp;px=16&amp;max=5&amp;rat=5\" alt=\"5 out of 5 stars\" style=\"height: 16px !important;\" \/><\/div><\/p>\n\n\n\n<p><\/p>\n\n\n\n<ul><li>Pagamento de at\u00e9 98% (o valor \u00e9 creditado na conta em caso de investimento bem-sucedido)<\/li><li>Conta de demonstra\u00e7\u00e3o gratuita sem dep\u00f3sito<\/li><li>IFMRRC regulamentado<\/li><li>B\u00f4nus de at\u00e9 50%<\/li><li>$ 10 min. Dep\u00f3sito<\/li><\/ul>\n\n\n\n<p><\/p>\n\n\n\n<p class=\"has-text-align-center\"><a class=\"maxbutton-2 maxbutton maxbutton-big-button\" target=\"_blank\" title=\"Visitar Corretora\" rel=\"nofollow noopener\" href=\"https:\/\/binary-option.co\/go\/quotex.io\"><span class='mb-text'>Visitar Corretora<\/span><\/a><\/p>\n\n\n\n<p class=\"has-text-align-center\">Aviso geral de risco: seu capital est\u00e1 em risco<\/p>\n<\/div>\n<\/div>\n\n\n\n<p>Neste artigo iremos analisar em detalhes a plataforma de negocia\u00e7\u00e3o online Quotex, que \u00e9 uma nova corretora no mercado com popularidade crescente. \u00c9 uma corretora segura e confi\u00e1vel? quais s\u00e3o as ferramentas e caracter\u00edsticas desta plataforma de negocia\u00e7\u00e3o? Responderemos a todas essas perguntas e daremos nossa opini\u00e3o sobre esta corretora.<\/p>\n\n\n\n<figure class=\"wp-block-image size-large\"><a href=\"https:\/\/binary-option.co\/go\/quotex.io\" target=\"_blank\" rel=\"noopener\"><img decoding=\"async\" src=\"https:\/\/binary-option.co\/wp-content\/uploads\/2021\/06\/Quotex-review.png\" alt=\"\"\/><\/a><figcaption>Site oficial Quotex<\/figcaption><\/figure>\n\n\n\n<h2 class=\"wp-block-heading\">Vis\u00e3o geral da Quotex<\/h2>\n\n\n\n<p><br>A Quotex.io \u00e9 uma corretora relativamente nova que rapidamente se estabeleceu como uma das l\u00edderes no campo das op\u00e7\u00f5es digitais, opera sob o nome de Awesomo Limited que \u00e9 uma corretora regulamentada pelo IFMRRC e iniciou a sua atividade em 2019. O objetivo da corretora Quotex.io \u00e9 tornar a negocia\u00e7\u00e3o online o mais f\u00e1cil poss\u00edvel. \u00c9 uma plataforma de negocia\u00e7\u00e3o premiada, transparente, intuitiva e moderna, reconhecida por especialistas do setor e desenvolvida por desenvolvedores com mais de 10 anos de experi\u00eancia.<\/p>\n\n\n\n<h2 class=\"wp-block-heading\">Instrumentos de negocia\u00e7\u00e3o Quotex<\/h2>\n\n\n\n<p>Esta corretora oferece mais de 400 instrumentos de negocia\u00e7\u00e3o para permitir que iniciantes e traders profissionais em todo o mundo ganhem dinheiro em mercados financeiros como Forex, A\u00e7\u00f5es, \u00cdndices, Metais, Petr\u00f3leo e G\u00e1s, bem como para a negocia\u00e7\u00e3o de criptomoedas. Assim, voc\u00ea pode ganhar at\u00e9 98% do valor do seu investimento em uma ampla gama de ativos<\/p>\n\n\n\n<p>As op\u00e7\u00f5es digitais oferecidas por esta corretora permitem especular em dura\u00e7\u00f5es que variam de 1 minuto a 4 horas com lucros de investimento de at\u00e9 98% do valor do seu investimento. O valor m\u00ednimo de um investimento \u00e9 de apenas $ 1. O que \u00e9 adequado para a grande maioria dos traders.<\/p>\n\n\n\n<h2 class=\"wp-block-heading\">Plataforma de negocia\u00e7\u00e3o Quotex.io<\/h2>\n\n\n\n<p>A plataforma de negocia\u00e7\u00e3o de op\u00e7\u00f5es digitais Quotex permite que voc\u00ea negocie uma infinidade de ativos subjacentes. O termo op\u00e7\u00e3o digital refere-se \u00e0 op\u00e7\u00e3o bin\u00e1ria Up \/ Down, que s\u00e3o transa\u00e7\u00f5es baseadas no movimento de pre\u00e7os para cima e para baixo com lucros predeterminados para cada investimento correto.<\/p>\n\n\n\n<figure class=\"wp-block-image size-large\"><a href=\"https:\/\/binary-option.co\/go\/quotex.io\" target=\"_blank\" rel=\"noopener\"><img decoding=\"async\" src=\"https:\/\/binary-option.co\/wp-content\/uploads\/2021\/06\/Quotex-trading-platform.png\" alt=\"\"\/><\/a><\/figure>\n\n\n\n<p>Para negociar no Quotex.io, voc\u00ea n\u00e3o precisa baixar nenhum software ou aplicativo, esta plataforma de negocia\u00e7\u00e3o \u00e9 totalmente baseada em navegador da web. Portanto, voc\u00ea pode acess\u00e1-lo de qualquer dispositivo com um navegador da web, como computadores, um smartphone ou um tablet.<\/p>\n\n\n\n<div class=\"wp-block-image\"><figure class=\"alignright size-large is-resized\"><a href=\"https:\/\/binary-option.co\/go\/quotex.io\" target=\"_blank\" rel=\"noopener\"><img fetchpriority=\"high\" decoding=\"async\" src=\"https:\/\/binary-option.co\/wp-content\/uploads\/2021\/06\/Quotex-trading-signal.png\" alt=\"\" width=\"270\" height=\"373\"\/><\/a><\/figure><\/div>\n\n\n\n<p>A plataforma Quotex \u00e9 simples e muito intuitiva, possui diversas op\u00e7\u00f5es de gr\u00e1ficos e muitos indicadores est\u00e3o dispon\u00edveis. Voc\u00ea pode usar mais de 9 indicadores de tend\u00eancia, como Bollinger Bands e Ichimoku Cloud, bem como nada menos que 15 osciladores, como MACD e RSI.<\/p>\n\n\n\n<p>As op\u00e7\u00f5es do gr\u00e1fico est\u00e3o posicionadas \u00e0 direita do gr\u00e1fico na tela. A plataforma tamb\u00e9m fornece acesso a not\u00edcias do mercado e sinais de negocia\u00e7\u00e3o.<\/p>\n\n\n\n<h2 class=\"wp-block-heading\">Tipo de conta<\/h2>\n\n\n\n<p>Esta corretora d\u00e1 acesso a uma conta de demonstra\u00e7\u00e3o gratuita de 10.000 d\u00f3lares, que voc\u00ea pode recarregar gratuitamente a qualquer momento para praticar a negocia\u00e7\u00e3o e descobrir todas as funcionalidades da plataforma, bem como para testar suas estrat\u00e9gias de negocia\u00e7\u00e3o sem o risco de perda associada .<\/p>\n\n\n\n<figure class=\"wp-block-image size-large\"><a href=\"https:\/\/binary-option.co\/go\/quotex.io\" target=\"_blank\" rel=\"noopener\"><img decoding=\"async\" src=\"https:\/\/binary-option.co\/wp-content\/uploads\/2021\/06\/Quotex-Demo-account.png\" alt=\"\"\/><\/a><\/figure>\n\n\n\n<p>Ent\u00e3o, quando voc\u00ea se sentir pronto para come\u00e7ar a trabalhar, voc\u00ea pode mudar para o modo de negocia\u00e7\u00e3o real, que pode ser acessado com um dep\u00f3sito de apenas $ 10 e que permitir\u00e1 que voc\u00ea negocie com dinheiro real.<\/p>\n\n\n\n<figure class=\"wp-block-image size-large\"><a href=\"https:\/\/binary-option.co\/go\/quotex.io\" target=\"_blank\" rel=\"noopener\"><img decoding=\"async\" src=\"https:\/\/binary-option.co\/wp-content\/uploads\/2021\/06\/quotex-account-type-1-1024x964.png\" alt=\"\"\/><\/a><\/figure>\n\n\n\n<h2 class=\"wp-block-heading\">Dep\u00f3sito e retirada<\/h2>\n\n\n\n<p>A Quotex possui um grande n\u00famero de m\u00e9todos para seus dep\u00f3sitos e retiradas. Voc\u00ea pode pagar e sacar seus fundos com cart\u00f5es Visa e MasterCard, carteiras eletr\u00f4nicas como Neteller, Skrill, WebMoney, QIWI Mobile Payments, bem como com criptomoedas.<\/p>\n\n\n\n<p>Os dep\u00f3sitos e retiradas s\u00e3o r\u00e1pidos e s\u00e3o feitos na mesma fonte do primeiro dep\u00f3sito, exceto se a fonte do segundo meio de pagamento for verificada. A Quotex n\u00e3o cobra taxas de retirada ou dep\u00f3sito. No entanto, alguns m\u00e9todos de pagamento podem incorrer em taxas que n\u00e3o s\u00e3o cobradas pela pr\u00f3pria plataforma, mas pelo provedor de pagamento.<\/p>\n\n\n\n<p>Observe que alguns m\u00e9todos de pagamento n\u00e3o est\u00e3o dispon\u00edveis dependendo do seu pa\u00eds de resid\u00eancia, mas o pagamento criptografado \u00e9 aceito em todos os pa\u00edses.<\/p>\n\n\n\n<p><\/p>\n\n\n\n<h2 class=\"wp-block-heading\">B\u00f4nus<\/h2>\n\n\n\n<p>Esta corretora oferece um b\u00f4nus de 30% a 50% ap\u00f3s a soma do seu primeiro dep\u00f3sito. O b\u00f4nus \u00e9 oferecido apenas no primeiro dep\u00f3sito e n\u00e3o \u00e9 poss\u00edvel obter b\u00f4nus adicionais.<\/p>\n\n\n\n<figure class=\"wp-block-image size-large\"><a href=\"https:\/\/binary-option.co\/go\/quotex.io\" target=\"_blank\" rel=\"noopener\"><img decoding=\"async\" src=\"https:\/\/binary-option.co\/wp-content\/uploads\/2021\/06\/Quotex-bonus.png\" alt=\"\"\/><\/a><\/figure>\n\n\n\n<h2 class=\"wp-block-heading\">Conclus\u00e3o da revis\u00e3o Quotex:<\/h2>\n\n\n\n<p>Embora esta corretora seja nova na ind\u00fastria, a Quotex \u00e9 uma corretora confi\u00e1vel e confi\u00e1vel que permite a voc\u00ea negociar com seguran\u00e7a uma infinidade de ativos por meio de op\u00e7\u00f5es digitais. \u00c9 uma plataforma de negocia\u00e7\u00e3o transparente, intuitiva e moderna que permite que todos os tipos de negociadores acessem mais de 400 ativos diferentes. Dando a voc\u00ea as melhores condi\u00e7\u00f5es para negocia\u00e7\u00e3o de op\u00e7\u00f5es digitais. Portanto, n\u00e3o hesite em abrir uma conta de demonstra\u00e7\u00e3o no Quotex.io para experiment\u00e1-lo e ver por que esta corretora merece seu reconhecimento como uma das l\u00edderes do setor.<\/p>\n\n\n\n<p class=\"has-text-align-center\"><a class=\"maxbutton-2 maxbutton maxbutton-big-button\" target=\"_blank\" title=\"Visitar Corretora\" rel=\"nofollow noopener\" href=\"https:\/\/binary-option.co\/go\/quotex.io\"><span class='mb-text'>Visitar Corretora<\/span><\/a><\/p>\n\n\n\n\n","protected":false},"excerpt":{"rendered":"<p>Avalia\u00e7\u00e3o: Pagamento de at\u00e9 98% (o valor \u00e9 creditado na conta em caso de investimento bem-sucedido) Conta de demonstra\u00e7\u00e3o gratuita sem dep\u00f3sito IFMRRC regulamentado B\u00f4nus de at\u00e9 50% $ 10 min. Dep\u00f3sito Aviso geral de risco: seu capital est\u00e1 em risco Neste artigo iremos analisar em detalhes a plataforma de negocia\u00e7\u00e3o online Quotex, que \u00e9 [&hellip;]<\/p>\n","protected":false},"author":1,"featured_media":0,"parent":0,"menu_order":0,"comment_status":"closed","ping_status":"closed","template":"","meta":{"footnotes":""},"yoast_head":"<!-- This site is optimized with the Yoast SEO plugin v21.9.1 - https:\/\/yoast.com\/wordpress\/plugins\/seo\/ -->\n<title>Quotex: \u00e9 confi\u00e1vel? - binary-option.co Brazil<\/title>\n<meta name=\"robots\" content=\"index, follow, max-snippet:-1, max-image-preview:large, max-video-preview:-1\" \/>\n<link rel=\"canonical\" href=\"https:\/\/binary-option.co\/br\/quotex-e-confiavel\/\" \/>\n<meta property=\"og:locale\" content=\"pt_BR\" \/>\n<meta property=\"og:type\" content=\"article\" \/>\n<meta property=\"og:title\" content=\"Quotex: \u00e9 confi\u00e1vel? - binary-option.co Brazil\" \/>\n<meta property=\"og:description\" content=\"Avalia\u00e7\u00e3o: Pagamento de at\u00e9 98% (o valor \u00e9 creditado na conta em caso de investimento bem-sucedido) Conta de demonstra\u00e7\u00e3o gratuita sem dep\u00f3sito IFMRRC regulamentado B\u00f4nus de at\u00e9 50% $ 10 min. Dep\u00f3sito Aviso geral de risco: seu capital est\u00e1 em risco Neste artigo iremos analisar em detalhes a plataforma de negocia\u00e7\u00e3o online Quotex, que \u00e9 [&hellip;]\" \/>\n<meta property=\"og:url\" content=\"https:\/\/binary-option.co\/br\/quotex-e-confiavel\/\" \/>\n<meta property=\"og:site_name\" content=\"binary-option.co Brazil\" \/>\n<meta property=\"article:modified_time\" content=\"2022-04-21T17:26:58+00:00\" \/>\n<meta property=\"og:image\" content=\"https:\/\/binary-option.co\/wp-content\/uploads\/2021\/05\/quotex-io.png\" \/>\n<meta name=\"twitter:card\" content=\"summary_large_image\" \/>\n<meta name=\"twitter:label1\" content=\"Est. tempo de leitura\" \/>\n\t<meta name=\"twitter:data1\" content=\"5 minutos\" \/>\n<script type=\"application\/ld+json\" class=\"yoast-schema-graph\">{\"@context\":\"https:\/\/schema.org\",\"@graph\":[{\"@type\":\"WebPage\",\"@id\":\"https:\/\/binary-option.co\/br\/quotex-e-confiavel\/\",\"url\":\"https:\/\/binary-option.co\/br\/quotex-e-confiavel\/\",\"name\":\"Quotex: \u00e9 confi\u00e1vel? - binary-option.co Brazil\",\"isPartOf\":{\"@id\":\"https:\/\/binary-option.co\/br\/#website\"},\"datePublished\":\"2021-10-08T17:24:26+00:00\",\"dateModified\":\"2022-04-21T17:26:58+00:00\",\"breadcrumb\":{\"@id\":\"https:\/\/binary-option.co\/br\/quotex-e-confiavel\/#breadcrumb\"},\"inLanguage\":\"pt-BR\",\"potentialAction\":[{\"@type\":\"ReadAction\",\"target\":[\"https:\/\/binary-option.co\/br\/quotex-e-confiavel\/\"]}]},{\"@type\":\"BreadcrumbList\",\"@id\":\"https:\/\/binary-option.co\/br\/quotex-e-confiavel\/#breadcrumb\",\"itemListElement\":[{\"@type\":\"ListItem\",\"position\":1,\"name\":\"Home\",\"item\":\"https:\/\/binary-option.co\/br\/\"},{\"@type\":\"ListItem\",\"position\":2,\"name\":\"Quotex: \u00e9 confi\u00e1vel?\"}]},{\"@type\":\"WebSite\",\"@id\":\"https:\/\/binary-option.co\/br\/#website\",\"url\":\"https:\/\/binary-option.co\/br\/\",\"name\":\"binary-option.co Brazil\",\"description\":\"Guia de op\u00e7\u00f5es bin\u00e1rias para iniciantes\",\"publisher\":{\"@id\":\"https:\/\/binary-option.co\/br\/#organization\"},\"potentialAction\":[{\"@type\":\"SearchAction\",\"target\":{\"@type\":\"EntryPoint\",\"urlTemplate\":\"https:\/\/binary-option.co\/br\/?s={search_term_string}\"},\"query-input\":\"required name=search_term_string\"}],\"inLanguage\":\"pt-BR\"},{\"@type\":\"Organization\",\"@id\":\"https:\/\/binary-option.co\/br\/#organization\",\"name\":\"binary-option.co Brazil\",\"url\":\"https:\/\/binary-option.co\/br\/\",\"logo\":{\"@type\":\"ImageObject\",\"inLanguage\":\"pt-BR\",\"@id\":\"https:\/\/binary-option.co\/br\/#\/schema\/logo\/image\/\",\"url\":\"https:\/\/binary-option.co\/br\/wp-content\/uploads\/sites\/14\/2020\/12\/binary-option.co_.png\",\"contentUrl\":\"https:\/\/binary-option.co\/br\/wp-content\/uploads\/sites\/14\/2020\/12\/binary-option.co_.png\",\"width\":398,\"height\":66,\"caption\":\"binary-option.co Brazil\"},\"image\":{\"@id\":\"https:\/\/binary-option.co\/br\/#\/schema\/logo\/image\/\"}}]}<\/script>\n<!-- \/ Yoast SEO plugin. -->","yoast_head_json":{"title":"Quotex: \u00e9 confi\u00e1vel? - binary-option.co Brazil","robots":{"index":"index","follow":"follow","max-snippet":"max-snippet:-1","max-image-preview":"max-image-preview:large","max-video-preview":"max-video-preview:-1"},"canonical":"https:\/\/binary-option.co\/br\/quotex-e-confiavel\/","og_locale":"pt_BR","og_type":"article","og_title":"Quotex: \u00e9 confi\u00e1vel? - binary-option.co Brazil","og_description":"Avalia\u00e7\u00e3o: Pagamento de at\u00e9 98% (o valor \u00e9 creditado na conta em caso de investimento bem-sucedido) Conta de demonstra\u00e7\u00e3o gratuita sem dep\u00f3sito IFMRRC regulamentado B\u00f4nus de at\u00e9 50% $ 10 min. Dep\u00f3sito Aviso geral de risco: seu capital est\u00e1 em risco Neste artigo iremos analisar em detalhes a plataforma de negocia\u00e7\u00e3o online Quotex, que \u00e9 [&hellip;]","og_url":"https:\/\/binary-option.co\/br\/quotex-e-confiavel\/","og_site_name":"binary-option.co Brazil","article_modified_time":"2022-04-21T17:26:58+00:00","og_image":[{"url":"https:\/\/binary-option.co\/wp-content\/uploads\/2021\/05\/quotex-io.png"}],"twitter_card":"summary_large_image","twitter_misc":{"Est. tempo de leitura":"5 minutos"},"schema":{"@context":"https:\/\/schema.org","@graph":[{"@type":"WebPage","@id":"https:\/\/binary-option.co\/br\/quotex-e-confiavel\/","url":"https:\/\/binary-option.co\/br\/quotex-e-confiavel\/","name":"Quotex: \u00e9 confi\u00e1vel? - binary-option.co Brazil","isPartOf":{"@id":"https:\/\/binary-option.co\/br\/#website"},"datePublished":"2021-10-08T17:24:26+00:00","dateModified":"2022-04-21T17:26:58+00:00","breadcrumb":{"@id":"https:\/\/binary-option.co\/br\/quotex-e-confiavel\/#breadcrumb"},"inLanguage":"pt-BR","potentialAction":[{"@type":"ReadAction","target":["https:\/\/binary-option.co\/br\/quotex-e-confiavel\/"]}]},{"@type":"BreadcrumbList","@id":"https:\/\/binary-option.co\/br\/quotex-e-confiavel\/#breadcrumb","itemListElement":[{"@type":"ListItem","position":1,"name":"Home","item":"https:\/\/binary-option.co\/br\/"},{"@type":"ListItem","position":2,"name":"Quotex: \u00e9 confi\u00e1vel?"}]},{"@type":"WebSite","@id":"https:\/\/binary-option.co\/br\/#website","url":"https:\/\/binary-option.co\/br\/","name":"binary-option.co Brazil","description":"Guia de op\u00e7\u00f5es bin\u00e1rias para iniciantes","publisher":{"@id":"https:\/\/binary-option.co\/br\/#organization"},"potentialAction":[{"@type":"SearchAction","target":{"@type":"EntryPoint","urlTemplate":"https:\/\/binary-option.co\/br\/?s={search_term_string}"},"query-input":"required name=search_term_string"}],"inLanguage":"pt-BR"},{"@type":"Organization","@id":"https:\/\/binary-option.co\/br\/#organization","name":"binary-option.co Brazil","url":"https:\/\/binary-option.co\/br\/","logo":{"@type":"ImageObject","inLanguage":"pt-BR","@id":"https:\/\/binary-option.co\/br\/#\/schema\/logo\/image\/","url":"https:\/\/binary-option.co\/br\/wp-content\/uploads\/sites\/14\/2020\/12\/binary-option.co_.png","contentUrl":"https:\/\/binary-option.co\/br\/wp-content\/uploads\/sites\/14\/2020\/12\/binary-option.co_.png","width":398,"height":66,"caption":"binary-option.co Brazil"},"image":{"@id":"https:\/\/binary-option.co\/br\/#\/schema\/logo\/image\/"}}]}},"_links":{"self":[{"href":"https:\/\/binary-option.co\/br\/wp-json\/wp\/v2\/pages\/281"}],"collection":[{"href":"https:\/\/binary-option.co\/br\/wp-json\/wp\/v2\/pages"}],"about":[{"href":"https:\/\/binary-option.co\/br\/wp-json\/wp\/v2\/types\/page"}],"author":[{"embeddable":true,"href":"https:\/\/binary-option.co\/br\/wp-json\/wp\/v2\/users\/1"}],"replies":[{"embeddable":true,"href":"https:\/\/binary-option.co\/br\/wp-json\/wp\/v2\/comments?post=281"}],"version-history":[{"count":3,"href":"https:\/\/binary-option.co\/br\/wp-json\/wp\/v2\/pages\/281\/revisions"}],"predecessor-version":[{"id":356,"href":"https:\/\/binary-option.co\/br\/wp-json\/wp\/v2\/pages\/281\/revisions\/356"}],"wp:attachment":[{"href":"https:\/\/binary-option.co\/br\/wp-json\/wp\/v2\/media?parent=281"}],"curies":[{"name":"wp","href":"https:\/\/api.w.org\/{rel}","templated":true}]}}