{"id":18,"date":"2020-09-03T19:16:52","date_gmt":"2020-09-03T17:16:52","guid":{"rendered":"http:\/\/opcoesbinariasnobrasil.com\/?page_id=18"},"modified":"2021-05-21T18:56:44","modified_gmt":"2021-05-21T18:56:44","slug":"demo","status":"publish","type":"page","link":"https:\/\/binary-option.co\/br\/demo\/","title":{"rendered":"Conta demo opc\u0327o\u0303es bina\u0301rias"},"content":{"rendered":"\n<p>Muitos corretores de op\u00e7\u00f5es bin\u00e1rias oferecem conta demo. Poucos corretores oferecem uma conta de demonstra\u00e7\u00e3o de op\u00e7\u00f5es bin\u00e1rias gr\u00e1tis. Uma conta demo gratuita \u00e9 uma conta pr\u00e1tica de negocia\u00e7\u00e3o que um corretor oferece sem ter que fazer um dep\u00f3sito. Basta se registrar para uma conta gratuita na corretora e solicitar sua demonstra\u00e7\u00e3o ao atendimento ao cliente.<br> As conta demo op\u00e7\u00f5es binarias gratis geralmente t\u00eam restri\u00e7\u00f5es em termos de quanto dinheiro de pr\u00e1tica voc\u00ea pode usar para financiar a conta e a dura\u00e7\u00e3o da conta. Fornecemos uma lista dos principais corretores com contas de demonstra\u00e7\u00e3o gratuitas de acordo com o financiamento e os limites de tempo.<\/p>\n\n\n\n<table id=\"tablepress-4\" class=\"tablepress tablepress-id-4 tablepress-responsive tablepress-responsive-stack-phone\">\n<thead>\n<tr class=\"row-1\">\n\t<th class=\"column-1\">Corretoras<\/th><th class=\"column-2\">Retorno<\/th><th class=\"column-3\">Dep\u00f3sito m\u00ednimo<\/th><th class=\"column-4\">Bonus<\/th><th class=\"column-5\">Avalia\u00e7\u00e3o<\/th><th class=\"column-6\">Demonstra\u00e7\u00e3o Gr\u00e1tis<\/th><th class=\"column-7\">Pagina web<\/th>\n<\/tr>\n<\/thead>\n<tbody>\n<tr class=\"row-2\">\n\t<td class=\"column-1\"><a href=\"https:\/\/binary-option.co\/go\/quotex.io\"><img decoding=\"async\" src=\"https:\/\/binary-option.co\/wp-content\/uploads\/2021\/05\/Quotex.io-.png\" alt=\"\" width=\"160\" height=\"40\" class=\"alignnone size-full wp-image-468\" \/><\/a><\/td><td class=\"column-2\">98% Retorno<\/td><td class=\"column-3\">10$ Dep\u00f3sito <\/td><td class=\"column-4\">50% bonus (c\u00f3digo promocional: binary-option)<\/td><td class=\"column-5\"><div itemprop=\"reviewRating\" itemscope itemtype=\"http:\/\/schema.org\/Rating\" class=\"usr\"><meta itemprop=\"worstRating\" content=\"0\" \/><meta itemprop=\"ratingValue\" content=\"5\" \/><meta itemprop=\"bestRating\" content=\"5\" \/><img decoding=\"async\" class=\"usr\" src=\"https:\/\/binary-option.co\/br\/wp-content\/plugins\/universal-star-rating\/includes\/image.php?img=06.png&amp;px=16&amp;max=5&amp;rat=5\" alt=\"5 out of 5 stars\" style=\"height: 16px !important;\" \/><\/div><\/td><td class=\"column-6\"><a href=\"https:\/\/binary-option.co\/go\/quotex.io\/demo\" rel=\"noopener\" target=\"_blank\">Abrir Conta Demo Gratuita<\/a><\/td><td class=\"column-7\"><style type='text\/css'>.maxbutton-1.maxbutton.maxbutton-table{position:relative;text-decoration:none;display:inline-block;vertical-align:middle;width:63px;height:33px;border:2px solid #5eb740;border-radius:4px 4px 4px 4px;background-color:#5eb740;box-shadow:0px 0px 2px 1px #333333}.maxbutton-1.maxbutton.maxbutton-table:hover{border-color:#5fc143;background-color:#5fc143;box-shadow:0px 0px 2px 1px #333333}.maxbutton-1.maxbutton.maxbutton-table .mb-text{color:#ffffff;font-family:Arial;font-size:15px;text-align:center;font-style:normal;font-weight:bold;line-height:1em;box-sizing:border-box;display:block;background-color:unset;padding:7px 0px 0px 0px}.maxbutton-1.maxbutton.maxbutton-table:hover .mb-text{color:#ffffff}<\/style><a class=\"maxbutton-1 maxbutton maxbutton-table\" target=\"_blank\" title=\"Visite o site oficial\" rel=\"nofollow noopener\" href=\"https:\/\/binary-option.co\/go\/quotex.io\"><span class='mb-text'>\u00bb Visita<\/span><\/a><\/td>\n<\/tr>\n<tr class=\"row-3\">\n\t<td class=\"column-1\"><a href=\"http:\/\/binary-option.co\/go\/pocketoption.com\"><img decoding=\"async\" src=\"http:\/\/binary-option.co\/wp-content\/uploads\/2020\/08\/Pocket-Option.png\" alt=\"\" width=\"160\" height=\"40\" class=\"alignnone size-full wp-image-132\" \/><\/a><\/td><td class=\"column-2\">92% Retorno<\/td><td class=\"column-3\">50$ Dep\u00f3sito<\/td><td class=\"column-4\">50% bonus<\/td><td class=\"column-5\"><div itemprop=\"reviewRating\" itemscope itemtype=\"http:\/\/schema.org\/Rating\" class=\"usr\"><meta itemprop=\"worstRating\" content=\"0\" \/><meta itemprop=\"ratingValue\" content=\"5\" \/><meta itemprop=\"bestRating\" content=\"5\" \/><img decoding=\"async\" class=\"usr\" src=\"https:\/\/binary-option.co\/br\/wp-content\/plugins\/universal-star-rating\/includes\/image.php?img=06.png&amp;px=16&amp;max=5&amp;rat=5\" alt=\"5 out of 5 stars\" style=\"height: 16px !important;\" \/><\/div><\/td><td class=\"column-6\"><a href=\"https:\/\/binary-option.co\/go\/pocketoption.com\/demo\" rel=\"noopener\" target=\"_blank\">Abrir Conta Demo Gratuita<\/a><\/td><td class=\"column-7\"><a class=\"maxbutton-1 maxbutton maxbutton-table\" target=\"_blank\" title=\"Visite o site oficial\" rel=\"nofollow noopener\" href=\"http:\/\/binary-option.co\/go\/pocketoption.com\"><span class='mb-text'>\u00bb Visita<\/span><\/a><\/td>\n<\/tr>\n<tr class=\"row-4\">\n\t<td class=\"column-1\"><a href=\"https:\/\/binary-option.co\/go\/iqcent.com\"><img decoding=\"async\" src=\"https:\/\/binary-option.co\/wp-content\/uploads\/2022\/11\/IQCent-Logo.png\" alt=\"\" width=\"160\" height=\"50\" class=\"alignnone size-full wp-image-142\" \/><\/a><\/td><td class=\"column-2\">95% Retorno<\/td><td class=\"column-3\">20$ Dep\u00f3sito<\/td><td class=\"column-4\">200% bonus (c\u00f3digo promocional: CRAZY200)<\/td><td class=\"column-5\"><div itemprop=\"reviewRating\" itemscope itemtype=\"http:\/\/schema.org\/Rating\" class=\"usr\"><meta itemprop=\"worstRating\" content=\"0\" \/><meta itemprop=\"ratingValue\" content=\"5\" \/><meta itemprop=\"bestRating\" content=\"5\" \/><img decoding=\"async\" class=\"usr\" src=\"https:\/\/binary-option.co\/br\/wp-content\/plugins\/universal-star-rating\/includes\/image.php?img=06.png&amp;px=16&amp;max=5&amp;rat=5\" alt=\"5 out of 5 stars\" style=\"height: 16px !important;\" \/><\/div><\/td><td class=\"column-6\"><a href=\"https:\/\/binary-option.co\/go\/iqcent.com\" rel=\"noopener\" target=\"_blank\">Abrir Conta Demo Gratuita<\/a><\/td><td class=\"column-7\"><a class=\"maxbutton-1 maxbutton maxbutton-table\" target=\"_blank\" title=\"Visite o site oficial\" rel=\"nofollow noopener\" href=\"https:\/\/binary-option.co\/go\/iqcent.com\"><span class='mb-text'>\u00bb Visita<\/span><\/a><\/td>\n<\/tr>\n<tr class=\"row-5\">\n\t<td class=\"column-1\"><a href=\"http:\/\/binary-option.co\/go\/iqoption.com\"><img loading=\"lazy\" decoding=\"async\" src=\"http:\/\/binary-option.co\/wp-content\/uploads\/2020\/08\/IQ-Option-1-1.png\" alt=\"\" width=\"160\" height=\"50\" class=\"alignnone size-full wp-image-142\" \/><\/a><\/td><td class=\"column-2\">91% Retorno<\/td><td class=\"column-3\">10$ Dep\u00f3sito<\/td><td class=\"column-4\">Sem b\u00f4nus<\/td><td class=\"column-5\"><div itemprop=\"reviewRating\" itemscope itemtype=\"http:\/\/schema.org\/Rating\" class=\"usr\"><meta itemprop=\"worstRating\" content=\"0\" \/><meta itemprop=\"ratingValue\" content=\"5\" \/><meta itemprop=\"bestRating\" content=\"5\" \/><img decoding=\"async\" class=\"usr\" src=\"https:\/\/binary-option.co\/br\/wp-content\/plugins\/universal-star-rating\/includes\/image.php?img=06.png&amp;px=16&amp;max=5&amp;rat=5\" alt=\"5 out of 5 stars\" style=\"height: 16px !important;\" \/><\/div><\/td><td class=\"column-6\"><a href=\"https:\/\/binary-option.co\/go\/iqoption.com\/demo\" rel=\"noopener\" target=\"_blank\">Abrir Conta Demo Gratuita<\/a><\/td><td class=\"column-7\"><a class=\"maxbutton-1 maxbutton maxbutton-table\" target=\"_blank\" title=\"Visite o site oficial\" rel=\"nofollow noopener\" href=\"http:\/\/binary-option.co\/go\/iqoption.com\"><span class='mb-text'>\u00bb Visita<\/span><\/a><\/td>\n<\/tr>\n<tr class=\"row-6\">\n\t<td class=\"column-1\"><a href=\"https:\/\/binary-option.co\/go\/raceoption.com\"><img loading=\"lazy\" decoding=\"async\" src=\"https:\/\/binary-option.co\/wp-content\/uploads\/2021\/05\/Raceoption.png\" alt=\"\" width=\"160\" height=\"40\" class=\"alignnone size-full wp-image-441\" \/><\/a><\/td><td class=\"column-2\">95% Retorno<\/td><td class=\"column-3\">250$ Dep\u00f3sito<\/td><td class=\"column-4\">200% bonus<\/td><td class=\"column-5\"><div itemprop=\"reviewRating\" itemscope itemtype=\"http:\/\/schema.org\/Rating\" class=\"usr\"><meta itemprop=\"worstRating\" content=\"0\" \/><meta itemprop=\"ratingValue\" content=\"5\" \/><meta itemprop=\"bestRating\" content=\"5\" \/><img decoding=\"async\" class=\"usr\" src=\"https:\/\/binary-option.co\/br\/wp-content\/plugins\/universal-star-rating\/includes\/image.php?img=06.png&amp;px=16&amp;max=5&amp;rat=5\" alt=\"5 out of 5 stars\" style=\"height: 16px !important;\" \/><\/div><\/td><td class=\"column-6\"><a href=\"https:\/\/binary-option.co\/go\/raceoption.com\/demo\" rel=\"noopener\" target=\"_blank\">Abrir Conta Demo Gratuita<\/a><\/td><td class=\"column-7\"><a class=\"maxbutton-1 maxbutton maxbutton-table\" target=\"_blank\" title=\"Visite o site oficial\" rel=\"nofollow noopener\" href=\"https:\/\/binary-option.co\/go\/raceoption.com\"><span class='mb-text'>\u00bb Visita<\/span><\/a><\/td>\n<\/tr>\n<tr class=\"row-7\">\n\t<td class=\"column-1\"><a href=\"http:\/\/binary-option.co\/go\/binarycent.com\"><img loading=\"lazy\" decoding=\"async\" src=\"https:\/\/binary-option.co\/wp-content\/uploads\/2021\/05\/Binarycent.png\" alt=\"\" width=\"160\" height=\"40\" class=\"alignnone size-full wp-image-82\" \/><\/a><\/td><td class=\"column-2\">95% Retorno<\/td><td class=\"column-3\">250$ Dep\u00f3sito<\/td><td class=\"column-4\">200% bonus<\/td><td class=\"column-5\"><div itemprop=\"reviewRating\" itemscope itemtype=\"http:\/\/schema.org\/Rating\" class=\"usr\"><meta itemprop=\"worstRating\" content=\"0\" \/><meta itemprop=\"ratingValue\" content=\"5\" \/><meta itemprop=\"bestRating\" content=\"5\" \/><img decoding=\"async\" class=\"usr\" src=\"https:\/\/binary-option.co\/br\/wp-content\/plugins\/universal-star-rating\/includes\/image.php?img=06.png&amp;px=16&amp;max=5&amp;rat=5\" alt=\"5 out of 5 stars\" style=\"height: 16px !important;\" \/><\/div><\/td><td class=\"column-6\"><a href=\"http:\/\/binary-option.co\/go\/binarycent.com\" rel=\"noopener\" target=\"_blank\">Abrir Conta Demo Gratuita<\/a><\/td><td class=\"column-7\"><a class=\"maxbutton-1 maxbutton maxbutton-table\" target=\"_blank\" title=\"Visite o site oficial\" rel=\"nofollow noopener\" href=\"http:\/\/binary-option.co\/go\/binarycent.com\"><span class='mb-text'>\u00bb Visita<\/span><\/a><\/td>\n<\/tr>\n<tr class=\"row-8\">\n\t<td colspan=\"7\" class=\"column-1\"><center>Retorno = valor m\u00e1ximo creditado na conta em caso de investimento bem-sucedido<\/center><\/td>\n<\/tr>\n<\/tbody>\n<\/table>\n\n\n\n\n<h2 class=\"wp-block-heading\">Contas demo opcoes binarias sem dep\u00f3sito e gratis<\/h2>\n\n\n\n<p>Nem todos os corretores oferecem contas de demonstra\u00e7\u00e3o e alguns exigem que voc\u00ea fa\u00e7a um dep\u00f3sito antes de ter acesso \u00e0 negocia\u00e7\u00e3o na conta de pr\u00e1tica. A boa not\u00edcia \u00e9 que se voc\u00ea estiver procurando por uma conta de demonstra\u00e7\u00e3o de op\u00e7\u00f5es bin\u00e1rias gr\u00e1tis e real sem a necessidade de dep\u00f3sito, existem algumas plataformas excelentes que oferecem isso. D\u00ea uma olhada na tabela acima para ver a lista dos melhores corretores que oferecem contas de demonstra\u00e7\u00e3o sem a necessidade de depositar primeiro. Caso contr\u00e1rio, clique aqui para abrir sua conta sem depositar em um de nossos corretores favoritos.<\/p>\n\n\n\n<h2 class=\"wp-block-heading\">A psicologia da conta demo op\u00e7\u00f5es binarias<\/h2>\n\n\n\n<p>Existem 2 opini\u00f5es muito diferentes na ind\u00fastria sobre se a negocia\u00e7\u00e3o usando uma conta de demonstra\u00e7\u00e3o realmente ajuda ou prejudica a sua negocia\u00e7\u00e3o. Algumas pessoas argumentam que, como voc\u00ea n\u00e3o est\u00e1 arriscando seu pr\u00f3prio dinheiro, isso afeta seu estilo de negocia\u00e7\u00e3o e voc\u00ea estar\u00e1 disposto a correr mais riscos do que o normal. Uma vez que o objetivo \u00e9 melhorar e aprender, isso n\u00e3o o ajuda a melhorar, pois voc\u00ea n\u00e3o est\u00e1 realmente praticando a negocia\u00e7\u00e3o da maneira como negocia ao vivo. O outro argumento \u00e9 que as contas de demonstra\u00e7\u00e3o s\u00e3o a maneira perfeita de experimentar novos recursos ou ativos, mas, mais importante ainda, estrat\u00e9gias e estilos de negocia\u00e7\u00e3o diferentes. Qualquer estrat\u00e9gia de negocia\u00e7\u00e3o leva tempo para aprender e aperfei\u00e7oar e praticar a negocia\u00e7\u00e3o com uma demonstra\u00e7\u00e3o ao vivo \u00e9 a melhor maneira de fazer isso. Eu, pessoalmente, adoro experimentar coisas novas com minhas contas e hoje sou um trader ao vivo muito melhor por isso. Abra uma conta de demonstra\u00e7\u00e3o gratuita agora e obtenha $ 50.000 em cr\u00e9ditos para aprender.<\/p>\n","protected":false},"excerpt":{"rendered":"<p>Muitos corretores de op\u00e7\u00f5es bin\u00e1rias oferecem conta demo. Poucos corretores oferecem uma conta de demonstra\u00e7\u00e3o de op\u00e7\u00f5es bin\u00e1rias gr\u00e1tis. Uma conta demo gratuita \u00e9 uma conta pr\u00e1tica de negocia\u00e7\u00e3o que um corretor oferece sem ter que fazer um dep\u00f3sito. Basta se registrar para uma conta gratuita na corretora e solicitar sua demonstra\u00e7\u00e3o ao atendimento ao [&hellip;]<\/p>\n","protected":false},"author":1,"featured_media":0,"parent":0,"menu_order":0,"comment_status":"closed","ping_status":"closed","template":"","meta":{"footnotes":""},"yoast_head":"<!-- This site is optimized with the Yoast SEO plugin v21.9.1 - https:\/\/yoast.com\/wordpress\/plugins\/seo\/ -->\n<title>Conta demo opc\u0327o\u0303es bina\u0301rias - binary-option.co Brazil<\/title>\n<meta name=\"robots\" content=\"index, follow, max-snippet:-1, max-image-preview:large, max-video-preview:-1\" \/>\n<link rel=\"canonical\" href=\"https:\/\/binary-option.co\/br\/demo\/\" \/>\n<meta property=\"og:locale\" content=\"pt_BR\" \/>\n<meta property=\"og:type\" content=\"article\" \/>\n<meta property=\"og:title\" content=\"Conta demo opc\u0327o\u0303es bina\u0301rias - binary-option.co Brazil\" \/>\n<meta property=\"og:description\" content=\"Muitos corretores de op\u00e7\u00f5es bin\u00e1rias oferecem conta demo. Poucos corretores oferecem uma conta de demonstra\u00e7\u00e3o de op\u00e7\u00f5es bin\u00e1rias gr\u00e1tis. Uma conta demo gratuita \u00e9 uma conta pr\u00e1tica de negocia\u00e7\u00e3o que um corretor oferece sem ter que fazer um dep\u00f3sito. Basta se registrar para uma conta gratuita na corretora e solicitar sua demonstra\u00e7\u00e3o ao atendimento ao [&hellip;]\" \/>\n<meta property=\"og:url\" content=\"https:\/\/binary-option.co\/br\/demo\/\" \/>\n<meta property=\"og:site_name\" content=\"binary-option.co Brazil\" \/>\n<meta property=\"article:modified_time\" content=\"2021-05-21T18:56:44+00:00\" \/>\n<meta name=\"twitter:card\" content=\"summary_large_image\" \/>\n<meta name=\"twitter:label1\" content=\"Est. tempo de leitura\" \/>\n\t<meta name=\"twitter:data1\" content=\"2 minutos\" \/>\n<script type=\"application\/ld+json\" class=\"yoast-schema-graph\">{\"@context\":\"https:\/\/schema.org\",\"@graph\":[{\"@type\":\"WebPage\",\"@id\":\"https:\/\/binary-option.co\/br\/demo\/\",\"url\":\"https:\/\/binary-option.co\/br\/demo\/\",\"name\":\"Conta demo opc\u0327o\u0303es bina\u0301rias - binary-option.co Brazil\",\"isPartOf\":{\"@id\":\"https:\/\/binary-option.co\/br\/#website\"},\"datePublished\":\"2020-09-03T17:16:52+00:00\",\"dateModified\":\"2021-05-21T18:56:44+00:00\",\"breadcrumb\":{\"@id\":\"https:\/\/binary-option.co\/br\/demo\/#breadcrumb\"},\"inLanguage\":\"pt-BR\",\"potentialAction\":[{\"@type\":\"ReadAction\",\"target\":[\"https:\/\/binary-option.co\/br\/demo\/\"]}]},{\"@type\":\"BreadcrumbList\",\"@id\":\"https:\/\/binary-option.co\/br\/demo\/#breadcrumb\",\"itemListElement\":[{\"@type\":\"ListItem\",\"position\":1,\"name\":\"Home\",\"item\":\"https:\/\/binary-option.co\/br\/\"},{\"@type\":\"ListItem\",\"position\":2,\"name\":\"Conta demo opc\u0327o\u0303es bina\u0301rias\"}]},{\"@type\":\"WebSite\",\"@id\":\"https:\/\/binary-option.co\/br\/#website\",\"url\":\"https:\/\/binary-option.co\/br\/\",\"name\":\"binary-option.co Brazil\",\"description\":\"Guia de op\u00e7\u00f5es bin\u00e1rias para iniciantes\",\"publisher\":{\"@id\":\"https:\/\/binary-option.co\/br\/#organization\"},\"potentialAction\":[{\"@type\":\"SearchAction\",\"target\":{\"@type\":\"EntryPoint\",\"urlTemplate\":\"https:\/\/binary-option.co\/br\/?s={search_term_string}\"},\"query-input\":\"required name=search_term_string\"}],\"inLanguage\":\"pt-BR\"},{\"@type\":\"Organization\",\"@id\":\"https:\/\/binary-option.co\/br\/#organization\",\"name\":\"binary-option.co Brazil\",\"url\":\"https:\/\/binary-option.co\/br\/\",\"logo\":{\"@type\":\"ImageObject\",\"inLanguage\":\"pt-BR\",\"@id\":\"https:\/\/binary-option.co\/br\/#\/schema\/logo\/image\/\",\"url\":\"https:\/\/binary-option.co\/br\/wp-content\/uploads\/sites\/14\/2020\/12\/binary-option.co_.png\",\"contentUrl\":\"https:\/\/binary-option.co\/br\/wp-content\/uploads\/sites\/14\/2020\/12\/binary-option.co_.png\",\"width\":398,\"height\":66,\"caption\":\"binary-option.co Brazil\"},\"image\":{\"@id\":\"https:\/\/binary-option.co\/br\/#\/schema\/logo\/image\/\"}}]}<\/script>\n<!-- \/ Yoast SEO plugin. -->","yoast_head_json":{"title":"Conta demo opc\u0327o\u0303es bina\u0301rias - binary-option.co Brazil","robots":{"index":"index","follow":"follow","max-snippet":"max-snippet:-1","max-image-preview":"max-image-preview:large","max-video-preview":"max-video-preview:-1"},"canonical":"https:\/\/binary-option.co\/br\/demo\/","og_locale":"pt_BR","og_type":"article","og_title":"Conta demo opc\u0327o\u0303es bina\u0301rias - binary-option.co Brazil","og_description":"Muitos corretores de op\u00e7\u00f5es bin\u00e1rias oferecem conta demo. Poucos corretores oferecem uma conta de demonstra\u00e7\u00e3o de op\u00e7\u00f5es bin\u00e1rias gr\u00e1tis. Uma conta demo gratuita \u00e9 uma conta pr\u00e1tica de negocia\u00e7\u00e3o que um corretor oferece sem ter que fazer um dep\u00f3sito. Basta se registrar para uma conta gratuita na corretora e solicitar sua demonstra\u00e7\u00e3o ao atendimento ao [&hellip;]","og_url":"https:\/\/binary-option.co\/br\/demo\/","og_site_name":"binary-option.co Brazil","article_modified_time":"2021-05-21T18:56:44+00:00","twitter_card":"summary_large_image","twitter_misc":{"Est. tempo de leitura":"2 minutos"},"schema":{"@context":"https:\/\/schema.org","@graph":[{"@type":"WebPage","@id":"https:\/\/binary-option.co\/br\/demo\/","url":"https:\/\/binary-option.co\/br\/demo\/","name":"Conta demo opc\u0327o\u0303es bina\u0301rias - binary-option.co Brazil","isPartOf":{"@id":"https:\/\/binary-option.co\/br\/#website"},"datePublished":"2020-09-03T17:16:52+00:00","dateModified":"2021-05-21T18:56:44+00:00","breadcrumb":{"@id":"https:\/\/binary-option.co\/br\/demo\/#breadcrumb"},"inLanguage":"pt-BR","potentialAction":[{"@type":"ReadAction","target":["https:\/\/binary-option.co\/br\/demo\/"]}]},{"@type":"BreadcrumbList","@id":"https:\/\/binary-option.co\/br\/demo\/#breadcrumb","itemListElement":[{"@type":"ListItem","position":1,"name":"Home","item":"https:\/\/binary-option.co\/br\/"},{"@type":"ListItem","position":2,"name":"Conta demo opc\u0327o\u0303es bina\u0301rias"}]},{"@type":"WebSite","@id":"https:\/\/binary-option.co\/br\/#website","url":"https:\/\/binary-option.co\/br\/","name":"binary-option.co Brazil","description":"Guia de op\u00e7\u00f5es bin\u00e1rias para iniciantes","publisher":{"@id":"https:\/\/binary-option.co\/br\/#organization"},"potentialAction":[{"@type":"SearchAction","target":{"@type":"EntryPoint","urlTemplate":"https:\/\/binary-option.co\/br\/?s={search_term_string}"},"query-input":"required name=search_term_string"}],"inLanguage":"pt-BR"},{"@type":"Organization","@id":"https:\/\/binary-option.co\/br\/#organization","name":"binary-option.co Brazil","url":"https:\/\/binary-option.co\/br\/","logo":{"@type":"ImageObject","inLanguage":"pt-BR","@id":"https:\/\/binary-option.co\/br\/#\/schema\/logo\/image\/","url":"https:\/\/binary-option.co\/br\/wp-content\/uploads\/sites\/14\/2020\/12\/binary-option.co_.png","contentUrl":"https:\/\/binary-option.co\/br\/wp-content\/uploads\/sites\/14\/2020\/12\/binary-option.co_.png","width":398,"height":66,"caption":"binary-option.co Brazil"},"image":{"@id":"https:\/\/binary-option.co\/br\/#\/schema\/logo\/image\/"}}]}},"_links":{"self":[{"href":"https:\/\/binary-option.co\/br\/wp-json\/wp\/v2\/pages\/18"}],"collection":[{"href":"https:\/\/binary-option.co\/br\/wp-json\/wp\/v2\/pages"}],"about":[{"href":"https:\/\/binary-option.co\/br\/wp-json\/wp\/v2\/types\/page"}],"author":[{"embeddable":true,"href":"https:\/\/binary-option.co\/br\/wp-json\/wp\/v2\/users\/1"}],"replies":[{"embeddable":true,"href":"https:\/\/binary-option.co\/br\/wp-json\/wp\/v2\/comments?post=18"}],"version-history":[{"count":4,"href":"https:\/\/binary-option.co\/br\/wp-json\/wp\/v2\/pages\/18\/revisions"}],"predecessor-version":[{"id":240,"href":"https:\/\/binary-option.co\/br\/wp-json\/wp\/v2\/pages\/18\/revisions\/240"}],"wp:attachment":[{"href":"https:\/\/binary-option.co\/br\/wp-json\/wp\/v2\/media?parent=18"}],"curies":[{"name":"wp","href":"https:\/\/api.w.org\/{rel}","templated":true}]}}