{"id":16,"date":"2020-09-03T19:14:30","date_gmt":"2020-09-03T17:14:30","guid":{"rendered":"http:\/\/opcoesbinariasnobrasil.com\/?page_id=16"},"modified":"2023-01-14T18:20:48","modified_gmt":"2023-01-14T18:20:48","slug":"robos","status":"publish","type":"page","link":"https:\/\/binary-option.co\/br\/robos\/","title":{"rendered":"Rob\u00f4s de op\u00e7\u00f5es bin\u00e1rias: Os melhores Robo Binario"},"content":{"rendered":"\n<p>Neste artigo, explicaremos como os rob\u00f4s de negocia\u00e7\u00e3o funcionam e apresentaremos os melhores rob\u00f4s de negocia\u00e7\u00e3o para o ano de 2023. Tamb\u00e9m faremos um tour completo por tudo o que voc\u00ea precisa saber como usu\u00e1rio desses sistemas de negocia\u00e7\u00e3o automatizados.<\/p>\n\n\n\n<p>Tamb\u00e9m veremos como abrir uma conta demo para experimentar um rob\u00f4 de negocia\u00e7\u00e3o e testar suas estrat\u00e9gias de negocia\u00e7\u00e3o automatizadas.&nbsp;O uso da conta demo \u00e9 importante para se familiarizar com suas ferramentas de negocia\u00e7\u00e3o autom\u00e1tica.<\/p>\n\n\n\n<p>Escolher o melhor software de negocia\u00e7\u00e3o autom\u00e1tica para voc\u00ea depender\u00e1 em grande parte de suas prefer\u00eancias individuais, ent\u00e3o continue lendo para obter todas as informa\u00e7\u00f5es que voc\u00ea precisa saber sobre bots de negocia\u00e7\u00e3o.<\/p>\n\n\n\n<p>\u00cdndice<\/p>\n\n\n\n<h2 class=\"wp-block-heading\">Melhor rob\u00f4 de op\u00e7\u00f5es bin\u00e1rias e software de negocia\u00e7\u00e3o automatizada<\/h2>\n\n\n\n<table id=\"tablepress-5\" class=\"tablepress tablepress-id-5 tablepress-responsive tablepress-responsive-stack-phone\">\n<thead>\n<tr class=\"row-1\">\n\t<th class=\"column-1\">Robo<\/th><th class=\"column-2\">Informa\u00e7\u00e3o<\/th><th class=\"column-3\">Local na rede Internet<\/th>\n<\/tr>\n<\/thead>\n<tbody>\n<tr class=\"row-2\">\n\t<td class=\"column-1\"><a href=\"http:\/\/binary-option.co\/go\/binbotpro.com\"><img decoding=\"async\" src=\"http:\/\/binary-option.co\/wp-content\/uploads\/2020\/08\/binbotpro-logo.png\" alt=\"\" width=\"175\" height=\"70\" class=\"alignnone size-full wp-image-240\" \/><\/a><\/td><td class=\"column-2\">At\u00e9 20 rob\u00f4s de negocia\u00e7\u00e3o de op\u00e7\u00f5es bin\u00e1rias est\u00e3o dispon\u00edveis e voc\u00ea pode compar\u00e1-los no desempenho passado. Apenas 3 etapas f\u00e1ceis para ativar o recurso de negocia\u00e7\u00e3o autom\u00e1tica.<\/td><td class=\"column-3\"><style type='text\/css'>.maxbutton-1.maxbutton.maxbutton-table{position:relative;text-decoration:none;display:inline-block;vertical-align:middle;width:63px;height:33px;border:2px solid #5eb740;border-radius:4px 4px 4px 4px;background-color:#5eb740;box-shadow:0px 0px 2px 1px #333333}.maxbutton-1.maxbutton.maxbutton-table:hover{border-color:#5fc143;background-color:#5fc143;box-shadow:0px 0px 2px 1px #333333}.maxbutton-1.maxbutton.maxbutton-table .mb-text{color:#ffffff;font-family:Arial;font-size:15px;text-align:center;font-style:normal;font-weight:bold;line-height:1em;box-sizing:border-box;display:block;background-color:unset;padding:7px 0px 0px 0px}.maxbutton-1.maxbutton.maxbutton-table:hover .mb-text{color:#ffffff}<\/style><a class=\"maxbutton-1 maxbutton maxbutton-table\" target=\"_blank\" title=\"Visite o site oficial\" rel=\"nofollow noopener\" href=\"http:\/\/binary-option.co\/go\/binbotpro.com\"><span class='mb-text'>\u00bb Visita<\/span><\/a><\/td>\n<\/tr>\n<tr class=\"row-3\">\n\t<td class=\"column-1\"><a href=\"https:\/\/binary-option.co\/go\/binary.com\"><img decoding=\"async\" src=\"https:\/\/binary-option.co\/wp-content\/uploads\/2020\/08\/Binary.com_.png\" alt=\"\" width=\"175\" height=\"70\" class=\"alignnone size-full wp-image-240\" \/><\/a><\/td><td class=\"column-2\">Crie seu pr\u00f3prio rob\u00f4 de negocia\u00e7\u00e3o com o Binary Bot. Este corretor oferece uma interface intuitiva para programar seu pr\u00f3prio rob\u00f4 de negocia\u00e7\u00e3o e automatizar suas estrat\u00e9gias de negocia\u00e7\u00e3o.<\/td><td class=\"column-3\"><a class=\"maxbutton-1 maxbutton maxbutton-table\" target=\"_blank\" title=\"Visite o site oficial\" rel=\"nofollow noopener\" href=\"https:\/\/binary-option.co\/go\/binary.com\"><span class='mb-text'>\u00bb Visita<\/span><\/a><\/td>\n<\/tr>\n<tr class=\"row-4\">\n\t<td class=\"column-1\"><a href=\"https:\/\/binary-option.co\/go\/bitcointrader.com\"><img decoding=\"async\" src=\"https:\/\/binary-option.co\/wp-content\/uploads\/2021\/05\/bitcoin-trader-logo.png\" alt=\"\" width=\"200\" height=\"80\" class=\"alignnone size-full wp-image-567\" \/><\/a><\/td><td class=\"column-2\">O melhor rob\u00f4 de negocia\u00e7\u00e3o de moedas Bitcoin e criptomoedas dispon\u00edvel no mercado. \u00c9 um rob\u00f4 de negocia\u00e7\u00e3o de criptomoedas perfeito para iniciantes e traders experientes.<\/td><td class=\"column-3\"><a class=\"maxbutton-1 maxbutton maxbutton-table\" target=\"_blank\" title=\"Visite o site oficial\" rel=\"nofollow noopener\" href=\"https:\/\/binary-option.co\/go\/bitcointrader.com\"><span class='mb-text'>\u00bb Visita<\/span><\/a><\/td>\n<\/tr>\n<\/tbody>\n<\/table>\n\n\n\n\n<h2 class=\"wp-block-heading\">No\u00e7\u00f5es b\u00e1sicas de negocia\u00e7\u00e3o algor\u00edtmica: o conceito<\/h2>\n\n\n\n<p>A negocia\u00e7\u00e3o algor\u00edtmica tamb\u00e9m conhecida como rob\u00f4 de negocia\u00e7\u00e3o e sistemas de negocia\u00e7\u00e3o automatizados s\u00e3o programas de computador para cria\u00e7\u00e3o de ordens autom\u00e1ticas de compra e venda de ativos no mercado financeiro. O software de negocia\u00e7\u00e3o autom\u00e1tica pode assumir posi\u00e7\u00f5es no mercado a uma velocidade muito alta para gerar lucros de maneiras que os comerciantes humanos n\u00e3o podem. Esses programas de negocia\u00e7\u00e3o automatizados geram ordens de compra e ordens de venda de ativos com base em v\u00e1rias regras predefinidas. Esses algoritmos de negocia\u00e7\u00e3o geralmente s\u00e3o baseados em an\u00e1lises t\u00e9cnicas e gr\u00e1ficos, v\u00e1rios c\u00e1lculos matem\u00e1ticos complexos, bem como estat\u00edsticas ou dados de v\u00e1rias fontes. O objetivo do software de negocia\u00e7\u00e3o autom\u00e1tica \u00e9 aplicar estrat\u00e9gias de negocia\u00e7\u00e3o automaticamente para ajudar os comerciantes a gerenciar suas emo\u00e7\u00f5es e ganhar mais dinheiro nos mercados.<\/p>\n\n\n\n<p>A negocia\u00e7\u00e3o automatizada e o uso de rob\u00f4s de negocia\u00e7\u00e3o n\u00e3o s\u00e3o novos.&nbsp;Este conceito foi introduzido pela primeira vez por Richard Donchian na d\u00e9cada de 1949, quando ele usou um conjunto de regras de um computador para comprar e vender fundos.&nbsp;No entanto, os avan\u00e7os tecnol\u00f3gicos e o advento da internet e plataformas online para especula\u00e7\u00e3o nos mercados financeiros contribu\u00edram para sua democratiza\u00e7\u00e3o entre investidores de todos os tipos.&nbsp;Atualmente, estima-se que 70 a 80% das transa\u00e7\u00f5es do mercado financeiro sejam feitas por meio de sistemas de negocia\u00e7\u00e3o algor\u00edtmicos.&nbsp;Rob\u00f4s de negocia\u00e7\u00e3o e sistemas de negocia\u00e7\u00e3o automatizados agora s\u00e3o usados \u200b\u200bpor traders profissionais ou amadores que desejam automatizar suas estrat\u00e9gias de negocia\u00e7\u00e3o para obter melhores retornos no mercado financeiro.<\/p>\n\n\n\n<h2 class=\"wp-block-heading\">Um rob\u00f4 de trading melhora o desempenho de negocia\u00e7\u00e3o?<\/h2>\n\n\n\n<p>O bot de trading e o software de negocia\u00e7\u00e3o automatizado s\u00e3o projetados para melhorar a pr\u00e1tica da estrat\u00e9gia de negocia\u00e7\u00e3o e melhorar a velocidade de execu\u00e7\u00e3o de pedidos.&nbsp;No entanto, os rob\u00f4s de negocia\u00e7\u00e3o n\u00e3o s\u00e3o infal\u00edveis como qualquer outro m\u00e9todo de negocia\u00e7\u00e3o.&nbsp;Seguindo as tend\u00eancias do mercado, volatilidade e configura\u00e7\u00f5es do rob\u00f4, os resultados podem flutuar e se tornar menos (ou mais) lucrativos ao longo do tempo.&nbsp;Os bots de negocia\u00e7\u00e3o devem, portanto, ser constantemente monitorados e testados para avaliar sua lucratividade e desempenho ao longo do tempo.<\/p>\n\n\n\n<h2 class=\"wp-block-heading\">Benef\u00edcios da negocia\u00e7\u00e3o automatizada<\/h2>\n\n\n\n<p>A negocia\u00e7\u00e3o automatizada oferece muitas vantagens para o trader que usa um rob\u00f4 de negocia\u00e7\u00e3o:<\/p>\n\n\n\n<ul><li>Velocidade muito alta de execu\u00e7\u00e3o de ordens de compra e venda<\/li><li>Redu\u00e7\u00e3o do risco de erros devido a fatores emocionais e psicol\u00f3gicos.<\/li><li>O rob\u00f4 de negocia\u00e7\u00e3o pode ser testado com dados hist\u00f3ricos e em tempo real para verificar uma estrat\u00e9gia de negocia\u00e7\u00e3o.<\/li><li>Risco reduzido de erros manuais ao fazer neg\u00f3cios.<\/li><li>As posi\u00e7\u00f5es s\u00e3o executadas aos melhores pre\u00e7os poss\u00edveis<\/li><\/ul>\n\n\n\n<h2 class=\"wp-block-heading\">Como automatizar suas estrat\u00e9gias favoritas para negocia\u00e7\u00e3o de op\u00e7\u00f5es bin\u00e1rias?<\/h2>\n\n\n\n<figure class=\"wp-block-image\"><img decoding=\"async\" src=\"https:\/\/binary-option.co\/wp-content\/uploads\/2021\/06\/Dbot-Trading-robot-1024x584.png\" alt=\"\" class=\"wp-image-590\"\/><figcaption>Rob\u00f4 de negocia\u00e7\u00e3o Dbot da Deriv<\/figcaption><\/figure>\n\n\n\n<p>Alguns corretores como Binary.com e Deriv permitem que voc\u00ea configure rob\u00f4s de negocia\u00e7\u00e3o diretamente de seu site.<\/p>\n\n\n\n<p>A plataforma Binary Bot e as ferramentas de programa\u00e7\u00e3o de rob\u00f4s de trading fornecidas por essas corretoras oferecem a capacidade de criar facilmente aplicativos de negocia\u00e7\u00e3o autom\u00e1tica com uma simples fun\u00e7\u00e3o de arrastar e soltar e testar suas estrat\u00e9gias com a conta virtual.<\/p>\n\n\n\n<p>Gra\u00e7as a esta ferramenta de negocia\u00e7\u00e3o automatizada, voc\u00ea pode criar um n\u00famero quase ilimitado de bots de negocia\u00e7\u00e3o de op\u00e7\u00f5es bin\u00e1rias, com f\u00f3rmulas e fun\u00e7\u00f5es incrivelmente simples para os algoritmos de negocia\u00e7\u00e3o mais complexos.&nbsp;Em seguida, deixe seu bot de negocia\u00e7\u00e3o negociar automaticamente para voc\u00ea, mesmo enquanto voc\u00ea dorme.<\/p>\n\n\n\n<p>A corretora Binary.com e Deriv tamb\u00e9m oferece a oportunidade de vender seus rob\u00f4s de negocia\u00e7\u00e3o para outro trader em sua loja. Voc\u00ea pode receber at\u00e9 80% de cada compra do seu rob\u00f4 de negocia\u00e7\u00e3o em sua loja de aplicativos.<\/p>\n\n\n\n<h2 class=\"wp-block-heading\">Software de negocia\u00e7\u00e3o autom\u00e1tica<\/h2>\n\n\n\n<p>O software de negocia\u00e7\u00e3o autom\u00e1tica \u00e9 um software que tem semelhan\u00e7as com os rob\u00f4s de negocia\u00e7\u00e3o.&nbsp;Esses softwares requerem configura\u00e7\u00e3o e ajustes para aplicar uma estrat\u00e9gia de negocia\u00e7\u00e3o automaticamente no mercado.&nbsp;Uma vez que as configura\u00e7\u00f5es estejam configuradas, o software de negocia\u00e7\u00e3o autom\u00e1tica aplicar\u00e1 as negocia\u00e7\u00f5es de acordo com suas prefer\u00eancias, como o tipo de ativos, o tamanho de seus investimentos e o n\u00edvel de risco que voc\u00ea pode arcar.<\/p>\n\n\n\n<h2 class=\"wp-block-heading\">Sinais de negocia\u00e7\u00e3o<\/h2>\n\n\n\n<p>Os sinais de negocia\u00e7\u00e3o s\u00e3o informa\u00e7\u00f5es sobre a compra e venda de um ativo seguindo estrat\u00e9gias de negocia\u00e7\u00e3o pr\u00e9-definidas.&nbsp;Os sinais de negocia\u00e7\u00e3o tamb\u00e9m t\u00eam grande semelhan\u00e7a com os rob\u00f4s de negocia\u00e7\u00e3o.&nbsp;A \u00fanica diferen\u00e7a \u00e9 que s\u00e3o apenas informa\u00e7\u00f5es sobre compra e venda de ativos que devem ser executadas pelo pr\u00f3prio trader.&nbsp;Alguns rob\u00f4s de negocia\u00e7\u00e3o tamb\u00e9m t\u00eam uma fun\u00e7\u00e3o de sinal, deixando ao trader a liberdade de executar negocia\u00e7\u00f5es em vez de execut\u00e1-las automaticamente.<\/p>\n\n\n\n<h2 class=\"wp-block-heading\">Copy Trading<\/h2>\n\n\n\n<p>O Copy Trading \u00e9 uma forma de negocia\u00e7\u00e3o automatizada que d\u00e1 a oportunidade de executar negocia\u00e7\u00f5es automaticamente seguindo as posi\u00e7\u00f5es de outros traders.&nbsp;Existem servi\u00e7os de corretagem on-line que abrem neg\u00f3cios com base nos de outros comerciantes.&nbsp;Essas corretoras on-line fornecem uma lista de traders que podem ser copiados e publicam seu desempenho.&nbsp;Os usu\u00e1rios da plataforma de negocia\u00e7\u00e3o de c\u00f3pias podem optar por copiar certos traders com base em diferentes crit\u00e9rios pessoais, como n\u00edvel de risco e investimento.<\/p>\n\n\n\n<h2 class=\"wp-block-heading\">Golpes relacionados a rob\u00f4s de negocia\u00e7\u00e3o e negocia\u00e7\u00e3o autom\u00e1tica<\/h2>\n\n\n\n<p>Embora existam rob\u00f4s de negocia\u00e7\u00e3o confi\u00e1veis, h\u00e1 muitos que n\u00e3o s\u00e3o.&nbsp;Na ind\u00fastria de com\u00e9rcio on-line, h\u00e1 muitos golpes relacionados a rob\u00f4s de negocia\u00e7\u00e3o e muitos comerciantes novatos caem na armadilha de prometer ganhos r\u00e1pidos de golpes de negocia\u00e7\u00e3o de rob\u00f4s.&nbsp;Sempre leve em considera\u00e7\u00e3o que os rob\u00f4s de negocia\u00e7\u00e3o n\u00e3o s\u00e3o sistemas infal\u00edveis e us\u00e1-los pode aumentar seus lucros, mas tamb\u00e9m aumentar seus n\u00edveis de risco.&nbsp;A negocia\u00e7\u00e3o autom\u00e1tica \u00e9 um neg\u00f3cio maduro para muitos golpes.<\/p>\n\n\n\n<p>Os golpes de negocia\u00e7\u00e3o autom\u00e1tica geralmente visam traders iniciantes ou pessoas que n\u00e3o t\u00eam o conhecimento de negocia\u00e7\u00e3o necess\u00e1rio, prometendo-lhes grandes ganhos ou dizendo que \u00e9 livre de riscos.&nbsp;Porque esse tipo de pessoa \u00e9 muito mais ing\u00eanua e f\u00e1cil de manipular e, portanto, s\u00e3o os principais alvos dos bandidos.<\/p>\n\n\n\n<p>Os fornecedores de rob\u00f4s desonestos justificar\u00e3o suas perdas pelo uso indevido do rob\u00f4 e n\u00e3o aceitar\u00e3o qualquer responsabilidade.<\/p>\n\n\n\n<p>Os golpes geralmente prometem lucros garantidos ou muito altos e falta transpar\u00eancia (resultados que voc\u00ea n\u00e3o pode verificar).<\/p>\n\n\n\n<p>Voc\u00ea deve estar sempre em guarda e ter muito cuidado ao negociar com bots de negocia\u00e7\u00e3o, pois h\u00e1 um risco muito alto de fraudes com esse tipo de negocia\u00e7\u00e3o.<\/p>\n","protected":false},"excerpt":{"rendered":"<p>Neste artigo, explicaremos como os rob\u00f4s de negocia\u00e7\u00e3o funcionam e apresentaremos os melhores rob\u00f4s de negocia\u00e7\u00e3o para o ano de 2023. Tamb\u00e9m faremos um tour completo por tudo o que voc\u00ea precisa saber como usu\u00e1rio desses sistemas de negocia\u00e7\u00e3o automatizados. Tamb\u00e9m veremos como abrir uma conta demo para experimentar um rob\u00f4 de negocia\u00e7\u00e3o e testar [&hellip;]<\/p>\n","protected":false},"author":1,"featured_media":0,"parent":0,"menu_order":0,"comment_status":"closed","ping_status":"closed","template":"","meta":{"footnotes":""},"yoast_head":"<!-- This site is optimized with the Yoast SEO plugin v21.9.1 - https:\/\/yoast.com\/wordpress\/plugins\/seo\/ -->\n<title>Rob\u00f4s de op\u00e7\u00f5es bin\u00e1rias: Os melhores Robo Binario - binary-option.co Brazil<\/title>\n<meta name=\"robots\" content=\"index, follow, max-snippet:-1, max-image-preview:large, max-video-preview:-1\" \/>\n<link rel=\"canonical\" href=\"https:\/\/binary-option.co\/br\/robos\/\" \/>\n<meta property=\"og:locale\" content=\"pt_BR\" \/>\n<meta property=\"og:type\" content=\"article\" \/>\n<meta property=\"og:title\" content=\"Rob\u00f4s de op\u00e7\u00f5es bin\u00e1rias: Os melhores Robo Binario - binary-option.co Brazil\" \/>\n<meta property=\"og:description\" content=\"Neste artigo, explicaremos como os rob\u00f4s de negocia\u00e7\u00e3o funcionam e apresentaremos os melhores rob\u00f4s de negocia\u00e7\u00e3o para o ano de 2023. Tamb\u00e9m faremos um tour completo por tudo o que voc\u00ea precisa saber como usu\u00e1rio desses sistemas de negocia\u00e7\u00e3o automatizados. Tamb\u00e9m veremos como abrir uma conta demo para experimentar um rob\u00f4 de negocia\u00e7\u00e3o e testar [&hellip;]\" \/>\n<meta property=\"og:url\" content=\"https:\/\/binary-option.co\/br\/robos\/\" \/>\n<meta property=\"og:site_name\" content=\"binary-option.co Brazil\" \/>\n<meta property=\"article:modified_time\" content=\"2023-01-14T18:20:48+00:00\" \/>\n<meta property=\"og:image\" content=\"https:\/\/binary-option.co\/wp-content\/uploads\/2021\/06\/Dbot-Trading-robot-1024x584.png\" \/>\n<meta name=\"twitter:card\" content=\"summary_large_image\" \/>\n<meta name=\"twitter:label1\" content=\"Est. tempo de leitura\" \/>\n\t<meta name=\"twitter:data1\" content=\"6 minutos\" \/>\n<script type=\"application\/ld+json\" class=\"yoast-schema-graph\">{\"@context\":\"https:\/\/schema.org\",\"@graph\":[{\"@type\":\"WebPage\",\"@id\":\"https:\/\/binary-option.co\/br\/robos\/\",\"url\":\"https:\/\/binary-option.co\/br\/robos\/\",\"name\":\"Rob\u00f4s de op\u00e7\u00f5es bin\u00e1rias: Os melhores Robo Binario - binary-option.co Brazil\",\"isPartOf\":{\"@id\":\"https:\/\/binary-option.co\/br\/#website\"},\"datePublished\":\"2020-09-03T17:14:30+00:00\",\"dateModified\":\"2023-01-14T18:20:48+00:00\",\"breadcrumb\":{\"@id\":\"https:\/\/binary-option.co\/br\/robos\/#breadcrumb\"},\"inLanguage\":\"pt-BR\",\"potentialAction\":[{\"@type\":\"ReadAction\",\"target\":[\"https:\/\/binary-option.co\/br\/robos\/\"]}]},{\"@type\":\"BreadcrumbList\",\"@id\":\"https:\/\/binary-option.co\/br\/robos\/#breadcrumb\",\"itemListElement\":[{\"@type\":\"ListItem\",\"position\":1,\"name\":\"Home\",\"item\":\"https:\/\/binary-option.co\/br\/\"},{\"@type\":\"ListItem\",\"position\":2,\"name\":\"Rob\u00f4s de op\u00e7\u00f5es bin\u00e1rias: Os melhores Robo Binario\"}]},{\"@type\":\"WebSite\",\"@id\":\"https:\/\/binary-option.co\/br\/#website\",\"url\":\"https:\/\/binary-option.co\/br\/\",\"name\":\"binary-option.co Brazil\",\"description\":\"Guia de op\u00e7\u00f5es bin\u00e1rias para iniciantes\",\"publisher\":{\"@id\":\"https:\/\/binary-option.co\/br\/#organization\"},\"potentialAction\":[{\"@type\":\"SearchAction\",\"target\":{\"@type\":\"EntryPoint\",\"urlTemplate\":\"https:\/\/binary-option.co\/br\/?s={search_term_string}\"},\"query-input\":\"required name=search_term_string\"}],\"inLanguage\":\"pt-BR\"},{\"@type\":\"Organization\",\"@id\":\"https:\/\/binary-option.co\/br\/#organization\",\"name\":\"binary-option.co Brazil\",\"url\":\"https:\/\/binary-option.co\/br\/\",\"logo\":{\"@type\":\"ImageObject\",\"inLanguage\":\"pt-BR\",\"@id\":\"https:\/\/binary-option.co\/br\/#\/schema\/logo\/image\/\",\"url\":\"https:\/\/binary-option.co\/br\/wp-content\/uploads\/sites\/14\/2020\/12\/binary-option.co_.png\",\"contentUrl\":\"https:\/\/binary-option.co\/br\/wp-content\/uploads\/sites\/14\/2020\/12\/binary-option.co_.png\",\"width\":398,\"height\":66,\"caption\":\"binary-option.co Brazil\"},\"image\":{\"@id\":\"https:\/\/binary-option.co\/br\/#\/schema\/logo\/image\/\"}}]}<\/script>\n<!-- \/ Yoast SEO plugin. -->","yoast_head_json":{"title":"Rob\u00f4s de op\u00e7\u00f5es bin\u00e1rias: Os melhores Robo Binario - binary-option.co Brazil","robots":{"index":"index","follow":"follow","max-snippet":"max-snippet:-1","max-image-preview":"max-image-preview:large","max-video-preview":"max-video-preview:-1"},"canonical":"https:\/\/binary-option.co\/br\/robos\/","og_locale":"pt_BR","og_type":"article","og_title":"Rob\u00f4s de op\u00e7\u00f5es bin\u00e1rias: Os melhores Robo Binario - binary-option.co Brazil","og_description":"Neste artigo, explicaremos como os rob\u00f4s de negocia\u00e7\u00e3o funcionam e apresentaremos os melhores rob\u00f4s de negocia\u00e7\u00e3o para o ano de 2023. Tamb\u00e9m faremos um tour completo por tudo o que voc\u00ea precisa saber como usu\u00e1rio desses sistemas de negocia\u00e7\u00e3o automatizados. Tamb\u00e9m veremos como abrir uma conta demo para experimentar um rob\u00f4 de negocia\u00e7\u00e3o e testar [&hellip;]","og_url":"https:\/\/binary-option.co\/br\/robos\/","og_site_name":"binary-option.co Brazil","article_modified_time":"2023-01-14T18:20:48+00:00","og_image":[{"url":"https:\/\/binary-option.co\/wp-content\/uploads\/2021\/06\/Dbot-Trading-robot-1024x584.png"}],"twitter_card":"summary_large_image","twitter_misc":{"Est. tempo de leitura":"6 minutos"},"schema":{"@context":"https:\/\/schema.org","@graph":[{"@type":"WebPage","@id":"https:\/\/binary-option.co\/br\/robos\/","url":"https:\/\/binary-option.co\/br\/robos\/","name":"Rob\u00f4s de op\u00e7\u00f5es bin\u00e1rias: Os melhores Robo Binario - binary-option.co Brazil","isPartOf":{"@id":"https:\/\/binary-option.co\/br\/#website"},"datePublished":"2020-09-03T17:14:30+00:00","dateModified":"2023-01-14T18:20:48+00:00","breadcrumb":{"@id":"https:\/\/binary-option.co\/br\/robos\/#breadcrumb"},"inLanguage":"pt-BR","potentialAction":[{"@type":"ReadAction","target":["https:\/\/binary-option.co\/br\/robos\/"]}]},{"@type":"BreadcrumbList","@id":"https:\/\/binary-option.co\/br\/robos\/#breadcrumb","itemListElement":[{"@type":"ListItem","position":1,"name":"Home","item":"https:\/\/binary-option.co\/br\/"},{"@type":"ListItem","position":2,"name":"Rob\u00f4s de op\u00e7\u00f5es bin\u00e1rias: Os melhores Robo Binario"}]},{"@type":"WebSite","@id":"https:\/\/binary-option.co\/br\/#website","url":"https:\/\/binary-option.co\/br\/","name":"binary-option.co Brazil","description":"Guia de op\u00e7\u00f5es bin\u00e1rias para iniciantes","publisher":{"@id":"https:\/\/binary-option.co\/br\/#organization"},"potentialAction":[{"@type":"SearchAction","target":{"@type":"EntryPoint","urlTemplate":"https:\/\/binary-option.co\/br\/?s={search_term_string}"},"query-input":"required name=search_term_string"}],"inLanguage":"pt-BR"},{"@type":"Organization","@id":"https:\/\/binary-option.co\/br\/#organization","name":"binary-option.co Brazil","url":"https:\/\/binary-option.co\/br\/","logo":{"@type":"ImageObject","inLanguage":"pt-BR","@id":"https:\/\/binary-option.co\/br\/#\/schema\/logo\/image\/","url":"https:\/\/binary-option.co\/br\/wp-content\/uploads\/sites\/14\/2020\/12\/binary-option.co_.png","contentUrl":"https:\/\/binary-option.co\/br\/wp-content\/uploads\/sites\/14\/2020\/12\/binary-option.co_.png","width":398,"height":66,"caption":"binary-option.co Brazil"},"image":{"@id":"https:\/\/binary-option.co\/br\/#\/schema\/logo\/image\/"}}]}},"_links":{"self":[{"href":"https:\/\/binary-option.co\/br\/wp-json\/wp\/v2\/pages\/16"}],"collection":[{"href":"https:\/\/binary-option.co\/br\/wp-json\/wp\/v2\/pages"}],"about":[{"href":"https:\/\/binary-option.co\/br\/wp-json\/wp\/v2\/types\/page"}],"author":[{"embeddable":true,"href":"https:\/\/binary-option.co\/br\/wp-json\/wp\/v2\/users\/1"}],"replies":[{"embeddable":true,"href":"https:\/\/binary-option.co\/br\/wp-json\/wp\/v2\/comments?post=16"}],"version-history":[{"count":3,"href":"https:\/\/binary-option.co\/br\/wp-json\/wp\/v2\/pages\/16\/revisions"}],"predecessor-version":[{"id":382,"href":"https:\/\/binary-option.co\/br\/wp-json\/wp\/v2\/pages\/16\/revisions\/382"}],"wp:attachment":[{"href":"https:\/\/binary-option.co\/br\/wp-json\/wp\/v2\/media?parent=16"}],"curies":[{"name":"wp","href":"https:\/\/api.w.org\/{rel}","templated":true}]}}