{"id":14,"date":"2020-09-03T19:11:36","date_gmt":"2020-09-03T17:11:36","guid":{"rendered":"http:\/\/opcoesbinariasnobrasil.com\/?page_id=14"},"modified":"2020-09-03T19:11:36","modified_gmt":"2020-09-03T17:11:36","slug":"sinais","status":"publish","type":"page","link":"https:\/\/binary-option.co\/br\/sinais\/","title":{"rendered":"Sinais Opc\u0327o\u0303es Bina\u0301rias"},"content":{"rendered":"\n<p>N\u00e3o faz sentido escolher o caminho mais dif\u00edcil quando voc\u00ea pode colher os benef\u00edcios de negociar op\u00e7\u00f5es bin\u00e1rias ao se associar a provedores de sinais. Os especialistas monitorar\u00e3o o mercado para identificar as tend\u00eancias assim que surgirem e, em seguida, fornecer\u00e3o um sinal oportuno e preciso. Saber quais provedores de sinais de op\u00e7\u00f5es bin\u00e1rias s\u00e3o os melhores ajudar\u00e1 os comerciantes a restringir a pesquisa e tomar uma decis\u00e3o informada.<\/p>\n\n\n\n<p>Testamos mais de 50 provedores de sinais de op\u00e7\u00f5es bin\u00e1rias e estamos felizes em apresentar uma compara\u00e7\u00e3o entre os 5 principais provedores de sinais de op\u00e7\u00f5es bin\u00e1rias selecionados. Nossa compara\u00e7\u00e3o \u00e9 muito abrangente e extensa, ent\u00e3o voc\u00ea poder\u00e1 escolher um provedor de sinais realmente profissional.<\/p>\n\n\n\n<p>Negocia\u00e7\u00e3o de op\u00e7\u00f5es bin\u00e1rias \u00e9 o mais recente participante na negocia\u00e7\u00e3o de a\u00e7\u00f5es, commodities, \u00edndices e pares de moedas. Sinais de op\u00e7\u00f5es bin\u00e1rias s\u00e3o alertas comerciais dados por analistas profissionais para itens espec\u00edficos das mesmas.<\/p>\n\n\n\n<h2 class=\"wp-block-heading\">O que s\u00e3o sinais de op\u00e7\u00f5es bin\u00e1rias?<\/h2>\n\n\n\n<p>Um sinal de op\u00e7\u00f5es bin\u00e1rias \u00e9 um alerta comercial para os mercados de moeda, commodity, a\u00e7\u00f5es ou \u00edndices ou Bitcoin e criptomoeda. O pre\u00e7o deste servi\u00e7o pode ir de gr\u00e1tis a uma m\u00e9dia mensal de $ 299 ou mais, dependendo do indiv\u00edduo ou empresa que o fornece. Existem tamb\u00e9m alguns pacotes que oferecem acesso de longo prazo por taxas de assinatura mensal mais baratas. Nesse caso, o piso \u00e9 em torno de US $ 100 e chega a v\u00e1rias centenas de d\u00f3lares por m\u00eas.<\/p>\n\n\n\n<p>Os servi\u00e7os que voc\u00ea recebe ao se inscrever em sala de sinais op\u00e7\u00f5es binarias variam de empresa para empresa. Voc\u00ea pode esperar receber qualquer coisa, desde sms, e-mail e alertas online, at\u00e9 suporte ao cliente por e-mail ou telefone, e an\u00e1lises avan\u00e7adas em algumas das ofertas mais sofisticadas. Visto que os provedores de sinais de op\u00e7\u00f5es bin\u00e1rias devem proteger suas estrat\u00e9gias, negociar com eles envolve algum grau de confian\u00e7a cega na empresa ou indiv\u00edduo por tr\u00e1s dos sinais emitidos.<\/p>\n\n\n\n<h2 class=\"wp-block-heading\">Utilidade dos sala de sinais de op\u00e7\u00f5es bin\u00e1rias<\/h2>\n\n\n\n<p>Os novos operadores n\u00e3o precisam gastar grande parte do seu tempo em an\u00e1lises de pesquisas, para a tomada de decis\u00f5es. Eles podem aproveitar as vantagens dos servi\u00e7os de sinais de op\u00e7\u00f5es bin\u00e1rias, que s\u00e3o muito simples e f\u00e1ceis de entender. O ponto crucial desses servi\u00e7os de sinais \u00e9 observar o operador especialista em a\u00e7\u00e3o. O novo negociante pode facilmente conhecer as nuances da opera\u00e7\u00e3o observando um profissional percorrendo toda a opera\u00e7\u00e3o.<\/p>\n\n\n\n<p>Todas as coisas que acontecem na tela s\u00e3o cristalinas, f\u00e1ceis para o novo participante entender e acompanhar. As negocia\u00e7\u00f5es reais s\u00e3o realizadas e o negociador pode entender os motivos das a\u00e7\u00f5es tomadas pelo especialista, nessas situa\u00e7\u00f5es.<\/p>\n\n\n\n<p>Todas as negocia\u00e7\u00f5es de op\u00e7\u00f5es bin\u00e1rias n\u00e3o s\u00e3o, entretanto, 100% bem-sucedidas; mas um profissional habilidoso pode facilmente obter uma taxa de sucesso de cerca de 85%. Isso significa que pode haver ocasi\u00f5es em que o profissional pode dar errado; mas isso constitui experi\u00eancias de aprendizagem. \u00c9 fundamental concentrar-se nos ganhos alcan\u00e7ados e n\u00e3o nos reveses.<\/p>\n\n\n\n<p>As a\u00e7\u00f5es de negocia\u00e7\u00e3o do profissional podem ser vistas no PC ou smartphone do trader. Os detalhes sobre a negocia\u00e7\u00e3o, como o ativo no qual a oferta \u00e9 feita e o motivo da escolha, s\u00e3o fornecidos com anteced\u00eancia. Isso d\u00e1 conhecimento de insights de com\u00e9rcio para o novato, ajudando-o, enquanto negocia por conta pr\u00f3pria.<\/p>\n\n\n\n<p>Uma das grandes vantagens deste servi\u00e7o \u00e9 que, o trader pode apenas copiar os atos do profissional que com certeza vai dar certo; desfrutando assim dos benef\u00edcios.<\/p>\n\n\n\n<h2 class=\"wp-block-heading\">Coisas a considerar<\/h2>\n\n\n\n<p>Quatro pontos devem ser mantidos em mente ao escolher o provedor de servi\u00e7os de sinal. Eles s\u00e3o:<\/p>\n\n\n\n<p>\u2022 Pre\u00e7os<\/p>\n\n\n\n<p>\u2022 Confiabilidade do provedor<\/p>\n\n\n\n<p>\u2022\tTaxa de sucesso<\/p>\n\n\n\n<p>\u2022 Per\u00edodo de assinatura<\/p>\n\n\n\n<p>O pre\u00e7o varia de $ 100 em enfermarias para um servi\u00e7o m\u00e9dio. No entanto, \u00e9 aconselh\u00e1vel fazer um &#8220;teste&#8221; de negocia\u00e7\u00e3o que \u00e9 conduzido em um ambiente de demonstra\u00e7\u00e3o antes de iniciar a negocia\u00e7\u00e3o real.<\/p>\n\n\n\n<p>Seja inteligente, use uma conta de demonstra\u00e7\u00e3o antes de fazer qualquer negocia\u00e7\u00e3o ao vivo com qualquer servi\u00e7o de sinal<\/p>\n\n\n\n<p>A assinatura de sinais de negocia\u00e7\u00e3o de op\u00e7\u00f5es bin\u00e1rias \u00e9 uma \u00f3tima maneira de diversificar sua negocia\u00e7\u00e3o, refletindo as negocia\u00e7\u00f5es de um sistema ou negociador com um bom hist\u00f3rico. Ao escolher um servi\u00e7o de sinal de negocia\u00e7\u00e3o de op\u00e7\u00f5es bin\u00e1rias, \u00e9 muito importante encontrar um provedor confi\u00e1vel que n\u00e3o manipule os resultados e fa\u00e7a declara\u00e7\u00f5es falsas. Geralmente, voc\u00ea pode ver que esse \u00e9 o caso quando os resultados parecem bons demais para ser verdade.<\/p>\n\n\n\n<p>A credibilidade das muitas op\u00e7\u00f5es na web varia amplamente, como costuma ser o caso com qualquer coisa relacionada ao lucrativo mercado de c\u00e2mbio. Talvez seja uma boa ideia abordar quaisquer reivindica\u00e7\u00f5es com taxas de sucesso de 85-100 por cento com uma pitada de sal, apesar de sua onipresen\u00e7a no mundo do com\u00e9rcio online. Mas existem algumas empresas que fornecem informa\u00e7\u00f5es e alertas genuinamente valiosos aos clientes.<\/p>\n\n\n\n<p>Lembre-se de que sua capacidade de explorar com sucesso os sinais de op\u00e7\u00f5es bin\u00e1rias recebidos depende muito da efici\u00eancia do servi\u00e7o do seu corretor. Especialmente com negocia\u00e7\u00f5es baseadas em not\u00edcias, voc\u00ea deve agir rapidamente, enquanto se certifica de que quaisquer problemas relacionados a tempos de alto volume em que ocorrem spreads ser\u00e3o m\u00ednimos.<\/p>\n\n\n\n<h2 class=\"wp-block-heading\">A palavra final: Nossas opini\u00f5es sobre os sinais de op\u00e7\u00f5es binarias<\/h2>\n\n\n\n<p>Se voc\u00ea usar\u00e1 ou n\u00e3o sinais de op\u00e7\u00f5es bin\u00e1rias, depender\u00e1 principalmente de seu personagem e de seu plano de negocia\u00e7\u00e3o. Se voc\u00ea \u00e9 um indiv\u00edduo altamente ativo, com pouco tempo para gastar em an\u00e1lise e estudo do mercado, os sinais de op\u00e7\u00f5es bin\u00e1rias constituem uma alternativa \u00e0 negocia\u00e7\u00e3o manual. No entanto, se voc\u00ea quiser aprender a mec\u00e2nica da negocia\u00e7\u00e3o, receber\u00e1 apenas um benef\u00edcio modesto ao se inscrever em alertas de sinaliza\u00e7\u00e3o de op\u00e7\u00f5es bin\u00e1rias. Para Resumir&nbsp;<\/p>\n\n\n\n<p>O trader novato se beneficia muito desses servi\u00e7os de sinais por meio dos alertas recebidos de profissionais experientes. Os traders experientes tamb\u00e9m conseguem refor\u00e7ar suas decis\u00f5es e torn\u00e1-los mais atentos \u00e0s a\u00e7\u00f5es, at\u00e9 ent\u00e3o n\u00e3o percebidos por eles. Portanto, o servi\u00e7o de sinais de op\u00e7\u00f5es bin\u00e1rias definitivamente vale a pena usei-os.<\/p>\n","protected":false},"excerpt":{"rendered":"<p>N\u00e3o faz sentido escolher o caminho mais dif\u00edcil quando voc\u00ea pode colher os benef\u00edcios de negociar op\u00e7\u00f5es bin\u00e1rias ao se associar a provedores de sinais. Os especialistas monitorar\u00e3o o mercado para identificar as tend\u00eancias assim que surgirem e, em seguida, fornecer\u00e3o um sinal oportuno e preciso. Saber quais provedores de sinais de op\u00e7\u00f5es bin\u00e1rias s\u00e3o [&hellip;]<\/p>\n","protected":false},"author":1,"featured_media":0,"parent":0,"menu_order":0,"comment_status":"closed","ping_status":"closed","template":"","meta":{"footnotes":""},"yoast_head":"<!-- This site is optimized with the Yoast SEO plugin v21.9.1 - https:\/\/yoast.com\/wordpress\/plugins\/seo\/ -->\n<title>Sinais Opc\u0327o\u0303es Bina\u0301rias - binary-option.co Brazil<\/title>\n<meta name=\"robots\" content=\"index, follow, max-snippet:-1, max-image-preview:large, max-video-preview:-1\" \/>\n<link rel=\"canonical\" href=\"https:\/\/binary-option.co\/br\/sinais\/\" \/>\n<meta property=\"og:locale\" content=\"pt_BR\" \/>\n<meta property=\"og:type\" content=\"article\" \/>\n<meta property=\"og:title\" content=\"Sinais Opc\u0327o\u0303es Bina\u0301rias - binary-option.co Brazil\" \/>\n<meta property=\"og:description\" content=\"N\u00e3o faz sentido escolher o caminho mais dif\u00edcil quando voc\u00ea pode colher os benef\u00edcios de negociar op\u00e7\u00f5es bin\u00e1rias ao se associar a provedores de sinais. Os especialistas monitorar\u00e3o o mercado para identificar as tend\u00eancias assim que surgirem e, em seguida, fornecer\u00e3o um sinal oportuno e preciso. Saber quais provedores de sinais de op\u00e7\u00f5es bin\u00e1rias s\u00e3o [&hellip;]\" \/>\n<meta property=\"og:url\" content=\"https:\/\/binary-option.co\/br\/sinais\/\" \/>\n<meta property=\"og:site_name\" content=\"binary-option.co Brazil\" \/>\n<meta name=\"twitter:card\" content=\"summary_large_image\" \/>\n<meta name=\"twitter:label1\" content=\"Est. tempo de leitura\" \/>\n\t<meta name=\"twitter:data1\" content=\"6 minutos\" \/>\n<script type=\"application\/ld+json\" class=\"yoast-schema-graph\">{\"@context\":\"https:\/\/schema.org\",\"@graph\":[{\"@type\":\"WebPage\",\"@id\":\"https:\/\/binary-option.co\/br\/sinais\/\",\"url\":\"https:\/\/binary-option.co\/br\/sinais\/\",\"name\":\"Sinais Opc\u0327o\u0303es Bina\u0301rias - binary-option.co Brazil\",\"isPartOf\":{\"@id\":\"https:\/\/binary-option.co\/br\/#website\"},\"datePublished\":\"2020-09-03T17:11:36+00:00\",\"dateModified\":\"2020-09-03T17:11:36+00:00\",\"breadcrumb\":{\"@id\":\"https:\/\/binary-option.co\/br\/sinais\/#breadcrumb\"},\"inLanguage\":\"pt-BR\",\"potentialAction\":[{\"@type\":\"ReadAction\",\"target\":[\"https:\/\/binary-option.co\/br\/sinais\/\"]}]},{\"@type\":\"BreadcrumbList\",\"@id\":\"https:\/\/binary-option.co\/br\/sinais\/#breadcrumb\",\"itemListElement\":[{\"@type\":\"ListItem\",\"position\":1,\"name\":\"Home\",\"item\":\"https:\/\/binary-option.co\/br\/\"},{\"@type\":\"ListItem\",\"position\":2,\"name\":\"Sinais Opc\u0327o\u0303es Bina\u0301rias\"}]},{\"@type\":\"WebSite\",\"@id\":\"https:\/\/binary-option.co\/br\/#website\",\"url\":\"https:\/\/binary-option.co\/br\/\",\"name\":\"binary-option.co Brazil\",\"description\":\"Guia de op\u00e7\u00f5es bin\u00e1rias para iniciantes\",\"publisher\":{\"@id\":\"https:\/\/binary-option.co\/br\/#organization\"},\"potentialAction\":[{\"@type\":\"SearchAction\",\"target\":{\"@type\":\"EntryPoint\",\"urlTemplate\":\"https:\/\/binary-option.co\/br\/?s={search_term_string}\"},\"query-input\":\"required name=search_term_string\"}],\"inLanguage\":\"pt-BR\"},{\"@type\":\"Organization\",\"@id\":\"https:\/\/binary-option.co\/br\/#organization\",\"name\":\"binary-option.co Brazil\",\"url\":\"https:\/\/binary-option.co\/br\/\",\"logo\":{\"@type\":\"ImageObject\",\"inLanguage\":\"pt-BR\",\"@id\":\"https:\/\/binary-option.co\/br\/#\/schema\/logo\/image\/\",\"url\":\"https:\/\/binary-option.co\/br\/wp-content\/uploads\/sites\/14\/2020\/12\/binary-option.co_.png\",\"contentUrl\":\"https:\/\/binary-option.co\/br\/wp-content\/uploads\/sites\/14\/2020\/12\/binary-option.co_.png\",\"width\":398,\"height\":66,\"caption\":\"binary-option.co Brazil\"},\"image\":{\"@id\":\"https:\/\/binary-option.co\/br\/#\/schema\/logo\/image\/\"}}]}<\/script>\n<!-- \/ Yoast SEO plugin. -->","yoast_head_json":{"title":"Sinais Opc\u0327o\u0303es Bina\u0301rias - binary-option.co Brazil","robots":{"index":"index","follow":"follow","max-snippet":"max-snippet:-1","max-image-preview":"max-image-preview:large","max-video-preview":"max-video-preview:-1"},"canonical":"https:\/\/binary-option.co\/br\/sinais\/","og_locale":"pt_BR","og_type":"article","og_title":"Sinais Opc\u0327o\u0303es Bina\u0301rias - binary-option.co Brazil","og_description":"N\u00e3o faz sentido escolher o caminho mais dif\u00edcil quando voc\u00ea pode colher os benef\u00edcios de negociar op\u00e7\u00f5es bin\u00e1rias ao se associar a provedores de sinais. Os especialistas monitorar\u00e3o o mercado para identificar as tend\u00eancias assim que surgirem e, em seguida, fornecer\u00e3o um sinal oportuno e preciso. Saber quais provedores de sinais de op\u00e7\u00f5es bin\u00e1rias s\u00e3o [&hellip;]","og_url":"https:\/\/binary-option.co\/br\/sinais\/","og_site_name":"binary-option.co Brazil","twitter_card":"summary_large_image","twitter_misc":{"Est. tempo de leitura":"6 minutos"},"schema":{"@context":"https:\/\/schema.org","@graph":[{"@type":"WebPage","@id":"https:\/\/binary-option.co\/br\/sinais\/","url":"https:\/\/binary-option.co\/br\/sinais\/","name":"Sinais Opc\u0327o\u0303es Bina\u0301rias - binary-option.co Brazil","isPartOf":{"@id":"https:\/\/binary-option.co\/br\/#website"},"datePublished":"2020-09-03T17:11:36+00:00","dateModified":"2020-09-03T17:11:36+00:00","breadcrumb":{"@id":"https:\/\/binary-option.co\/br\/sinais\/#breadcrumb"},"inLanguage":"pt-BR","potentialAction":[{"@type":"ReadAction","target":["https:\/\/binary-option.co\/br\/sinais\/"]}]},{"@type":"BreadcrumbList","@id":"https:\/\/binary-option.co\/br\/sinais\/#breadcrumb","itemListElement":[{"@type":"ListItem","position":1,"name":"Home","item":"https:\/\/binary-option.co\/br\/"},{"@type":"ListItem","position":2,"name":"Sinais Opc\u0327o\u0303es Bina\u0301rias"}]},{"@type":"WebSite","@id":"https:\/\/binary-option.co\/br\/#website","url":"https:\/\/binary-option.co\/br\/","name":"binary-option.co Brazil","description":"Guia de op\u00e7\u00f5es bin\u00e1rias para iniciantes","publisher":{"@id":"https:\/\/binary-option.co\/br\/#organization"},"potentialAction":[{"@type":"SearchAction","target":{"@type":"EntryPoint","urlTemplate":"https:\/\/binary-option.co\/br\/?s={search_term_string}"},"query-input":"required name=search_term_string"}],"inLanguage":"pt-BR"},{"@type":"Organization","@id":"https:\/\/binary-option.co\/br\/#organization","name":"binary-option.co Brazil","url":"https:\/\/binary-option.co\/br\/","logo":{"@type":"ImageObject","inLanguage":"pt-BR","@id":"https:\/\/binary-option.co\/br\/#\/schema\/logo\/image\/","url":"https:\/\/binary-option.co\/br\/wp-content\/uploads\/sites\/14\/2020\/12\/binary-option.co_.png","contentUrl":"https:\/\/binary-option.co\/br\/wp-content\/uploads\/sites\/14\/2020\/12\/binary-option.co_.png","width":398,"height":66,"caption":"binary-option.co Brazil"},"image":{"@id":"https:\/\/binary-option.co\/br\/#\/schema\/logo\/image\/"}}]}},"_links":{"self":[{"href":"https:\/\/binary-option.co\/br\/wp-json\/wp\/v2\/pages\/14"}],"collection":[{"href":"https:\/\/binary-option.co\/br\/wp-json\/wp\/v2\/pages"}],"about":[{"href":"https:\/\/binary-option.co\/br\/wp-json\/wp\/v2\/types\/page"}],"author":[{"embeddable":true,"href":"https:\/\/binary-option.co\/br\/wp-json\/wp\/v2\/users\/1"}],"replies":[{"embeddable":true,"href":"https:\/\/binary-option.co\/br\/wp-json\/wp\/v2\/comments?post=14"}],"version-history":[{"count":0,"href":"https:\/\/binary-option.co\/br\/wp-json\/wp\/v2\/pages\/14\/revisions"}],"wp:attachment":[{"href":"https:\/\/binary-option.co\/br\/wp-json\/wp\/v2\/media?parent=14"}],"curies":[{"name":"wp","href":"https:\/\/api.w.org\/{rel}","templated":true}]}}